{"id":564177,"date":"2025-10-15T17:09:15","date_gmt":"2025-10-15T15:09:15","guid":{"rendered":"https:\/\/perle-in.com\/produit\/couverture-recyclee-grs-dolly\/"},"modified":"2025-10-15T17:09:18","modified_gmt":"2025-10-15T15:09:18","slug":"couverture-recyclee-grs-dolly","status":"publish","type":"product","link":"https:\/\/perle-in.com\/en\/product\/couverture-recyclee-grs-dolly\/","title":{"rendered":"Couverture recycl\u00e9e GRS Dolly"},"content":{"rendered":"","protected":false},"excerpt":{"rendered":"<p>La couverture tricot\u00e9e Dolly ajoute chaleur et style \u00e0 tout espace de vie.<br \/>\nFabriqu\u00e9e \u00e0 partir d\u2019un m\u00e9lange doux mais durable de 90\u00a0% de polyester recycl\u00e9 certifi\u00e9 GRS et de 10\u00a0% d\u2019acrylique, elle offre un confort qui vous fait du bien. Avec ses 125 x 150\u00a0cm, c\u2019est la taille id\u00e9ale pour rester bien au chaud \u00e0 la maison, au bureau ou partout o\u00f9 vous avez besoin d\u2019une couche suppl\u00e9mentaire.<\/p>","protected":false},"featured_media":564170,"template":"","meta":{"_eb_attr":""},"product_brand":[],"product_cat":[151,150],"product_tag":[3644,134,837,3645,2654,1113,3643,836],"class_list":{"0":"post-564177","1":"product","2":"type-product","3":"status-publish","4":"has-post-thumbnail","6":"product_cat-couvertures","7":"product_cat-maison-et-cuisine","8":"product_tag-courtepointe","9":"product_tag-couverture","10":"product_tag-durable","11":"product_tag-edredon","12":"product_tag-grs","13":"product_tag-housse","14":"product_tag-jete","15":"product_tag-recycle","16":"pa_couleurs-beige","17":"pa_couleurs-bleu-fonce","18":"pa_couleurs-noir","19":"pa_green-points-2652","20":"pa_matiere-90-polyester-recycle-certifie-grs-et-10-acrylique","22":"first","23":"instock","24":"shipping-taxable","25":"purchasable","26":"product-type-variable"},"yoast_head":"<!-- This site is optimized with the Yoast SEO plugin v27.4 - https:\/\/yoast.com\/product\/yoast-seo-wordpress\/ -->\n<title>Couverture recycl\u00e9e GRS Dolly - PERLE IN<\/title>\n<meta name=\"robots\" content=\"noindex, follow, max-snippet:-1, max-image-preview:large, max-video-preview:-1\" \/>\n<meta property=\"og:locale\" content=\"en_US\" \/>\n<meta property=\"og:type\" content=\"article\" \/>\n<meta property=\"og:title\" content=\"Couverture recycl\u00e9e GRS Dolly - PERLE IN\" \/>\n<meta property=\"og:description\" content=\"La couverture tricot\u00e9e Dolly ajoute chaleur et style \u00e0 tout espace de vie. Fabriqu\u00e9e \u00e0 partir d\u2019un m\u00e9lange doux mais durable de 90\u00a0% de polyester recycl\u00e9 certifi\u00e9 GRS et de 10\u00a0% d\u2019acrylique, elle offre un confort qui vous fait du bien. Avec ses 125 x 150\u00a0cm, c\u2019est la taille id\u00e9ale pour rester bien au chaud \u00e0 la maison, au bureau ou partout o\u00f9 vous avez besoin d\u2019une couche suppl\u00e9mentaire.\" \/>\n<meta property=\"og:url\" content=\"https:\/\/perle-in.com\/en\/product\/couverture-recyclee-grs-dolly\/\" \/>\n<meta property=\"og:site_name\" content=\"PERLE IN\" \/>\n<meta property=\"article:modified_time\" content=\"2025-10-15T15:09:18+00:00\" \/>\n<meta property=\"og:image\" content=\"https:\/\/perle-in.com\/wp-content\/uploads\/2025\/10\/11332902-1.jpg\" \/>\n\t<meta property=\"og:image:width\" content=\"1600\" \/>\n\t<meta property=\"og:image:height\" content=\"1600\" \/>\n\t<meta property=\"og:image:type\" content=\"image\/jpeg\" \/>\n<meta name=\"twitter:card\" content=\"summary_large_image\" \/>\n<script type=\"application\/ld+json\" class=\"yoast-schema-graph\">{\"@context\":\"https:\\\/\\\/schema.org\",\"@graph\":[{\"@type\":\"WebPage\",\"@id\":\"https:\\\/\\\/perle-in.com\\\/produit\\\/couverture-recyclee-grs-dolly\\\/\",\"url\":\"https:\\\/\\\/perle-in.com\\\/produit\\\/couverture-recyclee-grs-dolly\\\/\",\"name\":\"Couverture recycl\u00e9e GRS Dolly - PERLE IN\",\"isPartOf\":{\"@id\":\"https:\\\/\\\/perle-in.com\\\/#website\"},\"primaryImageOfPage\":{\"@id\":\"https:\\\/\\\/perle-in.com\\\/produit\\\/couverture-recyclee-grs-dolly\\\/#primaryimage\"},\"image\":{\"@id\":\"https:\\\/\\\/perle-in.com\\\/produit\\\/couverture-recyclee-grs-dolly\\\/#primaryimage\"},\"thumbnailUrl\":\"https:\\\/\\\/perle-in.com\\\/wp-content\\\/uploads\\\/2025\\\/10\\\/11332902-1.jpg\",\"datePublished\":\"2025-10-15T15:09:15+00:00\",\"dateModified\":\"2025-10-15T15:09:18+00:00\",\"breadcrumb\":{\"@id\":\"https:\\\/\\\/perle-in.com\\\/produit\\\/couverture-recyclee-grs-dolly\\\/#breadcrumb\"},\"inLanguage\":\"en-CA\",\"potentialAction\":[{\"@type\":\"ReadAction\",\"target\":[\"https:\\\/\\\/perle-in.com\\\/produit\\\/couverture-recyclee-grs-dolly\\\/\"]}]},{\"@type\":\"ImageObject\",\"inLanguage\":\"en-CA\",\"@id\":\"https:\\\/\\\/perle-in.com\\\/produit\\\/couverture-recyclee-grs-dolly\\\/#primaryimage\",\"url\":\"https:\\\/\\\/perle-in.com\\\/wp-content\\\/uploads\\\/2025\\\/10\\\/11332902-1.jpg\",\"contentUrl\":\"https:\\\/\\\/perle-in.com\\\/wp-content\\\/uploads\\\/2025\\\/10\\\/11332902-1.jpg\",\"width\":1600,\"height\":1600},{\"@type\":\"BreadcrumbList\",\"@id\":\"https:\\\/\\\/perle-in.com\\\/produit\\\/couverture-recyclee-grs-dolly\\\/#breadcrumb\",\"itemListElement\":[{\"@type\":\"ListItem\",\"position\":1,\"name\":\"Accueil\",\"item\":\"https:\\\/\\\/perle-in.com\\\/\"},{\"@type\":\"ListItem\",\"position\":2,\"name\":\"Boutique\",\"item\":\"https:\\\/\\\/perle-in.com\\\/boutique\\\/\"},{\"@type\":\"ListItem\",\"position\":3,\"name\":\"Couverture recycl\u00e9e GRS Dolly\"}]},{\"@type\":\"WebSite\",\"@id\":\"https:\\\/\\\/perle-in.com\\\/#website\",\"url\":\"https:\\\/\\\/perle-in.com\\\/\",\"name\":\"PERLE IN\",\"description\":\"\",\"publisher\":{\"@id\":\"https:\\\/\\\/perle-in.com\\\/#organization\"},\"potentialAction\":[{\"@type\":\"SearchAction\",\"target\":{\"@type\":\"EntryPoint\",\"urlTemplate\":\"https:\\\/\\\/perle-in.com\\\/?s={search_term_string}\"},\"query-input\":{\"@type\":\"PropertyValueSpecification\",\"valueRequired\":true,\"valueName\":\"search_term_string\"}}],\"inLanguage\":\"en-CA\"},{\"@type\":\"Organization\",\"@id\":\"https:\\\/\\\/perle-in.com\\\/#organization\",\"name\":\"PERLE IN\",\"url\":\"https:\\\/\\\/perle-in.com\\\/\",\"logo\":{\"@type\":\"ImageObject\",\"inLanguage\":\"en-CA\",\"@id\":\"https:\\\/\\\/perle-in.com\\\/#\\\/schema\\\/logo\\\/image\\\/\",\"url\":\"https:\\\/\\\/perle-in.com\\\/wp-content\\\/uploads\\\/2022\\\/12\\\/LOGO-PERLE-IN-COULEUR@3x.webp\",\"contentUrl\":\"https:\\\/\\\/perle-in.com\\\/wp-content\\\/uploads\\\/2022\\\/12\\\/LOGO-PERLE-IN-COULEUR@3x.webp\",\"width\":1600,\"height\":490,\"caption\":\"PERLE IN\"},\"image\":{\"@id\":\"https:\\\/\\\/perle-in.com\\\/#\\\/schema\\\/logo\\\/image\\\/\"}}]}<\/script>\n<!-- \/ Yoast SEO plugin. -->","yoast_head_json":{"title":"Couverture recycl\u00e9e GRS Dolly - PERLE IN","robots":{"index":"noindex","follow":"follow","max-snippet":"max-snippet:-1","max-image-preview":"max-image-preview:large","max-video-preview":"max-video-preview:-1"},"og_locale":"en_US","og_type":"article","og_title":"Couverture recycl\u00e9e GRS Dolly - PERLE IN","og_description":"La couverture tricot\u00e9e Dolly ajoute chaleur et style \u00e0 tout espace de vie. Fabriqu\u00e9e \u00e0 partir d\u2019un m\u00e9lange doux mais durable de 90\u00a0% de polyester recycl\u00e9 certifi\u00e9 GRS et de 10\u00a0% d\u2019acrylique, elle offre un confort qui vous fait du bien. Avec ses 125 x 150\u00a0cm, c\u2019est la taille id\u00e9ale pour rester bien au chaud \u00e0 la maison, au bureau ou partout o\u00f9 vous avez besoin d\u2019une couche suppl\u00e9mentaire.","og_url":"https:\/\/perle-in.com\/en\/product\/couverture-recyclee-grs-dolly\/","og_site_name":"PERLE IN","article_modified_time":"2025-10-15T15:09:18+00:00","og_image":[{"width":1600,"height":1600,"url":"https:\/\/perle-in.com\/wp-content\/uploads\/2025\/10\/11332902-1.jpg","type":"image\/jpeg"}],"twitter_card":"summary_large_image","schema":{"@context":"https:\/\/schema.org","@graph":[{"@type":"WebPage","@id":"https:\/\/perle-in.com\/produit\/couverture-recyclee-grs-dolly\/","url":"https:\/\/perle-in.com\/produit\/couverture-recyclee-grs-dolly\/","name":"Couverture recycl\u00e9e GRS Dolly - PERLE IN","isPartOf":{"@id":"https:\/\/perle-in.com\/#website"},"primaryImageOfPage":{"@id":"https:\/\/perle-in.com\/produit\/couverture-recyclee-grs-dolly\/#primaryimage"},"image":{"@id":"https:\/\/perle-in.com\/produit\/couverture-recyclee-grs-dolly\/#primaryimage"},"thumbnailUrl":"https:\/\/perle-in.com\/wp-content\/uploads\/2025\/10\/11332902-1.jpg","datePublished":"2025-10-15T15:09:15+00:00","dateModified":"2025-10-15T15:09:18+00:00","breadcrumb":{"@id":"https:\/\/perle-in.com\/produit\/couverture-recyclee-grs-dolly\/#breadcrumb"},"inLanguage":"en-CA","potentialAction":[{"@type":"ReadAction","target":["https:\/\/perle-in.com\/produit\/couverture-recyclee-grs-dolly\/"]}]},{"@type":"ImageObject","inLanguage":"en-CA","@id":"https:\/\/perle-in.com\/produit\/couverture-recyclee-grs-dolly\/#primaryimage","url":"https:\/\/perle-in.com\/wp-content\/uploads\/2025\/10\/11332902-1.jpg","contentUrl":"https:\/\/perle-in.com\/wp-content\/uploads\/2025\/10\/11332902-1.jpg","width":1600,"height":1600},{"@type":"BreadcrumbList","@id":"https:\/\/perle-in.com\/produit\/couverture-recyclee-grs-dolly\/#breadcrumb","itemListElement":[{"@type":"ListItem","position":1,"name":"Accueil","item":"https:\/\/perle-in.com\/"},{"@type":"ListItem","position":2,"name":"Boutique","item":"https:\/\/perle-in.com\/boutique\/"},{"@type":"ListItem","position":3,"name":"Couverture recycl\u00e9e GRS Dolly"}]},{"@type":"WebSite","@id":"https:\/\/perle-in.com\/#website","url":"https:\/\/perle-in.com\/","name":"PERLE IN","description":"","publisher":{"@id":"https:\/\/perle-in.com\/#organization"},"potentialAction":[{"@type":"SearchAction","target":{"@type":"EntryPoint","urlTemplate":"https:\/\/perle-in.com\/?s={search_term_string}"},"query-input":{"@type":"PropertyValueSpecification","valueRequired":true,"valueName":"search_term_string"}}],"inLanguage":"en-CA"},{"@type":"Organization","@id":"https:\/\/perle-in.com\/#organization","name":"PERLE IN","url":"https:\/\/perle-in.com\/","logo":{"@type":"ImageObject","inLanguage":"en-CA","@id":"https:\/\/perle-in.com\/#\/schema\/logo\/image\/","url":"https:\/\/perle-in.com\/wp-content\/uploads\/2022\/12\/LOGO-PERLE-IN-COULEUR@3x.webp","contentUrl":"https:\/\/perle-in.com\/wp-content\/uploads\/2022\/12\/LOGO-PERLE-IN-COULEUR@3x.webp","width":1600,"height":490,"caption":"PERLE IN"},"image":{"@id":"https:\/\/perle-in.com\/#\/schema\/logo\/image\/"}}]}},"jetpack_sharing_enabled":true,"_links":{"self":[{"href":"https:\/\/perle-in.com\/en\/wp-json\/wp\/v2\/product\/564177","targetHints":{"allow":["GET"]}}],"collection":[{"href":"https:\/\/perle-in.com\/en\/wp-json\/wp\/v2\/product"}],"about":[{"href":"https:\/\/perle-in.com\/en\/wp-json\/wp\/v2\/types\/product"}],"version-history":[{"count":0,"href":"https:\/\/perle-in.com\/en\/wp-json\/wp\/v2\/product\/564177\/revisions"}],"wp:featuredmedia":[{"embeddable":true,"href":"https:\/\/perle-in.com\/en\/wp-json\/wp\/v2\/media\/564170"}],"wp:attachment":[{"href":"https:\/\/perle-in.com\/en\/wp-json\/wp\/v2\/media?parent=564177"}],"wp:term":[{"taxonomy":"product_brand","embeddable":true,"href":"https:\/\/perle-in.com\/en\/wp-json\/wp\/v2\/product_brand?post=564177"},{"taxonomy":"product_cat","embeddable":true,"href":"https:\/\/perle-in.com\/en\/wp-json\/wp\/v2\/product_cat?post=564177"},{"taxonomy":"product_tag","embeddable":true,"href":"https:\/\/perle-in.com\/en\/wp-json\/wp\/v2\/product_tag?post=564177"}],"curies":[{"name":"wp","href":"https:\/\/api.w.org\/{rel}","templated":true}]}}