{"id":564150,"date":"2025-10-15T17:05:55","date_gmt":"2025-10-15T15:05:55","guid":{"rendered":"https:\/\/perle-in.com\/produit\/sac-avec-cordon-oregon-en-coton-recycle-140-g-m%c2%b2-certifie-grs\/"},"modified":"2025-10-15T17:06:02","modified_gmt":"2025-10-15T15:06:02","slug":"sac-avec-cordon-oregon-en-coton-recycle-140-g-m%c2%b2-certifie-grs","status":"publish","type":"product","link":"https:\/\/perle-in.com\/en\/product\/sac-avec-cordon-oregon-en-coton-recycle-140-g-m%c2%b2-certifie-grs\/","title":{"rendered":"Sac avec cordon Oregon en coton recycl\u00e9 140\u00a0g\/m\u00b2 certifi\u00e9 GRS"},"content":{"rendered":"","protected":false},"excerpt":{"rendered":"<p>Le sac avec cordon de serrage Oregon confectionn\u00e9 \u00e0 100\u00a0% en coton recycl\u00e9 certifi\u00e9 GRS est le cadeau id\u00e9al \u00e0 distribuer pour promouvoir votre marque ou votre campagne marketing. Ce sac l\u00e9ger est peu co\u00fbteux, facile \u00e0 porter sur le dos ou sur l&#8217;\u00e9paule et offre suffisamment d&#8217;espace pour ajouter un logo, slogan ou autre message. Le cordon de serrage permet de l&#8217;ouvrir et de le fermer facilement, et le coton de 140\u00a0g\/m\u00b2 est solide et durable. Grand compartiment principal avec fermeture \u00e0 cordon en coton. Capacit\u00e9 de charge maximale de 5\u00a0kg.<\/p>","protected":false},"featured_media":564139,"template":"","meta":{"_eb_attr":""},"product_brand":[],"product_cat":[159,956],"product_tag":[423,837,3373,2654,755,836,282],"class_list":{"0":"post-564150","1":"product","2":"type-product","3":"status-publish","4":"has-post-thumbnail","6":"product_cat-sacs","7":"product_cat-sacs-a-dos-ficelle","8":"product_tag-cordon","9":"product_tag-durable","10":"product_tag-ecole","11":"product_tag-grs","12":"product_tag-gym","13":"product_tag-recycle","14":"product_tag-sac","15":"pa_couleurs-blanc","16":"pa_couleurs-gris","17":"pa_couleurs-marine","18":"pa_couleurs-naturel","19":"pa_couleurs-noir","20":"pa_couleurs-rouge","21":"pa_green-points-2925","22":"pa_matiere-coton-recycle-certifie-grs-140-g-m2","23":"pa_pays-d-origine-inde","25":"first","26":"instock","27":"shipping-taxable","28":"purchasable","29":"product-type-variable"},"yoast_head":"<!-- This site is optimized with the Yoast SEO plugin v27.4 - https:\/\/yoast.com\/product\/yoast-seo-wordpress\/ -->\n<title>Sac avec cordon Oregon en coton recycl\u00e9 140\u00a0g\/m\u00b2 certifi\u00e9 GRS - PERLE IN<\/title>\n<meta name=\"robots\" content=\"noindex, follow, max-snippet:-1, max-image-preview:large, max-video-preview:-1\" \/>\n<meta property=\"og:locale\" content=\"en_US\" \/>\n<meta property=\"og:type\" content=\"article\" \/>\n<meta property=\"og:title\" content=\"Sac avec cordon Oregon en coton recycl\u00e9 140\u00a0g\/m\u00b2 certifi\u00e9 GRS - PERLE IN\" \/>\n<meta property=\"og:description\" content=\"Le sac avec cordon de serrage Oregon confectionn\u00e9 \u00e0 100\u00a0% en coton recycl\u00e9 certifi\u00e9 GRS est le cadeau id\u00e9al \u00e0 distribuer pour promouvoir votre marque ou votre campagne marketing. Ce sac l\u00e9ger est peu co\u00fbteux, facile \u00e0 porter sur le dos ou sur l&#039;\u00e9paule et offre suffisamment d&#039;espace pour ajouter un logo, slogan ou autre message. Le cordon de serrage permet de l&#039;ouvrir et de le fermer facilement, et le coton de 140\u00a0g\/m\u00b2 est solide et durable. Grand compartiment principal avec fermeture \u00e0 cordon en coton. Capacit\u00e9 de charge maximale de 5\u00a0kg.\" \/>\n<meta property=\"og:url\" content=\"https:\/\/perle-in.com\/en\/product\/sac-avec-cordon-oregon-en-coton-recycle-140-g-m\u00b2-certifie-grs\/\" \/>\n<meta property=\"og:site_name\" content=\"PERLE IN\" \/>\n<meta property=\"article:modified_time\" content=\"2025-10-15T15:06:02+00:00\" \/>\n<meta property=\"og:image\" content=\"https:\/\/perle-in.com\/wp-content\/uploads\/2025\/10\/12073501-1.jpg\" \/>\n\t<meta property=\"og:image:width\" content=\"1600\" \/>\n\t<meta property=\"og:image:height\" content=\"1600\" \/>\n\t<meta property=\"og:image:type\" content=\"image\/jpeg\" \/>\n<meta name=\"twitter:card\" content=\"summary_large_image\" \/>\n<script type=\"application\/ld+json\" class=\"yoast-schema-graph\">{\"@context\":\"https:\\\/\\\/schema.org\",\"@graph\":[{\"@type\":\"WebPage\",\"@id\":\"https:\\\/\\\/perle-in.com\\\/produit\\\/sac-avec-cordon-oregon-en-coton-recycle-140-g-m%c2%b2-certifie-grs\\\/\",\"url\":\"https:\\\/\\\/perle-in.com\\\/produit\\\/sac-avec-cordon-oregon-en-coton-recycle-140-g-m%c2%b2-certifie-grs\\\/\",\"name\":\"Sac avec cordon Oregon en coton recycl\u00e9 140\u00a0g\\\/m\u00b2 certifi\u00e9 GRS - PERLE IN\",\"isPartOf\":{\"@id\":\"https:\\\/\\\/perle-in.com\\\/#website\"},\"primaryImageOfPage\":{\"@id\":\"https:\\\/\\\/perle-in.com\\\/produit\\\/sac-avec-cordon-oregon-en-coton-recycle-140-g-m%c2%b2-certifie-grs\\\/#primaryimage\"},\"image\":{\"@id\":\"https:\\\/\\\/perle-in.com\\\/produit\\\/sac-avec-cordon-oregon-en-coton-recycle-140-g-m%c2%b2-certifie-grs\\\/#primaryimage\"},\"thumbnailUrl\":\"https:\\\/\\\/perle-in.com\\\/wp-content\\\/uploads\\\/2025\\\/10\\\/12073501-1.jpg\",\"datePublished\":\"2025-10-15T15:05:55+00:00\",\"dateModified\":\"2025-10-15T15:06:02+00:00\",\"breadcrumb\":{\"@id\":\"https:\\\/\\\/perle-in.com\\\/produit\\\/sac-avec-cordon-oregon-en-coton-recycle-140-g-m%c2%b2-certifie-grs\\\/#breadcrumb\"},\"inLanguage\":\"en-CA\",\"potentialAction\":[{\"@type\":\"ReadAction\",\"target\":[\"https:\\\/\\\/perle-in.com\\\/produit\\\/sac-avec-cordon-oregon-en-coton-recycle-140-g-m%c2%b2-certifie-grs\\\/\"]}]},{\"@type\":\"ImageObject\",\"inLanguage\":\"en-CA\",\"@id\":\"https:\\\/\\\/perle-in.com\\\/produit\\\/sac-avec-cordon-oregon-en-coton-recycle-140-g-m%c2%b2-certifie-grs\\\/#primaryimage\",\"url\":\"https:\\\/\\\/perle-in.com\\\/wp-content\\\/uploads\\\/2025\\\/10\\\/12073501-1.jpg\",\"contentUrl\":\"https:\\\/\\\/perle-in.com\\\/wp-content\\\/uploads\\\/2025\\\/10\\\/12073501-1.jpg\",\"width\":1600,\"height\":1600},{\"@type\":\"BreadcrumbList\",\"@id\":\"https:\\\/\\\/perle-in.com\\\/produit\\\/sac-avec-cordon-oregon-en-coton-recycle-140-g-m%c2%b2-certifie-grs\\\/#breadcrumb\",\"itemListElement\":[{\"@type\":\"ListItem\",\"position\":1,\"name\":\"Accueil\",\"item\":\"https:\\\/\\\/perle-in.com\\\/\"},{\"@type\":\"ListItem\",\"position\":2,\"name\":\"Boutique\",\"item\":\"https:\\\/\\\/perle-in.com\\\/boutique\\\/\"},{\"@type\":\"ListItem\",\"position\":3,\"name\":\"Sac avec cordon Oregon en coton recycl\u00e9 140\u00a0g\\\/m\u00b2 certifi\u00e9 GRS\"}]},{\"@type\":\"WebSite\",\"@id\":\"https:\\\/\\\/perle-in.com\\\/#website\",\"url\":\"https:\\\/\\\/perle-in.com\\\/\",\"name\":\"PERLE IN\",\"description\":\"\",\"publisher\":{\"@id\":\"https:\\\/\\\/perle-in.com\\\/#organization\"},\"potentialAction\":[{\"@type\":\"SearchAction\",\"target\":{\"@type\":\"EntryPoint\",\"urlTemplate\":\"https:\\\/\\\/perle-in.com\\\/?s={search_term_string}\"},\"query-input\":{\"@type\":\"PropertyValueSpecification\",\"valueRequired\":true,\"valueName\":\"search_term_string\"}}],\"inLanguage\":\"en-CA\"},{\"@type\":\"Organization\",\"@id\":\"https:\\\/\\\/perle-in.com\\\/#organization\",\"name\":\"PERLE IN\",\"url\":\"https:\\\/\\\/perle-in.com\\\/\",\"logo\":{\"@type\":\"ImageObject\",\"inLanguage\":\"en-CA\",\"@id\":\"https:\\\/\\\/perle-in.com\\\/#\\\/schema\\\/logo\\\/image\\\/\",\"url\":\"https:\\\/\\\/perle-in.com\\\/wp-content\\\/uploads\\\/2022\\\/12\\\/LOGO-PERLE-IN-COULEUR@3x.webp\",\"contentUrl\":\"https:\\\/\\\/perle-in.com\\\/wp-content\\\/uploads\\\/2022\\\/12\\\/LOGO-PERLE-IN-COULEUR@3x.webp\",\"width\":1600,\"height\":490,\"caption\":\"PERLE IN\"},\"image\":{\"@id\":\"https:\\\/\\\/perle-in.com\\\/#\\\/schema\\\/logo\\\/image\\\/\"}}]}<\/script>\n<!-- \/ Yoast SEO plugin. -->","yoast_head_json":{"title":"Sac avec cordon Oregon en coton recycl\u00e9 140\u00a0g\/m\u00b2 certifi\u00e9 GRS - PERLE IN","robots":{"index":"noindex","follow":"follow","max-snippet":"max-snippet:-1","max-image-preview":"max-image-preview:large","max-video-preview":"max-video-preview:-1"},"og_locale":"en_US","og_type":"article","og_title":"Sac avec cordon Oregon en coton recycl\u00e9 140\u00a0g\/m\u00b2 certifi\u00e9 GRS - PERLE IN","og_description":"Le sac avec cordon de serrage Oregon confectionn\u00e9 \u00e0 100\u00a0% en coton recycl\u00e9 certifi\u00e9 GRS est le cadeau id\u00e9al \u00e0 distribuer pour promouvoir votre marque ou votre campagne marketing. Ce sac l\u00e9ger est peu co\u00fbteux, facile \u00e0 porter sur le dos ou sur l'\u00e9paule et offre suffisamment d'espace pour ajouter un logo, slogan ou autre message. Le cordon de serrage permet de l'ouvrir et de le fermer facilement, et le coton de 140\u00a0g\/m\u00b2 est solide et durable. Grand compartiment principal avec fermeture \u00e0 cordon en coton. Capacit\u00e9 de charge maximale de 5\u00a0kg.","og_url":"https:\/\/perle-in.com\/en\/product\/sac-avec-cordon-oregon-en-coton-recycle-140-g-m\u00b2-certifie-grs\/","og_site_name":"PERLE IN","article_modified_time":"2025-10-15T15:06:02+00:00","og_image":[{"width":1600,"height":1600,"url":"https:\/\/perle-in.com\/wp-content\/uploads\/2025\/10\/12073501-1.jpg","type":"image\/jpeg"}],"twitter_card":"summary_large_image","schema":{"@context":"https:\/\/schema.org","@graph":[{"@type":"WebPage","@id":"https:\/\/perle-in.com\/produit\/sac-avec-cordon-oregon-en-coton-recycle-140-g-m%c2%b2-certifie-grs\/","url":"https:\/\/perle-in.com\/produit\/sac-avec-cordon-oregon-en-coton-recycle-140-g-m%c2%b2-certifie-grs\/","name":"Sac avec cordon Oregon en coton recycl\u00e9 140\u00a0g\/m\u00b2 certifi\u00e9 GRS - PERLE IN","isPartOf":{"@id":"https:\/\/perle-in.com\/#website"},"primaryImageOfPage":{"@id":"https:\/\/perle-in.com\/produit\/sac-avec-cordon-oregon-en-coton-recycle-140-g-m%c2%b2-certifie-grs\/#primaryimage"},"image":{"@id":"https:\/\/perle-in.com\/produit\/sac-avec-cordon-oregon-en-coton-recycle-140-g-m%c2%b2-certifie-grs\/#primaryimage"},"thumbnailUrl":"https:\/\/perle-in.com\/wp-content\/uploads\/2025\/10\/12073501-1.jpg","datePublished":"2025-10-15T15:05:55+00:00","dateModified":"2025-10-15T15:06:02+00:00","breadcrumb":{"@id":"https:\/\/perle-in.com\/produit\/sac-avec-cordon-oregon-en-coton-recycle-140-g-m%c2%b2-certifie-grs\/#breadcrumb"},"inLanguage":"en-CA","potentialAction":[{"@type":"ReadAction","target":["https:\/\/perle-in.com\/produit\/sac-avec-cordon-oregon-en-coton-recycle-140-g-m%c2%b2-certifie-grs\/"]}]},{"@type":"ImageObject","inLanguage":"en-CA","@id":"https:\/\/perle-in.com\/produit\/sac-avec-cordon-oregon-en-coton-recycle-140-g-m%c2%b2-certifie-grs\/#primaryimage","url":"https:\/\/perle-in.com\/wp-content\/uploads\/2025\/10\/12073501-1.jpg","contentUrl":"https:\/\/perle-in.com\/wp-content\/uploads\/2025\/10\/12073501-1.jpg","width":1600,"height":1600},{"@type":"BreadcrumbList","@id":"https:\/\/perle-in.com\/produit\/sac-avec-cordon-oregon-en-coton-recycle-140-g-m%c2%b2-certifie-grs\/#breadcrumb","itemListElement":[{"@type":"ListItem","position":1,"name":"Accueil","item":"https:\/\/perle-in.com\/"},{"@type":"ListItem","position":2,"name":"Boutique","item":"https:\/\/perle-in.com\/boutique\/"},{"@type":"ListItem","position":3,"name":"Sac avec cordon Oregon en coton recycl\u00e9 140\u00a0g\/m\u00b2 certifi\u00e9 GRS"}]},{"@type":"WebSite","@id":"https:\/\/perle-in.com\/#website","url":"https:\/\/perle-in.com\/","name":"PERLE IN","description":"","publisher":{"@id":"https:\/\/perle-in.com\/#organization"},"potentialAction":[{"@type":"SearchAction","target":{"@type":"EntryPoint","urlTemplate":"https:\/\/perle-in.com\/?s={search_term_string}"},"query-input":{"@type":"PropertyValueSpecification","valueRequired":true,"valueName":"search_term_string"}}],"inLanguage":"en-CA"},{"@type":"Organization","@id":"https:\/\/perle-in.com\/#organization","name":"PERLE IN","url":"https:\/\/perle-in.com\/","logo":{"@type":"ImageObject","inLanguage":"en-CA","@id":"https:\/\/perle-in.com\/#\/schema\/logo\/image\/","url":"https:\/\/perle-in.com\/wp-content\/uploads\/2022\/12\/LOGO-PERLE-IN-COULEUR@3x.webp","contentUrl":"https:\/\/perle-in.com\/wp-content\/uploads\/2022\/12\/LOGO-PERLE-IN-COULEUR@3x.webp","width":1600,"height":490,"caption":"PERLE IN"},"image":{"@id":"https:\/\/perle-in.com\/#\/schema\/logo\/image\/"}}]}},"jetpack_sharing_enabled":true,"_links":{"self":[{"href":"https:\/\/perle-in.com\/en\/wp-json\/wp\/v2\/product\/564150","targetHints":{"allow":["GET"]}}],"collection":[{"href":"https:\/\/perle-in.com\/en\/wp-json\/wp\/v2\/product"}],"about":[{"href":"https:\/\/perle-in.com\/en\/wp-json\/wp\/v2\/types\/product"}],"version-history":[{"count":0,"href":"https:\/\/perle-in.com\/en\/wp-json\/wp\/v2\/product\/564150\/revisions"}],"wp:featuredmedia":[{"embeddable":true,"href":"https:\/\/perle-in.com\/en\/wp-json\/wp\/v2\/media\/564139"}],"wp:attachment":[{"href":"https:\/\/perle-in.com\/en\/wp-json\/wp\/v2\/media?parent=564150"}],"wp:term":[{"taxonomy":"product_brand","embeddable":true,"href":"https:\/\/perle-in.com\/en\/wp-json\/wp\/v2\/product_brand?post=564150"},{"taxonomy":"product_cat","embeddable":true,"href":"https:\/\/perle-in.com\/en\/wp-json\/wp\/v2\/product_cat?post=564150"},{"taxonomy":"product_tag","embeddable":true,"href":"https:\/\/perle-in.com\/en\/wp-json\/wp\/v2\/product_tag?post=564150"}],"curies":[{"name":"wp","href":"https:\/\/api.w.org\/{rel}","templated":true}]}}