{"id":564113,"date":"2025-10-15T17:02:52","date_gmt":"2025-10-15T15:02:52","guid":{"rendered":"https:\/\/perle-in.com\/produit\/sac-shopping-a-soufflets-madras-en-coton-recycle-140-g-m%c2%b2-certifie-grs\/"},"modified":"2025-10-15T17:03:01","modified_gmt":"2025-10-15T15:03:01","slug":"sac-shopping-a-soufflets-madras-en-coton-recycle-140-g-m%c2%b2-certifie-grs","status":"publish","type":"product","link":"https:\/\/perle-in.com\/en\/product\/sac-shopping-a-soufflets-madras-en-coton-recycle-140-g-m%c2%b2-certifie-grs\/","title":{"rendered":"Sac shopping \u00e0 soufflets Madras en coton recycl\u00e9 140\u00a0g\/m\u00b2 certifi\u00e9 GRS"},"content":{"rendered":"","protected":false},"excerpt":{"rendered":"<p>Le sac shopping \u00e0 soufflets Madras confectionn\u00e9 \u00e0 100\u00a0% en coton recycl\u00e9 certifi\u00e9 GRS est le sac id\u00e9al \u00e0 offrir lors d&#8217;un \u00e9v\u00e9nement ou d&#8217;une conf\u00e9rence, ou \u00e0 utiliser comme sac \u00e0 provisions pour les petites courses. La densit\u00e9 du coton \u00e0 140\u00a0g\/m\u00b2  rend le sac robuste, durable et adapt\u00e9 pour transporter des articles lourds dans le compartiment principal. Avec ses poign\u00e9es d&#8217;\u00e9paule de 30\u00a0cm de long, ce sac shopping est facile \u00e0 transporter. Les m\u00e9thodes d&#8217;impression disponibles pour ce sac shopping sont \u00e9galement certifi\u00e9es, ce qui garantit que l&#8217;ensemble de la cha\u00eene d&#8217;approvisionnement est transparente et certifi\u00e9e. Fabriqu\u00e9 en Inde. Capacit\u00e9 de charge maximale de 5\u00a0kg.<\/p>","protected":false},"featured_media":564100,"template":"","meta":{"_eb_attr":""},"product_brand":[],"product_cat":[159,959],"product_tag":[905,837,2654,836,282,1790,1791,904,3639,3086,1779],"class_list":{"0":"post-564113","1":"product","2":"type-product","3":"status-publish","4":"has-post-thumbnail","6":"product_cat-sacs","7":"product_cat-sacs-de-shopping","8":"product_tag-courses","9":"product_tag-durable","10":"product_tag-grs","11":"product_tag-recycle","12":"product_tag-sac","13":"product_tag-sac-shopping","14":"product_tag-sacs-shopping","15":"product_tag-shopping","16":"product_tag-soufflets","17":"product_tag-tote-bag","18":"product_tag-totebag","19":"pa_couleurs-blanc","20":"pa_couleurs-bleu-royal","21":"pa_couleurs-marine","22":"pa_couleurs-naturel","23":"pa_couleurs-noir","24":"pa_couleurs-rouge","25":"pa_green-points-2925","26":"pa_matiere-coton-recycle-certifie-grs-140-g-m2","27":"pa_pays-d-origine-inde","29":"first","30":"instock","31":"shipping-taxable","32":"purchasable","33":"product-type-variable"},"yoast_head":"<!-- This site is optimized with the Yoast SEO plugin v27.4 - https:\/\/yoast.com\/product\/yoast-seo-wordpress\/ -->\n<title>Sac shopping \u00e0 soufflets Madras en coton recycl\u00e9 140\u00a0g\/m\u00b2 certifi\u00e9 GRS - PERLE IN<\/title>\n<meta name=\"robots\" content=\"noindex, follow, max-snippet:-1, max-image-preview:large, max-video-preview:-1\" \/>\n<meta property=\"og:locale\" content=\"en_US\" \/>\n<meta property=\"og:type\" content=\"article\" \/>\n<meta property=\"og:title\" content=\"Sac shopping \u00e0 soufflets Madras en coton recycl\u00e9 140\u00a0g\/m\u00b2 certifi\u00e9 GRS - PERLE IN\" \/>\n<meta property=\"og:description\" content=\"Le sac shopping \u00e0 soufflets Madras confectionn\u00e9 \u00e0 100\u00a0% en coton recycl\u00e9 certifi\u00e9 GRS est le sac id\u00e9al \u00e0 offrir lors d&#039;un \u00e9v\u00e9nement ou d&#039;une conf\u00e9rence, ou \u00e0 utiliser comme sac \u00e0 provisions pour les petites courses. La densit\u00e9 du coton \u00e0 140\u00a0g\/m\u00b2 rend le sac robuste, durable et adapt\u00e9 pour transporter des articles lourds dans le compartiment principal. Avec ses poign\u00e9es d&#039;\u00e9paule de 30\u00a0cm de long, ce sac shopping est facile \u00e0 transporter. Les m\u00e9thodes d&#039;impression disponibles pour ce sac shopping sont \u00e9galement certifi\u00e9es, ce qui garantit que l&#039;ensemble de la cha\u00eene d&#039;approvisionnement est transparente et certifi\u00e9e. Fabriqu\u00e9 en Inde. Capacit\u00e9 de charge maximale de 5\u00a0kg.\" \/>\n<meta property=\"og:url\" content=\"https:\/\/perle-in.com\/en\/product\/sac-shopping-a-soufflets-madras-en-coton-recycle-140-g-m\u00b2-certifie-grs\/\" \/>\n<meta property=\"og:site_name\" content=\"PERLE IN\" \/>\n<meta property=\"article:modified_time\" content=\"2025-10-15T15:03:01+00:00\" \/>\n<meta property=\"og:image\" content=\"https:\/\/perle-in.com\/wp-content\/uploads\/2025\/10\/12073301-1.jpg\" \/>\n\t<meta property=\"og:image:width\" content=\"1600\" \/>\n\t<meta property=\"og:image:height\" content=\"1600\" \/>\n\t<meta property=\"og:image:type\" content=\"image\/jpeg\" \/>\n<meta name=\"twitter:card\" content=\"summary_large_image\" \/>\n<script type=\"application\/ld+json\" class=\"yoast-schema-graph\">{\"@context\":\"https:\\\/\\\/schema.org\",\"@graph\":[{\"@type\":\"WebPage\",\"@id\":\"https:\\\/\\\/perle-in.com\\\/en\\\/product\\\/sac-shopping-a-soufflets-madras-en-coton-recycle-140-g-m%c2%b2-certifie-grs\\\/\",\"url\":\"https:\\\/\\\/perle-in.com\\\/en\\\/product\\\/sac-shopping-a-soufflets-madras-en-coton-recycle-140-g-m%c2%b2-certifie-grs\\\/\",\"name\":\"Sac shopping \u00e0 soufflets Madras en coton recycl\u00e9 140\u00a0g\\\/m\u00b2 certifi\u00e9 GRS - PERLE IN\",\"isPartOf\":{\"@id\":\"https:\\\/\\\/perle-in.com\\\/#website\"},\"primaryImageOfPage\":{\"@id\":\"https:\\\/\\\/perle-in.com\\\/en\\\/product\\\/sac-shopping-a-soufflets-madras-en-coton-recycle-140-g-m%c2%b2-certifie-grs\\\/#primaryimage\"},\"image\":{\"@id\":\"https:\\\/\\\/perle-in.com\\\/en\\\/product\\\/sac-shopping-a-soufflets-madras-en-coton-recycle-140-g-m%c2%b2-certifie-grs\\\/#primaryimage\"},\"thumbnailUrl\":\"https:\\\/\\\/perle-in.com\\\/wp-content\\\/uploads\\\/2025\\\/10\\\/12073301-1.jpg\",\"datePublished\":\"2025-10-15T15:02:52+00:00\",\"dateModified\":\"2025-10-15T15:03:01+00:00\",\"breadcrumb\":{\"@id\":\"https:\\\/\\\/perle-in.com\\\/en\\\/product\\\/sac-shopping-a-soufflets-madras-en-coton-recycle-140-g-m%c2%b2-certifie-grs\\\/#breadcrumb\"},\"inLanguage\":\"en-CA\",\"potentialAction\":[{\"@type\":\"ReadAction\",\"target\":[\"https:\\\/\\\/perle-in.com\\\/en\\\/product\\\/sac-shopping-a-soufflets-madras-en-coton-recycle-140-g-m%c2%b2-certifie-grs\\\/\"]}]},{\"@type\":\"ImageObject\",\"inLanguage\":\"en-CA\",\"@id\":\"https:\\\/\\\/perle-in.com\\\/en\\\/product\\\/sac-shopping-a-soufflets-madras-en-coton-recycle-140-g-m%c2%b2-certifie-grs\\\/#primaryimage\",\"url\":\"https:\\\/\\\/perle-in.com\\\/wp-content\\\/uploads\\\/2025\\\/10\\\/12073301-1.jpg\",\"contentUrl\":\"https:\\\/\\\/perle-in.com\\\/wp-content\\\/uploads\\\/2025\\\/10\\\/12073301-1.jpg\",\"width\":1600,\"height\":1600},{\"@type\":\"BreadcrumbList\",\"@id\":\"https:\\\/\\\/perle-in.com\\\/en\\\/product\\\/sac-shopping-a-soufflets-madras-en-coton-recycle-140-g-m%c2%b2-certifie-grs\\\/#breadcrumb\",\"itemListElement\":[{\"@type\":\"ListItem\",\"position\":1,\"name\":\"Accueil\",\"item\":\"https:\\\/\\\/perle-in.com\\\/\"},{\"@type\":\"ListItem\",\"position\":2,\"name\":\"Boutique\",\"item\":\"https:\\\/\\\/perle-in.com\\\/boutique\\\/\"},{\"@type\":\"ListItem\",\"position\":3,\"name\":\"Sac shopping \u00e0 soufflets Madras en coton recycl\u00e9 140\u00a0g\\\/m\u00b2 certifi\u00e9 GRS\"}]},{\"@type\":\"WebSite\",\"@id\":\"https:\\\/\\\/perle-in.com\\\/#website\",\"url\":\"https:\\\/\\\/perle-in.com\\\/\",\"name\":\"PERLE IN\",\"description\":\"\",\"publisher\":{\"@id\":\"https:\\\/\\\/perle-in.com\\\/#organization\"},\"potentialAction\":[{\"@type\":\"SearchAction\",\"target\":{\"@type\":\"EntryPoint\",\"urlTemplate\":\"https:\\\/\\\/perle-in.com\\\/?s={search_term_string}\"},\"query-input\":{\"@type\":\"PropertyValueSpecification\",\"valueRequired\":true,\"valueName\":\"search_term_string\"}}],\"inLanguage\":\"en-CA\"},{\"@type\":\"Organization\",\"@id\":\"https:\\\/\\\/perle-in.com\\\/#organization\",\"name\":\"PERLE IN\",\"url\":\"https:\\\/\\\/perle-in.com\\\/\",\"logo\":{\"@type\":\"ImageObject\",\"inLanguage\":\"en-CA\",\"@id\":\"https:\\\/\\\/perle-in.com\\\/#\\\/schema\\\/logo\\\/image\\\/\",\"url\":\"https:\\\/\\\/perle-in.com\\\/wp-content\\\/uploads\\\/2022\\\/12\\\/LOGO-PERLE-IN-COULEUR@3x.webp\",\"contentUrl\":\"https:\\\/\\\/perle-in.com\\\/wp-content\\\/uploads\\\/2022\\\/12\\\/LOGO-PERLE-IN-COULEUR@3x.webp\",\"width\":1600,\"height\":490,\"caption\":\"PERLE IN\"},\"image\":{\"@id\":\"https:\\\/\\\/perle-in.com\\\/#\\\/schema\\\/logo\\\/image\\\/\"}}]}<\/script>\n<!-- \/ Yoast SEO plugin. -->","yoast_head_json":{"title":"Sac shopping \u00e0 soufflets Madras en coton recycl\u00e9 140\u00a0g\/m\u00b2 certifi\u00e9 GRS - PERLE IN","robots":{"index":"noindex","follow":"follow","max-snippet":"max-snippet:-1","max-image-preview":"max-image-preview:large","max-video-preview":"max-video-preview:-1"},"og_locale":"en_US","og_type":"article","og_title":"Sac shopping \u00e0 soufflets Madras en coton recycl\u00e9 140\u00a0g\/m\u00b2 certifi\u00e9 GRS - PERLE IN","og_description":"Le sac shopping \u00e0 soufflets Madras confectionn\u00e9 \u00e0 100\u00a0% en coton recycl\u00e9 certifi\u00e9 GRS est le sac id\u00e9al \u00e0 offrir lors d'un \u00e9v\u00e9nement ou d'une conf\u00e9rence, ou \u00e0 utiliser comme sac \u00e0 provisions pour les petites courses. La densit\u00e9 du coton \u00e0 140\u00a0g\/m\u00b2 rend le sac robuste, durable et adapt\u00e9 pour transporter des articles lourds dans le compartiment principal. Avec ses poign\u00e9es d'\u00e9paule de 30\u00a0cm de long, ce sac shopping est facile \u00e0 transporter. Les m\u00e9thodes d'impression disponibles pour ce sac shopping sont \u00e9galement certifi\u00e9es, ce qui garantit que l'ensemble de la cha\u00eene d'approvisionnement est transparente et certifi\u00e9e. Fabriqu\u00e9 en Inde. Capacit\u00e9 de charge maximale de 5\u00a0kg.","og_url":"https:\/\/perle-in.com\/en\/product\/sac-shopping-a-soufflets-madras-en-coton-recycle-140-g-m\u00b2-certifie-grs\/","og_site_name":"PERLE IN","article_modified_time":"2025-10-15T15:03:01+00:00","og_image":[{"width":1600,"height":1600,"url":"https:\/\/perle-in.com\/wp-content\/uploads\/2025\/10\/12073301-1.jpg","type":"image\/jpeg"}],"twitter_card":"summary_large_image","schema":{"@context":"https:\/\/schema.org","@graph":[{"@type":"WebPage","@id":"https:\/\/perle-in.com\/en\/product\/sac-shopping-a-soufflets-madras-en-coton-recycle-140-g-m%c2%b2-certifie-grs\/","url":"https:\/\/perle-in.com\/en\/product\/sac-shopping-a-soufflets-madras-en-coton-recycle-140-g-m%c2%b2-certifie-grs\/","name":"Sac shopping \u00e0 soufflets Madras en coton recycl\u00e9 140\u00a0g\/m\u00b2 certifi\u00e9 GRS - PERLE IN","isPartOf":{"@id":"https:\/\/perle-in.com\/#website"},"primaryImageOfPage":{"@id":"https:\/\/perle-in.com\/en\/product\/sac-shopping-a-soufflets-madras-en-coton-recycle-140-g-m%c2%b2-certifie-grs\/#primaryimage"},"image":{"@id":"https:\/\/perle-in.com\/en\/product\/sac-shopping-a-soufflets-madras-en-coton-recycle-140-g-m%c2%b2-certifie-grs\/#primaryimage"},"thumbnailUrl":"https:\/\/perle-in.com\/wp-content\/uploads\/2025\/10\/12073301-1.jpg","datePublished":"2025-10-15T15:02:52+00:00","dateModified":"2025-10-15T15:03:01+00:00","breadcrumb":{"@id":"https:\/\/perle-in.com\/en\/product\/sac-shopping-a-soufflets-madras-en-coton-recycle-140-g-m%c2%b2-certifie-grs\/#breadcrumb"},"inLanguage":"en-CA","potentialAction":[{"@type":"ReadAction","target":["https:\/\/perle-in.com\/en\/product\/sac-shopping-a-soufflets-madras-en-coton-recycle-140-g-m%c2%b2-certifie-grs\/"]}]},{"@type":"ImageObject","inLanguage":"en-CA","@id":"https:\/\/perle-in.com\/en\/product\/sac-shopping-a-soufflets-madras-en-coton-recycle-140-g-m%c2%b2-certifie-grs\/#primaryimage","url":"https:\/\/perle-in.com\/wp-content\/uploads\/2025\/10\/12073301-1.jpg","contentUrl":"https:\/\/perle-in.com\/wp-content\/uploads\/2025\/10\/12073301-1.jpg","width":1600,"height":1600},{"@type":"BreadcrumbList","@id":"https:\/\/perle-in.com\/en\/product\/sac-shopping-a-soufflets-madras-en-coton-recycle-140-g-m%c2%b2-certifie-grs\/#breadcrumb","itemListElement":[{"@type":"ListItem","position":1,"name":"Accueil","item":"https:\/\/perle-in.com\/"},{"@type":"ListItem","position":2,"name":"Boutique","item":"https:\/\/perle-in.com\/boutique\/"},{"@type":"ListItem","position":3,"name":"Sac shopping \u00e0 soufflets Madras en coton recycl\u00e9 140\u00a0g\/m\u00b2 certifi\u00e9 GRS"}]},{"@type":"WebSite","@id":"https:\/\/perle-in.com\/#website","url":"https:\/\/perle-in.com\/","name":"PERLE IN","description":"","publisher":{"@id":"https:\/\/perle-in.com\/#organization"},"potentialAction":[{"@type":"SearchAction","target":{"@type":"EntryPoint","urlTemplate":"https:\/\/perle-in.com\/?s={search_term_string}"},"query-input":{"@type":"PropertyValueSpecification","valueRequired":true,"valueName":"search_term_string"}}],"inLanguage":"en-CA"},{"@type":"Organization","@id":"https:\/\/perle-in.com\/#organization","name":"PERLE IN","url":"https:\/\/perle-in.com\/","logo":{"@type":"ImageObject","inLanguage":"en-CA","@id":"https:\/\/perle-in.com\/#\/schema\/logo\/image\/","url":"https:\/\/perle-in.com\/wp-content\/uploads\/2022\/12\/LOGO-PERLE-IN-COULEUR@3x.webp","contentUrl":"https:\/\/perle-in.com\/wp-content\/uploads\/2022\/12\/LOGO-PERLE-IN-COULEUR@3x.webp","width":1600,"height":490,"caption":"PERLE IN"},"image":{"@id":"https:\/\/perle-in.com\/#\/schema\/logo\/image\/"}}]}},"jetpack_sharing_enabled":true,"_links":{"self":[{"href":"https:\/\/perle-in.com\/en\/wp-json\/wp\/v2\/product\/564113","targetHints":{"allow":["GET"]}}],"collection":[{"href":"https:\/\/perle-in.com\/en\/wp-json\/wp\/v2\/product"}],"about":[{"href":"https:\/\/perle-in.com\/en\/wp-json\/wp\/v2\/types\/product"}],"version-history":[{"count":0,"href":"https:\/\/perle-in.com\/en\/wp-json\/wp\/v2\/product\/564113\/revisions"}],"wp:featuredmedia":[{"embeddable":true,"href":"https:\/\/perle-in.com\/en\/wp-json\/wp\/v2\/media\/564100"}],"wp:attachment":[{"href":"https:\/\/perle-in.com\/en\/wp-json\/wp\/v2\/media?parent=564113"}],"wp:term":[{"taxonomy":"product_brand","embeddable":true,"href":"https:\/\/perle-in.com\/en\/wp-json\/wp\/v2\/product_brand?post=564113"},{"taxonomy":"product_cat","embeddable":true,"href":"https:\/\/perle-in.com\/en\/wp-json\/wp\/v2\/product_cat?post=564113"},{"taxonomy":"product_tag","embeddable":true,"href":"https:\/\/perle-in.com\/en\/wp-json\/wp\/v2\/product_tag?post=564113"}],"curies":[{"name":"wp","href":"https:\/\/api.w.org\/{rel}","templated":true}]}}