{"id":564036,"date":"2025-10-15T16:51:56","date_gmt":"2025-10-15T14:51:56","guid":{"rendered":"https:\/\/perle-in.com\/produit\/ensemble-legato-comprenant-carnet-a5-stylo-bille-et-stylo-roller-encre-bleue\/"},"modified":"2025-10-15T16:52:00","modified_gmt":"2025-10-15T14:52:00","slug":"ensemble-legato-comprenant-carnet-a5-stylo-bille-et-stylo-roller-encre-bleue","status":"publish","type":"product","link":"https:\/\/perle-in.com\/en\/product\/ensemble-legato-comprenant-carnet-a5-stylo-bille-et-stylo-roller-encre-bleue\/","title":{"rendered":"Ensemble Legato comprenant carnet A5, stylo bille et stylo roller (encre bleue)"},"content":{"rendered":"","protected":false},"excerpt":{"rendered":"<p>L&#8217;ensemble Legato propose une \u00e9l\u00e9gante combinaison d&#8217;un carnet A5 et d&#8217;un stylo roller. Le stylo pr\u00e9sente un corps sup\u00e9rieur en laiton recycl\u00e9 avec une finition chrom\u00e9e or, un corps inf\u00e9rieur avec une finition noire\/marron, des accessoires en m\u00e9tal chrom\u00e9 or et le logo LUXE sur l&#8217;anneau central. Couleur de l&#8217;encre\u00a0: Bleue. Longueur d&#8217;\u00e9criture\u00a0: 400\u00a0m\u00e8tres. Taille de la pointe\u00a0: 0,7\u00a0mm. Le carnet comporte 80\u00a0feuilles de papier lign\u00e9 80\u00a0g\/m\u00b2, une couverture en plastique recycl\u00e9, une fermeture \u00e9lastique, un ruban marque-page et une pochette accord\u00e9on. Accessoire en m\u00e9tal chrom\u00e9 or sur la fermeture \u00e9lastique. Livr\u00e9 dans un coffret cadeau en carton recycl\u00e9.<\/p>","protected":false},"featured_media":563911,"template":"","meta":{"_eb_attr":""},"product_brand":[],"product_cat":[587,4196],"product_tag":[1513,837,836,1457,561],"class_list":{"0":"post-564036","1":"product","2":"type-product","3":"status-publish","4":"has-post-thumbnail","6":"product_cat-bloc-notes-couverture-rigide","7":"product_cat-blocs-notes-et-papeterie-personnalisee","8":"product_tag-carnet","9":"product_tag-durable","10":"product_tag-recycle","11":"product_tag-roller","12":"product_tag-stylo","13":"pa_couleurs-marron","14":"pa_couleurs-noir","15":"pa_green-points-1501","16":"pa_marque-luxe","17":"pa_matiere-papier-certifie-fsc-laiton-recycle","19":"first","20":"instock","21":"shipping-taxable","22":"purchasable","23":"product-type-variable"},"yoast_head":"<!-- This site is optimized with the Yoast SEO plugin v27.4 - https:\/\/yoast.com\/product\/yoast-seo-wordpress\/ -->\n<title>Ensemble Legato comprenant carnet A5, stylo bille et stylo roller (encre bleue) - PERLE IN<\/title>\n<meta name=\"robots\" content=\"noindex, follow, max-snippet:-1, max-image-preview:large, max-video-preview:-1\" \/>\n<meta property=\"og:locale\" content=\"en_US\" \/>\n<meta property=\"og:type\" content=\"article\" \/>\n<meta property=\"og:title\" content=\"Ensemble Legato comprenant carnet A5, stylo bille et stylo roller (encre bleue) - PERLE IN\" \/>\n<meta property=\"og:description\" content=\"L&#039;ensemble Legato propose une \u00e9l\u00e9gante combinaison d&#039;un carnet A5 et d&#039;un stylo roller. Le stylo pr\u00e9sente un corps sup\u00e9rieur en laiton recycl\u00e9 avec une finition chrom\u00e9e or, un corps inf\u00e9rieur avec une finition noire\/marron, des accessoires en m\u00e9tal chrom\u00e9 or et le logo LUXE sur l&#039;anneau central. Couleur de l&#039;encre\u00a0: Bleue. Longueur d&#039;\u00e9criture\u00a0: 400\u00a0m\u00e8tres. Taille de la pointe\u00a0: 0,7\u00a0mm. Le carnet comporte 80\u00a0feuilles de papier lign\u00e9 80\u00a0g\/m\u00b2, une couverture en plastique recycl\u00e9, une fermeture \u00e9lastique, un ruban marque-page et une pochette accord\u00e9on. Accessoire en m\u00e9tal chrom\u00e9 or sur la fermeture \u00e9lastique. Livr\u00e9 dans un coffret cadeau en carton recycl\u00e9.\" \/>\n<meta property=\"og:url\" content=\"https:\/\/perle-in.com\/en\/product\/ensemble-legato-comprenant-carnet-a5-stylo-bille-et-stylo-roller-encre-bleue\/\" \/>\n<meta property=\"og:site_name\" content=\"PERLE IN\" \/>\n<meta property=\"article:modified_time\" content=\"2025-10-15T14:52:00+00:00\" \/>\n<meta property=\"og:image\" content=\"https:\/\/perle-in.com\/wp-content\/uploads\/2025\/10\/10792571-1.jpg\" \/>\n\t<meta property=\"og:image:width\" content=\"1600\" \/>\n\t<meta property=\"og:image:height\" content=\"1600\" \/>\n\t<meta property=\"og:image:type\" content=\"image\/jpeg\" \/>\n<meta name=\"twitter:card\" content=\"summary_large_image\" \/>\n<script type=\"application\/ld+json\" class=\"yoast-schema-graph\">{\"@context\":\"https:\\\/\\\/schema.org\",\"@graph\":[{\"@type\":\"WebPage\",\"@id\":\"https:\\\/\\\/perle-in.com\\\/produit\\\/ensemble-legato-comprenant-carnet-a5-stylo-bille-et-stylo-roller-encre-bleue\\\/\",\"url\":\"https:\\\/\\\/perle-in.com\\\/produit\\\/ensemble-legato-comprenant-carnet-a5-stylo-bille-et-stylo-roller-encre-bleue\\\/\",\"name\":\"Ensemble Legato comprenant carnet A5, stylo bille et stylo roller (encre bleue) - PERLE IN\",\"isPartOf\":{\"@id\":\"https:\\\/\\\/perle-in.com\\\/#website\"},\"primaryImageOfPage\":{\"@id\":\"https:\\\/\\\/perle-in.com\\\/produit\\\/ensemble-legato-comprenant-carnet-a5-stylo-bille-et-stylo-roller-encre-bleue\\\/#primaryimage\"},\"image\":{\"@id\":\"https:\\\/\\\/perle-in.com\\\/produit\\\/ensemble-legato-comprenant-carnet-a5-stylo-bille-et-stylo-roller-encre-bleue\\\/#primaryimage\"},\"thumbnailUrl\":\"https:\\\/\\\/perle-in.com\\\/wp-content\\\/uploads\\\/2025\\\/10\\\/10792571-1.jpg\",\"datePublished\":\"2025-10-15T14:51:56+00:00\",\"dateModified\":\"2025-10-15T14:52:00+00:00\",\"breadcrumb\":{\"@id\":\"https:\\\/\\\/perle-in.com\\\/produit\\\/ensemble-legato-comprenant-carnet-a5-stylo-bille-et-stylo-roller-encre-bleue\\\/#breadcrumb\"},\"inLanguage\":\"en-CA\",\"potentialAction\":[{\"@type\":\"ReadAction\",\"target\":[\"https:\\\/\\\/perle-in.com\\\/produit\\\/ensemble-legato-comprenant-carnet-a5-stylo-bille-et-stylo-roller-encre-bleue\\\/\"]}]},{\"@type\":\"ImageObject\",\"inLanguage\":\"en-CA\",\"@id\":\"https:\\\/\\\/perle-in.com\\\/produit\\\/ensemble-legato-comprenant-carnet-a5-stylo-bille-et-stylo-roller-encre-bleue\\\/#primaryimage\",\"url\":\"https:\\\/\\\/perle-in.com\\\/wp-content\\\/uploads\\\/2025\\\/10\\\/10792571-1.jpg\",\"contentUrl\":\"https:\\\/\\\/perle-in.com\\\/wp-content\\\/uploads\\\/2025\\\/10\\\/10792571-1.jpg\",\"width\":1600,\"height\":1600},{\"@type\":\"BreadcrumbList\",\"@id\":\"https:\\\/\\\/perle-in.com\\\/produit\\\/ensemble-legato-comprenant-carnet-a5-stylo-bille-et-stylo-roller-encre-bleue\\\/#breadcrumb\",\"itemListElement\":[{\"@type\":\"ListItem\",\"position\":1,\"name\":\"Accueil\",\"item\":\"https:\\\/\\\/perle-in.com\\\/\"},{\"@type\":\"ListItem\",\"position\":2,\"name\":\"Boutique\",\"item\":\"https:\\\/\\\/perle-in.com\\\/boutique\\\/\"},{\"@type\":\"ListItem\",\"position\":3,\"name\":\"Ensemble Legato comprenant carnet A5, stylo bille et stylo roller (encre bleue)\"}]},{\"@type\":\"WebSite\",\"@id\":\"https:\\\/\\\/perle-in.com\\\/#website\",\"url\":\"https:\\\/\\\/perle-in.com\\\/\",\"name\":\"PERLE IN\",\"description\":\"\",\"publisher\":{\"@id\":\"https:\\\/\\\/perle-in.com\\\/#organization\"},\"potentialAction\":[{\"@type\":\"SearchAction\",\"target\":{\"@type\":\"EntryPoint\",\"urlTemplate\":\"https:\\\/\\\/perle-in.com\\\/?s={search_term_string}\"},\"query-input\":{\"@type\":\"PropertyValueSpecification\",\"valueRequired\":true,\"valueName\":\"search_term_string\"}}],\"inLanguage\":\"en-CA\"},{\"@type\":\"Organization\",\"@id\":\"https:\\\/\\\/perle-in.com\\\/#organization\",\"name\":\"PERLE IN\",\"url\":\"https:\\\/\\\/perle-in.com\\\/\",\"logo\":{\"@type\":\"ImageObject\",\"inLanguage\":\"en-CA\",\"@id\":\"https:\\\/\\\/perle-in.com\\\/#\\\/schema\\\/logo\\\/image\\\/\",\"url\":\"https:\\\/\\\/perle-in.com\\\/wp-content\\\/uploads\\\/2022\\\/12\\\/LOGO-PERLE-IN-COULEUR@3x.webp\",\"contentUrl\":\"https:\\\/\\\/perle-in.com\\\/wp-content\\\/uploads\\\/2022\\\/12\\\/LOGO-PERLE-IN-COULEUR@3x.webp\",\"width\":1600,\"height\":490,\"caption\":\"PERLE IN\"},\"image\":{\"@id\":\"https:\\\/\\\/perle-in.com\\\/#\\\/schema\\\/logo\\\/image\\\/\"}}]}<\/script>\n<!-- \/ Yoast SEO plugin. -->","yoast_head_json":{"title":"Ensemble Legato comprenant carnet A5, stylo bille et stylo roller (encre bleue) - PERLE IN","robots":{"index":"noindex","follow":"follow","max-snippet":"max-snippet:-1","max-image-preview":"max-image-preview:large","max-video-preview":"max-video-preview:-1"},"og_locale":"en_US","og_type":"article","og_title":"Ensemble Legato comprenant carnet A5, stylo bille et stylo roller (encre bleue) - PERLE IN","og_description":"L'ensemble Legato propose une \u00e9l\u00e9gante combinaison d'un carnet A5 et d'un stylo roller. Le stylo pr\u00e9sente un corps sup\u00e9rieur en laiton recycl\u00e9 avec une finition chrom\u00e9e or, un corps inf\u00e9rieur avec une finition noire\/marron, des accessoires en m\u00e9tal chrom\u00e9 or et le logo LUXE sur l'anneau central. Couleur de l'encre\u00a0: Bleue. Longueur d'\u00e9criture\u00a0: 400\u00a0m\u00e8tres. Taille de la pointe\u00a0: 0,7\u00a0mm. Le carnet comporte 80\u00a0feuilles de papier lign\u00e9 80\u00a0g\/m\u00b2, une couverture en plastique recycl\u00e9, une fermeture \u00e9lastique, un ruban marque-page et une pochette accord\u00e9on. Accessoire en m\u00e9tal chrom\u00e9 or sur la fermeture \u00e9lastique. Livr\u00e9 dans un coffret cadeau en carton recycl\u00e9.","og_url":"https:\/\/perle-in.com\/en\/product\/ensemble-legato-comprenant-carnet-a5-stylo-bille-et-stylo-roller-encre-bleue\/","og_site_name":"PERLE IN","article_modified_time":"2025-10-15T14:52:00+00:00","og_image":[{"width":1600,"height":1600,"url":"https:\/\/perle-in.com\/wp-content\/uploads\/2025\/10\/10792571-1.jpg","type":"image\/jpeg"}],"twitter_card":"summary_large_image","schema":{"@context":"https:\/\/schema.org","@graph":[{"@type":"WebPage","@id":"https:\/\/perle-in.com\/produit\/ensemble-legato-comprenant-carnet-a5-stylo-bille-et-stylo-roller-encre-bleue\/","url":"https:\/\/perle-in.com\/produit\/ensemble-legato-comprenant-carnet-a5-stylo-bille-et-stylo-roller-encre-bleue\/","name":"Ensemble Legato comprenant carnet A5, stylo bille et stylo roller (encre bleue) - PERLE IN","isPartOf":{"@id":"https:\/\/perle-in.com\/#website"},"primaryImageOfPage":{"@id":"https:\/\/perle-in.com\/produit\/ensemble-legato-comprenant-carnet-a5-stylo-bille-et-stylo-roller-encre-bleue\/#primaryimage"},"image":{"@id":"https:\/\/perle-in.com\/produit\/ensemble-legato-comprenant-carnet-a5-stylo-bille-et-stylo-roller-encre-bleue\/#primaryimage"},"thumbnailUrl":"https:\/\/perle-in.com\/wp-content\/uploads\/2025\/10\/10792571-1.jpg","datePublished":"2025-10-15T14:51:56+00:00","dateModified":"2025-10-15T14:52:00+00:00","breadcrumb":{"@id":"https:\/\/perle-in.com\/produit\/ensemble-legato-comprenant-carnet-a5-stylo-bille-et-stylo-roller-encre-bleue\/#breadcrumb"},"inLanguage":"en-CA","potentialAction":[{"@type":"ReadAction","target":["https:\/\/perle-in.com\/produit\/ensemble-legato-comprenant-carnet-a5-stylo-bille-et-stylo-roller-encre-bleue\/"]}]},{"@type":"ImageObject","inLanguage":"en-CA","@id":"https:\/\/perle-in.com\/produit\/ensemble-legato-comprenant-carnet-a5-stylo-bille-et-stylo-roller-encre-bleue\/#primaryimage","url":"https:\/\/perle-in.com\/wp-content\/uploads\/2025\/10\/10792571-1.jpg","contentUrl":"https:\/\/perle-in.com\/wp-content\/uploads\/2025\/10\/10792571-1.jpg","width":1600,"height":1600},{"@type":"BreadcrumbList","@id":"https:\/\/perle-in.com\/produit\/ensemble-legato-comprenant-carnet-a5-stylo-bille-et-stylo-roller-encre-bleue\/#breadcrumb","itemListElement":[{"@type":"ListItem","position":1,"name":"Accueil","item":"https:\/\/perle-in.com\/"},{"@type":"ListItem","position":2,"name":"Boutique","item":"https:\/\/perle-in.com\/boutique\/"},{"@type":"ListItem","position":3,"name":"Ensemble Legato comprenant carnet A5, stylo bille et stylo roller (encre bleue)"}]},{"@type":"WebSite","@id":"https:\/\/perle-in.com\/#website","url":"https:\/\/perle-in.com\/","name":"PERLE IN","description":"","publisher":{"@id":"https:\/\/perle-in.com\/#organization"},"potentialAction":[{"@type":"SearchAction","target":{"@type":"EntryPoint","urlTemplate":"https:\/\/perle-in.com\/?s={search_term_string}"},"query-input":{"@type":"PropertyValueSpecification","valueRequired":true,"valueName":"search_term_string"}}],"inLanguage":"en-CA"},{"@type":"Organization","@id":"https:\/\/perle-in.com\/#organization","name":"PERLE IN","url":"https:\/\/perle-in.com\/","logo":{"@type":"ImageObject","inLanguage":"en-CA","@id":"https:\/\/perle-in.com\/#\/schema\/logo\/image\/","url":"https:\/\/perle-in.com\/wp-content\/uploads\/2022\/12\/LOGO-PERLE-IN-COULEUR@3x.webp","contentUrl":"https:\/\/perle-in.com\/wp-content\/uploads\/2022\/12\/LOGO-PERLE-IN-COULEUR@3x.webp","width":1600,"height":490,"caption":"PERLE IN"},"image":{"@id":"https:\/\/perle-in.com\/#\/schema\/logo\/image\/"}}]}},"jetpack_sharing_enabled":true,"_links":{"self":[{"href":"https:\/\/perle-in.com\/en\/wp-json\/wp\/v2\/product\/564036","targetHints":{"allow":["GET"]}}],"collection":[{"href":"https:\/\/perle-in.com\/en\/wp-json\/wp\/v2\/product"}],"about":[{"href":"https:\/\/perle-in.com\/en\/wp-json\/wp\/v2\/types\/product"}],"version-history":[{"count":0,"href":"https:\/\/perle-in.com\/en\/wp-json\/wp\/v2\/product\/564036\/revisions"}],"wp:featuredmedia":[{"embeddable":true,"href":"https:\/\/perle-in.com\/en\/wp-json\/wp\/v2\/media\/563911"}],"wp:attachment":[{"href":"https:\/\/perle-in.com\/en\/wp-json\/wp\/v2\/media?parent=564036"}],"wp:term":[{"taxonomy":"product_brand","embeddable":true,"href":"https:\/\/perle-in.com\/en\/wp-json\/wp\/v2\/product_brand?post=564036"},{"taxonomy":"product_cat","embeddable":true,"href":"https:\/\/perle-in.com\/en\/wp-json\/wp\/v2\/product_cat?post=564036"},{"taxonomy":"product_tag","embeddable":true,"href":"https:\/\/perle-in.com\/en\/wp-json\/wp\/v2\/product_tag?post=564036"}],"curies":[{"name":"wp","href":"https:\/\/api.w.org\/{rel}","templated":true}]}}