{"id":563630,"date":"2025-10-15T15:55:32","date_gmt":"2025-10-15T13:55:32","guid":{"rendered":"https:\/\/perle-in.com\/produit\/stylo-bille-en-aluminium-recycle-blanca-encre-noire\/"},"modified":"2025-10-19T05:49:08","modified_gmt":"2025-10-19T03:49:08","slug":"stylo-bille-en-aluminium-recycle-blanca-encre-noire","status":"publish","type":"product","link":"https:\/\/perle-in.com\/en\/product\/stylo-bille-en-aluminium-recycle-blanca-encre-noire\/","title":{"rendered":"Stylo bille en aluminium recycl\u00e9 Blanca (encre noire)"},"content":{"rendered":"","protected":false},"excerpt":{"rendered":"<p>Le stylo bille Blanca est dot\u00e9 d&#8217;un corps sup\u00e9rieur en plastique recycl\u00e9 recouvert d&#8217;un rev\u00eatement color\u00e9 et d&#8217;accessoires en bambou sur les deux faces. La partie inf\u00e9rieure du corps est en aluminium recycl\u00e9 et pr\u00e9sente un rev\u00eatement color\u00e9. Couleur d\u2019encre\u00a0: Noire. Longueur d&#8217;\u00e9criture\u00a0: 400\u00a0m\u00e8tres. Taille de la pointe\u00a0: 1\u00a0mm.<\/p>","protected":false},"featured_media":563620,"template":"","meta":{"_eb_attr":""},"product_brand":[],"product_cat":[552,568],"product_tag":[1128,837,836,561,1411],"class_list":{"0":"post-563630","1":"product","2":"type-product","3":"status-publish","4":"has-post-thumbnail","6":"product_cat-stylos-et-ecriture","7":"product_cat-stylos-bille","8":"product_tag-bambou","9":"product_tag-durable","10":"product_tag-recycle","11":"product_tag-stylo","12":"product_tag-stylo-a-bille","13":"pa_couleurs-blanc","14":"pa_couleurs-bleu-ocean","15":"pa_couleurs-gris-crepuscule","16":"pa_couleurs-noir","17":"pa_green-points-3125","18":"pa_matiere-aluminium-recycle","20":"first","21":"instock","22":"shipping-taxable","23":"purchasable","24":"product-type-variable"},"yoast_head":"<!-- This site is optimized with the Yoast SEO plugin v27.4 - https:\/\/yoast.com\/product\/yoast-seo-wordpress\/ -->\n<title>Stylo bille en aluminium recycl\u00e9 Blanca (encre noire) - PERLE IN<\/title>\n<meta name=\"robots\" content=\"noindex, follow, max-snippet:-1, max-image-preview:large, max-video-preview:-1\" \/>\n<meta property=\"og:locale\" content=\"en_US\" \/>\n<meta property=\"og:type\" content=\"article\" \/>\n<meta property=\"og:title\" content=\"Stylo bille en aluminium recycl\u00e9 Blanca (encre noire) - PERLE IN\" \/>\n<meta property=\"og:description\" content=\"Le stylo bille Blanca est dot\u00e9 d&#039;un corps sup\u00e9rieur en plastique recycl\u00e9 recouvert d&#039;un rev\u00eatement color\u00e9 et d&#039;accessoires en bambou sur les deux faces. La partie inf\u00e9rieure du corps est en aluminium recycl\u00e9 et pr\u00e9sente un rev\u00eatement color\u00e9. Couleur d\u2019encre\u00a0: Noire. Longueur d&#039;\u00e9criture\u00a0: 400\u00a0m\u00e8tres. Taille de la pointe\u00a0: 1\u00a0mm.\" \/>\n<meta property=\"og:url\" content=\"https:\/\/perle-in.com\/en\/product\/stylo-bille-en-aluminium-recycle-blanca-encre-noire\/\" \/>\n<meta property=\"og:site_name\" content=\"PERLE IN\" \/>\n<meta property=\"article:modified_time\" content=\"2025-10-19T03:49:08+00:00\" \/>\n<meta property=\"og:image\" content=\"https:\/\/perle-in.com\/wp-content\/uploads\/2025\/10\/10791401-1.jpg\" \/>\n\t<meta property=\"og:image:width\" content=\"1600\" \/>\n\t<meta property=\"og:image:height\" content=\"1600\" \/>\n\t<meta property=\"og:image:type\" content=\"image\/jpeg\" \/>\n<meta name=\"twitter:card\" content=\"summary_large_image\" \/>\n<script type=\"application\/ld+json\" class=\"yoast-schema-graph\">{\"@context\":\"https:\\\/\\\/schema.org\",\"@graph\":[{\"@type\":\"WebPage\",\"@id\":\"https:\\\/\\\/perle-in.com\\\/produit\\\/stylo-bille-en-aluminium-recycle-blanca-encre-noire\\\/\",\"url\":\"https:\\\/\\\/perle-in.com\\\/produit\\\/stylo-bille-en-aluminium-recycle-blanca-encre-noire\\\/\",\"name\":\"Stylo bille en aluminium recycl\u00e9 Blanca (encre noire) - PERLE IN\",\"isPartOf\":{\"@id\":\"https:\\\/\\\/perle-in.com\\\/#website\"},\"primaryImageOfPage\":{\"@id\":\"https:\\\/\\\/perle-in.com\\\/produit\\\/stylo-bille-en-aluminium-recycle-blanca-encre-noire\\\/#primaryimage\"},\"image\":{\"@id\":\"https:\\\/\\\/perle-in.com\\\/produit\\\/stylo-bille-en-aluminium-recycle-blanca-encre-noire\\\/#primaryimage\"},\"thumbnailUrl\":\"https:\\\/\\\/perle-in.com\\\/wp-content\\\/uploads\\\/2025\\\/10\\\/10791401-1.jpg\",\"datePublished\":\"2025-10-15T13:55:32+00:00\",\"dateModified\":\"2025-10-19T03:49:08+00:00\",\"breadcrumb\":{\"@id\":\"https:\\\/\\\/perle-in.com\\\/produit\\\/stylo-bille-en-aluminium-recycle-blanca-encre-noire\\\/#breadcrumb\"},\"inLanguage\":\"en-CA\",\"potentialAction\":[{\"@type\":\"ReadAction\",\"target\":[\"https:\\\/\\\/perle-in.com\\\/produit\\\/stylo-bille-en-aluminium-recycle-blanca-encre-noire\\\/\"]}]},{\"@type\":\"ImageObject\",\"inLanguage\":\"en-CA\",\"@id\":\"https:\\\/\\\/perle-in.com\\\/produit\\\/stylo-bille-en-aluminium-recycle-blanca-encre-noire\\\/#primaryimage\",\"url\":\"https:\\\/\\\/perle-in.com\\\/wp-content\\\/uploads\\\/2025\\\/10\\\/10791401-1.jpg\",\"contentUrl\":\"https:\\\/\\\/perle-in.com\\\/wp-content\\\/uploads\\\/2025\\\/10\\\/10791401-1.jpg\",\"width\":1600,\"height\":1600},{\"@type\":\"BreadcrumbList\",\"@id\":\"https:\\\/\\\/perle-in.com\\\/produit\\\/stylo-bille-en-aluminium-recycle-blanca-encre-noire\\\/#breadcrumb\",\"itemListElement\":[{\"@type\":\"ListItem\",\"position\":1,\"name\":\"Accueil\",\"item\":\"https:\\\/\\\/perle-in.com\\\/\"},{\"@type\":\"ListItem\",\"position\":2,\"name\":\"Boutique\",\"item\":\"https:\\\/\\\/perle-in.com\\\/boutique\\\/\"},{\"@type\":\"ListItem\",\"position\":3,\"name\":\"Stylo bille en aluminium recycl\u00e9 Blanca (encre noire)\"}]},{\"@type\":\"WebSite\",\"@id\":\"https:\\\/\\\/perle-in.com\\\/#website\",\"url\":\"https:\\\/\\\/perle-in.com\\\/\",\"name\":\"PERLE IN\",\"description\":\"\",\"publisher\":{\"@id\":\"https:\\\/\\\/perle-in.com\\\/#organization\"},\"potentialAction\":[{\"@type\":\"SearchAction\",\"target\":{\"@type\":\"EntryPoint\",\"urlTemplate\":\"https:\\\/\\\/perle-in.com\\\/?s={search_term_string}\"},\"query-input\":{\"@type\":\"PropertyValueSpecification\",\"valueRequired\":true,\"valueName\":\"search_term_string\"}}],\"inLanguage\":\"en-CA\"},{\"@type\":\"Organization\",\"@id\":\"https:\\\/\\\/perle-in.com\\\/#organization\",\"name\":\"PERLE IN\",\"url\":\"https:\\\/\\\/perle-in.com\\\/\",\"logo\":{\"@type\":\"ImageObject\",\"inLanguage\":\"en-CA\",\"@id\":\"https:\\\/\\\/perle-in.com\\\/#\\\/schema\\\/logo\\\/image\\\/\",\"url\":\"https:\\\/\\\/perle-in.com\\\/wp-content\\\/uploads\\\/2022\\\/12\\\/LOGO-PERLE-IN-COULEUR@3x.webp\",\"contentUrl\":\"https:\\\/\\\/perle-in.com\\\/wp-content\\\/uploads\\\/2022\\\/12\\\/LOGO-PERLE-IN-COULEUR@3x.webp\",\"width\":1600,\"height\":490,\"caption\":\"PERLE IN\"},\"image\":{\"@id\":\"https:\\\/\\\/perle-in.com\\\/#\\\/schema\\\/logo\\\/image\\\/\"}}]}<\/script>\n<!-- \/ Yoast SEO plugin. -->","yoast_head_json":{"title":"Stylo bille en aluminium recycl\u00e9 Blanca (encre noire) - PERLE IN","robots":{"index":"noindex","follow":"follow","max-snippet":"max-snippet:-1","max-image-preview":"max-image-preview:large","max-video-preview":"max-video-preview:-1"},"og_locale":"en_US","og_type":"article","og_title":"Stylo bille en aluminium recycl\u00e9 Blanca (encre noire) - PERLE IN","og_description":"Le stylo bille Blanca est dot\u00e9 d'un corps sup\u00e9rieur en plastique recycl\u00e9 recouvert d'un rev\u00eatement color\u00e9 et d'accessoires en bambou sur les deux faces. La partie inf\u00e9rieure du corps est en aluminium recycl\u00e9 et pr\u00e9sente un rev\u00eatement color\u00e9. Couleur d\u2019encre\u00a0: Noire. Longueur d'\u00e9criture\u00a0: 400\u00a0m\u00e8tres. Taille de la pointe\u00a0: 1\u00a0mm.","og_url":"https:\/\/perle-in.com\/en\/product\/stylo-bille-en-aluminium-recycle-blanca-encre-noire\/","og_site_name":"PERLE IN","article_modified_time":"2025-10-19T03:49:08+00:00","og_image":[{"width":1600,"height":1600,"url":"https:\/\/perle-in.com\/wp-content\/uploads\/2025\/10\/10791401-1.jpg","type":"image\/jpeg"}],"twitter_card":"summary_large_image","schema":{"@context":"https:\/\/schema.org","@graph":[{"@type":"WebPage","@id":"https:\/\/perle-in.com\/produit\/stylo-bille-en-aluminium-recycle-blanca-encre-noire\/","url":"https:\/\/perle-in.com\/produit\/stylo-bille-en-aluminium-recycle-blanca-encre-noire\/","name":"Stylo bille en aluminium recycl\u00e9 Blanca (encre noire) - PERLE IN","isPartOf":{"@id":"https:\/\/perle-in.com\/#website"},"primaryImageOfPage":{"@id":"https:\/\/perle-in.com\/produit\/stylo-bille-en-aluminium-recycle-blanca-encre-noire\/#primaryimage"},"image":{"@id":"https:\/\/perle-in.com\/produit\/stylo-bille-en-aluminium-recycle-blanca-encre-noire\/#primaryimage"},"thumbnailUrl":"https:\/\/perle-in.com\/wp-content\/uploads\/2025\/10\/10791401-1.jpg","datePublished":"2025-10-15T13:55:32+00:00","dateModified":"2025-10-19T03:49:08+00:00","breadcrumb":{"@id":"https:\/\/perle-in.com\/produit\/stylo-bille-en-aluminium-recycle-blanca-encre-noire\/#breadcrumb"},"inLanguage":"en-CA","potentialAction":[{"@type":"ReadAction","target":["https:\/\/perle-in.com\/produit\/stylo-bille-en-aluminium-recycle-blanca-encre-noire\/"]}]},{"@type":"ImageObject","inLanguage":"en-CA","@id":"https:\/\/perle-in.com\/produit\/stylo-bille-en-aluminium-recycle-blanca-encre-noire\/#primaryimage","url":"https:\/\/perle-in.com\/wp-content\/uploads\/2025\/10\/10791401-1.jpg","contentUrl":"https:\/\/perle-in.com\/wp-content\/uploads\/2025\/10\/10791401-1.jpg","width":1600,"height":1600},{"@type":"BreadcrumbList","@id":"https:\/\/perle-in.com\/produit\/stylo-bille-en-aluminium-recycle-blanca-encre-noire\/#breadcrumb","itemListElement":[{"@type":"ListItem","position":1,"name":"Accueil","item":"https:\/\/perle-in.com\/"},{"@type":"ListItem","position":2,"name":"Boutique","item":"https:\/\/perle-in.com\/boutique\/"},{"@type":"ListItem","position":3,"name":"Stylo bille en aluminium recycl\u00e9 Blanca (encre noire)"}]},{"@type":"WebSite","@id":"https:\/\/perle-in.com\/#website","url":"https:\/\/perle-in.com\/","name":"PERLE IN","description":"","publisher":{"@id":"https:\/\/perle-in.com\/#organization"},"potentialAction":[{"@type":"SearchAction","target":{"@type":"EntryPoint","urlTemplate":"https:\/\/perle-in.com\/?s={search_term_string}"},"query-input":{"@type":"PropertyValueSpecification","valueRequired":true,"valueName":"search_term_string"}}],"inLanguage":"en-CA"},{"@type":"Organization","@id":"https:\/\/perle-in.com\/#organization","name":"PERLE IN","url":"https:\/\/perle-in.com\/","logo":{"@type":"ImageObject","inLanguage":"en-CA","@id":"https:\/\/perle-in.com\/#\/schema\/logo\/image\/","url":"https:\/\/perle-in.com\/wp-content\/uploads\/2022\/12\/LOGO-PERLE-IN-COULEUR@3x.webp","contentUrl":"https:\/\/perle-in.com\/wp-content\/uploads\/2022\/12\/LOGO-PERLE-IN-COULEUR@3x.webp","width":1600,"height":490,"caption":"PERLE IN"},"image":{"@id":"https:\/\/perle-in.com\/#\/schema\/logo\/image\/"}}]}},"jetpack_sharing_enabled":true,"_links":{"self":[{"href":"https:\/\/perle-in.com\/en\/wp-json\/wp\/v2\/product\/563630","targetHints":{"allow":["GET"]}}],"collection":[{"href":"https:\/\/perle-in.com\/en\/wp-json\/wp\/v2\/product"}],"about":[{"href":"https:\/\/perle-in.com\/en\/wp-json\/wp\/v2\/types\/product"}],"version-history":[{"count":0,"href":"https:\/\/perle-in.com\/en\/wp-json\/wp\/v2\/product\/563630\/revisions"}],"wp:featuredmedia":[{"embeddable":true,"href":"https:\/\/perle-in.com\/en\/wp-json\/wp\/v2\/media\/563620"}],"wp:attachment":[{"href":"https:\/\/perle-in.com\/en\/wp-json\/wp\/v2\/media?parent=563630"}],"wp:term":[{"taxonomy":"product_brand","embeddable":true,"href":"https:\/\/perle-in.com\/en\/wp-json\/wp\/v2\/product_brand?post=563630"},{"taxonomy":"product_cat","embeddable":true,"href":"https:\/\/perle-in.com\/en\/wp-json\/wp\/v2\/product_cat?post=563630"},{"taxonomy":"product_tag","embeddable":true,"href":"https:\/\/perle-in.com\/en\/wp-json\/wp\/v2\/product_tag?post=563630"}],"curies":[{"name":"wp","href":"https:\/\/api.w.org\/{rel}","templated":true}]}}