{"id":563610,"date":"2025-10-15T15:53:35","date_gmt":"2025-10-15T13:53:35","guid":{"rendered":"https:\/\/perle-in.com\/produit\/coffret-cadeau-carmen-avec-carnet-a-couverture-rigide-a5-et-stylo-bille-encre-noire\/"},"modified":"2025-10-19T05:49:08","modified_gmt":"2025-10-19T03:49:08","slug":"coffret-cadeau-carmen-avec-carnet-a-couverture-rigide-a5-et-stylo-bille-encre-noire","status":"publish","type":"product","link":"https:\/\/perle-in.com\/en\/product\/coffret-cadeau-carmen-avec-carnet-a-couverture-rigide-a5-et-stylo-bille-encre-noire\/","title":{"rendered":"Coffret cadeau Carmen avec carnet \u00e0 couverture rigide A5 et stylo bille (encre noire)"},"content":{"rendered":"","protected":false},"excerpt":{"rendered":"<p>Le coffret cadeau Carmen comprend un carnet A5 \u00e0 couverture rigide, un stylo bille, une bouteille d&#8217;eau et un parapluie. Le carnet est dot\u00e9 d&#8217;un \u00e9lastique de fermeture noir, d&#8217;un ruban marque-page et de 80\u00a0feuilles lign\u00e9es de couleur cr\u00e8me en papier 80\u00a0g\/m\u00b2. La couverture du carnet et le demi-cercle en bambou servent de socle de t\u00e9l\u00e9phone. Le stylo bille est fabriqu\u00e9 en aluminium recycl\u00e9 certifi\u00e9 RCS et pr\u00e9sente un rev\u00eatement noir et une poign\u00e9e en bambou. Encre du stylo\u00a0: Noire. Longueur d&#8217;\u00e9criture\u00a0: 1\u00a0000\u00a0m\u00e8tres. La bouteille d&#8217;eau de 450\u00a0ml est fabriqu\u00e9e en acier inoxydable et comprend un accessoire en bambou \u00e0 sa base. Lavage \u00e0 la main uniquement. Dimensions de la bouteille\u00a0: 6,6\u00a0x\u00a022,2\u00a0cm. Le parapluie de 21&#8243; est dot\u00e9 d&#8217;une toile en pong\u00e9 noir, d&#8217;un mat en m\u00e9tal noir, de baleines en fibre de verre noires et d&#8217;une poign\u00e9e en bambou. Dimensions du parapluie\u00a0: 28,3\u00a0x\u00a05,5\u00a0cm. Dimensions du coffret cadeau\u00a0: 36\u00a0x\u00a030\u00a0x\u00a08\u00a0cm.<\/p>","protected":false},"featured_media":563598,"template":"","meta":{"_eb_attr":""},"product_brand":[],"product_cat":[587,4196],"product_tag":[276,1513,1520,274,1661,248,561],"class_list":{"0":"post-563610","1":"product","2":"type-product","3":"status-publish","4":"has-post-thumbnail","6":"product_cat-bloc-notes-couverture-rigide","7":"product_cat-blocs-notes-et-papeterie-personnalisee","8":"product_tag-boire","9":"product_tag-carnet","10":"product_tag-coffret-cadeau","11":"product_tag-eau","12":"product_tag-parapluie","13":"product_tag-pluie","14":"product_tag-stylo","15":"pa_couleurs-noir","16":"pa_green-points-3218","17":"pa_matiere-papier-certifie-fsc-pet-polyester-recycle-aluminium-recycle","19":"first","20":"instock","21":"shipping-taxable","22":"purchasable","23":"product-type-variable"},"yoast_head":"<!-- This site is optimized with the Yoast SEO plugin v27.4 - https:\/\/yoast.com\/product\/yoast-seo-wordpress\/ -->\n<title>Coffret cadeau Carmen avec carnet \u00e0 couverture rigide A5 et stylo bille (encre noire) - PERLE IN<\/title>\n<meta name=\"robots\" content=\"noindex, follow, max-snippet:-1, max-image-preview:large, max-video-preview:-1\" \/>\n<meta property=\"og:locale\" content=\"en_US\" \/>\n<meta property=\"og:type\" content=\"article\" \/>\n<meta property=\"og:title\" content=\"Coffret cadeau Carmen avec carnet \u00e0 couverture rigide A5 et stylo bille (encre noire) - PERLE IN\" \/>\n<meta property=\"og:description\" content=\"Le coffret cadeau Carmen comprend un carnet A5 \u00e0 couverture rigide, un stylo bille, une bouteille d&#039;eau et un parapluie. Le carnet est dot\u00e9 d&#039;un \u00e9lastique de fermeture noir, d&#039;un ruban marque-page et de 80\u00a0feuilles lign\u00e9es de couleur cr\u00e8me en papier 80\u00a0g\/m\u00b2. La couverture du carnet et le demi-cercle en bambou servent de socle de t\u00e9l\u00e9phone. Le stylo bille est fabriqu\u00e9 en aluminium recycl\u00e9 certifi\u00e9 RCS et pr\u00e9sente un rev\u00eatement noir et une poign\u00e9e en bambou. Encre du stylo\u00a0: Noire. Longueur d&#039;\u00e9criture\u00a0: 1\u00a0000\u00a0m\u00e8tres. La bouteille d&#039;eau de 450\u00a0ml est fabriqu\u00e9e en acier inoxydable et comprend un accessoire en bambou \u00e0 sa base. Lavage \u00e0 la main uniquement. Dimensions de la bouteille\u00a0: 6,6\u00a0x\u00a022,2\u00a0cm. Le parapluie de 21&quot; est dot\u00e9 d&#039;une toile en pong\u00e9 noir, d&#039;un mat en m\u00e9tal noir, de baleines en fibre de verre noires et d&#039;une poign\u00e9e en bambou. Dimensions du parapluie\u00a0: 28,3\u00a0x\u00a05,5\u00a0cm. Dimensions du coffret cadeau\u00a0: 36\u00a0x\u00a030\u00a0x\u00a08\u00a0cm.\" \/>\n<meta property=\"og:url\" content=\"https:\/\/perle-in.com\/en\/product\/coffret-cadeau-carmen-avec-carnet-a-couverture-rigide-a5-et-stylo-bille-encre-noire\/\" \/>\n<meta property=\"og:site_name\" content=\"PERLE IN\" \/>\n<meta property=\"article:modified_time\" content=\"2025-10-19T03:49:08+00:00\" \/>\n<meta property=\"og:image\" content=\"https:\/\/perle-in.com\/wp-content\/uploads\/2025\/10\/10791290-1.jpg\" \/>\n\t<meta property=\"og:image:width\" content=\"1600\" \/>\n\t<meta property=\"og:image:height\" content=\"1600\" \/>\n\t<meta property=\"og:image:type\" content=\"image\/jpeg\" \/>\n<meta name=\"twitter:card\" content=\"summary_large_image\" \/>\n<script type=\"application\/ld+json\" class=\"yoast-schema-graph\">{\"@context\":\"https:\\\/\\\/schema.org\",\"@graph\":[{\"@type\":\"WebPage\",\"@id\":\"https:\\\/\\\/perle-in.com\\\/produit\\\/coffret-cadeau-carmen-avec-carnet-a-couverture-rigide-a5-et-stylo-bille-encre-noire\\\/\",\"url\":\"https:\\\/\\\/perle-in.com\\\/produit\\\/coffret-cadeau-carmen-avec-carnet-a-couverture-rigide-a5-et-stylo-bille-encre-noire\\\/\",\"name\":\"Coffret cadeau Carmen avec carnet \u00e0 couverture rigide A5 et stylo bille (encre noire) - PERLE IN\",\"isPartOf\":{\"@id\":\"https:\\\/\\\/perle-in.com\\\/#website\"},\"primaryImageOfPage\":{\"@id\":\"https:\\\/\\\/perle-in.com\\\/produit\\\/coffret-cadeau-carmen-avec-carnet-a-couverture-rigide-a5-et-stylo-bille-encre-noire\\\/#primaryimage\"},\"image\":{\"@id\":\"https:\\\/\\\/perle-in.com\\\/produit\\\/coffret-cadeau-carmen-avec-carnet-a-couverture-rigide-a5-et-stylo-bille-encre-noire\\\/#primaryimage\"},\"thumbnailUrl\":\"https:\\\/\\\/perle-in.com\\\/wp-content\\\/uploads\\\/2025\\\/10\\\/10791290-1.jpg\",\"datePublished\":\"2025-10-15T13:53:35+00:00\",\"dateModified\":\"2025-10-19T03:49:08+00:00\",\"breadcrumb\":{\"@id\":\"https:\\\/\\\/perle-in.com\\\/produit\\\/coffret-cadeau-carmen-avec-carnet-a-couverture-rigide-a5-et-stylo-bille-encre-noire\\\/#breadcrumb\"},\"inLanguage\":\"en-CA\",\"potentialAction\":[{\"@type\":\"ReadAction\",\"target\":[\"https:\\\/\\\/perle-in.com\\\/produit\\\/coffret-cadeau-carmen-avec-carnet-a-couverture-rigide-a5-et-stylo-bille-encre-noire\\\/\"]}]},{\"@type\":\"ImageObject\",\"inLanguage\":\"en-CA\",\"@id\":\"https:\\\/\\\/perle-in.com\\\/produit\\\/coffret-cadeau-carmen-avec-carnet-a-couverture-rigide-a5-et-stylo-bille-encre-noire\\\/#primaryimage\",\"url\":\"https:\\\/\\\/perle-in.com\\\/wp-content\\\/uploads\\\/2025\\\/10\\\/10791290-1.jpg\",\"contentUrl\":\"https:\\\/\\\/perle-in.com\\\/wp-content\\\/uploads\\\/2025\\\/10\\\/10791290-1.jpg\",\"width\":1600,\"height\":1600},{\"@type\":\"BreadcrumbList\",\"@id\":\"https:\\\/\\\/perle-in.com\\\/produit\\\/coffret-cadeau-carmen-avec-carnet-a-couverture-rigide-a5-et-stylo-bille-encre-noire\\\/#breadcrumb\",\"itemListElement\":[{\"@type\":\"ListItem\",\"position\":1,\"name\":\"Accueil\",\"item\":\"https:\\\/\\\/perle-in.com\\\/\"},{\"@type\":\"ListItem\",\"position\":2,\"name\":\"Boutique\",\"item\":\"https:\\\/\\\/perle-in.com\\\/boutique\\\/\"},{\"@type\":\"ListItem\",\"position\":3,\"name\":\"Coffret cadeau Carmen avec carnet \u00e0 couverture rigide A5 et stylo bille (encre noire)\"}]},{\"@type\":\"WebSite\",\"@id\":\"https:\\\/\\\/perle-in.com\\\/#website\",\"url\":\"https:\\\/\\\/perle-in.com\\\/\",\"name\":\"PERLE IN\",\"description\":\"\",\"publisher\":{\"@id\":\"https:\\\/\\\/perle-in.com\\\/#organization\"},\"potentialAction\":[{\"@type\":\"SearchAction\",\"target\":{\"@type\":\"EntryPoint\",\"urlTemplate\":\"https:\\\/\\\/perle-in.com\\\/?s={search_term_string}\"},\"query-input\":{\"@type\":\"PropertyValueSpecification\",\"valueRequired\":true,\"valueName\":\"search_term_string\"}}],\"inLanguage\":\"en-CA\"},{\"@type\":\"Organization\",\"@id\":\"https:\\\/\\\/perle-in.com\\\/#organization\",\"name\":\"PERLE IN\",\"url\":\"https:\\\/\\\/perle-in.com\\\/\",\"logo\":{\"@type\":\"ImageObject\",\"inLanguage\":\"en-CA\",\"@id\":\"https:\\\/\\\/perle-in.com\\\/#\\\/schema\\\/logo\\\/image\\\/\",\"url\":\"https:\\\/\\\/perle-in.com\\\/wp-content\\\/uploads\\\/2022\\\/12\\\/LOGO-PERLE-IN-COULEUR@3x.webp\",\"contentUrl\":\"https:\\\/\\\/perle-in.com\\\/wp-content\\\/uploads\\\/2022\\\/12\\\/LOGO-PERLE-IN-COULEUR@3x.webp\",\"width\":1600,\"height\":490,\"caption\":\"PERLE IN\"},\"image\":{\"@id\":\"https:\\\/\\\/perle-in.com\\\/#\\\/schema\\\/logo\\\/image\\\/\"}}]}<\/script>\n<!-- \/ Yoast SEO plugin. -->","yoast_head_json":{"title":"Coffret cadeau Carmen avec carnet \u00e0 couverture rigide A5 et stylo bille (encre noire) - PERLE IN","robots":{"index":"noindex","follow":"follow","max-snippet":"max-snippet:-1","max-image-preview":"max-image-preview:large","max-video-preview":"max-video-preview:-1"},"og_locale":"en_US","og_type":"article","og_title":"Coffret cadeau Carmen avec carnet \u00e0 couverture rigide A5 et stylo bille (encre noire) - PERLE IN","og_description":"Le coffret cadeau Carmen comprend un carnet A5 \u00e0 couverture rigide, un stylo bille, une bouteille d'eau et un parapluie. Le carnet est dot\u00e9 d'un \u00e9lastique de fermeture noir, d'un ruban marque-page et de 80\u00a0feuilles lign\u00e9es de couleur cr\u00e8me en papier 80\u00a0g\/m\u00b2. La couverture du carnet et le demi-cercle en bambou servent de socle de t\u00e9l\u00e9phone. Le stylo bille est fabriqu\u00e9 en aluminium recycl\u00e9 certifi\u00e9 RCS et pr\u00e9sente un rev\u00eatement noir et une poign\u00e9e en bambou. Encre du stylo\u00a0: Noire. Longueur d'\u00e9criture\u00a0: 1\u00a0000\u00a0m\u00e8tres. La bouteille d'eau de 450\u00a0ml est fabriqu\u00e9e en acier inoxydable et comprend un accessoire en bambou \u00e0 sa base. Lavage \u00e0 la main uniquement. Dimensions de la bouteille\u00a0: 6,6\u00a0x\u00a022,2\u00a0cm. Le parapluie de 21\" est dot\u00e9 d'une toile en pong\u00e9 noir, d'un mat en m\u00e9tal noir, de baleines en fibre de verre noires et d'une poign\u00e9e en bambou. Dimensions du parapluie\u00a0: 28,3\u00a0x\u00a05,5\u00a0cm. Dimensions du coffret cadeau\u00a0: 36\u00a0x\u00a030\u00a0x\u00a08\u00a0cm.","og_url":"https:\/\/perle-in.com\/en\/product\/coffret-cadeau-carmen-avec-carnet-a-couverture-rigide-a5-et-stylo-bille-encre-noire\/","og_site_name":"PERLE IN","article_modified_time":"2025-10-19T03:49:08+00:00","og_image":[{"width":1600,"height":1600,"url":"https:\/\/perle-in.com\/wp-content\/uploads\/2025\/10\/10791290-1.jpg","type":"image\/jpeg"}],"twitter_card":"summary_large_image","schema":{"@context":"https:\/\/schema.org","@graph":[{"@type":"WebPage","@id":"https:\/\/perle-in.com\/produit\/coffret-cadeau-carmen-avec-carnet-a-couverture-rigide-a5-et-stylo-bille-encre-noire\/","url":"https:\/\/perle-in.com\/produit\/coffret-cadeau-carmen-avec-carnet-a-couverture-rigide-a5-et-stylo-bille-encre-noire\/","name":"Coffret cadeau Carmen avec carnet \u00e0 couverture rigide A5 et stylo bille (encre noire) - PERLE IN","isPartOf":{"@id":"https:\/\/perle-in.com\/#website"},"primaryImageOfPage":{"@id":"https:\/\/perle-in.com\/produit\/coffret-cadeau-carmen-avec-carnet-a-couverture-rigide-a5-et-stylo-bille-encre-noire\/#primaryimage"},"image":{"@id":"https:\/\/perle-in.com\/produit\/coffret-cadeau-carmen-avec-carnet-a-couverture-rigide-a5-et-stylo-bille-encre-noire\/#primaryimage"},"thumbnailUrl":"https:\/\/perle-in.com\/wp-content\/uploads\/2025\/10\/10791290-1.jpg","datePublished":"2025-10-15T13:53:35+00:00","dateModified":"2025-10-19T03:49:08+00:00","breadcrumb":{"@id":"https:\/\/perle-in.com\/produit\/coffret-cadeau-carmen-avec-carnet-a-couverture-rigide-a5-et-stylo-bille-encre-noire\/#breadcrumb"},"inLanguage":"en-CA","potentialAction":[{"@type":"ReadAction","target":["https:\/\/perle-in.com\/produit\/coffret-cadeau-carmen-avec-carnet-a-couverture-rigide-a5-et-stylo-bille-encre-noire\/"]}]},{"@type":"ImageObject","inLanguage":"en-CA","@id":"https:\/\/perle-in.com\/produit\/coffret-cadeau-carmen-avec-carnet-a-couverture-rigide-a5-et-stylo-bille-encre-noire\/#primaryimage","url":"https:\/\/perle-in.com\/wp-content\/uploads\/2025\/10\/10791290-1.jpg","contentUrl":"https:\/\/perle-in.com\/wp-content\/uploads\/2025\/10\/10791290-1.jpg","width":1600,"height":1600},{"@type":"BreadcrumbList","@id":"https:\/\/perle-in.com\/produit\/coffret-cadeau-carmen-avec-carnet-a-couverture-rigide-a5-et-stylo-bille-encre-noire\/#breadcrumb","itemListElement":[{"@type":"ListItem","position":1,"name":"Accueil","item":"https:\/\/perle-in.com\/"},{"@type":"ListItem","position":2,"name":"Boutique","item":"https:\/\/perle-in.com\/boutique\/"},{"@type":"ListItem","position":3,"name":"Coffret cadeau Carmen avec carnet \u00e0 couverture rigide A5 et stylo bille (encre noire)"}]},{"@type":"WebSite","@id":"https:\/\/perle-in.com\/#website","url":"https:\/\/perle-in.com\/","name":"PERLE IN","description":"","publisher":{"@id":"https:\/\/perle-in.com\/#organization"},"potentialAction":[{"@type":"SearchAction","target":{"@type":"EntryPoint","urlTemplate":"https:\/\/perle-in.com\/?s={search_term_string}"},"query-input":{"@type":"PropertyValueSpecification","valueRequired":true,"valueName":"search_term_string"}}],"inLanguage":"en-CA"},{"@type":"Organization","@id":"https:\/\/perle-in.com\/#organization","name":"PERLE IN","url":"https:\/\/perle-in.com\/","logo":{"@type":"ImageObject","inLanguage":"en-CA","@id":"https:\/\/perle-in.com\/#\/schema\/logo\/image\/","url":"https:\/\/perle-in.com\/wp-content\/uploads\/2022\/12\/LOGO-PERLE-IN-COULEUR@3x.webp","contentUrl":"https:\/\/perle-in.com\/wp-content\/uploads\/2022\/12\/LOGO-PERLE-IN-COULEUR@3x.webp","width":1600,"height":490,"caption":"PERLE IN"},"image":{"@id":"https:\/\/perle-in.com\/#\/schema\/logo\/image\/"}}]}},"jetpack_sharing_enabled":true,"_links":{"self":[{"href":"https:\/\/perle-in.com\/en\/wp-json\/wp\/v2\/product\/563610","targetHints":{"allow":["GET"]}}],"collection":[{"href":"https:\/\/perle-in.com\/en\/wp-json\/wp\/v2\/product"}],"about":[{"href":"https:\/\/perle-in.com\/en\/wp-json\/wp\/v2\/types\/product"}],"version-history":[{"count":0,"href":"https:\/\/perle-in.com\/en\/wp-json\/wp\/v2\/product\/563610\/revisions"}],"wp:featuredmedia":[{"embeddable":true,"href":"https:\/\/perle-in.com\/en\/wp-json\/wp\/v2\/media\/563598"}],"wp:attachment":[{"href":"https:\/\/perle-in.com\/en\/wp-json\/wp\/v2\/media?parent=563610"}],"wp:term":[{"taxonomy":"product_brand","embeddable":true,"href":"https:\/\/perle-in.com\/en\/wp-json\/wp\/v2\/product_brand?post=563610"},{"taxonomy":"product_cat","embeddable":true,"href":"https:\/\/perle-in.com\/en\/wp-json\/wp\/v2\/product_cat?post=563610"},{"taxonomy":"product_tag","embeddable":true,"href":"https:\/\/perle-in.com\/en\/wp-json\/wp\/v2\/product_tag?post=563610"}],"curies":[{"name":"wp","href":"https:\/\/api.w.org\/{rel}","templated":true}]}}