{"id":563596,"date":"2025-10-15T15:51:44","date_gmt":"2025-10-15T13:51:44","guid":{"rendered":"https:\/\/perle-in.com\/produit\/coffret-cadeau-laura-avec-carnet-a-couverture-rigide-a5-et-stylo-bille-encre-noire\/"},"modified":"2025-10-19T05:49:08","modified_gmt":"2025-10-19T03:49:08","slug":"coffret-cadeau-laura-avec-carnet-a-couverture-rigide-a5-et-stylo-bille-encre-noire","status":"publish","type":"product","link":"https:\/\/perle-in.com\/en\/product\/coffret-cadeau-laura-avec-carnet-a-couverture-rigide-a5-et-stylo-bille-encre-noire\/","title":{"rendered":"Coffret cadeau Laura avec carnet \u00e0 couverture rigide A5 et stylo bille (encre noire)"},"content":{"rendered":"","protected":false},"excerpt":{"rendered":"<p>Le coffret cadeau Laura comprend un carnet A5 \u00e0 couverture rigide en rPET, un stylo bille, un mug en c\u00e9ramique et un sous-verre. Le carnet est dot\u00e9 d&#8217;un \u00e9lastique de fermeture noir, d&#8217;un ruban marque-page et de 80\u00a0feuilles lign\u00e9es de couleur cr\u00e8me en papier 80\u00a0g\/m\u00b2. La couverture du carnet et le demi-cercle en bambou servent de socle de t\u00e9l\u00e9phone. Le stylo bille est fabriqu\u00e9 en aluminium recycl\u00e9 certifi\u00e9 RCS et pr\u00e9sente un rev\u00eatement noir, ainsi que des accessoires en bambou sur les deux c\u00f4t\u00e9s du corps sup\u00e9rieur. Encre du stylo\u00a0: Noire. Longueur d\u2019\u00e9criture\u00a0: 400\u00a0m\u00e8tres. Le mug en c\u00e9ramique de 480\u00a0ml est accompagn\u00e9 d&#8217;un sous-verre en bambou. Lavage \u00e0 la main uniquement. Dimensions du mug\u00a0: 11\u00a0x\u00a012,7\u00a0cm. Diam\u00e8tre du sous-verre\u00a0: 9,5\u00a0cm. Dimensions du coffret cadeau\u00a0: 32\u00a0x\u00a027\u00a0x\u00a010,3\u00a0cm.<\/p>","protected":false},"featured_media":563586,"template":"","meta":{"_eb_attr":""},"product_brand":[],"product_cat":[587,4196],"product_tag":[1513,223,1520,190,2123,561],"class_list":{"0":"post-563596","1":"product","2":"type-product","3":"status-publish","4":"has-post-thumbnail","6":"product_cat-bloc-notes-couverture-rigide","7":"product_cat-blocs-notes-et-papeterie-personnalisee","8":"product_tag-carnet","9":"product_tag-ceramique","10":"product_tag-coffret-cadeau","11":"product_tag-mug","12":"product_tag-sous-verre","13":"product_tag-stylo","14":"pa_couleurs-noir","15":"pa_green-points-3218","16":"pa_matiere-papier-certifie-fsc-ceramique-aluminium-recycle","18":"first","19":"instock","20":"shipping-taxable","21":"purchasable","22":"product-type-variable"},"yoast_head":"<!-- This site is optimized with the Yoast SEO plugin v27.4 - https:\/\/yoast.com\/product\/yoast-seo-wordpress\/ -->\n<title>Coffret cadeau Laura avec carnet \u00e0 couverture rigide A5 et stylo bille (encre noire) - PERLE IN<\/title>\n<meta name=\"robots\" content=\"noindex, follow, max-snippet:-1, max-image-preview:large, max-video-preview:-1\" \/>\n<meta property=\"og:locale\" content=\"en_US\" \/>\n<meta property=\"og:type\" content=\"article\" \/>\n<meta property=\"og:title\" content=\"Coffret cadeau Laura avec carnet \u00e0 couverture rigide A5 et stylo bille (encre noire) - PERLE IN\" \/>\n<meta property=\"og:description\" content=\"Le coffret cadeau Laura comprend un carnet A5 \u00e0 couverture rigide en rPET, un stylo bille, un mug en c\u00e9ramique et un sous-verre. Le carnet est dot\u00e9 d&#039;un \u00e9lastique de fermeture noir, d&#039;un ruban marque-page et de 80\u00a0feuilles lign\u00e9es de couleur cr\u00e8me en papier 80\u00a0g\/m\u00b2. La couverture du carnet et le demi-cercle en bambou servent de socle de t\u00e9l\u00e9phone. Le stylo bille est fabriqu\u00e9 en aluminium recycl\u00e9 certifi\u00e9 RCS et pr\u00e9sente un rev\u00eatement noir, ainsi que des accessoires en bambou sur les deux c\u00f4t\u00e9s du corps sup\u00e9rieur. Encre du stylo\u00a0: Noire. Longueur d\u2019\u00e9criture\u00a0: 400\u00a0m\u00e8tres. Le mug en c\u00e9ramique de 480\u00a0ml est accompagn\u00e9 d&#039;un sous-verre en bambou. Lavage \u00e0 la main uniquement. Dimensions du mug\u00a0: 11\u00a0x\u00a012,7\u00a0cm. Diam\u00e8tre du sous-verre\u00a0: 9,5\u00a0cm. Dimensions du coffret cadeau\u00a0: 32\u00a0x\u00a027\u00a0x\u00a010,3\u00a0cm.\" \/>\n<meta property=\"og:url\" content=\"https:\/\/perle-in.com\/en\/product\/coffret-cadeau-laura-avec-carnet-a-couverture-rigide-a5-et-stylo-bille-encre-noire\/\" \/>\n<meta property=\"og:site_name\" content=\"PERLE IN\" \/>\n<meta property=\"article:modified_time\" content=\"2025-10-19T03:49:08+00:00\" \/>\n<meta property=\"og:image\" content=\"https:\/\/perle-in.com\/wp-content\/uploads\/2025\/10\/10791190-1.jpg\" \/>\n\t<meta property=\"og:image:width\" content=\"1600\" \/>\n\t<meta property=\"og:image:height\" content=\"1600\" \/>\n\t<meta property=\"og:image:type\" content=\"image\/jpeg\" \/>\n<meta name=\"twitter:card\" content=\"summary_large_image\" \/>\n<script type=\"application\/ld+json\" class=\"yoast-schema-graph\">{\"@context\":\"https:\\\/\\\/schema.org\",\"@graph\":[{\"@type\":\"WebPage\",\"@id\":\"https:\\\/\\\/perle-in.com\\\/produit\\\/coffret-cadeau-laura-avec-carnet-a-couverture-rigide-a5-et-stylo-bille-encre-noire\\\/\",\"url\":\"https:\\\/\\\/perle-in.com\\\/produit\\\/coffret-cadeau-laura-avec-carnet-a-couverture-rigide-a5-et-stylo-bille-encre-noire\\\/\",\"name\":\"Coffret cadeau Laura avec carnet \u00e0 couverture rigide A5 et stylo bille (encre noire) - PERLE IN\",\"isPartOf\":{\"@id\":\"https:\\\/\\\/perle-in.com\\\/#website\"},\"primaryImageOfPage\":{\"@id\":\"https:\\\/\\\/perle-in.com\\\/produit\\\/coffret-cadeau-laura-avec-carnet-a-couverture-rigide-a5-et-stylo-bille-encre-noire\\\/#primaryimage\"},\"image\":{\"@id\":\"https:\\\/\\\/perle-in.com\\\/produit\\\/coffret-cadeau-laura-avec-carnet-a-couverture-rigide-a5-et-stylo-bille-encre-noire\\\/#primaryimage\"},\"thumbnailUrl\":\"https:\\\/\\\/perle-in.com\\\/wp-content\\\/uploads\\\/2025\\\/10\\\/10791190-1.jpg\",\"datePublished\":\"2025-10-15T13:51:44+00:00\",\"dateModified\":\"2025-10-19T03:49:08+00:00\",\"breadcrumb\":{\"@id\":\"https:\\\/\\\/perle-in.com\\\/produit\\\/coffret-cadeau-laura-avec-carnet-a-couverture-rigide-a5-et-stylo-bille-encre-noire\\\/#breadcrumb\"},\"inLanguage\":\"en-CA\",\"potentialAction\":[{\"@type\":\"ReadAction\",\"target\":[\"https:\\\/\\\/perle-in.com\\\/produit\\\/coffret-cadeau-laura-avec-carnet-a-couverture-rigide-a5-et-stylo-bille-encre-noire\\\/\"]}]},{\"@type\":\"ImageObject\",\"inLanguage\":\"en-CA\",\"@id\":\"https:\\\/\\\/perle-in.com\\\/produit\\\/coffret-cadeau-laura-avec-carnet-a-couverture-rigide-a5-et-stylo-bille-encre-noire\\\/#primaryimage\",\"url\":\"https:\\\/\\\/perle-in.com\\\/wp-content\\\/uploads\\\/2025\\\/10\\\/10791190-1.jpg\",\"contentUrl\":\"https:\\\/\\\/perle-in.com\\\/wp-content\\\/uploads\\\/2025\\\/10\\\/10791190-1.jpg\",\"width\":1600,\"height\":1600},{\"@type\":\"BreadcrumbList\",\"@id\":\"https:\\\/\\\/perle-in.com\\\/produit\\\/coffret-cadeau-laura-avec-carnet-a-couverture-rigide-a5-et-stylo-bille-encre-noire\\\/#breadcrumb\",\"itemListElement\":[{\"@type\":\"ListItem\",\"position\":1,\"name\":\"Accueil\",\"item\":\"https:\\\/\\\/perle-in.com\\\/\"},{\"@type\":\"ListItem\",\"position\":2,\"name\":\"Boutique\",\"item\":\"https:\\\/\\\/perle-in.com\\\/boutique\\\/\"},{\"@type\":\"ListItem\",\"position\":3,\"name\":\"Coffret cadeau Laura avec carnet \u00e0 couverture rigide A5 et stylo bille (encre noire)\"}]},{\"@type\":\"WebSite\",\"@id\":\"https:\\\/\\\/perle-in.com\\\/#website\",\"url\":\"https:\\\/\\\/perle-in.com\\\/\",\"name\":\"PERLE IN\",\"description\":\"\",\"publisher\":{\"@id\":\"https:\\\/\\\/perle-in.com\\\/#organization\"},\"potentialAction\":[{\"@type\":\"SearchAction\",\"target\":{\"@type\":\"EntryPoint\",\"urlTemplate\":\"https:\\\/\\\/perle-in.com\\\/?s={search_term_string}\"},\"query-input\":{\"@type\":\"PropertyValueSpecification\",\"valueRequired\":true,\"valueName\":\"search_term_string\"}}],\"inLanguage\":\"en-CA\"},{\"@type\":\"Organization\",\"@id\":\"https:\\\/\\\/perle-in.com\\\/#organization\",\"name\":\"PERLE IN\",\"url\":\"https:\\\/\\\/perle-in.com\\\/\",\"logo\":{\"@type\":\"ImageObject\",\"inLanguage\":\"en-CA\",\"@id\":\"https:\\\/\\\/perle-in.com\\\/#\\\/schema\\\/logo\\\/image\\\/\",\"url\":\"https:\\\/\\\/perle-in.com\\\/wp-content\\\/uploads\\\/2022\\\/12\\\/LOGO-PERLE-IN-COULEUR@3x.webp\",\"contentUrl\":\"https:\\\/\\\/perle-in.com\\\/wp-content\\\/uploads\\\/2022\\\/12\\\/LOGO-PERLE-IN-COULEUR@3x.webp\",\"width\":1600,\"height\":490,\"caption\":\"PERLE IN\"},\"image\":{\"@id\":\"https:\\\/\\\/perle-in.com\\\/#\\\/schema\\\/logo\\\/image\\\/\"}}]}<\/script>\n<!-- \/ Yoast SEO plugin. -->","yoast_head_json":{"title":"Coffret cadeau Laura avec carnet \u00e0 couverture rigide A5 et stylo bille (encre noire) - PERLE IN","robots":{"index":"noindex","follow":"follow","max-snippet":"max-snippet:-1","max-image-preview":"max-image-preview:large","max-video-preview":"max-video-preview:-1"},"og_locale":"en_US","og_type":"article","og_title":"Coffret cadeau Laura avec carnet \u00e0 couverture rigide A5 et stylo bille (encre noire) - PERLE IN","og_description":"Le coffret cadeau Laura comprend un carnet A5 \u00e0 couverture rigide en rPET, un stylo bille, un mug en c\u00e9ramique et un sous-verre. Le carnet est dot\u00e9 d'un \u00e9lastique de fermeture noir, d'un ruban marque-page et de 80\u00a0feuilles lign\u00e9es de couleur cr\u00e8me en papier 80\u00a0g\/m\u00b2. La couverture du carnet et le demi-cercle en bambou servent de socle de t\u00e9l\u00e9phone. Le stylo bille est fabriqu\u00e9 en aluminium recycl\u00e9 certifi\u00e9 RCS et pr\u00e9sente un rev\u00eatement noir, ainsi que des accessoires en bambou sur les deux c\u00f4t\u00e9s du corps sup\u00e9rieur. Encre du stylo\u00a0: Noire. Longueur d\u2019\u00e9criture\u00a0: 400\u00a0m\u00e8tres. Le mug en c\u00e9ramique de 480\u00a0ml est accompagn\u00e9 d'un sous-verre en bambou. Lavage \u00e0 la main uniquement. Dimensions du mug\u00a0: 11\u00a0x\u00a012,7\u00a0cm. Diam\u00e8tre du sous-verre\u00a0: 9,5\u00a0cm. Dimensions du coffret cadeau\u00a0: 32\u00a0x\u00a027\u00a0x\u00a010,3\u00a0cm.","og_url":"https:\/\/perle-in.com\/en\/product\/coffret-cadeau-laura-avec-carnet-a-couverture-rigide-a5-et-stylo-bille-encre-noire\/","og_site_name":"PERLE IN","article_modified_time":"2025-10-19T03:49:08+00:00","og_image":[{"width":1600,"height":1600,"url":"https:\/\/perle-in.com\/wp-content\/uploads\/2025\/10\/10791190-1.jpg","type":"image\/jpeg"}],"twitter_card":"summary_large_image","schema":{"@context":"https:\/\/schema.org","@graph":[{"@type":"WebPage","@id":"https:\/\/perle-in.com\/produit\/coffret-cadeau-laura-avec-carnet-a-couverture-rigide-a5-et-stylo-bille-encre-noire\/","url":"https:\/\/perle-in.com\/produit\/coffret-cadeau-laura-avec-carnet-a-couverture-rigide-a5-et-stylo-bille-encre-noire\/","name":"Coffret cadeau Laura avec carnet \u00e0 couverture rigide A5 et stylo bille (encre noire) - PERLE IN","isPartOf":{"@id":"https:\/\/perle-in.com\/#website"},"primaryImageOfPage":{"@id":"https:\/\/perle-in.com\/produit\/coffret-cadeau-laura-avec-carnet-a-couverture-rigide-a5-et-stylo-bille-encre-noire\/#primaryimage"},"image":{"@id":"https:\/\/perle-in.com\/produit\/coffret-cadeau-laura-avec-carnet-a-couverture-rigide-a5-et-stylo-bille-encre-noire\/#primaryimage"},"thumbnailUrl":"https:\/\/perle-in.com\/wp-content\/uploads\/2025\/10\/10791190-1.jpg","datePublished":"2025-10-15T13:51:44+00:00","dateModified":"2025-10-19T03:49:08+00:00","breadcrumb":{"@id":"https:\/\/perle-in.com\/produit\/coffret-cadeau-laura-avec-carnet-a-couverture-rigide-a5-et-stylo-bille-encre-noire\/#breadcrumb"},"inLanguage":"en-CA","potentialAction":[{"@type":"ReadAction","target":["https:\/\/perle-in.com\/produit\/coffret-cadeau-laura-avec-carnet-a-couverture-rigide-a5-et-stylo-bille-encre-noire\/"]}]},{"@type":"ImageObject","inLanguage":"en-CA","@id":"https:\/\/perle-in.com\/produit\/coffret-cadeau-laura-avec-carnet-a-couverture-rigide-a5-et-stylo-bille-encre-noire\/#primaryimage","url":"https:\/\/perle-in.com\/wp-content\/uploads\/2025\/10\/10791190-1.jpg","contentUrl":"https:\/\/perle-in.com\/wp-content\/uploads\/2025\/10\/10791190-1.jpg","width":1600,"height":1600},{"@type":"BreadcrumbList","@id":"https:\/\/perle-in.com\/produit\/coffret-cadeau-laura-avec-carnet-a-couverture-rigide-a5-et-stylo-bille-encre-noire\/#breadcrumb","itemListElement":[{"@type":"ListItem","position":1,"name":"Accueil","item":"https:\/\/perle-in.com\/"},{"@type":"ListItem","position":2,"name":"Boutique","item":"https:\/\/perle-in.com\/boutique\/"},{"@type":"ListItem","position":3,"name":"Coffret cadeau Laura avec carnet \u00e0 couverture rigide A5 et stylo bille (encre noire)"}]},{"@type":"WebSite","@id":"https:\/\/perle-in.com\/#website","url":"https:\/\/perle-in.com\/","name":"PERLE IN","description":"","publisher":{"@id":"https:\/\/perle-in.com\/#organization"},"potentialAction":[{"@type":"SearchAction","target":{"@type":"EntryPoint","urlTemplate":"https:\/\/perle-in.com\/?s={search_term_string}"},"query-input":{"@type":"PropertyValueSpecification","valueRequired":true,"valueName":"search_term_string"}}],"inLanguage":"en-CA"},{"@type":"Organization","@id":"https:\/\/perle-in.com\/#organization","name":"PERLE IN","url":"https:\/\/perle-in.com\/","logo":{"@type":"ImageObject","inLanguage":"en-CA","@id":"https:\/\/perle-in.com\/#\/schema\/logo\/image\/","url":"https:\/\/perle-in.com\/wp-content\/uploads\/2022\/12\/LOGO-PERLE-IN-COULEUR@3x.webp","contentUrl":"https:\/\/perle-in.com\/wp-content\/uploads\/2022\/12\/LOGO-PERLE-IN-COULEUR@3x.webp","width":1600,"height":490,"caption":"PERLE IN"},"image":{"@id":"https:\/\/perle-in.com\/#\/schema\/logo\/image\/"}}]}},"jetpack_sharing_enabled":true,"_links":{"self":[{"href":"https:\/\/perle-in.com\/en\/wp-json\/wp\/v2\/product\/563596","targetHints":{"allow":["GET"]}}],"collection":[{"href":"https:\/\/perle-in.com\/en\/wp-json\/wp\/v2\/product"}],"about":[{"href":"https:\/\/perle-in.com\/en\/wp-json\/wp\/v2\/types\/product"}],"version-history":[{"count":0,"href":"https:\/\/perle-in.com\/en\/wp-json\/wp\/v2\/product\/563596\/revisions"}],"wp:featuredmedia":[{"embeddable":true,"href":"https:\/\/perle-in.com\/en\/wp-json\/wp\/v2\/media\/563586"}],"wp:attachment":[{"href":"https:\/\/perle-in.com\/en\/wp-json\/wp\/v2\/media?parent=563596"}],"wp:term":[{"taxonomy":"product_brand","embeddable":true,"href":"https:\/\/perle-in.com\/en\/wp-json\/wp\/v2\/product_brand?post=563596"},{"taxonomy":"product_cat","embeddable":true,"href":"https:\/\/perle-in.com\/en\/wp-json\/wp\/v2\/product_cat?post=563596"},{"taxonomy":"product_tag","embeddable":true,"href":"https:\/\/perle-in.com\/en\/wp-json\/wp\/v2\/product_tag?post=563596"}],"curies":[{"name":"wp","href":"https:\/\/api.w.org\/{rel}","templated":true}]}}