{"id":563565,"date":"2025-10-15T15:48:57","date_gmt":"2025-10-15T13:48:57","guid":{"rendered":"https:\/\/perle-in.com\/produit\/gobelet-fika-de-340-ml-avec-couvercle-en-bambou\/"},"modified":"2025-10-19T05:49:07","modified_gmt":"2025-10-19T03:49:07","slug":"gobelet-fika-de-340-ml-avec-couvercle-en-bambou","status":"publish","type":"product","link":"https:\/\/perle-in.com\/en\/product\/gobelet-fika-de-340-ml-avec-couvercle-en-bambou\/","title":{"rendered":"Gobelet Fika de 340\u00a0ml avec couvercle en bambou"},"content":{"rendered":"","protected":false},"excerpt":{"rendered":"<p>L&#8217;\u00e9l\u00e9gant gobelet en c\u00e9ramique Fika est dot\u00e9 d&#8217;un couvercle amovible en bambou, id\u00e9al pour d\u00e9guster des boissons chaudes. Le bambou utilis\u00e9 provient de sources durables, respectueuses de l&#8217;environnement et socialement responsables. Capacit\u00e9\u00a0: 340\u00a0ml. Livr\u00e9 dans un coffret en carton recycl\u00e9.<\/p>","protected":false},"featured_media":563556,"template":"","meta":{"_eb_attr":""},"product_brand":[],"product_cat":[173,1209],"product_tag":[1128,275,225,308,192,190,230,227],"class_list":{"0":"post-563565","1":"product","2":"type-product","3":"status-publish","4":"has-post-thumbnail","6":"product_cat-drinkware","7":"product_cat-mugs-pour-voyager","8":"product_tag-bambou","9":"product_tag-boissons","10":"product_tag-cafe","11":"product_tag-gobelet","12":"product_tag-gourde","13":"product_tag-mug","14":"product_tag-tasse","15":"product_tag-the","16":"pa_couleurs-blanc","17":"pa_couleurs-bleu-hale","18":"pa_couleurs-flocons-davoine","19":"pa_couleurs-noir","20":"pa_matiere-94-gres","22":"first","23":"instock","24":"shipping-taxable","25":"purchasable","26":"product-type-variable"},"yoast_head":"<!-- This site is optimized with the Yoast SEO plugin v27.4 - https:\/\/yoast.com\/product\/yoast-seo-wordpress\/ -->\n<title>Gobelet Fika de 340\u00a0ml avec couvercle en bambou - PERLE IN<\/title>\n<meta name=\"robots\" content=\"noindex, follow, max-snippet:-1, max-image-preview:large, max-video-preview:-1\" \/>\n<meta property=\"og:locale\" content=\"en_US\" \/>\n<meta property=\"og:type\" content=\"article\" \/>\n<meta property=\"og:title\" content=\"Gobelet Fika de 340\u00a0ml avec couvercle en bambou - PERLE IN\" \/>\n<meta property=\"og:description\" content=\"L&#039;\u00e9l\u00e9gant gobelet en c\u00e9ramique Fika est dot\u00e9 d&#039;un couvercle amovible en bambou, id\u00e9al pour d\u00e9guster des boissons chaudes. Le bambou utilis\u00e9 provient de sources durables, respectueuses de l&#039;environnement et socialement responsables. Capacit\u00e9\u00a0: 340\u00a0ml. Livr\u00e9 dans un coffret en carton recycl\u00e9.\" \/>\n<meta property=\"og:url\" content=\"https:\/\/perle-in.com\/en\/product\/gobelet-fika-de-340-ml-avec-couvercle-en-bambou\/\" \/>\n<meta property=\"og:site_name\" content=\"PERLE IN\" \/>\n<meta property=\"article:modified_time\" content=\"2025-10-19T03:49:07+00:00\" \/>\n<meta property=\"og:image\" content=\"https:\/\/perle-in.com\/wp-content\/uploads\/2025\/10\/10080901-1.jpg\" \/>\n\t<meta property=\"og:image:width\" content=\"1600\" \/>\n\t<meta property=\"og:image:height\" content=\"1600\" \/>\n\t<meta property=\"og:image:type\" content=\"image\/jpeg\" \/>\n<meta name=\"twitter:card\" content=\"summary_large_image\" \/>\n<script type=\"application\/ld+json\" class=\"yoast-schema-graph\">{\"@context\":\"https:\\\/\\\/schema.org\",\"@graph\":[{\"@type\":\"WebPage\",\"@id\":\"https:\\\/\\\/perle-in.com\\\/produit\\\/gobelet-fika-de-340-ml-avec-couvercle-en-bambou\\\/\",\"url\":\"https:\\\/\\\/perle-in.com\\\/produit\\\/gobelet-fika-de-340-ml-avec-couvercle-en-bambou\\\/\",\"name\":\"Gobelet Fika de 340\u00a0ml avec couvercle en bambou - PERLE IN\",\"isPartOf\":{\"@id\":\"https:\\\/\\\/perle-in.com\\\/#website\"},\"primaryImageOfPage\":{\"@id\":\"https:\\\/\\\/perle-in.com\\\/produit\\\/gobelet-fika-de-340-ml-avec-couvercle-en-bambou\\\/#primaryimage\"},\"image\":{\"@id\":\"https:\\\/\\\/perle-in.com\\\/produit\\\/gobelet-fika-de-340-ml-avec-couvercle-en-bambou\\\/#primaryimage\"},\"thumbnailUrl\":\"https:\\\/\\\/perle-in.com\\\/wp-content\\\/uploads\\\/2025\\\/10\\\/10080901-1.jpg\",\"datePublished\":\"2025-10-15T13:48:57+00:00\",\"dateModified\":\"2025-10-19T03:49:07+00:00\",\"breadcrumb\":{\"@id\":\"https:\\\/\\\/perle-in.com\\\/produit\\\/gobelet-fika-de-340-ml-avec-couvercle-en-bambou\\\/#breadcrumb\"},\"inLanguage\":\"en-CA\",\"potentialAction\":[{\"@type\":\"ReadAction\",\"target\":[\"https:\\\/\\\/perle-in.com\\\/produit\\\/gobelet-fika-de-340-ml-avec-couvercle-en-bambou\\\/\"]}]},{\"@type\":\"ImageObject\",\"inLanguage\":\"en-CA\",\"@id\":\"https:\\\/\\\/perle-in.com\\\/produit\\\/gobelet-fika-de-340-ml-avec-couvercle-en-bambou\\\/#primaryimage\",\"url\":\"https:\\\/\\\/perle-in.com\\\/wp-content\\\/uploads\\\/2025\\\/10\\\/10080901-1.jpg\",\"contentUrl\":\"https:\\\/\\\/perle-in.com\\\/wp-content\\\/uploads\\\/2025\\\/10\\\/10080901-1.jpg\",\"width\":1600,\"height\":1600},{\"@type\":\"BreadcrumbList\",\"@id\":\"https:\\\/\\\/perle-in.com\\\/produit\\\/gobelet-fika-de-340-ml-avec-couvercle-en-bambou\\\/#breadcrumb\",\"itemListElement\":[{\"@type\":\"ListItem\",\"position\":1,\"name\":\"Accueil\",\"item\":\"https:\\\/\\\/perle-in.com\\\/\"},{\"@type\":\"ListItem\",\"position\":2,\"name\":\"Boutique\",\"item\":\"https:\\\/\\\/perle-in.com\\\/boutique\\\/\"},{\"@type\":\"ListItem\",\"position\":3,\"name\":\"Gobelet Fika de 340\u00a0ml avec couvercle en bambou\"}]},{\"@type\":\"WebSite\",\"@id\":\"https:\\\/\\\/perle-in.com\\\/#website\",\"url\":\"https:\\\/\\\/perle-in.com\\\/\",\"name\":\"PERLE IN\",\"description\":\"\",\"publisher\":{\"@id\":\"https:\\\/\\\/perle-in.com\\\/#organization\"},\"potentialAction\":[{\"@type\":\"SearchAction\",\"target\":{\"@type\":\"EntryPoint\",\"urlTemplate\":\"https:\\\/\\\/perle-in.com\\\/?s={search_term_string}\"},\"query-input\":{\"@type\":\"PropertyValueSpecification\",\"valueRequired\":true,\"valueName\":\"search_term_string\"}}],\"inLanguage\":\"en-CA\"},{\"@type\":\"Organization\",\"@id\":\"https:\\\/\\\/perle-in.com\\\/#organization\",\"name\":\"PERLE IN\",\"url\":\"https:\\\/\\\/perle-in.com\\\/\",\"logo\":{\"@type\":\"ImageObject\",\"inLanguage\":\"en-CA\",\"@id\":\"https:\\\/\\\/perle-in.com\\\/#\\\/schema\\\/logo\\\/image\\\/\",\"url\":\"https:\\\/\\\/perle-in.com\\\/wp-content\\\/uploads\\\/2022\\\/12\\\/LOGO-PERLE-IN-COULEUR@3x.webp\",\"contentUrl\":\"https:\\\/\\\/perle-in.com\\\/wp-content\\\/uploads\\\/2022\\\/12\\\/LOGO-PERLE-IN-COULEUR@3x.webp\",\"width\":1600,\"height\":490,\"caption\":\"PERLE IN\"},\"image\":{\"@id\":\"https:\\\/\\\/perle-in.com\\\/#\\\/schema\\\/logo\\\/image\\\/\"}}]}<\/script>\n<!-- \/ Yoast SEO plugin. -->","yoast_head_json":{"title":"Gobelet Fika de 340\u00a0ml avec couvercle en bambou - PERLE IN","robots":{"index":"noindex","follow":"follow","max-snippet":"max-snippet:-1","max-image-preview":"max-image-preview:large","max-video-preview":"max-video-preview:-1"},"og_locale":"en_US","og_type":"article","og_title":"Gobelet Fika de 340\u00a0ml avec couvercle en bambou - PERLE IN","og_description":"L'\u00e9l\u00e9gant gobelet en c\u00e9ramique Fika est dot\u00e9 d'un couvercle amovible en bambou, id\u00e9al pour d\u00e9guster des boissons chaudes. Le bambou utilis\u00e9 provient de sources durables, respectueuses de l'environnement et socialement responsables. Capacit\u00e9\u00a0: 340\u00a0ml. Livr\u00e9 dans un coffret en carton recycl\u00e9.","og_url":"https:\/\/perle-in.com\/en\/product\/gobelet-fika-de-340-ml-avec-couvercle-en-bambou\/","og_site_name":"PERLE IN","article_modified_time":"2025-10-19T03:49:07+00:00","og_image":[{"width":1600,"height":1600,"url":"https:\/\/perle-in.com\/wp-content\/uploads\/2025\/10\/10080901-1.jpg","type":"image\/jpeg"}],"twitter_card":"summary_large_image","schema":{"@context":"https:\/\/schema.org","@graph":[{"@type":"WebPage","@id":"https:\/\/perle-in.com\/produit\/gobelet-fika-de-340-ml-avec-couvercle-en-bambou\/","url":"https:\/\/perle-in.com\/produit\/gobelet-fika-de-340-ml-avec-couvercle-en-bambou\/","name":"Gobelet Fika de 340\u00a0ml avec couvercle en bambou - PERLE IN","isPartOf":{"@id":"https:\/\/perle-in.com\/#website"},"primaryImageOfPage":{"@id":"https:\/\/perle-in.com\/produit\/gobelet-fika-de-340-ml-avec-couvercle-en-bambou\/#primaryimage"},"image":{"@id":"https:\/\/perle-in.com\/produit\/gobelet-fika-de-340-ml-avec-couvercle-en-bambou\/#primaryimage"},"thumbnailUrl":"https:\/\/perle-in.com\/wp-content\/uploads\/2025\/10\/10080901-1.jpg","datePublished":"2025-10-15T13:48:57+00:00","dateModified":"2025-10-19T03:49:07+00:00","breadcrumb":{"@id":"https:\/\/perle-in.com\/produit\/gobelet-fika-de-340-ml-avec-couvercle-en-bambou\/#breadcrumb"},"inLanguage":"en-CA","potentialAction":[{"@type":"ReadAction","target":["https:\/\/perle-in.com\/produit\/gobelet-fika-de-340-ml-avec-couvercle-en-bambou\/"]}]},{"@type":"ImageObject","inLanguage":"en-CA","@id":"https:\/\/perle-in.com\/produit\/gobelet-fika-de-340-ml-avec-couvercle-en-bambou\/#primaryimage","url":"https:\/\/perle-in.com\/wp-content\/uploads\/2025\/10\/10080901-1.jpg","contentUrl":"https:\/\/perle-in.com\/wp-content\/uploads\/2025\/10\/10080901-1.jpg","width":1600,"height":1600},{"@type":"BreadcrumbList","@id":"https:\/\/perle-in.com\/produit\/gobelet-fika-de-340-ml-avec-couvercle-en-bambou\/#breadcrumb","itemListElement":[{"@type":"ListItem","position":1,"name":"Accueil","item":"https:\/\/perle-in.com\/"},{"@type":"ListItem","position":2,"name":"Boutique","item":"https:\/\/perle-in.com\/boutique\/"},{"@type":"ListItem","position":3,"name":"Gobelet Fika de 340\u00a0ml avec couvercle en bambou"}]},{"@type":"WebSite","@id":"https:\/\/perle-in.com\/#website","url":"https:\/\/perle-in.com\/","name":"PERLE IN","description":"","publisher":{"@id":"https:\/\/perle-in.com\/#organization"},"potentialAction":[{"@type":"SearchAction","target":{"@type":"EntryPoint","urlTemplate":"https:\/\/perle-in.com\/?s={search_term_string}"},"query-input":{"@type":"PropertyValueSpecification","valueRequired":true,"valueName":"search_term_string"}}],"inLanguage":"en-CA"},{"@type":"Organization","@id":"https:\/\/perle-in.com\/#organization","name":"PERLE IN","url":"https:\/\/perle-in.com\/","logo":{"@type":"ImageObject","inLanguage":"en-CA","@id":"https:\/\/perle-in.com\/#\/schema\/logo\/image\/","url":"https:\/\/perle-in.com\/wp-content\/uploads\/2022\/12\/LOGO-PERLE-IN-COULEUR@3x.webp","contentUrl":"https:\/\/perle-in.com\/wp-content\/uploads\/2022\/12\/LOGO-PERLE-IN-COULEUR@3x.webp","width":1600,"height":490,"caption":"PERLE IN"},"image":{"@id":"https:\/\/perle-in.com\/#\/schema\/logo\/image\/"}}]}},"jetpack_sharing_enabled":true,"_links":{"self":[{"href":"https:\/\/perle-in.com\/en\/wp-json\/wp\/v2\/product\/563565","targetHints":{"allow":["GET"]}}],"collection":[{"href":"https:\/\/perle-in.com\/en\/wp-json\/wp\/v2\/product"}],"about":[{"href":"https:\/\/perle-in.com\/en\/wp-json\/wp\/v2\/types\/product"}],"version-history":[{"count":0,"href":"https:\/\/perle-in.com\/en\/wp-json\/wp\/v2\/product\/563565\/revisions"}],"wp:featuredmedia":[{"embeddable":true,"href":"https:\/\/perle-in.com\/en\/wp-json\/wp\/v2\/media\/563556"}],"wp:attachment":[{"href":"https:\/\/perle-in.com\/en\/wp-json\/wp\/v2\/media?parent=563565"}],"wp:term":[{"taxonomy":"product_brand","embeddable":true,"href":"https:\/\/perle-in.com\/en\/wp-json\/wp\/v2\/product_brand?post=563565"},{"taxonomy":"product_cat","embeddable":true,"href":"https:\/\/perle-in.com\/en\/wp-json\/wp\/v2\/product_cat?post=563565"},{"taxonomy":"product_tag","embeddable":true,"href":"https:\/\/perle-in.com\/en\/wp-json\/wp\/v2\/product_tag?post=563565"}],"curies":[{"name":"wp","href":"https:\/\/api.w.org\/{rel}","templated":true}]}}