{"id":563551,"date":"2025-10-15T15:47:42","date_gmt":"2025-10-15T13:47:42","guid":{"rendered":"https:\/\/perle-in.com\/produit\/gobelet-en-ceramique-java-de-330-ml-avec-revetement-en-silicone-et-couvercle-en-plastique\/"},"modified":"2025-10-19T05:49:07","modified_gmt":"2025-10-19T03:49:07","slug":"gobelet-en-ceramique-java-de-330-ml-avec-revetement-en-silicone-et-couvercle-en-plastique","status":"publish","type":"product","link":"https:\/\/perle-in.com\/en\/product\/gobelet-en-ceramique-java-de-330-ml-avec-revetement-en-silicone-et-couvercle-en-plastique\/","title":{"rendered":"Gobelet en c\u00e9ramique Java de 330\u00a0ml avec rev\u00eatement en silicone et couvercle en plastique"},"content":{"rendered":"","protected":false},"excerpt":{"rendered":"<p>Le gobelet en c\u00e9ramique \u00e0 paroi simple Java arbore un design simple et pratique pour un usage quotidien et est dot\u00e9 d&#8217;un rev\u00eatement en silicone pour une prise en main confortable. Couvercle anti-d\u00e9versement. Capacit\u00e9\u00a0: 330\u00a0ml.<\/p>","protected":false},"featured_media":563540,"template":"","meta":{"_eb_attr":""},"product_brand":[],"product_cat":[173,1209],"product_tag":[275,225,308,192,190,230,227],"class_list":{"0":"post-563551","1":"product","2":"type-product","3":"status-publish","4":"has-post-thumbnail","6":"product_cat-drinkware","7":"product_cat-mugs-pour-voyager","8":"product_tag-boissons","9":"product_tag-cafe","10":"product_tag-gobelet","11":"product_tag-gourde","12":"product_tag-mug","13":"product_tag-tasse","14":"product_tag-the","15":"pa_couleurs-blanc","16":"pa_couleurs-bleu","17":"pa_couleurs-noir","18":"pa_couleurs-vert","20":"first","21":"instock","22":"shipping-taxable","23":"purchasable","24":"product-type-variable"},"yoast_head":"<!-- This site is optimized with the Yoast SEO plugin v27.4 - https:\/\/yoast.com\/product\/yoast-seo-wordpress\/ -->\n<title>Gobelet en c\u00e9ramique Java de 330\u00a0ml avec rev\u00eatement en silicone et couvercle en plastique - PERLE IN<\/title>\n<meta name=\"robots\" content=\"noindex, follow, max-snippet:-1, max-image-preview:large, max-video-preview:-1\" \/>\n<meta property=\"og:locale\" content=\"en_US\" \/>\n<meta property=\"og:type\" content=\"article\" \/>\n<meta property=\"og:title\" content=\"Gobelet en c\u00e9ramique Java de 330\u00a0ml avec rev\u00eatement en silicone et couvercle en plastique - PERLE IN\" \/>\n<meta property=\"og:description\" content=\"Le gobelet en c\u00e9ramique \u00e0 paroi simple Java arbore un design simple et pratique pour un usage quotidien et est dot\u00e9 d&#039;un rev\u00eatement en silicone pour une prise en main confortable. Couvercle anti-d\u00e9versement. Capacit\u00e9\u00a0: 330\u00a0ml.\" \/>\n<meta property=\"og:url\" content=\"https:\/\/perle-in.com\/en\/product\/gobelet-en-ceramique-java-de-330-ml-avec-revetement-en-silicone-et-couvercle-en-plastique\/\" \/>\n<meta property=\"og:site_name\" content=\"PERLE IN\" \/>\n<meta property=\"article:modified_time\" content=\"2025-10-19T03:49:07+00:00\" \/>\n<meta property=\"og:image\" content=\"https:\/\/perle-in.com\/wp-content\/uploads\/2025\/10\/10080801-1.jpg\" \/>\n\t<meta property=\"og:image:width\" content=\"1600\" \/>\n\t<meta property=\"og:image:height\" content=\"1600\" \/>\n\t<meta property=\"og:image:type\" content=\"image\/jpeg\" \/>\n<meta name=\"twitter:card\" content=\"summary_large_image\" \/>\n<script type=\"application\/ld+json\" class=\"yoast-schema-graph\">{\"@context\":\"https:\\\/\\\/schema.org\",\"@graph\":[{\"@type\":\"WebPage\",\"@id\":\"https:\\\/\\\/perle-in.com\\\/produit\\\/gobelet-en-ceramique-java-de-330-ml-avec-revetement-en-silicone-et-couvercle-en-plastique\\\/\",\"url\":\"https:\\\/\\\/perle-in.com\\\/produit\\\/gobelet-en-ceramique-java-de-330-ml-avec-revetement-en-silicone-et-couvercle-en-plastique\\\/\",\"name\":\"Gobelet en c\u00e9ramique Java de 330\u00a0ml avec rev\u00eatement en silicone et couvercle en plastique - PERLE IN\",\"isPartOf\":{\"@id\":\"https:\\\/\\\/perle-in.com\\\/#website\"},\"primaryImageOfPage\":{\"@id\":\"https:\\\/\\\/perle-in.com\\\/produit\\\/gobelet-en-ceramique-java-de-330-ml-avec-revetement-en-silicone-et-couvercle-en-plastique\\\/#primaryimage\"},\"image\":{\"@id\":\"https:\\\/\\\/perle-in.com\\\/produit\\\/gobelet-en-ceramique-java-de-330-ml-avec-revetement-en-silicone-et-couvercle-en-plastique\\\/#primaryimage\"},\"thumbnailUrl\":\"https:\\\/\\\/perle-in.com\\\/wp-content\\\/uploads\\\/2025\\\/10\\\/10080801-1.jpg\",\"datePublished\":\"2025-10-15T13:47:42+00:00\",\"dateModified\":\"2025-10-19T03:49:07+00:00\",\"breadcrumb\":{\"@id\":\"https:\\\/\\\/perle-in.com\\\/produit\\\/gobelet-en-ceramique-java-de-330-ml-avec-revetement-en-silicone-et-couvercle-en-plastique\\\/#breadcrumb\"},\"inLanguage\":\"en-CA\",\"potentialAction\":[{\"@type\":\"ReadAction\",\"target\":[\"https:\\\/\\\/perle-in.com\\\/produit\\\/gobelet-en-ceramique-java-de-330-ml-avec-revetement-en-silicone-et-couvercle-en-plastique\\\/\"]}]},{\"@type\":\"ImageObject\",\"inLanguage\":\"en-CA\",\"@id\":\"https:\\\/\\\/perle-in.com\\\/produit\\\/gobelet-en-ceramique-java-de-330-ml-avec-revetement-en-silicone-et-couvercle-en-plastique\\\/#primaryimage\",\"url\":\"https:\\\/\\\/perle-in.com\\\/wp-content\\\/uploads\\\/2025\\\/10\\\/10080801-1.jpg\",\"contentUrl\":\"https:\\\/\\\/perle-in.com\\\/wp-content\\\/uploads\\\/2025\\\/10\\\/10080801-1.jpg\",\"width\":1600,\"height\":1600},{\"@type\":\"BreadcrumbList\",\"@id\":\"https:\\\/\\\/perle-in.com\\\/produit\\\/gobelet-en-ceramique-java-de-330-ml-avec-revetement-en-silicone-et-couvercle-en-plastique\\\/#breadcrumb\",\"itemListElement\":[{\"@type\":\"ListItem\",\"position\":1,\"name\":\"Accueil\",\"item\":\"https:\\\/\\\/perle-in.com\\\/\"},{\"@type\":\"ListItem\",\"position\":2,\"name\":\"Boutique\",\"item\":\"https:\\\/\\\/perle-in.com\\\/boutique\\\/\"},{\"@type\":\"ListItem\",\"position\":3,\"name\":\"Gobelet en c\u00e9ramique Java de 330\u00a0ml avec rev\u00eatement en silicone et couvercle en plastique\"}]},{\"@type\":\"WebSite\",\"@id\":\"https:\\\/\\\/perle-in.com\\\/#website\",\"url\":\"https:\\\/\\\/perle-in.com\\\/\",\"name\":\"PERLE IN\",\"description\":\"\",\"publisher\":{\"@id\":\"https:\\\/\\\/perle-in.com\\\/#organization\"},\"potentialAction\":[{\"@type\":\"SearchAction\",\"target\":{\"@type\":\"EntryPoint\",\"urlTemplate\":\"https:\\\/\\\/perle-in.com\\\/?s={search_term_string}\"},\"query-input\":{\"@type\":\"PropertyValueSpecification\",\"valueRequired\":true,\"valueName\":\"search_term_string\"}}],\"inLanguage\":\"en-CA\"},{\"@type\":\"Organization\",\"@id\":\"https:\\\/\\\/perle-in.com\\\/#organization\",\"name\":\"PERLE IN\",\"url\":\"https:\\\/\\\/perle-in.com\\\/\",\"logo\":{\"@type\":\"ImageObject\",\"inLanguage\":\"en-CA\",\"@id\":\"https:\\\/\\\/perle-in.com\\\/#\\\/schema\\\/logo\\\/image\\\/\",\"url\":\"https:\\\/\\\/perle-in.com\\\/wp-content\\\/uploads\\\/2022\\\/12\\\/LOGO-PERLE-IN-COULEUR@3x.webp\",\"contentUrl\":\"https:\\\/\\\/perle-in.com\\\/wp-content\\\/uploads\\\/2022\\\/12\\\/LOGO-PERLE-IN-COULEUR@3x.webp\",\"width\":1600,\"height\":490,\"caption\":\"PERLE IN\"},\"image\":{\"@id\":\"https:\\\/\\\/perle-in.com\\\/#\\\/schema\\\/logo\\\/image\\\/\"}}]}<\/script>\n<!-- \/ Yoast SEO plugin. -->","yoast_head_json":{"title":"Gobelet en c\u00e9ramique Java de 330\u00a0ml avec rev\u00eatement en silicone et couvercle en plastique - PERLE IN","robots":{"index":"noindex","follow":"follow","max-snippet":"max-snippet:-1","max-image-preview":"max-image-preview:large","max-video-preview":"max-video-preview:-1"},"og_locale":"en_US","og_type":"article","og_title":"Gobelet en c\u00e9ramique Java de 330\u00a0ml avec rev\u00eatement en silicone et couvercle en plastique - PERLE IN","og_description":"Le gobelet en c\u00e9ramique \u00e0 paroi simple Java arbore un design simple et pratique pour un usage quotidien et est dot\u00e9 d'un rev\u00eatement en silicone pour une prise en main confortable. Couvercle anti-d\u00e9versement. Capacit\u00e9\u00a0: 330\u00a0ml.","og_url":"https:\/\/perle-in.com\/en\/product\/gobelet-en-ceramique-java-de-330-ml-avec-revetement-en-silicone-et-couvercle-en-plastique\/","og_site_name":"PERLE IN","article_modified_time":"2025-10-19T03:49:07+00:00","og_image":[{"width":1600,"height":1600,"url":"https:\/\/perle-in.com\/wp-content\/uploads\/2025\/10\/10080801-1.jpg","type":"image\/jpeg"}],"twitter_card":"summary_large_image","schema":{"@context":"https:\/\/schema.org","@graph":[{"@type":"WebPage","@id":"https:\/\/perle-in.com\/produit\/gobelet-en-ceramique-java-de-330-ml-avec-revetement-en-silicone-et-couvercle-en-plastique\/","url":"https:\/\/perle-in.com\/produit\/gobelet-en-ceramique-java-de-330-ml-avec-revetement-en-silicone-et-couvercle-en-plastique\/","name":"Gobelet en c\u00e9ramique Java de 330\u00a0ml avec rev\u00eatement en silicone et couvercle en plastique - PERLE IN","isPartOf":{"@id":"https:\/\/perle-in.com\/#website"},"primaryImageOfPage":{"@id":"https:\/\/perle-in.com\/produit\/gobelet-en-ceramique-java-de-330-ml-avec-revetement-en-silicone-et-couvercle-en-plastique\/#primaryimage"},"image":{"@id":"https:\/\/perle-in.com\/produit\/gobelet-en-ceramique-java-de-330-ml-avec-revetement-en-silicone-et-couvercle-en-plastique\/#primaryimage"},"thumbnailUrl":"https:\/\/perle-in.com\/wp-content\/uploads\/2025\/10\/10080801-1.jpg","datePublished":"2025-10-15T13:47:42+00:00","dateModified":"2025-10-19T03:49:07+00:00","breadcrumb":{"@id":"https:\/\/perle-in.com\/produit\/gobelet-en-ceramique-java-de-330-ml-avec-revetement-en-silicone-et-couvercle-en-plastique\/#breadcrumb"},"inLanguage":"en-CA","potentialAction":[{"@type":"ReadAction","target":["https:\/\/perle-in.com\/produit\/gobelet-en-ceramique-java-de-330-ml-avec-revetement-en-silicone-et-couvercle-en-plastique\/"]}]},{"@type":"ImageObject","inLanguage":"en-CA","@id":"https:\/\/perle-in.com\/produit\/gobelet-en-ceramique-java-de-330-ml-avec-revetement-en-silicone-et-couvercle-en-plastique\/#primaryimage","url":"https:\/\/perle-in.com\/wp-content\/uploads\/2025\/10\/10080801-1.jpg","contentUrl":"https:\/\/perle-in.com\/wp-content\/uploads\/2025\/10\/10080801-1.jpg","width":1600,"height":1600},{"@type":"BreadcrumbList","@id":"https:\/\/perle-in.com\/produit\/gobelet-en-ceramique-java-de-330-ml-avec-revetement-en-silicone-et-couvercle-en-plastique\/#breadcrumb","itemListElement":[{"@type":"ListItem","position":1,"name":"Accueil","item":"https:\/\/perle-in.com\/"},{"@type":"ListItem","position":2,"name":"Boutique","item":"https:\/\/perle-in.com\/boutique\/"},{"@type":"ListItem","position":3,"name":"Gobelet en c\u00e9ramique Java de 330\u00a0ml avec rev\u00eatement en silicone et couvercle en plastique"}]},{"@type":"WebSite","@id":"https:\/\/perle-in.com\/#website","url":"https:\/\/perle-in.com\/","name":"PERLE IN","description":"","publisher":{"@id":"https:\/\/perle-in.com\/#organization"},"potentialAction":[{"@type":"SearchAction","target":{"@type":"EntryPoint","urlTemplate":"https:\/\/perle-in.com\/?s={search_term_string}"},"query-input":{"@type":"PropertyValueSpecification","valueRequired":true,"valueName":"search_term_string"}}],"inLanguage":"en-CA"},{"@type":"Organization","@id":"https:\/\/perle-in.com\/#organization","name":"PERLE IN","url":"https:\/\/perle-in.com\/","logo":{"@type":"ImageObject","inLanguage":"en-CA","@id":"https:\/\/perle-in.com\/#\/schema\/logo\/image\/","url":"https:\/\/perle-in.com\/wp-content\/uploads\/2022\/12\/LOGO-PERLE-IN-COULEUR@3x.webp","contentUrl":"https:\/\/perle-in.com\/wp-content\/uploads\/2022\/12\/LOGO-PERLE-IN-COULEUR@3x.webp","width":1600,"height":490,"caption":"PERLE IN"},"image":{"@id":"https:\/\/perle-in.com\/#\/schema\/logo\/image\/"}}]}},"jetpack_sharing_enabled":true,"_links":{"self":[{"href":"https:\/\/perle-in.com\/en\/wp-json\/wp\/v2\/product\/563551","targetHints":{"allow":["GET"]}}],"collection":[{"href":"https:\/\/perle-in.com\/en\/wp-json\/wp\/v2\/product"}],"about":[{"href":"https:\/\/perle-in.com\/en\/wp-json\/wp\/v2\/types\/product"}],"version-history":[{"count":0,"href":"https:\/\/perle-in.com\/en\/wp-json\/wp\/v2\/product\/563551\/revisions"}],"wp:featuredmedia":[{"embeddable":true,"href":"https:\/\/perle-in.com\/en\/wp-json\/wp\/v2\/media\/563540"}],"wp:attachment":[{"href":"https:\/\/perle-in.com\/en\/wp-json\/wp\/v2\/media?parent=563551"}],"wp:term":[{"taxonomy":"product_brand","embeddable":true,"href":"https:\/\/perle-in.com\/en\/wp-json\/wp\/v2\/product_brand?post=563551"},{"taxonomy":"product_cat","embeddable":true,"href":"https:\/\/perle-in.com\/en\/wp-json\/wp\/v2\/product_cat?post=563551"},{"taxonomy":"product_tag","embeddable":true,"href":"https:\/\/perle-in.com\/en\/wp-json\/wp\/v2\/product_tag?post=563551"}],"curies":[{"name":"wp","href":"https:\/\/api.w.org\/{rel}","templated":true}]}}