{"id":563462,"date":"2025-10-15T15:36:47","date_gmt":"2025-10-15T13:36:47","guid":{"rendered":"https:\/\/perle-in.com\/produit\/chargeur-de-voyage-xtorm-xvc2140-gan-ultra-de-140-w-avec-cable-usb-c-pd-de-240-w\/"},"modified":"2025-10-19T05:49:06","modified_gmt":"2025-10-19T03:49:06","slug":"chargeur-de-voyage-xtorm-xvc2140-gan-ultra-de-140-w-avec-cable-usb-c-pd-de-240-w","status":"publish","type":"product","link":"https:\/\/perle-in.com\/en\/product\/chargeur-de-voyage-xtorm-xvc2140-gan-ultra-de-140-w-avec-cable-usb-c-pd-de-240-w\/","title":{"rendered":"Chargeur de voyage Xtorm XVC2140 GaN Ultra de 140\u00a0W avec c\u00e2ble USB-C PD de 240\u00a0W"},"content":{"rendered":"","protected":false},"excerpt":{"rendered":"<p>Le chargeur de voyage GaN Ultra de 140\u00a0W est con\u00e7u pour \u00eatre plus compact et plus puissant que jamais. Avec son design compact et sa fonctionnalit\u00e9 double port, ce chargeur de voyage est parfait pour vos d\u00e9placements, au bureau ou \u00e0 la maison. Avec les options de prise CA europ\u00e9enne, britannique et am\u00e9ricaine incluses et le c\u00e2ble USB-C PD de 240\u00a0W (2\u00a0m\u00e8tres), vous avez tout ce qu&#8217;il faut pour recharger vos appareils dans le monde entier\u00a0!<\/p>","protected":false},"featured_media":563452,"template":"","meta":{"_eb_attr":""},"product_brand":[],"product_cat":[1208,667],"product_tag":[816,814,815,3588,291,3587],"class_list":{"0":"post-563462","1":"product","2":"type-product","3":"status-publish","4":"has-post-thumbnail","6":"product_cat-chargeurs","7":"product_cat-technologie","8":"product_tag-charge","9":"product_tag-chargement","10":"product_tag-chargeur","11":"product_tag-mural","12":"product_tag-voyage","13":"product_tag-xtorm","14":"pa_couleurs-blanc","15":"pa_green-points-2847","16":"pa_marque-xtorm","17":"pa_matiere-plastique-recycle-abs-plastique-pc","19":"first","20":"instock","21":"shipping-taxable","22":"purchasable","23":"product-type-variable"},"yoast_head":"<!-- This site is optimized with the Yoast SEO plugin v27.4 - https:\/\/yoast.com\/product\/yoast-seo-wordpress\/ -->\n<title>Chargeur de voyage Xtorm XVC2140 GaN Ultra de 140\u00a0W avec c\u00e2ble USB-C PD de 240\u00a0W - PERLE IN<\/title>\n<meta name=\"robots\" content=\"noindex, follow, max-snippet:-1, max-image-preview:large, max-video-preview:-1\" \/>\n<meta property=\"og:locale\" content=\"en_US\" \/>\n<meta property=\"og:type\" content=\"article\" \/>\n<meta property=\"og:title\" content=\"Chargeur de voyage Xtorm XVC2140 GaN Ultra de 140\u00a0W avec c\u00e2ble USB-C PD de 240\u00a0W - PERLE IN\" \/>\n<meta property=\"og:description\" content=\"Le chargeur de voyage GaN Ultra de 140\u00a0W est con\u00e7u pour \u00eatre plus compact et plus puissant que jamais. Avec son design compact et sa fonctionnalit\u00e9 double port, ce chargeur de voyage est parfait pour vos d\u00e9placements, au bureau ou \u00e0 la maison. Avec les options de prise CA europ\u00e9enne, britannique et am\u00e9ricaine incluses et le c\u00e2ble USB-C PD de 240\u00a0W (2\u00a0m\u00e8tres), vous avez tout ce qu&#039;il faut pour recharger vos appareils dans le monde entier\u00a0!\" \/>\n<meta property=\"og:url\" content=\"https:\/\/perle-in.com\/en\/product\/chargeur-de-voyage-xtorm-xvc2140-gan-ultra-de-140-w-avec-cable-usb-c-pd-de-240-w\/\" \/>\n<meta property=\"og:site_name\" content=\"PERLE IN\" \/>\n<meta property=\"article:modified_time\" content=\"2025-10-19T03:49:06+00:00\" \/>\n<meta property=\"og:image\" content=\"https:\/\/perle-in.com\/wp-content\/uploads\/2025\/10\/12439701-1.jpg\" \/>\n\t<meta property=\"og:image:width\" content=\"1600\" \/>\n\t<meta property=\"og:image:height\" content=\"1600\" \/>\n\t<meta property=\"og:image:type\" content=\"image\/jpeg\" \/>\n<meta name=\"twitter:card\" content=\"summary_large_image\" \/>\n<script type=\"application\/ld+json\" class=\"yoast-schema-graph\">{\"@context\":\"https:\\\/\\\/schema.org\",\"@graph\":[{\"@type\":\"WebPage\",\"@id\":\"https:\\\/\\\/perle-in.com\\\/produit\\\/chargeur-de-voyage-xtorm-xvc2140-gan-ultra-de-140-w-avec-cable-usb-c-pd-de-240-w\\\/\",\"url\":\"https:\\\/\\\/perle-in.com\\\/produit\\\/chargeur-de-voyage-xtorm-xvc2140-gan-ultra-de-140-w-avec-cable-usb-c-pd-de-240-w\\\/\",\"name\":\"Chargeur de voyage Xtorm XVC2140 GaN Ultra de 140\u00a0W avec c\u00e2ble USB-C PD de 240\u00a0W - PERLE IN\",\"isPartOf\":{\"@id\":\"https:\\\/\\\/perle-in.com\\\/#website\"},\"primaryImageOfPage\":{\"@id\":\"https:\\\/\\\/perle-in.com\\\/produit\\\/chargeur-de-voyage-xtorm-xvc2140-gan-ultra-de-140-w-avec-cable-usb-c-pd-de-240-w\\\/#primaryimage\"},\"image\":{\"@id\":\"https:\\\/\\\/perle-in.com\\\/produit\\\/chargeur-de-voyage-xtorm-xvc2140-gan-ultra-de-140-w-avec-cable-usb-c-pd-de-240-w\\\/#primaryimage\"},\"thumbnailUrl\":\"https:\\\/\\\/perle-in.com\\\/wp-content\\\/uploads\\\/2025\\\/10\\\/12439701-1.jpg\",\"datePublished\":\"2025-10-15T13:36:47+00:00\",\"dateModified\":\"2025-10-19T03:49:06+00:00\",\"breadcrumb\":{\"@id\":\"https:\\\/\\\/perle-in.com\\\/produit\\\/chargeur-de-voyage-xtorm-xvc2140-gan-ultra-de-140-w-avec-cable-usb-c-pd-de-240-w\\\/#breadcrumb\"},\"inLanguage\":\"en-CA\",\"potentialAction\":[{\"@type\":\"ReadAction\",\"target\":[\"https:\\\/\\\/perle-in.com\\\/produit\\\/chargeur-de-voyage-xtorm-xvc2140-gan-ultra-de-140-w-avec-cable-usb-c-pd-de-240-w\\\/\"]}]},{\"@type\":\"ImageObject\",\"inLanguage\":\"en-CA\",\"@id\":\"https:\\\/\\\/perle-in.com\\\/produit\\\/chargeur-de-voyage-xtorm-xvc2140-gan-ultra-de-140-w-avec-cable-usb-c-pd-de-240-w\\\/#primaryimage\",\"url\":\"https:\\\/\\\/perle-in.com\\\/wp-content\\\/uploads\\\/2025\\\/10\\\/12439701-1.jpg\",\"contentUrl\":\"https:\\\/\\\/perle-in.com\\\/wp-content\\\/uploads\\\/2025\\\/10\\\/12439701-1.jpg\",\"width\":1600,\"height\":1600},{\"@type\":\"BreadcrumbList\",\"@id\":\"https:\\\/\\\/perle-in.com\\\/produit\\\/chargeur-de-voyage-xtorm-xvc2140-gan-ultra-de-140-w-avec-cable-usb-c-pd-de-240-w\\\/#breadcrumb\",\"itemListElement\":[{\"@type\":\"ListItem\",\"position\":1,\"name\":\"Accueil\",\"item\":\"https:\\\/\\\/perle-in.com\\\/\"},{\"@type\":\"ListItem\",\"position\":2,\"name\":\"Boutique\",\"item\":\"https:\\\/\\\/perle-in.com\\\/boutique\\\/\"},{\"@type\":\"ListItem\",\"position\":3,\"name\":\"Chargeur de voyage Xtorm XVC2140 GaN Ultra de 140\u00a0W avec c\u00e2ble USB-C PD de 240\u00a0W\"}]},{\"@type\":\"WebSite\",\"@id\":\"https:\\\/\\\/perle-in.com\\\/#website\",\"url\":\"https:\\\/\\\/perle-in.com\\\/\",\"name\":\"PERLE IN\",\"description\":\"\",\"publisher\":{\"@id\":\"https:\\\/\\\/perle-in.com\\\/#organization\"},\"potentialAction\":[{\"@type\":\"SearchAction\",\"target\":{\"@type\":\"EntryPoint\",\"urlTemplate\":\"https:\\\/\\\/perle-in.com\\\/?s={search_term_string}\"},\"query-input\":{\"@type\":\"PropertyValueSpecification\",\"valueRequired\":true,\"valueName\":\"search_term_string\"}}],\"inLanguage\":\"en-CA\"},{\"@type\":\"Organization\",\"@id\":\"https:\\\/\\\/perle-in.com\\\/#organization\",\"name\":\"PERLE IN\",\"url\":\"https:\\\/\\\/perle-in.com\\\/\",\"logo\":{\"@type\":\"ImageObject\",\"inLanguage\":\"en-CA\",\"@id\":\"https:\\\/\\\/perle-in.com\\\/#\\\/schema\\\/logo\\\/image\\\/\",\"url\":\"https:\\\/\\\/perle-in.com\\\/wp-content\\\/uploads\\\/2022\\\/12\\\/LOGO-PERLE-IN-COULEUR@3x.webp\",\"contentUrl\":\"https:\\\/\\\/perle-in.com\\\/wp-content\\\/uploads\\\/2022\\\/12\\\/LOGO-PERLE-IN-COULEUR@3x.webp\",\"width\":1600,\"height\":490,\"caption\":\"PERLE IN\"},\"image\":{\"@id\":\"https:\\\/\\\/perle-in.com\\\/#\\\/schema\\\/logo\\\/image\\\/\"}}]}<\/script>\n<!-- \/ Yoast SEO plugin. -->","yoast_head_json":{"title":"Chargeur de voyage Xtorm XVC2140 GaN Ultra de 140\u00a0W avec c\u00e2ble USB-C PD de 240\u00a0W - PERLE IN","robots":{"index":"noindex","follow":"follow","max-snippet":"max-snippet:-1","max-image-preview":"max-image-preview:large","max-video-preview":"max-video-preview:-1"},"og_locale":"en_US","og_type":"article","og_title":"Chargeur de voyage Xtorm XVC2140 GaN Ultra de 140\u00a0W avec c\u00e2ble USB-C PD de 240\u00a0W - PERLE IN","og_description":"Le chargeur de voyage GaN Ultra de 140\u00a0W est con\u00e7u pour \u00eatre plus compact et plus puissant que jamais. Avec son design compact et sa fonctionnalit\u00e9 double port, ce chargeur de voyage est parfait pour vos d\u00e9placements, au bureau ou \u00e0 la maison. Avec les options de prise CA europ\u00e9enne, britannique et am\u00e9ricaine incluses et le c\u00e2ble USB-C PD de 240\u00a0W (2\u00a0m\u00e8tres), vous avez tout ce qu'il faut pour recharger vos appareils dans le monde entier\u00a0!","og_url":"https:\/\/perle-in.com\/en\/product\/chargeur-de-voyage-xtorm-xvc2140-gan-ultra-de-140-w-avec-cable-usb-c-pd-de-240-w\/","og_site_name":"PERLE IN","article_modified_time":"2025-10-19T03:49:06+00:00","og_image":[{"width":1600,"height":1600,"url":"https:\/\/perle-in.com\/wp-content\/uploads\/2025\/10\/12439701-1.jpg","type":"image\/jpeg"}],"twitter_card":"summary_large_image","schema":{"@context":"https:\/\/schema.org","@graph":[{"@type":"WebPage","@id":"https:\/\/perle-in.com\/produit\/chargeur-de-voyage-xtorm-xvc2140-gan-ultra-de-140-w-avec-cable-usb-c-pd-de-240-w\/","url":"https:\/\/perle-in.com\/produit\/chargeur-de-voyage-xtorm-xvc2140-gan-ultra-de-140-w-avec-cable-usb-c-pd-de-240-w\/","name":"Chargeur de voyage Xtorm XVC2140 GaN Ultra de 140\u00a0W avec c\u00e2ble USB-C PD de 240\u00a0W - PERLE IN","isPartOf":{"@id":"https:\/\/perle-in.com\/#website"},"primaryImageOfPage":{"@id":"https:\/\/perle-in.com\/produit\/chargeur-de-voyage-xtorm-xvc2140-gan-ultra-de-140-w-avec-cable-usb-c-pd-de-240-w\/#primaryimage"},"image":{"@id":"https:\/\/perle-in.com\/produit\/chargeur-de-voyage-xtorm-xvc2140-gan-ultra-de-140-w-avec-cable-usb-c-pd-de-240-w\/#primaryimage"},"thumbnailUrl":"https:\/\/perle-in.com\/wp-content\/uploads\/2025\/10\/12439701-1.jpg","datePublished":"2025-10-15T13:36:47+00:00","dateModified":"2025-10-19T03:49:06+00:00","breadcrumb":{"@id":"https:\/\/perle-in.com\/produit\/chargeur-de-voyage-xtorm-xvc2140-gan-ultra-de-140-w-avec-cable-usb-c-pd-de-240-w\/#breadcrumb"},"inLanguage":"en-CA","potentialAction":[{"@type":"ReadAction","target":["https:\/\/perle-in.com\/produit\/chargeur-de-voyage-xtorm-xvc2140-gan-ultra-de-140-w-avec-cable-usb-c-pd-de-240-w\/"]}]},{"@type":"ImageObject","inLanguage":"en-CA","@id":"https:\/\/perle-in.com\/produit\/chargeur-de-voyage-xtorm-xvc2140-gan-ultra-de-140-w-avec-cable-usb-c-pd-de-240-w\/#primaryimage","url":"https:\/\/perle-in.com\/wp-content\/uploads\/2025\/10\/12439701-1.jpg","contentUrl":"https:\/\/perle-in.com\/wp-content\/uploads\/2025\/10\/12439701-1.jpg","width":1600,"height":1600},{"@type":"BreadcrumbList","@id":"https:\/\/perle-in.com\/produit\/chargeur-de-voyage-xtorm-xvc2140-gan-ultra-de-140-w-avec-cable-usb-c-pd-de-240-w\/#breadcrumb","itemListElement":[{"@type":"ListItem","position":1,"name":"Accueil","item":"https:\/\/perle-in.com\/"},{"@type":"ListItem","position":2,"name":"Boutique","item":"https:\/\/perle-in.com\/boutique\/"},{"@type":"ListItem","position":3,"name":"Chargeur de voyage Xtorm XVC2140 GaN Ultra de 140\u00a0W avec c\u00e2ble USB-C PD de 240\u00a0W"}]},{"@type":"WebSite","@id":"https:\/\/perle-in.com\/#website","url":"https:\/\/perle-in.com\/","name":"PERLE IN","description":"","publisher":{"@id":"https:\/\/perle-in.com\/#organization"},"potentialAction":[{"@type":"SearchAction","target":{"@type":"EntryPoint","urlTemplate":"https:\/\/perle-in.com\/?s={search_term_string}"},"query-input":{"@type":"PropertyValueSpecification","valueRequired":true,"valueName":"search_term_string"}}],"inLanguage":"en-CA"},{"@type":"Organization","@id":"https:\/\/perle-in.com\/#organization","name":"PERLE IN","url":"https:\/\/perle-in.com\/","logo":{"@type":"ImageObject","inLanguage":"en-CA","@id":"https:\/\/perle-in.com\/#\/schema\/logo\/image\/","url":"https:\/\/perle-in.com\/wp-content\/uploads\/2022\/12\/LOGO-PERLE-IN-COULEUR@3x.webp","contentUrl":"https:\/\/perle-in.com\/wp-content\/uploads\/2022\/12\/LOGO-PERLE-IN-COULEUR@3x.webp","width":1600,"height":490,"caption":"PERLE IN"},"image":{"@id":"https:\/\/perle-in.com\/#\/schema\/logo\/image\/"}}]}},"jetpack_sharing_enabled":true,"_links":{"self":[{"href":"https:\/\/perle-in.com\/en\/wp-json\/wp\/v2\/product\/563462","targetHints":{"allow":["GET"]}}],"collection":[{"href":"https:\/\/perle-in.com\/en\/wp-json\/wp\/v2\/product"}],"about":[{"href":"https:\/\/perle-in.com\/en\/wp-json\/wp\/v2\/types\/product"}],"version-history":[{"count":0,"href":"https:\/\/perle-in.com\/en\/wp-json\/wp\/v2\/product\/563462\/revisions"}],"wp:featuredmedia":[{"embeddable":true,"href":"https:\/\/perle-in.com\/en\/wp-json\/wp\/v2\/media\/563452"}],"wp:attachment":[{"href":"https:\/\/perle-in.com\/en\/wp-json\/wp\/v2\/media?parent=563462"}],"wp:term":[{"taxonomy":"product_brand","embeddable":true,"href":"https:\/\/perle-in.com\/en\/wp-json\/wp\/v2\/product_brand?post=563462"},{"taxonomy":"product_cat","embeddable":true,"href":"https:\/\/perle-in.com\/en\/wp-json\/wp\/v2\/product_cat?post=563462"},{"taxonomy":"product_tag","embeddable":true,"href":"https:\/\/perle-in.com\/en\/wp-json\/wp\/v2\/product_tag?post=563462"}],"curies":[{"name":"wp","href":"https:\/\/api.w.org\/{rel}","templated":true}]}}