{"id":563439,"date":"2025-10-15T15:34:56","date_gmt":"2025-10-15T13:34:56","guid":{"rendered":"https:\/\/perle-in.com\/produit\/chargeur-mural-67-w-ultra-xtorm-xec067-gan%c2%b2\/"},"modified":"2025-10-19T05:49:06","modified_gmt":"2025-10-19T03:49:06","slug":"chargeur-mural-67-w-ultra-xtorm-xec067-gan%c2%b2","status":"publish","type":"product","link":"https:\/\/perle-in.com\/en\/product\/chargeur-mural-67-w-ultra-xtorm-xec067-gan%c2%b2\/","title":{"rendered":"Chargeur mural 67\u00a0W Ultra Xtorm XEC067 GaN\u00b2"},"content":{"rendered":"","protected":false},"excerpt":{"rendered":"<p>Le chargeur mural GaN\u00b2 Ultra 67\u00a0W est con\u00e7u pour \u00eatre plus compact et plus puissant que jamais. Avec son design compact et sa fonctionnalit\u00e9 double port, ce chargeur mural est parfait pour vos d\u00e9placements, au bureau ou \u00e0 la maison. Pour r\u00e9duire les d\u00e9chets et contribuer \u00e0 un avenir plus durable, le chargeur est fabriqu\u00e9 \u00e0 partir de 97\u00a0% de plastique recycl\u00e9. Sortie\u00a0: 1\u00a0port USB-C pour l&#8217;alimentation \u00e9lectrique de 67\u00a0W et 1\u00a0port USB-A pour charge rapide 3.0 de 18\u00a0W. Livr\u00e9 avec un manuel d&#8217;utilisation.<\/p>","protected":false},"featured_media":563431,"template":"","meta":{"_eb_attr":""},"product_brand":[],"product_cat":[1208,667],"product_tag":[816,814,815,3588,784,3587],"class_list":{"0":"post-563439","1":"product","2":"type-product","3":"status-publish","4":"has-post-thumbnail","6":"product_cat-chargeurs","7":"product_cat-technologie","8":"product_tag-charge","9":"product_tag-chargement","10":"product_tag-chargeur","11":"product_tag-mural","12":"product_tag-ordinateur-portable","13":"product_tag-xtorm","14":"pa_couleurs-blanc","15":"pa_green-points-2652","16":"pa_marque-xtorm","17":"pa_matiere-abs-recycle-certifie-grs","19":"first","20":"instock","21":"shipping-taxable","22":"purchasable","23":"product-type-variable"},"yoast_head":"<!-- This site is optimized with the Yoast SEO plugin v27.4 - https:\/\/yoast.com\/product\/yoast-seo-wordpress\/ -->\n<title>Chargeur mural 67\u00a0W Ultra Xtorm XEC067 GaN\u00b2 - PERLE IN<\/title>\n<meta name=\"robots\" content=\"noindex, follow, max-snippet:-1, max-image-preview:large, max-video-preview:-1\" \/>\n<meta property=\"og:locale\" content=\"en_US\" \/>\n<meta property=\"og:type\" content=\"article\" \/>\n<meta property=\"og:title\" content=\"Chargeur mural 67\u00a0W Ultra Xtorm XEC067 GaN\u00b2 - PERLE IN\" \/>\n<meta property=\"og:description\" content=\"Le chargeur mural GaN\u00b2 Ultra 67\u00a0W est con\u00e7u pour \u00eatre plus compact et plus puissant que jamais. Avec son design compact et sa fonctionnalit\u00e9 double port, ce chargeur mural est parfait pour vos d\u00e9placements, au bureau ou \u00e0 la maison. Pour r\u00e9duire les d\u00e9chets et contribuer \u00e0 un avenir plus durable, le chargeur est fabriqu\u00e9 \u00e0 partir de 97\u00a0% de plastique recycl\u00e9. Sortie\u00a0: 1\u00a0port USB-C pour l&#039;alimentation \u00e9lectrique de 67\u00a0W et 1\u00a0port USB-A pour charge rapide 3.0 de 18\u00a0W. Livr\u00e9 avec un manuel d&#039;utilisation.\" \/>\n<meta property=\"og:url\" content=\"https:\/\/perle-in.com\/en\/product\/chargeur-mural-67-w-ultra-xtorm-xec067-gan\u00b2\/\" \/>\n<meta property=\"og:site_name\" content=\"PERLE IN\" \/>\n<meta property=\"article:modified_time\" content=\"2025-10-19T03:49:06+00:00\" \/>\n<meta property=\"og:image\" content=\"https:\/\/perle-in.com\/wp-content\/uploads\/2025\/10\/12439301-1.jpg\" \/>\n\t<meta property=\"og:image:width\" content=\"1600\" \/>\n\t<meta property=\"og:image:height\" content=\"1600\" \/>\n\t<meta property=\"og:image:type\" content=\"image\/jpeg\" \/>\n<meta name=\"twitter:card\" content=\"summary_large_image\" \/>\n<script type=\"application\/ld+json\" class=\"yoast-schema-graph\">{\"@context\":\"https:\\\/\\\/schema.org\",\"@graph\":[{\"@type\":\"WebPage\",\"@id\":\"https:\\\/\\\/perle-in.com\\\/produit\\\/chargeur-mural-67-w-ultra-xtorm-xec067-gan%c2%b2\\\/\",\"url\":\"https:\\\/\\\/perle-in.com\\\/produit\\\/chargeur-mural-67-w-ultra-xtorm-xec067-gan%c2%b2\\\/\",\"name\":\"Chargeur mural 67\u00a0W Ultra Xtorm XEC067 GaN\u00b2 - PERLE IN\",\"isPartOf\":{\"@id\":\"https:\\\/\\\/perle-in.com\\\/#website\"},\"primaryImageOfPage\":{\"@id\":\"https:\\\/\\\/perle-in.com\\\/produit\\\/chargeur-mural-67-w-ultra-xtorm-xec067-gan%c2%b2\\\/#primaryimage\"},\"image\":{\"@id\":\"https:\\\/\\\/perle-in.com\\\/produit\\\/chargeur-mural-67-w-ultra-xtorm-xec067-gan%c2%b2\\\/#primaryimage\"},\"thumbnailUrl\":\"https:\\\/\\\/perle-in.com\\\/wp-content\\\/uploads\\\/2025\\\/10\\\/12439301-1.jpg\",\"datePublished\":\"2025-10-15T13:34:56+00:00\",\"dateModified\":\"2025-10-19T03:49:06+00:00\",\"breadcrumb\":{\"@id\":\"https:\\\/\\\/perle-in.com\\\/produit\\\/chargeur-mural-67-w-ultra-xtorm-xec067-gan%c2%b2\\\/#breadcrumb\"},\"inLanguage\":\"en-CA\",\"potentialAction\":[{\"@type\":\"ReadAction\",\"target\":[\"https:\\\/\\\/perle-in.com\\\/produit\\\/chargeur-mural-67-w-ultra-xtorm-xec067-gan%c2%b2\\\/\"]}]},{\"@type\":\"ImageObject\",\"inLanguage\":\"en-CA\",\"@id\":\"https:\\\/\\\/perle-in.com\\\/produit\\\/chargeur-mural-67-w-ultra-xtorm-xec067-gan%c2%b2\\\/#primaryimage\",\"url\":\"https:\\\/\\\/perle-in.com\\\/wp-content\\\/uploads\\\/2025\\\/10\\\/12439301-1.jpg\",\"contentUrl\":\"https:\\\/\\\/perle-in.com\\\/wp-content\\\/uploads\\\/2025\\\/10\\\/12439301-1.jpg\",\"width\":1600,\"height\":1600},{\"@type\":\"BreadcrumbList\",\"@id\":\"https:\\\/\\\/perle-in.com\\\/produit\\\/chargeur-mural-67-w-ultra-xtorm-xec067-gan%c2%b2\\\/#breadcrumb\",\"itemListElement\":[{\"@type\":\"ListItem\",\"position\":1,\"name\":\"Accueil\",\"item\":\"https:\\\/\\\/perle-in.com\\\/\"},{\"@type\":\"ListItem\",\"position\":2,\"name\":\"Boutique\",\"item\":\"https:\\\/\\\/perle-in.com\\\/boutique\\\/\"},{\"@type\":\"ListItem\",\"position\":3,\"name\":\"Chargeur mural 67\u00a0W Ultra Xtorm XEC067 GaN\u00b2\"}]},{\"@type\":\"WebSite\",\"@id\":\"https:\\\/\\\/perle-in.com\\\/#website\",\"url\":\"https:\\\/\\\/perle-in.com\\\/\",\"name\":\"PERLE IN\",\"description\":\"\",\"publisher\":{\"@id\":\"https:\\\/\\\/perle-in.com\\\/#organization\"},\"potentialAction\":[{\"@type\":\"SearchAction\",\"target\":{\"@type\":\"EntryPoint\",\"urlTemplate\":\"https:\\\/\\\/perle-in.com\\\/?s={search_term_string}\"},\"query-input\":{\"@type\":\"PropertyValueSpecification\",\"valueRequired\":true,\"valueName\":\"search_term_string\"}}],\"inLanguage\":\"en-CA\"},{\"@type\":\"Organization\",\"@id\":\"https:\\\/\\\/perle-in.com\\\/#organization\",\"name\":\"PERLE IN\",\"url\":\"https:\\\/\\\/perle-in.com\\\/\",\"logo\":{\"@type\":\"ImageObject\",\"inLanguage\":\"en-CA\",\"@id\":\"https:\\\/\\\/perle-in.com\\\/#\\\/schema\\\/logo\\\/image\\\/\",\"url\":\"https:\\\/\\\/perle-in.com\\\/wp-content\\\/uploads\\\/2022\\\/12\\\/LOGO-PERLE-IN-COULEUR@3x.webp\",\"contentUrl\":\"https:\\\/\\\/perle-in.com\\\/wp-content\\\/uploads\\\/2022\\\/12\\\/LOGO-PERLE-IN-COULEUR@3x.webp\",\"width\":1600,\"height\":490,\"caption\":\"PERLE IN\"},\"image\":{\"@id\":\"https:\\\/\\\/perle-in.com\\\/#\\\/schema\\\/logo\\\/image\\\/\"}}]}<\/script>\n<!-- \/ Yoast SEO plugin. -->","yoast_head_json":{"title":"Chargeur mural 67\u00a0W Ultra Xtorm XEC067 GaN\u00b2 - PERLE IN","robots":{"index":"noindex","follow":"follow","max-snippet":"max-snippet:-1","max-image-preview":"max-image-preview:large","max-video-preview":"max-video-preview:-1"},"og_locale":"en_US","og_type":"article","og_title":"Chargeur mural 67\u00a0W Ultra Xtorm XEC067 GaN\u00b2 - PERLE IN","og_description":"Le chargeur mural GaN\u00b2 Ultra 67\u00a0W est con\u00e7u pour \u00eatre plus compact et plus puissant que jamais. Avec son design compact et sa fonctionnalit\u00e9 double port, ce chargeur mural est parfait pour vos d\u00e9placements, au bureau ou \u00e0 la maison. Pour r\u00e9duire les d\u00e9chets et contribuer \u00e0 un avenir plus durable, le chargeur est fabriqu\u00e9 \u00e0 partir de 97\u00a0% de plastique recycl\u00e9. Sortie\u00a0: 1\u00a0port USB-C pour l'alimentation \u00e9lectrique de 67\u00a0W et 1\u00a0port USB-A pour charge rapide 3.0 de 18\u00a0W. Livr\u00e9 avec un manuel d'utilisation.","og_url":"https:\/\/perle-in.com\/en\/product\/chargeur-mural-67-w-ultra-xtorm-xec067-gan\u00b2\/","og_site_name":"PERLE IN","article_modified_time":"2025-10-19T03:49:06+00:00","og_image":[{"width":1600,"height":1600,"url":"https:\/\/perle-in.com\/wp-content\/uploads\/2025\/10\/12439301-1.jpg","type":"image\/jpeg"}],"twitter_card":"summary_large_image","schema":{"@context":"https:\/\/schema.org","@graph":[{"@type":"WebPage","@id":"https:\/\/perle-in.com\/produit\/chargeur-mural-67-w-ultra-xtorm-xec067-gan%c2%b2\/","url":"https:\/\/perle-in.com\/produit\/chargeur-mural-67-w-ultra-xtorm-xec067-gan%c2%b2\/","name":"Chargeur mural 67\u00a0W Ultra Xtorm XEC067 GaN\u00b2 - PERLE IN","isPartOf":{"@id":"https:\/\/perle-in.com\/#website"},"primaryImageOfPage":{"@id":"https:\/\/perle-in.com\/produit\/chargeur-mural-67-w-ultra-xtorm-xec067-gan%c2%b2\/#primaryimage"},"image":{"@id":"https:\/\/perle-in.com\/produit\/chargeur-mural-67-w-ultra-xtorm-xec067-gan%c2%b2\/#primaryimage"},"thumbnailUrl":"https:\/\/perle-in.com\/wp-content\/uploads\/2025\/10\/12439301-1.jpg","datePublished":"2025-10-15T13:34:56+00:00","dateModified":"2025-10-19T03:49:06+00:00","breadcrumb":{"@id":"https:\/\/perle-in.com\/produit\/chargeur-mural-67-w-ultra-xtorm-xec067-gan%c2%b2\/#breadcrumb"},"inLanguage":"en-CA","potentialAction":[{"@type":"ReadAction","target":["https:\/\/perle-in.com\/produit\/chargeur-mural-67-w-ultra-xtorm-xec067-gan%c2%b2\/"]}]},{"@type":"ImageObject","inLanguage":"en-CA","@id":"https:\/\/perle-in.com\/produit\/chargeur-mural-67-w-ultra-xtorm-xec067-gan%c2%b2\/#primaryimage","url":"https:\/\/perle-in.com\/wp-content\/uploads\/2025\/10\/12439301-1.jpg","contentUrl":"https:\/\/perle-in.com\/wp-content\/uploads\/2025\/10\/12439301-1.jpg","width":1600,"height":1600},{"@type":"BreadcrumbList","@id":"https:\/\/perle-in.com\/produit\/chargeur-mural-67-w-ultra-xtorm-xec067-gan%c2%b2\/#breadcrumb","itemListElement":[{"@type":"ListItem","position":1,"name":"Accueil","item":"https:\/\/perle-in.com\/"},{"@type":"ListItem","position":2,"name":"Boutique","item":"https:\/\/perle-in.com\/boutique\/"},{"@type":"ListItem","position":3,"name":"Chargeur mural 67\u00a0W Ultra Xtorm XEC067 GaN\u00b2"}]},{"@type":"WebSite","@id":"https:\/\/perle-in.com\/#website","url":"https:\/\/perle-in.com\/","name":"PERLE IN","description":"","publisher":{"@id":"https:\/\/perle-in.com\/#organization"},"potentialAction":[{"@type":"SearchAction","target":{"@type":"EntryPoint","urlTemplate":"https:\/\/perle-in.com\/?s={search_term_string}"},"query-input":{"@type":"PropertyValueSpecification","valueRequired":true,"valueName":"search_term_string"}}],"inLanguage":"en-CA"},{"@type":"Organization","@id":"https:\/\/perle-in.com\/#organization","name":"PERLE IN","url":"https:\/\/perle-in.com\/","logo":{"@type":"ImageObject","inLanguage":"en-CA","@id":"https:\/\/perle-in.com\/#\/schema\/logo\/image\/","url":"https:\/\/perle-in.com\/wp-content\/uploads\/2022\/12\/LOGO-PERLE-IN-COULEUR@3x.webp","contentUrl":"https:\/\/perle-in.com\/wp-content\/uploads\/2022\/12\/LOGO-PERLE-IN-COULEUR@3x.webp","width":1600,"height":490,"caption":"PERLE IN"},"image":{"@id":"https:\/\/perle-in.com\/#\/schema\/logo\/image\/"}}]}},"jetpack_sharing_enabled":true,"_links":{"self":[{"href":"https:\/\/perle-in.com\/en\/wp-json\/wp\/v2\/product\/563439","targetHints":{"allow":["GET"]}}],"collection":[{"href":"https:\/\/perle-in.com\/en\/wp-json\/wp\/v2\/product"}],"about":[{"href":"https:\/\/perle-in.com\/en\/wp-json\/wp\/v2\/types\/product"}],"version-history":[{"count":0,"href":"https:\/\/perle-in.com\/en\/wp-json\/wp\/v2\/product\/563439\/revisions"}],"wp:featuredmedia":[{"embeddable":true,"href":"https:\/\/perle-in.com\/en\/wp-json\/wp\/v2\/media\/563431"}],"wp:attachment":[{"href":"https:\/\/perle-in.com\/en\/wp-json\/wp\/v2\/media?parent=563439"}],"wp:term":[{"taxonomy":"product_brand","embeddable":true,"href":"https:\/\/perle-in.com\/en\/wp-json\/wp\/v2\/product_brand?post=563439"},{"taxonomy":"product_cat","embeddable":true,"href":"https:\/\/perle-in.com\/en\/wp-json\/wp\/v2\/product_cat?post=563439"},{"taxonomy":"product_tag","embeddable":true,"href":"https:\/\/perle-in.com\/en\/wp-json\/wp\/v2\/product_tag?post=563439"}],"curies":[{"name":"wp","href":"https:\/\/api.w.org\/{rel}","templated":true}]}}