{"id":563342,"date":"2025-10-15T15:26:24","date_gmt":"2025-10-15T13:26:24","guid":{"rendered":"https:\/\/perle-in.com\/produit\/mug-isotherme-melbourne-1200-ml-certifie-rcs-avec-paille\/"},"modified":"2025-10-19T05:49:05","modified_gmt":"2025-10-19T03:49:05","slug":"mug-isotherme-melbourne-1200-ml-certifie-rcs-avec-paille","status":"publish","type":"product","link":"https:\/\/perle-in.com\/en\/product\/mug-isotherme-melbourne-1200-ml-certifie-rcs-avec-paille\/","title":{"rendered":"Mug isotherme Melbourne 1200 ml certifi\u00e9 RCS avec paille"},"content":{"rendered":"","protected":false},"excerpt":{"rendered":"<p>Le mug Melbourne est dot\u00e9 d&#8217;une double paroi isolante, qui permet de garder les boissons chaudes pendant 2 heures ou froides pendant 4 heures. La paroi int\u00e9rieure du mug est compos\u00e9e de plastique recycl\u00e9, et la paroi ext\u00e9rieure est en acier inoxydable recycl\u00e9 certifi\u00e9 RCS. Le mug a une capacit\u00e9 de 1\u00a0200\u00a0ml, ce qui vous permettra de rester hydrat\u00e9 avec style tout au long de la journ\u00e9e. Comprend un couvercle \u00e0 pression anti-\u00e9claboussures avec deux ouvertures et une fermeture pivotante. Livr\u00e9 avec une paille recycl\u00e9e de qualit\u00e9 alimentaire. Lavage \u00e0 la main uniquement.<\/p>","protected":false},"featured_media":563326,"template":"","meta":{"_eb_attr":""},"product_brand":[],"product_cat":[173,1209],"product_tag":[275,225,837,274,308,190,2884,836,230,227],"class_list":{"0":"post-563342","1":"product","2":"type-product","3":"status-publish","4":"has-post-thumbnail","6":"product_cat-drinkware","7":"product_cat-mugs-pour-voyager","8":"product_tag-boissons","9":"product_tag-cafe","10":"product_tag-durable","11":"product_tag-eau","12":"product_tag-gobelet","13":"product_tag-mug","14":"product_tag-rcs","15":"product_tag-recycle","16":"product_tag-tasse","17":"product_tag-the","18":"pa_couleurs-blanc","19":"pa_couleurs-bleu-royal","20":"pa_couleurs-gris","21":"pa_couleurs-lilas","22":"pa_couleurs-marine","23":"pa_couleurs-noir","24":"pa_couleurs-rouge","25":"pa_couleurs-vert-flash","26":"pa_green-points-2710","27":"pa_matiere-plastique-recycle-acier-inoxydable-recycle","29":"first","30":"instock","31":"shipping-taxable","32":"purchasable","33":"product-type-variable"},"yoast_head":"<!-- This site is optimized with the Yoast SEO plugin v27.4 - https:\/\/yoast.com\/product\/yoast-seo-wordpress\/ -->\n<title>Mug isotherme Melbourne 1200 ml certifi\u00e9 RCS avec paille - PERLE IN<\/title>\n<meta name=\"robots\" content=\"noindex, follow, max-snippet:-1, max-image-preview:large, max-video-preview:-1\" \/>\n<meta property=\"og:locale\" content=\"en_US\" \/>\n<meta property=\"og:type\" content=\"article\" \/>\n<meta property=\"og:title\" content=\"Mug isotherme Melbourne 1200 ml certifi\u00e9 RCS avec paille - PERLE IN\" \/>\n<meta property=\"og:description\" content=\"Le mug Melbourne est dot\u00e9 d&#039;une double paroi isolante, qui permet de garder les boissons chaudes pendant 2 heures ou froides pendant 4 heures. La paroi int\u00e9rieure du mug est compos\u00e9e de plastique recycl\u00e9, et la paroi ext\u00e9rieure est en acier inoxydable recycl\u00e9 certifi\u00e9 RCS. Le mug a une capacit\u00e9 de 1\u00a0200\u00a0ml, ce qui vous permettra de rester hydrat\u00e9 avec style tout au long de la journ\u00e9e. Comprend un couvercle \u00e0 pression anti-\u00e9claboussures avec deux ouvertures et une fermeture pivotante. Livr\u00e9 avec une paille recycl\u00e9e de qualit\u00e9 alimentaire. Lavage \u00e0 la main uniquement.\" \/>\n<meta property=\"og:url\" content=\"https:\/\/perle-in.com\/en\/product\/mug-isotherme-melbourne-1200-ml-certifie-rcs-avec-paille\/\" \/>\n<meta property=\"og:site_name\" content=\"PERLE IN\" \/>\n<meta property=\"article:modified_time\" content=\"2025-10-19T03:49:05+00:00\" \/>\n<meta property=\"og:image\" content=\"https:\/\/perle-in.com\/wp-content\/uploads\/2025\/10\/10080101-1.jpg\" \/>\n\t<meta property=\"og:image:width\" content=\"1600\" \/>\n\t<meta property=\"og:image:height\" content=\"1600\" \/>\n\t<meta property=\"og:image:type\" content=\"image\/jpeg\" \/>\n<meta name=\"twitter:card\" content=\"summary_large_image\" \/>\n<script type=\"application\/ld+json\" class=\"yoast-schema-graph\">{\"@context\":\"https:\\\/\\\/schema.org\",\"@graph\":[{\"@type\":\"WebPage\",\"@id\":\"https:\\\/\\\/perle-in.com\\\/produit\\\/mug-isotherme-melbourne-1200-ml-certifie-rcs-avec-paille\\\/\",\"url\":\"https:\\\/\\\/perle-in.com\\\/produit\\\/mug-isotherme-melbourne-1200-ml-certifie-rcs-avec-paille\\\/\",\"name\":\"Mug isotherme Melbourne 1200 ml certifi\u00e9 RCS avec paille - PERLE IN\",\"isPartOf\":{\"@id\":\"https:\\\/\\\/perle-in.com\\\/#website\"},\"primaryImageOfPage\":{\"@id\":\"https:\\\/\\\/perle-in.com\\\/produit\\\/mug-isotherme-melbourne-1200-ml-certifie-rcs-avec-paille\\\/#primaryimage\"},\"image\":{\"@id\":\"https:\\\/\\\/perle-in.com\\\/produit\\\/mug-isotherme-melbourne-1200-ml-certifie-rcs-avec-paille\\\/#primaryimage\"},\"thumbnailUrl\":\"https:\\\/\\\/perle-in.com\\\/wp-content\\\/uploads\\\/2025\\\/10\\\/10080101-1.jpg\",\"datePublished\":\"2025-10-15T13:26:24+00:00\",\"dateModified\":\"2025-10-19T03:49:05+00:00\",\"breadcrumb\":{\"@id\":\"https:\\\/\\\/perle-in.com\\\/produit\\\/mug-isotherme-melbourne-1200-ml-certifie-rcs-avec-paille\\\/#breadcrumb\"},\"inLanguage\":\"en-CA\",\"potentialAction\":[{\"@type\":\"ReadAction\",\"target\":[\"https:\\\/\\\/perle-in.com\\\/produit\\\/mug-isotherme-melbourne-1200-ml-certifie-rcs-avec-paille\\\/\"]}]},{\"@type\":\"ImageObject\",\"inLanguage\":\"en-CA\",\"@id\":\"https:\\\/\\\/perle-in.com\\\/produit\\\/mug-isotherme-melbourne-1200-ml-certifie-rcs-avec-paille\\\/#primaryimage\",\"url\":\"https:\\\/\\\/perle-in.com\\\/wp-content\\\/uploads\\\/2025\\\/10\\\/10080101-1.jpg\",\"contentUrl\":\"https:\\\/\\\/perle-in.com\\\/wp-content\\\/uploads\\\/2025\\\/10\\\/10080101-1.jpg\",\"width\":1600,\"height\":1600},{\"@type\":\"BreadcrumbList\",\"@id\":\"https:\\\/\\\/perle-in.com\\\/produit\\\/mug-isotherme-melbourne-1200-ml-certifie-rcs-avec-paille\\\/#breadcrumb\",\"itemListElement\":[{\"@type\":\"ListItem\",\"position\":1,\"name\":\"Accueil\",\"item\":\"https:\\\/\\\/perle-in.com\\\/\"},{\"@type\":\"ListItem\",\"position\":2,\"name\":\"Boutique\",\"item\":\"https:\\\/\\\/perle-in.com\\\/boutique\\\/\"},{\"@type\":\"ListItem\",\"position\":3,\"name\":\"Mug isotherme Melbourne 1200 ml certifi\u00e9 RCS avec paille\"}]},{\"@type\":\"WebSite\",\"@id\":\"https:\\\/\\\/perle-in.com\\\/#website\",\"url\":\"https:\\\/\\\/perle-in.com\\\/\",\"name\":\"PERLE IN\",\"description\":\"\",\"publisher\":{\"@id\":\"https:\\\/\\\/perle-in.com\\\/#organization\"},\"potentialAction\":[{\"@type\":\"SearchAction\",\"target\":{\"@type\":\"EntryPoint\",\"urlTemplate\":\"https:\\\/\\\/perle-in.com\\\/?s={search_term_string}\"},\"query-input\":{\"@type\":\"PropertyValueSpecification\",\"valueRequired\":true,\"valueName\":\"search_term_string\"}}],\"inLanguage\":\"en-CA\"},{\"@type\":\"Organization\",\"@id\":\"https:\\\/\\\/perle-in.com\\\/#organization\",\"name\":\"PERLE IN\",\"url\":\"https:\\\/\\\/perle-in.com\\\/\",\"logo\":{\"@type\":\"ImageObject\",\"inLanguage\":\"en-CA\",\"@id\":\"https:\\\/\\\/perle-in.com\\\/#\\\/schema\\\/logo\\\/image\\\/\",\"url\":\"https:\\\/\\\/perle-in.com\\\/wp-content\\\/uploads\\\/2022\\\/12\\\/LOGO-PERLE-IN-COULEUR@3x.webp\",\"contentUrl\":\"https:\\\/\\\/perle-in.com\\\/wp-content\\\/uploads\\\/2022\\\/12\\\/LOGO-PERLE-IN-COULEUR@3x.webp\",\"width\":1600,\"height\":490,\"caption\":\"PERLE IN\"},\"image\":{\"@id\":\"https:\\\/\\\/perle-in.com\\\/#\\\/schema\\\/logo\\\/image\\\/\"}}]}<\/script>\n<!-- \/ Yoast SEO plugin. -->","yoast_head_json":{"title":"Mug isotherme Melbourne 1200 ml certifi\u00e9 RCS avec paille - PERLE IN","robots":{"index":"noindex","follow":"follow","max-snippet":"max-snippet:-1","max-image-preview":"max-image-preview:large","max-video-preview":"max-video-preview:-1"},"og_locale":"en_US","og_type":"article","og_title":"Mug isotherme Melbourne 1200 ml certifi\u00e9 RCS avec paille - PERLE IN","og_description":"Le mug Melbourne est dot\u00e9 d'une double paroi isolante, qui permet de garder les boissons chaudes pendant 2 heures ou froides pendant 4 heures. La paroi int\u00e9rieure du mug est compos\u00e9e de plastique recycl\u00e9, et la paroi ext\u00e9rieure est en acier inoxydable recycl\u00e9 certifi\u00e9 RCS. Le mug a une capacit\u00e9 de 1\u00a0200\u00a0ml, ce qui vous permettra de rester hydrat\u00e9 avec style tout au long de la journ\u00e9e. Comprend un couvercle \u00e0 pression anti-\u00e9claboussures avec deux ouvertures et une fermeture pivotante. Livr\u00e9 avec une paille recycl\u00e9e de qualit\u00e9 alimentaire. Lavage \u00e0 la main uniquement.","og_url":"https:\/\/perle-in.com\/en\/product\/mug-isotherme-melbourne-1200-ml-certifie-rcs-avec-paille\/","og_site_name":"PERLE IN","article_modified_time":"2025-10-19T03:49:05+00:00","og_image":[{"width":1600,"height":1600,"url":"https:\/\/perle-in.com\/wp-content\/uploads\/2025\/10\/10080101-1.jpg","type":"image\/jpeg"}],"twitter_card":"summary_large_image","schema":{"@context":"https:\/\/schema.org","@graph":[{"@type":"WebPage","@id":"https:\/\/perle-in.com\/produit\/mug-isotherme-melbourne-1200-ml-certifie-rcs-avec-paille\/","url":"https:\/\/perle-in.com\/produit\/mug-isotherme-melbourne-1200-ml-certifie-rcs-avec-paille\/","name":"Mug isotherme Melbourne 1200 ml certifi\u00e9 RCS avec paille - PERLE IN","isPartOf":{"@id":"https:\/\/perle-in.com\/#website"},"primaryImageOfPage":{"@id":"https:\/\/perle-in.com\/produit\/mug-isotherme-melbourne-1200-ml-certifie-rcs-avec-paille\/#primaryimage"},"image":{"@id":"https:\/\/perle-in.com\/produit\/mug-isotherme-melbourne-1200-ml-certifie-rcs-avec-paille\/#primaryimage"},"thumbnailUrl":"https:\/\/perle-in.com\/wp-content\/uploads\/2025\/10\/10080101-1.jpg","datePublished":"2025-10-15T13:26:24+00:00","dateModified":"2025-10-19T03:49:05+00:00","breadcrumb":{"@id":"https:\/\/perle-in.com\/produit\/mug-isotherme-melbourne-1200-ml-certifie-rcs-avec-paille\/#breadcrumb"},"inLanguage":"en-CA","potentialAction":[{"@type":"ReadAction","target":["https:\/\/perle-in.com\/produit\/mug-isotherme-melbourne-1200-ml-certifie-rcs-avec-paille\/"]}]},{"@type":"ImageObject","inLanguage":"en-CA","@id":"https:\/\/perle-in.com\/produit\/mug-isotherme-melbourne-1200-ml-certifie-rcs-avec-paille\/#primaryimage","url":"https:\/\/perle-in.com\/wp-content\/uploads\/2025\/10\/10080101-1.jpg","contentUrl":"https:\/\/perle-in.com\/wp-content\/uploads\/2025\/10\/10080101-1.jpg","width":1600,"height":1600},{"@type":"BreadcrumbList","@id":"https:\/\/perle-in.com\/produit\/mug-isotherme-melbourne-1200-ml-certifie-rcs-avec-paille\/#breadcrumb","itemListElement":[{"@type":"ListItem","position":1,"name":"Accueil","item":"https:\/\/perle-in.com\/"},{"@type":"ListItem","position":2,"name":"Boutique","item":"https:\/\/perle-in.com\/boutique\/"},{"@type":"ListItem","position":3,"name":"Mug isotherme Melbourne 1200 ml certifi\u00e9 RCS avec paille"}]},{"@type":"WebSite","@id":"https:\/\/perle-in.com\/#website","url":"https:\/\/perle-in.com\/","name":"PERLE IN","description":"","publisher":{"@id":"https:\/\/perle-in.com\/#organization"},"potentialAction":[{"@type":"SearchAction","target":{"@type":"EntryPoint","urlTemplate":"https:\/\/perle-in.com\/?s={search_term_string}"},"query-input":{"@type":"PropertyValueSpecification","valueRequired":true,"valueName":"search_term_string"}}],"inLanguage":"en-CA"},{"@type":"Organization","@id":"https:\/\/perle-in.com\/#organization","name":"PERLE IN","url":"https:\/\/perle-in.com\/","logo":{"@type":"ImageObject","inLanguage":"en-CA","@id":"https:\/\/perle-in.com\/#\/schema\/logo\/image\/","url":"https:\/\/perle-in.com\/wp-content\/uploads\/2022\/12\/LOGO-PERLE-IN-COULEUR@3x.webp","contentUrl":"https:\/\/perle-in.com\/wp-content\/uploads\/2022\/12\/LOGO-PERLE-IN-COULEUR@3x.webp","width":1600,"height":490,"caption":"PERLE IN"},"image":{"@id":"https:\/\/perle-in.com\/#\/schema\/logo\/image\/"}}]}},"jetpack_sharing_enabled":true,"_links":{"self":[{"href":"https:\/\/perle-in.com\/en\/wp-json\/wp\/v2\/product\/563342","targetHints":{"allow":["GET"]}}],"collection":[{"href":"https:\/\/perle-in.com\/en\/wp-json\/wp\/v2\/product"}],"about":[{"href":"https:\/\/perle-in.com\/en\/wp-json\/wp\/v2\/types\/product"}],"version-history":[{"count":0,"href":"https:\/\/perle-in.com\/en\/wp-json\/wp\/v2\/product\/563342\/revisions"}],"wp:featuredmedia":[{"embeddable":true,"href":"https:\/\/perle-in.com\/en\/wp-json\/wp\/v2\/media\/563326"}],"wp:attachment":[{"href":"https:\/\/perle-in.com\/en\/wp-json\/wp\/v2\/media?parent=563342"}],"wp:term":[{"taxonomy":"product_brand","embeddable":true,"href":"https:\/\/perle-in.com\/en\/wp-json\/wp\/v2\/product_brand?post=563342"},{"taxonomy":"product_cat","embeddable":true,"href":"https:\/\/perle-in.com\/en\/wp-json\/wp\/v2\/product_cat?post=563342"},{"taxonomy":"product_tag","embeddable":true,"href":"https:\/\/perle-in.com\/en\/wp-json\/wp\/v2\/product_tag?post=563342"}],"curies":[{"name":"wp","href":"https:\/\/api.w.org\/{rel}","templated":true}]}}