{"id":563319,"date":"2025-10-15T15:24:50","date_gmt":"2025-10-15T13:24:50","guid":{"rendered":"https:\/\/perle-in.com\/produit\/gobelet-isotherme-corzo-350-ml-en-cuivre-inoxydable-recycle-certifie-rcs\/"},"modified":"2025-10-19T05:49:05","modified_gmt":"2025-10-19T03:49:05","slug":"gobelet-isotherme-corzo-350-ml-en-cuivre-inoxydable-recycle-certifie-rcs","status":"publish","type":"product","link":"https:\/\/perle-in.com\/en\/product\/gobelet-isotherme-corzo-350-ml-en-cuivre-inoxydable-recycle-certifie-rcs\/","title":{"rendered":"Gobelet isotherme Corzo 350 ml  en cuivre inoxydable recycl\u00e9 certifi\u00e9 RCS"},"content":{"rendered":"","protected":false},"excerpt":{"rendered":"<p>Le gobelet Corzo double paroi est fabriqu\u00e9e en acier inoxydable certifi\u00e9 RCS et poss\u00e8de une isolation par le vide avec couche de cuivre, qui garde les boissons chaudes pendant 6\u00a0heures et froides pendant 24\u00a0heures. La construction emp\u00eache la condensation de se former \u00e0 l&#8217;ext\u00e9rieur de la tasse. Buvez facilement, couvercle poussoir. Rev\u00eatement par poudre sur le corps ext\u00e9rieur. Large ouverture pour un remplissage et un service confortable. Capacit\u00e9 de 350\u00a0ml. Pr\u00e9sent\u00e9 dans un coffret cadeau en carton recycl\u00e9.<\/p>","protected":false},"featured_media":563304,"template":"","meta":{"_eb_attr":""},"product_brand":[],"product_cat":[173,189],"product_tag":[2709,275,308,192,190,2884,836,230],"class_list":{"0":"post-563319","1":"product","2":"type-product","3":"status-publish","4":"has-post-thumbnail","6":"product_cat-drinkware","7":"product_cat-mugs-isothermes","8":"product_tag-acier","9":"product_tag-boissons","10":"product_tag-gobelet","11":"product_tag-gourde","12":"product_tag-mug","13":"product_tag-rcs","14":"product_tag-recycle","15":"product_tag-tasse","16":"pa_couleurs-argent","17":"pa_couleurs-blanc","18":"pa_couleurs-bleu-hale","19":"pa_couleurs-bronze","20":"pa_couleurs-noir","21":"pa_couleurs-rouge","22":"pa_green-points-3218","23":"pa_matiere-acier-inoxydable-recycle","25":"first","26":"instock","27":"shipping-taxable","28":"purchasable","29":"product-type-variable"},"yoast_head":"<!-- This site is optimized with the Yoast SEO plugin v27.4 - https:\/\/yoast.com\/product\/yoast-seo-wordpress\/ -->\n<title>Gobelet isotherme Corzo 350 ml en cuivre inoxydable recycl\u00e9 certifi\u00e9 RCS - PERLE IN<\/title>\n<meta name=\"robots\" content=\"noindex, follow, max-snippet:-1, max-image-preview:large, max-video-preview:-1\" \/>\n<meta property=\"og:locale\" content=\"en_US\" \/>\n<meta property=\"og:type\" content=\"article\" \/>\n<meta property=\"og:title\" content=\"Gobelet isotherme Corzo 350 ml en cuivre inoxydable recycl\u00e9 certifi\u00e9 RCS - PERLE IN\" \/>\n<meta property=\"og:description\" content=\"Le gobelet Corzo double paroi est fabriqu\u00e9e en acier inoxydable certifi\u00e9 RCS et poss\u00e8de une isolation par le vide avec couche de cuivre, qui garde les boissons chaudes pendant 6\u00a0heures et froides pendant 24\u00a0heures. La construction emp\u00eache la condensation de se former \u00e0 l&#039;ext\u00e9rieur de la tasse. Buvez facilement, couvercle poussoir. Rev\u00eatement par poudre sur le corps ext\u00e9rieur. Large ouverture pour un remplissage et un service confortable. Capacit\u00e9 de 350\u00a0ml. Pr\u00e9sent\u00e9 dans un coffret cadeau en carton recycl\u00e9.\" \/>\n<meta property=\"og:url\" content=\"https:\/\/perle-in.com\/en\/product\/gobelet-isotherme-corzo-350-ml-en-cuivre-inoxydable-recycle-certifie-rcs\/\" \/>\n<meta property=\"og:site_name\" content=\"PERLE IN\" \/>\n<meta property=\"article:modified_time\" content=\"2025-10-19T03:49:05+00:00\" \/>\n<meta property=\"og:image\" content=\"https:\/\/perle-in.com\/wp-content\/uploads\/2025\/10\/10079901-1.jpg\" \/>\n\t<meta property=\"og:image:width\" content=\"1600\" \/>\n\t<meta property=\"og:image:height\" content=\"1600\" \/>\n\t<meta property=\"og:image:type\" content=\"image\/jpeg\" \/>\n<meta name=\"twitter:card\" content=\"summary_large_image\" \/>\n<script type=\"application\/ld+json\" class=\"yoast-schema-graph\">{\"@context\":\"https:\\\/\\\/schema.org\",\"@graph\":[{\"@type\":\"WebPage\",\"@id\":\"https:\\\/\\\/perle-in.com\\\/produit\\\/gobelet-isotherme-corzo-350-ml-en-cuivre-inoxydable-recycle-certifie-rcs\\\/\",\"url\":\"https:\\\/\\\/perle-in.com\\\/produit\\\/gobelet-isotherme-corzo-350-ml-en-cuivre-inoxydable-recycle-certifie-rcs\\\/\",\"name\":\"Gobelet isotherme Corzo 350 ml en cuivre inoxydable recycl\u00e9 certifi\u00e9 RCS - PERLE IN\",\"isPartOf\":{\"@id\":\"https:\\\/\\\/perle-in.com\\\/#website\"},\"primaryImageOfPage\":{\"@id\":\"https:\\\/\\\/perle-in.com\\\/produit\\\/gobelet-isotherme-corzo-350-ml-en-cuivre-inoxydable-recycle-certifie-rcs\\\/#primaryimage\"},\"image\":{\"@id\":\"https:\\\/\\\/perle-in.com\\\/produit\\\/gobelet-isotherme-corzo-350-ml-en-cuivre-inoxydable-recycle-certifie-rcs\\\/#primaryimage\"},\"thumbnailUrl\":\"https:\\\/\\\/perle-in.com\\\/wp-content\\\/uploads\\\/2025\\\/10\\\/10079901-1.jpg\",\"datePublished\":\"2025-10-15T13:24:50+00:00\",\"dateModified\":\"2025-10-19T03:49:05+00:00\",\"breadcrumb\":{\"@id\":\"https:\\\/\\\/perle-in.com\\\/produit\\\/gobelet-isotherme-corzo-350-ml-en-cuivre-inoxydable-recycle-certifie-rcs\\\/#breadcrumb\"},\"inLanguage\":\"en-CA\",\"potentialAction\":[{\"@type\":\"ReadAction\",\"target\":[\"https:\\\/\\\/perle-in.com\\\/produit\\\/gobelet-isotherme-corzo-350-ml-en-cuivre-inoxydable-recycle-certifie-rcs\\\/\"]}]},{\"@type\":\"ImageObject\",\"inLanguage\":\"en-CA\",\"@id\":\"https:\\\/\\\/perle-in.com\\\/produit\\\/gobelet-isotherme-corzo-350-ml-en-cuivre-inoxydable-recycle-certifie-rcs\\\/#primaryimage\",\"url\":\"https:\\\/\\\/perle-in.com\\\/wp-content\\\/uploads\\\/2025\\\/10\\\/10079901-1.jpg\",\"contentUrl\":\"https:\\\/\\\/perle-in.com\\\/wp-content\\\/uploads\\\/2025\\\/10\\\/10079901-1.jpg\",\"width\":1600,\"height\":1600},{\"@type\":\"BreadcrumbList\",\"@id\":\"https:\\\/\\\/perle-in.com\\\/produit\\\/gobelet-isotherme-corzo-350-ml-en-cuivre-inoxydable-recycle-certifie-rcs\\\/#breadcrumb\",\"itemListElement\":[{\"@type\":\"ListItem\",\"position\":1,\"name\":\"Accueil\",\"item\":\"https:\\\/\\\/perle-in.com\\\/\"},{\"@type\":\"ListItem\",\"position\":2,\"name\":\"Boutique\",\"item\":\"https:\\\/\\\/perle-in.com\\\/boutique\\\/\"},{\"@type\":\"ListItem\",\"position\":3,\"name\":\"Gobelet isotherme Corzo 350 ml en cuivre inoxydable recycl\u00e9 certifi\u00e9 RCS\"}]},{\"@type\":\"WebSite\",\"@id\":\"https:\\\/\\\/perle-in.com\\\/#website\",\"url\":\"https:\\\/\\\/perle-in.com\\\/\",\"name\":\"PERLE IN\",\"description\":\"\",\"publisher\":{\"@id\":\"https:\\\/\\\/perle-in.com\\\/#organization\"},\"potentialAction\":[{\"@type\":\"SearchAction\",\"target\":{\"@type\":\"EntryPoint\",\"urlTemplate\":\"https:\\\/\\\/perle-in.com\\\/?s={search_term_string}\"},\"query-input\":{\"@type\":\"PropertyValueSpecification\",\"valueRequired\":true,\"valueName\":\"search_term_string\"}}],\"inLanguage\":\"en-CA\"},{\"@type\":\"Organization\",\"@id\":\"https:\\\/\\\/perle-in.com\\\/#organization\",\"name\":\"PERLE IN\",\"url\":\"https:\\\/\\\/perle-in.com\\\/\",\"logo\":{\"@type\":\"ImageObject\",\"inLanguage\":\"en-CA\",\"@id\":\"https:\\\/\\\/perle-in.com\\\/#\\\/schema\\\/logo\\\/image\\\/\",\"url\":\"https:\\\/\\\/perle-in.com\\\/wp-content\\\/uploads\\\/2022\\\/12\\\/LOGO-PERLE-IN-COULEUR@3x.webp\",\"contentUrl\":\"https:\\\/\\\/perle-in.com\\\/wp-content\\\/uploads\\\/2022\\\/12\\\/LOGO-PERLE-IN-COULEUR@3x.webp\",\"width\":1600,\"height\":490,\"caption\":\"PERLE IN\"},\"image\":{\"@id\":\"https:\\\/\\\/perle-in.com\\\/#\\\/schema\\\/logo\\\/image\\\/\"}}]}<\/script>\n<!-- \/ Yoast SEO plugin. -->","yoast_head_json":{"title":"Gobelet isotherme Corzo 350 ml en cuivre inoxydable recycl\u00e9 certifi\u00e9 RCS - PERLE IN","robots":{"index":"noindex","follow":"follow","max-snippet":"max-snippet:-1","max-image-preview":"max-image-preview:large","max-video-preview":"max-video-preview:-1"},"og_locale":"en_US","og_type":"article","og_title":"Gobelet isotherme Corzo 350 ml en cuivre inoxydable recycl\u00e9 certifi\u00e9 RCS - PERLE IN","og_description":"Le gobelet Corzo double paroi est fabriqu\u00e9e en acier inoxydable certifi\u00e9 RCS et poss\u00e8de une isolation par le vide avec couche de cuivre, qui garde les boissons chaudes pendant 6\u00a0heures et froides pendant 24\u00a0heures. La construction emp\u00eache la condensation de se former \u00e0 l'ext\u00e9rieur de la tasse. Buvez facilement, couvercle poussoir. Rev\u00eatement par poudre sur le corps ext\u00e9rieur. Large ouverture pour un remplissage et un service confortable. Capacit\u00e9 de 350\u00a0ml. Pr\u00e9sent\u00e9 dans un coffret cadeau en carton recycl\u00e9.","og_url":"https:\/\/perle-in.com\/en\/product\/gobelet-isotherme-corzo-350-ml-en-cuivre-inoxydable-recycle-certifie-rcs\/","og_site_name":"PERLE IN","article_modified_time":"2025-10-19T03:49:05+00:00","og_image":[{"width":1600,"height":1600,"url":"https:\/\/perle-in.com\/wp-content\/uploads\/2025\/10\/10079901-1.jpg","type":"image\/jpeg"}],"twitter_card":"summary_large_image","schema":{"@context":"https:\/\/schema.org","@graph":[{"@type":"WebPage","@id":"https:\/\/perle-in.com\/produit\/gobelet-isotherme-corzo-350-ml-en-cuivre-inoxydable-recycle-certifie-rcs\/","url":"https:\/\/perle-in.com\/produit\/gobelet-isotherme-corzo-350-ml-en-cuivre-inoxydable-recycle-certifie-rcs\/","name":"Gobelet isotherme Corzo 350 ml en cuivre inoxydable recycl\u00e9 certifi\u00e9 RCS - PERLE IN","isPartOf":{"@id":"https:\/\/perle-in.com\/#website"},"primaryImageOfPage":{"@id":"https:\/\/perle-in.com\/produit\/gobelet-isotherme-corzo-350-ml-en-cuivre-inoxydable-recycle-certifie-rcs\/#primaryimage"},"image":{"@id":"https:\/\/perle-in.com\/produit\/gobelet-isotherme-corzo-350-ml-en-cuivre-inoxydable-recycle-certifie-rcs\/#primaryimage"},"thumbnailUrl":"https:\/\/perle-in.com\/wp-content\/uploads\/2025\/10\/10079901-1.jpg","datePublished":"2025-10-15T13:24:50+00:00","dateModified":"2025-10-19T03:49:05+00:00","breadcrumb":{"@id":"https:\/\/perle-in.com\/produit\/gobelet-isotherme-corzo-350-ml-en-cuivre-inoxydable-recycle-certifie-rcs\/#breadcrumb"},"inLanguage":"en-CA","potentialAction":[{"@type":"ReadAction","target":["https:\/\/perle-in.com\/produit\/gobelet-isotherme-corzo-350-ml-en-cuivre-inoxydable-recycle-certifie-rcs\/"]}]},{"@type":"ImageObject","inLanguage":"en-CA","@id":"https:\/\/perle-in.com\/produit\/gobelet-isotherme-corzo-350-ml-en-cuivre-inoxydable-recycle-certifie-rcs\/#primaryimage","url":"https:\/\/perle-in.com\/wp-content\/uploads\/2025\/10\/10079901-1.jpg","contentUrl":"https:\/\/perle-in.com\/wp-content\/uploads\/2025\/10\/10079901-1.jpg","width":1600,"height":1600},{"@type":"BreadcrumbList","@id":"https:\/\/perle-in.com\/produit\/gobelet-isotherme-corzo-350-ml-en-cuivre-inoxydable-recycle-certifie-rcs\/#breadcrumb","itemListElement":[{"@type":"ListItem","position":1,"name":"Accueil","item":"https:\/\/perle-in.com\/"},{"@type":"ListItem","position":2,"name":"Boutique","item":"https:\/\/perle-in.com\/boutique\/"},{"@type":"ListItem","position":3,"name":"Gobelet isotherme Corzo 350 ml en cuivre inoxydable recycl\u00e9 certifi\u00e9 RCS"}]},{"@type":"WebSite","@id":"https:\/\/perle-in.com\/#website","url":"https:\/\/perle-in.com\/","name":"PERLE IN","description":"","publisher":{"@id":"https:\/\/perle-in.com\/#organization"},"potentialAction":[{"@type":"SearchAction","target":{"@type":"EntryPoint","urlTemplate":"https:\/\/perle-in.com\/?s={search_term_string}"},"query-input":{"@type":"PropertyValueSpecification","valueRequired":true,"valueName":"search_term_string"}}],"inLanguage":"en-CA"},{"@type":"Organization","@id":"https:\/\/perle-in.com\/#organization","name":"PERLE IN","url":"https:\/\/perle-in.com\/","logo":{"@type":"ImageObject","inLanguage":"en-CA","@id":"https:\/\/perle-in.com\/#\/schema\/logo\/image\/","url":"https:\/\/perle-in.com\/wp-content\/uploads\/2022\/12\/LOGO-PERLE-IN-COULEUR@3x.webp","contentUrl":"https:\/\/perle-in.com\/wp-content\/uploads\/2022\/12\/LOGO-PERLE-IN-COULEUR@3x.webp","width":1600,"height":490,"caption":"PERLE IN"},"image":{"@id":"https:\/\/perle-in.com\/#\/schema\/logo\/image\/"}}]}},"jetpack_sharing_enabled":true,"_links":{"self":[{"href":"https:\/\/perle-in.com\/en\/wp-json\/wp\/v2\/product\/563319","targetHints":{"allow":["GET"]}}],"collection":[{"href":"https:\/\/perle-in.com\/en\/wp-json\/wp\/v2\/product"}],"about":[{"href":"https:\/\/perle-in.com\/en\/wp-json\/wp\/v2\/types\/product"}],"version-history":[{"count":0,"href":"https:\/\/perle-in.com\/en\/wp-json\/wp\/v2\/product\/563319\/revisions"}],"wp:featuredmedia":[{"embeddable":true,"href":"https:\/\/perle-in.com\/en\/wp-json\/wp\/v2\/media\/563304"}],"wp:attachment":[{"href":"https:\/\/perle-in.com\/en\/wp-json\/wp\/v2\/media?parent=563319"}],"wp:term":[{"taxonomy":"product_brand","embeddable":true,"href":"https:\/\/perle-in.com\/en\/wp-json\/wp\/v2\/product_brand?post=563319"},{"taxonomy":"product_cat","embeddable":true,"href":"https:\/\/perle-in.com\/en\/wp-json\/wp\/v2\/product_cat?post=563319"},{"taxonomy":"product_tag","embeddable":true,"href":"https:\/\/perle-in.com\/en\/wp-json\/wp\/v2\/product_tag?post=563319"}],"curies":[{"name":"wp","href":"https:\/\/api.w.org\/{rel}","templated":true}]}}