{"id":563281,"date":"2025-10-15T15:22:21","date_gmt":"2025-10-15T13:22:21","guid":{"rendered":"https:\/\/perle-in.com\/produit\/bouteille-isotherme-en-acier-inoxydable-recycle-certifie-rcs-de-750-ml-sullivan\/"},"modified":"2025-10-19T05:49:12","modified_gmt":"2025-10-19T03:49:12","slug":"bouteille-isotherme-en-acier-inoxydable-recycle-certifie-rcs-de-750-ml-sullivan","status":"publish","type":"product","link":"https:\/\/perle-in.com\/en\/product\/bouteille-isotherme-en-acier-inoxydable-recycle-certifie-rcs-de-750-ml-sullivan\/","title":{"rendered":"Bouteille isotherme en acier inoxydable recycl\u00e9 certifi\u00e9 RCS de 750 ml Sullivan"},"content":{"rendered":"","protected":false},"excerpt":{"rendered":"<p>Bouteille isotherme \u00e0 double paroi certifi\u00e9e RCS avec couvercle en forme de tasse. Bec verseur \u00e0 bouton-poussoir manipulable \u00e0 une main, qui se referme automatiquement lors de la fermeture du couvercle sur la bouteille. Capacit\u00e9 de 750\u00a0ml. Garde les boissons chaudes pendant 12 heures ou froides pendant 24 heures.<\/p>","protected":false},"featured_media":563271,"template":"","meta":{"_eb_attr":""},"product_brand":[],"product_cat":[257,173],"product_tag":[225,179,192,230,227,197],"class_list":{"0":"post-563281","1":"product","2":"type-product","3":"status-publish","4":"has-post-thumbnail","6":"product_cat-bouteilles-isothermes","7":"product_cat-drinkware","8":"product_tag-cafe","9":"product_tag-flasque","10":"product_tag-gourde","11":"product_tag-tasse","12":"product_tag-the","13":"product_tag-thermos","14":"pa_couleurs-argent","15":"pa_couleurs-blanc","16":"pa_couleurs-noir","17":"pa_green-points-2910","18":"pa_matiere-acier-inoxydable-recycle","20":"first","21":"instock","22":"sale","23":"shipping-taxable","24":"purchasable","25":"product-type-variable"},"yoast_head":"<!-- This site is optimized with the Yoast SEO plugin v27.4 - https:\/\/yoast.com\/product\/yoast-seo-wordpress\/ -->\n<title>Bouteille isotherme en acier inoxydable recycl\u00e9 certifi\u00e9 RCS de 750 ml Sullivan - PERLE IN<\/title>\n<meta name=\"robots\" content=\"noindex, follow, max-snippet:-1, max-image-preview:large, max-video-preview:-1\" \/>\n<meta property=\"og:locale\" content=\"en_US\" \/>\n<meta property=\"og:type\" content=\"article\" \/>\n<meta property=\"og:title\" content=\"Bouteille isotherme en acier inoxydable recycl\u00e9 certifi\u00e9 RCS de 750 ml Sullivan - PERLE IN\" \/>\n<meta property=\"og:description\" content=\"Bouteille isotherme \u00e0 double paroi certifi\u00e9e RCS avec couvercle en forme de tasse. Bec verseur \u00e0 bouton-poussoir manipulable \u00e0 une main, qui se referme automatiquement lors de la fermeture du couvercle sur la bouteille. Capacit\u00e9 de 750\u00a0ml. Garde les boissons chaudes pendant 12 heures ou froides pendant 24 heures.\" \/>\n<meta property=\"og:url\" content=\"https:\/\/perle-in.com\/en\/product\/bouteille-isotherme-en-acier-inoxydable-recycle-certifie-rcs-de-750-ml-sullivan\/\" \/>\n<meta property=\"og:site_name\" content=\"PERLE IN\" \/>\n<meta property=\"article:modified_time\" content=\"2025-10-19T03:49:12+00:00\" \/>\n<meta property=\"og:image\" content=\"https:\/\/perle-in.com\/wp-content\/uploads\/2025\/10\/10079701-1.jpg\" \/>\n\t<meta property=\"og:image:width\" content=\"1600\" \/>\n\t<meta property=\"og:image:height\" content=\"1600\" \/>\n\t<meta property=\"og:image:type\" content=\"image\/jpeg\" \/>\n<meta name=\"twitter:card\" content=\"summary_large_image\" \/>\n<script type=\"application\/ld+json\" class=\"yoast-schema-graph\">{\"@context\":\"https:\\\/\\\/schema.org\",\"@graph\":[{\"@type\":\"WebPage\",\"@id\":\"https:\\\/\\\/perle-in.com\\\/produit\\\/bouteille-isotherme-en-acier-inoxydable-recycle-certifie-rcs-de-750-ml-sullivan\\\/\",\"url\":\"https:\\\/\\\/perle-in.com\\\/produit\\\/bouteille-isotherme-en-acier-inoxydable-recycle-certifie-rcs-de-750-ml-sullivan\\\/\",\"name\":\"Bouteille isotherme en acier inoxydable recycl\u00e9 certifi\u00e9 RCS de 750 ml Sullivan - PERLE IN\",\"isPartOf\":{\"@id\":\"https:\\\/\\\/perle-in.com\\\/#website\"},\"primaryImageOfPage\":{\"@id\":\"https:\\\/\\\/perle-in.com\\\/produit\\\/bouteille-isotherme-en-acier-inoxydable-recycle-certifie-rcs-de-750-ml-sullivan\\\/#primaryimage\"},\"image\":{\"@id\":\"https:\\\/\\\/perle-in.com\\\/produit\\\/bouteille-isotherme-en-acier-inoxydable-recycle-certifie-rcs-de-750-ml-sullivan\\\/#primaryimage\"},\"thumbnailUrl\":\"https:\\\/\\\/perle-in.com\\\/wp-content\\\/uploads\\\/2025\\\/10\\\/10079701-1.jpg\",\"datePublished\":\"2025-10-15T13:22:21+00:00\",\"dateModified\":\"2025-10-19T03:49:12+00:00\",\"breadcrumb\":{\"@id\":\"https:\\\/\\\/perle-in.com\\\/produit\\\/bouteille-isotherme-en-acier-inoxydable-recycle-certifie-rcs-de-750-ml-sullivan\\\/#breadcrumb\"},\"inLanguage\":\"en-CA\",\"potentialAction\":[{\"@type\":\"ReadAction\",\"target\":[\"https:\\\/\\\/perle-in.com\\\/produit\\\/bouteille-isotherme-en-acier-inoxydable-recycle-certifie-rcs-de-750-ml-sullivan\\\/\"]}]},{\"@type\":\"ImageObject\",\"inLanguage\":\"en-CA\",\"@id\":\"https:\\\/\\\/perle-in.com\\\/produit\\\/bouteille-isotherme-en-acier-inoxydable-recycle-certifie-rcs-de-750-ml-sullivan\\\/#primaryimage\",\"url\":\"https:\\\/\\\/perle-in.com\\\/wp-content\\\/uploads\\\/2025\\\/10\\\/10079701-1.jpg\",\"contentUrl\":\"https:\\\/\\\/perle-in.com\\\/wp-content\\\/uploads\\\/2025\\\/10\\\/10079701-1.jpg\",\"width\":1600,\"height\":1600},{\"@type\":\"BreadcrumbList\",\"@id\":\"https:\\\/\\\/perle-in.com\\\/produit\\\/bouteille-isotherme-en-acier-inoxydable-recycle-certifie-rcs-de-750-ml-sullivan\\\/#breadcrumb\",\"itemListElement\":[{\"@type\":\"ListItem\",\"position\":1,\"name\":\"Accueil\",\"item\":\"https:\\\/\\\/perle-in.com\\\/\"},{\"@type\":\"ListItem\",\"position\":2,\"name\":\"Boutique\",\"item\":\"https:\\\/\\\/perle-in.com\\\/boutique\\\/\"},{\"@type\":\"ListItem\",\"position\":3,\"name\":\"Bouteille isotherme en acier inoxydable recycl\u00e9 certifi\u00e9 RCS de 750 ml Sullivan\"}]},{\"@type\":\"WebSite\",\"@id\":\"https:\\\/\\\/perle-in.com\\\/#website\",\"url\":\"https:\\\/\\\/perle-in.com\\\/\",\"name\":\"PERLE IN\",\"description\":\"\",\"publisher\":{\"@id\":\"https:\\\/\\\/perle-in.com\\\/#organization\"},\"potentialAction\":[{\"@type\":\"SearchAction\",\"target\":{\"@type\":\"EntryPoint\",\"urlTemplate\":\"https:\\\/\\\/perle-in.com\\\/?s={search_term_string}\"},\"query-input\":{\"@type\":\"PropertyValueSpecification\",\"valueRequired\":true,\"valueName\":\"search_term_string\"}}],\"inLanguage\":\"en-CA\"},{\"@type\":\"Organization\",\"@id\":\"https:\\\/\\\/perle-in.com\\\/#organization\",\"name\":\"PERLE IN\",\"url\":\"https:\\\/\\\/perle-in.com\\\/\",\"logo\":{\"@type\":\"ImageObject\",\"inLanguage\":\"en-CA\",\"@id\":\"https:\\\/\\\/perle-in.com\\\/#\\\/schema\\\/logo\\\/image\\\/\",\"url\":\"https:\\\/\\\/perle-in.com\\\/wp-content\\\/uploads\\\/2022\\\/12\\\/LOGO-PERLE-IN-COULEUR@3x.webp\",\"contentUrl\":\"https:\\\/\\\/perle-in.com\\\/wp-content\\\/uploads\\\/2022\\\/12\\\/LOGO-PERLE-IN-COULEUR@3x.webp\",\"width\":1600,\"height\":490,\"caption\":\"PERLE IN\"},\"image\":{\"@id\":\"https:\\\/\\\/perle-in.com\\\/#\\\/schema\\\/logo\\\/image\\\/\"}}]}<\/script>\n<!-- \/ Yoast SEO plugin. -->","yoast_head_json":{"title":"Bouteille isotherme en acier inoxydable recycl\u00e9 certifi\u00e9 RCS de 750 ml Sullivan - PERLE IN","robots":{"index":"noindex","follow":"follow","max-snippet":"max-snippet:-1","max-image-preview":"max-image-preview:large","max-video-preview":"max-video-preview:-1"},"og_locale":"en_US","og_type":"article","og_title":"Bouteille isotherme en acier inoxydable recycl\u00e9 certifi\u00e9 RCS de 750 ml Sullivan - PERLE IN","og_description":"Bouteille isotherme \u00e0 double paroi certifi\u00e9e RCS avec couvercle en forme de tasse. Bec verseur \u00e0 bouton-poussoir manipulable \u00e0 une main, qui se referme automatiquement lors de la fermeture du couvercle sur la bouteille. Capacit\u00e9 de 750\u00a0ml. Garde les boissons chaudes pendant 12 heures ou froides pendant 24 heures.","og_url":"https:\/\/perle-in.com\/en\/product\/bouteille-isotherme-en-acier-inoxydable-recycle-certifie-rcs-de-750-ml-sullivan\/","og_site_name":"PERLE IN","article_modified_time":"2025-10-19T03:49:12+00:00","og_image":[{"width":1600,"height":1600,"url":"https:\/\/perle-in.com\/wp-content\/uploads\/2025\/10\/10079701-1.jpg","type":"image\/jpeg"}],"twitter_card":"summary_large_image","schema":{"@context":"https:\/\/schema.org","@graph":[{"@type":"WebPage","@id":"https:\/\/perle-in.com\/produit\/bouteille-isotherme-en-acier-inoxydable-recycle-certifie-rcs-de-750-ml-sullivan\/","url":"https:\/\/perle-in.com\/produit\/bouteille-isotherme-en-acier-inoxydable-recycle-certifie-rcs-de-750-ml-sullivan\/","name":"Bouteille isotherme en acier inoxydable recycl\u00e9 certifi\u00e9 RCS de 750 ml Sullivan - PERLE IN","isPartOf":{"@id":"https:\/\/perle-in.com\/#website"},"primaryImageOfPage":{"@id":"https:\/\/perle-in.com\/produit\/bouteille-isotherme-en-acier-inoxydable-recycle-certifie-rcs-de-750-ml-sullivan\/#primaryimage"},"image":{"@id":"https:\/\/perle-in.com\/produit\/bouteille-isotherme-en-acier-inoxydable-recycle-certifie-rcs-de-750-ml-sullivan\/#primaryimage"},"thumbnailUrl":"https:\/\/perle-in.com\/wp-content\/uploads\/2025\/10\/10079701-1.jpg","datePublished":"2025-10-15T13:22:21+00:00","dateModified":"2025-10-19T03:49:12+00:00","breadcrumb":{"@id":"https:\/\/perle-in.com\/produit\/bouteille-isotherme-en-acier-inoxydable-recycle-certifie-rcs-de-750-ml-sullivan\/#breadcrumb"},"inLanguage":"en-CA","potentialAction":[{"@type":"ReadAction","target":["https:\/\/perle-in.com\/produit\/bouteille-isotherme-en-acier-inoxydable-recycle-certifie-rcs-de-750-ml-sullivan\/"]}]},{"@type":"ImageObject","inLanguage":"en-CA","@id":"https:\/\/perle-in.com\/produit\/bouteille-isotherme-en-acier-inoxydable-recycle-certifie-rcs-de-750-ml-sullivan\/#primaryimage","url":"https:\/\/perle-in.com\/wp-content\/uploads\/2025\/10\/10079701-1.jpg","contentUrl":"https:\/\/perle-in.com\/wp-content\/uploads\/2025\/10\/10079701-1.jpg","width":1600,"height":1600},{"@type":"BreadcrumbList","@id":"https:\/\/perle-in.com\/produit\/bouteille-isotherme-en-acier-inoxydable-recycle-certifie-rcs-de-750-ml-sullivan\/#breadcrumb","itemListElement":[{"@type":"ListItem","position":1,"name":"Accueil","item":"https:\/\/perle-in.com\/"},{"@type":"ListItem","position":2,"name":"Boutique","item":"https:\/\/perle-in.com\/boutique\/"},{"@type":"ListItem","position":3,"name":"Bouteille isotherme en acier inoxydable recycl\u00e9 certifi\u00e9 RCS de 750 ml Sullivan"}]},{"@type":"WebSite","@id":"https:\/\/perle-in.com\/#website","url":"https:\/\/perle-in.com\/","name":"PERLE IN","description":"","publisher":{"@id":"https:\/\/perle-in.com\/#organization"},"potentialAction":[{"@type":"SearchAction","target":{"@type":"EntryPoint","urlTemplate":"https:\/\/perle-in.com\/?s={search_term_string}"},"query-input":{"@type":"PropertyValueSpecification","valueRequired":true,"valueName":"search_term_string"}}],"inLanguage":"en-CA"},{"@type":"Organization","@id":"https:\/\/perle-in.com\/#organization","name":"PERLE IN","url":"https:\/\/perle-in.com\/","logo":{"@type":"ImageObject","inLanguage":"en-CA","@id":"https:\/\/perle-in.com\/#\/schema\/logo\/image\/","url":"https:\/\/perle-in.com\/wp-content\/uploads\/2022\/12\/LOGO-PERLE-IN-COULEUR@3x.webp","contentUrl":"https:\/\/perle-in.com\/wp-content\/uploads\/2022\/12\/LOGO-PERLE-IN-COULEUR@3x.webp","width":1600,"height":490,"caption":"PERLE IN"},"image":{"@id":"https:\/\/perle-in.com\/#\/schema\/logo\/image\/"}}]}},"jetpack_sharing_enabled":true,"_links":{"self":[{"href":"https:\/\/perle-in.com\/en\/wp-json\/wp\/v2\/product\/563281","targetHints":{"allow":["GET"]}}],"collection":[{"href":"https:\/\/perle-in.com\/en\/wp-json\/wp\/v2\/product"}],"about":[{"href":"https:\/\/perle-in.com\/en\/wp-json\/wp\/v2\/types\/product"}],"version-history":[{"count":0,"href":"https:\/\/perle-in.com\/en\/wp-json\/wp\/v2\/product\/563281\/revisions"}],"wp:featuredmedia":[{"embeddable":true,"href":"https:\/\/perle-in.com\/en\/wp-json\/wp\/v2\/media\/563271"}],"wp:attachment":[{"href":"https:\/\/perle-in.com\/en\/wp-json\/wp\/v2\/media?parent=563281"}],"wp:term":[{"taxonomy":"product_brand","embeddable":true,"href":"https:\/\/perle-in.com\/en\/wp-json\/wp\/v2\/product_brand?post=563281"},{"taxonomy":"product_cat","embeddable":true,"href":"https:\/\/perle-in.com\/en\/wp-json\/wp\/v2\/product_cat?post=563281"},{"taxonomy":"product_tag","embeddable":true,"href":"https:\/\/perle-in.com\/en\/wp-json\/wp\/v2\/product_tag?post=563281"}],"curies":[{"name":"wp","href":"https:\/\/api.w.org\/{rel}","templated":true}]}}