{"id":563229,"date":"2025-10-15T15:17:41","date_gmt":"2025-10-15T13:17:41","guid":{"rendered":"https:\/\/perle-in.com\/produit\/stylo-multifonction-dora-en-aluminium-recycle-encre-noire\/"},"modified":"2025-10-19T05:49:04","modified_gmt":"2025-10-19T03:49:04","slug":"stylo-multifonction-dora-en-aluminium-recycle-encre-noire","status":"publish","type":"product","link":"https:\/\/perle-in.com\/en\/product\/stylo-multifonction-dora-en-aluminium-recycle-encre-noire\/","title":{"rendered":"Stylo multifonction Dora en aluminium recycl\u00e9 (encre noire)"},"content":{"rendered":"","protected":false},"excerpt":{"rendered":"<p>Le stylo bille multifonction en aluminium Dora est partiellement fabriqu\u00e9 \u00e0 partir de mat\u00e9riaux recycl\u00e9s et comprend une r\u00e8gle double face, un niveau, un tournevis, un rapporteur et un stylet noir en caoutchouc. Le corps est en aluminium recycl\u00e9 et pr\u00e9sente un rev\u00eatement argent\u00e9. Le clip est en fer. Le tournevis est en acier. La partie sup\u00e9rieure et la pointe sont en RABS. Couleur de l&#8217;encre\u00a0: Noire. Longueur d&#8217;\u00e9criture\u00a0: 400\u00a0m\u00e8tres. Taille de la plume\u00a0: 1,0\u00a0mm.<\/p>","protected":false},"featured_media":563221,"template":"","meta":{"_eb_attr":""},"product_brand":[],"product_cat":[552,568],"product_tag":[837,2683,836,561],"class_list":{"0":"post-563229","1":"product","2":"type-product","3":"status-publish","4":"has-post-thumbnail","6":"product_cat-stylos-et-ecriture","7":"product_cat-stylos-bille","8":"product_tag-durable","9":"product_tag-ecriture","10":"product_tag-recycle","11":"product_tag-stylo","12":"pa_couleurs-argent","13":"pa_green-points-3125","14":"pa_matiere-aluminium-recycle","16":"first","17":"outofstock","18":"shipping-taxable","19":"purchasable","20":"product-type-variable"},"yoast_head":"<!-- This site is optimized with the Yoast SEO plugin v27.4 - https:\/\/yoast.com\/product\/yoast-seo-wordpress\/ -->\n<title>Stylo multifonction Dora en aluminium recycl\u00e9 (encre noire) - PERLE IN<\/title>\n<meta name=\"robots\" content=\"noindex, follow, max-snippet:-1, max-image-preview:large, max-video-preview:-1\" \/>\n<meta property=\"og:locale\" content=\"en_US\" \/>\n<meta property=\"og:type\" content=\"article\" \/>\n<meta property=\"og:title\" content=\"Stylo multifonction Dora en aluminium recycl\u00e9 (encre noire) - PERLE IN\" \/>\n<meta property=\"og:description\" content=\"Le stylo bille multifonction en aluminium Dora est partiellement fabriqu\u00e9 \u00e0 partir de mat\u00e9riaux recycl\u00e9s et comprend une r\u00e8gle double face, un niveau, un tournevis, un rapporteur et un stylet noir en caoutchouc. Le corps est en aluminium recycl\u00e9 et pr\u00e9sente un rev\u00eatement argent\u00e9. Le clip est en fer. Le tournevis est en acier. La partie sup\u00e9rieure et la pointe sont en RABS. Couleur de l&#039;encre\u00a0: Noire. Longueur d&#039;\u00e9criture\u00a0: 400\u00a0m\u00e8tres. Taille de la plume\u00a0: 1,0\u00a0mm.\" \/>\n<meta property=\"og:url\" content=\"https:\/\/perle-in.com\/en\/product\/stylo-multifonction-dora-en-aluminium-recycle-encre-noire\/\" \/>\n<meta property=\"og:site_name\" content=\"PERLE IN\" \/>\n<meta property=\"article:modified_time\" content=\"2025-10-19T03:49:04+00:00\" \/>\n<meta property=\"og:image\" content=\"https:\/\/perle-in.com\/wp-content\/uploads\/2025\/10\/10790881-1.jpg\" \/>\n\t<meta property=\"og:image:width\" content=\"1600\" \/>\n\t<meta property=\"og:image:height\" content=\"1600\" \/>\n\t<meta property=\"og:image:type\" content=\"image\/jpeg\" \/>\n<meta name=\"twitter:card\" content=\"summary_large_image\" \/>\n<script type=\"application\/ld+json\" class=\"yoast-schema-graph\">{\"@context\":\"https:\\\/\\\/schema.org\",\"@graph\":[{\"@type\":\"WebPage\",\"@id\":\"https:\\\/\\\/perle-in.com\\\/produit\\\/stylo-multifonction-dora-en-aluminium-recycle-encre-noire\\\/\",\"url\":\"https:\\\/\\\/perle-in.com\\\/produit\\\/stylo-multifonction-dora-en-aluminium-recycle-encre-noire\\\/\",\"name\":\"Stylo multifonction Dora en aluminium recycl\u00e9 (encre noire) - PERLE IN\",\"isPartOf\":{\"@id\":\"https:\\\/\\\/perle-in.com\\\/#website\"},\"primaryImageOfPage\":{\"@id\":\"https:\\\/\\\/perle-in.com\\\/produit\\\/stylo-multifonction-dora-en-aluminium-recycle-encre-noire\\\/#primaryimage\"},\"image\":{\"@id\":\"https:\\\/\\\/perle-in.com\\\/produit\\\/stylo-multifonction-dora-en-aluminium-recycle-encre-noire\\\/#primaryimage\"},\"thumbnailUrl\":\"https:\\\/\\\/perle-in.com\\\/wp-content\\\/uploads\\\/2025\\\/10\\\/10790881-1.jpg\",\"datePublished\":\"2025-10-15T13:17:41+00:00\",\"dateModified\":\"2025-10-19T03:49:04+00:00\",\"breadcrumb\":{\"@id\":\"https:\\\/\\\/perle-in.com\\\/produit\\\/stylo-multifonction-dora-en-aluminium-recycle-encre-noire\\\/#breadcrumb\"},\"inLanguage\":\"en-CA\",\"potentialAction\":[{\"@type\":\"ReadAction\",\"target\":[\"https:\\\/\\\/perle-in.com\\\/produit\\\/stylo-multifonction-dora-en-aluminium-recycle-encre-noire\\\/\"]}]},{\"@type\":\"ImageObject\",\"inLanguage\":\"en-CA\",\"@id\":\"https:\\\/\\\/perle-in.com\\\/produit\\\/stylo-multifonction-dora-en-aluminium-recycle-encre-noire\\\/#primaryimage\",\"url\":\"https:\\\/\\\/perle-in.com\\\/wp-content\\\/uploads\\\/2025\\\/10\\\/10790881-1.jpg\",\"contentUrl\":\"https:\\\/\\\/perle-in.com\\\/wp-content\\\/uploads\\\/2025\\\/10\\\/10790881-1.jpg\",\"width\":1600,\"height\":1600},{\"@type\":\"BreadcrumbList\",\"@id\":\"https:\\\/\\\/perle-in.com\\\/produit\\\/stylo-multifonction-dora-en-aluminium-recycle-encre-noire\\\/#breadcrumb\",\"itemListElement\":[{\"@type\":\"ListItem\",\"position\":1,\"name\":\"Accueil\",\"item\":\"https:\\\/\\\/perle-in.com\\\/\"},{\"@type\":\"ListItem\",\"position\":2,\"name\":\"Boutique\",\"item\":\"https:\\\/\\\/perle-in.com\\\/boutique\\\/\"},{\"@type\":\"ListItem\",\"position\":3,\"name\":\"Stylo multifonction Dora en aluminium recycl\u00e9 (encre noire)\"}]},{\"@type\":\"WebSite\",\"@id\":\"https:\\\/\\\/perle-in.com\\\/#website\",\"url\":\"https:\\\/\\\/perle-in.com\\\/\",\"name\":\"PERLE IN\",\"description\":\"\",\"publisher\":{\"@id\":\"https:\\\/\\\/perle-in.com\\\/#organization\"},\"potentialAction\":[{\"@type\":\"SearchAction\",\"target\":{\"@type\":\"EntryPoint\",\"urlTemplate\":\"https:\\\/\\\/perle-in.com\\\/?s={search_term_string}\"},\"query-input\":{\"@type\":\"PropertyValueSpecification\",\"valueRequired\":true,\"valueName\":\"search_term_string\"}}],\"inLanguage\":\"en-CA\"},{\"@type\":\"Organization\",\"@id\":\"https:\\\/\\\/perle-in.com\\\/#organization\",\"name\":\"PERLE IN\",\"url\":\"https:\\\/\\\/perle-in.com\\\/\",\"logo\":{\"@type\":\"ImageObject\",\"inLanguage\":\"en-CA\",\"@id\":\"https:\\\/\\\/perle-in.com\\\/#\\\/schema\\\/logo\\\/image\\\/\",\"url\":\"https:\\\/\\\/perle-in.com\\\/wp-content\\\/uploads\\\/2022\\\/12\\\/LOGO-PERLE-IN-COULEUR@3x.webp\",\"contentUrl\":\"https:\\\/\\\/perle-in.com\\\/wp-content\\\/uploads\\\/2022\\\/12\\\/LOGO-PERLE-IN-COULEUR@3x.webp\",\"width\":1600,\"height\":490,\"caption\":\"PERLE IN\"},\"image\":{\"@id\":\"https:\\\/\\\/perle-in.com\\\/#\\\/schema\\\/logo\\\/image\\\/\"}}]}<\/script>\n<!-- \/ Yoast SEO plugin. -->","yoast_head_json":{"title":"Stylo multifonction Dora en aluminium recycl\u00e9 (encre noire) - PERLE IN","robots":{"index":"noindex","follow":"follow","max-snippet":"max-snippet:-1","max-image-preview":"max-image-preview:large","max-video-preview":"max-video-preview:-1"},"og_locale":"en_US","og_type":"article","og_title":"Stylo multifonction Dora en aluminium recycl\u00e9 (encre noire) - PERLE IN","og_description":"Le stylo bille multifonction en aluminium Dora est partiellement fabriqu\u00e9 \u00e0 partir de mat\u00e9riaux recycl\u00e9s et comprend une r\u00e8gle double face, un niveau, un tournevis, un rapporteur et un stylet noir en caoutchouc. Le corps est en aluminium recycl\u00e9 et pr\u00e9sente un rev\u00eatement argent\u00e9. Le clip est en fer. Le tournevis est en acier. La partie sup\u00e9rieure et la pointe sont en RABS. Couleur de l'encre\u00a0: Noire. Longueur d'\u00e9criture\u00a0: 400\u00a0m\u00e8tres. Taille de la plume\u00a0: 1,0\u00a0mm.","og_url":"https:\/\/perle-in.com\/en\/product\/stylo-multifonction-dora-en-aluminium-recycle-encre-noire\/","og_site_name":"PERLE IN","article_modified_time":"2025-10-19T03:49:04+00:00","og_image":[{"width":1600,"height":1600,"url":"https:\/\/perle-in.com\/wp-content\/uploads\/2025\/10\/10790881-1.jpg","type":"image\/jpeg"}],"twitter_card":"summary_large_image","schema":{"@context":"https:\/\/schema.org","@graph":[{"@type":"WebPage","@id":"https:\/\/perle-in.com\/produit\/stylo-multifonction-dora-en-aluminium-recycle-encre-noire\/","url":"https:\/\/perle-in.com\/produit\/stylo-multifonction-dora-en-aluminium-recycle-encre-noire\/","name":"Stylo multifonction Dora en aluminium recycl\u00e9 (encre noire) - PERLE IN","isPartOf":{"@id":"https:\/\/perle-in.com\/#website"},"primaryImageOfPage":{"@id":"https:\/\/perle-in.com\/produit\/stylo-multifonction-dora-en-aluminium-recycle-encre-noire\/#primaryimage"},"image":{"@id":"https:\/\/perle-in.com\/produit\/stylo-multifonction-dora-en-aluminium-recycle-encre-noire\/#primaryimage"},"thumbnailUrl":"https:\/\/perle-in.com\/wp-content\/uploads\/2025\/10\/10790881-1.jpg","datePublished":"2025-10-15T13:17:41+00:00","dateModified":"2025-10-19T03:49:04+00:00","breadcrumb":{"@id":"https:\/\/perle-in.com\/produit\/stylo-multifonction-dora-en-aluminium-recycle-encre-noire\/#breadcrumb"},"inLanguage":"en-CA","potentialAction":[{"@type":"ReadAction","target":["https:\/\/perle-in.com\/produit\/stylo-multifonction-dora-en-aluminium-recycle-encre-noire\/"]}]},{"@type":"ImageObject","inLanguage":"en-CA","@id":"https:\/\/perle-in.com\/produit\/stylo-multifonction-dora-en-aluminium-recycle-encre-noire\/#primaryimage","url":"https:\/\/perle-in.com\/wp-content\/uploads\/2025\/10\/10790881-1.jpg","contentUrl":"https:\/\/perle-in.com\/wp-content\/uploads\/2025\/10\/10790881-1.jpg","width":1600,"height":1600},{"@type":"BreadcrumbList","@id":"https:\/\/perle-in.com\/produit\/stylo-multifonction-dora-en-aluminium-recycle-encre-noire\/#breadcrumb","itemListElement":[{"@type":"ListItem","position":1,"name":"Accueil","item":"https:\/\/perle-in.com\/"},{"@type":"ListItem","position":2,"name":"Boutique","item":"https:\/\/perle-in.com\/boutique\/"},{"@type":"ListItem","position":3,"name":"Stylo multifonction Dora en aluminium recycl\u00e9 (encre noire)"}]},{"@type":"WebSite","@id":"https:\/\/perle-in.com\/#website","url":"https:\/\/perle-in.com\/","name":"PERLE IN","description":"","publisher":{"@id":"https:\/\/perle-in.com\/#organization"},"potentialAction":[{"@type":"SearchAction","target":{"@type":"EntryPoint","urlTemplate":"https:\/\/perle-in.com\/?s={search_term_string}"},"query-input":{"@type":"PropertyValueSpecification","valueRequired":true,"valueName":"search_term_string"}}],"inLanguage":"en-CA"},{"@type":"Organization","@id":"https:\/\/perle-in.com\/#organization","name":"PERLE IN","url":"https:\/\/perle-in.com\/","logo":{"@type":"ImageObject","inLanguage":"en-CA","@id":"https:\/\/perle-in.com\/#\/schema\/logo\/image\/","url":"https:\/\/perle-in.com\/wp-content\/uploads\/2022\/12\/LOGO-PERLE-IN-COULEUR@3x.webp","contentUrl":"https:\/\/perle-in.com\/wp-content\/uploads\/2022\/12\/LOGO-PERLE-IN-COULEUR@3x.webp","width":1600,"height":490,"caption":"PERLE IN"},"image":{"@id":"https:\/\/perle-in.com\/#\/schema\/logo\/image\/"}}]}},"jetpack_sharing_enabled":true,"_links":{"self":[{"href":"https:\/\/perle-in.com\/en\/wp-json\/wp\/v2\/product\/563229","targetHints":{"allow":["GET"]}}],"collection":[{"href":"https:\/\/perle-in.com\/en\/wp-json\/wp\/v2\/product"}],"about":[{"href":"https:\/\/perle-in.com\/en\/wp-json\/wp\/v2\/types\/product"}],"version-history":[{"count":0,"href":"https:\/\/perle-in.com\/en\/wp-json\/wp\/v2\/product\/563229\/revisions"}],"wp:featuredmedia":[{"embeddable":true,"href":"https:\/\/perle-in.com\/en\/wp-json\/wp\/v2\/media\/563221"}],"wp:attachment":[{"href":"https:\/\/perle-in.com\/en\/wp-json\/wp\/v2\/media?parent=563229"}],"wp:term":[{"taxonomy":"product_brand","embeddable":true,"href":"https:\/\/perle-in.com\/en\/wp-json\/wp\/v2\/product_brand?post=563229"},{"taxonomy":"product_cat","embeddable":true,"href":"https:\/\/perle-in.com\/en\/wp-json\/wp\/v2\/product_cat?post=563229"},{"taxonomy":"product_tag","embeddable":true,"href":"https:\/\/perle-in.com\/en\/wp-json\/wp\/v2\/product_tag?post=563229"}],"curies":[{"name":"wp","href":"https:\/\/api.w.org\/{rel}","templated":true}]}}