{"id":562931,"date":"2025-10-15T14:49:00","date_gmt":"2025-10-15T12:49:00","guid":{"rendered":"https:\/\/perle-in.com\/produit\/bouteille-de-sport-baseline-rise-de-500-ml-recyclee-avec-couvercle-rabattable\/"},"modified":"2025-10-19T05:48:51","modified_gmt":"2025-10-19T03:48:51","slug":"bouteille-de-sport-baseline-rise-de-500-ml-recyclee-avec-couvercle-rabattable","status":"publish","type":"product","link":"https:\/\/perle-in.com\/en\/product\/bouteille-de-sport-baseline-rise-de-500-ml-recyclee-avec-couvercle-rabattable\/","title":{"rendered":"Bouteille de sport Baseline Rise de 500\u00a0ml recycl\u00e9e avec couvercle rabattable"},"content":{"rendered":"","protected":false},"excerpt":{"rendered":"<p>Faites ressortir votre message avec la bouteille de sport Baseline Rise. Votre dessin est moul\u00e9 dans la bouteille, cr\u00e9ant un effet tactile en relief. La bouteille de sport \u00e0 paroi simple a une capacit\u00e9 de 500\u00a0ml et un couvercle anti-\u00e9claboussures avec fermeture \u00e0 glissi\u00e8re. Vous pouvez m\u00e9langer et assortir les couleurs pour cr\u00e9er la bouteille parfaite, contactez-nous pour en savoir plus. Fabriqu\u00e9 au Royaume-Uni. Sans bisph\u00e9nol A. Conforme \u00e0 la norme EN12875-1. Passe au lave-vaisselle.<\/p>","protected":false},"featured_media":562923,"template":"","meta":{"_eb_attr":""},"product_brand":[],"product_cat":[202,173],"product_tag":[2114,275,175,274,192,203],"class_list":{"0":"post-562931","1":"product","2":"type-product","3":"status-publish","4":"has-post-thumbnail","6":"product_cat-bouteilles-de-sport","7":"product_cat-drinkware","8":"product_tag-baseline","9":"product_tag-boissons","10":"product_tag-bouteille","11":"product_tag-eau","12":"product_tag-gourde","13":"product_tag-sport","14":"pa_couleurs-blanc-bleu","15":"pa_couleurs-blanc-vert","16":"pa_couleurs-bleu-bleu","17":"pa_couleurs-noir-noir","18":"pa_couleurs-rouge-rouge","19":"pa_matiere-plastique-hdpe-plastique-pp","20":"pa_pays-d-origine-angleterre","22":"first","23":"instock","24":"shipping-taxable","25":"purchasable","26":"product-type-variable"},"yoast_head":"<!-- This site is optimized with the Yoast SEO plugin v27.4 - https:\/\/yoast.com\/product\/yoast-seo-wordpress\/ -->\n<title>Bouteille de sport Baseline Rise de 500\u00a0ml recycl\u00e9e avec couvercle rabattable - PERLE IN<\/title>\n<meta name=\"robots\" content=\"noindex, follow, max-snippet:-1, max-image-preview:large, max-video-preview:-1\" \/>\n<meta property=\"og:locale\" content=\"en_US\" \/>\n<meta property=\"og:type\" content=\"article\" \/>\n<meta property=\"og:title\" content=\"Bouteille de sport Baseline Rise de 500\u00a0ml recycl\u00e9e avec couvercle rabattable - PERLE IN\" \/>\n<meta property=\"og:description\" content=\"Faites ressortir votre message avec la bouteille de sport Baseline Rise. Votre dessin est moul\u00e9 dans la bouteille, cr\u00e9ant un effet tactile en relief. La bouteille de sport \u00e0 paroi simple a une capacit\u00e9 de 500\u00a0ml et un couvercle anti-\u00e9claboussures avec fermeture \u00e0 glissi\u00e8re. Vous pouvez m\u00e9langer et assortir les couleurs pour cr\u00e9er la bouteille parfaite, contactez-nous pour en savoir plus. Fabriqu\u00e9 au Royaume-Uni. Sans bisph\u00e9nol A. Conforme \u00e0 la norme EN12875-1. Passe au lave-vaisselle.\" \/>\n<meta property=\"og:url\" content=\"https:\/\/perle-in.com\/en\/product\/bouteille-de-sport-baseline-rise-de-500-ml-recyclee-avec-couvercle-rabattable\/\" \/>\n<meta property=\"og:site_name\" content=\"PERLE IN\" \/>\n<meta property=\"article:modified_time\" content=\"2025-10-19T03:48:51+00:00\" \/>\n<meta property=\"og:image\" content=\"https:\/\/perle-in.com\/wp-content\/uploads\/2025\/10\/21028901-1.jpg\" \/>\n\t<meta property=\"og:image:width\" content=\"1600\" \/>\n\t<meta property=\"og:image:height\" content=\"1600\" \/>\n\t<meta property=\"og:image:type\" content=\"image\/jpeg\" \/>\n<meta name=\"twitter:card\" content=\"summary_large_image\" \/>\n<script type=\"application\/ld+json\" class=\"yoast-schema-graph\">{\"@context\":\"https:\\\/\\\/schema.org\",\"@graph\":[{\"@type\":\"WebPage\",\"@id\":\"https:\\\/\\\/perle-in.com\\\/produit\\\/bouteille-de-sport-baseline-rise-de-500-ml-recyclee-avec-couvercle-rabattable\\\/\",\"url\":\"https:\\\/\\\/perle-in.com\\\/produit\\\/bouteille-de-sport-baseline-rise-de-500-ml-recyclee-avec-couvercle-rabattable\\\/\",\"name\":\"Bouteille de sport Baseline Rise de 500\u00a0ml recycl\u00e9e avec couvercle rabattable - PERLE IN\",\"isPartOf\":{\"@id\":\"https:\\\/\\\/perle-in.com\\\/#website\"},\"primaryImageOfPage\":{\"@id\":\"https:\\\/\\\/perle-in.com\\\/produit\\\/bouteille-de-sport-baseline-rise-de-500-ml-recyclee-avec-couvercle-rabattable\\\/#primaryimage\"},\"image\":{\"@id\":\"https:\\\/\\\/perle-in.com\\\/produit\\\/bouteille-de-sport-baseline-rise-de-500-ml-recyclee-avec-couvercle-rabattable\\\/#primaryimage\"},\"thumbnailUrl\":\"https:\\\/\\\/perle-in.com\\\/wp-content\\\/uploads\\\/2025\\\/10\\\/21028901-1.jpg\",\"datePublished\":\"2025-10-15T12:49:00+00:00\",\"dateModified\":\"2025-10-19T03:48:51+00:00\",\"breadcrumb\":{\"@id\":\"https:\\\/\\\/perle-in.com\\\/produit\\\/bouteille-de-sport-baseline-rise-de-500-ml-recyclee-avec-couvercle-rabattable\\\/#breadcrumb\"},\"inLanguage\":\"en-CA\",\"potentialAction\":[{\"@type\":\"ReadAction\",\"target\":[\"https:\\\/\\\/perle-in.com\\\/produit\\\/bouteille-de-sport-baseline-rise-de-500-ml-recyclee-avec-couvercle-rabattable\\\/\"]}]},{\"@type\":\"ImageObject\",\"inLanguage\":\"en-CA\",\"@id\":\"https:\\\/\\\/perle-in.com\\\/produit\\\/bouteille-de-sport-baseline-rise-de-500-ml-recyclee-avec-couvercle-rabattable\\\/#primaryimage\",\"url\":\"https:\\\/\\\/perle-in.com\\\/wp-content\\\/uploads\\\/2025\\\/10\\\/21028901-1.jpg\",\"contentUrl\":\"https:\\\/\\\/perle-in.com\\\/wp-content\\\/uploads\\\/2025\\\/10\\\/21028901-1.jpg\",\"width\":1600,\"height\":1600},{\"@type\":\"BreadcrumbList\",\"@id\":\"https:\\\/\\\/perle-in.com\\\/produit\\\/bouteille-de-sport-baseline-rise-de-500-ml-recyclee-avec-couvercle-rabattable\\\/#breadcrumb\",\"itemListElement\":[{\"@type\":\"ListItem\",\"position\":1,\"name\":\"Accueil\",\"item\":\"https:\\\/\\\/perle-in.com\\\/\"},{\"@type\":\"ListItem\",\"position\":2,\"name\":\"Boutique\",\"item\":\"https:\\\/\\\/perle-in.com\\\/boutique\\\/\"},{\"@type\":\"ListItem\",\"position\":3,\"name\":\"Bouteille de sport Baseline Rise de 500\u00a0ml recycl\u00e9e avec couvercle rabattable\"}]},{\"@type\":\"WebSite\",\"@id\":\"https:\\\/\\\/perle-in.com\\\/#website\",\"url\":\"https:\\\/\\\/perle-in.com\\\/\",\"name\":\"PERLE IN\",\"description\":\"\",\"publisher\":{\"@id\":\"https:\\\/\\\/perle-in.com\\\/#organization\"},\"potentialAction\":[{\"@type\":\"SearchAction\",\"target\":{\"@type\":\"EntryPoint\",\"urlTemplate\":\"https:\\\/\\\/perle-in.com\\\/?s={search_term_string}\"},\"query-input\":{\"@type\":\"PropertyValueSpecification\",\"valueRequired\":true,\"valueName\":\"search_term_string\"}}],\"inLanguage\":\"en-CA\"},{\"@type\":\"Organization\",\"@id\":\"https:\\\/\\\/perle-in.com\\\/#organization\",\"name\":\"PERLE IN\",\"url\":\"https:\\\/\\\/perle-in.com\\\/\",\"logo\":{\"@type\":\"ImageObject\",\"inLanguage\":\"en-CA\",\"@id\":\"https:\\\/\\\/perle-in.com\\\/#\\\/schema\\\/logo\\\/image\\\/\",\"url\":\"https:\\\/\\\/perle-in.com\\\/wp-content\\\/uploads\\\/2022\\\/12\\\/LOGO-PERLE-IN-COULEUR@3x.webp\",\"contentUrl\":\"https:\\\/\\\/perle-in.com\\\/wp-content\\\/uploads\\\/2022\\\/12\\\/LOGO-PERLE-IN-COULEUR@3x.webp\",\"width\":1600,\"height\":490,\"caption\":\"PERLE IN\"},\"image\":{\"@id\":\"https:\\\/\\\/perle-in.com\\\/#\\\/schema\\\/logo\\\/image\\\/\"}}]}<\/script>\n<!-- \/ Yoast SEO plugin. -->","yoast_head_json":{"title":"Bouteille de sport Baseline Rise de 500\u00a0ml recycl\u00e9e avec couvercle rabattable - PERLE IN","robots":{"index":"noindex","follow":"follow","max-snippet":"max-snippet:-1","max-image-preview":"max-image-preview:large","max-video-preview":"max-video-preview:-1"},"og_locale":"en_US","og_type":"article","og_title":"Bouteille de sport Baseline Rise de 500\u00a0ml recycl\u00e9e avec couvercle rabattable - PERLE IN","og_description":"Faites ressortir votre message avec la bouteille de sport Baseline Rise. Votre dessin est moul\u00e9 dans la bouteille, cr\u00e9ant un effet tactile en relief. La bouteille de sport \u00e0 paroi simple a une capacit\u00e9 de 500\u00a0ml et un couvercle anti-\u00e9claboussures avec fermeture \u00e0 glissi\u00e8re. Vous pouvez m\u00e9langer et assortir les couleurs pour cr\u00e9er la bouteille parfaite, contactez-nous pour en savoir plus. Fabriqu\u00e9 au Royaume-Uni. Sans bisph\u00e9nol A. Conforme \u00e0 la norme EN12875-1. Passe au lave-vaisselle.","og_url":"https:\/\/perle-in.com\/en\/product\/bouteille-de-sport-baseline-rise-de-500-ml-recyclee-avec-couvercle-rabattable\/","og_site_name":"PERLE IN","article_modified_time":"2025-10-19T03:48:51+00:00","og_image":[{"width":1600,"height":1600,"url":"https:\/\/perle-in.com\/wp-content\/uploads\/2025\/10\/21028901-1.jpg","type":"image\/jpeg"}],"twitter_card":"summary_large_image","schema":{"@context":"https:\/\/schema.org","@graph":[{"@type":"WebPage","@id":"https:\/\/perle-in.com\/produit\/bouteille-de-sport-baseline-rise-de-500-ml-recyclee-avec-couvercle-rabattable\/","url":"https:\/\/perle-in.com\/produit\/bouteille-de-sport-baseline-rise-de-500-ml-recyclee-avec-couvercle-rabattable\/","name":"Bouteille de sport Baseline Rise de 500\u00a0ml recycl\u00e9e avec couvercle rabattable - PERLE IN","isPartOf":{"@id":"https:\/\/perle-in.com\/#website"},"primaryImageOfPage":{"@id":"https:\/\/perle-in.com\/produit\/bouteille-de-sport-baseline-rise-de-500-ml-recyclee-avec-couvercle-rabattable\/#primaryimage"},"image":{"@id":"https:\/\/perle-in.com\/produit\/bouteille-de-sport-baseline-rise-de-500-ml-recyclee-avec-couvercle-rabattable\/#primaryimage"},"thumbnailUrl":"https:\/\/perle-in.com\/wp-content\/uploads\/2025\/10\/21028901-1.jpg","datePublished":"2025-10-15T12:49:00+00:00","dateModified":"2025-10-19T03:48:51+00:00","breadcrumb":{"@id":"https:\/\/perle-in.com\/produit\/bouteille-de-sport-baseline-rise-de-500-ml-recyclee-avec-couvercle-rabattable\/#breadcrumb"},"inLanguage":"en-CA","potentialAction":[{"@type":"ReadAction","target":["https:\/\/perle-in.com\/produit\/bouteille-de-sport-baseline-rise-de-500-ml-recyclee-avec-couvercle-rabattable\/"]}]},{"@type":"ImageObject","inLanguage":"en-CA","@id":"https:\/\/perle-in.com\/produit\/bouteille-de-sport-baseline-rise-de-500-ml-recyclee-avec-couvercle-rabattable\/#primaryimage","url":"https:\/\/perle-in.com\/wp-content\/uploads\/2025\/10\/21028901-1.jpg","contentUrl":"https:\/\/perle-in.com\/wp-content\/uploads\/2025\/10\/21028901-1.jpg","width":1600,"height":1600},{"@type":"BreadcrumbList","@id":"https:\/\/perle-in.com\/produit\/bouteille-de-sport-baseline-rise-de-500-ml-recyclee-avec-couvercle-rabattable\/#breadcrumb","itemListElement":[{"@type":"ListItem","position":1,"name":"Accueil","item":"https:\/\/perle-in.com\/"},{"@type":"ListItem","position":2,"name":"Boutique","item":"https:\/\/perle-in.com\/boutique\/"},{"@type":"ListItem","position":3,"name":"Bouteille de sport Baseline Rise de 500\u00a0ml recycl\u00e9e avec couvercle rabattable"}]},{"@type":"WebSite","@id":"https:\/\/perle-in.com\/#website","url":"https:\/\/perle-in.com\/","name":"PERLE IN","description":"","publisher":{"@id":"https:\/\/perle-in.com\/#organization"},"potentialAction":[{"@type":"SearchAction","target":{"@type":"EntryPoint","urlTemplate":"https:\/\/perle-in.com\/?s={search_term_string}"},"query-input":{"@type":"PropertyValueSpecification","valueRequired":true,"valueName":"search_term_string"}}],"inLanguage":"en-CA"},{"@type":"Organization","@id":"https:\/\/perle-in.com\/#organization","name":"PERLE IN","url":"https:\/\/perle-in.com\/","logo":{"@type":"ImageObject","inLanguage":"en-CA","@id":"https:\/\/perle-in.com\/#\/schema\/logo\/image\/","url":"https:\/\/perle-in.com\/wp-content\/uploads\/2022\/12\/LOGO-PERLE-IN-COULEUR@3x.webp","contentUrl":"https:\/\/perle-in.com\/wp-content\/uploads\/2022\/12\/LOGO-PERLE-IN-COULEUR@3x.webp","width":1600,"height":490,"caption":"PERLE IN"},"image":{"@id":"https:\/\/perle-in.com\/#\/schema\/logo\/image\/"}}]}},"jetpack_sharing_enabled":true,"_links":{"self":[{"href":"https:\/\/perle-in.com\/en\/wp-json\/wp\/v2\/product\/562931","targetHints":{"allow":["GET"]}}],"collection":[{"href":"https:\/\/perle-in.com\/en\/wp-json\/wp\/v2\/product"}],"about":[{"href":"https:\/\/perle-in.com\/en\/wp-json\/wp\/v2\/types\/product"}],"version-history":[{"count":0,"href":"https:\/\/perle-in.com\/en\/wp-json\/wp\/v2\/product\/562931\/revisions"}],"wp:featuredmedia":[{"embeddable":true,"href":"https:\/\/perle-in.com\/en\/wp-json\/wp\/v2\/media\/562923"}],"wp:attachment":[{"href":"https:\/\/perle-in.com\/en\/wp-json\/wp\/v2\/media?parent=562931"}],"wp:term":[{"taxonomy":"product_brand","embeddable":true,"href":"https:\/\/perle-in.com\/en\/wp-json\/wp\/v2\/product_brand?post=562931"},{"taxonomy":"product_cat","embeddable":true,"href":"https:\/\/perle-in.com\/en\/wp-json\/wp\/v2\/product_cat?post=562931"},{"taxonomy":"product_tag","embeddable":true,"href":"https:\/\/perle-in.com\/en\/wp-json\/wp\/v2\/product_tag?post=562931"}],"curies":[{"name":"wp","href":"https:\/\/api.w.org\/{rel}","templated":true}]}}