{"id":562704,"date":"2025-10-15T14:23:02","date_gmt":"2025-10-15T12:23:02","guid":{"rendered":"https:\/\/perle-in.com\/produit\/tapis-de-charge-sans-fil-en-bambou-essence-de-15-w\/"},"modified":"2025-10-19T05:48:48","modified_gmt":"2025-10-19T03:48:48","slug":"tapis-de-charge-sans-fil-en-bambou-essence-de-15-w","status":"publish","type":"product","link":"https:\/\/perle-in.com\/en\/product\/tapis-de-charge-sans-fil-en-bambou-essence-de-15-w\/","title":{"rendered":"Tapis de charge sans fil en bambou Essence de 15\u00a0W"},"content":{"rendered":"","protected":false},"excerpt":{"rendered":"<p>Le socle de recharge sans fil en bambou permet de recharger tous les appareils compatibles Qi \u00e0 une vitesse de charge maximale de 15\u00a0W. Livr\u00e9 avec un c\u00e2ble TPE recycl\u00e9 de 50\u00a0cm dot\u00e9 de connecteurs d&#8217;entr\u00e9e Type-C et USB-A. Le bambou utilis\u00e9 provient de sources responsables.<\/p>","protected":false},"featured_media":562693,"template":"","meta":{"_eb_attr":""},"product_brand":[],"product_cat":[1205,667],"product_tag":[3571,816,815,2685,3570,2762,1019,2912,671],"class_list":{"0":"post-562704","1":"product","2":"type-product","3":"status-publish","4":"has-post-thumbnail","6":"product_cat-chargeurs-sans-fil","7":"product_cat-technologie","8":"product_tag-3571","9":"product_tag-charge","10":"product_tag-chargeur","11":"product_tag-induction","12":"product_tag-qi","13":"product_tag-recharge","14":"product_tag-sans-fil","15":"product_tag-socle","16":"product_tag-telephone","17":"pa_couleurs-bois","18":"pa_green-points-3218","19":"pa_matiere-bambou-certifie-fsc","21":"first","22":"instock","23":"shipping-taxable","24":"purchasable","25":"product-type-variable"},"yoast_head":"<!-- This site is optimized with the Yoast SEO plugin v27.4 - https:\/\/yoast.com\/product\/yoast-seo-wordpress\/ -->\n<title>Tapis de charge sans fil en bambou Essence de 15\u00a0W - PERLE IN<\/title>\n<meta name=\"robots\" content=\"noindex, follow, max-snippet:-1, max-image-preview:large, max-video-preview:-1\" \/>\n<meta property=\"og:locale\" content=\"en_US\" \/>\n<meta property=\"og:type\" content=\"article\" \/>\n<meta property=\"og:title\" content=\"Tapis de charge sans fil en bambou Essence de 15\u00a0W - PERLE IN\" \/>\n<meta property=\"og:description\" content=\"Le socle de recharge sans fil en bambou permet de recharger tous les appareils compatibles Qi \u00e0 une vitesse de charge maximale de 15\u00a0W. Livr\u00e9 avec un c\u00e2ble TPE recycl\u00e9 de 50\u00a0cm dot\u00e9 de connecteurs d&#039;entr\u00e9e Type-C et USB-A. Le bambou utilis\u00e9 provient de sources responsables.\" \/>\n<meta property=\"og:url\" content=\"https:\/\/perle-in.com\/en\/product\/tapis-de-charge-sans-fil-en-bambou-essence-de-15-w\/\" \/>\n<meta property=\"og:site_name\" content=\"PERLE IN\" \/>\n<meta property=\"article:modified_time\" content=\"2025-10-19T03:48:48+00:00\" \/>\n<meta property=\"og:image\" content=\"https:\/\/perle-in.com\/wp-content\/uploads\/2025\/10\/12438771-1.jpg\" \/>\n\t<meta property=\"og:image:width\" content=\"1600\" \/>\n\t<meta property=\"og:image:height\" content=\"1600\" \/>\n\t<meta property=\"og:image:type\" content=\"image\/jpeg\" \/>\n<meta name=\"twitter:card\" content=\"summary_large_image\" \/>\n<script type=\"application\/ld+json\" class=\"yoast-schema-graph\">{\"@context\":\"https:\\\/\\\/schema.org\",\"@graph\":[{\"@type\":\"WebPage\",\"@id\":\"https:\\\/\\\/perle-in.com\\\/produit\\\/tapis-de-charge-sans-fil-en-bambou-essence-de-15-w\\\/\",\"url\":\"https:\\\/\\\/perle-in.com\\\/produit\\\/tapis-de-charge-sans-fil-en-bambou-essence-de-15-w\\\/\",\"name\":\"Tapis de charge sans fil en bambou Essence de 15\u00a0W - PERLE IN\",\"isPartOf\":{\"@id\":\"https:\\\/\\\/perle-in.com\\\/#website\"},\"primaryImageOfPage\":{\"@id\":\"https:\\\/\\\/perle-in.com\\\/produit\\\/tapis-de-charge-sans-fil-en-bambou-essence-de-15-w\\\/#primaryimage\"},\"image\":{\"@id\":\"https:\\\/\\\/perle-in.com\\\/produit\\\/tapis-de-charge-sans-fil-en-bambou-essence-de-15-w\\\/#primaryimage\"},\"thumbnailUrl\":\"https:\\\/\\\/perle-in.com\\\/wp-content\\\/uploads\\\/2025\\\/10\\\/12438771-1.jpg\",\"datePublished\":\"2025-10-15T12:23:02+00:00\",\"dateModified\":\"2025-10-19T03:48:48+00:00\",\"breadcrumb\":{\"@id\":\"https:\\\/\\\/perle-in.com\\\/produit\\\/tapis-de-charge-sans-fil-en-bambou-essence-de-15-w\\\/#breadcrumb\"},\"inLanguage\":\"en-CA\",\"potentialAction\":[{\"@type\":\"ReadAction\",\"target\":[\"https:\\\/\\\/perle-in.com\\\/produit\\\/tapis-de-charge-sans-fil-en-bambou-essence-de-15-w\\\/\"]}]},{\"@type\":\"ImageObject\",\"inLanguage\":\"en-CA\",\"@id\":\"https:\\\/\\\/perle-in.com\\\/produit\\\/tapis-de-charge-sans-fil-en-bambou-essence-de-15-w\\\/#primaryimage\",\"url\":\"https:\\\/\\\/perle-in.com\\\/wp-content\\\/uploads\\\/2025\\\/10\\\/12438771-1.jpg\",\"contentUrl\":\"https:\\\/\\\/perle-in.com\\\/wp-content\\\/uploads\\\/2025\\\/10\\\/12438771-1.jpg\",\"width\":1600,\"height\":1600},{\"@type\":\"BreadcrumbList\",\"@id\":\"https:\\\/\\\/perle-in.com\\\/produit\\\/tapis-de-charge-sans-fil-en-bambou-essence-de-15-w\\\/#breadcrumb\",\"itemListElement\":[{\"@type\":\"ListItem\",\"position\":1,\"name\":\"Accueil\",\"item\":\"https:\\\/\\\/perle-in.com\\\/\"},{\"@type\":\"ListItem\",\"position\":2,\"name\":\"Boutique\",\"item\":\"https:\\\/\\\/perle-in.com\\\/boutique\\\/\"},{\"@type\":\"ListItem\",\"position\":3,\"name\":\"Tapis de charge sans fil en bambou Essence de 15\u00a0W\"}]},{\"@type\":\"WebSite\",\"@id\":\"https:\\\/\\\/perle-in.com\\\/#website\",\"url\":\"https:\\\/\\\/perle-in.com\\\/\",\"name\":\"PERLE IN\",\"description\":\"\",\"publisher\":{\"@id\":\"https:\\\/\\\/perle-in.com\\\/#organization\"},\"potentialAction\":[{\"@type\":\"SearchAction\",\"target\":{\"@type\":\"EntryPoint\",\"urlTemplate\":\"https:\\\/\\\/perle-in.com\\\/?s={search_term_string}\"},\"query-input\":{\"@type\":\"PropertyValueSpecification\",\"valueRequired\":true,\"valueName\":\"search_term_string\"}}],\"inLanguage\":\"en-CA\"},{\"@type\":\"Organization\",\"@id\":\"https:\\\/\\\/perle-in.com\\\/#organization\",\"name\":\"PERLE IN\",\"url\":\"https:\\\/\\\/perle-in.com\\\/\",\"logo\":{\"@type\":\"ImageObject\",\"inLanguage\":\"en-CA\",\"@id\":\"https:\\\/\\\/perle-in.com\\\/#\\\/schema\\\/logo\\\/image\\\/\",\"url\":\"https:\\\/\\\/perle-in.com\\\/wp-content\\\/uploads\\\/2022\\\/12\\\/LOGO-PERLE-IN-COULEUR@3x.webp\",\"contentUrl\":\"https:\\\/\\\/perle-in.com\\\/wp-content\\\/uploads\\\/2022\\\/12\\\/LOGO-PERLE-IN-COULEUR@3x.webp\",\"width\":1600,\"height\":490,\"caption\":\"PERLE IN\"},\"image\":{\"@id\":\"https:\\\/\\\/perle-in.com\\\/#\\\/schema\\\/logo\\\/image\\\/\"}}]}<\/script>\n<!-- \/ Yoast SEO plugin. -->","yoast_head_json":{"title":"Tapis de charge sans fil en bambou Essence de 15\u00a0W - PERLE IN","robots":{"index":"noindex","follow":"follow","max-snippet":"max-snippet:-1","max-image-preview":"max-image-preview:large","max-video-preview":"max-video-preview:-1"},"og_locale":"en_US","og_type":"article","og_title":"Tapis de charge sans fil en bambou Essence de 15\u00a0W - PERLE IN","og_description":"Le socle de recharge sans fil en bambou permet de recharger tous les appareils compatibles Qi \u00e0 une vitesse de charge maximale de 15\u00a0W. Livr\u00e9 avec un c\u00e2ble TPE recycl\u00e9 de 50\u00a0cm dot\u00e9 de connecteurs d'entr\u00e9e Type-C et USB-A. Le bambou utilis\u00e9 provient de sources responsables.","og_url":"https:\/\/perle-in.com\/en\/product\/tapis-de-charge-sans-fil-en-bambou-essence-de-15-w\/","og_site_name":"PERLE IN","article_modified_time":"2025-10-19T03:48:48+00:00","og_image":[{"width":1600,"height":1600,"url":"https:\/\/perle-in.com\/wp-content\/uploads\/2025\/10\/12438771-1.jpg","type":"image\/jpeg"}],"twitter_card":"summary_large_image","schema":{"@context":"https:\/\/schema.org","@graph":[{"@type":"WebPage","@id":"https:\/\/perle-in.com\/produit\/tapis-de-charge-sans-fil-en-bambou-essence-de-15-w\/","url":"https:\/\/perle-in.com\/produit\/tapis-de-charge-sans-fil-en-bambou-essence-de-15-w\/","name":"Tapis de charge sans fil en bambou Essence de 15\u00a0W - PERLE IN","isPartOf":{"@id":"https:\/\/perle-in.com\/#website"},"primaryImageOfPage":{"@id":"https:\/\/perle-in.com\/produit\/tapis-de-charge-sans-fil-en-bambou-essence-de-15-w\/#primaryimage"},"image":{"@id":"https:\/\/perle-in.com\/produit\/tapis-de-charge-sans-fil-en-bambou-essence-de-15-w\/#primaryimage"},"thumbnailUrl":"https:\/\/perle-in.com\/wp-content\/uploads\/2025\/10\/12438771-1.jpg","datePublished":"2025-10-15T12:23:02+00:00","dateModified":"2025-10-19T03:48:48+00:00","breadcrumb":{"@id":"https:\/\/perle-in.com\/produit\/tapis-de-charge-sans-fil-en-bambou-essence-de-15-w\/#breadcrumb"},"inLanguage":"en-CA","potentialAction":[{"@type":"ReadAction","target":["https:\/\/perle-in.com\/produit\/tapis-de-charge-sans-fil-en-bambou-essence-de-15-w\/"]}]},{"@type":"ImageObject","inLanguage":"en-CA","@id":"https:\/\/perle-in.com\/produit\/tapis-de-charge-sans-fil-en-bambou-essence-de-15-w\/#primaryimage","url":"https:\/\/perle-in.com\/wp-content\/uploads\/2025\/10\/12438771-1.jpg","contentUrl":"https:\/\/perle-in.com\/wp-content\/uploads\/2025\/10\/12438771-1.jpg","width":1600,"height":1600},{"@type":"BreadcrumbList","@id":"https:\/\/perle-in.com\/produit\/tapis-de-charge-sans-fil-en-bambou-essence-de-15-w\/#breadcrumb","itemListElement":[{"@type":"ListItem","position":1,"name":"Accueil","item":"https:\/\/perle-in.com\/"},{"@type":"ListItem","position":2,"name":"Boutique","item":"https:\/\/perle-in.com\/boutique\/"},{"@type":"ListItem","position":3,"name":"Tapis de charge sans fil en bambou Essence de 15\u00a0W"}]},{"@type":"WebSite","@id":"https:\/\/perle-in.com\/#website","url":"https:\/\/perle-in.com\/","name":"PERLE IN","description":"","publisher":{"@id":"https:\/\/perle-in.com\/#organization"},"potentialAction":[{"@type":"SearchAction","target":{"@type":"EntryPoint","urlTemplate":"https:\/\/perle-in.com\/?s={search_term_string}"},"query-input":{"@type":"PropertyValueSpecification","valueRequired":true,"valueName":"search_term_string"}}],"inLanguage":"en-CA"},{"@type":"Organization","@id":"https:\/\/perle-in.com\/#organization","name":"PERLE IN","url":"https:\/\/perle-in.com\/","logo":{"@type":"ImageObject","inLanguage":"en-CA","@id":"https:\/\/perle-in.com\/#\/schema\/logo\/image\/","url":"https:\/\/perle-in.com\/wp-content\/uploads\/2022\/12\/LOGO-PERLE-IN-COULEUR@3x.webp","contentUrl":"https:\/\/perle-in.com\/wp-content\/uploads\/2022\/12\/LOGO-PERLE-IN-COULEUR@3x.webp","width":1600,"height":490,"caption":"PERLE IN"},"image":{"@id":"https:\/\/perle-in.com\/#\/schema\/logo\/image\/"}}]}},"jetpack_sharing_enabled":true,"_links":{"self":[{"href":"https:\/\/perle-in.com\/en\/wp-json\/wp\/v2\/product\/562704","targetHints":{"allow":["GET"]}}],"collection":[{"href":"https:\/\/perle-in.com\/en\/wp-json\/wp\/v2\/product"}],"about":[{"href":"https:\/\/perle-in.com\/en\/wp-json\/wp\/v2\/types\/product"}],"version-history":[{"count":0,"href":"https:\/\/perle-in.com\/en\/wp-json\/wp\/v2\/product\/562704\/revisions"}],"wp:featuredmedia":[{"embeddable":true,"href":"https:\/\/perle-in.com\/en\/wp-json\/wp\/v2\/media\/562693"}],"wp:attachment":[{"href":"https:\/\/perle-in.com\/en\/wp-json\/wp\/v2\/media?parent=562704"}],"wp:term":[{"taxonomy":"product_brand","embeddable":true,"href":"https:\/\/perle-in.com\/en\/wp-json\/wp\/v2\/product_brand?post=562704"},{"taxonomy":"product_cat","embeddable":true,"href":"https:\/\/perle-in.com\/en\/wp-json\/wp\/v2\/product_cat?post=562704"},{"taxonomy":"product_tag","embeddable":true,"href":"https:\/\/perle-in.com\/en\/wp-json\/wp\/v2\/product_tag?post=562704"}],"curies":[{"name":"wp","href":"https:\/\/api.w.org\/{rel}","templated":true}]}}