{"id":562664,"date":"2025-10-15T14:18:10","date_gmt":"2025-10-15T12:18:10","guid":{"rendered":"https:\/\/perle-in.com\/produit\/housse-case-logic-invigo-pour-ordinateur-portable-de-156\/"},"modified":"2025-10-19T05:48:48","modified_gmt":"2025-10-19T03:48:48","slug":"housse-case-logic-invigo-pour-ordinateur-portable-de-156","status":"publish","type":"product","link":"https:\/\/perle-in.com\/en\/product\/housse-case-logic-invigo-pour-ordinateur-portable-de-156\/","title":{"rendered":"Housse Case Logic Invigo pour ordinateur portable de 15,6&#8243;"},"content":{"rendered":"","protected":false},"excerpt":{"rendered":"<p>La housse pour ordinateur portable 15,6&#8243; Case Logic Invigo pr\u00e9sente un int\u00e9rieur rembourr\u00e9 de 10\u00a0mm d&#8217;\u00e9paisseur afin de prot\u00e9ger l&#8217;ordinateur et est compos\u00e9e de polyester 600D 100\u00a0% recycl\u00e9 et d&#8217;une doublure en polyester 150D. La poche avant zipp\u00e9e offre un espace de rangement pratique pour les cordons d&#8217;alimentation et les petits accessoires. Gr\u00e2ce \u00e0 l&#8217;ouverture trois-quarts zipp\u00e9e, l&#8217;ordinateur est accessible par le haut ou par le c\u00f4t\u00e9 de la housse.<\/p>","protected":false},"featured_media":562656,"template":"","meta":{"_eb_attr":""},"product_brand":[],"product_cat":[159,1112],"product_tag":[1861,1862,837,1113,784,917,836],"class_list":{"0":"post-562664","1":"product","2":"type-product","3":"status-publish","4":"has-post-thumbnail","6":"product_cat-sacs","7":"product_cat-sacs-pour-tablette-et-ordinateur-portable","8":"product_tag-case-logic","9":"product_tag-caselogic","10":"product_tag-durable","11":"product_tag-housse","12":"product_tag-ordinateur-portable","13":"product_tag-protection","14":"product_tag-recycle","15":"pa_couleurs-noir","16":"pa_green-points-1619","17":"pa_marque-case-logic","18":"pa_matiere-600d-100-polyester-recycle","19":"pa_pays-d-origine-cambodge","21":"first","22":"instock","23":"shipping-taxable","24":"purchasable","25":"product-type-variable"},"yoast_head":"<!-- This site is optimized with the Yoast SEO plugin v27.4 - https:\/\/yoast.com\/product\/yoast-seo-wordpress\/ -->\n<title>Housse Case Logic Invigo pour ordinateur portable de 15,6&quot; - PERLE IN<\/title>\n<meta name=\"robots\" content=\"noindex, follow, max-snippet:-1, max-image-preview:large, max-video-preview:-1\" \/>\n<meta property=\"og:locale\" content=\"en_US\" \/>\n<meta property=\"og:type\" content=\"article\" \/>\n<meta property=\"og:title\" content=\"Housse Case Logic Invigo pour ordinateur portable de 15,6&quot; - PERLE IN\" \/>\n<meta property=\"og:description\" content=\"La housse pour ordinateur portable 15,6&quot; Case Logic Invigo pr\u00e9sente un int\u00e9rieur rembourr\u00e9 de 10\u00a0mm d&#039;\u00e9paisseur afin de prot\u00e9ger l&#039;ordinateur et est compos\u00e9e de polyester 600D 100\u00a0% recycl\u00e9 et d&#039;une doublure en polyester 150D. La poche avant zipp\u00e9e offre un espace de rangement pratique pour les cordons d&#039;alimentation et les petits accessoires. Gr\u00e2ce \u00e0 l&#039;ouverture trois-quarts zipp\u00e9e, l&#039;ordinateur est accessible par le haut ou par le c\u00f4t\u00e9 de la housse.\" \/>\n<meta property=\"og:url\" content=\"https:\/\/perle-in.com\/en\/product\/housse-case-logic-invigo-pour-ordinateur-portable-de-156\/\" \/>\n<meta property=\"og:site_name\" content=\"PERLE IN\" \/>\n<meta property=\"article:modified_time\" content=\"2025-10-19T03:48:48+00:00\" \/>\n<meta property=\"og:image\" content=\"https:\/\/perle-in.com\/wp-content\/uploads\/2025\/10\/12072790-1.jpg\" \/>\n\t<meta property=\"og:image:width\" content=\"1600\" \/>\n\t<meta property=\"og:image:height\" content=\"1600\" \/>\n\t<meta property=\"og:image:type\" content=\"image\/jpeg\" \/>\n<meta name=\"twitter:card\" content=\"summary_large_image\" \/>\n<script type=\"application\/ld+json\" class=\"yoast-schema-graph\">{\"@context\":\"https:\\\/\\\/schema.org\",\"@graph\":[{\"@type\":\"WebPage\",\"@id\":\"https:\\\/\\\/perle-in.com\\\/produit\\\/housse-case-logic-invigo-pour-ordinateur-portable-de-156\\\/\",\"url\":\"https:\\\/\\\/perle-in.com\\\/produit\\\/housse-case-logic-invigo-pour-ordinateur-portable-de-156\\\/\",\"name\":\"Housse Case Logic Invigo pour ordinateur portable de 15,6\\\" - PERLE IN\",\"isPartOf\":{\"@id\":\"https:\\\/\\\/perle-in.com\\\/#website\"},\"primaryImageOfPage\":{\"@id\":\"https:\\\/\\\/perle-in.com\\\/produit\\\/housse-case-logic-invigo-pour-ordinateur-portable-de-156\\\/#primaryimage\"},\"image\":{\"@id\":\"https:\\\/\\\/perle-in.com\\\/produit\\\/housse-case-logic-invigo-pour-ordinateur-portable-de-156\\\/#primaryimage\"},\"thumbnailUrl\":\"https:\\\/\\\/perle-in.com\\\/wp-content\\\/uploads\\\/2025\\\/10\\\/12072790-1.jpg\",\"datePublished\":\"2025-10-15T12:18:10+00:00\",\"dateModified\":\"2025-10-19T03:48:48+00:00\",\"breadcrumb\":{\"@id\":\"https:\\\/\\\/perle-in.com\\\/produit\\\/housse-case-logic-invigo-pour-ordinateur-portable-de-156\\\/#breadcrumb\"},\"inLanguage\":\"en-CA\",\"potentialAction\":[{\"@type\":\"ReadAction\",\"target\":[\"https:\\\/\\\/perle-in.com\\\/produit\\\/housse-case-logic-invigo-pour-ordinateur-portable-de-156\\\/\"]}]},{\"@type\":\"ImageObject\",\"inLanguage\":\"en-CA\",\"@id\":\"https:\\\/\\\/perle-in.com\\\/produit\\\/housse-case-logic-invigo-pour-ordinateur-portable-de-156\\\/#primaryimage\",\"url\":\"https:\\\/\\\/perle-in.com\\\/wp-content\\\/uploads\\\/2025\\\/10\\\/12072790-1.jpg\",\"contentUrl\":\"https:\\\/\\\/perle-in.com\\\/wp-content\\\/uploads\\\/2025\\\/10\\\/12072790-1.jpg\",\"width\":1600,\"height\":1600},{\"@type\":\"BreadcrumbList\",\"@id\":\"https:\\\/\\\/perle-in.com\\\/produit\\\/housse-case-logic-invigo-pour-ordinateur-portable-de-156\\\/#breadcrumb\",\"itemListElement\":[{\"@type\":\"ListItem\",\"position\":1,\"name\":\"Accueil\",\"item\":\"https:\\\/\\\/perle-in.com\\\/\"},{\"@type\":\"ListItem\",\"position\":2,\"name\":\"Boutique\",\"item\":\"https:\\\/\\\/perle-in.com\\\/boutique\\\/\"},{\"@type\":\"ListItem\",\"position\":3,\"name\":\"Housse Case Logic Invigo pour ordinateur portable de 15,6&#8243;\"}]},{\"@type\":\"WebSite\",\"@id\":\"https:\\\/\\\/perle-in.com\\\/#website\",\"url\":\"https:\\\/\\\/perle-in.com\\\/\",\"name\":\"PERLE IN\",\"description\":\"\",\"publisher\":{\"@id\":\"https:\\\/\\\/perle-in.com\\\/#organization\"},\"potentialAction\":[{\"@type\":\"SearchAction\",\"target\":{\"@type\":\"EntryPoint\",\"urlTemplate\":\"https:\\\/\\\/perle-in.com\\\/?s={search_term_string}\"},\"query-input\":{\"@type\":\"PropertyValueSpecification\",\"valueRequired\":true,\"valueName\":\"search_term_string\"}}],\"inLanguage\":\"en-CA\"},{\"@type\":\"Organization\",\"@id\":\"https:\\\/\\\/perle-in.com\\\/#organization\",\"name\":\"PERLE IN\",\"url\":\"https:\\\/\\\/perle-in.com\\\/\",\"logo\":{\"@type\":\"ImageObject\",\"inLanguage\":\"en-CA\",\"@id\":\"https:\\\/\\\/perle-in.com\\\/#\\\/schema\\\/logo\\\/image\\\/\",\"url\":\"https:\\\/\\\/perle-in.com\\\/wp-content\\\/uploads\\\/2022\\\/12\\\/LOGO-PERLE-IN-COULEUR@3x.webp\",\"contentUrl\":\"https:\\\/\\\/perle-in.com\\\/wp-content\\\/uploads\\\/2022\\\/12\\\/LOGO-PERLE-IN-COULEUR@3x.webp\",\"width\":1600,\"height\":490,\"caption\":\"PERLE IN\"},\"image\":{\"@id\":\"https:\\\/\\\/perle-in.com\\\/#\\\/schema\\\/logo\\\/image\\\/\"}}]}<\/script>\n<!-- \/ Yoast SEO plugin. -->","yoast_head_json":{"title":"Housse Case Logic Invigo pour ordinateur portable de 15,6\" - PERLE IN","robots":{"index":"noindex","follow":"follow","max-snippet":"max-snippet:-1","max-image-preview":"max-image-preview:large","max-video-preview":"max-video-preview:-1"},"og_locale":"en_US","og_type":"article","og_title":"Housse Case Logic Invigo pour ordinateur portable de 15,6\" - PERLE IN","og_description":"La housse pour ordinateur portable 15,6\" Case Logic Invigo pr\u00e9sente un int\u00e9rieur rembourr\u00e9 de 10\u00a0mm d'\u00e9paisseur afin de prot\u00e9ger l'ordinateur et est compos\u00e9e de polyester 600D 100\u00a0% recycl\u00e9 et d'une doublure en polyester 150D. La poche avant zipp\u00e9e offre un espace de rangement pratique pour les cordons d'alimentation et les petits accessoires. Gr\u00e2ce \u00e0 l'ouverture trois-quarts zipp\u00e9e, l'ordinateur est accessible par le haut ou par le c\u00f4t\u00e9 de la housse.","og_url":"https:\/\/perle-in.com\/en\/product\/housse-case-logic-invigo-pour-ordinateur-portable-de-156\/","og_site_name":"PERLE IN","article_modified_time":"2025-10-19T03:48:48+00:00","og_image":[{"width":1600,"height":1600,"url":"https:\/\/perle-in.com\/wp-content\/uploads\/2025\/10\/12072790-1.jpg","type":"image\/jpeg"}],"twitter_card":"summary_large_image","schema":{"@context":"https:\/\/schema.org","@graph":[{"@type":"WebPage","@id":"https:\/\/perle-in.com\/produit\/housse-case-logic-invigo-pour-ordinateur-portable-de-156\/","url":"https:\/\/perle-in.com\/produit\/housse-case-logic-invigo-pour-ordinateur-portable-de-156\/","name":"Housse Case Logic Invigo pour ordinateur portable de 15,6\" - PERLE IN","isPartOf":{"@id":"https:\/\/perle-in.com\/#website"},"primaryImageOfPage":{"@id":"https:\/\/perle-in.com\/produit\/housse-case-logic-invigo-pour-ordinateur-portable-de-156\/#primaryimage"},"image":{"@id":"https:\/\/perle-in.com\/produit\/housse-case-logic-invigo-pour-ordinateur-portable-de-156\/#primaryimage"},"thumbnailUrl":"https:\/\/perle-in.com\/wp-content\/uploads\/2025\/10\/12072790-1.jpg","datePublished":"2025-10-15T12:18:10+00:00","dateModified":"2025-10-19T03:48:48+00:00","breadcrumb":{"@id":"https:\/\/perle-in.com\/produit\/housse-case-logic-invigo-pour-ordinateur-portable-de-156\/#breadcrumb"},"inLanguage":"en-CA","potentialAction":[{"@type":"ReadAction","target":["https:\/\/perle-in.com\/produit\/housse-case-logic-invigo-pour-ordinateur-portable-de-156\/"]}]},{"@type":"ImageObject","inLanguage":"en-CA","@id":"https:\/\/perle-in.com\/produit\/housse-case-logic-invigo-pour-ordinateur-portable-de-156\/#primaryimage","url":"https:\/\/perle-in.com\/wp-content\/uploads\/2025\/10\/12072790-1.jpg","contentUrl":"https:\/\/perle-in.com\/wp-content\/uploads\/2025\/10\/12072790-1.jpg","width":1600,"height":1600},{"@type":"BreadcrumbList","@id":"https:\/\/perle-in.com\/produit\/housse-case-logic-invigo-pour-ordinateur-portable-de-156\/#breadcrumb","itemListElement":[{"@type":"ListItem","position":1,"name":"Accueil","item":"https:\/\/perle-in.com\/"},{"@type":"ListItem","position":2,"name":"Boutique","item":"https:\/\/perle-in.com\/boutique\/"},{"@type":"ListItem","position":3,"name":"Housse Case Logic Invigo pour ordinateur portable de 15,6&#8243;"}]},{"@type":"WebSite","@id":"https:\/\/perle-in.com\/#website","url":"https:\/\/perle-in.com\/","name":"PERLE IN","description":"","publisher":{"@id":"https:\/\/perle-in.com\/#organization"},"potentialAction":[{"@type":"SearchAction","target":{"@type":"EntryPoint","urlTemplate":"https:\/\/perle-in.com\/?s={search_term_string}"},"query-input":{"@type":"PropertyValueSpecification","valueRequired":true,"valueName":"search_term_string"}}],"inLanguage":"en-CA"},{"@type":"Organization","@id":"https:\/\/perle-in.com\/#organization","name":"PERLE IN","url":"https:\/\/perle-in.com\/","logo":{"@type":"ImageObject","inLanguage":"en-CA","@id":"https:\/\/perle-in.com\/#\/schema\/logo\/image\/","url":"https:\/\/perle-in.com\/wp-content\/uploads\/2022\/12\/LOGO-PERLE-IN-COULEUR@3x.webp","contentUrl":"https:\/\/perle-in.com\/wp-content\/uploads\/2022\/12\/LOGO-PERLE-IN-COULEUR@3x.webp","width":1600,"height":490,"caption":"PERLE IN"},"image":{"@id":"https:\/\/perle-in.com\/#\/schema\/logo\/image\/"}}]}},"jetpack_sharing_enabled":true,"_links":{"self":[{"href":"https:\/\/perle-in.com\/en\/wp-json\/wp\/v2\/product\/562664","targetHints":{"allow":["GET"]}}],"collection":[{"href":"https:\/\/perle-in.com\/en\/wp-json\/wp\/v2\/product"}],"about":[{"href":"https:\/\/perle-in.com\/en\/wp-json\/wp\/v2\/types\/product"}],"version-history":[{"count":0,"href":"https:\/\/perle-in.com\/en\/wp-json\/wp\/v2\/product\/562664\/revisions"}],"wp:featuredmedia":[{"embeddable":true,"href":"https:\/\/perle-in.com\/en\/wp-json\/wp\/v2\/media\/562656"}],"wp:attachment":[{"href":"https:\/\/perle-in.com\/en\/wp-json\/wp\/v2\/media?parent=562664"}],"wp:term":[{"taxonomy":"product_brand","embeddable":true,"href":"https:\/\/perle-in.com\/en\/wp-json\/wp\/v2\/product_brand?post=562664"},{"taxonomy":"product_cat","embeddable":true,"href":"https:\/\/perle-in.com\/en\/wp-json\/wp\/v2\/product_cat?post=562664"},{"taxonomy":"product_tag","embeddable":true,"href":"https:\/\/perle-in.com\/en\/wp-json\/wp\/v2\/product_tag?post=562664"}],"curies":[{"name":"wp","href":"https:\/\/api.w.org\/{rel}","templated":true}]}}