{"id":562625,"date":"2025-10-15T14:14:29","date_gmt":"2025-10-15T12:14:29","guid":{"rendered":"https:\/\/perle-in.com\/produit\/batterie-de-secours-sans-fil-en-aluminium-recycle-juice-type-c-de-8-000-mah\/"},"modified":"2025-10-19T05:48:48","modified_gmt":"2025-10-19T03:48:48","slug":"batterie-de-secours-sans-fil-en-aluminium-recycle-juice-type-c-de-8-000-mah","status":"publish","type":"product","link":"https:\/\/perle-in.com\/en\/product\/batterie-de-secours-sans-fil-en-aluminium-recycle-juice-type-c-de-8-000-mah\/","title":{"rendered":"Batterie de secours sans fil en aluminium recycl\u00e9 Juice type-C de 8\u00a0000\u00a0mAh"},"content":{"rendered":"","protected":false},"excerpt":{"rendered":"<p>Batterie de secours avec port d&#8217;entr\u00e9e\/de sortie de type-C et 2\u00a0ports USB-A, permettant de charger 3\u00a0appareils simultan\u00e9ment. Elle offre \u00e9galement une charge sans fil de 5\u00a0W pour tous les appareils compatibles Qi. La batterie de secours est \u00e9quip\u00e9e d&#8217;une batterie lithium-polym\u00e8re de 8\u00a0000\u00a0mAh qui d\u00e9livre une puissance de sortie totale de 10\u00a0W maximum. Cette batterie de secours est fabriqu\u00e9e \u00e0 28\u00a0% de plastique recycl\u00e9 certifi\u00e9 RCS. Livr\u00e9e avec un c\u00e2ble de charge TPE de type-C vers USB-A.<\/p>","protected":false},"featured_media":562613,"template":"","meta":{"_eb_attr":""},"product_brand":[],"product_cat":[811,667],"product_tag":[3562,813,812,938,816,815,837,2685,2884,2762,836,671],"class_list":{"0":"post-562625","1":"product","2":"type-product","3":"status-publish","4":"has-post-thumbnail","6":"product_cat-batteries-externes","7":"product_cat-technologie","8":"product_tag-3562","9":"product_tag-batterie","10":"product_tag-batterie-de-secours","11":"product_tag-batteries-de-secours","12":"product_tag-charge","13":"product_tag-chargeur","14":"product_tag-durable","15":"product_tag-induction","16":"product_tag-rcs","17":"product_tag-recharge","18":"product_tag-recycle","19":"product_tag-telephone","20":"pa_couleurs-argent","21":"pa_couleurs-bleu-royal","22":"pa_couleurs-noir","23":"pa_couleurs-rouge","24":"pa_green-points-2910","25":"pa_matiere-aluminium-recycle","27":"first","28":"instock","29":"shipping-taxable","30":"purchasable","31":"product-type-variable"},"yoast_head":"<!-- This site is optimized with the Yoast SEO plugin v27.4 - https:\/\/yoast.com\/product\/yoast-seo-wordpress\/ -->\n<title>Batterie de secours sans fil en aluminium recycl\u00e9 Juice type-C de 8\u00a0000\u00a0mAh - PERLE IN<\/title>\n<meta name=\"robots\" content=\"noindex, follow, max-snippet:-1, max-image-preview:large, max-video-preview:-1\" \/>\n<meta property=\"og:locale\" content=\"en_US\" \/>\n<meta property=\"og:type\" content=\"article\" \/>\n<meta property=\"og:title\" content=\"Batterie de secours sans fil en aluminium recycl\u00e9 Juice type-C de 8\u00a0000\u00a0mAh - PERLE IN\" \/>\n<meta property=\"og:description\" content=\"Batterie de secours avec port d&#039;entr\u00e9e\/de sortie de type-C et 2\u00a0ports USB-A, permettant de charger 3\u00a0appareils simultan\u00e9ment. Elle offre \u00e9galement une charge sans fil de 5\u00a0W pour tous les appareils compatibles Qi. La batterie de secours est \u00e9quip\u00e9e d&#039;une batterie lithium-polym\u00e8re de 8\u00a0000\u00a0mAh qui d\u00e9livre une puissance de sortie totale de 10\u00a0W maximum. Cette batterie de secours est fabriqu\u00e9e \u00e0 28\u00a0% de plastique recycl\u00e9 certifi\u00e9 RCS. Livr\u00e9e avec un c\u00e2ble de charge TPE de type-C vers USB-A.\" \/>\n<meta property=\"og:url\" content=\"https:\/\/perle-in.com\/en\/product\/batterie-de-secours-sans-fil-en-aluminium-recycle-juice-type-c-de-8-000-mah\/\" \/>\n<meta property=\"og:site_name\" content=\"PERLE IN\" \/>\n<meta property=\"article:modified_time\" content=\"2025-10-19T03:48:48+00:00\" \/>\n<meta property=\"og:image\" content=\"https:\/\/perle-in.com\/wp-content\/uploads\/2025\/10\/12438521-1.jpg\" \/>\n\t<meta property=\"og:image:width\" content=\"1600\" \/>\n\t<meta property=\"og:image:height\" content=\"1600\" \/>\n\t<meta property=\"og:image:type\" content=\"image\/jpeg\" \/>\n<meta name=\"twitter:card\" content=\"summary_large_image\" \/>\n<script type=\"application\/ld+json\" class=\"yoast-schema-graph\">{\"@context\":\"https:\\\/\\\/schema.org\",\"@graph\":[{\"@type\":\"WebPage\",\"@id\":\"https:\\\/\\\/perle-in.com\\\/produit\\\/batterie-de-secours-sans-fil-en-aluminium-recycle-juice-type-c-de-8-000-mah\\\/\",\"url\":\"https:\\\/\\\/perle-in.com\\\/produit\\\/batterie-de-secours-sans-fil-en-aluminium-recycle-juice-type-c-de-8-000-mah\\\/\",\"name\":\"Batterie de secours sans fil en aluminium recycl\u00e9 Juice type-C de 8\u00a0000\u00a0mAh - PERLE IN\",\"isPartOf\":{\"@id\":\"https:\\\/\\\/perle-in.com\\\/#website\"},\"primaryImageOfPage\":{\"@id\":\"https:\\\/\\\/perle-in.com\\\/produit\\\/batterie-de-secours-sans-fil-en-aluminium-recycle-juice-type-c-de-8-000-mah\\\/#primaryimage\"},\"image\":{\"@id\":\"https:\\\/\\\/perle-in.com\\\/produit\\\/batterie-de-secours-sans-fil-en-aluminium-recycle-juice-type-c-de-8-000-mah\\\/#primaryimage\"},\"thumbnailUrl\":\"https:\\\/\\\/perle-in.com\\\/wp-content\\\/uploads\\\/2025\\\/10\\\/12438521-1.jpg\",\"datePublished\":\"2025-10-15T12:14:29+00:00\",\"dateModified\":\"2025-10-19T03:48:48+00:00\",\"breadcrumb\":{\"@id\":\"https:\\\/\\\/perle-in.com\\\/produit\\\/batterie-de-secours-sans-fil-en-aluminium-recycle-juice-type-c-de-8-000-mah\\\/#breadcrumb\"},\"inLanguage\":\"en-CA\",\"potentialAction\":[{\"@type\":\"ReadAction\",\"target\":[\"https:\\\/\\\/perle-in.com\\\/produit\\\/batterie-de-secours-sans-fil-en-aluminium-recycle-juice-type-c-de-8-000-mah\\\/\"]}]},{\"@type\":\"ImageObject\",\"inLanguage\":\"en-CA\",\"@id\":\"https:\\\/\\\/perle-in.com\\\/produit\\\/batterie-de-secours-sans-fil-en-aluminium-recycle-juice-type-c-de-8-000-mah\\\/#primaryimage\",\"url\":\"https:\\\/\\\/perle-in.com\\\/wp-content\\\/uploads\\\/2025\\\/10\\\/12438521-1.jpg\",\"contentUrl\":\"https:\\\/\\\/perle-in.com\\\/wp-content\\\/uploads\\\/2025\\\/10\\\/12438521-1.jpg\",\"width\":1600,\"height\":1600},{\"@type\":\"BreadcrumbList\",\"@id\":\"https:\\\/\\\/perle-in.com\\\/produit\\\/batterie-de-secours-sans-fil-en-aluminium-recycle-juice-type-c-de-8-000-mah\\\/#breadcrumb\",\"itemListElement\":[{\"@type\":\"ListItem\",\"position\":1,\"name\":\"Accueil\",\"item\":\"https:\\\/\\\/perle-in.com\\\/\"},{\"@type\":\"ListItem\",\"position\":2,\"name\":\"Boutique\",\"item\":\"https:\\\/\\\/perle-in.com\\\/boutique\\\/\"},{\"@type\":\"ListItem\",\"position\":3,\"name\":\"Batterie de secours sans fil en aluminium recycl\u00e9 Juice type-C de 8\u00a0000\u00a0mAh\"}]},{\"@type\":\"WebSite\",\"@id\":\"https:\\\/\\\/perle-in.com\\\/#website\",\"url\":\"https:\\\/\\\/perle-in.com\\\/\",\"name\":\"PERLE IN\",\"description\":\"\",\"publisher\":{\"@id\":\"https:\\\/\\\/perle-in.com\\\/#organization\"},\"potentialAction\":[{\"@type\":\"SearchAction\",\"target\":{\"@type\":\"EntryPoint\",\"urlTemplate\":\"https:\\\/\\\/perle-in.com\\\/?s={search_term_string}\"},\"query-input\":{\"@type\":\"PropertyValueSpecification\",\"valueRequired\":true,\"valueName\":\"search_term_string\"}}],\"inLanguage\":\"en-CA\"},{\"@type\":\"Organization\",\"@id\":\"https:\\\/\\\/perle-in.com\\\/#organization\",\"name\":\"PERLE IN\",\"url\":\"https:\\\/\\\/perle-in.com\\\/\",\"logo\":{\"@type\":\"ImageObject\",\"inLanguage\":\"en-CA\",\"@id\":\"https:\\\/\\\/perle-in.com\\\/#\\\/schema\\\/logo\\\/image\\\/\",\"url\":\"https:\\\/\\\/perle-in.com\\\/wp-content\\\/uploads\\\/2022\\\/12\\\/LOGO-PERLE-IN-COULEUR@3x.webp\",\"contentUrl\":\"https:\\\/\\\/perle-in.com\\\/wp-content\\\/uploads\\\/2022\\\/12\\\/LOGO-PERLE-IN-COULEUR@3x.webp\",\"width\":1600,\"height\":490,\"caption\":\"PERLE IN\"},\"image\":{\"@id\":\"https:\\\/\\\/perle-in.com\\\/#\\\/schema\\\/logo\\\/image\\\/\"}}]}<\/script>\n<!-- \/ Yoast SEO plugin. -->","yoast_head_json":{"title":"Batterie de secours sans fil en aluminium recycl\u00e9 Juice type-C de 8\u00a0000\u00a0mAh - PERLE IN","robots":{"index":"noindex","follow":"follow","max-snippet":"max-snippet:-1","max-image-preview":"max-image-preview:large","max-video-preview":"max-video-preview:-1"},"og_locale":"en_US","og_type":"article","og_title":"Batterie de secours sans fil en aluminium recycl\u00e9 Juice type-C de 8\u00a0000\u00a0mAh - PERLE IN","og_description":"Batterie de secours avec port d'entr\u00e9e\/de sortie de type-C et 2\u00a0ports USB-A, permettant de charger 3\u00a0appareils simultan\u00e9ment. Elle offre \u00e9galement une charge sans fil de 5\u00a0W pour tous les appareils compatibles Qi. La batterie de secours est \u00e9quip\u00e9e d'une batterie lithium-polym\u00e8re de 8\u00a0000\u00a0mAh qui d\u00e9livre une puissance de sortie totale de 10\u00a0W maximum. Cette batterie de secours est fabriqu\u00e9e \u00e0 28\u00a0% de plastique recycl\u00e9 certifi\u00e9 RCS. Livr\u00e9e avec un c\u00e2ble de charge TPE de type-C vers USB-A.","og_url":"https:\/\/perle-in.com\/en\/product\/batterie-de-secours-sans-fil-en-aluminium-recycle-juice-type-c-de-8-000-mah\/","og_site_name":"PERLE IN","article_modified_time":"2025-10-19T03:48:48+00:00","og_image":[{"width":1600,"height":1600,"url":"https:\/\/perle-in.com\/wp-content\/uploads\/2025\/10\/12438521-1.jpg","type":"image\/jpeg"}],"twitter_card":"summary_large_image","schema":{"@context":"https:\/\/schema.org","@graph":[{"@type":"WebPage","@id":"https:\/\/perle-in.com\/produit\/batterie-de-secours-sans-fil-en-aluminium-recycle-juice-type-c-de-8-000-mah\/","url":"https:\/\/perle-in.com\/produit\/batterie-de-secours-sans-fil-en-aluminium-recycle-juice-type-c-de-8-000-mah\/","name":"Batterie de secours sans fil en aluminium recycl\u00e9 Juice type-C de 8\u00a0000\u00a0mAh - PERLE IN","isPartOf":{"@id":"https:\/\/perle-in.com\/#website"},"primaryImageOfPage":{"@id":"https:\/\/perle-in.com\/produit\/batterie-de-secours-sans-fil-en-aluminium-recycle-juice-type-c-de-8-000-mah\/#primaryimage"},"image":{"@id":"https:\/\/perle-in.com\/produit\/batterie-de-secours-sans-fil-en-aluminium-recycle-juice-type-c-de-8-000-mah\/#primaryimage"},"thumbnailUrl":"https:\/\/perle-in.com\/wp-content\/uploads\/2025\/10\/12438521-1.jpg","datePublished":"2025-10-15T12:14:29+00:00","dateModified":"2025-10-19T03:48:48+00:00","breadcrumb":{"@id":"https:\/\/perle-in.com\/produit\/batterie-de-secours-sans-fil-en-aluminium-recycle-juice-type-c-de-8-000-mah\/#breadcrumb"},"inLanguage":"en-CA","potentialAction":[{"@type":"ReadAction","target":["https:\/\/perle-in.com\/produit\/batterie-de-secours-sans-fil-en-aluminium-recycle-juice-type-c-de-8-000-mah\/"]}]},{"@type":"ImageObject","inLanguage":"en-CA","@id":"https:\/\/perle-in.com\/produit\/batterie-de-secours-sans-fil-en-aluminium-recycle-juice-type-c-de-8-000-mah\/#primaryimage","url":"https:\/\/perle-in.com\/wp-content\/uploads\/2025\/10\/12438521-1.jpg","contentUrl":"https:\/\/perle-in.com\/wp-content\/uploads\/2025\/10\/12438521-1.jpg","width":1600,"height":1600},{"@type":"BreadcrumbList","@id":"https:\/\/perle-in.com\/produit\/batterie-de-secours-sans-fil-en-aluminium-recycle-juice-type-c-de-8-000-mah\/#breadcrumb","itemListElement":[{"@type":"ListItem","position":1,"name":"Accueil","item":"https:\/\/perle-in.com\/"},{"@type":"ListItem","position":2,"name":"Boutique","item":"https:\/\/perle-in.com\/boutique\/"},{"@type":"ListItem","position":3,"name":"Batterie de secours sans fil en aluminium recycl\u00e9 Juice type-C de 8\u00a0000\u00a0mAh"}]},{"@type":"WebSite","@id":"https:\/\/perle-in.com\/#website","url":"https:\/\/perle-in.com\/","name":"PERLE IN","description":"","publisher":{"@id":"https:\/\/perle-in.com\/#organization"},"potentialAction":[{"@type":"SearchAction","target":{"@type":"EntryPoint","urlTemplate":"https:\/\/perle-in.com\/?s={search_term_string}"},"query-input":{"@type":"PropertyValueSpecification","valueRequired":true,"valueName":"search_term_string"}}],"inLanguage":"en-CA"},{"@type":"Organization","@id":"https:\/\/perle-in.com\/#organization","name":"PERLE IN","url":"https:\/\/perle-in.com\/","logo":{"@type":"ImageObject","inLanguage":"en-CA","@id":"https:\/\/perle-in.com\/#\/schema\/logo\/image\/","url":"https:\/\/perle-in.com\/wp-content\/uploads\/2022\/12\/LOGO-PERLE-IN-COULEUR@3x.webp","contentUrl":"https:\/\/perle-in.com\/wp-content\/uploads\/2022\/12\/LOGO-PERLE-IN-COULEUR@3x.webp","width":1600,"height":490,"caption":"PERLE IN"},"image":{"@id":"https:\/\/perle-in.com\/#\/schema\/logo\/image\/"}}]}},"jetpack_sharing_enabled":true,"_links":{"self":[{"href":"https:\/\/perle-in.com\/en\/wp-json\/wp\/v2\/product\/562625","targetHints":{"allow":["GET"]}}],"collection":[{"href":"https:\/\/perle-in.com\/en\/wp-json\/wp\/v2\/product"}],"about":[{"href":"https:\/\/perle-in.com\/en\/wp-json\/wp\/v2\/types\/product"}],"version-history":[{"count":0,"href":"https:\/\/perle-in.com\/en\/wp-json\/wp\/v2\/product\/562625\/revisions"}],"wp:featuredmedia":[{"embeddable":true,"href":"https:\/\/perle-in.com\/en\/wp-json\/wp\/v2\/media\/562613"}],"wp:attachment":[{"href":"https:\/\/perle-in.com\/en\/wp-json\/wp\/v2\/media?parent=562625"}],"wp:term":[{"taxonomy":"product_brand","embeddable":true,"href":"https:\/\/perle-in.com\/en\/wp-json\/wp\/v2\/product_brand?post=562625"},{"taxonomy":"product_cat","embeddable":true,"href":"https:\/\/perle-in.com\/en\/wp-json\/wp\/v2\/product_cat?post=562625"},{"taxonomy":"product_tag","embeddable":true,"href":"https:\/\/perle-in.com\/en\/wp-json\/wp\/v2\/product_tag?post=562625"}],"curies":[{"name":"wp","href":"https:\/\/api.w.org\/{rel}","templated":true}]}}