{"id":562365,"date":"2025-10-15T13:43:49","date_gmt":"2025-10-15T11:43:49","guid":{"rendered":"https:\/\/perle-in.com\/produit\/doudoune-finland-pour-femme\/"},"modified":"2025-10-19T05:48:42","modified_gmt":"2025-10-19T03:48:42","slug":"doudoune-finland-pour-femme","status":"publish","type":"product","link":"https:\/\/perle-in.com\/en\/product\/doudoune-finland-pour-femme\/","title":{"rendered":"Doudoune Finland pour femme"},"content":{"rendered":"","protected":false},"excerpt":{"rendered":"<p>Veste matelass\u00e9e pour femme avec rembourrage au toucher plume. Fermetures zipp\u00e9es invers\u00e9es avec prot\u00e8ge-menton et tirette assortis. Deux poches avant avec fermetures zipp\u00e9e. Bordure \u00e9lastique assortie au col, aux poignets et \u00e0 l&#8217;ourlet. Doublure int\u00e9rieure contrast\u00e9e. Comprend un sac de transport de rangement. V\u00eatement l\u00e9ger et pliable. Coupe ajust\u00e9e. \u00c9tiquette d\u00e9tachable. R\u00e9sistante \u00e0 l&#8217;eau. Coupe-vent. Le mannequin mesure 179 cm et porte la taille S.<\/p>","protected":false},"featured_media":561915,"template":"","meta":{"_eb_attr":""},"product_brand":[],"product_cat":[1260,1024],"product_tag":[3377,3445,2548,2549],"class_list":{"0":"post-562365","1":"product","2":"type-product","3":"status-publish","4":"has-post-thumbnail","6":"product_cat-jackets","7":"product_cat-vetements","8":"product_tag-isolee","9":"product_tag-roly","10":"product_tag-veste","11":"product_tag-vestes","12":"pa_couleurs-bleu-electrique","13":"pa_couleurs-bleu-marine","14":"pa_couleurs-ebene","15":"pa_couleurs-grenat","16":"pa_couleurs-noir","17":"pa_couleurs-rouge","18":"pa_couleurs-vert-militaire","19":"pa_genre-female","20":"pa_marque-roly","21":"pa_matiere-100-polyester-290-g-m2-lining-100-polyester-padding-filling-100-polyester","22":"pa_pays-d-origine-bengladesh","23":"pa_taille-2xl","24":"pa_taille-l","25":"pa_taille-m","26":"pa_taille-s","27":"pa_taille-xl","29":"first","30":"instock","31":"shipping-taxable","32":"purchasable","33":"product-type-variable"},"yoast_head":"<!-- This site is optimized with the Yoast SEO plugin v27.4 - https:\/\/yoast.com\/product\/yoast-seo-wordpress\/ -->\n<title>Doudoune Finland pour femme - PERLE IN<\/title>\n<meta name=\"robots\" content=\"noindex, follow, max-snippet:-1, max-image-preview:large, max-video-preview:-1\" \/>\n<meta property=\"og:locale\" content=\"en_US\" \/>\n<meta property=\"og:type\" content=\"article\" \/>\n<meta property=\"og:title\" content=\"Doudoune Finland pour femme - PERLE IN\" \/>\n<meta property=\"og:description\" content=\"Veste matelass\u00e9e pour femme avec rembourrage au toucher plume. Fermetures zipp\u00e9es invers\u00e9es avec prot\u00e8ge-menton et tirette assortis. Deux poches avant avec fermetures zipp\u00e9e. Bordure \u00e9lastique assortie au col, aux poignets et \u00e0 l&#039;ourlet. Doublure int\u00e9rieure contrast\u00e9e. Comprend un sac de transport de rangement. V\u00eatement l\u00e9ger et pliable. Coupe ajust\u00e9e. \u00c9tiquette d\u00e9tachable. R\u00e9sistante \u00e0 l&#039;eau. Coupe-vent. Le mannequin mesure 179 cm et porte la taille S.\" \/>\n<meta property=\"og:url\" content=\"https:\/\/perle-in.com\/en\/product\/doudoune-finland-pour-femme\/\" \/>\n<meta property=\"og:site_name\" content=\"PERLE IN\" \/>\n<meta property=\"article:modified_time\" content=\"2025-10-19T03:48:42+00:00\" \/>\n<meta property=\"og:image\" content=\"https:\/\/perle-in.com\/wp-content\/uploads\/2025\/10\/R50951N-3.jpg\" \/>\n\t<meta property=\"og:image:width\" content=\"1600\" \/>\n\t<meta property=\"og:image:height\" content=\"1600\" \/>\n\t<meta property=\"og:image:type\" content=\"image\/jpeg\" \/>\n<meta name=\"twitter:card\" content=\"summary_large_image\" \/>\n<script type=\"application\/ld+json\" class=\"yoast-schema-graph\">{\"@context\":\"https:\\\/\\\/schema.org\",\"@graph\":[{\"@type\":\"WebPage\",\"@id\":\"https:\\\/\\\/perle-in.com\\\/produit\\\/doudoune-finland-pour-femme\\\/\",\"url\":\"https:\\\/\\\/perle-in.com\\\/produit\\\/doudoune-finland-pour-femme\\\/\",\"name\":\"Doudoune Finland pour femme - PERLE IN\",\"isPartOf\":{\"@id\":\"https:\\\/\\\/perle-in.com\\\/#website\"},\"primaryImageOfPage\":{\"@id\":\"https:\\\/\\\/perle-in.com\\\/produit\\\/doudoune-finland-pour-femme\\\/#primaryimage\"},\"image\":{\"@id\":\"https:\\\/\\\/perle-in.com\\\/produit\\\/doudoune-finland-pour-femme\\\/#primaryimage\"},\"thumbnailUrl\":\"https:\\\/\\\/perle-in.com\\\/wp-content\\\/uploads\\\/2025\\\/10\\\/R50951N-3.jpg\",\"datePublished\":\"2025-10-15T11:43:49+00:00\",\"dateModified\":\"2025-10-19T03:48:42+00:00\",\"breadcrumb\":{\"@id\":\"https:\\\/\\\/perle-in.com\\\/produit\\\/doudoune-finland-pour-femme\\\/#breadcrumb\"},\"inLanguage\":\"en-CA\",\"potentialAction\":[{\"@type\":\"ReadAction\",\"target\":[\"https:\\\/\\\/perle-in.com\\\/produit\\\/doudoune-finland-pour-femme\\\/\"]}]},{\"@type\":\"ImageObject\",\"inLanguage\":\"en-CA\",\"@id\":\"https:\\\/\\\/perle-in.com\\\/produit\\\/doudoune-finland-pour-femme\\\/#primaryimage\",\"url\":\"https:\\\/\\\/perle-in.com\\\/wp-content\\\/uploads\\\/2025\\\/10\\\/R50951N-3.jpg\",\"contentUrl\":\"https:\\\/\\\/perle-in.com\\\/wp-content\\\/uploads\\\/2025\\\/10\\\/R50951N-3.jpg\",\"width\":1600,\"height\":1600},{\"@type\":\"BreadcrumbList\",\"@id\":\"https:\\\/\\\/perle-in.com\\\/produit\\\/doudoune-finland-pour-femme\\\/#breadcrumb\",\"itemListElement\":[{\"@type\":\"ListItem\",\"position\":1,\"name\":\"Accueil\",\"item\":\"https:\\\/\\\/perle-in.com\\\/\"},{\"@type\":\"ListItem\",\"position\":2,\"name\":\"Boutique\",\"item\":\"https:\\\/\\\/perle-in.com\\\/boutique\\\/\"},{\"@type\":\"ListItem\",\"position\":3,\"name\":\"Doudoune Finland pour femme\"}]},{\"@type\":\"WebSite\",\"@id\":\"https:\\\/\\\/perle-in.com\\\/#website\",\"url\":\"https:\\\/\\\/perle-in.com\\\/\",\"name\":\"PERLE IN\",\"description\":\"\",\"publisher\":{\"@id\":\"https:\\\/\\\/perle-in.com\\\/#organization\"},\"potentialAction\":[{\"@type\":\"SearchAction\",\"target\":{\"@type\":\"EntryPoint\",\"urlTemplate\":\"https:\\\/\\\/perle-in.com\\\/?s={search_term_string}\"},\"query-input\":{\"@type\":\"PropertyValueSpecification\",\"valueRequired\":true,\"valueName\":\"search_term_string\"}}],\"inLanguage\":\"en-CA\"},{\"@type\":\"Organization\",\"@id\":\"https:\\\/\\\/perle-in.com\\\/#organization\",\"name\":\"PERLE IN\",\"url\":\"https:\\\/\\\/perle-in.com\\\/\",\"logo\":{\"@type\":\"ImageObject\",\"inLanguage\":\"en-CA\",\"@id\":\"https:\\\/\\\/perle-in.com\\\/#\\\/schema\\\/logo\\\/image\\\/\",\"url\":\"https:\\\/\\\/perle-in.com\\\/wp-content\\\/uploads\\\/2022\\\/12\\\/LOGO-PERLE-IN-COULEUR@3x.webp\",\"contentUrl\":\"https:\\\/\\\/perle-in.com\\\/wp-content\\\/uploads\\\/2022\\\/12\\\/LOGO-PERLE-IN-COULEUR@3x.webp\",\"width\":1600,\"height\":490,\"caption\":\"PERLE IN\"},\"image\":{\"@id\":\"https:\\\/\\\/perle-in.com\\\/#\\\/schema\\\/logo\\\/image\\\/\"}}]}<\/script>\n<!-- \/ Yoast SEO plugin. -->","yoast_head_json":{"title":"Doudoune Finland pour femme - PERLE IN","robots":{"index":"noindex","follow":"follow","max-snippet":"max-snippet:-1","max-image-preview":"max-image-preview:large","max-video-preview":"max-video-preview:-1"},"og_locale":"en_US","og_type":"article","og_title":"Doudoune Finland pour femme - PERLE IN","og_description":"Veste matelass\u00e9e pour femme avec rembourrage au toucher plume. Fermetures zipp\u00e9es invers\u00e9es avec prot\u00e8ge-menton et tirette assortis. Deux poches avant avec fermetures zipp\u00e9e. Bordure \u00e9lastique assortie au col, aux poignets et \u00e0 l'ourlet. Doublure int\u00e9rieure contrast\u00e9e. Comprend un sac de transport de rangement. V\u00eatement l\u00e9ger et pliable. Coupe ajust\u00e9e. \u00c9tiquette d\u00e9tachable. R\u00e9sistante \u00e0 l'eau. Coupe-vent. Le mannequin mesure 179 cm et porte la taille S.","og_url":"https:\/\/perle-in.com\/en\/product\/doudoune-finland-pour-femme\/","og_site_name":"PERLE IN","article_modified_time":"2025-10-19T03:48:42+00:00","og_image":[{"width":1600,"height":1600,"url":"https:\/\/perle-in.com\/wp-content\/uploads\/2025\/10\/R50951N-3.jpg","type":"image\/jpeg"}],"twitter_card":"summary_large_image","schema":{"@context":"https:\/\/schema.org","@graph":[{"@type":"WebPage","@id":"https:\/\/perle-in.com\/produit\/doudoune-finland-pour-femme\/","url":"https:\/\/perle-in.com\/produit\/doudoune-finland-pour-femme\/","name":"Doudoune Finland pour femme - PERLE IN","isPartOf":{"@id":"https:\/\/perle-in.com\/#website"},"primaryImageOfPage":{"@id":"https:\/\/perle-in.com\/produit\/doudoune-finland-pour-femme\/#primaryimage"},"image":{"@id":"https:\/\/perle-in.com\/produit\/doudoune-finland-pour-femme\/#primaryimage"},"thumbnailUrl":"https:\/\/perle-in.com\/wp-content\/uploads\/2025\/10\/R50951N-3.jpg","datePublished":"2025-10-15T11:43:49+00:00","dateModified":"2025-10-19T03:48:42+00:00","breadcrumb":{"@id":"https:\/\/perle-in.com\/produit\/doudoune-finland-pour-femme\/#breadcrumb"},"inLanguage":"en-CA","potentialAction":[{"@type":"ReadAction","target":["https:\/\/perle-in.com\/produit\/doudoune-finland-pour-femme\/"]}]},{"@type":"ImageObject","inLanguage":"en-CA","@id":"https:\/\/perle-in.com\/produit\/doudoune-finland-pour-femme\/#primaryimage","url":"https:\/\/perle-in.com\/wp-content\/uploads\/2025\/10\/R50951N-3.jpg","contentUrl":"https:\/\/perle-in.com\/wp-content\/uploads\/2025\/10\/R50951N-3.jpg","width":1600,"height":1600},{"@type":"BreadcrumbList","@id":"https:\/\/perle-in.com\/produit\/doudoune-finland-pour-femme\/#breadcrumb","itemListElement":[{"@type":"ListItem","position":1,"name":"Accueil","item":"https:\/\/perle-in.com\/"},{"@type":"ListItem","position":2,"name":"Boutique","item":"https:\/\/perle-in.com\/boutique\/"},{"@type":"ListItem","position":3,"name":"Doudoune Finland pour femme"}]},{"@type":"WebSite","@id":"https:\/\/perle-in.com\/#website","url":"https:\/\/perle-in.com\/","name":"PERLE IN","description":"","publisher":{"@id":"https:\/\/perle-in.com\/#organization"},"potentialAction":[{"@type":"SearchAction","target":{"@type":"EntryPoint","urlTemplate":"https:\/\/perle-in.com\/?s={search_term_string}"},"query-input":{"@type":"PropertyValueSpecification","valueRequired":true,"valueName":"search_term_string"}}],"inLanguage":"en-CA"},{"@type":"Organization","@id":"https:\/\/perle-in.com\/#organization","name":"PERLE IN","url":"https:\/\/perle-in.com\/","logo":{"@type":"ImageObject","inLanguage":"en-CA","@id":"https:\/\/perle-in.com\/#\/schema\/logo\/image\/","url":"https:\/\/perle-in.com\/wp-content\/uploads\/2022\/12\/LOGO-PERLE-IN-COULEUR@3x.webp","contentUrl":"https:\/\/perle-in.com\/wp-content\/uploads\/2022\/12\/LOGO-PERLE-IN-COULEUR@3x.webp","width":1600,"height":490,"caption":"PERLE IN"},"image":{"@id":"https:\/\/perle-in.com\/#\/schema\/logo\/image\/"}}]}},"jetpack_sharing_enabled":true,"_links":{"self":[{"href":"https:\/\/perle-in.com\/en\/wp-json\/wp\/v2\/product\/562365","targetHints":{"allow":["GET"]}}],"collection":[{"href":"https:\/\/perle-in.com\/en\/wp-json\/wp\/v2\/product"}],"about":[{"href":"https:\/\/perle-in.com\/en\/wp-json\/wp\/v2\/types\/product"}],"version-history":[{"count":0,"href":"https:\/\/perle-in.com\/en\/wp-json\/wp\/v2\/product\/562365\/revisions"}],"wp:featuredmedia":[{"embeddable":true,"href":"https:\/\/perle-in.com\/en\/wp-json\/wp\/v2\/media\/561915"}],"wp:attachment":[{"href":"https:\/\/perle-in.com\/en\/wp-json\/wp\/v2\/media?parent=562365"}],"wp:term":[{"taxonomy":"product_brand","embeddable":true,"href":"https:\/\/perle-in.com\/en\/wp-json\/wp\/v2\/product_brand?post=562365"},{"taxonomy":"product_cat","embeddable":true,"href":"https:\/\/perle-in.com\/en\/wp-json\/wp\/v2\/product_cat?post=562365"},{"taxonomy":"product_tag","embeddable":true,"href":"https:\/\/perle-in.com\/en\/wp-json\/wp\/v2\/product_tag?post=562365"}],"curies":[{"name":"wp","href":"https:\/\/api.w.org\/{rel}","templated":true}]}}