{"id":562315,"date":"2025-10-15T13:39:33","date_gmt":"2025-10-15T11:39:33","guid":{"rendered":"https:\/\/perle-in.com\/produit\/sweat-a-capuche-vinson-en-coton-organique-unisexe\/"},"modified":"2025-10-19T05:48:42","modified_gmt":"2025-10-19T03:48:42","slug":"sweat-a-capuche-vinson-en-coton-organique-unisexe","status":"publish","type":"product","link":"https:\/\/perle-in.com\/en\/product\/sweat-a-capuche-vinson-en-coton-organique-unisexe\/","title":{"rendered":"Sweat \u00e0 capuche Vinson en coton organique unisexe"},"content":{"rendered":"","protected":false},"excerpt":{"rendered":"<p>Sweat \u00e0 capuche unisexe en coton biologique et polyester recycl\u00e9. Poche style kangourou. Doublure en jersey simple dans la capuche. Cordon de serrage rond r\u00e9glable et \u0153illets brod\u00e9s. Poignets et ceinture en tissu c\u00f4tel\u00e9 2&#215;1. \u00c9tiquette d\u00e9tachable. Emballage individuel recycl\u00e9. Le mannequin Homme mesure 185 cm et porte la taille L, le mannequin Femme mesure 168 cm et porte la taille S.<\/p>","protected":false},"featured_media":561725,"template":"","meta":{"_eb_attr":""},"product_brand":[],"product_cat":[1254,1024],"product_tag":[3445,2439],"class_list":{"0":"post-562315","1":"product","2":"type-product","3":"status-publish","4":"has-post-thumbnail","6":"product_cat-sweaters-a-capuche","7":"product_cat-vetements","8":"product_tag-roly","9":"product_tag-sweat-a-capuche","10":"pa_couleurs-blanc","11":"pa_couleurs-bleu-marine","12":"pa_couleurs-bleu-royal","13":"pa_couleurs-gris-chine","14":"pa_couleurs-noir","15":"pa_couleurs-rose-clair","16":"pa_couleurs-rouge","17":"pa_genre-unisex","18":"pa_marque-roly","19":"pa_matiere-tricot-57-coton-organique-et-8-coton-et-21-polyester-recycle-et-14-polyester-300-g-m2","20":"pa_pays-d-origine-bengladesh","21":"pa_taille-2xl","22":"pa_taille-3xl","23":"pa_taille-l","24":"pa_taille-m","25":"pa_taille-s","26":"pa_taille-xl","27":"pa_taille-xs","29":"first","30":"instock","31":"shipping-taxable","32":"purchasable","33":"product-type-variable"},"yoast_head":"<!-- This site is optimized with the Yoast SEO plugin v27.4 - https:\/\/yoast.com\/product\/yoast-seo-wordpress\/ -->\n<title>Sweat \u00e0 capuche Vinson en coton organique unisexe - PERLE IN<\/title>\n<meta name=\"robots\" content=\"noindex, follow, max-snippet:-1, max-image-preview:large, max-video-preview:-1\" \/>\n<meta property=\"og:locale\" content=\"en_US\" \/>\n<meta property=\"og:type\" content=\"article\" \/>\n<meta property=\"og:title\" content=\"Sweat \u00e0 capuche Vinson en coton organique unisexe - PERLE IN\" \/>\n<meta property=\"og:description\" content=\"Sweat \u00e0 capuche unisexe en coton biologique et polyester recycl\u00e9. Poche style kangourou. Doublure en jersey simple dans la capuche. Cordon de serrage rond r\u00e9glable et \u0153illets brod\u00e9s. Poignets et ceinture en tissu c\u00f4tel\u00e9 2x1. \u00c9tiquette d\u00e9tachable. Emballage individuel recycl\u00e9. Le mannequin Homme mesure 185 cm et porte la taille L, le mannequin Femme mesure 168 cm et porte la taille S.\" \/>\n<meta property=\"og:url\" content=\"https:\/\/perle-in.com\/en\/product\/sweat-a-capuche-vinson-en-coton-organique-unisexe\/\" \/>\n<meta property=\"og:site_name\" content=\"PERLE IN\" \/>\n<meta property=\"article:modified_time\" content=\"2025-10-19T03:48:42+00:00\" \/>\n<meta property=\"og:image\" content=\"https:\/\/perle-in.com\/wp-content\/uploads\/2025\/10\/R10741R-5.jpg\" \/>\n\t<meta property=\"og:image:width\" content=\"1600\" \/>\n\t<meta property=\"og:image:height\" content=\"1600\" \/>\n\t<meta property=\"og:image:type\" content=\"image\/jpeg\" \/>\n<meta name=\"twitter:card\" content=\"summary_large_image\" \/>\n<script type=\"application\/ld+json\" class=\"yoast-schema-graph\">{\"@context\":\"https:\\\/\\\/schema.org\",\"@graph\":[{\"@type\":\"WebPage\",\"@id\":\"https:\\\/\\\/perle-in.com\\\/produit\\\/sweat-a-capuche-vinson-en-coton-organique-unisexe\\\/\",\"url\":\"https:\\\/\\\/perle-in.com\\\/produit\\\/sweat-a-capuche-vinson-en-coton-organique-unisexe\\\/\",\"name\":\"Sweat \u00e0 capuche Vinson en coton organique unisexe - PERLE IN\",\"isPartOf\":{\"@id\":\"https:\\\/\\\/perle-in.com\\\/#website\"},\"primaryImageOfPage\":{\"@id\":\"https:\\\/\\\/perle-in.com\\\/produit\\\/sweat-a-capuche-vinson-en-coton-organique-unisexe\\\/#primaryimage\"},\"image\":{\"@id\":\"https:\\\/\\\/perle-in.com\\\/produit\\\/sweat-a-capuche-vinson-en-coton-organique-unisexe\\\/#primaryimage\"},\"thumbnailUrl\":\"https:\\\/\\\/perle-in.com\\\/wp-content\\\/uploads\\\/2025\\\/10\\\/R10741R-5.jpg\",\"datePublished\":\"2025-10-15T11:39:33+00:00\",\"dateModified\":\"2025-10-19T03:48:42+00:00\",\"breadcrumb\":{\"@id\":\"https:\\\/\\\/perle-in.com\\\/produit\\\/sweat-a-capuche-vinson-en-coton-organique-unisexe\\\/#breadcrumb\"},\"inLanguage\":\"en-CA\",\"potentialAction\":[{\"@type\":\"ReadAction\",\"target\":[\"https:\\\/\\\/perle-in.com\\\/produit\\\/sweat-a-capuche-vinson-en-coton-organique-unisexe\\\/\"]}]},{\"@type\":\"ImageObject\",\"inLanguage\":\"en-CA\",\"@id\":\"https:\\\/\\\/perle-in.com\\\/produit\\\/sweat-a-capuche-vinson-en-coton-organique-unisexe\\\/#primaryimage\",\"url\":\"https:\\\/\\\/perle-in.com\\\/wp-content\\\/uploads\\\/2025\\\/10\\\/R10741R-5.jpg\",\"contentUrl\":\"https:\\\/\\\/perle-in.com\\\/wp-content\\\/uploads\\\/2025\\\/10\\\/R10741R-5.jpg\",\"width\":1600,\"height\":1600},{\"@type\":\"BreadcrumbList\",\"@id\":\"https:\\\/\\\/perle-in.com\\\/produit\\\/sweat-a-capuche-vinson-en-coton-organique-unisexe\\\/#breadcrumb\",\"itemListElement\":[{\"@type\":\"ListItem\",\"position\":1,\"name\":\"Accueil\",\"item\":\"https:\\\/\\\/perle-in.com\\\/\"},{\"@type\":\"ListItem\",\"position\":2,\"name\":\"Boutique\",\"item\":\"https:\\\/\\\/perle-in.com\\\/boutique\\\/\"},{\"@type\":\"ListItem\",\"position\":3,\"name\":\"Sweat \u00e0 capuche Vinson en coton organique unisexe\"}]},{\"@type\":\"WebSite\",\"@id\":\"https:\\\/\\\/perle-in.com\\\/#website\",\"url\":\"https:\\\/\\\/perle-in.com\\\/\",\"name\":\"PERLE IN\",\"description\":\"\",\"publisher\":{\"@id\":\"https:\\\/\\\/perle-in.com\\\/#organization\"},\"potentialAction\":[{\"@type\":\"SearchAction\",\"target\":{\"@type\":\"EntryPoint\",\"urlTemplate\":\"https:\\\/\\\/perle-in.com\\\/?s={search_term_string}\"},\"query-input\":{\"@type\":\"PropertyValueSpecification\",\"valueRequired\":true,\"valueName\":\"search_term_string\"}}],\"inLanguage\":\"en-CA\"},{\"@type\":\"Organization\",\"@id\":\"https:\\\/\\\/perle-in.com\\\/#organization\",\"name\":\"PERLE IN\",\"url\":\"https:\\\/\\\/perle-in.com\\\/\",\"logo\":{\"@type\":\"ImageObject\",\"inLanguage\":\"en-CA\",\"@id\":\"https:\\\/\\\/perle-in.com\\\/#\\\/schema\\\/logo\\\/image\\\/\",\"url\":\"https:\\\/\\\/perle-in.com\\\/wp-content\\\/uploads\\\/2022\\\/12\\\/LOGO-PERLE-IN-COULEUR@3x.webp\",\"contentUrl\":\"https:\\\/\\\/perle-in.com\\\/wp-content\\\/uploads\\\/2022\\\/12\\\/LOGO-PERLE-IN-COULEUR@3x.webp\",\"width\":1600,\"height\":490,\"caption\":\"PERLE IN\"},\"image\":{\"@id\":\"https:\\\/\\\/perle-in.com\\\/#\\\/schema\\\/logo\\\/image\\\/\"}}]}<\/script>\n<!-- \/ Yoast SEO plugin. -->","yoast_head_json":{"title":"Sweat \u00e0 capuche Vinson en coton organique unisexe - PERLE IN","robots":{"index":"noindex","follow":"follow","max-snippet":"max-snippet:-1","max-image-preview":"max-image-preview:large","max-video-preview":"max-video-preview:-1"},"og_locale":"en_US","og_type":"article","og_title":"Sweat \u00e0 capuche Vinson en coton organique unisexe - PERLE IN","og_description":"Sweat \u00e0 capuche unisexe en coton biologique et polyester recycl\u00e9. Poche style kangourou. Doublure en jersey simple dans la capuche. Cordon de serrage rond r\u00e9glable et \u0153illets brod\u00e9s. Poignets et ceinture en tissu c\u00f4tel\u00e9 2x1. \u00c9tiquette d\u00e9tachable. Emballage individuel recycl\u00e9. Le mannequin Homme mesure 185 cm et porte la taille L, le mannequin Femme mesure 168 cm et porte la taille S.","og_url":"https:\/\/perle-in.com\/en\/product\/sweat-a-capuche-vinson-en-coton-organique-unisexe\/","og_site_name":"PERLE IN","article_modified_time":"2025-10-19T03:48:42+00:00","og_image":[{"width":1600,"height":1600,"url":"https:\/\/perle-in.com\/wp-content\/uploads\/2025\/10\/R10741R-5.jpg","type":"image\/jpeg"}],"twitter_card":"summary_large_image","schema":{"@context":"https:\/\/schema.org","@graph":[{"@type":"WebPage","@id":"https:\/\/perle-in.com\/produit\/sweat-a-capuche-vinson-en-coton-organique-unisexe\/","url":"https:\/\/perle-in.com\/produit\/sweat-a-capuche-vinson-en-coton-organique-unisexe\/","name":"Sweat \u00e0 capuche Vinson en coton organique unisexe - PERLE IN","isPartOf":{"@id":"https:\/\/perle-in.com\/#website"},"primaryImageOfPage":{"@id":"https:\/\/perle-in.com\/produit\/sweat-a-capuche-vinson-en-coton-organique-unisexe\/#primaryimage"},"image":{"@id":"https:\/\/perle-in.com\/produit\/sweat-a-capuche-vinson-en-coton-organique-unisexe\/#primaryimage"},"thumbnailUrl":"https:\/\/perle-in.com\/wp-content\/uploads\/2025\/10\/R10741R-5.jpg","datePublished":"2025-10-15T11:39:33+00:00","dateModified":"2025-10-19T03:48:42+00:00","breadcrumb":{"@id":"https:\/\/perle-in.com\/produit\/sweat-a-capuche-vinson-en-coton-organique-unisexe\/#breadcrumb"},"inLanguage":"en-CA","potentialAction":[{"@type":"ReadAction","target":["https:\/\/perle-in.com\/produit\/sweat-a-capuche-vinson-en-coton-organique-unisexe\/"]}]},{"@type":"ImageObject","inLanguage":"en-CA","@id":"https:\/\/perle-in.com\/produit\/sweat-a-capuche-vinson-en-coton-organique-unisexe\/#primaryimage","url":"https:\/\/perle-in.com\/wp-content\/uploads\/2025\/10\/R10741R-5.jpg","contentUrl":"https:\/\/perle-in.com\/wp-content\/uploads\/2025\/10\/R10741R-5.jpg","width":1600,"height":1600},{"@type":"BreadcrumbList","@id":"https:\/\/perle-in.com\/produit\/sweat-a-capuche-vinson-en-coton-organique-unisexe\/#breadcrumb","itemListElement":[{"@type":"ListItem","position":1,"name":"Accueil","item":"https:\/\/perle-in.com\/"},{"@type":"ListItem","position":2,"name":"Boutique","item":"https:\/\/perle-in.com\/boutique\/"},{"@type":"ListItem","position":3,"name":"Sweat \u00e0 capuche Vinson en coton organique unisexe"}]},{"@type":"WebSite","@id":"https:\/\/perle-in.com\/#website","url":"https:\/\/perle-in.com\/","name":"PERLE IN","description":"","publisher":{"@id":"https:\/\/perle-in.com\/#organization"},"potentialAction":[{"@type":"SearchAction","target":{"@type":"EntryPoint","urlTemplate":"https:\/\/perle-in.com\/?s={search_term_string}"},"query-input":{"@type":"PropertyValueSpecification","valueRequired":true,"valueName":"search_term_string"}}],"inLanguage":"en-CA"},{"@type":"Organization","@id":"https:\/\/perle-in.com\/#organization","name":"PERLE IN","url":"https:\/\/perle-in.com\/","logo":{"@type":"ImageObject","inLanguage":"en-CA","@id":"https:\/\/perle-in.com\/#\/schema\/logo\/image\/","url":"https:\/\/perle-in.com\/wp-content\/uploads\/2022\/12\/LOGO-PERLE-IN-COULEUR@3x.webp","contentUrl":"https:\/\/perle-in.com\/wp-content\/uploads\/2022\/12\/LOGO-PERLE-IN-COULEUR@3x.webp","width":1600,"height":490,"caption":"PERLE IN"},"image":{"@id":"https:\/\/perle-in.com\/#\/schema\/logo\/image\/"}}]}},"jetpack_sharing_enabled":true,"_links":{"self":[{"href":"https:\/\/perle-in.com\/en\/wp-json\/wp\/v2\/product\/562315","targetHints":{"allow":["GET"]}}],"collection":[{"href":"https:\/\/perle-in.com\/en\/wp-json\/wp\/v2\/product"}],"about":[{"href":"https:\/\/perle-in.com\/en\/wp-json\/wp\/v2\/types\/product"}],"version-history":[{"count":0,"href":"https:\/\/perle-in.com\/en\/wp-json\/wp\/v2\/product\/562315\/revisions"}],"wp:featuredmedia":[{"embeddable":true,"href":"https:\/\/perle-in.com\/en\/wp-json\/wp\/v2\/media\/561725"}],"wp:attachment":[{"href":"https:\/\/perle-in.com\/en\/wp-json\/wp\/v2\/media?parent=562315"}],"wp:term":[{"taxonomy":"product_brand","embeddable":true,"href":"https:\/\/perle-in.com\/en\/wp-json\/wp\/v2\/product_brand?post=562315"},{"taxonomy":"product_cat","embeddable":true,"href":"https:\/\/perle-in.com\/en\/wp-json\/wp\/v2\/product_cat?post=562315"},{"taxonomy":"product_tag","embeddable":true,"href":"https:\/\/perle-in.com\/en\/wp-json\/wp\/v2\/product_tag?post=562315"}],"curies":[{"name":"wp","href":"https:\/\/api.w.org\/{rel}","templated":true}]}}