{"id":557835,"date":"2025-10-15T10:30:52","date_gmt":"2025-10-15T08:30:52","guid":{"rendered":"https:\/\/perle-in.com\/produit\/impermeable-sitka-pour-homme\/"},"modified":"2025-10-19T05:48:37","modified_gmt":"2025-10-19T03:48:37","slug":"impermeable-sitka-pour-homme","status":"publish","type":"product","link":"https:\/\/perle-in.com\/en\/product\/impermeable-sitka-pour-homme\/","title":{"rendered":"Imperm\u00e9able Sitka pour homme"},"content":{"rendered":"","protected":false},"excerpt":{"rendered":"<p>Veste imperm\u00e9able. Capuche avec visi\u00e8re. Fermetures zipp\u00e9es et coutures thermoscell\u00e9es. D\u00e9tails contrast\u00e9s en noir. Deux poches lat\u00e9rales avec fermeture zipp\u00e9e. Fente sur l&#8217;ourlet arri\u00e8re. \u00c9tiquette d\u00e9tachable. Imperm\u00e9able. Le mannequin mesure 185 cm et porte la taille M.<\/p>","protected":false},"featured_media":557811,"template":"","meta":{"_eb_attr":""},"product_brand":[],"product_cat":[1260,1024],"product_tag":[254,248,3445,3519],"class_list":{"0":"post-557835","1":"product","2":"type-product","3":"status-publish","4":"has-post-thumbnail","6":"product_cat-jackets","7":"product_cat-vetements","8":"product_tag-impermeable","9":"product_tag-pluie","10":"product_tag-roly","11":"product_tag-veste-de-pluie","12":"pa_couleurs-bleu-marine","13":"pa_couleurs-noir","14":"pa_couleurs-vert-militaire-fonce","15":"pa_genre-male","16":"pa_marque-roly","17":"pa_matiere-polyurethaan-100-polyester-210-g-m2","18":"pa_taille-2xl","19":"pa_taille-3xl","20":"pa_taille-l","21":"pa_taille-m","22":"pa_taille-s","23":"pa_taille-xl","25":"first","26":"instock","27":"shipping-taxable","28":"purchasable","29":"product-type-variable"},"yoast_head":"<!-- This site is optimized with the Yoast SEO plugin v27.4 - https:\/\/yoast.com\/product\/yoast-seo-wordpress\/ -->\n<title>Imperm\u00e9able Sitka pour homme - PERLE IN<\/title>\n<meta name=\"robots\" content=\"noindex, follow, max-snippet:-1, max-image-preview:large, max-video-preview:-1\" \/>\n<meta property=\"og:locale\" content=\"en_US\" \/>\n<meta property=\"og:type\" content=\"article\" \/>\n<meta property=\"og:title\" content=\"Imperm\u00e9able Sitka pour homme - PERLE IN\" \/>\n<meta property=\"og:description\" content=\"Veste imperm\u00e9able. Capuche avec visi\u00e8re. Fermetures zipp\u00e9es et coutures thermoscell\u00e9es. D\u00e9tails contrast\u00e9s en noir. Deux poches lat\u00e9rales avec fermeture zipp\u00e9e. Fente sur l&#039;ourlet arri\u00e8re. \u00c9tiquette d\u00e9tachable. Imperm\u00e9able. Le mannequin mesure 185 cm et porte la taille M.\" \/>\n<meta property=\"og:url\" content=\"https:\/\/perle-in.com\/en\/product\/impermeable-sitka-pour-homme\/\" \/>\n<meta property=\"og:site_name\" content=\"PERLE IN\" \/>\n<meta property=\"article:modified_time\" content=\"2025-10-19T03:48:37+00:00\" \/>\n<meta property=\"og:image\" content=\"https:\/\/perle-in.com\/wp-content\/uploads\/2025\/10\/R52011R-1.jpg\" \/>\n\t<meta property=\"og:image:width\" content=\"1600\" \/>\n\t<meta property=\"og:image:height\" content=\"1600\" \/>\n\t<meta property=\"og:image:type\" content=\"image\/jpeg\" \/>\n<meta name=\"twitter:card\" content=\"summary_large_image\" \/>\n<script type=\"application\/ld+json\" class=\"yoast-schema-graph\">{\"@context\":\"https:\\\/\\\/schema.org\",\"@graph\":[{\"@type\":\"WebPage\",\"@id\":\"https:\\\/\\\/perle-in.com\\\/produit\\\/impermeable-sitka-pour-homme\\\/\",\"url\":\"https:\\\/\\\/perle-in.com\\\/produit\\\/impermeable-sitka-pour-homme\\\/\",\"name\":\"Imperm\u00e9able Sitka pour homme - PERLE IN\",\"isPartOf\":{\"@id\":\"https:\\\/\\\/perle-in.com\\\/#website\"},\"primaryImageOfPage\":{\"@id\":\"https:\\\/\\\/perle-in.com\\\/produit\\\/impermeable-sitka-pour-homme\\\/#primaryimage\"},\"image\":{\"@id\":\"https:\\\/\\\/perle-in.com\\\/produit\\\/impermeable-sitka-pour-homme\\\/#primaryimage\"},\"thumbnailUrl\":\"https:\\\/\\\/perle-in.com\\\/wp-content\\\/uploads\\\/2025\\\/10\\\/R52011R-1.jpg\",\"datePublished\":\"2025-10-15T08:30:52+00:00\",\"dateModified\":\"2025-10-19T03:48:37+00:00\",\"breadcrumb\":{\"@id\":\"https:\\\/\\\/perle-in.com\\\/produit\\\/impermeable-sitka-pour-homme\\\/#breadcrumb\"},\"inLanguage\":\"en-CA\",\"potentialAction\":[{\"@type\":\"ReadAction\",\"target\":[\"https:\\\/\\\/perle-in.com\\\/produit\\\/impermeable-sitka-pour-homme\\\/\"]}]},{\"@type\":\"ImageObject\",\"inLanguage\":\"en-CA\",\"@id\":\"https:\\\/\\\/perle-in.com\\\/produit\\\/impermeable-sitka-pour-homme\\\/#primaryimage\",\"url\":\"https:\\\/\\\/perle-in.com\\\/wp-content\\\/uploads\\\/2025\\\/10\\\/R52011R-1.jpg\",\"contentUrl\":\"https:\\\/\\\/perle-in.com\\\/wp-content\\\/uploads\\\/2025\\\/10\\\/R52011R-1.jpg\",\"width\":1600,\"height\":1600},{\"@type\":\"BreadcrumbList\",\"@id\":\"https:\\\/\\\/perle-in.com\\\/produit\\\/impermeable-sitka-pour-homme\\\/#breadcrumb\",\"itemListElement\":[{\"@type\":\"ListItem\",\"position\":1,\"name\":\"Accueil\",\"item\":\"https:\\\/\\\/perle-in.com\\\/\"},{\"@type\":\"ListItem\",\"position\":2,\"name\":\"Boutique\",\"item\":\"https:\\\/\\\/perle-in.com\\\/boutique\\\/\"},{\"@type\":\"ListItem\",\"position\":3,\"name\":\"Imperm\u00e9able Sitka pour homme\"}]},{\"@type\":\"WebSite\",\"@id\":\"https:\\\/\\\/perle-in.com\\\/#website\",\"url\":\"https:\\\/\\\/perle-in.com\\\/\",\"name\":\"PERLE IN\",\"description\":\"\",\"publisher\":{\"@id\":\"https:\\\/\\\/perle-in.com\\\/#organization\"},\"potentialAction\":[{\"@type\":\"SearchAction\",\"target\":{\"@type\":\"EntryPoint\",\"urlTemplate\":\"https:\\\/\\\/perle-in.com\\\/?s={search_term_string}\"},\"query-input\":{\"@type\":\"PropertyValueSpecification\",\"valueRequired\":true,\"valueName\":\"search_term_string\"}}],\"inLanguage\":\"en-CA\"},{\"@type\":\"Organization\",\"@id\":\"https:\\\/\\\/perle-in.com\\\/#organization\",\"name\":\"PERLE IN\",\"url\":\"https:\\\/\\\/perle-in.com\\\/\",\"logo\":{\"@type\":\"ImageObject\",\"inLanguage\":\"en-CA\",\"@id\":\"https:\\\/\\\/perle-in.com\\\/#\\\/schema\\\/logo\\\/image\\\/\",\"url\":\"https:\\\/\\\/perle-in.com\\\/wp-content\\\/uploads\\\/2022\\\/12\\\/LOGO-PERLE-IN-COULEUR@3x.webp\",\"contentUrl\":\"https:\\\/\\\/perle-in.com\\\/wp-content\\\/uploads\\\/2022\\\/12\\\/LOGO-PERLE-IN-COULEUR@3x.webp\",\"width\":1600,\"height\":490,\"caption\":\"PERLE IN\"},\"image\":{\"@id\":\"https:\\\/\\\/perle-in.com\\\/#\\\/schema\\\/logo\\\/image\\\/\"}}]}<\/script>\n<!-- \/ Yoast SEO plugin. -->","yoast_head_json":{"title":"Imperm\u00e9able Sitka pour homme - PERLE IN","robots":{"index":"noindex","follow":"follow","max-snippet":"max-snippet:-1","max-image-preview":"max-image-preview:large","max-video-preview":"max-video-preview:-1"},"og_locale":"en_US","og_type":"article","og_title":"Imperm\u00e9able Sitka pour homme - PERLE IN","og_description":"Veste imperm\u00e9able. Capuche avec visi\u00e8re. Fermetures zipp\u00e9es et coutures thermoscell\u00e9es. D\u00e9tails contrast\u00e9s en noir. Deux poches lat\u00e9rales avec fermeture zipp\u00e9e. Fente sur l'ourlet arri\u00e8re. \u00c9tiquette d\u00e9tachable. Imperm\u00e9able. Le mannequin mesure 185 cm et porte la taille M.","og_url":"https:\/\/perle-in.com\/en\/product\/impermeable-sitka-pour-homme\/","og_site_name":"PERLE IN","article_modified_time":"2025-10-19T03:48:37+00:00","og_image":[{"width":1600,"height":1600,"url":"https:\/\/perle-in.com\/wp-content\/uploads\/2025\/10\/R52011R-1.jpg","type":"image\/jpeg"}],"twitter_card":"summary_large_image","schema":{"@context":"https:\/\/schema.org","@graph":[{"@type":"WebPage","@id":"https:\/\/perle-in.com\/produit\/impermeable-sitka-pour-homme\/","url":"https:\/\/perle-in.com\/produit\/impermeable-sitka-pour-homme\/","name":"Imperm\u00e9able Sitka pour homme - PERLE IN","isPartOf":{"@id":"https:\/\/perle-in.com\/#website"},"primaryImageOfPage":{"@id":"https:\/\/perle-in.com\/produit\/impermeable-sitka-pour-homme\/#primaryimage"},"image":{"@id":"https:\/\/perle-in.com\/produit\/impermeable-sitka-pour-homme\/#primaryimage"},"thumbnailUrl":"https:\/\/perle-in.com\/wp-content\/uploads\/2025\/10\/R52011R-1.jpg","datePublished":"2025-10-15T08:30:52+00:00","dateModified":"2025-10-19T03:48:37+00:00","breadcrumb":{"@id":"https:\/\/perle-in.com\/produit\/impermeable-sitka-pour-homme\/#breadcrumb"},"inLanguage":"en-CA","potentialAction":[{"@type":"ReadAction","target":["https:\/\/perle-in.com\/produit\/impermeable-sitka-pour-homme\/"]}]},{"@type":"ImageObject","inLanguage":"en-CA","@id":"https:\/\/perle-in.com\/produit\/impermeable-sitka-pour-homme\/#primaryimage","url":"https:\/\/perle-in.com\/wp-content\/uploads\/2025\/10\/R52011R-1.jpg","contentUrl":"https:\/\/perle-in.com\/wp-content\/uploads\/2025\/10\/R52011R-1.jpg","width":1600,"height":1600},{"@type":"BreadcrumbList","@id":"https:\/\/perle-in.com\/produit\/impermeable-sitka-pour-homme\/#breadcrumb","itemListElement":[{"@type":"ListItem","position":1,"name":"Accueil","item":"https:\/\/perle-in.com\/"},{"@type":"ListItem","position":2,"name":"Boutique","item":"https:\/\/perle-in.com\/boutique\/"},{"@type":"ListItem","position":3,"name":"Imperm\u00e9able Sitka pour homme"}]},{"@type":"WebSite","@id":"https:\/\/perle-in.com\/#website","url":"https:\/\/perle-in.com\/","name":"PERLE IN","description":"","publisher":{"@id":"https:\/\/perle-in.com\/#organization"},"potentialAction":[{"@type":"SearchAction","target":{"@type":"EntryPoint","urlTemplate":"https:\/\/perle-in.com\/?s={search_term_string}"},"query-input":{"@type":"PropertyValueSpecification","valueRequired":true,"valueName":"search_term_string"}}],"inLanguage":"en-CA"},{"@type":"Organization","@id":"https:\/\/perle-in.com\/#organization","name":"PERLE IN","url":"https:\/\/perle-in.com\/","logo":{"@type":"ImageObject","inLanguage":"en-CA","@id":"https:\/\/perle-in.com\/#\/schema\/logo\/image\/","url":"https:\/\/perle-in.com\/wp-content\/uploads\/2022\/12\/LOGO-PERLE-IN-COULEUR@3x.webp","contentUrl":"https:\/\/perle-in.com\/wp-content\/uploads\/2022\/12\/LOGO-PERLE-IN-COULEUR@3x.webp","width":1600,"height":490,"caption":"PERLE IN"},"image":{"@id":"https:\/\/perle-in.com\/#\/schema\/logo\/image\/"}}]}},"jetpack_sharing_enabled":true,"_links":{"self":[{"href":"https:\/\/perle-in.com\/en\/wp-json\/wp\/v2\/product\/557835","targetHints":{"allow":["GET"]}}],"collection":[{"href":"https:\/\/perle-in.com\/en\/wp-json\/wp\/v2\/product"}],"about":[{"href":"https:\/\/perle-in.com\/en\/wp-json\/wp\/v2\/types\/product"}],"version-history":[{"count":0,"href":"https:\/\/perle-in.com\/en\/wp-json\/wp\/v2\/product\/557835\/revisions"}],"wp:featuredmedia":[{"embeddable":true,"href":"https:\/\/perle-in.com\/en\/wp-json\/wp\/v2\/media\/557811"}],"wp:attachment":[{"href":"https:\/\/perle-in.com\/en\/wp-json\/wp\/v2\/media?parent=557835"}],"wp:term":[{"taxonomy":"product_brand","embeddable":true,"href":"https:\/\/perle-in.com\/en\/wp-json\/wp\/v2\/product_brand?post=557835"},{"taxonomy":"product_cat","embeddable":true,"href":"https:\/\/perle-in.com\/en\/wp-json\/wp\/v2\/product_cat?post=557835"},{"taxonomy":"product_tag","embeddable":true,"href":"https:\/\/perle-in.com\/en\/wp-json\/wp\/v2\/product_tag?post=557835"}],"curies":[{"name":"wp","href":"https:\/\/api.w.org\/{rel}","templated":true}]}}