{"id":557768,"date":"2025-10-15T10:27:20","date_gmt":"2025-10-15T08:27:20","guid":{"rendered":"https:\/\/perle-in.com\/produit\/veste-softshell-siberia-unisexe\/"},"modified":"2025-10-19T05:48:36","modified_gmt":"2025-10-19T03:48:36","slug":"veste-softshell-siberia-unisexe","status":"publish","type":"product","link":"https:\/\/perle-in.com\/en\/product\/veste-softshell-siberia-unisexe\/","title":{"rendered":"Veste softshell Siberia unisexe"},"content":{"rendered":"","protected":false},"excerpt":{"rendered":"<p>Softshell 2\u00a0couches en coupe sport. Fermeture zipp\u00e9e centrale contrast\u00e9e avec prot\u00e8ge-menton et tirette. Doublure int\u00e9rieure en tissu micropolaire contrast\u00e9. Poche ext\u00e9rieure sur la poitrine droite avec fermeture zipp\u00e9e invisible en forme de diagonale. Deux poches lat\u00e9rales avec fermeture zipp\u00e9e invisible. Poche sur la manche gauche. Bordure \u00e9lastique assortie aux poignets et \u00e0 l&#8217;ourlet. Capuche pliable avec doublure micropolaire contrast\u00e9e. \u00c9tiquette d\u00e9tachable. Imperm\u00e9able. Coupe-vent. Le mannequin Homme mesure 185 cm et porte la taille M, le mannequin Femme mesure 174 cm et porte la taille S.<\/p>","protected":false},"featured_media":557719,"template":"","meta":{"_eb_attr":""},"product_brand":[],"product_cat":[1260,1024],"product_tag":[3445,2460,2548,2549],"class_list":{"0":"post-557768","1":"product","2":"type-product","3":"status-publish","4":"has-post-thumbnail","6":"product_cat-jackets","7":"product_cat-vetements","8":"product_tag-roly","9":"product_tag-softshell","10":"product_tag-veste","11":"product_tag-vestes","12":"pa_couleurs-bleu-marine","13":"pa_couleurs-bleu-royal","14":"pa_couleurs-noir","15":"pa_couleurs-orange-vermillon","16":"pa_couleurs-rouge","17":"pa_couleurs-vert-bouteille","18":"pa_genre-unisex","19":"pa_marque-roly","20":"pa_matiere-tisse-92-polyester-et-8-elasthanne-300-g-m2-lining-micropolaire-100-polyester","21":"pa_pays-d-origine-bengladesh","22":"pa_taille-2xl","23":"pa_taille-3xl","24":"pa_taille-l","25":"pa_taille-m","26":"pa_taille-s","27":"pa_taille-xl","28":"pa_taille-xs","30":"first","31":"instock","32":"shipping-taxable","33":"purchasable","34":"product-type-variable"},"yoast_head":"<!-- This site is optimized with the Yoast SEO plugin v27.4 - https:\/\/yoast.com\/product\/yoast-seo-wordpress\/ -->\n<title>Veste softshell Siberia unisexe - PERLE IN<\/title>\n<meta name=\"robots\" content=\"noindex, follow, max-snippet:-1, max-image-preview:large, max-video-preview:-1\" \/>\n<meta property=\"og:locale\" content=\"en_US\" \/>\n<meta property=\"og:type\" content=\"article\" \/>\n<meta property=\"og:title\" content=\"Veste softshell Siberia unisexe - PERLE IN\" \/>\n<meta property=\"og:description\" content=\"Softshell 2\u00a0couches en coupe sport. Fermeture zipp\u00e9e centrale contrast\u00e9e avec prot\u00e8ge-menton et tirette. Doublure int\u00e9rieure en tissu micropolaire contrast\u00e9. Poche ext\u00e9rieure sur la poitrine droite avec fermeture zipp\u00e9e invisible en forme de diagonale. Deux poches lat\u00e9rales avec fermeture zipp\u00e9e invisible. Poche sur la manche gauche. Bordure \u00e9lastique assortie aux poignets et \u00e0 l&#039;ourlet. Capuche pliable avec doublure micropolaire contrast\u00e9e. \u00c9tiquette d\u00e9tachable. Imperm\u00e9able. Coupe-vent. Le mannequin Homme mesure 185 cm et porte la taille M, le mannequin Femme mesure 174 cm et porte la taille S.\" \/>\n<meta property=\"og:url\" content=\"https:\/\/perle-in.com\/en\/product\/veste-softshell-siberia-unisexe\/\" \/>\n<meta property=\"og:site_name\" content=\"PERLE IN\" \/>\n<meta property=\"article:modified_time\" content=\"2025-10-19T03:48:36+00:00\" \/>\n<meta property=\"og:image\" content=\"https:\/\/perle-in.com\/wp-content\/uploads\/2025\/10\/R64281R-1.jpg\" \/>\n\t<meta property=\"og:image:width\" content=\"1600\" \/>\n\t<meta property=\"og:image:height\" content=\"1600\" \/>\n\t<meta property=\"og:image:type\" content=\"image\/jpeg\" \/>\n<meta name=\"twitter:card\" content=\"summary_large_image\" \/>\n<script type=\"application\/ld+json\" class=\"yoast-schema-graph\">{\"@context\":\"https:\\\/\\\/schema.org\",\"@graph\":[{\"@type\":\"WebPage\",\"@id\":\"https:\\\/\\\/perle-in.com\\\/produit\\\/veste-softshell-siberia-unisexe\\\/\",\"url\":\"https:\\\/\\\/perle-in.com\\\/produit\\\/veste-softshell-siberia-unisexe\\\/\",\"name\":\"Veste softshell Siberia unisexe - PERLE IN\",\"isPartOf\":{\"@id\":\"https:\\\/\\\/perle-in.com\\\/#website\"},\"primaryImageOfPage\":{\"@id\":\"https:\\\/\\\/perle-in.com\\\/produit\\\/veste-softshell-siberia-unisexe\\\/#primaryimage\"},\"image\":{\"@id\":\"https:\\\/\\\/perle-in.com\\\/produit\\\/veste-softshell-siberia-unisexe\\\/#primaryimage\"},\"thumbnailUrl\":\"https:\\\/\\\/perle-in.com\\\/wp-content\\\/uploads\\\/2025\\\/10\\\/R64281R-1.jpg\",\"datePublished\":\"2025-10-15T08:27:20+00:00\",\"dateModified\":\"2025-10-19T03:48:36+00:00\",\"breadcrumb\":{\"@id\":\"https:\\\/\\\/perle-in.com\\\/produit\\\/veste-softshell-siberia-unisexe\\\/#breadcrumb\"},\"inLanguage\":\"en-CA\",\"potentialAction\":[{\"@type\":\"ReadAction\",\"target\":[\"https:\\\/\\\/perle-in.com\\\/produit\\\/veste-softshell-siberia-unisexe\\\/\"]}]},{\"@type\":\"ImageObject\",\"inLanguage\":\"en-CA\",\"@id\":\"https:\\\/\\\/perle-in.com\\\/produit\\\/veste-softshell-siberia-unisexe\\\/#primaryimage\",\"url\":\"https:\\\/\\\/perle-in.com\\\/wp-content\\\/uploads\\\/2025\\\/10\\\/R64281R-1.jpg\",\"contentUrl\":\"https:\\\/\\\/perle-in.com\\\/wp-content\\\/uploads\\\/2025\\\/10\\\/R64281R-1.jpg\",\"width\":1600,\"height\":1600},{\"@type\":\"BreadcrumbList\",\"@id\":\"https:\\\/\\\/perle-in.com\\\/produit\\\/veste-softshell-siberia-unisexe\\\/#breadcrumb\",\"itemListElement\":[{\"@type\":\"ListItem\",\"position\":1,\"name\":\"Accueil\",\"item\":\"https:\\\/\\\/perle-in.com\\\/\"},{\"@type\":\"ListItem\",\"position\":2,\"name\":\"Boutique\",\"item\":\"https:\\\/\\\/perle-in.com\\\/boutique\\\/\"},{\"@type\":\"ListItem\",\"position\":3,\"name\":\"Veste softshell Siberia unisexe\"}]},{\"@type\":\"WebSite\",\"@id\":\"https:\\\/\\\/perle-in.com\\\/#website\",\"url\":\"https:\\\/\\\/perle-in.com\\\/\",\"name\":\"PERLE IN\",\"description\":\"\",\"publisher\":{\"@id\":\"https:\\\/\\\/perle-in.com\\\/#organization\"},\"potentialAction\":[{\"@type\":\"SearchAction\",\"target\":{\"@type\":\"EntryPoint\",\"urlTemplate\":\"https:\\\/\\\/perle-in.com\\\/?s={search_term_string}\"},\"query-input\":{\"@type\":\"PropertyValueSpecification\",\"valueRequired\":true,\"valueName\":\"search_term_string\"}}],\"inLanguage\":\"en-CA\"},{\"@type\":\"Organization\",\"@id\":\"https:\\\/\\\/perle-in.com\\\/#organization\",\"name\":\"PERLE IN\",\"url\":\"https:\\\/\\\/perle-in.com\\\/\",\"logo\":{\"@type\":\"ImageObject\",\"inLanguage\":\"en-CA\",\"@id\":\"https:\\\/\\\/perle-in.com\\\/#\\\/schema\\\/logo\\\/image\\\/\",\"url\":\"https:\\\/\\\/perle-in.com\\\/wp-content\\\/uploads\\\/2022\\\/12\\\/LOGO-PERLE-IN-COULEUR@3x.webp\",\"contentUrl\":\"https:\\\/\\\/perle-in.com\\\/wp-content\\\/uploads\\\/2022\\\/12\\\/LOGO-PERLE-IN-COULEUR@3x.webp\",\"width\":1600,\"height\":490,\"caption\":\"PERLE IN\"},\"image\":{\"@id\":\"https:\\\/\\\/perle-in.com\\\/#\\\/schema\\\/logo\\\/image\\\/\"}}]}<\/script>\n<!-- \/ Yoast SEO plugin. -->","yoast_head_json":{"title":"Veste softshell Siberia unisexe - PERLE IN","robots":{"index":"noindex","follow":"follow","max-snippet":"max-snippet:-1","max-image-preview":"max-image-preview:large","max-video-preview":"max-video-preview:-1"},"og_locale":"en_US","og_type":"article","og_title":"Veste softshell Siberia unisexe - PERLE IN","og_description":"Softshell 2\u00a0couches en coupe sport. Fermeture zipp\u00e9e centrale contrast\u00e9e avec prot\u00e8ge-menton et tirette. Doublure int\u00e9rieure en tissu micropolaire contrast\u00e9. Poche ext\u00e9rieure sur la poitrine droite avec fermeture zipp\u00e9e invisible en forme de diagonale. Deux poches lat\u00e9rales avec fermeture zipp\u00e9e invisible. Poche sur la manche gauche. Bordure \u00e9lastique assortie aux poignets et \u00e0 l'ourlet. Capuche pliable avec doublure micropolaire contrast\u00e9e. \u00c9tiquette d\u00e9tachable. Imperm\u00e9able. Coupe-vent. Le mannequin Homme mesure 185 cm et porte la taille M, le mannequin Femme mesure 174 cm et porte la taille S.","og_url":"https:\/\/perle-in.com\/en\/product\/veste-softshell-siberia-unisexe\/","og_site_name":"PERLE IN","article_modified_time":"2025-10-19T03:48:36+00:00","og_image":[{"width":1600,"height":1600,"url":"https:\/\/perle-in.com\/wp-content\/uploads\/2025\/10\/R64281R-1.jpg","type":"image\/jpeg"}],"twitter_card":"summary_large_image","schema":{"@context":"https:\/\/schema.org","@graph":[{"@type":"WebPage","@id":"https:\/\/perle-in.com\/produit\/veste-softshell-siberia-unisexe\/","url":"https:\/\/perle-in.com\/produit\/veste-softshell-siberia-unisexe\/","name":"Veste softshell Siberia unisexe - PERLE IN","isPartOf":{"@id":"https:\/\/perle-in.com\/#website"},"primaryImageOfPage":{"@id":"https:\/\/perle-in.com\/produit\/veste-softshell-siberia-unisexe\/#primaryimage"},"image":{"@id":"https:\/\/perle-in.com\/produit\/veste-softshell-siberia-unisexe\/#primaryimage"},"thumbnailUrl":"https:\/\/perle-in.com\/wp-content\/uploads\/2025\/10\/R64281R-1.jpg","datePublished":"2025-10-15T08:27:20+00:00","dateModified":"2025-10-19T03:48:36+00:00","breadcrumb":{"@id":"https:\/\/perle-in.com\/produit\/veste-softshell-siberia-unisexe\/#breadcrumb"},"inLanguage":"en-CA","potentialAction":[{"@type":"ReadAction","target":["https:\/\/perle-in.com\/produit\/veste-softshell-siberia-unisexe\/"]}]},{"@type":"ImageObject","inLanguage":"en-CA","@id":"https:\/\/perle-in.com\/produit\/veste-softshell-siberia-unisexe\/#primaryimage","url":"https:\/\/perle-in.com\/wp-content\/uploads\/2025\/10\/R64281R-1.jpg","contentUrl":"https:\/\/perle-in.com\/wp-content\/uploads\/2025\/10\/R64281R-1.jpg","width":1600,"height":1600},{"@type":"BreadcrumbList","@id":"https:\/\/perle-in.com\/produit\/veste-softshell-siberia-unisexe\/#breadcrumb","itemListElement":[{"@type":"ListItem","position":1,"name":"Accueil","item":"https:\/\/perle-in.com\/"},{"@type":"ListItem","position":2,"name":"Boutique","item":"https:\/\/perle-in.com\/boutique\/"},{"@type":"ListItem","position":3,"name":"Veste softshell Siberia unisexe"}]},{"@type":"WebSite","@id":"https:\/\/perle-in.com\/#website","url":"https:\/\/perle-in.com\/","name":"PERLE IN","description":"","publisher":{"@id":"https:\/\/perle-in.com\/#organization"},"potentialAction":[{"@type":"SearchAction","target":{"@type":"EntryPoint","urlTemplate":"https:\/\/perle-in.com\/?s={search_term_string}"},"query-input":{"@type":"PropertyValueSpecification","valueRequired":true,"valueName":"search_term_string"}}],"inLanguage":"en-CA"},{"@type":"Organization","@id":"https:\/\/perle-in.com\/#organization","name":"PERLE IN","url":"https:\/\/perle-in.com\/","logo":{"@type":"ImageObject","inLanguage":"en-CA","@id":"https:\/\/perle-in.com\/#\/schema\/logo\/image\/","url":"https:\/\/perle-in.com\/wp-content\/uploads\/2022\/12\/LOGO-PERLE-IN-COULEUR@3x.webp","contentUrl":"https:\/\/perle-in.com\/wp-content\/uploads\/2022\/12\/LOGO-PERLE-IN-COULEUR@3x.webp","width":1600,"height":490,"caption":"PERLE IN"},"image":{"@id":"https:\/\/perle-in.com\/#\/schema\/logo\/image\/"}}]}},"jetpack_sharing_enabled":true,"_links":{"self":[{"href":"https:\/\/perle-in.com\/en\/wp-json\/wp\/v2\/product\/557768","targetHints":{"allow":["GET"]}}],"collection":[{"href":"https:\/\/perle-in.com\/en\/wp-json\/wp\/v2\/product"}],"about":[{"href":"https:\/\/perle-in.com\/en\/wp-json\/wp\/v2\/types\/product"}],"version-history":[{"count":0,"href":"https:\/\/perle-in.com\/en\/wp-json\/wp\/v2\/product\/557768\/revisions"}],"wp:featuredmedia":[{"embeddable":true,"href":"https:\/\/perle-in.com\/en\/wp-json\/wp\/v2\/media\/557719"}],"wp:attachment":[{"href":"https:\/\/perle-in.com\/en\/wp-json\/wp\/v2\/media?parent=557768"}],"wp:term":[{"taxonomy":"product_brand","embeddable":true,"href":"https:\/\/perle-in.com\/en\/wp-json\/wp\/v2\/product_brand?post=557768"},{"taxonomy":"product_cat","embeddable":true,"href":"https:\/\/perle-in.com\/en\/wp-json\/wp\/v2\/product_cat?post=557768"},{"taxonomy":"product_tag","embeddable":true,"href":"https:\/\/perle-in.com\/en\/wp-json\/wp\/v2\/product_tag?post=557768"}],"curies":[{"name":"wp","href":"https:\/\/api.w.org\/{rel}","templated":true}]}}