{"id":557586,"date":"2025-10-15T10:17:46","date_gmt":"2025-10-15T08:17:46","guid":{"rendered":"https:\/\/perle-in.com\/produit\/veste-softshell-unisexe-rudolph\/"},"modified":"2025-10-19T05:48:36","modified_gmt":"2025-10-19T03:48:36","slug":"veste-softshell-unisexe-rudolph","status":"publish","type":"product","link":"https:\/\/perle-in.com\/en\/product\/veste-softshell-unisexe-rudolph\/","title":{"rendered":"Veste softshell unisexe Rudolph"},"content":{"rendered":"","protected":false},"excerpt":{"rendered":"<p>Veste softshell 3\u00a0couches. Fermeture zipp\u00e9e int\u00e9grale avec prot\u00e8ge-menton et tirette. Poche ext\u00e9rieure sur la poitrine avec fermeture zipp\u00e9e et tirette. Poches ext\u00e9rieures avec fermeture zipp\u00e9e et tirette. Fermetures auto-agrippantes aux poignets. Zone d\u00e9coup\u00e9e ou en forme d&#8217;empi\u00e8cement sur le devant de la poitrine. Empi\u00e8cement d\u00e9coup\u00e9 ou fa\u00e7onn\u00e9 au dos. Ourlet avec cordon \u00e9lastique et stoppeurs r\u00e9glables \u00e0 l&#8217;int\u00e9rieur. R\u00e9sistante \u00e0 l&#8217;eau jusqu&#8217;\u00e0 1\u00a0000\u00a0mm. Coupe-vent. Le mannequin mesure 184 cm et porte la taille L.<\/p>","protected":false},"featured_media":557540,"template":"","meta":{"_eb_attr":""},"product_brand":[],"product_cat":[1260,1024],"product_tag":[3445,2460,2548,2549],"class_list":{"0":"post-557586","1":"product","2":"type-product","3":"status-publish","4":"has-post-thumbnail","6":"product_cat-jackets","7":"product_cat-vetements","8":"product_tag-roly","9":"product_tag-softshell","10":"product_tag-veste","11":"product_tag-vestes","12":"pa_couleurs-bleu-marine","13":"pa_couleurs-bleu-royal","14":"pa_couleurs-noir","15":"pa_couleurs-noir-chine","16":"pa_couleurs-plomb-fonce","17":"pa_couleurs-rouge","18":"pa_couleurs-vert-militaire-fonce","19":"pa_genre-unisex","20":"pa_marque-roly","21":"pa_matiere-95-polyester-et-5-elasthanne-300-g-m2-bonding-micropolaire-100-polyester","22":"pa_pays-d-origine-bengladesh","23":"pa_taille-2xl","24":"pa_taille-3xl","25":"pa_taille-l","26":"pa_taille-m","27":"pa_taille-s","28":"pa_taille-xl","30":"first","31":"instock","32":"shipping-taxable","33":"purchasable","34":"product-type-variable"},"yoast_head":"<!-- This site is optimized with the Yoast SEO plugin v27.4 - https:\/\/yoast.com\/product\/yoast-seo-wordpress\/ -->\n<title>Veste softshell unisexe Rudolph - PERLE IN<\/title>\n<meta name=\"robots\" content=\"noindex, follow, max-snippet:-1, max-image-preview:large, max-video-preview:-1\" \/>\n<meta property=\"og:locale\" content=\"en_US\" \/>\n<meta property=\"og:type\" content=\"article\" \/>\n<meta property=\"og:title\" content=\"Veste softshell unisexe Rudolph - PERLE IN\" \/>\n<meta property=\"og:description\" content=\"Veste softshell 3\u00a0couches. Fermeture zipp\u00e9e int\u00e9grale avec prot\u00e8ge-menton et tirette. Poche ext\u00e9rieure sur la poitrine avec fermeture zipp\u00e9e et tirette. Poches ext\u00e9rieures avec fermeture zipp\u00e9e et tirette. Fermetures auto-agrippantes aux poignets. Zone d\u00e9coup\u00e9e ou en forme d&#039;empi\u00e8cement sur le devant de la poitrine. Empi\u00e8cement d\u00e9coup\u00e9 ou fa\u00e7onn\u00e9 au dos. Ourlet avec cordon \u00e9lastique et stoppeurs r\u00e9glables \u00e0 l&#039;int\u00e9rieur. R\u00e9sistante \u00e0 l&#039;eau jusqu&#039;\u00e0 1\u00a0000\u00a0mm. Coupe-vent. Le mannequin mesure 184 cm et porte la taille L.\" \/>\n<meta property=\"og:url\" content=\"https:\/\/perle-in.com\/en\/product\/veste-softshell-unisexe-rudolph\/\" \/>\n<meta property=\"og:site_name\" content=\"PERLE IN\" \/>\n<meta property=\"article:modified_time\" content=\"2025-10-19T03:48:36+00:00\" \/>\n<meta property=\"og:image\" content=\"https:\/\/perle-in.com\/wp-content\/uploads\/2025\/10\/R64351R-1.jpg\" \/>\n\t<meta property=\"og:image:width\" content=\"1600\" \/>\n\t<meta property=\"og:image:height\" content=\"1600\" \/>\n\t<meta property=\"og:image:type\" content=\"image\/jpeg\" \/>\n<meta name=\"twitter:card\" content=\"summary_large_image\" \/>\n<script type=\"application\/ld+json\" class=\"yoast-schema-graph\">{\"@context\":\"https:\\\/\\\/schema.org\",\"@graph\":[{\"@type\":\"WebPage\",\"@id\":\"https:\\\/\\\/perle-in.com\\\/produit\\\/veste-softshell-unisexe-rudolph\\\/\",\"url\":\"https:\\\/\\\/perle-in.com\\\/produit\\\/veste-softshell-unisexe-rudolph\\\/\",\"name\":\"Veste softshell unisexe Rudolph - PERLE IN\",\"isPartOf\":{\"@id\":\"https:\\\/\\\/perle-in.com\\\/#website\"},\"primaryImageOfPage\":{\"@id\":\"https:\\\/\\\/perle-in.com\\\/produit\\\/veste-softshell-unisexe-rudolph\\\/#primaryimage\"},\"image\":{\"@id\":\"https:\\\/\\\/perle-in.com\\\/produit\\\/veste-softshell-unisexe-rudolph\\\/#primaryimage\"},\"thumbnailUrl\":\"https:\\\/\\\/perle-in.com\\\/wp-content\\\/uploads\\\/2025\\\/10\\\/R64351R-1.jpg\",\"datePublished\":\"2025-10-15T08:17:46+00:00\",\"dateModified\":\"2025-10-19T03:48:36+00:00\",\"breadcrumb\":{\"@id\":\"https:\\\/\\\/perle-in.com\\\/produit\\\/veste-softshell-unisexe-rudolph\\\/#breadcrumb\"},\"inLanguage\":\"en-CA\",\"potentialAction\":[{\"@type\":\"ReadAction\",\"target\":[\"https:\\\/\\\/perle-in.com\\\/produit\\\/veste-softshell-unisexe-rudolph\\\/\"]}]},{\"@type\":\"ImageObject\",\"inLanguage\":\"en-CA\",\"@id\":\"https:\\\/\\\/perle-in.com\\\/produit\\\/veste-softshell-unisexe-rudolph\\\/#primaryimage\",\"url\":\"https:\\\/\\\/perle-in.com\\\/wp-content\\\/uploads\\\/2025\\\/10\\\/R64351R-1.jpg\",\"contentUrl\":\"https:\\\/\\\/perle-in.com\\\/wp-content\\\/uploads\\\/2025\\\/10\\\/R64351R-1.jpg\",\"width\":1600,\"height\":1600},{\"@type\":\"BreadcrumbList\",\"@id\":\"https:\\\/\\\/perle-in.com\\\/produit\\\/veste-softshell-unisexe-rudolph\\\/#breadcrumb\",\"itemListElement\":[{\"@type\":\"ListItem\",\"position\":1,\"name\":\"Accueil\",\"item\":\"https:\\\/\\\/perle-in.com\\\/\"},{\"@type\":\"ListItem\",\"position\":2,\"name\":\"Boutique\",\"item\":\"https:\\\/\\\/perle-in.com\\\/boutique\\\/\"},{\"@type\":\"ListItem\",\"position\":3,\"name\":\"Veste softshell unisexe Rudolph\"}]},{\"@type\":\"WebSite\",\"@id\":\"https:\\\/\\\/perle-in.com\\\/#website\",\"url\":\"https:\\\/\\\/perle-in.com\\\/\",\"name\":\"PERLE IN\",\"description\":\"\",\"publisher\":{\"@id\":\"https:\\\/\\\/perle-in.com\\\/#organization\"},\"potentialAction\":[{\"@type\":\"SearchAction\",\"target\":{\"@type\":\"EntryPoint\",\"urlTemplate\":\"https:\\\/\\\/perle-in.com\\\/?s={search_term_string}\"},\"query-input\":{\"@type\":\"PropertyValueSpecification\",\"valueRequired\":true,\"valueName\":\"search_term_string\"}}],\"inLanguage\":\"en-CA\"},{\"@type\":\"Organization\",\"@id\":\"https:\\\/\\\/perle-in.com\\\/#organization\",\"name\":\"PERLE IN\",\"url\":\"https:\\\/\\\/perle-in.com\\\/\",\"logo\":{\"@type\":\"ImageObject\",\"inLanguage\":\"en-CA\",\"@id\":\"https:\\\/\\\/perle-in.com\\\/#\\\/schema\\\/logo\\\/image\\\/\",\"url\":\"https:\\\/\\\/perle-in.com\\\/wp-content\\\/uploads\\\/2022\\\/12\\\/LOGO-PERLE-IN-COULEUR@3x.webp\",\"contentUrl\":\"https:\\\/\\\/perle-in.com\\\/wp-content\\\/uploads\\\/2022\\\/12\\\/LOGO-PERLE-IN-COULEUR@3x.webp\",\"width\":1600,\"height\":490,\"caption\":\"PERLE IN\"},\"image\":{\"@id\":\"https:\\\/\\\/perle-in.com\\\/#\\\/schema\\\/logo\\\/image\\\/\"}}]}<\/script>\n<!-- \/ Yoast SEO plugin. -->","yoast_head_json":{"title":"Veste softshell unisexe Rudolph - PERLE IN","robots":{"index":"noindex","follow":"follow","max-snippet":"max-snippet:-1","max-image-preview":"max-image-preview:large","max-video-preview":"max-video-preview:-1"},"og_locale":"en_US","og_type":"article","og_title":"Veste softshell unisexe Rudolph - PERLE IN","og_description":"Veste softshell 3\u00a0couches. Fermeture zipp\u00e9e int\u00e9grale avec prot\u00e8ge-menton et tirette. Poche ext\u00e9rieure sur la poitrine avec fermeture zipp\u00e9e et tirette. Poches ext\u00e9rieures avec fermeture zipp\u00e9e et tirette. Fermetures auto-agrippantes aux poignets. Zone d\u00e9coup\u00e9e ou en forme d'empi\u00e8cement sur le devant de la poitrine. Empi\u00e8cement d\u00e9coup\u00e9 ou fa\u00e7onn\u00e9 au dos. Ourlet avec cordon \u00e9lastique et stoppeurs r\u00e9glables \u00e0 l'int\u00e9rieur. R\u00e9sistante \u00e0 l'eau jusqu'\u00e0 1\u00a0000\u00a0mm. Coupe-vent. Le mannequin mesure 184 cm et porte la taille L.","og_url":"https:\/\/perle-in.com\/en\/product\/veste-softshell-unisexe-rudolph\/","og_site_name":"PERLE IN","article_modified_time":"2025-10-19T03:48:36+00:00","og_image":[{"width":1600,"height":1600,"url":"https:\/\/perle-in.com\/wp-content\/uploads\/2025\/10\/R64351R-1.jpg","type":"image\/jpeg"}],"twitter_card":"summary_large_image","schema":{"@context":"https:\/\/schema.org","@graph":[{"@type":"WebPage","@id":"https:\/\/perle-in.com\/produit\/veste-softshell-unisexe-rudolph\/","url":"https:\/\/perle-in.com\/produit\/veste-softshell-unisexe-rudolph\/","name":"Veste softshell unisexe Rudolph - PERLE IN","isPartOf":{"@id":"https:\/\/perle-in.com\/#website"},"primaryImageOfPage":{"@id":"https:\/\/perle-in.com\/produit\/veste-softshell-unisexe-rudolph\/#primaryimage"},"image":{"@id":"https:\/\/perle-in.com\/produit\/veste-softshell-unisexe-rudolph\/#primaryimage"},"thumbnailUrl":"https:\/\/perle-in.com\/wp-content\/uploads\/2025\/10\/R64351R-1.jpg","datePublished":"2025-10-15T08:17:46+00:00","dateModified":"2025-10-19T03:48:36+00:00","breadcrumb":{"@id":"https:\/\/perle-in.com\/produit\/veste-softshell-unisexe-rudolph\/#breadcrumb"},"inLanguage":"en-CA","potentialAction":[{"@type":"ReadAction","target":["https:\/\/perle-in.com\/produit\/veste-softshell-unisexe-rudolph\/"]}]},{"@type":"ImageObject","inLanguage":"en-CA","@id":"https:\/\/perle-in.com\/produit\/veste-softshell-unisexe-rudolph\/#primaryimage","url":"https:\/\/perle-in.com\/wp-content\/uploads\/2025\/10\/R64351R-1.jpg","contentUrl":"https:\/\/perle-in.com\/wp-content\/uploads\/2025\/10\/R64351R-1.jpg","width":1600,"height":1600},{"@type":"BreadcrumbList","@id":"https:\/\/perle-in.com\/produit\/veste-softshell-unisexe-rudolph\/#breadcrumb","itemListElement":[{"@type":"ListItem","position":1,"name":"Accueil","item":"https:\/\/perle-in.com\/"},{"@type":"ListItem","position":2,"name":"Boutique","item":"https:\/\/perle-in.com\/boutique\/"},{"@type":"ListItem","position":3,"name":"Veste softshell unisexe Rudolph"}]},{"@type":"WebSite","@id":"https:\/\/perle-in.com\/#website","url":"https:\/\/perle-in.com\/","name":"PERLE IN","description":"","publisher":{"@id":"https:\/\/perle-in.com\/#organization"},"potentialAction":[{"@type":"SearchAction","target":{"@type":"EntryPoint","urlTemplate":"https:\/\/perle-in.com\/?s={search_term_string}"},"query-input":{"@type":"PropertyValueSpecification","valueRequired":true,"valueName":"search_term_string"}}],"inLanguage":"en-CA"},{"@type":"Organization","@id":"https:\/\/perle-in.com\/#organization","name":"PERLE IN","url":"https:\/\/perle-in.com\/","logo":{"@type":"ImageObject","inLanguage":"en-CA","@id":"https:\/\/perle-in.com\/#\/schema\/logo\/image\/","url":"https:\/\/perle-in.com\/wp-content\/uploads\/2022\/12\/LOGO-PERLE-IN-COULEUR@3x.webp","contentUrl":"https:\/\/perle-in.com\/wp-content\/uploads\/2022\/12\/LOGO-PERLE-IN-COULEUR@3x.webp","width":1600,"height":490,"caption":"PERLE IN"},"image":{"@id":"https:\/\/perle-in.com\/#\/schema\/logo\/image\/"}}]}},"jetpack_sharing_enabled":true,"_links":{"self":[{"href":"https:\/\/perle-in.com\/en\/wp-json\/wp\/v2\/product\/557586","targetHints":{"allow":["GET"]}}],"collection":[{"href":"https:\/\/perle-in.com\/en\/wp-json\/wp\/v2\/product"}],"about":[{"href":"https:\/\/perle-in.com\/en\/wp-json\/wp\/v2\/types\/product"}],"version-history":[{"count":0,"href":"https:\/\/perle-in.com\/en\/wp-json\/wp\/v2\/product\/557586\/revisions"}],"wp:featuredmedia":[{"embeddable":true,"href":"https:\/\/perle-in.com\/en\/wp-json\/wp\/v2\/media\/557540"}],"wp:attachment":[{"href":"https:\/\/perle-in.com\/en\/wp-json\/wp\/v2\/media?parent=557586"}],"wp:term":[{"taxonomy":"product_brand","embeddable":true,"href":"https:\/\/perle-in.com\/en\/wp-json\/wp\/v2\/product_brand?post=557586"},{"taxonomy":"product_cat","embeddable":true,"href":"https:\/\/perle-in.com\/en\/wp-json\/wp\/v2\/product_cat?post=557586"},{"taxonomy":"product_tag","embeddable":true,"href":"https:\/\/perle-in.com\/en\/wp-json\/wp\/v2\/product_tag?post=557586"}],"curies":[{"name":"wp","href":"https:\/\/api.w.org\/{rel}","templated":true}]}}