{"id":557497,"date":"2025-10-15T10:13:21","date_gmt":"2025-10-15T08:13:21","guid":{"rendered":"https:\/\/perle-in.com\/produit\/polo-prince-en-coton-organique-a-manches-courtes-pour-femme\/"},"modified":"2025-10-19T05:48:35","modified_gmt":"2025-10-19T03:48:35","slug":"polo-prince-en-coton-organique-a-manches-courtes-pour-femme","status":"publish","type":"product","link":"https:\/\/perle-in.com\/en\/product\/polo-prince-en-coton-organique-a-manches-courtes-pour-femme\/","title":{"rendered":"Polo Prince en coton organique \u00e0 manches courtes pour femme"},"content":{"rendered":"","protected":false},"excerpt":{"rendered":"<p>Polo ajust\u00e9 \u00e0 manches courtes pour femme en coton organique. Col et bord des manches en c\u00f4te 1&#215;1. Patte \u00e0 2\u00a0boutons. Coutures recouvertes renforc\u00e9es au col. Fentes lat\u00e9rales sur l&#8217;ourlet. \u00c9tiquette d\u00e9tachable. Le mannequin mesure 174 cm et porte la taille S.<\/p>","protected":false},"featured_media":557448,"template":"","meta":{"_eb_attr":""},"product_brand":[],"product_cat":[1258,1024],"product_tag":[3445,2376,2377,2378,2379],"class_list":{"0":"post-557497","1":"product","2":"type-product","3":"status-publish","4":"has-post-thumbnail","6":"product_cat-t-shirts","7":"product_cat-vetements","8":"product_tag-roly","9":"product_tag-t-shirt","10":"product_tag-t-shirts","11":"product_tag-tshirt","12":"product_tag-tshirts","13":"pa_couleurs-blanc","14":"pa_couleurs-bleu-marine","15":"pa_couleurs-bleu-royal","16":"pa_couleurs-gris-chine","17":"pa_couleurs-noir","18":"pa_couleurs-rouge","19":"pa_couleurs-vert-bouteille","20":"pa_genre-female","21":"pa_marque-roly","22":"pa_matiere-maille-piquee-100-coton-organique-210-g-m2","23":"pa_pays-d-origine-bengladesh","24":"pa_taille-2xl","25":"pa_taille-3xl","26":"pa_taille-l","27":"pa_taille-m","28":"pa_taille-s","29":"pa_taille-xl","31":"first","32":"instock","33":"shipping-taxable","34":"purchasable","35":"product-type-variable"},"yoast_head":"<!-- This site is optimized with the Yoast SEO plugin v27.4 - https:\/\/yoast.com\/product\/yoast-seo-wordpress\/ -->\n<title>Polo Prince en coton organique \u00e0 manches courtes pour femme - PERLE IN<\/title>\n<meta name=\"robots\" content=\"noindex, follow, max-snippet:-1, max-image-preview:large, max-video-preview:-1\" \/>\n<meta property=\"og:locale\" content=\"en_US\" \/>\n<meta property=\"og:type\" content=\"article\" \/>\n<meta property=\"og:title\" content=\"Polo Prince en coton organique \u00e0 manches courtes pour femme - PERLE IN\" \/>\n<meta property=\"og:description\" content=\"Polo ajust\u00e9 \u00e0 manches courtes pour femme en coton organique. Col et bord des manches en c\u00f4te 1x1. Patte \u00e0 2\u00a0boutons. Coutures recouvertes renforc\u00e9es au col. Fentes lat\u00e9rales sur l&#039;ourlet. \u00c9tiquette d\u00e9tachable. Le mannequin mesure 174 cm et porte la taille S.\" \/>\n<meta property=\"og:url\" content=\"https:\/\/perle-in.com\/en\/product\/polo-prince-en-coton-organique-a-manches-courtes-pour-femme\/\" \/>\n<meta property=\"og:site_name\" content=\"PERLE IN\" \/>\n<meta property=\"article:modified_time\" content=\"2025-10-19T03:48:35+00:00\" \/>\n<meta property=\"og:image\" content=\"https:\/\/perle-in.com\/wp-content\/uploads\/2025\/10\/R66181R-1.jpg\" \/>\n\t<meta property=\"og:image:width\" content=\"1600\" \/>\n\t<meta property=\"og:image:height\" content=\"1600\" \/>\n\t<meta property=\"og:image:type\" content=\"image\/jpeg\" \/>\n<meta name=\"twitter:card\" content=\"summary_large_image\" \/>\n<script type=\"application\/ld+json\" class=\"yoast-schema-graph\">{\"@context\":\"https:\\\/\\\/schema.org\",\"@graph\":[{\"@type\":\"WebPage\",\"@id\":\"https:\\\/\\\/perle-in.com\\\/produit\\\/polo-prince-en-coton-organique-a-manches-courtes-pour-femme\\\/\",\"url\":\"https:\\\/\\\/perle-in.com\\\/produit\\\/polo-prince-en-coton-organique-a-manches-courtes-pour-femme\\\/\",\"name\":\"Polo Prince en coton organique \u00e0 manches courtes pour femme - PERLE IN\",\"isPartOf\":{\"@id\":\"https:\\\/\\\/perle-in.com\\\/#website\"},\"primaryImageOfPage\":{\"@id\":\"https:\\\/\\\/perle-in.com\\\/produit\\\/polo-prince-en-coton-organique-a-manches-courtes-pour-femme\\\/#primaryimage\"},\"image\":{\"@id\":\"https:\\\/\\\/perle-in.com\\\/produit\\\/polo-prince-en-coton-organique-a-manches-courtes-pour-femme\\\/#primaryimage\"},\"thumbnailUrl\":\"https:\\\/\\\/perle-in.com\\\/wp-content\\\/uploads\\\/2025\\\/10\\\/R66181R-1.jpg\",\"datePublished\":\"2025-10-15T08:13:21+00:00\",\"dateModified\":\"2025-10-19T03:48:35+00:00\",\"breadcrumb\":{\"@id\":\"https:\\\/\\\/perle-in.com\\\/produit\\\/polo-prince-en-coton-organique-a-manches-courtes-pour-femme\\\/#breadcrumb\"},\"inLanguage\":\"en-CA\",\"potentialAction\":[{\"@type\":\"ReadAction\",\"target\":[\"https:\\\/\\\/perle-in.com\\\/produit\\\/polo-prince-en-coton-organique-a-manches-courtes-pour-femme\\\/\"]}]},{\"@type\":\"ImageObject\",\"inLanguage\":\"en-CA\",\"@id\":\"https:\\\/\\\/perle-in.com\\\/produit\\\/polo-prince-en-coton-organique-a-manches-courtes-pour-femme\\\/#primaryimage\",\"url\":\"https:\\\/\\\/perle-in.com\\\/wp-content\\\/uploads\\\/2025\\\/10\\\/R66181R-1.jpg\",\"contentUrl\":\"https:\\\/\\\/perle-in.com\\\/wp-content\\\/uploads\\\/2025\\\/10\\\/R66181R-1.jpg\",\"width\":1600,\"height\":1600},{\"@type\":\"BreadcrumbList\",\"@id\":\"https:\\\/\\\/perle-in.com\\\/produit\\\/polo-prince-en-coton-organique-a-manches-courtes-pour-femme\\\/#breadcrumb\",\"itemListElement\":[{\"@type\":\"ListItem\",\"position\":1,\"name\":\"Accueil\",\"item\":\"https:\\\/\\\/perle-in.com\\\/\"},{\"@type\":\"ListItem\",\"position\":2,\"name\":\"Boutique\",\"item\":\"https:\\\/\\\/perle-in.com\\\/boutique\\\/\"},{\"@type\":\"ListItem\",\"position\":3,\"name\":\"Polo Prince en coton organique \u00e0 manches courtes pour femme\"}]},{\"@type\":\"WebSite\",\"@id\":\"https:\\\/\\\/perle-in.com\\\/#website\",\"url\":\"https:\\\/\\\/perle-in.com\\\/\",\"name\":\"PERLE IN\",\"description\":\"\",\"publisher\":{\"@id\":\"https:\\\/\\\/perle-in.com\\\/#organization\"},\"potentialAction\":[{\"@type\":\"SearchAction\",\"target\":{\"@type\":\"EntryPoint\",\"urlTemplate\":\"https:\\\/\\\/perle-in.com\\\/?s={search_term_string}\"},\"query-input\":{\"@type\":\"PropertyValueSpecification\",\"valueRequired\":true,\"valueName\":\"search_term_string\"}}],\"inLanguage\":\"en-CA\"},{\"@type\":\"Organization\",\"@id\":\"https:\\\/\\\/perle-in.com\\\/#organization\",\"name\":\"PERLE IN\",\"url\":\"https:\\\/\\\/perle-in.com\\\/\",\"logo\":{\"@type\":\"ImageObject\",\"inLanguage\":\"en-CA\",\"@id\":\"https:\\\/\\\/perle-in.com\\\/#\\\/schema\\\/logo\\\/image\\\/\",\"url\":\"https:\\\/\\\/perle-in.com\\\/wp-content\\\/uploads\\\/2022\\\/12\\\/LOGO-PERLE-IN-COULEUR@3x.webp\",\"contentUrl\":\"https:\\\/\\\/perle-in.com\\\/wp-content\\\/uploads\\\/2022\\\/12\\\/LOGO-PERLE-IN-COULEUR@3x.webp\",\"width\":1600,\"height\":490,\"caption\":\"PERLE IN\"},\"image\":{\"@id\":\"https:\\\/\\\/perle-in.com\\\/#\\\/schema\\\/logo\\\/image\\\/\"}}]}<\/script>\n<!-- \/ Yoast SEO plugin. -->","yoast_head_json":{"title":"Polo Prince en coton organique \u00e0 manches courtes pour femme - PERLE IN","robots":{"index":"noindex","follow":"follow","max-snippet":"max-snippet:-1","max-image-preview":"max-image-preview:large","max-video-preview":"max-video-preview:-1"},"og_locale":"en_US","og_type":"article","og_title":"Polo Prince en coton organique \u00e0 manches courtes pour femme - PERLE IN","og_description":"Polo ajust\u00e9 \u00e0 manches courtes pour femme en coton organique. Col et bord des manches en c\u00f4te 1x1. Patte \u00e0 2\u00a0boutons. Coutures recouvertes renforc\u00e9es au col. Fentes lat\u00e9rales sur l'ourlet. \u00c9tiquette d\u00e9tachable. Le mannequin mesure 174 cm et porte la taille S.","og_url":"https:\/\/perle-in.com\/en\/product\/polo-prince-en-coton-organique-a-manches-courtes-pour-femme\/","og_site_name":"PERLE IN","article_modified_time":"2025-10-19T03:48:35+00:00","og_image":[{"width":1600,"height":1600,"url":"https:\/\/perle-in.com\/wp-content\/uploads\/2025\/10\/R66181R-1.jpg","type":"image\/jpeg"}],"twitter_card":"summary_large_image","schema":{"@context":"https:\/\/schema.org","@graph":[{"@type":"WebPage","@id":"https:\/\/perle-in.com\/produit\/polo-prince-en-coton-organique-a-manches-courtes-pour-femme\/","url":"https:\/\/perle-in.com\/produit\/polo-prince-en-coton-organique-a-manches-courtes-pour-femme\/","name":"Polo Prince en coton organique \u00e0 manches courtes pour femme - PERLE IN","isPartOf":{"@id":"https:\/\/perle-in.com\/#website"},"primaryImageOfPage":{"@id":"https:\/\/perle-in.com\/produit\/polo-prince-en-coton-organique-a-manches-courtes-pour-femme\/#primaryimage"},"image":{"@id":"https:\/\/perle-in.com\/produit\/polo-prince-en-coton-organique-a-manches-courtes-pour-femme\/#primaryimage"},"thumbnailUrl":"https:\/\/perle-in.com\/wp-content\/uploads\/2025\/10\/R66181R-1.jpg","datePublished":"2025-10-15T08:13:21+00:00","dateModified":"2025-10-19T03:48:35+00:00","breadcrumb":{"@id":"https:\/\/perle-in.com\/produit\/polo-prince-en-coton-organique-a-manches-courtes-pour-femme\/#breadcrumb"},"inLanguage":"en-CA","potentialAction":[{"@type":"ReadAction","target":["https:\/\/perle-in.com\/produit\/polo-prince-en-coton-organique-a-manches-courtes-pour-femme\/"]}]},{"@type":"ImageObject","inLanguage":"en-CA","@id":"https:\/\/perle-in.com\/produit\/polo-prince-en-coton-organique-a-manches-courtes-pour-femme\/#primaryimage","url":"https:\/\/perle-in.com\/wp-content\/uploads\/2025\/10\/R66181R-1.jpg","contentUrl":"https:\/\/perle-in.com\/wp-content\/uploads\/2025\/10\/R66181R-1.jpg","width":1600,"height":1600},{"@type":"BreadcrumbList","@id":"https:\/\/perle-in.com\/produit\/polo-prince-en-coton-organique-a-manches-courtes-pour-femme\/#breadcrumb","itemListElement":[{"@type":"ListItem","position":1,"name":"Accueil","item":"https:\/\/perle-in.com\/"},{"@type":"ListItem","position":2,"name":"Boutique","item":"https:\/\/perle-in.com\/boutique\/"},{"@type":"ListItem","position":3,"name":"Polo Prince en coton organique \u00e0 manches courtes pour femme"}]},{"@type":"WebSite","@id":"https:\/\/perle-in.com\/#website","url":"https:\/\/perle-in.com\/","name":"PERLE IN","description":"","publisher":{"@id":"https:\/\/perle-in.com\/#organization"},"potentialAction":[{"@type":"SearchAction","target":{"@type":"EntryPoint","urlTemplate":"https:\/\/perle-in.com\/?s={search_term_string}"},"query-input":{"@type":"PropertyValueSpecification","valueRequired":true,"valueName":"search_term_string"}}],"inLanguage":"en-CA"},{"@type":"Organization","@id":"https:\/\/perle-in.com\/#organization","name":"PERLE IN","url":"https:\/\/perle-in.com\/","logo":{"@type":"ImageObject","inLanguage":"en-CA","@id":"https:\/\/perle-in.com\/#\/schema\/logo\/image\/","url":"https:\/\/perle-in.com\/wp-content\/uploads\/2022\/12\/LOGO-PERLE-IN-COULEUR@3x.webp","contentUrl":"https:\/\/perle-in.com\/wp-content\/uploads\/2022\/12\/LOGO-PERLE-IN-COULEUR@3x.webp","width":1600,"height":490,"caption":"PERLE IN"},"image":{"@id":"https:\/\/perle-in.com\/#\/schema\/logo\/image\/"}}]}},"jetpack_sharing_enabled":true,"_links":{"self":[{"href":"https:\/\/perle-in.com\/en\/wp-json\/wp\/v2\/product\/557497","targetHints":{"allow":["GET"]}}],"collection":[{"href":"https:\/\/perle-in.com\/en\/wp-json\/wp\/v2\/product"}],"about":[{"href":"https:\/\/perle-in.com\/en\/wp-json\/wp\/v2\/types\/product"}],"version-history":[{"count":0,"href":"https:\/\/perle-in.com\/en\/wp-json\/wp\/v2\/product\/557497\/revisions"}],"wp:featuredmedia":[{"embeddable":true,"href":"https:\/\/perle-in.com\/en\/wp-json\/wp\/v2\/media\/557448"}],"wp:attachment":[{"href":"https:\/\/perle-in.com\/en\/wp-json\/wp\/v2\/media?parent=557497"}],"wp:term":[{"taxonomy":"product_brand","embeddable":true,"href":"https:\/\/perle-in.com\/en\/wp-json\/wp\/v2\/product_brand?post=557497"},{"taxonomy":"product_cat","embeddable":true,"href":"https:\/\/perle-in.com\/en\/wp-json\/wp\/v2\/product_cat?post=557497"},{"taxonomy":"product_tag","embeddable":true,"href":"https:\/\/perle-in.com\/en\/wp-json\/wp\/v2\/product_tag?post=557497"}],"curies":[{"name":"wp","href":"https:\/\/api.w.org\/{rel}","templated":true}]}}