{"id":554577,"date":"2025-10-15T08:06:35","date_gmt":"2025-10-15T06:06:35","guid":{"rendered":"https:\/\/perle-in.com\/produit\/t-shirt-sport-imola-a-manches-courtes-pour-enfant\/"},"modified":"2025-10-19T05:48:24","modified_gmt":"2025-10-19T03:48:24","slug":"t-shirt-sport-imola-a-manches-courtes-pour-enfant","status":"publish","type":"product","link":"https:\/\/perle-in.com\/en\/product\/t-shirt-sport-imola-a-manches-courtes-pour-enfant\/","title":{"rendered":"T-shirt sport Imola \u00e0 manches courtes pour enfant"},"content":{"rendered":"","protected":false},"excerpt":{"rendered":"<p>T-shirt technique \u00e0 manches courtes en polyester recycl\u00e9 CONTROL-DRY. Col rond avec coutures recouvertes assorties. \u00c9tiquette logo ECO sur la manche. Emballage en mati\u00e8re recycl\u00e9e. \u00c9tiquette ECO d\u00e9tachable. Emballage en mati\u00e8re recycl\u00e9e. Tissu technique. Le mannequin mesure 115 cm et porte la taille 5\/6.<\/p>","protected":false},"featured_media":554287,"template":"","meta":{"_eb_attr":""},"product_brand":[],"product_cat":[1258,1024],"product_tag":[3445,237,2376,2377,2378,2379],"class_list":{"0":"post-554577","1":"product","2":"type-product","3":"status-publish","4":"has-post-thumbnail","6":"product_cat-t-shirts","7":"product_cat-vetements","8":"product_tag-roly","9":"product_tag-sports","10":"product_tag-t-shirt","11":"product_tag-t-shirts","12":"product_tag-tshirt","13":"product_tag-tshirts","14":"pa_couleurs-blanc","15":"pa_couleurs-bleu-marine","16":"pa_couleurs-bleu-royal","17":"pa_couleurs-citron-vert","18":"pa_couleurs-corail-fluo","19":"pa_couleurs-jaune","20":"pa_couleurs-jaune-fluo","21":"pa_couleurs-mauve","22":"pa_couleurs-noir","23":"pa_couleurs-orange-fluo","24":"pa_couleurs-plomb-fonce","25":"pa_couleurs-rose-fluo","26":"pa_couleurs-rosette","27":"pa_couleurs-rouge","28":"pa_couleurs-turquoise","29":"pa_couleurs-vert-fluo","30":"pa_couleurs-vert-fougere","31":"pa_genre-kids","32":"pa_marque-roly","33":"pa_matiere-tricot-interlock-47-polyester-recycle-et-53-polyester-135-g-m2","34":"pa_pays-d-origine-bengladesh","35":"pa_taille-3454","36":"pa_taille-3452","37":"pa_taille-3453","39":"first","40":"instock","41":"shipping-taxable","42":"purchasable","43":"product-type-variable"},"yoast_head":"<!-- This site is optimized with the Yoast SEO plugin v27.4 - https:\/\/yoast.com\/product\/yoast-seo-wordpress\/ -->\n<title>T-shirt sport Imola \u00e0 manches courtes pour enfant - PERLE IN<\/title>\n<meta name=\"robots\" content=\"noindex, follow, max-snippet:-1, max-image-preview:large, max-video-preview:-1\" \/>\n<meta property=\"og:locale\" content=\"en_US\" \/>\n<meta property=\"og:type\" content=\"article\" \/>\n<meta property=\"og:title\" content=\"T-shirt sport Imola \u00e0 manches courtes pour enfant - PERLE IN\" \/>\n<meta property=\"og:description\" content=\"T-shirt technique \u00e0 manches courtes en polyester recycl\u00e9 CONTROL-DRY. Col rond avec coutures recouvertes assorties. \u00c9tiquette logo ECO sur la manche. Emballage en mati\u00e8re recycl\u00e9e. \u00c9tiquette ECO d\u00e9tachable. Emballage en mati\u00e8re recycl\u00e9e. Tissu technique. Le mannequin mesure 115 cm et porte la taille 5\/6.\" \/>\n<meta property=\"og:url\" content=\"https:\/\/perle-in.com\/en\/product\/t-shirt-sport-imola-a-manches-courtes-pour-enfant\/\" \/>\n<meta property=\"og:site_name\" content=\"PERLE IN\" \/>\n<meta property=\"article:modified_time\" content=\"2025-10-19T03:48:24+00:00\" \/>\n<meta property=\"og:image\" content=\"https:\/\/perle-in.com\/wp-content\/uploads\/2025\/10\/K04271B-1.jpg\" \/>\n\t<meta property=\"og:image:width\" content=\"1600\" \/>\n\t<meta property=\"og:image:height\" content=\"1600\" \/>\n\t<meta property=\"og:image:type\" content=\"image\/jpeg\" \/>\n<meta name=\"twitter:card\" content=\"summary_large_image\" \/>\n<script type=\"application\/ld+json\" class=\"yoast-schema-graph\">{\"@context\":\"https:\\\/\\\/schema.org\",\"@graph\":[{\"@type\":\"WebPage\",\"@id\":\"https:\\\/\\\/perle-in.com\\\/produit\\\/t-shirt-sport-imola-a-manches-courtes-pour-enfant\\\/\",\"url\":\"https:\\\/\\\/perle-in.com\\\/produit\\\/t-shirt-sport-imola-a-manches-courtes-pour-enfant\\\/\",\"name\":\"T-shirt sport Imola \u00e0 manches courtes pour enfant - PERLE IN\",\"isPartOf\":{\"@id\":\"https:\\\/\\\/perle-in.com\\\/#website\"},\"primaryImageOfPage\":{\"@id\":\"https:\\\/\\\/perle-in.com\\\/produit\\\/t-shirt-sport-imola-a-manches-courtes-pour-enfant\\\/#primaryimage\"},\"image\":{\"@id\":\"https:\\\/\\\/perle-in.com\\\/produit\\\/t-shirt-sport-imola-a-manches-courtes-pour-enfant\\\/#primaryimage\"},\"thumbnailUrl\":\"https:\\\/\\\/perle-in.com\\\/wp-content\\\/uploads\\\/2025\\\/10\\\/K04271B-1.jpg\",\"datePublished\":\"2025-10-15T06:06:35+00:00\",\"dateModified\":\"2025-10-19T03:48:24+00:00\",\"breadcrumb\":{\"@id\":\"https:\\\/\\\/perle-in.com\\\/produit\\\/t-shirt-sport-imola-a-manches-courtes-pour-enfant\\\/#breadcrumb\"},\"inLanguage\":\"en-CA\",\"potentialAction\":[{\"@type\":\"ReadAction\",\"target\":[\"https:\\\/\\\/perle-in.com\\\/produit\\\/t-shirt-sport-imola-a-manches-courtes-pour-enfant\\\/\"]}]},{\"@type\":\"ImageObject\",\"inLanguage\":\"en-CA\",\"@id\":\"https:\\\/\\\/perle-in.com\\\/produit\\\/t-shirt-sport-imola-a-manches-courtes-pour-enfant\\\/#primaryimage\",\"url\":\"https:\\\/\\\/perle-in.com\\\/wp-content\\\/uploads\\\/2025\\\/10\\\/K04271B-1.jpg\",\"contentUrl\":\"https:\\\/\\\/perle-in.com\\\/wp-content\\\/uploads\\\/2025\\\/10\\\/K04271B-1.jpg\",\"width\":1600,\"height\":1600},{\"@type\":\"BreadcrumbList\",\"@id\":\"https:\\\/\\\/perle-in.com\\\/produit\\\/t-shirt-sport-imola-a-manches-courtes-pour-enfant\\\/#breadcrumb\",\"itemListElement\":[{\"@type\":\"ListItem\",\"position\":1,\"name\":\"Accueil\",\"item\":\"https:\\\/\\\/perle-in.com\\\/\"},{\"@type\":\"ListItem\",\"position\":2,\"name\":\"Boutique\",\"item\":\"https:\\\/\\\/perle-in.com\\\/boutique\\\/\"},{\"@type\":\"ListItem\",\"position\":3,\"name\":\"T-shirt sport Imola \u00e0 manches courtes pour enfant\"}]},{\"@type\":\"WebSite\",\"@id\":\"https:\\\/\\\/perle-in.com\\\/#website\",\"url\":\"https:\\\/\\\/perle-in.com\\\/\",\"name\":\"PERLE IN\",\"description\":\"\",\"publisher\":{\"@id\":\"https:\\\/\\\/perle-in.com\\\/#organization\"},\"potentialAction\":[{\"@type\":\"SearchAction\",\"target\":{\"@type\":\"EntryPoint\",\"urlTemplate\":\"https:\\\/\\\/perle-in.com\\\/?s={search_term_string}\"},\"query-input\":{\"@type\":\"PropertyValueSpecification\",\"valueRequired\":true,\"valueName\":\"search_term_string\"}}],\"inLanguage\":\"en-CA\"},{\"@type\":\"Organization\",\"@id\":\"https:\\\/\\\/perle-in.com\\\/#organization\",\"name\":\"PERLE IN\",\"url\":\"https:\\\/\\\/perle-in.com\\\/\",\"logo\":{\"@type\":\"ImageObject\",\"inLanguage\":\"en-CA\",\"@id\":\"https:\\\/\\\/perle-in.com\\\/#\\\/schema\\\/logo\\\/image\\\/\",\"url\":\"https:\\\/\\\/perle-in.com\\\/wp-content\\\/uploads\\\/2022\\\/12\\\/LOGO-PERLE-IN-COULEUR@3x.webp\",\"contentUrl\":\"https:\\\/\\\/perle-in.com\\\/wp-content\\\/uploads\\\/2022\\\/12\\\/LOGO-PERLE-IN-COULEUR@3x.webp\",\"width\":1600,\"height\":490,\"caption\":\"PERLE IN\"},\"image\":{\"@id\":\"https:\\\/\\\/perle-in.com\\\/#\\\/schema\\\/logo\\\/image\\\/\"}}]}<\/script>\n<!-- \/ Yoast SEO plugin. -->","yoast_head_json":{"title":"T-shirt sport Imola \u00e0 manches courtes pour enfant - PERLE IN","robots":{"index":"noindex","follow":"follow","max-snippet":"max-snippet:-1","max-image-preview":"max-image-preview:large","max-video-preview":"max-video-preview:-1"},"og_locale":"en_US","og_type":"article","og_title":"T-shirt sport Imola \u00e0 manches courtes pour enfant - PERLE IN","og_description":"T-shirt technique \u00e0 manches courtes en polyester recycl\u00e9 CONTROL-DRY. Col rond avec coutures recouvertes assorties. \u00c9tiquette logo ECO sur la manche. Emballage en mati\u00e8re recycl\u00e9e. \u00c9tiquette ECO d\u00e9tachable. Emballage en mati\u00e8re recycl\u00e9e. Tissu technique. Le mannequin mesure 115 cm et porte la taille 5\/6.","og_url":"https:\/\/perle-in.com\/en\/product\/t-shirt-sport-imola-a-manches-courtes-pour-enfant\/","og_site_name":"PERLE IN","article_modified_time":"2025-10-19T03:48:24+00:00","og_image":[{"width":1600,"height":1600,"url":"https:\/\/perle-in.com\/wp-content\/uploads\/2025\/10\/K04271B-1.jpg","type":"image\/jpeg"}],"twitter_card":"summary_large_image","schema":{"@context":"https:\/\/schema.org","@graph":[{"@type":"WebPage","@id":"https:\/\/perle-in.com\/produit\/t-shirt-sport-imola-a-manches-courtes-pour-enfant\/","url":"https:\/\/perle-in.com\/produit\/t-shirt-sport-imola-a-manches-courtes-pour-enfant\/","name":"T-shirt sport Imola \u00e0 manches courtes pour enfant - PERLE IN","isPartOf":{"@id":"https:\/\/perle-in.com\/#website"},"primaryImageOfPage":{"@id":"https:\/\/perle-in.com\/produit\/t-shirt-sport-imola-a-manches-courtes-pour-enfant\/#primaryimage"},"image":{"@id":"https:\/\/perle-in.com\/produit\/t-shirt-sport-imola-a-manches-courtes-pour-enfant\/#primaryimage"},"thumbnailUrl":"https:\/\/perle-in.com\/wp-content\/uploads\/2025\/10\/K04271B-1.jpg","datePublished":"2025-10-15T06:06:35+00:00","dateModified":"2025-10-19T03:48:24+00:00","breadcrumb":{"@id":"https:\/\/perle-in.com\/produit\/t-shirt-sport-imola-a-manches-courtes-pour-enfant\/#breadcrumb"},"inLanguage":"en-CA","potentialAction":[{"@type":"ReadAction","target":["https:\/\/perle-in.com\/produit\/t-shirt-sport-imola-a-manches-courtes-pour-enfant\/"]}]},{"@type":"ImageObject","inLanguage":"en-CA","@id":"https:\/\/perle-in.com\/produit\/t-shirt-sport-imola-a-manches-courtes-pour-enfant\/#primaryimage","url":"https:\/\/perle-in.com\/wp-content\/uploads\/2025\/10\/K04271B-1.jpg","contentUrl":"https:\/\/perle-in.com\/wp-content\/uploads\/2025\/10\/K04271B-1.jpg","width":1600,"height":1600},{"@type":"BreadcrumbList","@id":"https:\/\/perle-in.com\/produit\/t-shirt-sport-imola-a-manches-courtes-pour-enfant\/#breadcrumb","itemListElement":[{"@type":"ListItem","position":1,"name":"Accueil","item":"https:\/\/perle-in.com\/"},{"@type":"ListItem","position":2,"name":"Boutique","item":"https:\/\/perle-in.com\/boutique\/"},{"@type":"ListItem","position":3,"name":"T-shirt sport Imola \u00e0 manches courtes pour enfant"}]},{"@type":"WebSite","@id":"https:\/\/perle-in.com\/#website","url":"https:\/\/perle-in.com\/","name":"PERLE IN","description":"","publisher":{"@id":"https:\/\/perle-in.com\/#organization"},"potentialAction":[{"@type":"SearchAction","target":{"@type":"EntryPoint","urlTemplate":"https:\/\/perle-in.com\/?s={search_term_string}"},"query-input":{"@type":"PropertyValueSpecification","valueRequired":true,"valueName":"search_term_string"}}],"inLanguage":"en-CA"},{"@type":"Organization","@id":"https:\/\/perle-in.com\/#organization","name":"PERLE IN","url":"https:\/\/perle-in.com\/","logo":{"@type":"ImageObject","inLanguage":"en-CA","@id":"https:\/\/perle-in.com\/#\/schema\/logo\/image\/","url":"https:\/\/perle-in.com\/wp-content\/uploads\/2022\/12\/LOGO-PERLE-IN-COULEUR@3x.webp","contentUrl":"https:\/\/perle-in.com\/wp-content\/uploads\/2022\/12\/LOGO-PERLE-IN-COULEUR@3x.webp","width":1600,"height":490,"caption":"PERLE IN"},"image":{"@id":"https:\/\/perle-in.com\/#\/schema\/logo\/image\/"}}]}},"jetpack_sharing_enabled":true,"_links":{"self":[{"href":"https:\/\/perle-in.com\/en\/wp-json\/wp\/v2\/product\/554577","targetHints":{"allow":["GET"]}}],"collection":[{"href":"https:\/\/perle-in.com\/en\/wp-json\/wp\/v2\/product"}],"about":[{"href":"https:\/\/perle-in.com\/en\/wp-json\/wp\/v2\/types\/product"}],"version-history":[{"count":0,"href":"https:\/\/perle-in.com\/en\/wp-json\/wp\/v2\/product\/554577\/revisions"}],"wp:featuredmedia":[{"embeddable":true,"href":"https:\/\/perle-in.com\/en\/wp-json\/wp\/v2\/media\/554287"}],"wp:attachment":[{"href":"https:\/\/perle-in.com\/en\/wp-json\/wp\/v2\/media?parent=554577"}],"wp:term":[{"taxonomy":"product_brand","embeddable":true,"href":"https:\/\/perle-in.com\/en\/wp-json\/wp\/v2\/product_brand?post=554577"},{"taxonomy":"product_cat","embeddable":true,"href":"https:\/\/perle-in.com\/en\/wp-json\/wp\/v2\/product_cat?post=554577"},{"taxonomy":"product_tag","embeddable":true,"href":"https:\/\/perle-in.com\/en\/wp-json\/wp\/v2\/product_tag?post=554577"}],"curies":[{"name":"wp","href":"https:\/\/api.w.org\/{rel}","templated":true}]}}