{"id":554171,"date":"2025-10-15T07:44:52","date_gmt":"2025-10-15T05:44:52","guid":{"rendered":"https:\/\/perle-in.com\/produit\/t-shirt-imola-maille-piquee-a-manches-courtes-pour-homme\/"},"modified":"2025-10-19T05:48:24","modified_gmt":"2025-10-19T03:48:24","slug":"t-shirt-imola-maille-piquee-a-manches-courtes-pour-homme","status":"publish","type":"product","link":"https:\/\/perle-in.com\/en\/product\/t-shirt-imola-maille-piquee-a-manches-courtes-pour-homme\/","title":{"rendered":"T-shirt Imola maille piqu\u00e9e \u00e0 manches courtes pour homme"},"content":{"rendered":"","protected":false},"excerpt":{"rendered":"<p>T-shirt technique \u00e0 manches courtes en polyester recycl\u00e9 CONTROL-DRY. Col rond avec coutures recouvertes assorties. \u00c9tiquette logo ECO sur la manche. Emballage en mati\u00e8re recycl\u00e9e. \u00c9tiquette ECO d\u00e9tachable. Emballage en mati\u00e8re recycl\u00e9e. Tissu technique. Le mannequin mesure 180 cm et porte la taille M.<\/p>","protected":false},"featured_media":554076,"template":"","meta":{"_eb_attr":""},"product_brand":[],"product_cat":[1258,1024],"product_tag":[3445,237,2376,2377,2379],"class_list":{"0":"post-554171","1":"product","2":"type-product","3":"status-publish","4":"has-post-thumbnail","6":"product_cat-t-shirts","7":"product_cat-vetements","8":"product_tag-roly","9":"product_tag-sports","10":"product_tag-t-shirt","11":"product_tag-t-shirts","12":"product_tag-tshirts","13":"pa_couleurs-blanc","14":"pa_couleurs-bleu-marine","15":"pa_couleurs-bleu-royal","16":"pa_couleurs-citron-vert","17":"pa_couleurs-corail-fluo","18":"pa_couleurs-jaune","19":"pa_couleurs-jaune-fluo","20":"pa_couleurs-mauve","21":"pa_couleurs-noir","22":"pa_couleurs-orange-fluo","23":"pa_couleurs-plomb-fonce","24":"pa_couleurs-rose-fluo","25":"pa_couleurs-rosette","26":"pa_couleurs-rouge","27":"pa_couleurs-turquoise","28":"pa_couleurs-vert-fluo","29":"pa_couleurs-vert-fougere","30":"pa_genre-male","31":"pa_marque-roly","32":"pa_matiere-tricot-interlock-47-polyester-recycle-et-53-polyester-135-g-m2","33":"pa_pays-d-origine-bengladesh","34":"pa_taille-2xl","35":"pa_taille-3xl","36":"pa_taille-l","37":"pa_taille-m","38":"pa_taille-s","39":"pa_taille-xl","41":"first","42":"instock","43":"shipping-taxable","44":"purchasable","45":"product-type-variable"},"yoast_head":"<!-- This site is optimized with the Yoast SEO plugin v27.4 - https:\/\/yoast.com\/product\/yoast-seo-wordpress\/ -->\n<title>T-shirt Imola maille piqu\u00e9e \u00e0 manches courtes pour homme - PERLE IN<\/title>\n<meta name=\"robots\" content=\"noindex, follow, max-snippet:-1, max-image-preview:large, max-video-preview:-1\" \/>\n<meta property=\"og:locale\" content=\"en_US\" \/>\n<meta property=\"og:type\" content=\"article\" \/>\n<meta property=\"og:title\" content=\"T-shirt Imola maille piqu\u00e9e \u00e0 manches courtes pour homme - PERLE IN\" \/>\n<meta property=\"og:description\" content=\"T-shirt technique \u00e0 manches courtes en polyester recycl\u00e9 CONTROL-DRY. Col rond avec coutures recouvertes assorties. \u00c9tiquette logo ECO sur la manche. Emballage en mati\u00e8re recycl\u00e9e. \u00c9tiquette ECO d\u00e9tachable. Emballage en mati\u00e8re recycl\u00e9e. Tissu technique. Le mannequin mesure 180 cm et porte la taille M.\" \/>\n<meta property=\"og:url\" content=\"https:\/\/perle-in.com\/en\/product\/t-shirt-imola-maille-piquee-a-manches-courtes-pour-homme\/\" \/>\n<meta property=\"og:site_name\" content=\"PERLE IN\" \/>\n<meta property=\"article:modified_time\" content=\"2025-10-19T03:48:24+00:00\" \/>\n<meta property=\"og:image\" content=\"https:\/\/perle-in.com\/wp-content\/uploads\/2025\/10\/R04271B-1.jpg\" \/>\n\t<meta property=\"og:image:width\" content=\"1600\" \/>\n\t<meta property=\"og:image:height\" content=\"1600\" \/>\n\t<meta property=\"og:image:type\" content=\"image\/jpeg\" \/>\n<meta name=\"twitter:card\" content=\"summary_large_image\" \/>\n<script type=\"application\/ld+json\" class=\"yoast-schema-graph\">{\"@context\":\"https:\\\/\\\/schema.org\",\"@graph\":[{\"@type\":\"WebPage\",\"@id\":\"https:\\\/\\\/perle-in.com\\\/produit\\\/t-shirt-imola-maille-piquee-a-manches-courtes-pour-homme\\\/\",\"url\":\"https:\\\/\\\/perle-in.com\\\/produit\\\/t-shirt-imola-maille-piquee-a-manches-courtes-pour-homme\\\/\",\"name\":\"T-shirt Imola maille piqu\u00e9e \u00e0 manches courtes pour homme - PERLE IN\",\"isPartOf\":{\"@id\":\"https:\\\/\\\/perle-in.com\\\/#website\"},\"primaryImageOfPage\":{\"@id\":\"https:\\\/\\\/perle-in.com\\\/produit\\\/t-shirt-imola-maille-piquee-a-manches-courtes-pour-homme\\\/#primaryimage\"},\"image\":{\"@id\":\"https:\\\/\\\/perle-in.com\\\/produit\\\/t-shirt-imola-maille-piquee-a-manches-courtes-pour-homme\\\/#primaryimage\"},\"thumbnailUrl\":\"https:\\\/\\\/perle-in.com\\\/wp-content\\\/uploads\\\/2025\\\/10\\\/R04271B-1.jpg\",\"datePublished\":\"2025-10-15T05:44:52+00:00\",\"dateModified\":\"2025-10-19T03:48:24+00:00\",\"breadcrumb\":{\"@id\":\"https:\\\/\\\/perle-in.com\\\/produit\\\/t-shirt-imola-maille-piquee-a-manches-courtes-pour-homme\\\/#breadcrumb\"},\"inLanguage\":\"en-CA\",\"potentialAction\":[{\"@type\":\"ReadAction\",\"target\":[\"https:\\\/\\\/perle-in.com\\\/produit\\\/t-shirt-imola-maille-piquee-a-manches-courtes-pour-homme\\\/\"]}]},{\"@type\":\"ImageObject\",\"inLanguage\":\"en-CA\",\"@id\":\"https:\\\/\\\/perle-in.com\\\/produit\\\/t-shirt-imola-maille-piquee-a-manches-courtes-pour-homme\\\/#primaryimage\",\"url\":\"https:\\\/\\\/perle-in.com\\\/wp-content\\\/uploads\\\/2025\\\/10\\\/R04271B-1.jpg\",\"contentUrl\":\"https:\\\/\\\/perle-in.com\\\/wp-content\\\/uploads\\\/2025\\\/10\\\/R04271B-1.jpg\",\"width\":1600,\"height\":1600},{\"@type\":\"BreadcrumbList\",\"@id\":\"https:\\\/\\\/perle-in.com\\\/produit\\\/t-shirt-imola-maille-piquee-a-manches-courtes-pour-homme\\\/#breadcrumb\",\"itemListElement\":[{\"@type\":\"ListItem\",\"position\":1,\"name\":\"Accueil\",\"item\":\"https:\\\/\\\/perle-in.com\\\/\"},{\"@type\":\"ListItem\",\"position\":2,\"name\":\"Boutique\",\"item\":\"https:\\\/\\\/perle-in.com\\\/boutique\\\/\"},{\"@type\":\"ListItem\",\"position\":3,\"name\":\"T-shirt Imola maille piqu\u00e9e \u00e0 manches courtes pour homme\"}]},{\"@type\":\"WebSite\",\"@id\":\"https:\\\/\\\/perle-in.com\\\/#website\",\"url\":\"https:\\\/\\\/perle-in.com\\\/\",\"name\":\"PERLE IN\",\"description\":\"\",\"publisher\":{\"@id\":\"https:\\\/\\\/perle-in.com\\\/#organization\"},\"potentialAction\":[{\"@type\":\"SearchAction\",\"target\":{\"@type\":\"EntryPoint\",\"urlTemplate\":\"https:\\\/\\\/perle-in.com\\\/?s={search_term_string}\"},\"query-input\":{\"@type\":\"PropertyValueSpecification\",\"valueRequired\":true,\"valueName\":\"search_term_string\"}}],\"inLanguage\":\"en-CA\"},{\"@type\":\"Organization\",\"@id\":\"https:\\\/\\\/perle-in.com\\\/#organization\",\"name\":\"PERLE IN\",\"url\":\"https:\\\/\\\/perle-in.com\\\/\",\"logo\":{\"@type\":\"ImageObject\",\"inLanguage\":\"en-CA\",\"@id\":\"https:\\\/\\\/perle-in.com\\\/#\\\/schema\\\/logo\\\/image\\\/\",\"url\":\"https:\\\/\\\/perle-in.com\\\/wp-content\\\/uploads\\\/2022\\\/12\\\/LOGO-PERLE-IN-COULEUR@3x.webp\",\"contentUrl\":\"https:\\\/\\\/perle-in.com\\\/wp-content\\\/uploads\\\/2022\\\/12\\\/LOGO-PERLE-IN-COULEUR@3x.webp\",\"width\":1600,\"height\":490,\"caption\":\"PERLE IN\"},\"image\":{\"@id\":\"https:\\\/\\\/perle-in.com\\\/#\\\/schema\\\/logo\\\/image\\\/\"}}]}<\/script>\n<!-- \/ Yoast SEO plugin. -->","yoast_head_json":{"title":"T-shirt Imola maille piqu\u00e9e \u00e0 manches courtes pour homme - PERLE IN","robots":{"index":"noindex","follow":"follow","max-snippet":"max-snippet:-1","max-image-preview":"max-image-preview:large","max-video-preview":"max-video-preview:-1"},"og_locale":"en_US","og_type":"article","og_title":"T-shirt Imola maille piqu\u00e9e \u00e0 manches courtes pour homme - PERLE IN","og_description":"T-shirt technique \u00e0 manches courtes en polyester recycl\u00e9 CONTROL-DRY. Col rond avec coutures recouvertes assorties. \u00c9tiquette logo ECO sur la manche. Emballage en mati\u00e8re recycl\u00e9e. \u00c9tiquette ECO d\u00e9tachable. Emballage en mati\u00e8re recycl\u00e9e. Tissu technique. Le mannequin mesure 180 cm et porte la taille M.","og_url":"https:\/\/perle-in.com\/en\/product\/t-shirt-imola-maille-piquee-a-manches-courtes-pour-homme\/","og_site_name":"PERLE IN","article_modified_time":"2025-10-19T03:48:24+00:00","og_image":[{"width":1600,"height":1600,"url":"https:\/\/perle-in.com\/wp-content\/uploads\/2025\/10\/R04271B-1.jpg","type":"image\/jpeg"}],"twitter_card":"summary_large_image","schema":{"@context":"https:\/\/schema.org","@graph":[{"@type":"WebPage","@id":"https:\/\/perle-in.com\/produit\/t-shirt-imola-maille-piquee-a-manches-courtes-pour-homme\/","url":"https:\/\/perle-in.com\/produit\/t-shirt-imola-maille-piquee-a-manches-courtes-pour-homme\/","name":"T-shirt Imola maille piqu\u00e9e \u00e0 manches courtes pour homme - PERLE IN","isPartOf":{"@id":"https:\/\/perle-in.com\/#website"},"primaryImageOfPage":{"@id":"https:\/\/perle-in.com\/produit\/t-shirt-imola-maille-piquee-a-manches-courtes-pour-homme\/#primaryimage"},"image":{"@id":"https:\/\/perle-in.com\/produit\/t-shirt-imola-maille-piquee-a-manches-courtes-pour-homme\/#primaryimage"},"thumbnailUrl":"https:\/\/perle-in.com\/wp-content\/uploads\/2025\/10\/R04271B-1.jpg","datePublished":"2025-10-15T05:44:52+00:00","dateModified":"2025-10-19T03:48:24+00:00","breadcrumb":{"@id":"https:\/\/perle-in.com\/produit\/t-shirt-imola-maille-piquee-a-manches-courtes-pour-homme\/#breadcrumb"},"inLanguage":"en-CA","potentialAction":[{"@type":"ReadAction","target":["https:\/\/perle-in.com\/produit\/t-shirt-imola-maille-piquee-a-manches-courtes-pour-homme\/"]}]},{"@type":"ImageObject","inLanguage":"en-CA","@id":"https:\/\/perle-in.com\/produit\/t-shirt-imola-maille-piquee-a-manches-courtes-pour-homme\/#primaryimage","url":"https:\/\/perle-in.com\/wp-content\/uploads\/2025\/10\/R04271B-1.jpg","contentUrl":"https:\/\/perle-in.com\/wp-content\/uploads\/2025\/10\/R04271B-1.jpg","width":1600,"height":1600},{"@type":"BreadcrumbList","@id":"https:\/\/perle-in.com\/produit\/t-shirt-imola-maille-piquee-a-manches-courtes-pour-homme\/#breadcrumb","itemListElement":[{"@type":"ListItem","position":1,"name":"Accueil","item":"https:\/\/perle-in.com\/"},{"@type":"ListItem","position":2,"name":"Boutique","item":"https:\/\/perle-in.com\/boutique\/"},{"@type":"ListItem","position":3,"name":"T-shirt Imola maille piqu\u00e9e \u00e0 manches courtes pour homme"}]},{"@type":"WebSite","@id":"https:\/\/perle-in.com\/#website","url":"https:\/\/perle-in.com\/","name":"PERLE IN","description":"","publisher":{"@id":"https:\/\/perle-in.com\/#organization"},"potentialAction":[{"@type":"SearchAction","target":{"@type":"EntryPoint","urlTemplate":"https:\/\/perle-in.com\/?s={search_term_string}"},"query-input":{"@type":"PropertyValueSpecification","valueRequired":true,"valueName":"search_term_string"}}],"inLanguage":"en-CA"},{"@type":"Organization","@id":"https:\/\/perle-in.com\/#organization","name":"PERLE IN","url":"https:\/\/perle-in.com\/","logo":{"@type":"ImageObject","inLanguage":"en-CA","@id":"https:\/\/perle-in.com\/#\/schema\/logo\/image\/","url":"https:\/\/perle-in.com\/wp-content\/uploads\/2022\/12\/LOGO-PERLE-IN-COULEUR@3x.webp","contentUrl":"https:\/\/perle-in.com\/wp-content\/uploads\/2022\/12\/LOGO-PERLE-IN-COULEUR@3x.webp","width":1600,"height":490,"caption":"PERLE IN"},"image":{"@id":"https:\/\/perle-in.com\/#\/schema\/logo\/image\/"}}]}},"jetpack_sharing_enabled":true,"_links":{"self":[{"href":"https:\/\/perle-in.com\/en\/wp-json\/wp\/v2\/product\/554171","targetHints":{"allow":["GET"]}}],"collection":[{"href":"https:\/\/perle-in.com\/en\/wp-json\/wp\/v2\/product"}],"about":[{"href":"https:\/\/perle-in.com\/en\/wp-json\/wp\/v2\/types\/product"}],"version-history":[{"count":0,"href":"https:\/\/perle-in.com\/en\/wp-json\/wp\/v2\/product\/554171\/revisions"}],"wp:featuredmedia":[{"embeddable":true,"href":"https:\/\/perle-in.com\/en\/wp-json\/wp\/v2\/media\/554076"}],"wp:attachment":[{"href":"https:\/\/perle-in.com\/en\/wp-json\/wp\/v2\/media?parent=554171"}],"wp:term":[{"taxonomy":"product_brand","embeddable":true,"href":"https:\/\/perle-in.com\/en\/wp-json\/wp\/v2\/product_brand?post=554171"},{"taxonomy":"product_cat","embeddable":true,"href":"https:\/\/perle-in.com\/en\/wp-json\/wp\/v2\/product_cat?post=554171"},{"taxonomy":"product_tag","embeddable":true,"href":"https:\/\/perle-in.com\/en\/wp-json\/wp\/v2\/product_tag?post=554171"}],"curies":[{"name":"wp","href":"https:\/\/api.w.org\/{rel}","templated":true}]}}