{"id":552824,"date":"2025-10-15T06:55:04","date_gmt":"2025-10-15T04:55:04","guid":{"rendered":"https:\/\/perle-in.com\/produit\/pull-a-col-ras-du-cou-clasica-pour-enfant\/"},"modified":"2025-10-19T05:48:20","modified_gmt":"2025-10-19T03:48:20","slug":"pull-a-col-ras-du-cou-clasica-pour-enfant","status":"publish","type":"product","link":"https:\/\/perle-in.com\/en\/product\/pull-a-col-ras-du-cou-clasica-pour-enfant\/","title":{"rendered":"Pull \u00e0 col ras-du-cou Clasica pour enfant"},"content":{"rendered":"","protected":false},"excerpt":{"rendered":"<p>Sweat-shirt classique avec c\u00f4te \u00e9lasthanne 1&#215;1 au col, aux poignets et \u00e0 la taille. Coutures recouvertes renforc\u00e9es au col. \u00c9tiquette d\u00e9tachable.<\/p>","protected":false},"featured_media":552167,"template":"","meta":{"_eb_attr":""},"product_brand":[],"product_cat":[1262,1024],"product_tag":[3481,3482,3449,3448,3447,2451,3445,3480,2440,2662,3446,3483],"class_list":{"0":"post-552824","1":"product","2":"type-product","3":"status-publish","4":"has-post-thumbnail","6":"product_cat-sweat","7":"product_cat-vetements","8":"product_tag-hoodie","9":"product_tag-hoodies","10":"product_tag-jumpers","11":"product_tag-knits","12":"product_tag-knitted","13":"product_tag-pull","14":"product_tag-roly","15":"product_tag-sweaters","16":"product_tag-sweats-a-capuche","17":"product_tag-sweatshirt","18":"product_tag-sweatshirts","19":"product_tag-sweatshirts-a-capuche","20":"pa_couleurs-blanc","21":"pa_couleurs-bleu-ciel","22":"pa_couleurs-bleu-marine","23":"pa_couleurs-bleu-ocean","24":"pa_couleurs-bleu-royal","25":"pa_couleurs-grenat","26":"pa_couleurs-gris-chine","27":"pa_couleurs-jaune","28":"pa_couleurs-noir","29":"pa_couleurs-orange","30":"pa_couleurs-rose-clair","31":"pa_couleurs-rosette","32":"pa_couleurs-rouge","33":"pa_couleurs-turquoise","34":"pa_couleurs-vert-kelly","35":"pa_couleurs-vert-oasis","36":"pa_couleurs-violet","37":"pa_genre-kids","38":"pa_marque-roly","39":"pa_matiere-tricot-50-coton-et-50-polyester-280-g-m2","40":"pa_pays-d-origine-bengladesh","41":"pa_taille-11-12","42":"pa_taille-3-4","43":"pa_taille-5-6","44":"pa_taille-7-8","45":"pa_taille-9-10","47":"first","48":"instock","49":"shipping-taxable","50":"purchasable","51":"product-type-variable"},"yoast_head":"<!-- This site is optimized with the Yoast SEO plugin v27.4 - https:\/\/yoast.com\/product\/yoast-seo-wordpress\/ -->\n<title>Pull \u00e0 col ras-du-cou Clasica pour enfant - PERLE IN<\/title>\n<meta name=\"robots\" content=\"noindex, follow, max-snippet:-1, max-image-preview:large, max-video-preview:-1\" \/>\n<meta property=\"og:locale\" content=\"en_US\" \/>\n<meta property=\"og:type\" content=\"article\" \/>\n<meta property=\"og:title\" content=\"Pull \u00e0 col ras-du-cou Clasica pour enfant - PERLE IN\" \/>\n<meta property=\"og:description\" content=\"Sweat-shirt classique avec c\u00f4te \u00e9lasthanne 1x1 au col, aux poignets et \u00e0 la taille. Coutures recouvertes renforc\u00e9es au col. \u00c9tiquette d\u00e9tachable.\" \/>\n<meta property=\"og:url\" content=\"https:\/\/perle-in.com\/en\/product\/pull-a-col-ras-du-cou-clasica-pour-enfant\/\" \/>\n<meta property=\"og:site_name\" content=\"PERLE IN\" \/>\n<meta property=\"article:modified_time\" content=\"2025-10-19T03:48:20+00:00\" \/>\n<meta property=\"og:image\" content=\"https:\/\/perle-in.com\/wp-content\/uploads\/2025\/10\/K10701B-2.jpg\" \/>\n\t<meta property=\"og:image:width\" content=\"1600\" \/>\n\t<meta property=\"og:image:height\" content=\"1600\" \/>\n\t<meta property=\"og:image:type\" content=\"image\/jpeg\" \/>\n<meta name=\"twitter:card\" content=\"summary_large_image\" \/>\n<script type=\"application\/ld+json\" class=\"yoast-schema-graph\">{\"@context\":\"https:\\\/\\\/schema.org\",\"@graph\":[{\"@type\":\"WebPage\",\"@id\":\"https:\\\/\\\/perle-in.com\\\/produit\\\/pull-a-col-ras-du-cou-clasica-pour-enfant\\\/\",\"url\":\"https:\\\/\\\/perle-in.com\\\/produit\\\/pull-a-col-ras-du-cou-clasica-pour-enfant\\\/\",\"name\":\"Pull \u00e0 col ras-du-cou Clasica pour enfant - PERLE IN\",\"isPartOf\":{\"@id\":\"https:\\\/\\\/perle-in.com\\\/#website\"},\"primaryImageOfPage\":{\"@id\":\"https:\\\/\\\/perle-in.com\\\/produit\\\/pull-a-col-ras-du-cou-clasica-pour-enfant\\\/#primaryimage\"},\"image\":{\"@id\":\"https:\\\/\\\/perle-in.com\\\/produit\\\/pull-a-col-ras-du-cou-clasica-pour-enfant\\\/#primaryimage\"},\"thumbnailUrl\":\"https:\\\/\\\/perle-in.com\\\/wp-content\\\/uploads\\\/2025\\\/10\\\/K10701B-2.jpg\",\"datePublished\":\"2025-10-15T04:55:04+00:00\",\"dateModified\":\"2025-10-19T03:48:20+00:00\",\"breadcrumb\":{\"@id\":\"https:\\\/\\\/perle-in.com\\\/produit\\\/pull-a-col-ras-du-cou-clasica-pour-enfant\\\/#breadcrumb\"},\"inLanguage\":\"en-CA\",\"potentialAction\":[{\"@type\":\"ReadAction\",\"target\":[\"https:\\\/\\\/perle-in.com\\\/produit\\\/pull-a-col-ras-du-cou-clasica-pour-enfant\\\/\"]}]},{\"@type\":\"ImageObject\",\"inLanguage\":\"en-CA\",\"@id\":\"https:\\\/\\\/perle-in.com\\\/produit\\\/pull-a-col-ras-du-cou-clasica-pour-enfant\\\/#primaryimage\",\"url\":\"https:\\\/\\\/perle-in.com\\\/wp-content\\\/uploads\\\/2025\\\/10\\\/K10701B-2.jpg\",\"contentUrl\":\"https:\\\/\\\/perle-in.com\\\/wp-content\\\/uploads\\\/2025\\\/10\\\/K10701B-2.jpg\",\"width\":1600,\"height\":1600},{\"@type\":\"BreadcrumbList\",\"@id\":\"https:\\\/\\\/perle-in.com\\\/produit\\\/pull-a-col-ras-du-cou-clasica-pour-enfant\\\/#breadcrumb\",\"itemListElement\":[{\"@type\":\"ListItem\",\"position\":1,\"name\":\"Accueil\",\"item\":\"https:\\\/\\\/perle-in.com\\\/\"},{\"@type\":\"ListItem\",\"position\":2,\"name\":\"Boutique\",\"item\":\"https:\\\/\\\/perle-in.com\\\/boutique\\\/\"},{\"@type\":\"ListItem\",\"position\":3,\"name\":\"Pull \u00e0 col ras-du-cou Clasica pour enfant\"}]},{\"@type\":\"WebSite\",\"@id\":\"https:\\\/\\\/perle-in.com\\\/#website\",\"url\":\"https:\\\/\\\/perle-in.com\\\/\",\"name\":\"PERLE IN\",\"description\":\"\",\"publisher\":{\"@id\":\"https:\\\/\\\/perle-in.com\\\/#organization\"},\"potentialAction\":[{\"@type\":\"SearchAction\",\"target\":{\"@type\":\"EntryPoint\",\"urlTemplate\":\"https:\\\/\\\/perle-in.com\\\/?s={search_term_string}\"},\"query-input\":{\"@type\":\"PropertyValueSpecification\",\"valueRequired\":true,\"valueName\":\"search_term_string\"}}],\"inLanguage\":\"en-CA\"},{\"@type\":\"Organization\",\"@id\":\"https:\\\/\\\/perle-in.com\\\/#organization\",\"name\":\"PERLE IN\",\"url\":\"https:\\\/\\\/perle-in.com\\\/\",\"logo\":{\"@type\":\"ImageObject\",\"inLanguage\":\"en-CA\",\"@id\":\"https:\\\/\\\/perle-in.com\\\/#\\\/schema\\\/logo\\\/image\\\/\",\"url\":\"https:\\\/\\\/perle-in.com\\\/wp-content\\\/uploads\\\/2022\\\/12\\\/LOGO-PERLE-IN-COULEUR@3x.webp\",\"contentUrl\":\"https:\\\/\\\/perle-in.com\\\/wp-content\\\/uploads\\\/2022\\\/12\\\/LOGO-PERLE-IN-COULEUR@3x.webp\",\"width\":1600,\"height\":490,\"caption\":\"PERLE IN\"},\"image\":{\"@id\":\"https:\\\/\\\/perle-in.com\\\/#\\\/schema\\\/logo\\\/image\\\/\"}}]}<\/script>\n<!-- \/ Yoast SEO plugin. -->","yoast_head_json":{"title":"Pull \u00e0 col ras-du-cou Clasica pour enfant - PERLE IN","robots":{"index":"noindex","follow":"follow","max-snippet":"max-snippet:-1","max-image-preview":"max-image-preview:large","max-video-preview":"max-video-preview:-1"},"og_locale":"en_US","og_type":"article","og_title":"Pull \u00e0 col ras-du-cou Clasica pour enfant - PERLE IN","og_description":"Sweat-shirt classique avec c\u00f4te \u00e9lasthanne 1x1 au col, aux poignets et \u00e0 la taille. Coutures recouvertes renforc\u00e9es au col. \u00c9tiquette d\u00e9tachable.","og_url":"https:\/\/perle-in.com\/en\/product\/pull-a-col-ras-du-cou-clasica-pour-enfant\/","og_site_name":"PERLE IN","article_modified_time":"2025-10-19T03:48:20+00:00","og_image":[{"width":1600,"height":1600,"url":"https:\/\/perle-in.com\/wp-content\/uploads\/2025\/10\/K10701B-2.jpg","type":"image\/jpeg"}],"twitter_card":"summary_large_image","schema":{"@context":"https:\/\/schema.org","@graph":[{"@type":"WebPage","@id":"https:\/\/perle-in.com\/produit\/pull-a-col-ras-du-cou-clasica-pour-enfant\/","url":"https:\/\/perle-in.com\/produit\/pull-a-col-ras-du-cou-clasica-pour-enfant\/","name":"Pull \u00e0 col ras-du-cou Clasica pour enfant - PERLE IN","isPartOf":{"@id":"https:\/\/perle-in.com\/#website"},"primaryImageOfPage":{"@id":"https:\/\/perle-in.com\/produit\/pull-a-col-ras-du-cou-clasica-pour-enfant\/#primaryimage"},"image":{"@id":"https:\/\/perle-in.com\/produit\/pull-a-col-ras-du-cou-clasica-pour-enfant\/#primaryimage"},"thumbnailUrl":"https:\/\/perle-in.com\/wp-content\/uploads\/2025\/10\/K10701B-2.jpg","datePublished":"2025-10-15T04:55:04+00:00","dateModified":"2025-10-19T03:48:20+00:00","breadcrumb":{"@id":"https:\/\/perle-in.com\/produit\/pull-a-col-ras-du-cou-clasica-pour-enfant\/#breadcrumb"},"inLanguage":"en-CA","potentialAction":[{"@type":"ReadAction","target":["https:\/\/perle-in.com\/produit\/pull-a-col-ras-du-cou-clasica-pour-enfant\/"]}]},{"@type":"ImageObject","inLanguage":"en-CA","@id":"https:\/\/perle-in.com\/produit\/pull-a-col-ras-du-cou-clasica-pour-enfant\/#primaryimage","url":"https:\/\/perle-in.com\/wp-content\/uploads\/2025\/10\/K10701B-2.jpg","contentUrl":"https:\/\/perle-in.com\/wp-content\/uploads\/2025\/10\/K10701B-2.jpg","width":1600,"height":1600},{"@type":"BreadcrumbList","@id":"https:\/\/perle-in.com\/produit\/pull-a-col-ras-du-cou-clasica-pour-enfant\/#breadcrumb","itemListElement":[{"@type":"ListItem","position":1,"name":"Accueil","item":"https:\/\/perle-in.com\/"},{"@type":"ListItem","position":2,"name":"Boutique","item":"https:\/\/perle-in.com\/boutique\/"},{"@type":"ListItem","position":3,"name":"Pull \u00e0 col ras-du-cou Clasica pour enfant"}]},{"@type":"WebSite","@id":"https:\/\/perle-in.com\/#website","url":"https:\/\/perle-in.com\/","name":"PERLE IN","description":"","publisher":{"@id":"https:\/\/perle-in.com\/#organization"},"potentialAction":[{"@type":"SearchAction","target":{"@type":"EntryPoint","urlTemplate":"https:\/\/perle-in.com\/?s={search_term_string}"},"query-input":{"@type":"PropertyValueSpecification","valueRequired":true,"valueName":"search_term_string"}}],"inLanguage":"en-CA"},{"@type":"Organization","@id":"https:\/\/perle-in.com\/#organization","name":"PERLE IN","url":"https:\/\/perle-in.com\/","logo":{"@type":"ImageObject","inLanguage":"en-CA","@id":"https:\/\/perle-in.com\/#\/schema\/logo\/image\/","url":"https:\/\/perle-in.com\/wp-content\/uploads\/2022\/12\/LOGO-PERLE-IN-COULEUR@3x.webp","contentUrl":"https:\/\/perle-in.com\/wp-content\/uploads\/2022\/12\/LOGO-PERLE-IN-COULEUR@3x.webp","width":1600,"height":490,"caption":"PERLE IN"},"image":{"@id":"https:\/\/perle-in.com\/#\/schema\/logo\/image\/"}}]}},"jetpack_sharing_enabled":true,"_links":{"self":[{"href":"https:\/\/perle-in.com\/en\/wp-json\/wp\/v2\/product\/552824","targetHints":{"allow":["GET"]}}],"collection":[{"href":"https:\/\/perle-in.com\/en\/wp-json\/wp\/v2\/product"}],"about":[{"href":"https:\/\/perle-in.com\/en\/wp-json\/wp\/v2\/types\/product"}],"version-history":[{"count":0,"href":"https:\/\/perle-in.com\/en\/wp-json\/wp\/v2\/product\/552824\/revisions"}],"wp:featuredmedia":[{"embeddable":true,"href":"https:\/\/perle-in.com\/en\/wp-json\/wp\/v2\/media\/552167"}],"wp:attachment":[{"href":"https:\/\/perle-in.com\/en\/wp-json\/wp\/v2\/media?parent=552824"}],"wp:term":[{"taxonomy":"product_brand","embeddable":true,"href":"https:\/\/perle-in.com\/en\/wp-json\/wp\/v2\/product_brand?post=552824"},{"taxonomy":"product_cat","embeddable":true,"href":"https:\/\/perle-in.com\/en\/wp-json\/wp\/v2\/product_cat?post=552824"},{"taxonomy":"product_tag","embeddable":true,"href":"https:\/\/perle-in.com\/en\/wp-json\/wp\/v2\/product_tag?post=552824"}],"curies":[{"name":"wp","href":"https:\/\/api.w.org\/{rel}","templated":true}]}}