{"id":551620,"date":"2025-10-15T05:58:18","date_gmt":"2025-10-15T03:58:18","guid":{"rendered":"https:\/\/perle-in.com\/produit\/t-shirt-beagle-a-manches-courtes-pour-enfant\/"},"modified":"2025-10-19T05:48:17","modified_gmt":"2025-10-19T03:48:17","slug":"t-shirt-beagle-a-manches-courtes-pour-enfant","status":"publish","type":"product","link":"https:\/\/perle-in.com\/en\/product\/t-shirt-beagle-a-manches-courtes-pour-enfant\/","title":{"rendered":"T-shirt Beagle \u00e0 manches courtes pour enfant"},"content":{"rendered":"","protected":false},"excerpt":{"rendered":"<p>T-shirt \u00e0 manches courtes avec col rond double \u00e9paisseur en \u00e9lasthanne en tissu tubulaire. Coutures recouvertes renforc\u00e9es au col. \u00c9tiquette d\u00e9tachable. Le mannequin mesure 120 cm et porte la taille 5\/6.<\/p>","protected":false},"featured_media":548828,"template":"","meta":{"_eb_attr":""},"product_brand":[],"product_cat":[1258,1024],"product_tag":[3445,2376,2377,2378,2379],"class_list":{"0":"post-551620","1":"product","2":"type-product","3":"status-publish","4":"has-post-thumbnail","6":"product_cat-t-shirts","7":"product_cat-vetements","8":"product_tag-roly","9":"product_tag-t-shirt","10":"product_tag-t-shirts","11":"product_tag-tshirt","12":"product_tag-tshirts","13":"pa_couleurs-blanc","14":"pa_couleurs-bleu-cendre","15":"pa_couleurs-bleu-ciel","16":"pa_couleurs-bleu-denim","17":"pa_couleurs-bleu-marine","18":"pa_couleurs-bleu-royal","19":"pa_couleurs-deep-blue","20":"pa_couleurs-grenat","21":"pa_couleurs-gris-chine","22":"pa_couleurs-jaune","23":"pa_couleurs-noir","24":"pa_couleurs-ocre","25":"pa_couleurs-orange","26":"pa_couleurs-rose-clair","27":"pa_couleurs-rosette","28":"pa_couleurs-rouge","29":"pa_couleurs-rouge-brique","30":"pa_couleurs-turquoise","31":"pa_couleurs-vert-herbe","32":"pa_couleurs-vert-kelly","33":"pa_couleurs-vert-oasis","34":"pa_couleurs-violet","35":"pa_genre-kids","36":"pa_marque-roly","37":"pa_matiere-maille-jersey-simple-100-coton-155-g-m2","38":"pa_pays-d-origine-bengladesh","39":"pa_taille-11-12","40":"pa_taille-3-4","41":"pa_taille-5-6","42":"pa_taille-7-8","43":"pa_taille-9-10","45":"first","46":"instock","47":"shipping-taxable","48":"purchasable","49":"product-type-variable"},"yoast_head":"<!-- This site is optimized with the Yoast SEO plugin v27.4 - https:\/\/yoast.com\/product\/yoast-seo-wordpress\/ -->\n<title>T-shirt Beagle \u00e0 manches courtes pour enfant - PERLE IN<\/title>\n<meta name=\"robots\" content=\"noindex, follow, max-snippet:-1, max-image-preview:large, max-video-preview:-1\" \/>\n<meta property=\"og:locale\" content=\"en_US\" \/>\n<meta property=\"og:type\" content=\"article\" \/>\n<meta property=\"og:title\" content=\"T-shirt Beagle \u00e0 manches courtes pour enfant - PERLE IN\" \/>\n<meta property=\"og:description\" content=\"T-shirt \u00e0 manches courtes avec col rond double \u00e9paisseur en \u00e9lasthanne en tissu tubulaire. Coutures recouvertes renforc\u00e9es au col. \u00c9tiquette d\u00e9tachable. Le mannequin mesure 120 cm et porte la taille 5\/6.\" \/>\n<meta property=\"og:url\" content=\"https:\/\/perle-in.com\/en\/product\/t-shirt-beagle-a-manches-courtes-pour-enfant\/\" \/>\n<meta property=\"og:site_name\" content=\"PERLE IN\" \/>\n<meta property=\"article:modified_time\" content=\"2025-10-19T03:48:17+00:00\" \/>\n<meta property=\"og:image\" content=\"https:\/\/perle-in.com\/wp-content\/uploads\/2025\/10\/K65541B-5.jpg\" \/>\n\t<meta property=\"og:image:width\" content=\"1600\" \/>\n\t<meta property=\"og:image:height\" content=\"1600\" \/>\n\t<meta property=\"og:image:type\" content=\"image\/jpeg\" \/>\n<meta name=\"twitter:card\" content=\"summary_large_image\" \/>\n<script type=\"application\/ld+json\" class=\"yoast-schema-graph\">{\"@context\":\"https:\\\/\\\/schema.org\",\"@graph\":[{\"@type\":\"WebPage\",\"@id\":\"https:\\\/\\\/perle-in.com\\\/produit\\\/t-shirt-beagle-a-manches-courtes-pour-enfant\\\/\",\"url\":\"https:\\\/\\\/perle-in.com\\\/produit\\\/t-shirt-beagle-a-manches-courtes-pour-enfant\\\/\",\"name\":\"T-shirt Beagle \u00e0 manches courtes pour enfant - PERLE IN\",\"isPartOf\":{\"@id\":\"https:\\\/\\\/perle-in.com\\\/#website\"},\"primaryImageOfPage\":{\"@id\":\"https:\\\/\\\/perle-in.com\\\/produit\\\/t-shirt-beagle-a-manches-courtes-pour-enfant\\\/#primaryimage\"},\"image\":{\"@id\":\"https:\\\/\\\/perle-in.com\\\/produit\\\/t-shirt-beagle-a-manches-courtes-pour-enfant\\\/#primaryimage\"},\"thumbnailUrl\":\"https:\\\/\\\/perle-in.com\\\/wp-content\\\/uploads\\\/2025\\\/10\\\/K65541B-5.jpg\",\"datePublished\":\"2025-10-15T03:58:18+00:00\",\"dateModified\":\"2025-10-19T03:48:17+00:00\",\"breadcrumb\":{\"@id\":\"https:\\\/\\\/perle-in.com\\\/produit\\\/t-shirt-beagle-a-manches-courtes-pour-enfant\\\/#breadcrumb\"},\"inLanguage\":\"en-CA\",\"potentialAction\":[{\"@type\":\"ReadAction\",\"target\":[\"https:\\\/\\\/perle-in.com\\\/produit\\\/t-shirt-beagle-a-manches-courtes-pour-enfant\\\/\"]}]},{\"@type\":\"ImageObject\",\"inLanguage\":\"en-CA\",\"@id\":\"https:\\\/\\\/perle-in.com\\\/produit\\\/t-shirt-beagle-a-manches-courtes-pour-enfant\\\/#primaryimage\",\"url\":\"https:\\\/\\\/perle-in.com\\\/wp-content\\\/uploads\\\/2025\\\/10\\\/K65541B-5.jpg\",\"contentUrl\":\"https:\\\/\\\/perle-in.com\\\/wp-content\\\/uploads\\\/2025\\\/10\\\/K65541B-5.jpg\",\"width\":1600,\"height\":1600},{\"@type\":\"BreadcrumbList\",\"@id\":\"https:\\\/\\\/perle-in.com\\\/produit\\\/t-shirt-beagle-a-manches-courtes-pour-enfant\\\/#breadcrumb\",\"itemListElement\":[{\"@type\":\"ListItem\",\"position\":1,\"name\":\"Accueil\",\"item\":\"https:\\\/\\\/perle-in.com\\\/\"},{\"@type\":\"ListItem\",\"position\":2,\"name\":\"Boutique\",\"item\":\"https:\\\/\\\/perle-in.com\\\/boutique\\\/\"},{\"@type\":\"ListItem\",\"position\":3,\"name\":\"T-shirt Beagle \u00e0 manches courtes pour enfant\"}]},{\"@type\":\"WebSite\",\"@id\":\"https:\\\/\\\/perle-in.com\\\/#website\",\"url\":\"https:\\\/\\\/perle-in.com\\\/\",\"name\":\"PERLE IN\",\"description\":\"\",\"publisher\":{\"@id\":\"https:\\\/\\\/perle-in.com\\\/#organization\"},\"potentialAction\":[{\"@type\":\"SearchAction\",\"target\":{\"@type\":\"EntryPoint\",\"urlTemplate\":\"https:\\\/\\\/perle-in.com\\\/?s={search_term_string}\"},\"query-input\":{\"@type\":\"PropertyValueSpecification\",\"valueRequired\":true,\"valueName\":\"search_term_string\"}}],\"inLanguage\":\"en-CA\"},{\"@type\":\"Organization\",\"@id\":\"https:\\\/\\\/perle-in.com\\\/#organization\",\"name\":\"PERLE IN\",\"url\":\"https:\\\/\\\/perle-in.com\\\/\",\"logo\":{\"@type\":\"ImageObject\",\"inLanguage\":\"en-CA\",\"@id\":\"https:\\\/\\\/perle-in.com\\\/#\\\/schema\\\/logo\\\/image\\\/\",\"url\":\"https:\\\/\\\/perle-in.com\\\/wp-content\\\/uploads\\\/2022\\\/12\\\/LOGO-PERLE-IN-COULEUR@3x.webp\",\"contentUrl\":\"https:\\\/\\\/perle-in.com\\\/wp-content\\\/uploads\\\/2022\\\/12\\\/LOGO-PERLE-IN-COULEUR@3x.webp\",\"width\":1600,\"height\":490,\"caption\":\"PERLE IN\"},\"image\":{\"@id\":\"https:\\\/\\\/perle-in.com\\\/#\\\/schema\\\/logo\\\/image\\\/\"}}]}<\/script>\n<!-- \/ Yoast SEO plugin. -->","yoast_head_json":{"title":"T-shirt Beagle \u00e0 manches courtes pour enfant - PERLE IN","robots":{"index":"noindex","follow":"follow","max-snippet":"max-snippet:-1","max-image-preview":"max-image-preview:large","max-video-preview":"max-video-preview:-1"},"og_locale":"en_US","og_type":"article","og_title":"T-shirt Beagle \u00e0 manches courtes pour enfant - PERLE IN","og_description":"T-shirt \u00e0 manches courtes avec col rond double \u00e9paisseur en \u00e9lasthanne en tissu tubulaire. Coutures recouvertes renforc\u00e9es au col. \u00c9tiquette d\u00e9tachable. Le mannequin mesure 120 cm et porte la taille 5\/6.","og_url":"https:\/\/perle-in.com\/en\/product\/t-shirt-beagle-a-manches-courtes-pour-enfant\/","og_site_name":"PERLE IN","article_modified_time":"2025-10-19T03:48:17+00:00","og_image":[{"width":1600,"height":1600,"url":"https:\/\/perle-in.com\/wp-content\/uploads\/2025\/10\/K65541B-5.jpg","type":"image\/jpeg"}],"twitter_card":"summary_large_image","schema":{"@context":"https:\/\/schema.org","@graph":[{"@type":"WebPage","@id":"https:\/\/perle-in.com\/produit\/t-shirt-beagle-a-manches-courtes-pour-enfant\/","url":"https:\/\/perle-in.com\/produit\/t-shirt-beagle-a-manches-courtes-pour-enfant\/","name":"T-shirt Beagle \u00e0 manches courtes pour enfant - PERLE IN","isPartOf":{"@id":"https:\/\/perle-in.com\/#website"},"primaryImageOfPage":{"@id":"https:\/\/perle-in.com\/produit\/t-shirt-beagle-a-manches-courtes-pour-enfant\/#primaryimage"},"image":{"@id":"https:\/\/perle-in.com\/produit\/t-shirt-beagle-a-manches-courtes-pour-enfant\/#primaryimage"},"thumbnailUrl":"https:\/\/perle-in.com\/wp-content\/uploads\/2025\/10\/K65541B-5.jpg","datePublished":"2025-10-15T03:58:18+00:00","dateModified":"2025-10-19T03:48:17+00:00","breadcrumb":{"@id":"https:\/\/perle-in.com\/produit\/t-shirt-beagle-a-manches-courtes-pour-enfant\/#breadcrumb"},"inLanguage":"en-CA","potentialAction":[{"@type":"ReadAction","target":["https:\/\/perle-in.com\/produit\/t-shirt-beagle-a-manches-courtes-pour-enfant\/"]}]},{"@type":"ImageObject","inLanguage":"en-CA","@id":"https:\/\/perle-in.com\/produit\/t-shirt-beagle-a-manches-courtes-pour-enfant\/#primaryimage","url":"https:\/\/perle-in.com\/wp-content\/uploads\/2025\/10\/K65541B-5.jpg","contentUrl":"https:\/\/perle-in.com\/wp-content\/uploads\/2025\/10\/K65541B-5.jpg","width":1600,"height":1600},{"@type":"BreadcrumbList","@id":"https:\/\/perle-in.com\/produit\/t-shirt-beagle-a-manches-courtes-pour-enfant\/#breadcrumb","itemListElement":[{"@type":"ListItem","position":1,"name":"Accueil","item":"https:\/\/perle-in.com\/"},{"@type":"ListItem","position":2,"name":"Boutique","item":"https:\/\/perle-in.com\/boutique\/"},{"@type":"ListItem","position":3,"name":"T-shirt Beagle \u00e0 manches courtes pour enfant"}]},{"@type":"WebSite","@id":"https:\/\/perle-in.com\/#website","url":"https:\/\/perle-in.com\/","name":"PERLE IN","description":"","publisher":{"@id":"https:\/\/perle-in.com\/#organization"},"potentialAction":[{"@type":"SearchAction","target":{"@type":"EntryPoint","urlTemplate":"https:\/\/perle-in.com\/?s={search_term_string}"},"query-input":{"@type":"PropertyValueSpecification","valueRequired":true,"valueName":"search_term_string"}}],"inLanguage":"en-CA"},{"@type":"Organization","@id":"https:\/\/perle-in.com\/#organization","name":"PERLE IN","url":"https:\/\/perle-in.com\/","logo":{"@type":"ImageObject","inLanguage":"en-CA","@id":"https:\/\/perle-in.com\/#\/schema\/logo\/image\/","url":"https:\/\/perle-in.com\/wp-content\/uploads\/2022\/12\/LOGO-PERLE-IN-COULEUR@3x.webp","contentUrl":"https:\/\/perle-in.com\/wp-content\/uploads\/2022\/12\/LOGO-PERLE-IN-COULEUR@3x.webp","width":1600,"height":490,"caption":"PERLE IN"},"image":{"@id":"https:\/\/perle-in.com\/#\/schema\/logo\/image\/"}}]}},"jetpack_sharing_enabled":true,"_links":{"self":[{"href":"https:\/\/perle-in.com\/en\/wp-json\/wp\/v2\/product\/551620","targetHints":{"allow":["GET"]}}],"collection":[{"href":"https:\/\/perle-in.com\/en\/wp-json\/wp\/v2\/product"}],"about":[{"href":"https:\/\/perle-in.com\/en\/wp-json\/wp\/v2\/types\/product"}],"version-history":[{"count":0,"href":"https:\/\/perle-in.com\/en\/wp-json\/wp\/v2\/product\/551620\/revisions"}],"wp:featuredmedia":[{"embeddable":true,"href":"https:\/\/perle-in.com\/en\/wp-json\/wp\/v2\/media\/548828"}],"wp:attachment":[{"href":"https:\/\/perle-in.com\/en\/wp-json\/wp\/v2\/media?parent=551620"}],"wp:term":[{"taxonomy":"product_brand","embeddable":true,"href":"https:\/\/perle-in.com\/en\/wp-json\/wp\/v2\/product_brand?post=551620"},{"taxonomy":"product_cat","embeddable":true,"href":"https:\/\/perle-in.com\/en\/wp-json\/wp\/v2\/product_cat?post=551620"},{"taxonomy":"product_tag","embeddable":true,"href":"https:\/\/perle-in.com\/en\/wp-json\/wp\/v2\/product_tag?post=551620"}],"curies":[{"name":"wp","href":"https:\/\/api.w.org\/{rel}","templated":true}]}}