{"id":550205,"date":"2025-10-15T05:27:10","date_gmt":"2025-10-15T03:27:10","guid":{"rendered":"https:\/\/perle-in.com\/produit\/sweater-batian-en-coton-organique-unisexe\/"},"modified":"2025-10-19T05:48:15","modified_gmt":"2025-10-19T03:48:15","slug":"sweater-batian-en-coton-organique-unisexe","status":"publish","type":"product","link":"https:\/\/perle-in.com\/en\/product\/sweater-batian-en-coton-organique-unisexe\/","title":{"rendered":"Sweater Batian en coton organique unisexe"},"content":{"rendered":"","protected":false},"excerpt":{"rendered":"<p>Sweat unisexe en coton peign\u00e9 biologique et polyester recycl\u00e9. Col, poignets et ourlet en tissu c\u00f4tel\u00e9 2&#215;1. Coutures surjet\u00e9es d\u00e9coratives aux \u00e9paules, aux emmanchures, au col, aux poignets et \u00e0 l&#8217;ourlet. Couture demi-lune \u00e0 l&#8217;int\u00e9rieur du col arri\u00e8re. \u00c9tiquette d\u00e9tachable. Emballage individuel recycl\u00e9. Le mannequin mesure 190 cm et porte la taille L.<\/p>","protected":false},"featured_media":548089,"template":"","meta":{"_eb_attr":""},"product_brand":[],"product_cat":[1262,1024],"product_tag":[3481,3482,3449,3448,3447,3445,2659,3480,2440,2662,3446,3483],"class_list":{"0":"post-550205","1":"product","2":"type-product","3":"status-publish","4":"has-post-thumbnail","6":"product_cat-sweat","7":"product_cat-vetements","8":"product_tag-hoodie","9":"product_tag-hoodies","10":"product_tag-jumpers","11":"product_tag-knits","12":"product_tag-knitted","13":"product_tag-roly","14":"product_tag-sweater","15":"product_tag-sweaters","16":"product_tag-sweats-a-capuche","17":"product_tag-sweatshirt","18":"product_tag-sweatshirts","19":"product_tag-sweatshirts-a-capuche","20":"pa_couleurs-blanc","21":"pa_couleurs-bleu-marine","22":"pa_couleurs-bleu-royal","23":"pa_couleurs-gris-chine","24":"pa_couleurs-noir","25":"pa_couleurs-rose-clair","26":"pa_couleurs-rouge","27":"pa_genre-unisex","28":"pa_marque-roly","29":"pa_matiere-tricot-57-coton-organique-et-8-coton-et-21-polyester-recycle-et-14-polyester-300-g-m2","30":"pa_pays-d-origine-bengladesh","31":"pa_taille-2xl","32":"pa_taille-3xl","33":"pa_taille-l","34":"pa_taille-m","35":"pa_taille-s","36":"pa_taille-xl","37":"pa_taille-xs","39":"first","40":"instock","41":"shipping-taxable","42":"purchasable","43":"product-type-variable"},"yoast_head":"<!-- This site is optimized with the Yoast SEO plugin v27.4 - https:\/\/yoast.com\/product\/yoast-seo-wordpress\/ -->\n<title>Sweater Batian en coton organique unisexe - PERLE IN<\/title>\n<meta name=\"robots\" content=\"noindex, follow, max-snippet:-1, max-image-preview:large, max-video-preview:-1\" \/>\n<meta property=\"og:locale\" content=\"en_US\" \/>\n<meta property=\"og:type\" content=\"article\" \/>\n<meta property=\"og:title\" content=\"Sweater Batian en coton organique unisexe - PERLE IN\" \/>\n<meta property=\"og:description\" content=\"Sweat unisexe en coton peign\u00e9 biologique et polyester recycl\u00e9. Col, poignets et ourlet en tissu c\u00f4tel\u00e9 2x1. Coutures surjet\u00e9es d\u00e9coratives aux \u00e9paules, aux emmanchures, au col, aux poignets et \u00e0 l&#039;ourlet. Couture demi-lune \u00e0 l&#039;int\u00e9rieur du col arri\u00e8re. \u00c9tiquette d\u00e9tachable. Emballage individuel recycl\u00e9. Le mannequin mesure 190 cm et porte la taille L.\" \/>\n<meta property=\"og:url\" content=\"https:\/\/perle-in.com\/en\/product\/sweater-batian-en-coton-organique-unisexe\/\" \/>\n<meta property=\"og:site_name\" content=\"PERLE IN\" \/>\n<meta property=\"article:modified_time\" content=\"2025-10-19T03:48:15+00:00\" \/>\n<meta property=\"og:image\" content=\"https:\/\/perle-in.com\/wp-content\/uploads\/2025\/10\/R10711R-2.jpg\" \/>\n\t<meta property=\"og:image:width\" content=\"1600\" \/>\n\t<meta property=\"og:image:height\" content=\"1600\" \/>\n\t<meta property=\"og:image:type\" content=\"image\/jpeg\" \/>\n<meta name=\"twitter:card\" content=\"summary_large_image\" \/>\n<script type=\"application\/ld+json\" class=\"yoast-schema-graph\">{\"@context\":\"https:\\\/\\\/schema.org\",\"@graph\":[{\"@type\":\"WebPage\",\"@id\":\"https:\\\/\\\/perle-in.com\\\/produit\\\/sweater-batian-en-coton-organique-unisexe\\\/\",\"url\":\"https:\\\/\\\/perle-in.com\\\/produit\\\/sweater-batian-en-coton-organique-unisexe\\\/\",\"name\":\"Sweater Batian en coton organique unisexe - PERLE IN\",\"isPartOf\":{\"@id\":\"https:\\\/\\\/perle-in.com\\\/#website\"},\"primaryImageOfPage\":{\"@id\":\"https:\\\/\\\/perle-in.com\\\/produit\\\/sweater-batian-en-coton-organique-unisexe\\\/#primaryimage\"},\"image\":{\"@id\":\"https:\\\/\\\/perle-in.com\\\/produit\\\/sweater-batian-en-coton-organique-unisexe\\\/#primaryimage\"},\"thumbnailUrl\":\"https:\\\/\\\/perle-in.com\\\/wp-content\\\/uploads\\\/2025\\\/10\\\/R10711R-2.jpg\",\"datePublished\":\"2025-10-15T03:27:10+00:00\",\"dateModified\":\"2025-10-19T03:48:15+00:00\",\"breadcrumb\":{\"@id\":\"https:\\\/\\\/perle-in.com\\\/produit\\\/sweater-batian-en-coton-organique-unisexe\\\/#breadcrumb\"},\"inLanguage\":\"en-CA\",\"potentialAction\":[{\"@type\":\"ReadAction\",\"target\":[\"https:\\\/\\\/perle-in.com\\\/produit\\\/sweater-batian-en-coton-organique-unisexe\\\/\"]}]},{\"@type\":\"ImageObject\",\"inLanguage\":\"en-CA\",\"@id\":\"https:\\\/\\\/perle-in.com\\\/produit\\\/sweater-batian-en-coton-organique-unisexe\\\/#primaryimage\",\"url\":\"https:\\\/\\\/perle-in.com\\\/wp-content\\\/uploads\\\/2025\\\/10\\\/R10711R-2.jpg\",\"contentUrl\":\"https:\\\/\\\/perle-in.com\\\/wp-content\\\/uploads\\\/2025\\\/10\\\/R10711R-2.jpg\",\"width\":1600,\"height\":1600},{\"@type\":\"BreadcrumbList\",\"@id\":\"https:\\\/\\\/perle-in.com\\\/produit\\\/sweater-batian-en-coton-organique-unisexe\\\/#breadcrumb\",\"itemListElement\":[{\"@type\":\"ListItem\",\"position\":1,\"name\":\"Accueil\",\"item\":\"https:\\\/\\\/perle-in.com\\\/\"},{\"@type\":\"ListItem\",\"position\":2,\"name\":\"Boutique\",\"item\":\"https:\\\/\\\/perle-in.com\\\/boutique\\\/\"},{\"@type\":\"ListItem\",\"position\":3,\"name\":\"Sweater Batian en coton organique unisexe\"}]},{\"@type\":\"WebSite\",\"@id\":\"https:\\\/\\\/perle-in.com\\\/#website\",\"url\":\"https:\\\/\\\/perle-in.com\\\/\",\"name\":\"PERLE IN\",\"description\":\"\",\"publisher\":{\"@id\":\"https:\\\/\\\/perle-in.com\\\/#organization\"},\"potentialAction\":[{\"@type\":\"SearchAction\",\"target\":{\"@type\":\"EntryPoint\",\"urlTemplate\":\"https:\\\/\\\/perle-in.com\\\/?s={search_term_string}\"},\"query-input\":{\"@type\":\"PropertyValueSpecification\",\"valueRequired\":true,\"valueName\":\"search_term_string\"}}],\"inLanguage\":\"en-CA\"},{\"@type\":\"Organization\",\"@id\":\"https:\\\/\\\/perle-in.com\\\/#organization\",\"name\":\"PERLE IN\",\"url\":\"https:\\\/\\\/perle-in.com\\\/\",\"logo\":{\"@type\":\"ImageObject\",\"inLanguage\":\"en-CA\",\"@id\":\"https:\\\/\\\/perle-in.com\\\/#\\\/schema\\\/logo\\\/image\\\/\",\"url\":\"https:\\\/\\\/perle-in.com\\\/wp-content\\\/uploads\\\/2022\\\/12\\\/LOGO-PERLE-IN-COULEUR@3x.webp\",\"contentUrl\":\"https:\\\/\\\/perle-in.com\\\/wp-content\\\/uploads\\\/2022\\\/12\\\/LOGO-PERLE-IN-COULEUR@3x.webp\",\"width\":1600,\"height\":490,\"caption\":\"PERLE IN\"},\"image\":{\"@id\":\"https:\\\/\\\/perle-in.com\\\/#\\\/schema\\\/logo\\\/image\\\/\"}}]}<\/script>\n<!-- \/ Yoast SEO plugin. -->","yoast_head_json":{"title":"Sweater Batian en coton organique unisexe - PERLE IN","robots":{"index":"noindex","follow":"follow","max-snippet":"max-snippet:-1","max-image-preview":"max-image-preview:large","max-video-preview":"max-video-preview:-1"},"og_locale":"en_US","og_type":"article","og_title":"Sweater Batian en coton organique unisexe - PERLE IN","og_description":"Sweat unisexe en coton peign\u00e9 biologique et polyester recycl\u00e9. Col, poignets et ourlet en tissu c\u00f4tel\u00e9 2x1. Coutures surjet\u00e9es d\u00e9coratives aux \u00e9paules, aux emmanchures, au col, aux poignets et \u00e0 l'ourlet. Couture demi-lune \u00e0 l'int\u00e9rieur du col arri\u00e8re. \u00c9tiquette d\u00e9tachable. Emballage individuel recycl\u00e9. Le mannequin mesure 190 cm et porte la taille L.","og_url":"https:\/\/perle-in.com\/en\/product\/sweater-batian-en-coton-organique-unisexe\/","og_site_name":"PERLE IN","article_modified_time":"2025-10-19T03:48:15+00:00","og_image":[{"width":1600,"height":1600,"url":"https:\/\/perle-in.com\/wp-content\/uploads\/2025\/10\/R10711R-2.jpg","type":"image\/jpeg"}],"twitter_card":"summary_large_image","schema":{"@context":"https:\/\/schema.org","@graph":[{"@type":"WebPage","@id":"https:\/\/perle-in.com\/produit\/sweater-batian-en-coton-organique-unisexe\/","url":"https:\/\/perle-in.com\/produit\/sweater-batian-en-coton-organique-unisexe\/","name":"Sweater Batian en coton organique unisexe - PERLE IN","isPartOf":{"@id":"https:\/\/perle-in.com\/#website"},"primaryImageOfPage":{"@id":"https:\/\/perle-in.com\/produit\/sweater-batian-en-coton-organique-unisexe\/#primaryimage"},"image":{"@id":"https:\/\/perle-in.com\/produit\/sweater-batian-en-coton-organique-unisexe\/#primaryimage"},"thumbnailUrl":"https:\/\/perle-in.com\/wp-content\/uploads\/2025\/10\/R10711R-2.jpg","datePublished":"2025-10-15T03:27:10+00:00","dateModified":"2025-10-19T03:48:15+00:00","breadcrumb":{"@id":"https:\/\/perle-in.com\/produit\/sweater-batian-en-coton-organique-unisexe\/#breadcrumb"},"inLanguage":"en-CA","potentialAction":[{"@type":"ReadAction","target":["https:\/\/perle-in.com\/produit\/sweater-batian-en-coton-organique-unisexe\/"]}]},{"@type":"ImageObject","inLanguage":"en-CA","@id":"https:\/\/perle-in.com\/produit\/sweater-batian-en-coton-organique-unisexe\/#primaryimage","url":"https:\/\/perle-in.com\/wp-content\/uploads\/2025\/10\/R10711R-2.jpg","contentUrl":"https:\/\/perle-in.com\/wp-content\/uploads\/2025\/10\/R10711R-2.jpg","width":1600,"height":1600},{"@type":"BreadcrumbList","@id":"https:\/\/perle-in.com\/produit\/sweater-batian-en-coton-organique-unisexe\/#breadcrumb","itemListElement":[{"@type":"ListItem","position":1,"name":"Accueil","item":"https:\/\/perle-in.com\/"},{"@type":"ListItem","position":2,"name":"Boutique","item":"https:\/\/perle-in.com\/boutique\/"},{"@type":"ListItem","position":3,"name":"Sweater Batian en coton organique unisexe"}]},{"@type":"WebSite","@id":"https:\/\/perle-in.com\/#website","url":"https:\/\/perle-in.com\/","name":"PERLE IN","description":"","publisher":{"@id":"https:\/\/perle-in.com\/#organization"},"potentialAction":[{"@type":"SearchAction","target":{"@type":"EntryPoint","urlTemplate":"https:\/\/perle-in.com\/?s={search_term_string}"},"query-input":{"@type":"PropertyValueSpecification","valueRequired":true,"valueName":"search_term_string"}}],"inLanguage":"en-CA"},{"@type":"Organization","@id":"https:\/\/perle-in.com\/#organization","name":"PERLE IN","url":"https:\/\/perle-in.com\/","logo":{"@type":"ImageObject","inLanguage":"en-CA","@id":"https:\/\/perle-in.com\/#\/schema\/logo\/image\/","url":"https:\/\/perle-in.com\/wp-content\/uploads\/2022\/12\/LOGO-PERLE-IN-COULEUR@3x.webp","contentUrl":"https:\/\/perle-in.com\/wp-content\/uploads\/2022\/12\/LOGO-PERLE-IN-COULEUR@3x.webp","width":1600,"height":490,"caption":"PERLE IN"},"image":{"@id":"https:\/\/perle-in.com\/#\/schema\/logo\/image\/"}}]}},"jetpack_sharing_enabled":true,"_links":{"self":[{"href":"https:\/\/perle-in.com\/en\/wp-json\/wp\/v2\/product\/550205","targetHints":{"allow":["GET"]}}],"collection":[{"href":"https:\/\/perle-in.com\/en\/wp-json\/wp\/v2\/product"}],"about":[{"href":"https:\/\/perle-in.com\/en\/wp-json\/wp\/v2\/types\/product"}],"version-history":[{"count":0,"href":"https:\/\/perle-in.com\/en\/wp-json\/wp\/v2\/product\/550205\/revisions"}],"wp:featuredmedia":[{"embeddable":true,"href":"https:\/\/perle-in.com\/en\/wp-json\/wp\/v2\/media\/548089"}],"wp:attachment":[{"href":"https:\/\/perle-in.com\/en\/wp-json\/wp\/v2\/media?parent=550205"}],"wp:term":[{"taxonomy":"product_brand","embeddable":true,"href":"https:\/\/perle-in.com\/en\/wp-json\/wp\/v2\/product_brand?post=550205"},{"taxonomy":"product_cat","embeddable":true,"href":"https:\/\/perle-in.com\/en\/wp-json\/wp\/v2\/product_cat?post=550205"},{"taxonomy":"product_tag","embeddable":true,"href":"https:\/\/perle-in.com\/en\/wp-json\/wp\/v2\/product_tag?post=550205"}],"curies":[{"name":"wp","href":"https:\/\/api.w.org\/{rel}","templated":true}]}}