{"id":545050,"date":"2025-10-15T04:11:58","date_gmt":"2025-10-15T02:11:58","guid":{"rendered":"https:\/\/perle-in.com\/produit\/veste-softshell-antartida-pour-femme\/"},"modified":"2025-10-19T05:48:12","modified_gmt":"2025-10-19T03:48:12","slug":"veste-softshell-antartida-pour-femme","status":"publish","type":"product","link":"https:\/\/perle-in.com\/en\/product\/veste-softshell-antartida-pour-femme\/","title":{"rendered":"Veste Softshell Antartida pour femme"},"content":{"rendered":"","protected":false},"excerpt":{"rendered":"<p>Softshell 2 couches avec fermeture zipp\u00e9e invers\u00e9e \u00e0 effet scell\u00e9, avec prot\u00e8ge-menton et tirette de fermeture \u00e9clair assortis. Trois poches ext\u00e9rieures avec fermeture zipp\u00e9e et tirette assorties. Fermetures velcro aux poignets. Ourlet inf\u00e9rieur avec cordon de serrage \u00e9lastique et stoppeurs. Tissu coupe-vent. R\u00e9sistante \u00e0 l&#8217;eau. Coupe slim. Manches raglan. R\u00e9sistante \u00e0 l&#8217;eau jusqu&#8217;\u00e0 1\u00a0000 mm. Le mannequin mesure 179 cm et porte la taille S.<\/p>","protected":false},"featured_media":544956,"template":"","meta":{"_eb_attr":""},"product_brand":[],"product_cat":[1260,1024],"product_tag":[3445,2460,2548],"class_list":{"0":"post-545050","1":"product","2":"type-product","3":"status-publish","4":"has-post-thumbnail","6":"product_cat-jackets","7":"product_cat-vetements","8":"product_tag-roly","9":"product_tag-softshell","10":"product_tag-veste","11":"pa_couleurs-blanc-perle","12":"pa_couleurs-bleu-marine","13":"pa_couleurs-bleu-royal","14":"pa_couleurs-noir","15":"pa_couleurs-rouge","16":"pa_genre-female","17":"pa_marque-roly","18":"pa_matiere-tisse-92-polyester-et-8-elasthanne-300-g-m2-bonding-micropolaire-100-polyester","19":"pa_pays-d-origine-bengladesh","20":"pa_taille-2xl","21":"pa_taille-3xl","22":"pa_taille-l","23":"pa_taille-m","24":"pa_taille-s","25":"pa_taille-xl","27":"first","28":"instock","29":"shipping-taxable","30":"purchasable","31":"product-type-variable"},"yoast_head":"<!-- This site is optimized with the Yoast SEO plugin v27.4 - https:\/\/yoast.com\/product\/yoast-seo-wordpress\/ -->\n<title>Veste Softshell Antartida pour femme - PERLE IN<\/title>\n<meta name=\"robots\" content=\"noindex, follow, max-snippet:-1, max-image-preview:large, max-video-preview:-1\" \/>\n<meta property=\"og:locale\" content=\"en_US\" \/>\n<meta property=\"og:type\" content=\"article\" \/>\n<meta property=\"og:title\" content=\"Veste Softshell Antartida pour femme - PERLE IN\" \/>\n<meta property=\"og:description\" content=\"Softshell 2 couches avec fermeture zipp\u00e9e invers\u00e9e \u00e0 effet scell\u00e9, avec prot\u00e8ge-menton et tirette de fermeture \u00e9clair assortis. Trois poches ext\u00e9rieures avec fermeture zipp\u00e9e et tirette assorties. Fermetures velcro aux poignets. Ourlet inf\u00e9rieur avec cordon de serrage \u00e9lastique et stoppeurs. Tissu coupe-vent. R\u00e9sistante \u00e0 l&#039;eau. Coupe slim. Manches raglan. R\u00e9sistante \u00e0 l&#039;eau jusqu&#039;\u00e0 1\u00a0000 mm. Le mannequin mesure 179 cm et porte la taille S.\" \/>\n<meta property=\"og:url\" content=\"https:\/\/perle-in.com\/en\/product\/veste-softshell-antartida-pour-femme\/\" \/>\n<meta property=\"og:site_name\" content=\"PERLE IN\" \/>\n<meta property=\"article:modified_time\" content=\"2025-10-19T03:48:12+00:00\" \/>\n<meta property=\"og:image\" content=\"https:\/\/perle-in.com\/wp-content\/uploads\/2025\/10\/R64331R-1.jpg\" \/>\n\t<meta property=\"og:image:width\" content=\"1600\" \/>\n\t<meta property=\"og:image:height\" content=\"1600\" \/>\n\t<meta property=\"og:image:type\" content=\"image\/jpeg\" \/>\n<meta name=\"twitter:card\" content=\"summary_large_image\" \/>\n<script type=\"application\/ld+json\" class=\"yoast-schema-graph\">{\"@context\":\"https:\\\/\\\/schema.org\",\"@graph\":[{\"@type\":\"WebPage\",\"@id\":\"https:\\\/\\\/perle-in.com\\\/produit\\\/veste-softshell-antartida-pour-femme\\\/\",\"url\":\"https:\\\/\\\/perle-in.com\\\/produit\\\/veste-softshell-antartida-pour-femme\\\/\",\"name\":\"Veste Softshell Antartida pour femme - PERLE IN\",\"isPartOf\":{\"@id\":\"https:\\\/\\\/perle-in.com\\\/#website\"},\"primaryImageOfPage\":{\"@id\":\"https:\\\/\\\/perle-in.com\\\/produit\\\/veste-softshell-antartida-pour-femme\\\/#primaryimage\"},\"image\":{\"@id\":\"https:\\\/\\\/perle-in.com\\\/produit\\\/veste-softshell-antartida-pour-femme\\\/#primaryimage\"},\"thumbnailUrl\":\"https:\\\/\\\/perle-in.com\\\/wp-content\\\/uploads\\\/2025\\\/10\\\/R64331R-1.jpg\",\"datePublished\":\"2025-10-15T02:11:58+00:00\",\"dateModified\":\"2025-10-19T03:48:12+00:00\",\"breadcrumb\":{\"@id\":\"https:\\\/\\\/perle-in.com\\\/produit\\\/veste-softshell-antartida-pour-femme\\\/#breadcrumb\"},\"inLanguage\":\"en-CA\",\"potentialAction\":[{\"@type\":\"ReadAction\",\"target\":[\"https:\\\/\\\/perle-in.com\\\/produit\\\/veste-softshell-antartida-pour-femme\\\/\"]}]},{\"@type\":\"ImageObject\",\"inLanguage\":\"en-CA\",\"@id\":\"https:\\\/\\\/perle-in.com\\\/produit\\\/veste-softshell-antartida-pour-femme\\\/#primaryimage\",\"url\":\"https:\\\/\\\/perle-in.com\\\/wp-content\\\/uploads\\\/2025\\\/10\\\/R64331R-1.jpg\",\"contentUrl\":\"https:\\\/\\\/perle-in.com\\\/wp-content\\\/uploads\\\/2025\\\/10\\\/R64331R-1.jpg\",\"width\":1600,\"height\":1600},{\"@type\":\"BreadcrumbList\",\"@id\":\"https:\\\/\\\/perle-in.com\\\/produit\\\/veste-softshell-antartida-pour-femme\\\/#breadcrumb\",\"itemListElement\":[{\"@type\":\"ListItem\",\"position\":1,\"name\":\"Accueil\",\"item\":\"https:\\\/\\\/perle-in.com\\\/\"},{\"@type\":\"ListItem\",\"position\":2,\"name\":\"Boutique\",\"item\":\"https:\\\/\\\/perle-in.com\\\/boutique\\\/\"},{\"@type\":\"ListItem\",\"position\":3,\"name\":\"Veste Softshell Antartida pour femme\"}]},{\"@type\":\"WebSite\",\"@id\":\"https:\\\/\\\/perle-in.com\\\/#website\",\"url\":\"https:\\\/\\\/perle-in.com\\\/\",\"name\":\"PERLE IN\",\"description\":\"\",\"publisher\":{\"@id\":\"https:\\\/\\\/perle-in.com\\\/#organization\"},\"potentialAction\":[{\"@type\":\"SearchAction\",\"target\":{\"@type\":\"EntryPoint\",\"urlTemplate\":\"https:\\\/\\\/perle-in.com\\\/?s={search_term_string}\"},\"query-input\":{\"@type\":\"PropertyValueSpecification\",\"valueRequired\":true,\"valueName\":\"search_term_string\"}}],\"inLanguage\":\"en-CA\"},{\"@type\":\"Organization\",\"@id\":\"https:\\\/\\\/perle-in.com\\\/#organization\",\"name\":\"PERLE IN\",\"url\":\"https:\\\/\\\/perle-in.com\\\/\",\"logo\":{\"@type\":\"ImageObject\",\"inLanguage\":\"en-CA\",\"@id\":\"https:\\\/\\\/perle-in.com\\\/#\\\/schema\\\/logo\\\/image\\\/\",\"url\":\"https:\\\/\\\/perle-in.com\\\/wp-content\\\/uploads\\\/2022\\\/12\\\/LOGO-PERLE-IN-COULEUR@3x.webp\",\"contentUrl\":\"https:\\\/\\\/perle-in.com\\\/wp-content\\\/uploads\\\/2022\\\/12\\\/LOGO-PERLE-IN-COULEUR@3x.webp\",\"width\":1600,\"height\":490,\"caption\":\"PERLE IN\"},\"image\":{\"@id\":\"https:\\\/\\\/perle-in.com\\\/#\\\/schema\\\/logo\\\/image\\\/\"}}]}<\/script>\n<!-- \/ Yoast SEO plugin. -->","yoast_head_json":{"title":"Veste Softshell Antartida pour femme - PERLE IN","robots":{"index":"noindex","follow":"follow","max-snippet":"max-snippet:-1","max-image-preview":"max-image-preview:large","max-video-preview":"max-video-preview:-1"},"og_locale":"en_US","og_type":"article","og_title":"Veste Softshell Antartida pour femme - PERLE IN","og_description":"Softshell 2 couches avec fermeture zipp\u00e9e invers\u00e9e \u00e0 effet scell\u00e9, avec prot\u00e8ge-menton et tirette de fermeture \u00e9clair assortis. Trois poches ext\u00e9rieures avec fermeture zipp\u00e9e et tirette assorties. Fermetures velcro aux poignets. Ourlet inf\u00e9rieur avec cordon de serrage \u00e9lastique et stoppeurs. Tissu coupe-vent. R\u00e9sistante \u00e0 l'eau. Coupe slim. Manches raglan. R\u00e9sistante \u00e0 l'eau jusqu'\u00e0 1\u00a0000 mm. Le mannequin mesure 179 cm et porte la taille S.","og_url":"https:\/\/perle-in.com\/en\/product\/veste-softshell-antartida-pour-femme\/","og_site_name":"PERLE IN","article_modified_time":"2025-10-19T03:48:12+00:00","og_image":[{"width":1600,"height":1600,"url":"https:\/\/perle-in.com\/wp-content\/uploads\/2025\/10\/R64331R-1.jpg","type":"image\/jpeg"}],"twitter_card":"summary_large_image","schema":{"@context":"https:\/\/schema.org","@graph":[{"@type":"WebPage","@id":"https:\/\/perle-in.com\/produit\/veste-softshell-antartida-pour-femme\/","url":"https:\/\/perle-in.com\/produit\/veste-softshell-antartida-pour-femme\/","name":"Veste Softshell Antartida pour femme - PERLE IN","isPartOf":{"@id":"https:\/\/perle-in.com\/#website"},"primaryImageOfPage":{"@id":"https:\/\/perle-in.com\/produit\/veste-softshell-antartida-pour-femme\/#primaryimage"},"image":{"@id":"https:\/\/perle-in.com\/produit\/veste-softshell-antartida-pour-femme\/#primaryimage"},"thumbnailUrl":"https:\/\/perle-in.com\/wp-content\/uploads\/2025\/10\/R64331R-1.jpg","datePublished":"2025-10-15T02:11:58+00:00","dateModified":"2025-10-19T03:48:12+00:00","breadcrumb":{"@id":"https:\/\/perle-in.com\/produit\/veste-softshell-antartida-pour-femme\/#breadcrumb"},"inLanguage":"en-CA","potentialAction":[{"@type":"ReadAction","target":["https:\/\/perle-in.com\/produit\/veste-softshell-antartida-pour-femme\/"]}]},{"@type":"ImageObject","inLanguage":"en-CA","@id":"https:\/\/perle-in.com\/produit\/veste-softshell-antartida-pour-femme\/#primaryimage","url":"https:\/\/perle-in.com\/wp-content\/uploads\/2025\/10\/R64331R-1.jpg","contentUrl":"https:\/\/perle-in.com\/wp-content\/uploads\/2025\/10\/R64331R-1.jpg","width":1600,"height":1600},{"@type":"BreadcrumbList","@id":"https:\/\/perle-in.com\/produit\/veste-softshell-antartida-pour-femme\/#breadcrumb","itemListElement":[{"@type":"ListItem","position":1,"name":"Accueil","item":"https:\/\/perle-in.com\/"},{"@type":"ListItem","position":2,"name":"Boutique","item":"https:\/\/perle-in.com\/boutique\/"},{"@type":"ListItem","position":3,"name":"Veste Softshell Antartida pour femme"}]},{"@type":"WebSite","@id":"https:\/\/perle-in.com\/#website","url":"https:\/\/perle-in.com\/","name":"PERLE IN","description":"","publisher":{"@id":"https:\/\/perle-in.com\/#organization"},"potentialAction":[{"@type":"SearchAction","target":{"@type":"EntryPoint","urlTemplate":"https:\/\/perle-in.com\/?s={search_term_string}"},"query-input":{"@type":"PropertyValueSpecification","valueRequired":true,"valueName":"search_term_string"}}],"inLanguage":"en-CA"},{"@type":"Organization","@id":"https:\/\/perle-in.com\/#organization","name":"PERLE IN","url":"https:\/\/perle-in.com\/","logo":{"@type":"ImageObject","inLanguage":"en-CA","@id":"https:\/\/perle-in.com\/#\/schema\/logo\/image\/","url":"https:\/\/perle-in.com\/wp-content\/uploads\/2022\/12\/LOGO-PERLE-IN-COULEUR@3x.webp","contentUrl":"https:\/\/perle-in.com\/wp-content\/uploads\/2022\/12\/LOGO-PERLE-IN-COULEUR@3x.webp","width":1600,"height":490,"caption":"PERLE IN"},"image":{"@id":"https:\/\/perle-in.com\/#\/schema\/logo\/image\/"}}]}},"jetpack_sharing_enabled":true,"_links":{"self":[{"href":"https:\/\/perle-in.com\/en\/wp-json\/wp\/v2\/product\/545050","targetHints":{"allow":["GET"]}}],"collection":[{"href":"https:\/\/perle-in.com\/en\/wp-json\/wp\/v2\/product"}],"about":[{"href":"https:\/\/perle-in.com\/en\/wp-json\/wp\/v2\/types\/product"}],"version-history":[{"count":0,"href":"https:\/\/perle-in.com\/en\/wp-json\/wp\/v2\/product\/545050\/revisions"}],"wp:featuredmedia":[{"embeddable":true,"href":"https:\/\/perle-in.com\/en\/wp-json\/wp\/v2\/media\/544956"}],"wp:attachment":[{"href":"https:\/\/perle-in.com\/en\/wp-json\/wp\/v2\/media?parent=545050"}],"wp:term":[{"taxonomy":"product_brand","embeddable":true,"href":"https:\/\/perle-in.com\/en\/wp-json\/wp\/v2\/product_brand?post=545050"},{"taxonomy":"product_cat","embeddable":true,"href":"https:\/\/perle-in.com\/en\/wp-json\/wp\/v2\/product_cat?post=545050"},{"taxonomy":"product_tag","embeddable":true,"href":"https:\/\/perle-in.com\/en\/wp-json\/wp\/v2\/product_tag?post=545050"}],"curies":[{"name":"wp","href":"https:\/\/api.w.org\/{rel}","templated":true}]}}