{"id":544932,"date":"2025-10-15T04:10:36","date_gmt":"2025-10-15T02:10:36","guid":{"rendered":"https:\/\/perle-in.com\/produit\/veste-softshell-antartida-pour-enfant\/"},"modified":"2025-10-19T05:48:12","modified_gmt":"2025-10-19T03:48:12","slug":"veste-softshell-antartida-pour-enfant","status":"publish","type":"product","link":"https:\/\/perle-in.com\/en\/product\/veste-softshell-antartida-pour-enfant\/","title":{"rendered":"Veste softshell Antartida pour enfant"},"content":{"rendered":"","protected":false},"excerpt":{"rendered":"<p>Softshell \u00e0 2 couches. Fermeture zipp\u00e9e invers\u00e9e scell\u00e9e avec protecteur menton et curseur de m\u00eame couleur. Trois poches avec fermeture zipp\u00e9e et curseur de m\u00eame couleur. Cordon de serrage poignets avec velcro. Ceinture avec cordons \u00e9lastiques et embouts. R\u00e9sistance \u00e0 l&#8217;eau 1\u00a0000\u00a0mm. Tissu coupe-vent. Le mannequin mesure 129 cm et porte la taille 5\/6.<\/p>","protected":false},"featured_media":544908,"template":"","meta":{"_eb_attr":""},"product_brand":[],"product_cat":[1260,1024],"product_tag":[3445,2460,2548,2549],"class_list":{"0":"post-544932","1":"product","2":"type-product","3":"status-publish","4":"has-post-thumbnail","6":"product_cat-jackets","7":"product_cat-vetements","8":"product_tag-roly","9":"product_tag-softshell","10":"product_tag-veste","11":"product_tag-vestes","12":"pa_couleurs-bleu-marine","13":"pa_couleurs-noir","14":"pa_couleurs-rouge","15":"pa_genre-kids","16":"pa_marque-roly","17":"pa_matiere-tisse-92-polyester-et-8-elasthanne-300-g-m2-bonding-micropolaire-100-polyester","18":"pa_pays-d-origine-bengladesh","19":"pa_taille-3454","20":"pa_taille-3452","21":"pa_taille-3453","23":"first","24":"instock","25":"shipping-taxable","26":"purchasable","27":"product-type-variable"},"yoast_head":"<!-- This site is optimized with the Yoast SEO plugin v27.4 - https:\/\/yoast.com\/product\/yoast-seo-wordpress\/ -->\n<title>Veste softshell Antartida pour enfant - PERLE IN<\/title>\n<meta name=\"robots\" content=\"noindex, follow, max-snippet:-1, max-image-preview:large, max-video-preview:-1\" \/>\n<meta property=\"og:locale\" content=\"en_US\" \/>\n<meta property=\"og:type\" content=\"article\" \/>\n<meta property=\"og:title\" content=\"Veste softshell Antartida pour enfant - PERLE IN\" \/>\n<meta property=\"og:description\" content=\"Softshell \u00e0 2 couches. Fermeture zipp\u00e9e invers\u00e9e scell\u00e9e avec protecteur menton et curseur de m\u00eame couleur. Trois poches avec fermeture zipp\u00e9e et curseur de m\u00eame couleur. Cordon de serrage poignets avec velcro. Ceinture avec cordons \u00e9lastiques et embouts. R\u00e9sistance \u00e0 l&#039;eau 1\u00a0000\u00a0mm. Tissu coupe-vent. Le mannequin mesure 129 cm et porte la taille 5\/6.\" \/>\n<meta property=\"og:url\" content=\"https:\/\/perle-in.com\/en\/product\/veste-softshell-antartida-pour-enfant\/\" \/>\n<meta property=\"og:site_name\" content=\"PERLE IN\" \/>\n<meta property=\"article:modified_time\" content=\"2025-10-19T03:48:12+00:00\" \/>\n<meta property=\"og:image\" content=\"https:\/\/perle-in.com\/wp-content\/uploads\/2025\/10\/K64321R-1.jpg\" \/>\n\t<meta property=\"og:image:width\" content=\"1600\" \/>\n\t<meta property=\"og:image:height\" content=\"1600\" \/>\n\t<meta property=\"og:image:type\" content=\"image\/jpeg\" \/>\n<meta name=\"twitter:card\" content=\"summary_large_image\" \/>\n<script type=\"application\/ld+json\" class=\"yoast-schema-graph\">{\"@context\":\"https:\\\/\\\/schema.org\",\"@graph\":[{\"@type\":\"WebPage\",\"@id\":\"https:\\\/\\\/perle-in.com\\\/produit\\\/veste-softshell-antartida-pour-enfant\\\/\",\"url\":\"https:\\\/\\\/perle-in.com\\\/produit\\\/veste-softshell-antartida-pour-enfant\\\/\",\"name\":\"Veste softshell Antartida pour enfant - PERLE IN\",\"isPartOf\":{\"@id\":\"https:\\\/\\\/perle-in.com\\\/#website\"},\"primaryImageOfPage\":{\"@id\":\"https:\\\/\\\/perle-in.com\\\/produit\\\/veste-softshell-antartida-pour-enfant\\\/#primaryimage\"},\"image\":{\"@id\":\"https:\\\/\\\/perle-in.com\\\/produit\\\/veste-softshell-antartida-pour-enfant\\\/#primaryimage\"},\"thumbnailUrl\":\"https:\\\/\\\/perle-in.com\\\/wp-content\\\/uploads\\\/2025\\\/10\\\/K64321R-1.jpg\",\"datePublished\":\"2025-10-15T02:10:36+00:00\",\"dateModified\":\"2025-10-19T03:48:12+00:00\",\"breadcrumb\":{\"@id\":\"https:\\\/\\\/perle-in.com\\\/produit\\\/veste-softshell-antartida-pour-enfant\\\/#breadcrumb\"},\"inLanguage\":\"en-CA\",\"potentialAction\":[{\"@type\":\"ReadAction\",\"target\":[\"https:\\\/\\\/perle-in.com\\\/produit\\\/veste-softshell-antartida-pour-enfant\\\/\"]}]},{\"@type\":\"ImageObject\",\"inLanguage\":\"en-CA\",\"@id\":\"https:\\\/\\\/perle-in.com\\\/produit\\\/veste-softshell-antartida-pour-enfant\\\/#primaryimage\",\"url\":\"https:\\\/\\\/perle-in.com\\\/wp-content\\\/uploads\\\/2025\\\/10\\\/K64321R-1.jpg\",\"contentUrl\":\"https:\\\/\\\/perle-in.com\\\/wp-content\\\/uploads\\\/2025\\\/10\\\/K64321R-1.jpg\",\"width\":1600,\"height\":1600},{\"@type\":\"BreadcrumbList\",\"@id\":\"https:\\\/\\\/perle-in.com\\\/produit\\\/veste-softshell-antartida-pour-enfant\\\/#breadcrumb\",\"itemListElement\":[{\"@type\":\"ListItem\",\"position\":1,\"name\":\"Accueil\",\"item\":\"https:\\\/\\\/perle-in.com\\\/\"},{\"@type\":\"ListItem\",\"position\":2,\"name\":\"Boutique\",\"item\":\"https:\\\/\\\/perle-in.com\\\/boutique\\\/\"},{\"@type\":\"ListItem\",\"position\":3,\"name\":\"Veste softshell Antartida pour enfant\"}]},{\"@type\":\"WebSite\",\"@id\":\"https:\\\/\\\/perle-in.com\\\/#website\",\"url\":\"https:\\\/\\\/perle-in.com\\\/\",\"name\":\"PERLE IN\",\"description\":\"\",\"publisher\":{\"@id\":\"https:\\\/\\\/perle-in.com\\\/#organization\"},\"potentialAction\":[{\"@type\":\"SearchAction\",\"target\":{\"@type\":\"EntryPoint\",\"urlTemplate\":\"https:\\\/\\\/perle-in.com\\\/?s={search_term_string}\"},\"query-input\":{\"@type\":\"PropertyValueSpecification\",\"valueRequired\":true,\"valueName\":\"search_term_string\"}}],\"inLanguage\":\"en-CA\"},{\"@type\":\"Organization\",\"@id\":\"https:\\\/\\\/perle-in.com\\\/#organization\",\"name\":\"PERLE IN\",\"url\":\"https:\\\/\\\/perle-in.com\\\/\",\"logo\":{\"@type\":\"ImageObject\",\"inLanguage\":\"en-CA\",\"@id\":\"https:\\\/\\\/perle-in.com\\\/#\\\/schema\\\/logo\\\/image\\\/\",\"url\":\"https:\\\/\\\/perle-in.com\\\/wp-content\\\/uploads\\\/2022\\\/12\\\/LOGO-PERLE-IN-COULEUR@3x.webp\",\"contentUrl\":\"https:\\\/\\\/perle-in.com\\\/wp-content\\\/uploads\\\/2022\\\/12\\\/LOGO-PERLE-IN-COULEUR@3x.webp\",\"width\":1600,\"height\":490,\"caption\":\"PERLE IN\"},\"image\":{\"@id\":\"https:\\\/\\\/perle-in.com\\\/#\\\/schema\\\/logo\\\/image\\\/\"}}]}<\/script>\n<!-- \/ Yoast SEO plugin. -->","yoast_head_json":{"title":"Veste softshell Antartida pour enfant - PERLE IN","robots":{"index":"noindex","follow":"follow","max-snippet":"max-snippet:-1","max-image-preview":"max-image-preview:large","max-video-preview":"max-video-preview:-1"},"og_locale":"en_US","og_type":"article","og_title":"Veste softshell Antartida pour enfant - PERLE IN","og_description":"Softshell \u00e0 2 couches. Fermeture zipp\u00e9e invers\u00e9e scell\u00e9e avec protecteur menton et curseur de m\u00eame couleur. Trois poches avec fermeture zipp\u00e9e et curseur de m\u00eame couleur. Cordon de serrage poignets avec velcro. Ceinture avec cordons \u00e9lastiques et embouts. R\u00e9sistance \u00e0 l'eau 1\u00a0000\u00a0mm. Tissu coupe-vent. Le mannequin mesure 129 cm et porte la taille 5\/6.","og_url":"https:\/\/perle-in.com\/en\/product\/veste-softshell-antartida-pour-enfant\/","og_site_name":"PERLE IN","article_modified_time":"2025-10-19T03:48:12+00:00","og_image":[{"width":1600,"height":1600,"url":"https:\/\/perle-in.com\/wp-content\/uploads\/2025\/10\/K64321R-1.jpg","type":"image\/jpeg"}],"twitter_card":"summary_large_image","schema":{"@context":"https:\/\/schema.org","@graph":[{"@type":"WebPage","@id":"https:\/\/perle-in.com\/produit\/veste-softshell-antartida-pour-enfant\/","url":"https:\/\/perle-in.com\/produit\/veste-softshell-antartida-pour-enfant\/","name":"Veste softshell Antartida pour enfant - PERLE IN","isPartOf":{"@id":"https:\/\/perle-in.com\/#website"},"primaryImageOfPage":{"@id":"https:\/\/perle-in.com\/produit\/veste-softshell-antartida-pour-enfant\/#primaryimage"},"image":{"@id":"https:\/\/perle-in.com\/produit\/veste-softshell-antartida-pour-enfant\/#primaryimage"},"thumbnailUrl":"https:\/\/perle-in.com\/wp-content\/uploads\/2025\/10\/K64321R-1.jpg","datePublished":"2025-10-15T02:10:36+00:00","dateModified":"2025-10-19T03:48:12+00:00","breadcrumb":{"@id":"https:\/\/perle-in.com\/produit\/veste-softshell-antartida-pour-enfant\/#breadcrumb"},"inLanguage":"en-CA","potentialAction":[{"@type":"ReadAction","target":["https:\/\/perle-in.com\/produit\/veste-softshell-antartida-pour-enfant\/"]}]},{"@type":"ImageObject","inLanguage":"en-CA","@id":"https:\/\/perle-in.com\/produit\/veste-softshell-antartida-pour-enfant\/#primaryimage","url":"https:\/\/perle-in.com\/wp-content\/uploads\/2025\/10\/K64321R-1.jpg","contentUrl":"https:\/\/perle-in.com\/wp-content\/uploads\/2025\/10\/K64321R-1.jpg","width":1600,"height":1600},{"@type":"BreadcrumbList","@id":"https:\/\/perle-in.com\/produit\/veste-softshell-antartida-pour-enfant\/#breadcrumb","itemListElement":[{"@type":"ListItem","position":1,"name":"Accueil","item":"https:\/\/perle-in.com\/"},{"@type":"ListItem","position":2,"name":"Boutique","item":"https:\/\/perle-in.com\/boutique\/"},{"@type":"ListItem","position":3,"name":"Veste softshell Antartida pour enfant"}]},{"@type":"WebSite","@id":"https:\/\/perle-in.com\/#website","url":"https:\/\/perle-in.com\/","name":"PERLE IN","description":"","publisher":{"@id":"https:\/\/perle-in.com\/#organization"},"potentialAction":[{"@type":"SearchAction","target":{"@type":"EntryPoint","urlTemplate":"https:\/\/perle-in.com\/?s={search_term_string}"},"query-input":{"@type":"PropertyValueSpecification","valueRequired":true,"valueName":"search_term_string"}}],"inLanguage":"en-CA"},{"@type":"Organization","@id":"https:\/\/perle-in.com\/#organization","name":"PERLE IN","url":"https:\/\/perle-in.com\/","logo":{"@type":"ImageObject","inLanguage":"en-CA","@id":"https:\/\/perle-in.com\/#\/schema\/logo\/image\/","url":"https:\/\/perle-in.com\/wp-content\/uploads\/2022\/12\/LOGO-PERLE-IN-COULEUR@3x.webp","contentUrl":"https:\/\/perle-in.com\/wp-content\/uploads\/2022\/12\/LOGO-PERLE-IN-COULEUR@3x.webp","width":1600,"height":490,"caption":"PERLE IN"},"image":{"@id":"https:\/\/perle-in.com\/#\/schema\/logo\/image\/"}}]}},"jetpack_sharing_enabled":true,"_links":{"self":[{"href":"https:\/\/perle-in.com\/en\/wp-json\/wp\/v2\/product\/544932","targetHints":{"allow":["GET"]}}],"collection":[{"href":"https:\/\/perle-in.com\/en\/wp-json\/wp\/v2\/product"}],"about":[{"href":"https:\/\/perle-in.com\/en\/wp-json\/wp\/v2\/types\/product"}],"version-history":[{"count":0,"href":"https:\/\/perle-in.com\/en\/wp-json\/wp\/v2\/product\/544932\/revisions"}],"wp:featuredmedia":[{"embeddable":true,"href":"https:\/\/perle-in.com\/en\/wp-json\/wp\/v2\/media\/544908"}],"wp:attachment":[{"href":"https:\/\/perle-in.com\/en\/wp-json\/wp\/v2\/media?parent=544932"}],"wp:term":[{"taxonomy":"product_brand","embeddable":true,"href":"https:\/\/perle-in.com\/en\/wp-json\/wp\/v2\/product_brand?post=544932"},{"taxonomy":"product_cat","embeddable":true,"href":"https:\/\/perle-in.com\/en\/wp-json\/wp\/v2\/product_cat?post=544932"},{"taxonomy":"product_tag","embeddable":true,"href":"https:\/\/perle-in.com\/en\/wp-json\/wp\/v2\/product_tag?post=544932"}],"curies":[{"name":"wp","href":"https:\/\/api.w.org\/{rel}","templated":true}]}}