{"id":544651,"date":"2025-10-15T04:06:52","date_gmt":"2025-10-15T02:06:52","guid":{"rendered":"https:\/\/perle-in.com\/produit\/pull-zippe-aneto-avec-fermeture-quart-de-zip\/"},"modified":"2025-10-19T05:48:11","modified_gmt":"2025-10-19T03:48:11","slug":"pull-zippe-aneto-avec-fermeture-quart-de-zip","status":"publish","type":"product","link":"https:\/\/perle-in.com\/en\/product\/pull-zippe-aneto-avec-fermeture-quart-de-zip\/","title":{"rendered":"Pull zipp\u00e9 Aneto avec fermeture quart de zip"},"content":{"rendered":"","protected":false},"excerpt":{"rendered":"<p>Sweat-shirt avec demi-fermeture zipp\u00e9e assortie et col polo. Col int\u00e9rieur assorti. Coutures recouvertes renforc\u00e9es \u00e0 l&#8217;int\u00e9rieur du col. Poignets et taille c\u00f4tel\u00e9s 1&#215;1. Le mannequin mesure 185 cm et porte la taille M.<\/p>","protected":false},"featured_media":544571,"template":"","meta":{"_eb_attr":""},"product_brand":[],"product_cat":[1262,1024],"product_tag":[3449,3448,3447,2451,2661,3445,2662,3446],"class_list":{"0":"post-544651","1":"product","2":"type-product","3":"status-publish","4":"has-post-thumbnail","6":"product_cat-sweat","7":"product_cat-vetements","8":"product_tag-jumpers","9":"product_tag-knits","10":"product_tag-knitted","11":"product_tag-pull","12":"product_tag-pulls","13":"product_tag-roly","14":"product_tag-sweatshirt","15":"product_tag-sweatshirts","16":"pa_couleurs-blanc","17":"pa_couleurs-bleu-marine","18":"pa_couleurs-bleu-royal","19":"pa_couleurs-grenat","20":"pa_couleurs-gris-chine","21":"pa_couleurs-noir","22":"pa_couleurs-rouge","23":"pa_couleurs-vert-bouteille","24":"pa_genre-unisex","25":"pa_marque-roly","26":"pa_matiere-tricot-50-coton-et-50-polyester-280-g-m2","27":"pa_pays-d-origine-bengladesh","28":"pa_taille-2xl","29":"pa_taille-3xl","30":"pa_taille-l","31":"pa_taille-m","32":"pa_taille-s","33":"pa_taille-xl","35":"first","36":"instock","37":"shipping-taxable","38":"purchasable","39":"product-type-variable"},"yoast_head":"<!-- This site is optimized with the Yoast SEO plugin v27.4 - https:\/\/yoast.com\/product\/yoast-seo-wordpress\/ -->\n<title>Pull zipp\u00e9 Aneto avec fermeture quart de zip - PERLE IN<\/title>\n<meta name=\"robots\" content=\"noindex, follow, max-snippet:-1, max-image-preview:large, max-video-preview:-1\" \/>\n<meta property=\"og:locale\" content=\"en_US\" \/>\n<meta property=\"og:type\" content=\"article\" \/>\n<meta property=\"og:title\" content=\"Pull zipp\u00e9 Aneto avec fermeture quart de zip - PERLE IN\" \/>\n<meta property=\"og:description\" content=\"Sweat-shirt avec demi-fermeture zipp\u00e9e assortie et col polo. Col int\u00e9rieur assorti. Coutures recouvertes renforc\u00e9es \u00e0 l&#039;int\u00e9rieur du col. Poignets et taille c\u00f4tel\u00e9s 1x1. Le mannequin mesure 185 cm et porte la taille M.\" \/>\n<meta property=\"og:url\" content=\"https:\/\/perle-in.com\/en\/product\/pull-zippe-aneto-avec-fermeture-quart-de-zip\/\" \/>\n<meta property=\"og:site_name\" content=\"PERLE IN\" \/>\n<meta property=\"article:modified_time\" content=\"2025-10-19T03:48:11+00:00\" \/>\n<meta property=\"og:image\" content=\"https:\/\/perle-in.com\/wp-content\/uploads\/2025\/10\/R11091R-1.jpg\" \/>\n\t<meta property=\"og:image:width\" content=\"1600\" \/>\n\t<meta property=\"og:image:height\" content=\"1600\" \/>\n\t<meta property=\"og:image:type\" content=\"image\/jpeg\" \/>\n<meta name=\"twitter:card\" content=\"summary_large_image\" \/>\n<script type=\"application\/ld+json\" class=\"yoast-schema-graph\">{\"@context\":\"https:\\\/\\\/schema.org\",\"@graph\":[{\"@type\":\"WebPage\",\"@id\":\"https:\\\/\\\/perle-in.com\\\/produit\\\/pull-zippe-aneto-avec-fermeture-quart-de-zip\\\/\",\"url\":\"https:\\\/\\\/perle-in.com\\\/produit\\\/pull-zippe-aneto-avec-fermeture-quart-de-zip\\\/\",\"name\":\"Pull zipp\u00e9 Aneto avec fermeture quart de zip - PERLE IN\",\"isPartOf\":{\"@id\":\"https:\\\/\\\/perle-in.com\\\/#website\"},\"primaryImageOfPage\":{\"@id\":\"https:\\\/\\\/perle-in.com\\\/produit\\\/pull-zippe-aneto-avec-fermeture-quart-de-zip\\\/#primaryimage\"},\"image\":{\"@id\":\"https:\\\/\\\/perle-in.com\\\/produit\\\/pull-zippe-aneto-avec-fermeture-quart-de-zip\\\/#primaryimage\"},\"thumbnailUrl\":\"https:\\\/\\\/perle-in.com\\\/wp-content\\\/uploads\\\/2025\\\/10\\\/R11091R-1.jpg\",\"datePublished\":\"2025-10-15T02:06:52+00:00\",\"dateModified\":\"2025-10-19T03:48:11+00:00\",\"breadcrumb\":{\"@id\":\"https:\\\/\\\/perle-in.com\\\/produit\\\/pull-zippe-aneto-avec-fermeture-quart-de-zip\\\/#breadcrumb\"},\"inLanguage\":\"en-CA\",\"potentialAction\":[{\"@type\":\"ReadAction\",\"target\":[\"https:\\\/\\\/perle-in.com\\\/produit\\\/pull-zippe-aneto-avec-fermeture-quart-de-zip\\\/\"]}]},{\"@type\":\"ImageObject\",\"inLanguage\":\"en-CA\",\"@id\":\"https:\\\/\\\/perle-in.com\\\/produit\\\/pull-zippe-aneto-avec-fermeture-quart-de-zip\\\/#primaryimage\",\"url\":\"https:\\\/\\\/perle-in.com\\\/wp-content\\\/uploads\\\/2025\\\/10\\\/R11091R-1.jpg\",\"contentUrl\":\"https:\\\/\\\/perle-in.com\\\/wp-content\\\/uploads\\\/2025\\\/10\\\/R11091R-1.jpg\",\"width\":1600,\"height\":1600},{\"@type\":\"BreadcrumbList\",\"@id\":\"https:\\\/\\\/perle-in.com\\\/produit\\\/pull-zippe-aneto-avec-fermeture-quart-de-zip\\\/#breadcrumb\",\"itemListElement\":[{\"@type\":\"ListItem\",\"position\":1,\"name\":\"Accueil\",\"item\":\"https:\\\/\\\/perle-in.com\\\/\"},{\"@type\":\"ListItem\",\"position\":2,\"name\":\"Boutique\",\"item\":\"https:\\\/\\\/perle-in.com\\\/boutique\\\/\"},{\"@type\":\"ListItem\",\"position\":3,\"name\":\"Pull zipp\u00e9 Aneto avec fermeture quart de zip\"}]},{\"@type\":\"WebSite\",\"@id\":\"https:\\\/\\\/perle-in.com\\\/#website\",\"url\":\"https:\\\/\\\/perle-in.com\\\/\",\"name\":\"PERLE IN\",\"description\":\"\",\"publisher\":{\"@id\":\"https:\\\/\\\/perle-in.com\\\/#organization\"},\"potentialAction\":[{\"@type\":\"SearchAction\",\"target\":{\"@type\":\"EntryPoint\",\"urlTemplate\":\"https:\\\/\\\/perle-in.com\\\/?s={search_term_string}\"},\"query-input\":{\"@type\":\"PropertyValueSpecification\",\"valueRequired\":true,\"valueName\":\"search_term_string\"}}],\"inLanguage\":\"en-CA\"},{\"@type\":\"Organization\",\"@id\":\"https:\\\/\\\/perle-in.com\\\/#organization\",\"name\":\"PERLE IN\",\"url\":\"https:\\\/\\\/perle-in.com\\\/\",\"logo\":{\"@type\":\"ImageObject\",\"inLanguage\":\"en-CA\",\"@id\":\"https:\\\/\\\/perle-in.com\\\/#\\\/schema\\\/logo\\\/image\\\/\",\"url\":\"https:\\\/\\\/perle-in.com\\\/wp-content\\\/uploads\\\/2022\\\/12\\\/LOGO-PERLE-IN-COULEUR@3x.webp\",\"contentUrl\":\"https:\\\/\\\/perle-in.com\\\/wp-content\\\/uploads\\\/2022\\\/12\\\/LOGO-PERLE-IN-COULEUR@3x.webp\",\"width\":1600,\"height\":490,\"caption\":\"PERLE IN\"},\"image\":{\"@id\":\"https:\\\/\\\/perle-in.com\\\/#\\\/schema\\\/logo\\\/image\\\/\"}}]}<\/script>\n<!-- \/ Yoast SEO plugin. -->","yoast_head_json":{"title":"Pull zipp\u00e9 Aneto avec fermeture quart de zip - PERLE IN","robots":{"index":"noindex","follow":"follow","max-snippet":"max-snippet:-1","max-image-preview":"max-image-preview:large","max-video-preview":"max-video-preview:-1"},"og_locale":"en_US","og_type":"article","og_title":"Pull zipp\u00e9 Aneto avec fermeture quart de zip - PERLE IN","og_description":"Sweat-shirt avec demi-fermeture zipp\u00e9e assortie et col polo. Col int\u00e9rieur assorti. Coutures recouvertes renforc\u00e9es \u00e0 l'int\u00e9rieur du col. Poignets et taille c\u00f4tel\u00e9s 1x1. Le mannequin mesure 185 cm et porte la taille M.","og_url":"https:\/\/perle-in.com\/en\/product\/pull-zippe-aneto-avec-fermeture-quart-de-zip\/","og_site_name":"PERLE IN","article_modified_time":"2025-10-19T03:48:11+00:00","og_image":[{"width":1600,"height":1600,"url":"https:\/\/perle-in.com\/wp-content\/uploads\/2025\/10\/R11091R-1.jpg","type":"image\/jpeg"}],"twitter_card":"summary_large_image","schema":{"@context":"https:\/\/schema.org","@graph":[{"@type":"WebPage","@id":"https:\/\/perle-in.com\/produit\/pull-zippe-aneto-avec-fermeture-quart-de-zip\/","url":"https:\/\/perle-in.com\/produit\/pull-zippe-aneto-avec-fermeture-quart-de-zip\/","name":"Pull zipp\u00e9 Aneto avec fermeture quart de zip - PERLE IN","isPartOf":{"@id":"https:\/\/perle-in.com\/#website"},"primaryImageOfPage":{"@id":"https:\/\/perle-in.com\/produit\/pull-zippe-aneto-avec-fermeture-quart-de-zip\/#primaryimage"},"image":{"@id":"https:\/\/perle-in.com\/produit\/pull-zippe-aneto-avec-fermeture-quart-de-zip\/#primaryimage"},"thumbnailUrl":"https:\/\/perle-in.com\/wp-content\/uploads\/2025\/10\/R11091R-1.jpg","datePublished":"2025-10-15T02:06:52+00:00","dateModified":"2025-10-19T03:48:11+00:00","breadcrumb":{"@id":"https:\/\/perle-in.com\/produit\/pull-zippe-aneto-avec-fermeture-quart-de-zip\/#breadcrumb"},"inLanguage":"en-CA","potentialAction":[{"@type":"ReadAction","target":["https:\/\/perle-in.com\/produit\/pull-zippe-aneto-avec-fermeture-quart-de-zip\/"]}]},{"@type":"ImageObject","inLanguage":"en-CA","@id":"https:\/\/perle-in.com\/produit\/pull-zippe-aneto-avec-fermeture-quart-de-zip\/#primaryimage","url":"https:\/\/perle-in.com\/wp-content\/uploads\/2025\/10\/R11091R-1.jpg","contentUrl":"https:\/\/perle-in.com\/wp-content\/uploads\/2025\/10\/R11091R-1.jpg","width":1600,"height":1600},{"@type":"BreadcrumbList","@id":"https:\/\/perle-in.com\/produit\/pull-zippe-aneto-avec-fermeture-quart-de-zip\/#breadcrumb","itemListElement":[{"@type":"ListItem","position":1,"name":"Accueil","item":"https:\/\/perle-in.com\/"},{"@type":"ListItem","position":2,"name":"Boutique","item":"https:\/\/perle-in.com\/boutique\/"},{"@type":"ListItem","position":3,"name":"Pull zipp\u00e9 Aneto avec fermeture quart de zip"}]},{"@type":"WebSite","@id":"https:\/\/perle-in.com\/#website","url":"https:\/\/perle-in.com\/","name":"PERLE IN","description":"","publisher":{"@id":"https:\/\/perle-in.com\/#organization"},"potentialAction":[{"@type":"SearchAction","target":{"@type":"EntryPoint","urlTemplate":"https:\/\/perle-in.com\/?s={search_term_string}"},"query-input":{"@type":"PropertyValueSpecification","valueRequired":true,"valueName":"search_term_string"}}],"inLanguage":"en-CA"},{"@type":"Organization","@id":"https:\/\/perle-in.com\/#organization","name":"PERLE IN","url":"https:\/\/perle-in.com\/","logo":{"@type":"ImageObject","inLanguage":"en-CA","@id":"https:\/\/perle-in.com\/#\/schema\/logo\/image\/","url":"https:\/\/perle-in.com\/wp-content\/uploads\/2022\/12\/LOGO-PERLE-IN-COULEUR@3x.webp","contentUrl":"https:\/\/perle-in.com\/wp-content\/uploads\/2022\/12\/LOGO-PERLE-IN-COULEUR@3x.webp","width":1600,"height":490,"caption":"PERLE IN"},"image":{"@id":"https:\/\/perle-in.com\/#\/schema\/logo\/image\/"}}]}},"jetpack_sharing_enabled":true,"_links":{"self":[{"href":"https:\/\/perle-in.com\/en\/wp-json\/wp\/v2\/product\/544651","targetHints":{"allow":["GET"]}}],"collection":[{"href":"https:\/\/perle-in.com\/en\/wp-json\/wp\/v2\/product"}],"about":[{"href":"https:\/\/perle-in.com\/en\/wp-json\/wp\/v2\/types\/product"}],"version-history":[{"count":0,"href":"https:\/\/perle-in.com\/en\/wp-json\/wp\/v2\/product\/544651\/revisions"}],"wp:featuredmedia":[{"embeddable":true,"href":"https:\/\/perle-in.com\/en\/wp-json\/wp\/v2\/media\/544571"}],"wp:attachment":[{"href":"https:\/\/perle-in.com\/en\/wp-json\/wp\/v2\/media?parent=544651"}],"wp:term":[{"taxonomy":"product_brand","embeddable":true,"href":"https:\/\/perle-in.com\/en\/wp-json\/wp\/v2\/product_brand?post=544651"},{"taxonomy":"product_cat","embeddable":true,"href":"https:\/\/perle-in.com\/en\/wp-json\/wp\/v2\/product_cat?post=544651"},{"taxonomy":"product_tag","embeddable":true,"href":"https:\/\/perle-in.com\/en\/wp-json\/wp\/v2\/product_tag?post=544651"}],"curies":[{"name":"wp","href":"https:\/\/api.w.org\/{rel}","templated":true}]}}