{"id":544555,"date":"2025-10-15T04:05:06","date_gmt":"2025-10-15T02:05:06","guid":{"rendered":"https:\/\/perle-in.com\/produit\/boite-dechantillons-de-pansements\/"},"modified":"2025-10-19T05:48:11","modified_gmt":"2025-10-19T03:48:11","slug":"boite-dechantillons-de-pansements","status":"publish","type":"product","link":"https:\/\/perle-in.com\/en\/product\/boite-dechantillons-de-pansements\/","title":{"rendered":"Bo\u00eete d&#8217;\u00e9chantillons de pansements"},"content":{"rendered":"","protected":false},"excerpt":{"rendered":"<p>Comprend 3\u00a0enveloppes en papier de diff\u00e9rentes tailles (95\u00a0x\u00a040\u00a0mm, 100\u00a0x\u00a065\u00a0mm, 100\u00a0x\u00a094\u00a0mm), chacune contenant 5\u00a0pansements diff\u00e9rents (bambou, universel, paillet\u00e9, sensible et imprim\u00e9). Nos produits r\u00e9pondent aux exigences strictes de la Medical\u00a0Device\u00a0Regulation (MDR) et sont enregistr\u00e9s aupr\u00e8s de la FDA dans plusieurs pays. Conforme aux normes ISO14001:2015 et ISO9001:2015. Dimensions du pansement\u00a0: 72 x 19 cm.<\/p>","protected":false},"featured_media":544534,"template":"","meta":{"_eb_attr":""},"product_brand":[],"product_cat":[390,391],"product_tag":[1038,805,806,761,1054],"class_list":{"0":"post-544555","1":"product","2":"type-product","3":"status-publish","4":"has-post-thumbnail","6":"product_cat-sant-et-hygine-personnelle","7":"product_cat-trousses-de-secours","8":"product_tag-graid","9":"product_tag-pansement","10":"product_tag-pansements","11":"product_tag-plaies","12":"product_tag-soins","13":"pa_couleurs-blanc","15":"first","16":"instock","17":"shipping-taxable","18":"purchasable","19":"product-type-variable"},"yoast_head":"<!-- This site is optimized with the Yoast SEO plugin v27.4 - https:\/\/yoast.com\/product\/yoast-seo-wordpress\/ -->\n<title>Bo\u00eete d&#039;\u00e9chantillons de pansements - PERLE IN<\/title>\n<meta name=\"robots\" content=\"noindex, follow, max-snippet:-1, max-image-preview:large, max-video-preview:-1\" \/>\n<meta property=\"og:locale\" content=\"en_US\" \/>\n<meta property=\"og:type\" content=\"article\" \/>\n<meta property=\"og:title\" content=\"Bo\u00eete d&#039;\u00e9chantillons de pansements - PERLE IN\" \/>\n<meta property=\"og:description\" content=\"Comprend 3\u00a0enveloppes en papier de diff\u00e9rentes tailles (95\u00a0x\u00a040\u00a0mm, 100\u00a0x\u00a065\u00a0mm, 100\u00a0x\u00a094\u00a0mm), chacune contenant 5\u00a0pansements diff\u00e9rents (bambou, universel, paillet\u00e9, sensible et imprim\u00e9). Nos produits r\u00e9pondent aux exigences strictes de la Medical\u00a0Device\u00a0Regulation (MDR) et sont enregistr\u00e9s aupr\u00e8s de la FDA dans plusieurs pays. Conforme aux normes ISO14001:2015 et ISO9001:2015. Dimensions du pansement\u00a0: 72 x 19 cm.\" \/>\n<meta property=\"og:url\" content=\"https:\/\/perle-in.com\/en\/product\/boite-dechantillons-de-pansements\/\" \/>\n<meta property=\"og:site_name\" content=\"PERLE IN\" \/>\n<meta property=\"article:modified_time\" content=\"2025-10-19T03:48:11+00:00\" \/>\n<meta property=\"og:image\" content=\"https:\/\/perle-in.com\/wp-content\/uploads\/2025\/10\/1PW00701-1.jpg\" \/>\n\t<meta property=\"og:image:width\" content=\"1600\" \/>\n\t<meta property=\"og:image:height\" content=\"1600\" \/>\n\t<meta property=\"og:image:type\" content=\"image\/jpeg\" \/>\n<meta name=\"twitter:card\" content=\"summary_large_image\" \/>\n<script type=\"application\/ld+json\" class=\"yoast-schema-graph\">{\"@context\":\"https:\\\/\\\/schema.org\",\"@graph\":[{\"@type\":\"WebPage\",\"@id\":\"https:\\\/\\\/perle-in.com\\\/en\\\/product\\\/boite-dechantillons-de-pansements\\\/\",\"url\":\"https:\\\/\\\/perle-in.com\\\/en\\\/product\\\/boite-dechantillons-de-pansements\\\/\",\"name\":\"Bo\u00eete d'\u00e9chantillons de pansements - PERLE IN\",\"isPartOf\":{\"@id\":\"https:\\\/\\\/perle-in.com\\\/#website\"},\"primaryImageOfPage\":{\"@id\":\"https:\\\/\\\/perle-in.com\\\/en\\\/product\\\/boite-dechantillons-de-pansements\\\/#primaryimage\"},\"image\":{\"@id\":\"https:\\\/\\\/perle-in.com\\\/en\\\/product\\\/boite-dechantillons-de-pansements\\\/#primaryimage\"},\"thumbnailUrl\":\"https:\\\/\\\/perle-in.com\\\/wp-content\\\/uploads\\\/2025\\\/10\\\/1PW00701-1.jpg\",\"datePublished\":\"2025-10-15T02:05:06+00:00\",\"dateModified\":\"2025-10-19T03:48:11+00:00\",\"breadcrumb\":{\"@id\":\"https:\\\/\\\/perle-in.com\\\/en\\\/product\\\/boite-dechantillons-de-pansements\\\/#breadcrumb\"},\"inLanguage\":\"en-CA\",\"potentialAction\":[{\"@type\":\"ReadAction\",\"target\":[\"https:\\\/\\\/perle-in.com\\\/en\\\/product\\\/boite-dechantillons-de-pansements\\\/\"]}]},{\"@type\":\"ImageObject\",\"inLanguage\":\"en-CA\",\"@id\":\"https:\\\/\\\/perle-in.com\\\/en\\\/product\\\/boite-dechantillons-de-pansements\\\/#primaryimage\",\"url\":\"https:\\\/\\\/perle-in.com\\\/wp-content\\\/uploads\\\/2025\\\/10\\\/1PW00701-1.jpg\",\"contentUrl\":\"https:\\\/\\\/perle-in.com\\\/wp-content\\\/uploads\\\/2025\\\/10\\\/1PW00701-1.jpg\",\"width\":1600,\"height\":1600},{\"@type\":\"BreadcrumbList\",\"@id\":\"https:\\\/\\\/perle-in.com\\\/en\\\/product\\\/boite-dechantillons-de-pansements\\\/#breadcrumb\",\"itemListElement\":[{\"@type\":\"ListItem\",\"position\":1,\"name\":\"Accueil\",\"item\":\"https:\\\/\\\/perle-in.com\\\/\"},{\"@type\":\"ListItem\",\"position\":2,\"name\":\"Boutique\",\"item\":\"https:\\\/\\\/perle-in.com\\\/boutique\\\/\"},{\"@type\":\"ListItem\",\"position\":3,\"name\":\"Bo\u00eete d&#8217;\u00e9chantillons de pansements\"}]},{\"@type\":\"WebSite\",\"@id\":\"https:\\\/\\\/perle-in.com\\\/#website\",\"url\":\"https:\\\/\\\/perle-in.com\\\/\",\"name\":\"PERLE IN\",\"description\":\"\",\"publisher\":{\"@id\":\"https:\\\/\\\/perle-in.com\\\/#organization\"},\"potentialAction\":[{\"@type\":\"SearchAction\",\"target\":{\"@type\":\"EntryPoint\",\"urlTemplate\":\"https:\\\/\\\/perle-in.com\\\/?s={search_term_string}\"},\"query-input\":{\"@type\":\"PropertyValueSpecification\",\"valueRequired\":true,\"valueName\":\"search_term_string\"}}],\"inLanguage\":\"en-CA\"},{\"@type\":\"Organization\",\"@id\":\"https:\\\/\\\/perle-in.com\\\/#organization\",\"name\":\"PERLE IN\",\"url\":\"https:\\\/\\\/perle-in.com\\\/\",\"logo\":{\"@type\":\"ImageObject\",\"inLanguage\":\"en-CA\",\"@id\":\"https:\\\/\\\/perle-in.com\\\/#\\\/schema\\\/logo\\\/image\\\/\",\"url\":\"https:\\\/\\\/perle-in.com\\\/wp-content\\\/uploads\\\/2022\\\/12\\\/LOGO-PERLE-IN-COULEUR@3x.webp\",\"contentUrl\":\"https:\\\/\\\/perle-in.com\\\/wp-content\\\/uploads\\\/2022\\\/12\\\/LOGO-PERLE-IN-COULEUR@3x.webp\",\"width\":1600,\"height\":490,\"caption\":\"PERLE IN\"},\"image\":{\"@id\":\"https:\\\/\\\/perle-in.com\\\/#\\\/schema\\\/logo\\\/image\\\/\"}}]}<\/script>\n<!-- \/ Yoast SEO plugin. -->","yoast_head_json":{"title":"Bo\u00eete d'\u00e9chantillons de pansements - PERLE IN","robots":{"index":"noindex","follow":"follow","max-snippet":"max-snippet:-1","max-image-preview":"max-image-preview:large","max-video-preview":"max-video-preview:-1"},"og_locale":"en_US","og_type":"article","og_title":"Bo\u00eete d'\u00e9chantillons de pansements - PERLE IN","og_description":"Comprend 3\u00a0enveloppes en papier de diff\u00e9rentes tailles (95\u00a0x\u00a040\u00a0mm, 100\u00a0x\u00a065\u00a0mm, 100\u00a0x\u00a094\u00a0mm), chacune contenant 5\u00a0pansements diff\u00e9rents (bambou, universel, paillet\u00e9, sensible et imprim\u00e9). Nos produits r\u00e9pondent aux exigences strictes de la Medical\u00a0Device\u00a0Regulation (MDR) et sont enregistr\u00e9s aupr\u00e8s de la FDA dans plusieurs pays. Conforme aux normes ISO14001:2015 et ISO9001:2015. Dimensions du pansement\u00a0: 72 x 19 cm.","og_url":"https:\/\/perle-in.com\/en\/product\/boite-dechantillons-de-pansements\/","og_site_name":"PERLE IN","article_modified_time":"2025-10-19T03:48:11+00:00","og_image":[{"width":1600,"height":1600,"url":"https:\/\/perle-in.com\/wp-content\/uploads\/2025\/10\/1PW00701-1.jpg","type":"image\/jpeg"}],"twitter_card":"summary_large_image","schema":{"@context":"https:\/\/schema.org","@graph":[{"@type":"WebPage","@id":"https:\/\/perle-in.com\/en\/product\/boite-dechantillons-de-pansements\/","url":"https:\/\/perle-in.com\/en\/product\/boite-dechantillons-de-pansements\/","name":"Bo\u00eete d'\u00e9chantillons de pansements - PERLE IN","isPartOf":{"@id":"https:\/\/perle-in.com\/#website"},"primaryImageOfPage":{"@id":"https:\/\/perle-in.com\/en\/product\/boite-dechantillons-de-pansements\/#primaryimage"},"image":{"@id":"https:\/\/perle-in.com\/en\/product\/boite-dechantillons-de-pansements\/#primaryimage"},"thumbnailUrl":"https:\/\/perle-in.com\/wp-content\/uploads\/2025\/10\/1PW00701-1.jpg","datePublished":"2025-10-15T02:05:06+00:00","dateModified":"2025-10-19T03:48:11+00:00","breadcrumb":{"@id":"https:\/\/perle-in.com\/en\/product\/boite-dechantillons-de-pansements\/#breadcrumb"},"inLanguage":"en-CA","potentialAction":[{"@type":"ReadAction","target":["https:\/\/perle-in.com\/en\/product\/boite-dechantillons-de-pansements\/"]}]},{"@type":"ImageObject","inLanguage":"en-CA","@id":"https:\/\/perle-in.com\/en\/product\/boite-dechantillons-de-pansements\/#primaryimage","url":"https:\/\/perle-in.com\/wp-content\/uploads\/2025\/10\/1PW00701-1.jpg","contentUrl":"https:\/\/perle-in.com\/wp-content\/uploads\/2025\/10\/1PW00701-1.jpg","width":1600,"height":1600},{"@type":"BreadcrumbList","@id":"https:\/\/perle-in.com\/en\/product\/boite-dechantillons-de-pansements\/#breadcrumb","itemListElement":[{"@type":"ListItem","position":1,"name":"Accueil","item":"https:\/\/perle-in.com\/"},{"@type":"ListItem","position":2,"name":"Boutique","item":"https:\/\/perle-in.com\/boutique\/"},{"@type":"ListItem","position":3,"name":"Bo\u00eete d&#8217;\u00e9chantillons de pansements"}]},{"@type":"WebSite","@id":"https:\/\/perle-in.com\/#website","url":"https:\/\/perle-in.com\/","name":"PERLE IN","description":"","publisher":{"@id":"https:\/\/perle-in.com\/#organization"},"potentialAction":[{"@type":"SearchAction","target":{"@type":"EntryPoint","urlTemplate":"https:\/\/perle-in.com\/?s={search_term_string}"},"query-input":{"@type":"PropertyValueSpecification","valueRequired":true,"valueName":"search_term_string"}}],"inLanguage":"en-CA"},{"@type":"Organization","@id":"https:\/\/perle-in.com\/#organization","name":"PERLE IN","url":"https:\/\/perle-in.com\/","logo":{"@type":"ImageObject","inLanguage":"en-CA","@id":"https:\/\/perle-in.com\/#\/schema\/logo\/image\/","url":"https:\/\/perle-in.com\/wp-content\/uploads\/2022\/12\/LOGO-PERLE-IN-COULEUR@3x.webp","contentUrl":"https:\/\/perle-in.com\/wp-content\/uploads\/2022\/12\/LOGO-PERLE-IN-COULEUR@3x.webp","width":1600,"height":490,"caption":"PERLE IN"},"image":{"@id":"https:\/\/perle-in.com\/#\/schema\/logo\/image\/"}}]}},"jetpack_sharing_enabled":true,"_links":{"self":[{"href":"https:\/\/perle-in.com\/en\/wp-json\/wp\/v2\/product\/544555","targetHints":{"allow":["GET"]}}],"collection":[{"href":"https:\/\/perle-in.com\/en\/wp-json\/wp\/v2\/product"}],"about":[{"href":"https:\/\/perle-in.com\/en\/wp-json\/wp\/v2\/types\/product"}],"version-history":[{"count":0,"href":"https:\/\/perle-in.com\/en\/wp-json\/wp\/v2\/product\/544555\/revisions"}],"wp:featuredmedia":[{"embeddable":true,"href":"https:\/\/perle-in.com\/en\/wp-json\/wp\/v2\/media\/544534"}],"wp:attachment":[{"href":"https:\/\/perle-in.com\/en\/wp-json\/wp\/v2\/media?parent=544555"}],"wp:term":[{"taxonomy":"product_brand","embeddable":true,"href":"https:\/\/perle-in.com\/en\/wp-json\/wp\/v2\/product_brand?post=544555"},{"taxonomy":"product_cat","embeddable":true,"href":"https:\/\/perle-in.com\/en\/wp-json\/wp\/v2\/product_cat?post=544555"},{"taxonomy":"product_tag","embeddable":true,"href":"https:\/\/perle-in.com\/en\/wp-json\/wp\/v2\/product_tag?post=544555"}],"curies":[{"name":"wp","href":"https:\/\/api.w.org\/{rel}","templated":true}]}}