{"id":544381,"date":"2025-10-15T03:59:23","date_gmt":"2025-10-15T01:59:23","guid":{"rendered":"https:\/\/perle-in.com\/produit\/boite-repas-700700-ml-miyo-renew-a-deux-blocs\/"},"modified":"2025-10-19T05:48:00","modified_gmt":"2025-10-19T03:48:00","slug":"boite-repas-700700-ml-miyo-renew-a-deux-blocs","status":"publish","type":"product","link":"https:\/\/perle-in.com\/en\/product\/boite-repas-700700-ml-miyo-renew-a-deux-blocs\/","title":{"rendered":"Boite repas 700+700 ml MIYO Renew \u00e0 deux blocs"},"content":{"rendered":"","protected":false},"excerpt":{"rendered":"<p>Le produit MIYO Renew est la solution parfaite pour tous les repas pris sur le pouce. Cette bo\u00eete \u00e0 d\u00e9jeuner \u00e9l\u00e9gante avec deux blocs d&#8217;une capacit\u00e9 de 700 ml chacun contient du plastique d\u00e9riv\u00e9 de la canne \u00e0 sucre, ce qui en fait un excellent choix pour r\u00e9duire la d\u00e9pendance \u00e0 l&#8217;\u00e9gard des produits en plastique \u00e0 usage unique. Cette bo\u00eete \u00e0 lunch contient deux compartiments, id\u00e9aux pour les salades, les fruits, les snacks ou les sandwichs. Le produit MIYO Renew passe au lave-vaisselle et au micro-ondes. Il comprend un \u00e9lastique fabriqu\u00e9 \u00e0 partir de plastique recycl\u00e9 pour maintenir le tout ensemble. Vous pouvez facilement m\u00e9langer les couleurs et ajouter des accessoires suppl\u00e9mentaires. Fabriqu\u00e9 au Royaume-Uni. Emball\u00e9 dans un sac en plastique PE recycl\u00e9.<\/p>","protected":false},"featured_media":544350,"template":"","meta":{"_eb_attr":""},"product_brand":[],"product_cat":[1232,150],"product_tag":[3110,3012,2999,2827,837,3109,880,836,2511],"class_list":{"0":"post-544381","1":"product","2":"type-product","3":"status-publish","4":"has-post-thumbnail","6":"product_cat-boites-repas","7":"product_cat-maison-et-cuisine","8":"product_tag-boite-a-dejeuner","9":"product_tag-boite-a-lunch","10":"product_tag-canne-a-sucre","11":"product_tag-dejeuner","12":"product_tag-durable","13":"product_tag-miyo","14":"product_tag-nourriture","15":"product_tag-recycle","16":"product_tag-sandwich","17":"pa_couleurs-bleu-recif","18":"pa_couleurs-granit","19":"pa_couleurs-gris-silex","20":"pa_couleurs-ivoire","21":"pa_couleurs-rose","22":"pa_couleurs-vert-deau","23":"pa_green-points-2036","24":"pa_matiere-plastique-pp-bio-plastique-issu-de-la-canne-a-sucre","25":"pa_pays-d-origine-angleterre","27":"first","28":"instock","29":"shipping-taxable","30":"purchasable","31":"product-type-variable"},"yoast_head":"<!-- This site is optimized with the Yoast SEO plugin v27.4 - https:\/\/yoast.com\/product\/yoast-seo-wordpress\/ -->\n<title>Boite repas 700+700 ml MIYO Renew \u00e0 deux blocs - PERLE IN<\/title>\n<meta name=\"robots\" content=\"noindex, follow, max-snippet:-1, max-image-preview:large, max-video-preview:-1\" \/>\n<meta property=\"og:locale\" content=\"en_US\" \/>\n<meta property=\"og:type\" content=\"article\" \/>\n<meta property=\"og:title\" content=\"Boite repas 700+700 ml MIYO Renew \u00e0 deux blocs - PERLE IN\" \/>\n<meta property=\"og:description\" content=\"Le produit MIYO Renew est la solution parfaite pour tous les repas pris sur le pouce. Cette bo\u00eete \u00e0 d\u00e9jeuner \u00e9l\u00e9gante avec deux blocs d&#039;une capacit\u00e9 de 700 ml chacun contient du plastique d\u00e9riv\u00e9 de la canne \u00e0 sucre, ce qui en fait un excellent choix pour r\u00e9duire la d\u00e9pendance \u00e0 l&#039;\u00e9gard des produits en plastique \u00e0 usage unique. Cette bo\u00eete \u00e0 lunch contient deux compartiments, id\u00e9aux pour les salades, les fruits, les snacks ou les sandwichs. Le produit MIYO Renew passe au lave-vaisselle et au micro-ondes. Il comprend un \u00e9lastique fabriqu\u00e9 \u00e0 partir de plastique recycl\u00e9 pour maintenir le tout ensemble. Vous pouvez facilement m\u00e9langer les couleurs et ajouter des accessoires suppl\u00e9mentaires. Fabriqu\u00e9 au Royaume-Uni. Emball\u00e9 dans un sac en plastique PE recycl\u00e9.\" \/>\n<meta property=\"og:url\" content=\"https:\/\/perle-in.com\/en\/product\/boite-repas-700700-ml-miyo-renew-a-deux-blocs\/\" \/>\n<meta property=\"og:site_name\" content=\"PERLE IN\" \/>\n<meta property=\"article:modified_time\" content=\"2025-10-19T03:48:00+00:00\" \/>\n<meta property=\"og:image\" content=\"https:\/\/perle-in.com\/wp-content\/uploads\/2025\/10\/21018202-1.jpg\" \/>\n\t<meta property=\"og:image:width\" content=\"1600\" \/>\n\t<meta property=\"og:image:height\" content=\"1600\" \/>\n\t<meta property=\"og:image:type\" content=\"image\/jpeg\" \/>\n<meta name=\"twitter:card\" content=\"summary_large_image\" \/>\n<script type=\"application\/ld+json\" class=\"yoast-schema-graph\">{\"@context\":\"https:\\\/\\\/schema.org\",\"@graph\":[{\"@type\":\"WebPage\",\"@id\":\"https:\\\/\\\/perle-in.com\\\/produit\\\/boite-repas-700700-ml-miyo-renew-a-deux-blocs\\\/\",\"url\":\"https:\\\/\\\/perle-in.com\\\/produit\\\/boite-repas-700700-ml-miyo-renew-a-deux-blocs\\\/\",\"name\":\"Boite repas 700+700 ml MIYO Renew \u00e0 deux blocs - PERLE IN\",\"isPartOf\":{\"@id\":\"https:\\\/\\\/perle-in.com\\\/#website\"},\"primaryImageOfPage\":{\"@id\":\"https:\\\/\\\/perle-in.com\\\/produit\\\/boite-repas-700700-ml-miyo-renew-a-deux-blocs\\\/#primaryimage\"},\"image\":{\"@id\":\"https:\\\/\\\/perle-in.com\\\/produit\\\/boite-repas-700700-ml-miyo-renew-a-deux-blocs\\\/#primaryimage\"},\"thumbnailUrl\":\"https:\\\/\\\/perle-in.com\\\/wp-content\\\/uploads\\\/2025\\\/10\\\/21018202-1.jpg\",\"datePublished\":\"2025-10-15T01:59:23+00:00\",\"dateModified\":\"2025-10-19T03:48:00+00:00\",\"breadcrumb\":{\"@id\":\"https:\\\/\\\/perle-in.com\\\/produit\\\/boite-repas-700700-ml-miyo-renew-a-deux-blocs\\\/#breadcrumb\"},\"inLanguage\":\"en-CA\",\"potentialAction\":[{\"@type\":\"ReadAction\",\"target\":[\"https:\\\/\\\/perle-in.com\\\/produit\\\/boite-repas-700700-ml-miyo-renew-a-deux-blocs\\\/\"]}]},{\"@type\":\"ImageObject\",\"inLanguage\":\"en-CA\",\"@id\":\"https:\\\/\\\/perle-in.com\\\/produit\\\/boite-repas-700700-ml-miyo-renew-a-deux-blocs\\\/#primaryimage\",\"url\":\"https:\\\/\\\/perle-in.com\\\/wp-content\\\/uploads\\\/2025\\\/10\\\/21018202-1.jpg\",\"contentUrl\":\"https:\\\/\\\/perle-in.com\\\/wp-content\\\/uploads\\\/2025\\\/10\\\/21018202-1.jpg\",\"width\":1600,\"height\":1600},{\"@type\":\"BreadcrumbList\",\"@id\":\"https:\\\/\\\/perle-in.com\\\/produit\\\/boite-repas-700700-ml-miyo-renew-a-deux-blocs\\\/#breadcrumb\",\"itemListElement\":[{\"@type\":\"ListItem\",\"position\":1,\"name\":\"Accueil\",\"item\":\"https:\\\/\\\/perle-in.com\\\/\"},{\"@type\":\"ListItem\",\"position\":2,\"name\":\"Boutique\",\"item\":\"https:\\\/\\\/perle-in.com\\\/boutique\\\/\"},{\"@type\":\"ListItem\",\"position\":3,\"name\":\"Boite repas 700+700 ml MIYO Renew \u00e0 deux blocs\"}]},{\"@type\":\"WebSite\",\"@id\":\"https:\\\/\\\/perle-in.com\\\/#website\",\"url\":\"https:\\\/\\\/perle-in.com\\\/\",\"name\":\"PERLE IN\",\"description\":\"\",\"publisher\":{\"@id\":\"https:\\\/\\\/perle-in.com\\\/#organization\"},\"potentialAction\":[{\"@type\":\"SearchAction\",\"target\":{\"@type\":\"EntryPoint\",\"urlTemplate\":\"https:\\\/\\\/perle-in.com\\\/?s={search_term_string}\"},\"query-input\":{\"@type\":\"PropertyValueSpecification\",\"valueRequired\":true,\"valueName\":\"search_term_string\"}}],\"inLanguage\":\"en-CA\"},{\"@type\":\"Organization\",\"@id\":\"https:\\\/\\\/perle-in.com\\\/#organization\",\"name\":\"PERLE IN\",\"url\":\"https:\\\/\\\/perle-in.com\\\/\",\"logo\":{\"@type\":\"ImageObject\",\"inLanguage\":\"en-CA\",\"@id\":\"https:\\\/\\\/perle-in.com\\\/#\\\/schema\\\/logo\\\/image\\\/\",\"url\":\"https:\\\/\\\/perle-in.com\\\/wp-content\\\/uploads\\\/2022\\\/12\\\/LOGO-PERLE-IN-COULEUR@3x.webp\",\"contentUrl\":\"https:\\\/\\\/perle-in.com\\\/wp-content\\\/uploads\\\/2022\\\/12\\\/LOGO-PERLE-IN-COULEUR@3x.webp\",\"width\":1600,\"height\":490,\"caption\":\"PERLE IN\"},\"image\":{\"@id\":\"https:\\\/\\\/perle-in.com\\\/#\\\/schema\\\/logo\\\/image\\\/\"}}]}<\/script>\n<!-- \/ Yoast SEO plugin. -->","yoast_head_json":{"title":"Boite repas 700+700 ml MIYO Renew \u00e0 deux blocs - PERLE IN","robots":{"index":"noindex","follow":"follow","max-snippet":"max-snippet:-1","max-image-preview":"max-image-preview:large","max-video-preview":"max-video-preview:-1"},"og_locale":"en_US","og_type":"article","og_title":"Boite repas 700+700 ml MIYO Renew \u00e0 deux blocs - PERLE IN","og_description":"Le produit MIYO Renew est la solution parfaite pour tous les repas pris sur le pouce. Cette bo\u00eete \u00e0 d\u00e9jeuner \u00e9l\u00e9gante avec deux blocs d'une capacit\u00e9 de 700 ml chacun contient du plastique d\u00e9riv\u00e9 de la canne \u00e0 sucre, ce qui en fait un excellent choix pour r\u00e9duire la d\u00e9pendance \u00e0 l'\u00e9gard des produits en plastique \u00e0 usage unique. Cette bo\u00eete \u00e0 lunch contient deux compartiments, id\u00e9aux pour les salades, les fruits, les snacks ou les sandwichs. Le produit MIYO Renew passe au lave-vaisselle et au micro-ondes. Il comprend un \u00e9lastique fabriqu\u00e9 \u00e0 partir de plastique recycl\u00e9 pour maintenir le tout ensemble. Vous pouvez facilement m\u00e9langer les couleurs et ajouter des accessoires suppl\u00e9mentaires. Fabriqu\u00e9 au Royaume-Uni. Emball\u00e9 dans un sac en plastique PE recycl\u00e9.","og_url":"https:\/\/perle-in.com\/en\/product\/boite-repas-700700-ml-miyo-renew-a-deux-blocs\/","og_site_name":"PERLE IN","article_modified_time":"2025-10-19T03:48:00+00:00","og_image":[{"width":1600,"height":1600,"url":"https:\/\/perle-in.com\/wp-content\/uploads\/2025\/10\/21018202-1.jpg","type":"image\/jpeg"}],"twitter_card":"summary_large_image","schema":{"@context":"https:\/\/schema.org","@graph":[{"@type":"WebPage","@id":"https:\/\/perle-in.com\/produit\/boite-repas-700700-ml-miyo-renew-a-deux-blocs\/","url":"https:\/\/perle-in.com\/produit\/boite-repas-700700-ml-miyo-renew-a-deux-blocs\/","name":"Boite repas 700+700 ml MIYO Renew \u00e0 deux blocs - PERLE IN","isPartOf":{"@id":"https:\/\/perle-in.com\/#website"},"primaryImageOfPage":{"@id":"https:\/\/perle-in.com\/produit\/boite-repas-700700-ml-miyo-renew-a-deux-blocs\/#primaryimage"},"image":{"@id":"https:\/\/perle-in.com\/produit\/boite-repas-700700-ml-miyo-renew-a-deux-blocs\/#primaryimage"},"thumbnailUrl":"https:\/\/perle-in.com\/wp-content\/uploads\/2025\/10\/21018202-1.jpg","datePublished":"2025-10-15T01:59:23+00:00","dateModified":"2025-10-19T03:48:00+00:00","breadcrumb":{"@id":"https:\/\/perle-in.com\/produit\/boite-repas-700700-ml-miyo-renew-a-deux-blocs\/#breadcrumb"},"inLanguage":"en-CA","potentialAction":[{"@type":"ReadAction","target":["https:\/\/perle-in.com\/produit\/boite-repas-700700-ml-miyo-renew-a-deux-blocs\/"]}]},{"@type":"ImageObject","inLanguage":"en-CA","@id":"https:\/\/perle-in.com\/produit\/boite-repas-700700-ml-miyo-renew-a-deux-blocs\/#primaryimage","url":"https:\/\/perle-in.com\/wp-content\/uploads\/2025\/10\/21018202-1.jpg","contentUrl":"https:\/\/perle-in.com\/wp-content\/uploads\/2025\/10\/21018202-1.jpg","width":1600,"height":1600},{"@type":"BreadcrumbList","@id":"https:\/\/perle-in.com\/produit\/boite-repas-700700-ml-miyo-renew-a-deux-blocs\/#breadcrumb","itemListElement":[{"@type":"ListItem","position":1,"name":"Accueil","item":"https:\/\/perle-in.com\/"},{"@type":"ListItem","position":2,"name":"Boutique","item":"https:\/\/perle-in.com\/boutique\/"},{"@type":"ListItem","position":3,"name":"Boite repas 700+700 ml MIYO Renew \u00e0 deux blocs"}]},{"@type":"WebSite","@id":"https:\/\/perle-in.com\/#website","url":"https:\/\/perle-in.com\/","name":"PERLE IN","description":"","publisher":{"@id":"https:\/\/perle-in.com\/#organization"},"potentialAction":[{"@type":"SearchAction","target":{"@type":"EntryPoint","urlTemplate":"https:\/\/perle-in.com\/?s={search_term_string}"},"query-input":{"@type":"PropertyValueSpecification","valueRequired":true,"valueName":"search_term_string"}}],"inLanguage":"en-CA"},{"@type":"Organization","@id":"https:\/\/perle-in.com\/#organization","name":"PERLE IN","url":"https:\/\/perle-in.com\/","logo":{"@type":"ImageObject","inLanguage":"en-CA","@id":"https:\/\/perle-in.com\/#\/schema\/logo\/image\/","url":"https:\/\/perle-in.com\/wp-content\/uploads\/2022\/12\/LOGO-PERLE-IN-COULEUR@3x.webp","contentUrl":"https:\/\/perle-in.com\/wp-content\/uploads\/2022\/12\/LOGO-PERLE-IN-COULEUR@3x.webp","width":1600,"height":490,"caption":"PERLE IN"},"image":{"@id":"https:\/\/perle-in.com\/#\/schema\/logo\/image\/"}}]}},"jetpack_sharing_enabled":true,"_links":{"self":[{"href":"https:\/\/perle-in.com\/en\/wp-json\/wp\/v2\/product\/544381","targetHints":{"allow":["GET"]}}],"collection":[{"href":"https:\/\/perle-in.com\/en\/wp-json\/wp\/v2\/product"}],"about":[{"href":"https:\/\/perle-in.com\/en\/wp-json\/wp\/v2\/types\/product"}],"version-history":[{"count":0,"href":"https:\/\/perle-in.com\/en\/wp-json\/wp\/v2\/product\/544381\/revisions"}],"wp:featuredmedia":[{"embeddable":true,"href":"https:\/\/perle-in.com\/en\/wp-json\/wp\/v2\/media\/544350"}],"wp:attachment":[{"href":"https:\/\/perle-in.com\/en\/wp-json\/wp\/v2\/media?parent=544381"}],"wp:term":[{"taxonomy":"product_brand","embeddable":true,"href":"https:\/\/perle-in.com\/en\/wp-json\/wp\/v2\/product_brand?post=544381"},{"taxonomy":"product_cat","embeddable":true,"href":"https:\/\/perle-in.com\/en\/wp-json\/wp\/v2\/product_cat?post=544381"},{"taxonomy":"product_tag","embeddable":true,"href":"https:\/\/perle-in.com\/en\/wp-json\/wp\/v2\/product_tag?post=544381"}],"curies":[{"name":"wp","href":"https:\/\/api.w.org\/{rel}","templated":true}]}}