{"id":544265,"date":"2025-10-15T03:56:41","date_gmt":"2025-10-15T01:56:41","guid":{"rendered":"https:\/\/perle-in.com\/produit\/grattoir-a-glace-en-t-shiver\/"},"modified":"2025-10-19T05:48:00","modified_gmt":"2025-10-19T03:48:00","slug":"grattoir-a-glace-en-t-shiver","status":"publish","type":"product","link":"https:\/\/perle-in.com\/en\/product\/grattoir-a-glace-en-t-shiver\/","title":{"rendered":"Grattoir \u00e0 glace en T Shiver"},"content":{"rendered":"","protected":false},"excerpt":{"rendered":"<p>Ce grattoir robuste et fonctionnel est fabriqu\u00e9 \u00e0 partir de plastique recycl\u00e9, pour un cadeau pratique et plus durable. Sa forme confortable le rend facile \u00e0 utiliser, avec deux options de grattage. En raison de la nature du plastique recycl\u00e9, les nuances de couleur peuvent varier l\u00e9g\u00e8rement et il peut y avoir des taches de couleur. Fabriqu\u00e9 au Royaume-Uni.<\/p>","protected":false},"featured_media":544244,"template":"","meta":{"_eb_attr":""},"product_brand":[],"product_cat":[507,438],"product_tag":[837,2779,3430,515,836,3431,510],"class_list":{"0":"post-544265","1":"product","2":"type-product","3":"status-publish","4":"has-post-thumbnail","6":"product_cat-accessoires-auto","7":"product_cat-outils-et-accessoires-pour-la-voiture","8":"product_tag-durable","9":"product_tag-glace","10":"product_tag-grattage","11":"product_tag-grattoir","12":"product_tag-recycle","13":"product_tag-vitres","14":"product_tag-voiture","15":"pa_couleurs-blanc","16":"pa_couleurs-bleu","17":"pa_couleurs-rouge","18":"pa_green-points-2166","19":"pa_matiere-plastique-recycle-hips-plastique-gomme","20":"pa_pays-d-origine-angleterre","22":"first","23":"instock","24":"shipping-taxable","25":"purchasable","26":"product-type-variable"},"yoast_head":"<!-- This site is optimized with the Yoast SEO plugin v27.4 - https:\/\/yoast.com\/product\/yoast-seo-wordpress\/ -->\n<title>Grattoir \u00e0 glace en T Shiver - PERLE IN<\/title>\n<meta name=\"robots\" content=\"noindex, follow, max-snippet:-1, max-image-preview:large, max-video-preview:-1\" \/>\n<meta property=\"og:locale\" content=\"en_US\" \/>\n<meta property=\"og:type\" content=\"article\" \/>\n<meta property=\"og:title\" content=\"Grattoir \u00e0 glace en T Shiver - PERLE IN\" \/>\n<meta property=\"og:description\" content=\"Ce grattoir robuste et fonctionnel est fabriqu\u00e9 \u00e0 partir de plastique recycl\u00e9, pour un cadeau pratique et plus durable. Sa forme confortable le rend facile \u00e0 utiliser, avec deux options de grattage. En raison de la nature du plastique recycl\u00e9, les nuances de couleur peuvent varier l\u00e9g\u00e8rement et il peut y avoir des taches de couleur. Fabriqu\u00e9 au Royaume-Uni.\" \/>\n<meta property=\"og:url\" content=\"https:\/\/perle-in.com\/en\/product\/grattoir-a-glace-en-t-shiver\/\" \/>\n<meta property=\"og:site_name\" content=\"PERLE IN\" \/>\n<meta property=\"article:modified_time\" content=\"2025-10-19T03:48:00+00:00\" \/>\n<meta property=\"og:image\" content=\"https:\/\/perle-in.com\/wp-content\/uploads\/2025\/10\/21019601-1.jpg\" \/>\n\t<meta property=\"og:image:width\" content=\"1600\" \/>\n\t<meta property=\"og:image:height\" content=\"1600\" \/>\n\t<meta property=\"og:image:type\" content=\"image\/jpeg\" \/>\n<meta name=\"twitter:card\" content=\"summary_large_image\" \/>\n<script type=\"application\/ld+json\" class=\"yoast-schema-graph\">{\"@context\":\"https:\\\/\\\/schema.org\",\"@graph\":[{\"@type\":\"WebPage\",\"@id\":\"https:\\\/\\\/perle-in.com\\\/produit\\\/grattoir-a-glace-en-t-shiver\\\/\",\"url\":\"https:\\\/\\\/perle-in.com\\\/produit\\\/grattoir-a-glace-en-t-shiver\\\/\",\"name\":\"Grattoir \u00e0 glace en T Shiver - PERLE IN\",\"isPartOf\":{\"@id\":\"https:\\\/\\\/perle-in.com\\\/#website\"},\"primaryImageOfPage\":{\"@id\":\"https:\\\/\\\/perle-in.com\\\/produit\\\/grattoir-a-glace-en-t-shiver\\\/#primaryimage\"},\"image\":{\"@id\":\"https:\\\/\\\/perle-in.com\\\/produit\\\/grattoir-a-glace-en-t-shiver\\\/#primaryimage\"},\"thumbnailUrl\":\"https:\\\/\\\/perle-in.com\\\/wp-content\\\/uploads\\\/2025\\\/10\\\/21019601-1.jpg\",\"datePublished\":\"2025-10-15T01:56:41+00:00\",\"dateModified\":\"2025-10-19T03:48:00+00:00\",\"breadcrumb\":{\"@id\":\"https:\\\/\\\/perle-in.com\\\/produit\\\/grattoir-a-glace-en-t-shiver\\\/#breadcrumb\"},\"inLanguage\":\"en-CA\",\"potentialAction\":[{\"@type\":\"ReadAction\",\"target\":[\"https:\\\/\\\/perle-in.com\\\/produit\\\/grattoir-a-glace-en-t-shiver\\\/\"]}]},{\"@type\":\"ImageObject\",\"inLanguage\":\"en-CA\",\"@id\":\"https:\\\/\\\/perle-in.com\\\/produit\\\/grattoir-a-glace-en-t-shiver\\\/#primaryimage\",\"url\":\"https:\\\/\\\/perle-in.com\\\/wp-content\\\/uploads\\\/2025\\\/10\\\/21019601-1.jpg\",\"contentUrl\":\"https:\\\/\\\/perle-in.com\\\/wp-content\\\/uploads\\\/2025\\\/10\\\/21019601-1.jpg\",\"width\":1600,\"height\":1600},{\"@type\":\"BreadcrumbList\",\"@id\":\"https:\\\/\\\/perle-in.com\\\/produit\\\/grattoir-a-glace-en-t-shiver\\\/#breadcrumb\",\"itemListElement\":[{\"@type\":\"ListItem\",\"position\":1,\"name\":\"Accueil\",\"item\":\"https:\\\/\\\/perle-in.com\\\/\"},{\"@type\":\"ListItem\",\"position\":2,\"name\":\"Boutique\",\"item\":\"https:\\\/\\\/perle-in.com\\\/boutique\\\/\"},{\"@type\":\"ListItem\",\"position\":3,\"name\":\"Grattoir \u00e0 glace en T Shiver\"}]},{\"@type\":\"WebSite\",\"@id\":\"https:\\\/\\\/perle-in.com\\\/#website\",\"url\":\"https:\\\/\\\/perle-in.com\\\/\",\"name\":\"PERLE IN\",\"description\":\"\",\"publisher\":{\"@id\":\"https:\\\/\\\/perle-in.com\\\/#organization\"},\"potentialAction\":[{\"@type\":\"SearchAction\",\"target\":{\"@type\":\"EntryPoint\",\"urlTemplate\":\"https:\\\/\\\/perle-in.com\\\/?s={search_term_string}\"},\"query-input\":{\"@type\":\"PropertyValueSpecification\",\"valueRequired\":true,\"valueName\":\"search_term_string\"}}],\"inLanguage\":\"en-CA\"},{\"@type\":\"Organization\",\"@id\":\"https:\\\/\\\/perle-in.com\\\/#organization\",\"name\":\"PERLE IN\",\"url\":\"https:\\\/\\\/perle-in.com\\\/\",\"logo\":{\"@type\":\"ImageObject\",\"inLanguage\":\"en-CA\",\"@id\":\"https:\\\/\\\/perle-in.com\\\/#\\\/schema\\\/logo\\\/image\\\/\",\"url\":\"https:\\\/\\\/perle-in.com\\\/wp-content\\\/uploads\\\/2022\\\/12\\\/LOGO-PERLE-IN-COULEUR@3x.webp\",\"contentUrl\":\"https:\\\/\\\/perle-in.com\\\/wp-content\\\/uploads\\\/2022\\\/12\\\/LOGO-PERLE-IN-COULEUR@3x.webp\",\"width\":1600,\"height\":490,\"caption\":\"PERLE IN\"},\"image\":{\"@id\":\"https:\\\/\\\/perle-in.com\\\/#\\\/schema\\\/logo\\\/image\\\/\"}}]}<\/script>\n<!-- \/ Yoast SEO plugin. -->","yoast_head_json":{"title":"Grattoir \u00e0 glace en T Shiver - PERLE IN","robots":{"index":"noindex","follow":"follow","max-snippet":"max-snippet:-1","max-image-preview":"max-image-preview:large","max-video-preview":"max-video-preview:-1"},"og_locale":"en_US","og_type":"article","og_title":"Grattoir \u00e0 glace en T Shiver - PERLE IN","og_description":"Ce grattoir robuste et fonctionnel est fabriqu\u00e9 \u00e0 partir de plastique recycl\u00e9, pour un cadeau pratique et plus durable. Sa forme confortable le rend facile \u00e0 utiliser, avec deux options de grattage. En raison de la nature du plastique recycl\u00e9, les nuances de couleur peuvent varier l\u00e9g\u00e8rement et il peut y avoir des taches de couleur. Fabriqu\u00e9 au Royaume-Uni.","og_url":"https:\/\/perle-in.com\/en\/product\/grattoir-a-glace-en-t-shiver\/","og_site_name":"PERLE IN","article_modified_time":"2025-10-19T03:48:00+00:00","og_image":[{"width":1600,"height":1600,"url":"https:\/\/perle-in.com\/wp-content\/uploads\/2025\/10\/21019601-1.jpg","type":"image\/jpeg"}],"twitter_card":"summary_large_image","schema":{"@context":"https:\/\/schema.org","@graph":[{"@type":"WebPage","@id":"https:\/\/perle-in.com\/produit\/grattoir-a-glace-en-t-shiver\/","url":"https:\/\/perle-in.com\/produit\/grattoir-a-glace-en-t-shiver\/","name":"Grattoir \u00e0 glace en T Shiver - PERLE IN","isPartOf":{"@id":"https:\/\/perle-in.com\/#website"},"primaryImageOfPage":{"@id":"https:\/\/perle-in.com\/produit\/grattoir-a-glace-en-t-shiver\/#primaryimage"},"image":{"@id":"https:\/\/perle-in.com\/produit\/grattoir-a-glace-en-t-shiver\/#primaryimage"},"thumbnailUrl":"https:\/\/perle-in.com\/wp-content\/uploads\/2025\/10\/21019601-1.jpg","datePublished":"2025-10-15T01:56:41+00:00","dateModified":"2025-10-19T03:48:00+00:00","breadcrumb":{"@id":"https:\/\/perle-in.com\/produit\/grattoir-a-glace-en-t-shiver\/#breadcrumb"},"inLanguage":"en-CA","potentialAction":[{"@type":"ReadAction","target":["https:\/\/perle-in.com\/produit\/grattoir-a-glace-en-t-shiver\/"]}]},{"@type":"ImageObject","inLanguage":"en-CA","@id":"https:\/\/perle-in.com\/produit\/grattoir-a-glace-en-t-shiver\/#primaryimage","url":"https:\/\/perle-in.com\/wp-content\/uploads\/2025\/10\/21019601-1.jpg","contentUrl":"https:\/\/perle-in.com\/wp-content\/uploads\/2025\/10\/21019601-1.jpg","width":1600,"height":1600},{"@type":"BreadcrumbList","@id":"https:\/\/perle-in.com\/produit\/grattoir-a-glace-en-t-shiver\/#breadcrumb","itemListElement":[{"@type":"ListItem","position":1,"name":"Accueil","item":"https:\/\/perle-in.com\/"},{"@type":"ListItem","position":2,"name":"Boutique","item":"https:\/\/perle-in.com\/boutique\/"},{"@type":"ListItem","position":3,"name":"Grattoir \u00e0 glace en T Shiver"}]},{"@type":"WebSite","@id":"https:\/\/perle-in.com\/#website","url":"https:\/\/perle-in.com\/","name":"PERLE IN","description":"","publisher":{"@id":"https:\/\/perle-in.com\/#organization"},"potentialAction":[{"@type":"SearchAction","target":{"@type":"EntryPoint","urlTemplate":"https:\/\/perle-in.com\/?s={search_term_string}"},"query-input":{"@type":"PropertyValueSpecification","valueRequired":true,"valueName":"search_term_string"}}],"inLanguage":"en-CA"},{"@type":"Organization","@id":"https:\/\/perle-in.com\/#organization","name":"PERLE IN","url":"https:\/\/perle-in.com\/","logo":{"@type":"ImageObject","inLanguage":"en-CA","@id":"https:\/\/perle-in.com\/#\/schema\/logo\/image\/","url":"https:\/\/perle-in.com\/wp-content\/uploads\/2022\/12\/LOGO-PERLE-IN-COULEUR@3x.webp","contentUrl":"https:\/\/perle-in.com\/wp-content\/uploads\/2022\/12\/LOGO-PERLE-IN-COULEUR@3x.webp","width":1600,"height":490,"caption":"PERLE IN"},"image":{"@id":"https:\/\/perle-in.com\/#\/schema\/logo\/image\/"}}]}},"jetpack_sharing_enabled":true,"_links":{"self":[{"href":"https:\/\/perle-in.com\/en\/wp-json\/wp\/v2\/product\/544265","targetHints":{"allow":["GET"]}}],"collection":[{"href":"https:\/\/perle-in.com\/en\/wp-json\/wp\/v2\/product"}],"about":[{"href":"https:\/\/perle-in.com\/en\/wp-json\/wp\/v2\/types\/product"}],"version-history":[{"count":0,"href":"https:\/\/perle-in.com\/en\/wp-json\/wp\/v2\/product\/544265\/revisions"}],"wp:featuredmedia":[{"embeddable":true,"href":"https:\/\/perle-in.com\/en\/wp-json\/wp\/v2\/media\/544244"}],"wp:attachment":[{"href":"https:\/\/perle-in.com\/en\/wp-json\/wp\/v2\/media?parent=544265"}],"wp:term":[{"taxonomy":"product_brand","embeddable":true,"href":"https:\/\/perle-in.com\/en\/wp-json\/wp\/v2\/product_brand?post=544265"},{"taxonomy":"product_cat","embeddable":true,"href":"https:\/\/perle-in.com\/en\/wp-json\/wp\/v2\/product_cat?post=544265"},{"taxonomy":"product_tag","embeddable":true,"href":"https:\/\/perle-in.com\/en\/wp-json\/wp\/v2\/product_tag?post=544265"}],"curies":[{"name":"wp","href":"https:\/\/api.w.org\/{rel}","templated":true}]}}