{"id":544076,"date":"2025-10-15T03:53:39","date_gmt":"2025-10-15T01:53:39","guid":{"rendered":"https:\/\/perle-in.com\/produit\/yoyo-recycle-garo\/"},"modified":"2025-10-19T05:48:00","modified_gmt":"2025-10-19T03:48:00","slug":"yoyo-recycle-garo","status":"publish","type":"product","link":"https:\/\/perle-in.com\/en\/product\/yoyo-recycle-garo\/","title":{"rendered":"Yoyo recycl\u00e9 Garo"},"content":{"rendered":"","protected":false},"excerpt":{"rendered":"<p>Aidez le plastique \u00e0 circuler, avec un brin de nostalgie\u00a0! Ce yoyo amusant est fabriqu\u00e9 \u00e0 partir de plastique recycl\u00e9. En raison de la nature du plastique recycl\u00e9, les nuances de couleur peuvent varier l\u00e9g\u00e8rement et il peut y avoir des taches de couleur. Le yoyo est pour une utilisation promotionnelle uniquement. Fabriqu\u00e9 au Royaume-Uni. Avertissement ! Ne convient pas aux enfants de moins de trois ans. Long cordon. Risque d&#8217;\u00e9tranglement.<\/p>","protected":false},"featured_media":544052,"template":"","meta":{"_eb_attr":""},"product_brand":[],"product_cat":[1265,1263],"product_tag":[837,1073,836,3425],"class_list":{"0":"post-544076","1":"product","2":"type-product","3":"status-publish","4":"has-post-thumbnail","6":"product_cat-jeux-d-interieur","7":"product_cat-jeux-et-jouets","8":"product_tag-durable","9":"product_tag-jeux","10":"product_tag-recycle","11":"product_tag-yoyo","12":"pa_couleurs-blanc","13":"pa_couleurs-bleu","14":"pa_couleurs-jaune","15":"pa_couleurs-rouge","16":"pa_green-points-3125","17":"pa_matiere-plastique-recycle-hips","18":"pa_pays-d-origine-angleterre","20":"first","21":"instock","22":"shipping-taxable","23":"purchasable","24":"product-type-variable"},"yoast_head":"<!-- This site is optimized with the Yoast SEO plugin v27.4 - https:\/\/yoast.com\/product\/yoast-seo-wordpress\/ -->\n<title>Yoyo recycl\u00e9 Garo - PERLE IN<\/title>\n<meta name=\"robots\" content=\"noindex, follow, max-snippet:-1, max-image-preview:large, max-video-preview:-1\" \/>\n<meta property=\"og:locale\" content=\"en_US\" \/>\n<meta property=\"og:type\" content=\"article\" \/>\n<meta property=\"og:title\" content=\"Yoyo recycl\u00e9 Garo - PERLE IN\" \/>\n<meta property=\"og:description\" content=\"Aidez le plastique \u00e0 circuler, avec un brin de nostalgie\u00a0! Ce yoyo amusant est fabriqu\u00e9 \u00e0 partir de plastique recycl\u00e9. En raison de la nature du plastique recycl\u00e9, les nuances de couleur peuvent varier l\u00e9g\u00e8rement et il peut y avoir des taches de couleur. Le yoyo est pour une utilisation promotionnelle uniquement. Fabriqu\u00e9 au Royaume-Uni. Avertissement ! Ne convient pas aux enfants de moins de trois ans. Long cordon. Risque d&#039;\u00e9tranglement.\" \/>\n<meta property=\"og:url\" content=\"https:\/\/perle-in.com\/en\/product\/yoyo-recycle-garo\/\" \/>\n<meta property=\"og:site_name\" content=\"PERLE IN\" \/>\n<meta property=\"article:modified_time\" content=\"2025-10-19T03:48:00+00:00\" \/>\n<meta property=\"og:image\" content=\"https:\/\/perle-in.com\/wp-content\/uploads\/2025\/10\/21019201-1.jpg\" \/>\n\t<meta property=\"og:image:width\" content=\"1600\" \/>\n\t<meta property=\"og:image:height\" content=\"1600\" \/>\n\t<meta property=\"og:image:type\" content=\"image\/jpeg\" \/>\n<meta name=\"twitter:card\" content=\"summary_large_image\" \/>\n<script type=\"application\/ld+json\" class=\"yoast-schema-graph\">{\"@context\":\"https:\\\/\\\/schema.org\",\"@graph\":[{\"@type\":\"WebPage\",\"@id\":\"https:\\\/\\\/perle-in.com\\\/produit\\\/yoyo-recycle-garo\\\/\",\"url\":\"https:\\\/\\\/perle-in.com\\\/produit\\\/yoyo-recycle-garo\\\/\",\"name\":\"Yoyo recycl\u00e9 Garo - PERLE IN\",\"isPartOf\":{\"@id\":\"https:\\\/\\\/perle-in.com\\\/#website\"},\"primaryImageOfPage\":{\"@id\":\"https:\\\/\\\/perle-in.com\\\/produit\\\/yoyo-recycle-garo\\\/#primaryimage\"},\"image\":{\"@id\":\"https:\\\/\\\/perle-in.com\\\/produit\\\/yoyo-recycle-garo\\\/#primaryimage\"},\"thumbnailUrl\":\"https:\\\/\\\/perle-in.com\\\/wp-content\\\/uploads\\\/2025\\\/10\\\/21019201-1.jpg\",\"datePublished\":\"2025-10-15T01:53:39+00:00\",\"dateModified\":\"2025-10-19T03:48:00+00:00\",\"breadcrumb\":{\"@id\":\"https:\\\/\\\/perle-in.com\\\/produit\\\/yoyo-recycle-garo\\\/#breadcrumb\"},\"inLanguage\":\"en-CA\",\"potentialAction\":[{\"@type\":\"ReadAction\",\"target\":[\"https:\\\/\\\/perle-in.com\\\/produit\\\/yoyo-recycle-garo\\\/\"]}]},{\"@type\":\"ImageObject\",\"inLanguage\":\"en-CA\",\"@id\":\"https:\\\/\\\/perle-in.com\\\/produit\\\/yoyo-recycle-garo\\\/#primaryimage\",\"url\":\"https:\\\/\\\/perle-in.com\\\/wp-content\\\/uploads\\\/2025\\\/10\\\/21019201-1.jpg\",\"contentUrl\":\"https:\\\/\\\/perle-in.com\\\/wp-content\\\/uploads\\\/2025\\\/10\\\/21019201-1.jpg\",\"width\":1600,\"height\":1600},{\"@type\":\"BreadcrumbList\",\"@id\":\"https:\\\/\\\/perle-in.com\\\/produit\\\/yoyo-recycle-garo\\\/#breadcrumb\",\"itemListElement\":[{\"@type\":\"ListItem\",\"position\":1,\"name\":\"Accueil\",\"item\":\"https:\\\/\\\/perle-in.com\\\/\"},{\"@type\":\"ListItem\",\"position\":2,\"name\":\"Boutique\",\"item\":\"https:\\\/\\\/perle-in.com\\\/boutique\\\/\"},{\"@type\":\"ListItem\",\"position\":3,\"name\":\"Yoyo recycl\u00e9 Garo\"}]},{\"@type\":\"WebSite\",\"@id\":\"https:\\\/\\\/perle-in.com\\\/#website\",\"url\":\"https:\\\/\\\/perle-in.com\\\/\",\"name\":\"PERLE IN\",\"description\":\"\",\"publisher\":{\"@id\":\"https:\\\/\\\/perle-in.com\\\/#organization\"},\"potentialAction\":[{\"@type\":\"SearchAction\",\"target\":{\"@type\":\"EntryPoint\",\"urlTemplate\":\"https:\\\/\\\/perle-in.com\\\/?s={search_term_string}\"},\"query-input\":{\"@type\":\"PropertyValueSpecification\",\"valueRequired\":true,\"valueName\":\"search_term_string\"}}],\"inLanguage\":\"en-CA\"},{\"@type\":\"Organization\",\"@id\":\"https:\\\/\\\/perle-in.com\\\/#organization\",\"name\":\"PERLE IN\",\"url\":\"https:\\\/\\\/perle-in.com\\\/\",\"logo\":{\"@type\":\"ImageObject\",\"inLanguage\":\"en-CA\",\"@id\":\"https:\\\/\\\/perle-in.com\\\/#\\\/schema\\\/logo\\\/image\\\/\",\"url\":\"https:\\\/\\\/perle-in.com\\\/wp-content\\\/uploads\\\/2022\\\/12\\\/LOGO-PERLE-IN-COULEUR@3x.webp\",\"contentUrl\":\"https:\\\/\\\/perle-in.com\\\/wp-content\\\/uploads\\\/2022\\\/12\\\/LOGO-PERLE-IN-COULEUR@3x.webp\",\"width\":1600,\"height\":490,\"caption\":\"PERLE IN\"},\"image\":{\"@id\":\"https:\\\/\\\/perle-in.com\\\/#\\\/schema\\\/logo\\\/image\\\/\"}}]}<\/script>\n<!-- \/ Yoast SEO plugin. -->","yoast_head_json":{"title":"Yoyo recycl\u00e9 Garo - PERLE IN","robots":{"index":"noindex","follow":"follow","max-snippet":"max-snippet:-1","max-image-preview":"max-image-preview:large","max-video-preview":"max-video-preview:-1"},"og_locale":"en_US","og_type":"article","og_title":"Yoyo recycl\u00e9 Garo - PERLE IN","og_description":"Aidez le plastique \u00e0 circuler, avec un brin de nostalgie\u00a0! Ce yoyo amusant est fabriqu\u00e9 \u00e0 partir de plastique recycl\u00e9. En raison de la nature du plastique recycl\u00e9, les nuances de couleur peuvent varier l\u00e9g\u00e8rement et il peut y avoir des taches de couleur. Le yoyo est pour une utilisation promotionnelle uniquement. Fabriqu\u00e9 au Royaume-Uni. Avertissement ! Ne convient pas aux enfants de moins de trois ans. Long cordon. Risque d'\u00e9tranglement.","og_url":"https:\/\/perle-in.com\/en\/product\/yoyo-recycle-garo\/","og_site_name":"PERLE IN","article_modified_time":"2025-10-19T03:48:00+00:00","og_image":[{"width":1600,"height":1600,"url":"https:\/\/perle-in.com\/wp-content\/uploads\/2025\/10\/21019201-1.jpg","type":"image\/jpeg"}],"twitter_card":"summary_large_image","schema":{"@context":"https:\/\/schema.org","@graph":[{"@type":"WebPage","@id":"https:\/\/perle-in.com\/produit\/yoyo-recycle-garo\/","url":"https:\/\/perle-in.com\/produit\/yoyo-recycle-garo\/","name":"Yoyo recycl\u00e9 Garo - PERLE IN","isPartOf":{"@id":"https:\/\/perle-in.com\/#website"},"primaryImageOfPage":{"@id":"https:\/\/perle-in.com\/produit\/yoyo-recycle-garo\/#primaryimage"},"image":{"@id":"https:\/\/perle-in.com\/produit\/yoyo-recycle-garo\/#primaryimage"},"thumbnailUrl":"https:\/\/perle-in.com\/wp-content\/uploads\/2025\/10\/21019201-1.jpg","datePublished":"2025-10-15T01:53:39+00:00","dateModified":"2025-10-19T03:48:00+00:00","breadcrumb":{"@id":"https:\/\/perle-in.com\/produit\/yoyo-recycle-garo\/#breadcrumb"},"inLanguage":"en-CA","potentialAction":[{"@type":"ReadAction","target":["https:\/\/perle-in.com\/produit\/yoyo-recycle-garo\/"]}]},{"@type":"ImageObject","inLanguage":"en-CA","@id":"https:\/\/perle-in.com\/produit\/yoyo-recycle-garo\/#primaryimage","url":"https:\/\/perle-in.com\/wp-content\/uploads\/2025\/10\/21019201-1.jpg","contentUrl":"https:\/\/perle-in.com\/wp-content\/uploads\/2025\/10\/21019201-1.jpg","width":1600,"height":1600},{"@type":"BreadcrumbList","@id":"https:\/\/perle-in.com\/produit\/yoyo-recycle-garo\/#breadcrumb","itemListElement":[{"@type":"ListItem","position":1,"name":"Accueil","item":"https:\/\/perle-in.com\/"},{"@type":"ListItem","position":2,"name":"Boutique","item":"https:\/\/perle-in.com\/boutique\/"},{"@type":"ListItem","position":3,"name":"Yoyo recycl\u00e9 Garo"}]},{"@type":"WebSite","@id":"https:\/\/perle-in.com\/#website","url":"https:\/\/perle-in.com\/","name":"PERLE IN","description":"","publisher":{"@id":"https:\/\/perle-in.com\/#organization"},"potentialAction":[{"@type":"SearchAction","target":{"@type":"EntryPoint","urlTemplate":"https:\/\/perle-in.com\/?s={search_term_string}"},"query-input":{"@type":"PropertyValueSpecification","valueRequired":true,"valueName":"search_term_string"}}],"inLanguage":"en-CA"},{"@type":"Organization","@id":"https:\/\/perle-in.com\/#organization","name":"PERLE IN","url":"https:\/\/perle-in.com\/","logo":{"@type":"ImageObject","inLanguage":"en-CA","@id":"https:\/\/perle-in.com\/#\/schema\/logo\/image\/","url":"https:\/\/perle-in.com\/wp-content\/uploads\/2022\/12\/LOGO-PERLE-IN-COULEUR@3x.webp","contentUrl":"https:\/\/perle-in.com\/wp-content\/uploads\/2022\/12\/LOGO-PERLE-IN-COULEUR@3x.webp","width":1600,"height":490,"caption":"PERLE IN"},"image":{"@id":"https:\/\/perle-in.com\/#\/schema\/logo\/image\/"}}]}},"jetpack_sharing_enabled":true,"_links":{"self":[{"href":"https:\/\/perle-in.com\/en\/wp-json\/wp\/v2\/product\/544076","targetHints":{"allow":["GET"]}}],"collection":[{"href":"https:\/\/perle-in.com\/en\/wp-json\/wp\/v2\/product"}],"about":[{"href":"https:\/\/perle-in.com\/en\/wp-json\/wp\/v2\/types\/product"}],"version-history":[{"count":0,"href":"https:\/\/perle-in.com\/en\/wp-json\/wp\/v2\/product\/544076\/revisions"}],"wp:featuredmedia":[{"embeddable":true,"href":"https:\/\/perle-in.com\/en\/wp-json\/wp\/v2\/media\/544052"}],"wp:attachment":[{"href":"https:\/\/perle-in.com\/en\/wp-json\/wp\/v2\/media?parent=544076"}],"wp:term":[{"taxonomy":"product_brand","embeddable":true,"href":"https:\/\/perle-in.com\/en\/wp-json\/wp\/v2\/product_brand?post=544076"},{"taxonomy":"product_cat","embeddable":true,"href":"https:\/\/perle-in.com\/en\/wp-json\/wp\/v2\/product_cat?post=544076"},{"taxonomy":"product_tag","embeddable":true,"href":"https:\/\/perle-in.com\/en\/wp-json\/wp\/v2\/product_tag?post=544076"}],"curies":[{"name":"wp","href":"https:\/\/api.w.org\/{rel}","templated":true}]}}