{"id":544020,"date":"2025-10-15T03:50:49","date_gmt":"2025-10-15T01:50:49","guid":{"rendered":"https:\/\/perle-in.com\/produit\/porte-cles-kym-recycle-verificateur-de-structures-de-pneu\/"},"modified":"2025-10-19T05:48:00","modified_gmt":"2025-10-19T03:48:00","slug":"porte-cles-kym-recycle-verificateur-de-structures-de-pneu","status":"publish","type":"product","link":"https:\/\/perle-in.com\/en\/product\/porte-cles-kym-recycle-verificateur-de-structures-de-pneu\/","title":{"rendered":"Porte-cl\u00e9s Kym recycl\u00e9 v\u00e9rificateur de structures de pneu"},"content":{"rendered":"","protected":false},"excerpt":{"rendered":"<p>Un kit pratique et essentiel pour tout conducteur, qui permet de v\u00e9rifier que la profondeur de sculpture des pneus est s\u00fbre et conforme \u00e0 la limite l\u00e9gale. Fabriqu\u00e9 \u00e0 partir de plastique recycl\u00e9. En raison de la nature du plastique recycl\u00e9, les nuances de couleur peuvent varier l\u00e9g\u00e8rement et il peut y avoir des taches de couleur. Fabriqu\u00e9 au Royaume-Uni.<\/p>","protected":false},"featured_media":544005,"template":"","meta":{"_eb_attr":""},"product_brand":[],"product_cat":[400,409],"product_tag":[3424,3423,837,1021,836],"class_list":{"0":"post-544020","1":"product","2":"type-product","3":"status-publish","4":"has-post-thumbnail","6":"product_cat-accessoires","7":"product_cat-porte-cls","8":"product_tag-bande-de-roulement-des-pneus","9":"product_tag-controle-des-pneus","10":"product_tag-durable","11":"product_tag-porte-cles","12":"product_tag-recycle","13":"pa_couleurs-blanc","14":"pa_couleurs-bleu","15":"pa_couleurs-noir","16":"pa_green-points-2166","17":"pa_matiere-plastique-recycle-hips-metal","18":"pa_pays-d-origine-angleterre","20":"first","21":"instock","22":"shipping-taxable","23":"purchasable","24":"product-type-variable"},"yoast_head":"<!-- This site is optimized with the Yoast SEO plugin v27.4 - https:\/\/yoast.com\/product\/yoast-seo-wordpress\/ -->\n<title>Porte-cl\u00e9s Kym recycl\u00e9 v\u00e9rificateur de structures de pneu - PERLE IN<\/title>\n<meta name=\"robots\" content=\"noindex, follow, max-snippet:-1, max-image-preview:large, max-video-preview:-1\" \/>\n<meta property=\"og:locale\" content=\"en_US\" \/>\n<meta property=\"og:type\" content=\"article\" \/>\n<meta property=\"og:title\" content=\"Porte-cl\u00e9s Kym recycl\u00e9 v\u00e9rificateur de structures de pneu - PERLE IN\" \/>\n<meta property=\"og:description\" content=\"Un kit pratique et essentiel pour tout conducteur, qui permet de v\u00e9rifier que la profondeur de sculpture des pneus est s\u00fbre et conforme \u00e0 la limite l\u00e9gale. Fabriqu\u00e9 \u00e0 partir de plastique recycl\u00e9. En raison de la nature du plastique recycl\u00e9, les nuances de couleur peuvent varier l\u00e9g\u00e8rement et il peut y avoir des taches de couleur. Fabriqu\u00e9 au Royaume-Uni.\" \/>\n<meta property=\"og:url\" content=\"https:\/\/perle-in.com\/en\/product\/porte-cles-kym-recycle-verificateur-de-structures-de-pneu\/\" \/>\n<meta property=\"og:site_name\" content=\"PERLE IN\" \/>\n<meta property=\"article:modified_time\" content=\"2025-10-19T03:48:00+00:00\" \/>\n<meta property=\"og:image\" content=\"https:\/\/perle-in.com\/wp-content\/uploads\/2025\/10\/21019001-1.jpg\" \/>\n\t<meta property=\"og:image:width\" content=\"1600\" \/>\n\t<meta property=\"og:image:height\" content=\"1600\" \/>\n\t<meta property=\"og:image:type\" content=\"image\/jpeg\" \/>\n<meta name=\"twitter:card\" content=\"summary_large_image\" \/>\n<script type=\"application\/ld+json\" class=\"yoast-schema-graph\">{\"@context\":\"https:\\\/\\\/schema.org\",\"@graph\":[{\"@type\":\"WebPage\",\"@id\":\"https:\\\/\\\/perle-in.com\\\/produit\\\/porte-cles-kym-recycle-verificateur-de-structures-de-pneu\\\/\",\"url\":\"https:\\\/\\\/perle-in.com\\\/produit\\\/porte-cles-kym-recycle-verificateur-de-structures-de-pneu\\\/\",\"name\":\"Porte-cl\u00e9s Kym recycl\u00e9 v\u00e9rificateur de structures de pneu - PERLE IN\",\"isPartOf\":{\"@id\":\"https:\\\/\\\/perle-in.com\\\/#website\"},\"primaryImageOfPage\":{\"@id\":\"https:\\\/\\\/perle-in.com\\\/produit\\\/porte-cles-kym-recycle-verificateur-de-structures-de-pneu\\\/#primaryimage\"},\"image\":{\"@id\":\"https:\\\/\\\/perle-in.com\\\/produit\\\/porte-cles-kym-recycle-verificateur-de-structures-de-pneu\\\/#primaryimage\"},\"thumbnailUrl\":\"https:\\\/\\\/perle-in.com\\\/wp-content\\\/uploads\\\/2025\\\/10\\\/21019001-1.jpg\",\"datePublished\":\"2025-10-15T01:50:49+00:00\",\"dateModified\":\"2025-10-19T03:48:00+00:00\",\"breadcrumb\":{\"@id\":\"https:\\\/\\\/perle-in.com\\\/produit\\\/porte-cles-kym-recycle-verificateur-de-structures-de-pneu\\\/#breadcrumb\"},\"inLanguage\":\"en-CA\",\"potentialAction\":[{\"@type\":\"ReadAction\",\"target\":[\"https:\\\/\\\/perle-in.com\\\/produit\\\/porte-cles-kym-recycle-verificateur-de-structures-de-pneu\\\/\"]}]},{\"@type\":\"ImageObject\",\"inLanguage\":\"en-CA\",\"@id\":\"https:\\\/\\\/perle-in.com\\\/produit\\\/porte-cles-kym-recycle-verificateur-de-structures-de-pneu\\\/#primaryimage\",\"url\":\"https:\\\/\\\/perle-in.com\\\/wp-content\\\/uploads\\\/2025\\\/10\\\/21019001-1.jpg\",\"contentUrl\":\"https:\\\/\\\/perle-in.com\\\/wp-content\\\/uploads\\\/2025\\\/10\\\/21019001-1.jpg\",\"width\":1600,\"height\":1600},{\"@type\":\"BreadcrumbList\",\"@id\":\"https:\\\/\\\/perle-in.com\\\/produit\\\/porte-cles-kym-recycle-verificateur-de-structures-de-pneu\\\/#breadcrumb\",\"itemListElement\":[{\"@type\":\"ListItem\",\"position\":1,\"name\":\"Accueil\",\"item\":\"https:\\\/\\\/perle-in.com\\\/\"},{\"@type\":\"ListItem\",\"position\":2,\"name\":\"Boutique\",\"item\":\"https:\\\/\\\/perle-in.com\\\/boutique\\\/\"},{\"@type\":\"ListItem\",\"position\":3,\"name\":\"Porte-cl\u00e9s Kym recycl\u00e9 v\u00e9rificateur de structures de pneu\"}]},{\"@type\":\"WebSite\",\"@id\":\"https:\\\/\\\/perle-in.com\\\/#website\",\"url\":\"https:\\\/\\\/perle-in.com\\\/\",\"name\":\"PERLE IN\",\"description\":\"\",\"publisher\":{\"@id\":\"https:\\\/\\\/perle-in.com\\\/#organization\"},\"potentialAction\":[{\"@type\":\"SearchAction\",\"target\":{\"@type\":\"EntryPoint\",\"urlTemplate\":\"https:\\\/\\\/perle-in.com\\\/?s={search_term_string}\"},\"query-input\":{\"@type\":\"PropertyValueSpecification\",\"valueRequired\":true,\"valueName\":\"search_term_string\"}}],\"inLanguage\":\"en-CA\"},{\"@type\":\"Organization\",\"@id\":\"https:\\\/\\\/perle-in.com\\\/#organization\",\"name\":\"PERLE IN\",\"url\":\"https:\\\/\\\/perle-in.com\\\/\",\"logo\":{\"@type\":\"ImageObject\",\"inLanguage\":\"en-CA\",\"@id\":\"https:\\\/\\\/perle-in.com\\\/#\\\/schema\\\/logo\\\/image\\\/\",\"url\":\"https:\\\/\\\/perle-in.com\\\/wp-content\\\/uploads\\\/2022\\\/12\\\/LOGO-PERLE-IN-COULEUR@3x.webp\",\"contentUrl\":\"https:\\\/\\\/perle-in.com\\\/wp-content\\\/uploads\\\/2022\\\/12\\\/LOGO-PERLE-IN-COULEUR@3x.webp\",\"width\":1600,\"height\":490,\"caption\":\"PERLE IN\"},\"image\":{\"@id\":\"https:\\\/\\\/perle-in.com\\\/#\\\/schema\\\/logo\\\/image\\\/\"}}]}<\/script>\n<!-- \/ Yoast SEO plugin. -->","yoast_head_json":{"title":"Porte-cl\u00e9s Kym recycl\u00e9 v\u00e9rificateur de structures de pneu - PERLE IN","robots":{"index":"noindex","follow":"follow","max-snippet":"max-snippet:-1","max-image-preview":"max-image-preview:large","max-video-preview":"max-video-preview:-1"},"og_locale":"en_US","og_type":"article","og_title":"Porte-cl\u00e9s Kym recycl\u00e9 v\u00e9rificateur de structures de pneu - PERLE IN","og_description":"Un kit pratique et essentiel pour tout conducteur, qui permet de v\u00e9rifier que la profondeur de sculpture des pneus est s\u00fbre et conforme \u00e0 la limite l\u00e9gale. Fabriqu\u00e9 \u00e0 partir de plastique recycl\u00e9. En raison de la nature du plastique recycl\u00e9, les nuances de couleur peuvent varier l\u00e9g\u00e8rement et il peut y avoir des taches de couleur. Fabriqu\u00e9 au Royaume-Uni.","og_url":"https:\/\/perle-in.com\/en\/product\/porte-cles-kym-recycle-verificateur-de-structures-de-pneu\/","og_site_name":"PERLE IN","article_modified_time":"2025-10-19T03:48:00+00:00","og_image":[{"width":1600,"height":1600,"url":"https:\/\/perle-in.com\/wp-content\/uploads\/2025\/10\/21019001-1.jpg","type":"image\/jpeg"}],"twitter_card":"summary_large_image","schema":{"@context":"https:\/\/schema.org","@graph":[{"@type":"WebPage","@id":"https:\/\/perle-in.com\/produit\/porte-cles-kym-recycle-verificateur-de-structures-de-pneu\/","url":"https:\/\/perle-in.com\/produit\/porte-cles-kym-recycle-verificateur-de-structures-de-pneu\/","name":"Porte-cl\u00e9s Kym recycl\u00e9 v\u00e9rificateur de structures de pneu - PERLE IN","isPartOf":{"@id":"https:\/\/perle-in.com\/#website"},"primaryImageOfPage":{"@id":"https:\/\/perle-in.com\/produit\/porte-cles-kym-recycle-verificateur-de-structures-de-pneu\/#primaryimage"},"image":{"@id":"https:\/\/perle-in.com\/produit\/porte-cles-kym-recycle-verificateur-de-structures-de-pneu\/#primaryimage"},"thumbnailUrl":"https:\/\/perle-in.com\/wp-content\/uploads\/2025\/10\/21019001-1.jpg","datePublished":"2025-10-15T01:50:49+00:00","dateModified":"2025-10-19T03:48:00+00:00","breadcrumb":{"@id":"https:\/\/perle-in.com\/produit\/porte-cles-kym-recycle-verificateur-de-structures-de-pneu\/#breadcrumb"},"inLanguage":"en-CA","potentialAction":[{"@type":"ReadAction","target":["https:\/\/perle-in.com\/produit\/porte-cles-kym-recycle-verificateur-de-structures-de-pneu\/"]}]},{"@type":"ImageObject","inLanguage":"en-CA","@id":"https:\/\/perle-in.com\/produit\/porte-cles-kym-recycle-verificateur-de-structures-de-pneu\/#primaryimage","url":"https:\/\/perle-in.com\/wp-content\/uploads\/2025\/10\/21019001-1.jpg","contentUrl":"https:\/\/perle-in.com\/wp-content\/uploads\/2025\/10\/21019001-1.jpg","width":1600,"height":1600},{"@type":"BreadcrumbList","@id":"https:\/\/perle-in.com\/produit\/porte-cles-kym-recycle-verificateur-de-structures-de-pneu\/#breadcrumb","itemListElement":[{"@type":"ListItem","position":1,"name":"Accueil","item":"https:\/\/perle-in.com\/"},{"@type":"ListItem","position":2,"name":"Boutique","item":"https:\/\/perle-in.com\/boutique\/"},{"@type":"ListItem","position":3,"name":"Porte-cl\u00e9s Kym recycl\u00e9 v\u00e9rificateur de structures de pneu"}]},{"@type":"WebSite","@id":"https:\/\/perle-in.com\/#website","url":"https:\/\/perle-in.com\/","name":"PERLE IN","description":"","publisher":{"@id":"https:\/\/perle-in.com\/#organization"},"potentialAction":[{"@type":"SearchAction","target":{"@type":"EntryPoint","urlTemplate":"https:\/\/perle-in.com\/?s={search_term_string}"},"query-input":{"@type":"PropertyValueSpecification","valueRequired":true,"valueName":"search_term_string"}}],"inLanguage":"en-CA"},{"@type":"Organization","@id":"https:\/\/perle-in.com\/#organization","name":"PERLE IN","url":"https:\/\/perle-in.com\/","logo":{"@type":"ImageObject","inLanguage":"en-CA","@id":"https:\/\/perle-in.com\/#\/schema\/logo\/image\/","url":"https:\/\/perle-in.com\/wp-content\/uploads\/2022\/12\/LOGO-PERLE-IN-COULEUR@3x.webp","contentUrl":"https:\/\/perle-in.com\/wp-content\/uploads\/2022\/12\/LOGO-PERLE-IN-COULEUR@3x.webp","width":1600,"height":490,"caption":"PERLE IN"},"image":{"@id":"https:\/\/perle-in.com\/#\/schema\/logo\/image\/"}}]}},"jetpack_sharing_enabled":true,"_links":{"self":[{"href":"https:\/\/perle-in.com\/en\/wp-json\/wp\/v2\/product\/544020","targetHints":{"allow":["GET"]}}],"collection":[{"href":"https:\/\/perle-in.com\/en\/wp-json\/wp\/v2\/product"}],"about":[{"href":"https:\/\/perle-in.com\/en\/wp-json\/wp\/v2\/types\/product"}],"version-history":[{"count":0,"href":"https:\/\/perle-in.com\/en\/wp-json\/wp\/v2\/product\/544020\/revisions"}],"wp:featuredmedia":[{"embeddable":true,"href":"https:\/\/perle-in.com\/en\/wp-json\/wp\/v2\/media\/544005"}],"wp:attachment":[{"href":"https:\/\/perle-in.com\/en\/wp-json\/wp\/v2\/media?parent=544020"}],"wp:term":[{"taxonomy":"product_brand","embeddable":true,"href":"https:\/\/perle-in.com\/en\/wp-json\/wp\/v2\/product_brand?post=544020"},{"taxonomy":"product_cat","embeddable":true,"href":"https:\/\/perle-in.com\/en\/wp-json\/wp\/v2\/product_cat?post=544020"},{"taxonomy":"product_tag","embeddable":true,"href":"https:\/\/perle-in.com\/en\/wp-json\/wp\/v2\/product_tag?post=544020"}],"curies":[{"name":"wp","href":"https:\/\/api.w.org\/{rel}","templated":true}]}}