{"id":542724,"date":"2025-10-15T03:15:36","date_gmt":"2025-10-15T01:15:36","guid":{"rendered":"https:\/\/perle-in.com\/produit\/nappe-de-pique-nique-en-polyester-recycle-grs-clary\/"},"modified":"2025-10-19T05:48:04","modified_gmt":"2025-10-19T03:48:04","slug":"nappe-de-pique-nique-en-polyester-recycle-grs-clary","status":"publish","type":"product","link":"https:\/\/perle-in.com\/en\/product\/nappe-de-pique-nique-en-polyester-recycle-grs-clary\/","title":{"rendered":"Nappe de pique-nique en polyester recycl\u00e9 GRS Clary"},"content":{"rendered":"","protected":false},"excerpt":{"rendered":"<p>Fabriqu\u00e9e \u00e0 100\u00a0% en polyester recycl\u00e9 certifi\u00e9 GRS, la nappe Clary est une nappe de pique-nique confortable et imperm\u00e9able. La conception pliable avec une bandouli\u00e8re permet un transport facile et le rembourrage doux ajoute une couche suppl\u00e9mentaire de confort. Disponible en plusieurs couleurs, Clary est un choix pratique et plus durable pour vos sorties en plein air. Taille de la couverture\u00a0: 123\u00a0x\u00a0144\u00a0cm.<\/p>","protected":false},"featured_media":542702,"template":"","meta":{"_eb_attr":""},"product_brand":[],"product_cat":[151,150],"product_tag":[134,135,837,3416,131],"class_list":{"0":"post-542724","1":"product","2":"type-product","3":"status-publish","4":"has-post-thumbnail","6":"product_cat-couvertures","7":"product_cat-maison-et-cuisine","8":"product_tag-couverture","9":"product_tag-couvertures","10":"product_tag-durable","11":"product_tag-grs-recycle","12":"product_tag-pique-nique","13":"pa_couleurs-gris","14":"pa_couleurs-marine","15":"pa_couleurs-noir","16":"pa_couleurs-vert-foret","17":"pa_green-points-2652","18":"pa_matiere-polyester-recycle-certifie-grs","20":"first","21":"instock","22":"sale","23":"shipping-taxable","24":"purchasable","25":"product-type-variable"},"yoast_head":"<!-- This site is optimized with the Yoast SEO plugin v27.4 - https:\/\/yoast.com\/product\/yoast-seo-wordpress\/ -->\n<title>Nappe de pique-nique en polyester recycl\u00e9 GRS Clary - PERLE IN<\/title>\n<meta name=\"robots\" content=\"noindex, follow, max-snippet:-1, max-image-preview:large, max-video-preview:-1\" \/>\n<meta property=\"og:locale\" content=\"en_US\" \/>\n<meta property=\"og:type\" content=\"article\" \/>\n<meta property=\"og:title\" content=\"Nappe de pique-nique en polyester recycl\u00e9 GRS Clary - PERLE IN\" \/>\n<meta property=\"og:description\" content=\"Fabriqu\u00e9e \u00e0 100\u00a0% en polyester recycl\u00e9 certifi\u00e9 GRS, la nappe Clary est une nappe de pique-nique confortable et imperm\u00e9able. La conception pliable avec une bandouli\u00e8re permet un transport facile et le rembourrage doux ajoute une couche suppl\u00e9mentaire de confort. Disponible en plusieurs couleurs, Clary est un choix pratique et plus durable pour vos sorties en plein air. Taille de la couverture\u00a0: 123\u00a0x\u00a0144\u00a0cm.\" \/>\n<meta property=\"og:url\" content=\"https:\/\/perle-in.com\/en\/product\/nappe-de-pique-nique-en-polyester-recycle-grs-clary\/\" \/>\n<meta property=\"og:site_name\" content=\"PERLE IN\" \/>\n<meta property=\"article:modified_time\" content=\"2025-10-19T03:48:04+00:00\" \/>\n<meta property=\"og:image\" content=\"https:\/\/perle-in.com\/wp-content\/uploads\/2025\/10\/11332155-1.jpg\" \/>\n\t<meta property=\"og:image:width\" content=\"1600\" \/>\n\t<meta property=\"og:image:height\" content=\"1600\" \/>\n\t<meta property=\"og:image:type\" content=\"image\/jpeg\" \/>\n<meta name=\"twitter:card\" content=\"summary_large_image\" \/>\n<script type=\"application\/ld+json\" class=\"yoast-schema-graph\">{\"@context\":\"https:\\\/\\\/schema.org\",\"@graph\":[{\"@type\":\"WebPage\",\"@id\":\"https:\\\/\\\/perle-in.com\\\/produit\\\/nappe-de-pique-nique-en-polyester-recycle-grs-clary\\\/\",\"url\":\"https:\\\/\\\/perle-in.com\\\/produit\\\/nappe-de-pique-nique-en-polyester-recycle-grs-clary\\\/\",\"name\":\"Nappe de pique-nique en polyester recycl\u00e9 GRS Clary - PERLE IN\",\"isPartOf\":{\"@id\":\"https:\\\/\\\/perle-in.com\\\/#website\"},\"primaryImageOfPage\":{\"@id\":\"https:\\\/\\\/perle-in.com\\\/produit\\\/nappe-de-pique-nique-en-polyester-recycle-grs-clary\\\/#primaryimage\"},\"image\":{\"@id\":\"https:\\\/\\\/perle-in.com\\\/produit\\\/nappe-de-pique-nique-en-polyester-recycle-grs-clary\\\/#primaryimage\"},\"thumbnailUrl\":\"https:\\\/\\\/perle-in.com\\\/wp-content\\\/uploads\\\/2025\\\/10\\\/11332155-1.jpg\",\"datePublished\":\"2025-10-15T01:15:36+00:00\",\"dateModified\":\"2025-10-19T03:48:04+00:00\",\"breadcrumb\":{\"@id\":\"https:\\\/\\\/perle-in.com\\\/produit\\\/nappe-de-pique-nique-en-polyester-recycle-grs-clary\\\/#breadcrumb\"},\"inLanguage\":\"en-CA\",\"potentialAction\":[{\"@type\":\"ReadAction\",\"target\":[\"https:\\\/\\\/perle-in.com\\\/produit\\\/nappe-de-pique-nique-en-polyester-recycle-grs-clary\\\/\"]}]},{\"@type\":\"ImageObject\",\"inLanguage\":\"en-CA\",\"@id\":\"https:\\\/\\\/perle-in.com\\\/produit\\\/nappe-de-pique-nique-en-polyester-recycle-grs-clary\\\/#primaryimage\",\"url\":\"https:\\\/\\\/perle-in.com\\\/wp-content\\\/uploads\\\/2025\\\/10\\\/11332155-1.jpg\",\"contentUrl\":\"https:\\\/\\\/perle-in.com\\\/wp-content\\\/uploads\\\/2025\\\/10\\\/11332155-1.jpg\",\"width\":1600,\"height\":1600},{\"@type\":\"BreadcrumbList\",\"@id\":\"https:\\\/\\\/perle-in.com\\\/produit\\\/nappe-de-pique-nique-en-polyester-recycle-grs-clary\\\/#breadcrumb\",\"itemListElement\":[{\"@type\":\"ListItem\",\"position\":1,\"name\":\"Accueil\",\"item\":\"https:\\\/\\\/perle-in.com\\\/\"},{\"@type\":\"ListItem\",\"position\":2,\"name\":\"Boutique\",\"item\":\"https:\\\/\\\/perle-in.com\\\/boutique\\\/\"},{\"@type\":\"ListItem\",\"position\":3,\"name\":\"Nappe de pique-nique en polyester recycl\u00e9 GRS Clary\"}]},{\"@type\":\"WebSite\",\"@id\":\"https:\\\/\\\/perle-in.com\\\/#website\",\"url\":\"https:\\\/\\\/perle-in.com\\\/\",\"name\":\"PERLE IN\",\"description\":\"\",\"publisher\":{\"@id\":\"https:\\\/\\\/perle-in.com\\\/#organization\"},\"potentialAction\":[{\"@type\":\"SearchAction\",\"target\":{\"@type\":\"EntryPoint\",\"urlTemplate\":\"https:\\\/\\\/perle-in.com\\\/?s={search_term_string}\"},\"query-input\":{\"@type\":\"PropertyValueSpecification\",\"valueRequired\":true,\"valueName\":\"search_term_string\"}}],\"inLanguage\":\"en-CA\"},{\"@type\":\"Organization\",\"@id\":\"https:\\\/\\\/perle-in.com\\\/#organization\",\"name\":\"PERLE IN\",\"url\":\"https:\\\/\\\/perle-in.com\\\/\",\"logo\":{\"@type\":\"ImageObject\",\"inLanguage\":\"en-CA\",\"@id\":\"https:\\\/\\\/perle-in.com\\\/#\\\/schema\\\/logo\\\/image\\\/\",\"url\":\"https:\\\/\\\/perle-in.com\\\/wp-content\\\/uploads\\\/2022\\\/12\\\/LOGO-PERLE-IN-COULEUR@3x.webp\",\"contentUrl\":\"https:\\\/\\\/perle-in.com\\\/wp-content\\\/uploads\\\/2022\\\/12\\\/LOGO-PERLE-IN-COULEUR@3x.webp\",\"width\":1600,\"height\":490,\"caption\":\"PERLE IN\"},\"image\":{\"@id\":\"https:\\\/\\\/perle-in.com\\\/#\\\/schema\\\/logo\\\/image\\\/\"}}]}<\/script>\n<!-- \/ Yoast SEO plugin. -->","yoast_head_json":{"title":"Nappe de pique-nique en polyester recycl\u00e9 GRS Clary - PERLE IN","robots":{"index":"noindex","follow":"follow","max-snippet":"max-snippet:-1","max-image-preview":"max-image-preview:large","max-video-preview":"max-video-preview:-1"},"og_locale":"en_US","og_type":"article","og_title":"Nappe de pique-nique en polyester recycl\u00e9 GRS Clary - PERLE IN","og_description":"Fabriqu\u00e9e \u00e0 100\u00a0% en polyester recycl\u00e9 certifi\u00e9 GRS, la nappe Clary est une nappe de pique-nique confortable et imperm\u00e9able. La conception pliable avec une bandouli\u00e8re permet un transport facile et le rembourrage doux ajoute une couche suppl\u00e9mentaire de confort. Disponible en plusieurs couleurs, Clary est un choix pratique et plus durable pour vos sorties en plein air. Taille de la couverture\u00a0: 123\u00a0x\u00a0144\u00a0cm.","og_url":"https:\/\/perle-in.com\/en\/product\/nappe-de-pique-nique-en-polyester-recycle-grs-clary\/","og_site_name":"PERLE IN","article_modified_time":"2025-10-19T03:48:04+00:00","og_image":[{"width":1600,"height":1600,"url":"https:\/\/perle-in.com\/wp-content\/uploads\/2025\/10\/11332155-1.jpg","type":"image\/jpeg"}],"twitter_card":"summary_large_image","schema":{"@context":"https:\/\/schema.org","@graph":[{"@type":"WebPage","@id":"https:\/\/perle-in.com\/produit\/nappe-de-pique-nique-en-polyester-recycle-grs-clary\/","url":"https:\/\/perle-in.com\/produit\/nappe-de-pique-nique-en-polyester-recycle-grs-clary\/","name":"Nappe de pique-nique en polyester recycl\u00e9 GRS Clary - PERLE IN","isPartOf":{"@id":"https:\/\/perle-in.com\/#website"},"primaryImageOfPage":{"@id":"https:\/\/perle-in.com\/produit\/nappe-de-pique-nique-en-polyester-recycle-grs-clary\/#primaryimage"},"image":{"@id":"https:\/\/perle-in.com\/produit\/nappe-de-pique-nique-en-polyester-recycle-grs-clary\/#primaryimage"},"thumbnailUrl":"https:\/\/perle-in.com\/wp-content\/uploads\/2025\/10\/11332155-1.jpg","datePublished":"2025-10-15T01:15:36+00:00","dateModified":"2025-10-19T03:48:04+00:00","breadcrumb":{"@id":"https:\/\/perle-in.com\/produit\/nappe-de-pique-nique-en-polyester-recycle-grs-clary\/#breadcrumb"},"inLanguage":"en-CA","potentialAction":[{"@type":"ReadAction","target":["https:\/\/perle-in.com\/produit\/nappe-de-pique-nique-en-polyester-recycle-grs-clary\/"]}]},{"@type":"ImageObject","inLanguage":"en-CA","@id":"https:\/\/perle-in.com\/produit\/nappe-de-pique-nique-en-polyester-recycle-grs-clary\/#primaryimage","url":"https:\/\/perle-in.com\/wp-content\/uploads\/2025\/10\/11332155-1.jpg","contentUrl":"https:\/\/perle-in.com\/wp-content\/uploads\/2025\/10\/11332155-1.jpg","width":1600,"height":1600},{"@type":"BreadcrumbList","@id":"https:\/\/perle-in.com\/produit\/nappe-de-pique-nique-en-polyester-recycle-grs-clary\/#breadcrumb","itemListElement":[{"@type":"ListItem","position":1,"name":"Accueil","item":"https:\/\/perle-in.com\/"},{"@type":"ListItem","position":2,"name":"Boutique","item":"https:\/\/perle-in.com\/boutique\/"},{"@type":"ListItem","position":3,"name":"Nappe de pique-nique en polyester recycl\u00e9 GRS Clary"}]},{"@type":"WebSite","@id":"https:\/\/perle-in.com\/#website","url":"https:\/\/perle-in.com\/","name":"PERLE IN","description":"","publisher":{"@id":"https:\/\/perle-in.com\/#organization"},"potentialAction":[{"@type":"SearchAction","target":{"@type":"EntryPoint","urlTemplate":"https:\/\/perle-in.com\/?s={search_term_string}"},"query-input":{"@type":"PropertyValueSpecification","valueRequired":true,"valueName":"search_term_string"}}],"inLanguage":"en-CA"},{"@type":"Organization","@id":"https:\/\/perle-in.com\/#organization","name":"PERLE IN","url":"https:\/\/perle-in.com\/","logo":{"@type":"ImageObject","inLanguage":"en-CA","@id":"https:\/\/perle-in.com\/#\/schema\/logo\/image\/","url":"https:\/\/perle-in.com\/wp-content\/uploads\/2022\/12\/LOGO-PERLE-IN-COULEUR@3x.webp","contentUrl":"https:\/\/perle-in.com\/wp-content\/uploads\/2022\/12\/LOGO-PERLE-IN-COULEUR@3x.webp","width":1600,"height":490,"caption":"PERLE IN"},"image":{"@id":"https:\/\/perle-in.com\/#\/schema\/logo\/image\/"}}]}},"jetpack_sharing_enabled":true,"_links":{"self":[{"href":"https:\/\/perle-in.com\/en\/wp-json\/wp\/v2\/product\/542724","targetHints":{"allow":["GET"]}}],"collection":[{"href":"https:\/\/perle-in.com\/en\/wp-json\/wp\/v2\/product"}],"about":[{"href":"https:\/\/perle-in.com\/en\/wp-json\/wp\/v2\/types\/product"}],"version-history":[{"count":0,"href":"https:\/\/perle-in.com\/en\/wp-json\/wp\/v2\/product\/542724\/revisions"}],"wp:featuredmedia":[{"embeddable":true,"href":"https:\/\/perle-in.com\/en\/wp-json\/wp\/v2\/media\/542702"}],"wp:attachment":[{"href":"https:\/\/perle-in.com\/en\/wp-json\/wp\/v2\/media?parent=542724"}],"wp:term":[{"taxonomy":"product_brand","embeddable":true,"href":"https:\/\/perle-in.com\/en\/wp-json\/wp\/v2\/product_brand?post=542724"},{"taxonomy":"product_cat","embeddable":true,"href":"https:\/\/perle-in.com\/en\/wp-json\/wp\/v2\/product_cat?post=542724"},{"taxonomy":"product_tag","embeddable":true,"href":"https:\/\/perle-in.com\/en\/wp-json\/wp\/v2\/product_tag?post=542724"}],"curies":[{"name":"wp","href":"https:\/\/api.w.org\/{rel}","templated":true}]}}