{"id":542635,"date":"2025-10-15T03:13:43","date_gmt":"2025-10-15T01:13:43","guid":{"rendered":"https:\/\/perle-in.com\/produit\/serviette-pieter-certifiee-grs-ultra-legere-et-a-sechage-rapide-30-x-50-cm\/"},"modified":"2025-10-19T05:47:55","modified_gmt":"2025-10-19T03:47:55","slug":"serviette-pieter-certifiee-grs-ultra-legere-et-a-sechage-rapide-30-x-50-cm","status":"publish","type":"product","link":"https:\/\/perle-in.com\/en\/product\/serviette-pieter-certifiee-grs-ultra-legere-et-a-sechage-rapide-30-x-50-cm\/","title":{"rendered":"Serviette Pieter certifi\u00e9e GRS ultra-l\u00e9g\u00e8re et \u00e0 s\u00e9chage rapide 30 x 50\u00a0cm"},"content":{"rendered":"","protected":false},"excerpt":{"rendered":"<p>La serviette de sport Pieter absorbe tr\u00e8s bien, est l\u00e9g\u00e8re, s\u00e8che rapidement et le tissu est durable et extr\u00eamement doux. Lorsque la serviette est pli\u00e9e et fix\u00e9e \u00e0 l&#8217;aide de l&#8217;\u00e9lastique, elle est r\u00e9duite \u00e0 une petite taille, ce qui permet de l&#8217;emmener \u00e0 la salle de sport, \u00e0 la piscine, ou de l&#8217;utiliser en randonn\u00e9e ou en camping. D&#8217;une taille de 50 x 30\u00a0cm, la serviette est compos\u00e9e \u00e0 90\u00a0% de polyester recycl\u00e9 certifi\u00e9 GRS et \u00e0 10\u00a0% de nylon. Elle peut \u00eatre lav\u00e9e en machine \u00e0 40\u00a0\u00b0C. Livr\u00e9e avec une pochette de rangement (15,5 x 10\u00a0cm) en plastique PET recycl\u00e9, qui offre une surface id\u00e9ale pour l&#8217;impression d&#8217;un logo.<\/p>","protected":false},"featured_media":542586,"template":"","meta":{"_eb_attr":""},"product_brand":[],"product_cat":[390,1243],"product_tag":[1943,837,952,2654,755,2961,836,1800,1801,203],"class_list":{"0":"post-542635","1":"product","2":"type-product","3":"status-publish","4":"has-post-thumbnail","6":"product_cat-sant-et-hygine-personnelle","7":"product_cat-serviettes","8":"product_tag-camping","9":"product_tag-durable","10":"product_tag-entrainement","11":"product_tag-grs","12":"product_tag-gym","13":"product_tag-natation","14":"product_tag-recycle","15":"product_tag-serviette","16":"product_tag-serviettes","17":"product_tag-sport","18":"pa_couleurs-bleu-royal","19":"pa_couleurs-gris","20":"pa_couleurs-orange","21":"pa_couleurs-rouge","22":"pa_green-points-2652","23":"pa_matiere-10-nylon-et-90-polyester-recycle-certifie-grs-200-g-m2","25":"first","26":"instock","27":"shipping-taxable","28":"purchasable","29":"product-type-variable"},"yoast_head":"<!-- This site is optimized with the Yoast SEO plugin v27.4 - https:\/\/yoast.com\/product\/yoast-seo-wordpress\/ -->\n<title>Serviette Pieter certifi\u00e9e GRS ultra-l\u00e9g\u00e8re et \u00e0 s\u00e9chage rapide 30 x 50\u00a0cm - PERLE IN<\/title>\n<meta name=\"robots\" content=\"noindex, follow, max-snippet:-1, max-image-preview:large, max-video-preview:-1\" \/>\n<meta property=\"og:locale\" content=\"en_US\" \/>\n<meta property=\"og:type\" content=\"article\" \/>\n<meta property=\"og:title\" content=\"Serviette Pieter certifi\u00e9e GRS ultra-l\u00e9g\u00e8re et \u00e0 s\u00e9chage rapide 30 x 50\u00a0cm - PERLE IN\" \/>\n<meta property=\"og:description\" content=\"La serviette de sport Pieter absorbe tr\u00e8s bien, est l\u00e9g\u00e8re, s\u00e8che rapidement et le tissu est durable et extr\u00eamement doux. Lorsque la serviette est pli\u00e9e et fix\u00e9e \u00e0 l&#039;aide de l&#039;\u00e9lastique, elle est r\u00e9duite \u00e0 une petite taille, ce qui permet de l&#039;emmener \u00e0 la salle de sport, \u00e0 la piscine, ou de l&#039;utiliser en randonn\u00e9e ou en camping. D&#039;une taille de 50 x 30\u00a0cm, la serviette est compos\u00e9e \u00e0 90\u00a0% de polyester recycl\u00e9 certifi\u00e9 GRS et \u00e0 10\u00a0% de nylon. Elle peut \u00eatre lav\u00e9e en machine \u00e0 40\u00a0\u00b0C. Livr\u00e9e avec une pochette de rangement (15,5 x 10\u00a0cm) en plastique PET recycl\u00e9, qui offre une surface id\u00e9ale pour l&#039;impression d&#039;un logo.\" \/>\n<meta property=\"og:url\" content=\"https:\/\/perle-in.com\/en\/product\/serviette-pieter-certifiee-grs-ultra-legere-et-a-sechage-rapide-30-x-50-cm\/\" \/>\n<meta property=\"og:site_name\" content=\"PERLE IN\" \/>\n<meta property=\"article:modified_time\" content=\"2025-10-19T03:47:55+00:00\" \/>\n<meta property=\"og:image\" content=\"https:\/\/perle-in.com\/wp-content\/uploads\/2025\/10\/11332221-1.jpg\" \/>\n\t<meta property=\"og:image:width\" content=\"1600\" \/>\n\t<meta property=\"og:image:height\" content=\"1600\" \/>\n\t<meta property=\"og:image:type\" content=\"image\/jpeg\" \/>\n<meta name=\"twitter:card\" content=\"summary_large_image\" \/>\n<script type=\"application\/ld+json\" class=\"yoast-schema-graph\">{\"@context\":\"https:\\\/\\\/schema.org\",\"@graph\":[{\"@type\":\"WebPage\",\"@id\":\"https:\\\/\\\/perle-in.com\\\/produit\\\/serviette-pieter-certifiee-grs-ultra-legere-et-a-sechage-rapide-30-x-50-cm\\\/\",\"url\":\"https:\\\/\\\/perle-in.com\\\/produit\\\/serviette-pieter-certifiee-grs-ultra-legere-et-a-sechage-rapide-30-x-50-cm\\\/\",\"name\":\"Serviette Pieter certifi\u00e9e GRS ultra-l\u00e9g\u00e8re et \u00e0 s\u00e9chage rapide 30 x 50\u00a0cm - PERLE IN\",\"isPartOf\":{\"@id\":\"https:\\\/\\\/perle-in.com\\\/#website\"},\"primaryImageOfPage\":{\"@id\":\"https:\\\/\\\/perle-in.com\\\/produit\\\/serviette-pieter-certifiee-grs-ultra-legere-et-a-sechage-rapide-30-x-50-cm\\\/#primaryimage\"},\"image\":{\"@id\":\"https:\\\/\\\/perle-in.com\\\/produit\\\/serviette-pieter-certifiee-grs-ultra-legere-et-a-sechage-rapide-30-x-50-cm\\\/#primaryimage\"},\"thumbnailUrl\":\"https:\\\/\\\/perle-in.com\\\/wp-content\\\/uploads\\\/2025\\\/10\\\/11332221-1.jpg\",\"datePublished\":\"2025-10-15T01:13:43+00:00\",\"dateModified\":\"2025-10-19T03:47:55+00:00\",\"breadcrumb\":{\"@id\":\"https:\\\/\\\/perle-in.com\\\/produit\\\/serviette-pieter-certifiee-grs-ultra-legere-et-a-sechage-rapide-30-x-50-cm\\\/#breadcrumb\"},\"inLanguage\":\"en-CA\",\"potentialAction\":[{\"@type\":\"ReadAction\",\"target\":[\"https:\\\/\\\/perle-in.com\\\/produit\\\/serviette-pieter-certifiee-grs-ultra-legere-et-a-sechage-rapide-30-x-50-cm\\\/\"]}]},{\"@type\":\"ImageObject\",\"inLanguage\":\"en-CA\",\"@id\":\"https:\\\/\\\/perle-in.com\\\/produit\\\/serviette-pieter-certifiee-grs-ultra-legere-et-a-sechage-rapide-30-x-50-cm\\\/#primaryimage\",\"url\":\"https:\\\/\\\/perle-in.com\\\/wp-content\\\/uploads\\\/2025\\\/10\\\/11332221-1.jpg\",\"contentUrl\":\"https:\\\/\\\/perle-in.com\\\/wp-content\\\/uploads\\\/2025\\\/10\\\/11332221-1.jpg\",\"width\":1600,\"height\":1600},{\"@type\":\"BreadcrumbList\",\"@id\":\"https:\\\/\\\/perle-in.com\\\/produit\\\/serviette-pieter-certifiee-grs-ultra-legere-et-a-sechage-rapide-30-x-50-cm\\\/#breadcrumb\",\"itemListElement\":[{\"@type\":\"ListItem\",\"position\":1,\"name\":\"Accueil\",\"item\":\"https:\\\/\\\/perle-in.com\\\/\"},{\"@type\":\"ListItem\",\"position\":2,\"name\":\"Boutique\",\"item\":\"https:\\\/\\\/perle-in.com\\\/boutique\\\/\"},{\"@type\":\"ListItem\",\"position\":3,\"name\":\"Serviette Pieter certifi\u00e9e GRS ultra-l\u00e9g\u00e8re et \u00e0 s\u00e9chage rapide 30 x 50\u00a0cm\"}]},{\"@type\":\"WebSite\",\"@id\":\"https:\\\/\\\/perle-in.com\\\/#website\",\"url\":\"https:\\\/\\\/perle-in.com\\\/\",\"name\":\"PERLE IN\",\"description\":\"\",\"publisher\":{\"@id\":\"https:\\\/\\\/perle-in.com\\\/#organization\"},\"potentialAction\":[{\"@type\":\"SearchAction\",\"target\":{\"@type\":\"EntryPoint\",\"urlTemplate\":\"https:\\\/\\\/perle-in.com\\\/?s={search_term_string}\"},\"query-input\":{\"@type\":\"PropertyValueSpecification\",\"valueRequired\":true,\"valueName\":\"search_term_string\"}}],\"inLanguage\":\"en-CA\"},{\"@type\":\"Organization\",\"@id\":\"https:\\\/\\\/perle-in.com\\\/#organization\",\"name\":\"PERLE IN\",\"url\":\"https:\\\/\\\/perle-in.com\\\/\",\"logo\":{\"@type\":\"ImageObject\",\"inLanguage\":\"en-CA\",\"@id\":\"https:\\\/\\\/perle-in.com\\\/#\\\/schema\\\/logo\\\/image\\\/\",\"url\":\"https:\\\/\\\/perle-in.com\\\/wp-content\\\/uploads\\\/2022\\\/12\\\/LOGO-PERLE-IN-COULEUR@3x.webp\",\"contentUrl\":\"https:\\\/\\\/perle-in.com\\\/wp-content\\\/uploads\\\/2022\\\/12\\\/LOGO-PERLE-IN-COULEUR@3x.webp\",\"width\":1600,\"height\":490,\"caption\":\"PERLE IN\"},\"image\":{\"@id\":\"https:\\\/\\\/perle-in.com\\\/#\\\/schema\\\/logo\\\/image\\\/\"}}]}<\/script>\n<!-- \/ Yoast SEO plugin. -->","yoast_head_json":{"title":"Serviette Pieter certifi\u00e9e GRS ultra-l\u00e9g\u00e8re et \u00e0 s\u00e9chage rapide 30 x 50\u00a0cm - PERLE IN","robots":{"index":"noindex","follow":"follow","max-snippet":"max-snippet:-1","max-image-preview":"max-image-preview:large","max-video-preview":"max-video-preview:-1"},"og_locale":"en_US","og_type":"article","og_title":"Serviette Pieter certifi\u00e9e GRS ultra-l\u00e9g\u00e8re et \u00e0 s\u00e9chage rapide 30 x 50\u00a0cm - PERLE IN","og_description":"La serviette de sport Pieter absorbe tr\u00e8s bien, est l\u00e9g\u00e8re, s\u00e8che rapidement et le tissu est durable et extr\u00eamement doux. Lorsque la serviette est pli\u00e9e et fix\u00e9e \u00e0 l'aide de l'\u00e9lastique, elle est r\u00e9duite \u00e0 une petite taille, ce qui permet de l'emmener \u00e0 la salle de sport, \u00e0 la piscine, ou de l'utiliser en randonn\u00e9e ou en camping. D'une taille de 50 x 30\u00a0cm, la serviette est compos\u00e9e \u00e0 90\u00a0% de polyester recycl\u00e9 certifi\u00e9 GRS et \u00e0 10\u00a0% de nylon. Elle peut \u00eatre lav\u00e9e en machine \u00e0 40\u00a0\u00b0C. Livr\u00e9e avec une pochette de rangement (15,5 x 10\u00a0cm) en plastique PET recycl\u00e9, qui offre une surface id\u00e9ale pour l'impression d'un logo.","og_url":"https:\/\/perle-in.com\/en\/product\/serviette-pieter-certifiee-grs-ultra-legere-et-a-sechage-rapide-30-x-50-cm\/","og_site_name":"PERLE IN","article_modified_time":"2025-10-19T03:47:55+00:00","og_image":[{"width":1600,"height":1600,"url":"https:\/\/perle-in.com\/wp-content\/uploads\/2025\/10\/11332221-1.jpg","type":"image\/jpeg"}],"twitter_card":"summary_large_image","schema":{"@context":"https:\/\/schema.org","@graph":[{"@type":"WebPage","@id":"https:\/\/perle-in.com\/produit\/serviette-pieter-certifiee-grs-ultra-legere-et-a-sechage-rapide-30-x-50-cm\/","url":"https:\/\/perle-in.com\/produit\/serviette-pieter-certifiee-grs-ultra-legere-et-a-sechage-rapide-30-x-50-cm\/","name":"Serviette Pieter certifi\u00e9e GRS ultra-l\u00e9g\u00e8re et \u00e0 s\u00e9chage rapide 30 x 50\u00a0cm - PERLE IN","isPartOf":{"@id":"https:\/\/perle-in.com\/#website"},"primaryImageOfPage":{"@id":"https:\/\/perle-in.com\/produit\/serviette-pieter-certifiee-grs-ultra-legere-et-a-sechage-rapide-30-x-50-cm\/#primaryimage"},"image":{"@id":"https:\/\/perle-in.com\/produit\/serviette-pieter-certifiee-grs-ultra-legere-et-a-sechage-rapide-30-x-50-cm\/#primaryimage"},"thumbnailUrl":"https:\/\/perle-in.com\/wp-content\/uploads\/2025\/10\/11332221-1.jpg","datePublished":"2025-10-15T01:13:43+00:00","dateModified":"2025-10-19T03:47:55+00:00","breadcrumb":{"@id":"https:\/\/perle-in.com\/produit\/serviette-pieter-certifiee-grs-ultra-legere-et-a-sechage-rapide-30-x-50-cm\/#breadcrumb"},"inLanguage":"en-CA","potentialAction":[{"@type":"ReadAction","target":["https:\/\/perle-in.com\/produit\/serviette-pieter-certifiee-grs-ultra-legere-et-a-sechage-rapide-30-x-50-cm\/"]}]},{"@type":"ImageObject","inLanguage":"en-CA","@id":"https:\/\/perle-in.com\/produit\/serviette-pieter-certifiee-grs-ultra-legere-et-a-sechage-rapide-30-x-50-cm\/#primaryimage","url":"https:\/\/perle-in.com\/wp-content\/uploads\/2025\/10\/11332221-1.jpg","contentUrl":"https:\/\/perle-in.com\/wp-content\/uploads\/2025\/10\/11332221-1.jpg","width":1600,"height":1600},{"@type":"BreadcrumbList","@id":"https:\/\/perle-in.com\/produit\/serviette-pieter-certifiee-grs-ultra-legere-et-a-sechage-rapide-30-x-50-cm\/#breadcrumb","itemListElement":[{"@type":"ListItem","position":1,"name":"Accueil","item":"https:\/\/perle-in.com\/"},{"@type":"ListItem","position":2,"name":"Boutique","item":"https:\/\/perle-in.com\/boutique\/"},{"@type":"ListItem","position":3,"name":"Serviette Pieter certifi\u00e9e GRS ultra-l\u00e9g\u00e8re et \u00e0 s\u00e9chage rapide 30 x 50\u00a0cm"}]},{"@type":"WebSite","@id":"https:\/\/perle-in.com\/#website","url":"https:\/\/perle-in.com\/","name":"PERLE IN","description":"","publisher":{"@id":"https:\/\/perle-in.com\/#organization"},"potentialAction":[{"@type":"SearchAction","target":{"@type":"EntryPoint","urlTemplate":"https:\/\/perle-in.com\/?s={search_term_string}"},"query-input":{"@type":"PropertyValueSpecification","valueRequired":true,"valueName":"search_term_string"}}],"inLanguage":"en-CA"},{"@type":"Organization","@id":"https:\/\/perle-in.com\/#organization","name":"PERLE IN","url":"https:\/\/perle-in.com\/","logo":{"@type":"ImageObject","inLanguage":"en-CA","@id":"https:\/\/perle-in.com\/#\/schema\/logo\/image\/","url":"https:\/\/perle-in.com\/wp-content\/uploads\/2022\/12\/LOGO-PERLE-IN-COULEUR@3x.webp","contentUrl":"https:\/\/perle-in.com\/wp-content\/uploads\/2022\/12\/LOGO-PERLE-IN-COULEUR@3x.webp","width":1600,"height":490,"caption":"PERLE IN"},"image":{"@id":"https:\/\/perle-in.com\/#\/schema\/logo\/image\/"}}]}},"jetpack_sharing_enabled":true,"_links":{"self":[{"href":"https:\/\/perle-in.com\/en\/wp-json\/wp\/v2\/product\/542635","targetHints":{"allow":["GET"]}}],"collection":[{"href":"https:\/\/perle-in.com\/en\/wp-json\/wp\/v2\/product"}],"about":[{"href":"https:\/\/perle-in.com\/en\/wp-json\/wp\/v2\/types\/product"}],"version-history":[{"count":0,"href":"https:\/\/perle-in.com\/en\/wp-json\/wp\/v2\/product\/542635\/revisions"}],"wp:featuredmedia":[{"embeddable":true,"href":"https:\/\/perle-in.com\/en\/wp-json\/wp\/v2\/media\/542586"}],"wp:attachment":[{"href":"https:\/\/perle-in.com\/en\/wp-json\/wp\/v2\/media?parent=542635"}],"wp:term":[{"taxonomy":"product_brand","embeddable":true,"href":"https:\/\/perle-in.com\/en\/wp-json\/wp\/v2\/product_brand?post=542635"},{"taxonomy":"product_cat","embeddable":true,"href":"https:\/\/perle-in.com\/en\/wp-json\/wp\/v2\/product_cat?post=542635"},{"taxonomy":"product_tag","embeddable":true,"href":"https:\/\/perle-in.com\/en\/wp-json\/wp\/v2\/product_tag?post=542635"}],"curies":[{"name":"wp","href":"https:\/\/api.w.org\/{rel}","templated":true}]}}