{"id":542567,"date":"2025-10-15T03:12:46","date_gmt":"2025-10-15T01:12:46","guid":{"rendered":"https:\/\/perle-in.com\/produit\/tablier-shara-aware-de-240-g-m2\/"},"modified":"2025-10-19T05:47:55","modified_gmt":"2025-10-19T03:47:55","slug":"tablier-shara-aware-de-240-g-m2","status":"publish","type":"product","link":"https:\/\/perle-in.com\/en\/product\/tablier-shara-aware-de-240-g-m2\/","title":{"rendered":"Tablier Shara Aware\u2122 de 240\u00a0g\/m2"},"content":{"rendered":"","protected":false},"excerpt":{"rendered":"<p>Le tablier Shara est compos\u00e9 de coton recycl\u00e9 240\u00a0g\/m2 \u00e0 70\u00a0% et de polyester recycl\u00e9 \u00e0 30\u00a0%, ce qui le rend \u00e9pais, solide et confortable \u00e0 porter. Il comporte deux poches adjacentes (22 x 20\u00a0cm chacune) et une fermeture \u00e0 nouer d&#8217;un m\u00e8tre. Le tablier incorpore la technologie Cyclo\u00ae qui utilise des d\u00e9chets pr\u00e9-tri\u00e9s qui d\u00e9terminent la couleur du fil. Ces fibres ne se contentent pas de r\u00e9duire la demande en ressources vierges, elles t\u00e9moignent \u00e9galement d&#8217;un engagement en faveur d&#8217;une vie circulaire, incarnant l&#8217;essence m\u00eame de la r\u00e9duction des d\u00e9chets et de la promotion d&#8217;un syst\u00e8me en boucle ferm\u00e9e. Chaque tablier est \u00e9galement accompagn\u00e9 d&#8217;un traceur Aware\u2122. Cette fonction innovante permet aux utilisateurs de retracer l&#8217;origine et le parcours de leur article au moyen d&#8217;un code QR, ce qui accro\u00eet la transparence de la cha\u00eene d&#8217;approvisionnement et favorise un lien plus \u00e9troit entre le produit et son processus de production.<\/p>","protected":false},"featured_media":542523,"template":"","meta":{"_eb_attr":""},"product_brand":[],"product_cat":[150,1238],"product_tag":[861,3389,837,862,836,1716],"class_list":{"0":"post-542567","1":"product","2":"type-product","3":"status-publish","4":"has-post-thumbnail","6":"product_cat-maison-et-cuisine","7":"product_cat-tabliers","8":"product_tag-cuisine","9":"product_tag-cyclo","10":"product_tag-durable","11":"product_tag-maison","12":"product_tag-recycle","13":"product_tag-tablier","14":"pa_couleurs-blanc","15":"pa_couleurs-flocons-davoine","16":"pa_couleurs-marine","17":"pa_couleurs-noir","18":"pa_couleurs-vert","19":"pa_green-points-2710","20":"pa_matiere-polyester-recycle-coton-recycle-240-g-m2","21":"pa_pays-d-origine-bengladesh","23":"first","24":"instock","25":"shipping-taxable","26":"purchasable","27":"product-type-variable"},"yoast_head":"<!-- This site is optimized with the Yoast SEO plugin v27.4 - https:\/\/yoast.com\/product\/yoast-seo-wordpress\/ -->\n<title>Tablier Shara Aware\u2122 de 240\u00a0g\/m2 - PERLE IN<\/title>\n<meta name=\"robots\" content=\"noindex, follow, max-snippet:-1, max-image-preview:large, max-video-preview:-1\" \/>\n<meta property=\"og:locale\" content=\"en_US\" \/>\n<meta property=\"og:type\" content=\"article\" \/>\n<meta property=\"og:title\" content=\"Tablier Shara Aware\u2122 de 240\u00a0g\/m2 - PERLE IN\" \/>\n<meta property=\"og:description\" content=\"Le tablier Shara est compos\u00e9 de coton recycl\u00e9 240\u00a0g\/m2 \u00e0 70\u00a0% et de polyester recycl\u00e9 \u00e0 30\u00a0%, ce qui le rend \u00e9pais, solide et confortable \u00e0 porter. Il comporte deux poches adjacentes (22 x 20\u00a0cm chacune) et une fermeture \u00e0 nouer d&#039;un m\u00e8tre. Le tablier incorpore la technologie Cyclo\u00ae qui utilise des d\u00e9chets pr\u00e9-tri\u00e9s qui d\u00e9terminent la couleur du fil. Ces fibres ne se contentent pas de r\u00e9duire la demande en ressources vierges, elles t\u00e9moignent \u00e9galement d&#039;un engagement en faveur d&#039;une vie circulaire, incarnant l&#039;essence m\u00eame de la r\u00e9duction des d\u00e9chets et de la promotion d&#039;un syst\u00e8me en boucle ferm\u00e9e. Chaque tablier est \u00e9galement accompagn\u00e9 d&#039;un traceur Aware\u2122. Cette fonction innovante permet aux utilisateurs de retracer l&#039;origine et le parcours de leur article au moyen d&#039;un code QR, ce qui accro\u00eet la transparence de la cha\u00eene d&#039;approvisionnement et favorise un lien plus \u00e9troit entre le produit et son processus de production.\" \/>\n<meta property=\"og:url\" content=\"https:\/\/perle-in.com\/en\/product\/tablier-shara-aware-de-240-g-m2\/\" \/>\n<meta property=\"og:site_name\" content=\"PERLE IN\" \/>\n<meta property=\"article:modified_time\" content=\"2025-10-19T03:47:55+00:00\" \/>\n<meta property=\"og:image\" content=\"https:\/\/perle-in.com\/wp-content\/uploads\/2025\/10\/11333201-1.jpg\" \/>\n\t<meta property=\"og:image:width\" content=\"1600\" \/>\n\t<meta property=\"og:image:height\" content=\"1600\" \/>\n\t<meta property=\"og:image:type\" content=\"image\/jpeg\" \/>\n<meta name=\"twitter:card\" content=\"summary_large_image\" \/>\n<script type=\"application\/ld+json\" class=\"yoast-schema-graph\">{\"@context\":\"https:\\\/\\\/schema.org\",\"@graph\":[{\"@type\":\"WebPage\",\"@id\":\"https:\\\/\\\/perle-in.com\\\/produit\\\/tablier-shara-aware-de-240-g-m2\\\/\",\"url\":\"https:\\\/\\\/perle-in.com\\\/produit\\\/tablier-shara-aware-de-240-g-m2\\\/\",\"name\":\"Tablier Shara Aware\u2122 de 240\u00a0g\\\/m2 - PERLE IN\",\"isPartOf\":{\"@id\":\"https:\\\/\\\/perle-in.com\\\/#website\"},\"primaryImageOfPage\":{\"@id\":\"https:\\\/\\\/perle-in.com\\\/produit\\\/tablier-shara-aware-de-240-g-m2\\\/#primaryimage\"},\"image\":{\"@id\":\"https:\\\/\\\/perle-in.com\\\/produit\\\/tablier-shara-aware-de-240-g-m2\\\/#primaryimage\"},\"thumbnailUrl\":\"https:\\\/\\\/perle-in.com\\\/wp-content\\\/uploads\\\/2025\\\/10\\\/11333201-1.jpg\",\"datePublished\":\"2025-10-15T01:12:46+00:00\",\"dateModified\":\"2025-10-19T03:47:55+00:00\",\"breadcrumb\":{\"@id\":\"https:\\\/\\\/perle-in.com\\\/produit\\\/tablier-shara-aware-de-240-g-m2\\\/#breadcrumb\"},\"inLanguage\":\"en-CA\",\"potentialAction\":[{\"@type\":\"ReadAction\",\"target\":[\"https:\\\/\\\/perle-in.com\\\/produit\\\/tablier-shara-aware-de-240-g-m2\\\/\"]}]},{\"@type\":\"ImageObject\",\"inLanguage\":\"en-CA\",\"@id\":\"https:\\\/\\\/perle-in.com\\\/produit\\\/tablier-shara-aware-de-240-g-m2\\\/#primaryimage\",\"url\":\"https:\\\/\\\/perle-in.com\\\/wp-content\\\/uploads\\\/2025\\\/10\\\/11333201-1.jpg\",\"contentUrl\":\"https:\\\/\\\/perle-in.com\\\/wp-content\\\/uploads\\\/2025\\\/10\\\/11333201-1.jpg\",\"width\":1600,\"height\":1600},{\"@type\":\"BreadcrumbList\",\"@id\":\"https:\\\/\\\/perle-in.com\\\/produit\\\/tablier-shara-aware-de-240-g-m2\\\/#breadcrumb\",\"itemListElement\":[{\"@type\":\"ListItem\",\"position\":1,\"name\":\"Accueil\",\"item\":\"https:\\\/\\\/perle-in.com\\\/\"},{\"@type\":\"ListItem\",\"position\":2,\"name\":\"Boutique\",\"item\":\"https:\\\/\\\/perle-in.com\\\/boutique\\\/\"},{\"@type\":\"ListItem\",\"position\":3,\"name\":\"Tablier Shara Aware\u2122 de 240\u00a0g\\\/m2\"}]},{\"@type\":\"WebSite\",\"@id\":\"https:\\\/\\\/perle-in.com\\\/#website\",\"url\":\"https:\\\/\\\/perle-in.com\\\/\",\"name\":\"PERLE IN\",\"description\":\"\",\"publisher\":{\"@id\":\"https:\\\/\\\/perle-in.com\\\/#organization\"},\"potentialAction\":[{\"@type\":\"SearchAction\",\"target\":{\"@type\":\"EntryPoint\",\"urlTemplate\":\"https:\\\/\\\/perle-in.com\\\/?s={search_term_string}\"},\"query-input\":{\"@type\":\"PropertyValueSpecification\",\"valueRequired\":true,\"valueName\":\"search_term_string\"}}],\"inLanguage\":\"en-CA\"},{\"@type\":\"Organization\",\"@id\":\"https:\\\/\\\/perle-in.com\\\/#organization\",\"name\":\"PERLE IN\",\"url\":\"https:\\\/\\\/perle-in.com\\\/\",\"logo\":{\"@type\":\"ImageObject\",\"inLanguage\":\"en-CA\",\"@id\":\"https:\\\/\\\/perle-in.com\\\/#\\\/schema\\\/logo\\\/image\\\/\",\"url\":\"https:\\\/\\\/perle-in.com\\\/wp-content\\\/uploads\\\/2022\\\/12\\\/LOGO-PERLE-IN-COULEUR@3x.webp\",\"contentUrl\":\"https:\\\/\\\/perle-in.com\\\/wp-content\\\/uploads\\\/2022\\\/12\\\/LOGO-PERLE-IN-COULEUR@3x.webp\",\"width\":1600,\"height\":490,\"caption\":\"PERLE IN\"},\"image\":{\"@id\":\"https:\\\/\\\/perle-in.com\\\/#\\\/schema\\\/logo\\\/image\\\/\"}}]}<\/script>\n<!-- \/ Yoast SEO plugin. -->","yoast_head_json":{"title":"Tablier Shara Aware\u2122 de 240\u00a0g\/m2 - PERLE IN","robots":{"index":"noindex","follow":"follow","max-snippet":"max-snippet:-1","max-image-preview":"max-image-preview:large","max-video-preview":"max-video-preview:-1"},"og_locale":"en_US","og_type":"article","og_title":"Tablier Shara Aware\u2122 de 240\u00a0g\/m2 - PERLE IN","og_description":"Le tablier Shara est compos\u00e9 de coton recycl\u00e9 240\u00a0g\/m2 \u00e0 70\u00a0% et de polyester recycl\u00e9 \u00e0 30\u00a0%, ce qui le rend \u00e9pais, solide et confortable \u00e0 porter. Il comporte deux poches adjacentes (22 x 20\u00a0cm chacune) et une fermeture \u00e0 nouer d'un m\u00e8tre. Le tablier incorpore la technologie Cyclo\u00ae qui utilise des d\u00e9chets pr\u00e9-tri\u00e9s qui d\u00e9terminent la couleur du fil. Ces fibres ne se contentent pas de r\u00e9duire la demande en ressources vierges, elles t\u00e9moignent \u00e9galement d'un engagement en faveur d'une vie circulaire, incarnant l'essence m\u00eame de la r\u00e9duction des d\u00e9chets et de la promotion d'un syst\u00e8me en boucle ferm\u00e9e. Chaque tablier est \u00e9galement accompagn\u00e9 d'un traceur Aware\u2122. Cette fonction innovante permet aux utilisateurs de retracer l'origine et le parcours de leur article au moyen d'un code QR, ce qui accro\u00eet la transparence de la cha\u00eene d'approvisionnement et favorise un lien plus \u00e9troit entre le produit et son processus de production.","og_url":"https:\/\/perle-in.com\/en\/product\/tablier-shara-aware-de-240-g-m2\/","og_site_name":"PERLE IN","article_modified_time":"2025-10-19T03:47:55+00:00","og_image":[{"width":1600,"height":1600,"url":"https:\/\/perle-in.com\/wp-content\/uploads\/2025\/10\/11333201-1.jpg","type":"image\/jpeg"}],"twitter_card":"summary_large_image","schema":{"@context":"https:\/\/schema.org","@graph":[{"@type":"WebPage","@id":"https:\/\/perle-in.com\/produit\/tablier-shara-aware-de-240-g-m2\/","url":"https:\/\/perle-in.com\/produit\/tablier-shara-aware-de-240-g-m2\/","name":"Tablier Shara Aware\u2122 de 240\u00a0g\/m2 - PERLE IN","isPartOf":{"@id":"https:\/\/perle-in.com\/#website"},"primaryImageOfPage":{"@id":"https:\/\/perle-in.com\/produit\/tablier-shara-aware-de-240-g-m2\/#primaryimage"},"image":{"@id":"https:\/\/perle-in.com\/produit\/tablier-shara-aware-de-240-g-m2\/#primaryimage"},"thumbnailUrl":"https:\/\/perle-in.com\/wp-content\/uploads\/2025\/10\/11333201-1.jpg","datePublished":"2025-10-15T01:12:46+00:00","dateModified":"2025-10-19T03:47:55+00:00","breadcrumb":{"@id":"https:\/\/perle-in.com\/produit\/tablier-shara-aware-de-240-g-m2\/#breadcrumb"},"inLanguage":"en-CA","potentialAction":[{"@type":"ReadAction","target":["https:\/\/perle-in.com\/produit\/tablier-shara-aware-de-240-g-m2\/"]}]},{"@type":"ImageObject","inLanguage":"en-CA","@id":"https:\/\/perle-in.com\/produit\/tablier-shara-aware-de-240-g-m2\/#primaryimage","url":"https:\/\/perle-in.com\/wp-content\/uploads\/2025\/10\/11333201-1.jpg","contentUrl":"https:\/\/perle-in.com\/wp-content\/uploads\/2025\/10\/11333201-1.jpg","width":1600,"height":1600},{"@type":"BreadcrumbList","@id":"https:\/\/perle-in.com\/produit\/tablier-shara-aware-de-240-g-m2\/#breadcrumb","itemListElement":[{"@type":"ListItem","position":1,"name":"Accueil","item":"https:\/\/perle-in.com\/"},{"@type":"ListItem","position":2,"name":"Boutique","item":"https:\/\/perle-in.com\/boutique\/"},{"@type":"ListItem","position":3,"name":"Tablier Shara Aware\u2122 de 240\u00a0g\/m2"}]},{"@type":"WebSite","@id":"https:\/\/perle-in.com\/#website","url":"https:\/\/perle-in.com\/","name":"PERLE IN","description":"","publisher":{"@id":"https:\/\/perle-in.com\/#organization"},"potentialAction":[{"@type":"SearchAction","target":{"@type":"EntryPoint","urlTemplate":"https:\/\/perle-in.com\/?s={search_term_string}"},"query-input":{"@type":"PropertyValueSpecification","valueRequired":true,"valueName":"search_term_string"}}],"inLanguage":"en-CA"},{"@type":"Organization","@id":"https:\/\/perle-in.com\/#organization","name":"PERLE IN","url":"https:\/\/perle-in.com\/","logo":{"@type":"ImageObject","inLanguage":"en-CA","@id":"https:\/\/perle-in.com\/#\/schema\/logo\/image\/","url":"https:\/\/perle-in.com\/wp-content\/uploads\/2022\/12\/LOGO-PERLE-IN-COULEUR@3x.webp","contentUrl":"https:\/\/perle-in.com\/wp-content\/uploads\/2022\/12\/LOGO-PERLE-IN-COULEUR@3x.webp","width":1600,"height":490,"caption":"PERLE IN"},"image":{"@id":"https:\/\/perle-in.com\/#\/schema\/logo\/image\/"}}]}},"jetpack_sharing_enabled":true,"_links":{"self":[{"href":"https:\/\/perle-in.com\/en\/wp-json\/wp\/v2\/product\/542567","targetHints":{"allow":["GET"]}}],"collection":[{"href":"https:\/\/perle-in.com\/en\/wp-json\/wp\/v2\/product"}],"about":[{"href":"https:\/\/perle-in.com\/en\/wp-json\/wp\/v2\/types\/product"}],"version-history":[{"count":0,"href":"https:\/\/perle-in.com\/en\/wp-json\/wp\/v2\/product\/542567\/revisions"}],"wp:featuredmedia":[{"embeddable":true,"href":"https:\/\/perle-in.com\/en\/wp-json\/wp\/v2\/media\/542523"}],"wp:attachment":[{"href":"https:\/\/perle-in.com\/en\/wp-json\/wp\/v2\/media?parent=542567"}],"wp:term":[{"taxonomy":"product_brand","embeddable":true,"href":"https:\/\/perle-in.com\/en\/wp-json\/wp\/v2\/product_brand?post=542567"},{"taxonomy":"product_cat","embeddable":true,"href":"https:\/\/perle-in.com\/en\/wp-json\/wp\/v2\/product_cat?post=542567"},{"taxonomy":"product_tag","embeddable":true,"href":"https:\/\/perle-in.com\/en\/wp-json\/wp\/v2\/product_tag?post=542567"}],"curies":[{"name":"wp","href":"https:\/\/api.w.org\/{rel}","templated":true}]}}