{"id":542419,"date":"2025-10-15T03:10:20","date_gmt":"2025-10-15T01:10:20","guid":{"rendered":"https:\/\/perle-in.com\/produit\/sac-bandouliere-modulaire-roam-recycle-certifie-grs\/"},"modified":"2025-10-19T05:47:51","modified_gmt":"2025-10-19T03:47:51","slug":"sac-bandouliere-modulaire-roam-recycle-certifie-grs","status":"publish","type":"product","link":"https:\/\/perle-in.com\/en\/product\/sac-bandouliere-modulaire-roam-recycle-certifie-grs\/","title":{"rendered":"Sac bandouli\u00e8re modulaire Roam recycl\u00e9 certifi\u00e9 GRS"},"content":{"rendered":"","protected":false},"excerpt":{"rendered":"<p>Le sac bandouli\u00e8re modulaire Roam est le compagnon id\u00e9al pour les explorations urbaines et les aventures en plein air. Ce sac offre des fermetures \u00e0 glissi\u00e8re double face, une poche avant avec compartiments en maille filet, une poche \u00e0 eau r\u00e9glable, des s\u00e9parateurs dans le compartiment principal et une pochette imperm\u00e9able amovible. Fabriqu\u00e9 en polyester recycl\u00e9 certifi\u00e9 GRS de haute qualit\u00e9 et pens\u00e9 pour les aventuriers des temps modernes, le sac \u00e0 bandouli\u00e8re modulaire Roam allie durabilit\u00e9, fonctionnalit\u00e9 et style. Il s&#8217;utilise parfaitement seul, mais il peut \u00e9galement \u00eatre combin\u00e9 et attach\u00e9 au sac \u00e0 dos modulaire Roam.<\/p>","protected":false},"featured_media":542401,"template":"","meta":{"_eb_attr":""},"product_brand":[],"product_cat":[426,1241,159],"product_tag":[3016,1998,282,3384,3383,3410],"class_list":{"0":"post-542419","1":"product","2":"type-product","3":"status-publish","4":"has-post-thumbnail","6":"product_cat-accessoires-de-voyage","7":"product_cat-accessoires-de-voyage-sport-et-loisirs","8":"product_cat-sacs","9":"product_tag-bandouliere","10":"product_tag-epaule","11":"product_tag-sac","12":"product_tag-sac-a-bandouliere","13":"product_tag-sac-bandouliere","14":"product_tag-sac-en-bandouliere","15":"pa_couleurs-noir","16":"pa_couleurs-vert","17":"pa_green-points-2652","18":"pa_matiere-900d-polyester-recycle-certifie-grs","20":"first","21":"instock","22":"sale","23":"shipping-taxable","24":"purchasable","25":"product-type-variable"},"yoast_head":"<!-- This site is optimized with the Yoast SEO plugin v27.4 - https:\/\/yoast.com\/product\/yoast-seo-wordpress\/ -->\n<title>Sac bandouli\u00e8re modulaire Roam recycl\u00e9 certifi\u00e9 GRS - PERLE IN<\/title>\n<meta name=\"robots\" content=\"noindex, follow, max-snippet:-1, max-image-preview:large, max-video-preview:-1\" \/>\n<meta property=\"og:locale\" content=\"en_US\" \/>\n<meta property=\"og:type\" content=\"article\" \/>\n<meta property=\"og:title\" content=\"Sac bandouli\u00e8re modulaire Roam recycl\u00e9 certifi\u00e9 GRS - PERLE IN\" \/>\n<meta property=\"og:description\" content=\"Le sac bandouli\u00e8re modulaire Roam est le compagnon id\u00e9al pour les explorations urbaines et les aventures en plein air. Ce sac offre des fermetures \u00e0 glissi\u00e8re double face, une poche avant avec compartiments en maille filet, une poche \u00e0 eau r\u00e9glable, des s\u00e9parateurs dans le compartiment principal et une pochette imperm\u00e9able amovible. Fabriqu\u00e9 en polyester recycl\u00e9 certifi\u00e9 GRS de haute qualit\u00e9 et pens\u00e9 pour les aventuriers des temps modernes, le sac \u00e0 bandouli\u00e8re modulaire Roam allie durabilit\u00e9, fonctionnalit\u00e9 et style. Il s&#039;utilise parfaitement seul, mais il peut \u00e9galement \u00eatre combin\u00e9 et attach\u00e9 au sac \u00e0 dos modulaire Roam.\" \/>\n<meta property=\"og:url\" content=\"https:\/\/perle-in.com\/en\/product\/sac-bandouliere-modulaire-roam-recycle-certifie-grs\/\" \/>\n<meta property=\"og:site_name\" content=\"PERLE IN\" \/>\n<meta property=\"article:modified_time\" content=\"2025-10-19T03:47:51+00:00\" \/>\n<meta property=\"og:image\" content=\"https:\/\/perle-in.com\/wp-content\/uploads\/2025\/10\/12071561-1.jpg\" \/>\n\t<meta property=\"og:image:width\" content=\"1600\" \/>\n\t<meta property=\"og:image:height\" content=\"1600\" \/>\n\t<meta property=\"og:image:type\" content=\"image\/jpeg\" \/>\n<meta name=\"twitter:card\" content=\"summary_large_image\" \/>\n<script type=\"application\/ld+json\" class=\"yoast-schema-graph\">{\"@context\":\"https:\\\/\\\/schema.org\",\"@graph\":[{\"@type\":\"WebPage\",\"@id\":\"https:\\\/\\\/perle-in.com\\\/produit\\\/sac-bandouliere-modulaire-roam-recycle-certifie-grs\\\/\",\"url\":\"https:\\\/\\\/perle-in.com\\\/produit\\\/sac-bandouliere-modulaire-roam-recycle-certifie-grs\\\/\",\"name\":\"Sac bandouli\u00e8re modulaire Roam recycl\u00e9 certifi\u00e9 GRS - PERLE IN\",\"isPartOf\":{\"@id\":\"https:\\\/\\\/perle-in.com\\\/#website\"},\"primaryImageOfPage\":{\"@id\":\"https:\\\/\\\/perle-in.com\\\/produit\\\/sac-bandouliere-modulaire-roam-recycle-certifie-grs\\\/#primaryimage\"},\"image\":{\"@id\":\"https:\\\/\\\/perle-in.com\\\/produit\\\/sac-bandouliere-modulaire-roam-recycle-certifie-grs\\\/#primaryimage\"},\"thumbnailUrl\":\"https:\\\/\\\/perle-in.com\\\/wp-content\\\/uploads\\\/2025\\\/10\\\/12071561-1.jpg\",\"datePublished\":\"2025-10-15T01:10:20+00:00\",\"dateModified\":\"2025-10-19T03:47:51+00:00\",\"breadcrumb\":{\"@id\":\"https:\\\/\\\/perle-in.com\\\/produit\\\/sac-bandouliere-modulaire-roam-recycle-certifie-grs\\\/#breadcrumb\"},\"inLanguage\":\"en-CA\",\"potentialAction\":[{\"@type\":\"ReadAction\",\"target\":[\"https:\\\/\\\/perle-in.com\\\/produit\\\/sac-bandouliere-modulaire-roam-recycle-certifie-grs\\\/\"]}]},{\"@type\":\"ImageObject\",\"inLanguage\":\"en-CA\",\"@id\":\"https:\\\/\\\/perle-in.com\\\/produit\\\/sac-bandouliere-modulaire-roam-recycle-certifie-grs\\\/#primaryimage\",\"url\":\"https:\\\/\\\/perle-in.com\\\/wp-content\\\/uploads\\\/2025\\\/10\\\/12071561-1.jpg\",\"contentUrl\":\"https:\\\/\\\/perle-in.com\\\/wp-content\\\/uploads\\\/2025\\\/10\\\/12071561-1.jpg\",\"width\":1600,\"height\":1600},{\"@type\":\"BreadcrumbList\",\"@id\":\"https:\\\/\\\/perle-in.com\\\/produit\\\/sac-bandouliere-modulaire-roam-recycle-certifie-grs\\\/#breadcrumb\",\"itemListElement\":[{\"@type\":\"ListItem\",\"position\":1,\"name\":\"Accueil\",\"item\":\"https:\\\/\\\/perle-in.com\\\/\"},{\"@type\":\"ListItem\",\"position\":2,\"name\":\"Boutique\",\"item\":\"https:\\\/\\\/perle-in.com\\\/boutique\\\/\"},{\"@type\":\"ListItem\",\"position\":3,\"name\":\"Sac bandouli\u00e8re modulaire Roam recycl\u00e9 certifi\u00e9 GRS\"}]},{\"@type\":\"WebSite\",\"@id\":\"https:\\\/\\\/perle-in.com\\\/#website\",\"url\":\"https:\\\/\\\/perle-in.com\\\/\",\"name\":\"PERLE IN\",\"description\":\"\",\"publisher\":{\"@id\":\"https:\\\/\\\/perle-in.com\\\/#organization\"},\"potentialAction\":[{\"@type\":\"SearchAction\",\"target\":{\"@type\":\"EntryPoint\",\"urlTemplate\":\"https:\\\/\\\/perle-in.com\\\/?s={search_term_string}\"},\"query-input\":{\"@type\":\"PropertyValueSpecification\",\"valueRequired\":true,\"valueName\":\"search_term_string\"}}],\"inLanguage\":\"en-CA\"},{\"@type\":\"Organization\",\"@id\":\"https:\\\/\\\/perle-in.com\\\/#organization\",\"name\":\"PERLE IN\",\"url\":\"https:\\\/\\\/perle-in.com\\\/\",\"logo\":{\"@type\":\"ImageObject\",\"inLanguage\":\"en-CA\",\"@id\":\"https:\\\/\\\/perle-in.com\\\/#\\\/schema\\\/logo\\\/image\\\/\",\"url\":\"https:\\\/\\\/perle-in.com\\\/wp-content\\\/uploads\\\/2022\\\/12\\\/LOGO-PERLE-IN-COULEUR@3x.webp\",\"contentUrl\":\"https:\\\/\\\/perle-in.com\\\/wp-content\\\/uploads\\\/2022\\\/12\\\/LOGO-PERLE-IN-COULEUR@3x.webp\",\"width\":1600,\"height\":490,\"caption\":\"PERLE IN\"},\"image\":{\"@id\":\"https:\\\/\\\/perle-in.com\\\/#\\\/schema\\\/logo\\\/image\\\/\"}}]}<\/script>\n<!-- \/ Yoast SEO plugin. -->","yoast_head_json":{"title":"Sac bandouli\u00e8re modulaire Roam recycl\u00e9 certifi\u00e9 GRS - PERLE IN","robots":{"index":"noindex","follow":"follow","max-snippet":"max-snippet:-1","max-image-preview":"max-image-preview:large","max-video-preview":"max-video-preview:-1"},"og_locale":"en_US","og_type":"article","og_title":"Sac bandouli\u00e8re modulaire Roam recycl\u00e9 certifi\u00e9 GRS - PERLE IN","og_description":"Le sac bandouli\u00e8re modulaire Roam est le compagnon id\u00e9al pour les explorations urbaines et les aventures en plein air. Ce sac offre des fermetures \u00e0 glissi\u00e8re double face, une poche avant avec compartiments en maille filet, une poche \u00e0 eau r\u00e9glable, des s\u00e9parateurs dans le compartiment principal et une pochette imperm\u00e9able amovible. Fabriqu\u00e9 en polyester recycl\u00e9 certifi\u00e9 GRS de haute qualit\u00e9 et pens\u00e9 pour les aventuriers des temps modernes, le sac \u00e0 bandouli\u00e8re modulaire Roam allie durabilit\u00e9, fonctionnalit\u00e9 et style. Il s'utilise parfaitement seul, mais il peut \u00e9galement \u00eatre combin\u00e9 et attach\u00e9 au sac \u00e0 dos modulaire Roam.","og_url":"https:\/\/perle-in.com\/en\/product\/sac-bandouliere-modulaire-roam-recycle-certifie-grs\/","og_site_name":"PERLE IN","article_modified_time":"2025-10-19T03:47:51+00:00","og_image":[{"width":1600,"height":1600,"url":"https:\/\/perle-in.com\/wp-content\/uploads\/2025\/10\/12071561-1.jpg","type":"image\/jpeg"}],"twitter_card":"summary_large_image","schema":{"@context":"https:\/\/schema.org","@graph":[{"@type":"WebPage","@id":"https:\/\/perle-in.com\/produit\/sac-bandouliere-modulaire-roam-recycle-certifie-grs\/","url":"https:\/\/perle-in.com\/produit\/sac-bandouliere-modulaire-roam-recycle-certifie-grs\/","name":"Sac bandouli\u00e8re modulaire Roam recycl\u00e9 certifi\u00e9 GRS - PERLE IN","isPartOf":{"@id":"https:\/\/perle-in.com\/#website"},"primaryImageOfPage":{"@id":"https:\/\/perle-in.com\/produit\/sac-bandouliere-modulaire-roam-recycle-certifie-grs\/#primaryimage"},"image":{"@id":"https:\/\/perle-in.com\/produit\/sac-bandouliere-modulaire-roam-recycle-certifie-grs\/#primaryimage"},"thumbnailUrl":"https:\/\/perle-in.com\/wp-content\/uploads\/2025\/10\/12071561-1.jpg","datePublished":"2025-10-15T01:10:20+00:00","dateModified":"2025-10-19T03:47:51+00:00","breadcrumb":{"@id":"https:\/\/perle-in.com\/produit\/sac-bandouliere-modulaire-roam-recycle-certifie-grs\/#breadcrumb"},"inLanguage":"en-CA","potentialAction":[{"@type":"ReadAction","target":["https:\/\/perle-in.com\/produit\/sac-bandouliere-modulaire-roam-recycle-certifie-grs\/"]}]},{"@type":"ImageObject","inLanguage":"en-CA","@id":"https:\/\/perle-in.com\/produit\/sac-bandouliere-modulaire-roam-recycle-certifie-grs\/#primaryimage","url":"https:\/\/perle-in.com\/wp-content\/uploads\/2025\/10\/12071561-1.jpg","contentUrl":"https:\/\/perle-in.com\/wp-content\/uploads\/2025\/10\/12071561-1.jpg","width":1600,"height":1600},{"@type":"BreadcrumbList","@id":"https:\/\/perle-in.com\/produit\/sac-bandouliere-modulaire-roam-recycle-certifie-grs\/#breadcrumb","itemListElement":[{"@type":"ListItem","position":1,"name":"Accueil","item":"https:\/\/perle-in.com\/"},{"@type":"ListItem","position":2,"name":"Boutique","item":"https:\/\/perle-in.com\/boutique\/"},{"@type":"ListItem","position":3,"name":"Sac bandouli\u00e8re modulaire Roam recycl\u00e9 certifi\u00e9 GRS"}]},{"@type":"WebSite","@id":"https:\/\/perle-in.com\/#website","url":"https:\/\/perle-in.com\/","name":"PERLE IN","description":"","publisher":{"@id":"https:\/\/perle-in.com\/#organization"},"potentialAction":[{"@type":"SearchAction","target":{"@type":"EntryPoint","urlTemplate":"https:\/\/perle-in.com\/?s={search_term_string}"},"query-input":{"@type":"PropertyValueSpecification","valueRequired":true,"valueName":"search_term_string"}}],"inLanguage":"en-CA"},{"@type":"Organization","@id":"https:\/\/perle-in.com\/#organization","name":"PERLE IN","url":"https:\/\/perle-in.com\/","logo":{"@type":"ImageObject","inLanguage":"en-CA","@id":"https:\/\/perle-in.com\/#\/schema\/logo\/image\/","url":"https:\/\/perle-in.com\/wp-content\/uploads\/2022\/12\/LOGO-PERLE-IN-COULEUR@3x.webp","contentUrl":"https:\/\/perle-in.com\/wp-content\/uploads\/2022\/12\/LOGO-PERLE-IN-COULEUR@3x.webp","width":1600,"height":490,"caption":"PERLE IN"},"image":{"@id":"https:\/\/perle-in.com\/#\/schema\/logo\/image\/"}}]}},"jetpack_sharing_enabled":true,"_links":{"self":[{"href":"https:\/\/perle-in.com\/en\/wp-json\/wp\/v2\/product\/542419","targetHints":{"allow":["GET"]}}],"collection":[{"href":"https:\/\/perle-in.com\/en\/wp-json\/wp\/v2\/product"}],"about":[{"href":"https:\/\/perle-in.com\/en\/wp-json\/wp\/v2\/types\/product"}],"version-history":[{"count":0,"href":"https:\/\/perle-in.com\/en\/wp-json\/wp\/v2\/product\/542419\/revisions"}],"wp:featuredmedia":[{"embeddable":true,"href":"https:\/\/perle-in.com\/en\/wp-json\/wp\/v2\/media\/542401"}],"wp:attachment":[{"href":"https:\/\/perle-in.com\/en\/wp-json\/wp\/v2\/media?parent=542419"}],"wp:term":[{"taxonomy":"product_brand","embeddable":true,"href":"https:\/\/perle-in.com\/en\/wp-json\/wp\/v2\/product_brand?post=542419"},{"taxonomy":"product_cat","embeddable":true,"href":"https:\/\/perle-in.com\/en\/wp-json\/wp\/v2\/product_cat?post=542419"},{"taxonomy":"product_tag","embeddable":true,"href":"https:\/\/perle-in.com\/en\/wp-json\/wp\/v2\/product_tag?post=542419"}],"curies":[{"name":"wp","href":"https:\/\/api.w.org\/{rel}","templated":true}]}}