{"id":542346,"date":"2025-10-15T03:09:24","date_gmt":"2025-10-15T01:09:24","guid":{"rendered":"https:\/\/perle-in.com\/produit\/sac-shopping-circulaire-recycle-grs-kai\/"},"modified":"2025-10-19T05:47:50","modified_gmt":"2025-10-19T03:47:50","slug":"sac-shopping-circulaire-recycle-grs-kai","status":"publish","type":"product","link":"https:\/\/perle-in.com\/en\/product\/sac-shopping-circulaire-recycle-grs-kai\/","title":{"rendered":"Sac shopping circulaire recycl\u00e9 GRS Kai"},"content":{"rendered":"","protected":false},"excerpt":{"rendered":"<p>Le sac shopping circulaire recycl\u00e9 GRS Kai, le plus grand impact positif en termes de performance environnementale. Une approche plus durable commence par une meilleure conception, une conception qui minimise l&#8217;impact sur l&#8217;environnement. La r\u00e9duction moyenne totale de l&#8217;impact d\u00e9j\u00e0 r\u00e9alis\u00e9e avec 1\u00a0sac est la suivante\u00a0: 7\u00a0% d&#8217;empreinte carbone, 42\u00a0% d&#8217;\u00e9nergie et 47\u00a0% de co\u00fbts \u00e9cologiques. Fabriqu\u00e9 \u00e0 partir de nylon recycl\u00e9 200T certifi\u00e9 GRS, le sac Kai est un sac shopping classique et intemporel qui convient \u00e0 un usage quotidien. L&#8217;emplacement pr\u00e9vu pour l&#8217;impression se trouve sur la poche. Le sac peut \u00eatre retourn\u00e9 dans le cadre d&#8217;un programme de reprise comportant un code QR qui fournit des informations suppl\u00e9mentaires. <\/p>","protected":false},"featured_media":542310,"template":"","meta":{"_eb_attr":""},"product_brand":[],"product_cat":[159,959],"product_tag":[3403,837,961,836,282,904,3086,1779],"class_list":{"0":"post-542346","1":"product","2":"type-product","3":"status-publish","4":"has-post-thumbnail","6":"product_cat-sacs","7":"product_cat-sacs-de-shopping","8":"product_tag-circulaire","9":"product_tag-durable","10":"product_tag-fourre-tout","11":"product_tag-recycle","12":"product_tag-sac","13":"product_tag-shopping","14":"product_tag-tote-bag","15":"product_tag-totebag","16":"pa_couleurs-marine","17":"pa_couleurs-noir","18":"pa_green-points-2932","19":"pa_matiere-nylon-recycle-certifie-grs","21":"first","22":"instock","23":"sale","24":"shipping-taxable","25":"purchasable","26":"product-type-variable"},"yoast_head":"<!-- This site is optimized with the Yoast SEO plugin v27.4 - https:\/\/yoast.com\/product\/yoast-seo-wordpress\/ -->\n<title>Sac shopping circulaire recycl\u00e9 GRS Kai - PERLE IN<\/title>\n<meta name=\"robots\" content=\"noindex, follow, max-snippet:-1, max-image-preview:large, max-video-preview:-1\" \/>\n<meta property=\"og:locale\" content=\"en_US\" \/>\n<meta property=\"og:type\" content=\"article\" \/>\n<meta property=\"og:title\" content=\"Sac shopping circulaire recycl\u00e9 GRS Kai - PERLE IN\" \/>\n<meta property=\"og:description\" content=\"Le sac shopping circulaire recycl\u00e9 GRS Kai, le plus grand impact positif en termes de performance environnementale. Une approche plus durable commence par une meilleure conception, une conception qui minimise l&#039;impact sur l&#039;environnement. La r\u00e9duction moyenne totale de l&#039;impact d\u00e9j\u00e0 r\u00e9alis\u00e9e avec 1\u00a0sac est la suivante\u00a0: 7\u00a0% d&#039;empreinte carbone, 42\u00a0% d&#039;\u00e9nergie et 47\u00a0% de co\u00fbts \u00e9cologiques. Fabriqu\u00e9 \u00e0 partir de nylon recycl\u00e9 200T certifi\u00e9 GRS, le sac Kai est un sac shopping classique et intemporel qui convient \u00e0 un usage quotidien. L&#039;emplacement pr\u00e9vu pour l&#039;impression se trouve sur la poche. Le sac peut \u00eatre retourn\u00e9 dans le cadre d&#039;un programme de reprise comportant un code QR qui fournit des informations suppl\u00e9mentaires.\" \/>\n<meta property=\"og:url\" content=\"https:\/\/perle-in.com\/en\/product\/sac-shopping-circulaire-recycle-grs-kai\/\" \/>\n<meta property=\"og:site_name\" content=\"PERLE IN\" \/>\n<meta property=\"article:modified_time\" content=\"2025-10-19T03:47:50+00:00\" \/>\n<meta property=\"og:image\" content=\"https:\/\/perle-in.com\/wp-content\/uploads\/2025\/10\/12071355-1.jpg\" \/>\n\t<meta property=\"og:image:width\" content=\"1600\" \/>\n\t<meta property=\"og:image:height\" content=\"1600\" \/>\n\t<meta property=\"og:image:type\" content=\"image\/jpeg\" \/>\n<meta name=\"twitter:card\" content=\"summary_large_image\" \/>\n<script type=\"application\/ld+json\" class=\"yoast-schema-graph\">{\"@context\":\"https:\\\/\\\/schema.org\",\"@graph\":[{\"@type\":\"WebPage\",\"@id\":\"https:\\\/\\\/perle-in.com\\\/produit\\\/sac-shopping-circulaire-recycle-grs-kai\\\/\",\"url\":\"https:\\\/\\\/perle-in.com\\\/produit\\\/sac-shopping-circulaire-recycle-grs-kai\\\/\",\"name\":\"Sac shopping circulaire recycl\u00e9 GRS Kai - PERLE IN\",\"isPartOf\":{\"@id\":\"https:\\\/\\\/perle-in.com\\\/#website\"},\"primaryImageOfPage\":{\"@id\":\"https:\\\/\\\/perle-in.com\\\/produit\\\/sac-shopping-circulaire-recycle-grs-kai\\\/#primaryimage\"},\"image\":{\"@id\":\"https:\\\/\\\/perle-in.com\\\/produit\\\/sac-shopping-circulaire-recycle-grs-kai\\\/#primaryimage\"},\"thumbnailUrl\":\"https:\\\/\\\/perle-in.com\\\/wp-content\\\/uploads\\\/2025\\\/10\\\/12071355-1.jpg\",\"datePublished\":\"2025-10-15T01:09:24+00:00\",\"dateModified\":\"2025-10-19T03:47:50+00:00\",\"breadcrumb\":{\"@id\":\"https:\\\/\\\/perle-in.com\\\/produit\\\/sac-shopping-circulaire-recycle-grs-kai\\\/#breadcrumb\"},\"inLanguage\":\"en-CA\",\"potentialAction\":[{\"@type\":\"ReadAction\",\"target\":[\"https:\\\/\\\/perle-in.com\\\/produit\\\/sac-shopping-circulaire-recycle-grs-kai\\\/\"]}]},{\"@type\":\"ImageObject\",\"inLanguage\":\"en-CA\",\"@id\":\"https:\\\/\\\/perle-in.com\\\/produit\\\/sac-shopping-circulaire-recycle-grs-kai\\\/#primaryimage\",\"url\":\"https:\\\/\\\/perle-in.com\\\/wp-content\\\/uploads\\\/2025\\\/10\\\/12071355-1.jpg\",\"contentUrl\":\"https:\\\/\\\/perle-in.com\\\/wp-content\\\/uploads\\\/2025\\\/10\\\/12071355-1.jpg\",\"width\":1600,\"height\":1600},{\"@type\":\"BreadcrumbList\",\"@id\":\"https:\\\/\\\/perle-in.com\\\/produit\\\/sac-shopping-circulaire-recycle-grs-kai\\\/#breadcrumb\",\"itemListElement\":[{\"@type\":\"ListItem\",\"position\":1,\"name\":\"Accueil\",\"item\":\"https:\\\/\\\/perle-in.com\\\/\"},{\"@type\":\"ListItem\",\"position\":2,\"name\":\"Boutique\",\"item\":\"https:\\\/\\\/perle-in.com\\\/boutique\\\/\"},{\"@type\":\"ListItem\",\"position\":3,\"name\":\"Sac shopping circulaire recycl\u00e9 GRS Kai\"}]},{\"@type\":\"WebSite\",\"@id\":\"https:\\\/\\\/perle-in.com\\\/#website\",\"url\":\"https:\\\/\\\/perle-in.com\\\/\",\"name\":\"PERLE IN\",\"description\":\"\",\"publisher\":{\"@id\":\"https:\\\/\\\/perle-in.com\\\/#organization\"},\"potentialAction\":[{\"@type\":\"SearchAction\",\"target\":{\"@type\":\"EntryPoint\",\"urlTemplate\":\"https:\\\/\\\/perle-in.com\\\/?s={search_term_string}\"},\"query-input\":{\"@type\":\"PropertyValueSpecification\",\"valueRequired\":true,\"valueName\":\"search_term_string\"}}],\"inLanguage\":\"en-CA\"},{\"@type\":\"Organization\",\"@id\":\"https:\\\/\\\/perle-in.com\\\/#organization\",\"name\":\"PERLE IN\",\"url\":\"https:\\\/\\\/perle-in.com\\\/\",\"logo\":{\"@type\":\"ImageObject\",\"inLanguage\":\"en-CA\",\"@id\":\"https:\\\/\\\/perle-in.com\\\/#\\\/schema\\\/logo\\\/image\\\/\",\"url\":\"https:\\\/\\\/perle-in.com\\\/wp-content\\\/uploads\\\/2022\\\/12\\\/LOGO-PERLE-IN-COULEUR@3x.webp\",\"contentUrl\":\"https:\\\/\\\/perle-in.com\\\/wp-content\\\/uploads\\\/2022\\\/12\\\/LOGO-PERLE-IN-COULEUR@3x.webp\",\"width\":1600,\"height\":490,\"caption\":\"PERLE IN\"},\"image\":{\"@id\":\"https:\\\/\\\/perle-in.com\\\/#\\\/schema\\\/logo\\\/image\\\/\"}}]}<\/script>\n<!-- \/ Yoast SEO plugin. -->","yoast_head_json":{"title":"Sac shopping circulaire recycl\u00e9 GRS Kai - PERLE IN","robots":{"index":"noindex","follow":"follow","max-snippet":"max-snippet:-1","max-image-preview":"max-image-preview:large","max-video-preview":"max-video-preview:-1"},"og_locale":"en_US","og_type":"article","og_title":"Sac shopping circulaire recycl\u00e9 GRS Kai - PERLE IN","og_description":"Le sac shopping circulaire recycl\u00e9 GRS Kai, le plus grand impact positif en termes de performance environnementale. Une approche plus durable commence par une meilleure conception, une conception qui minimise l'impact sur l'environnement. La r\u00e9duction moyenne totale de l'impact d\u00e9j\u00e0 r\u00e9alis\u00e9e avec 1\u00a0sac est la suivante\u00a0: 7\u00a0% d'empreinte carbone, 42\u00a0% d'\u00e9nergie et 47\u00a0% de co\u00fbts \u00e9cologiques. Fabriqu\u00e9 \u00e0 partir de nylon recycl\u00e9 200T certifi\u00e9 GRS, le sac Kai est un sac shopping classique et intemporel qui convient \u00e0 un usage quotidien. L'emplacement pr\u00e9vu pour l'impression se trouve sur la poche. Le sac peut \u00eatre retourn\u00e9 dans le cadre d'un programme de reprise comportant un code QR qui fournit des informations suppl\u00e9mentaires.","og_url":"https:\/\/perle-in.com\/en\/product\/sac-shopping-circulaire-recycle-grs-kai\/","og_site_name":"PERLE IN","article_modified_time":"2025-10-19T03:47:50+00:00","og_image":[{"width":1600,"height":1600,"url":"https:\/\/perle-in.com\/wp-content\/uploads\/2025\/10\/12071355-1.jpg","type":"image\/jpeg"}],"twitter_card":"summary_large_image","schema":{"@context":"https:\/\/schema.org","@graph":[{"@type":"WebPage","@id":"https:\/\/perle-in.com\/produit\/sac-shopping-circulaire-recycle-grs-kai\/","url":"https:\/\/perle-in.com\/produit\/sac-shopping-circulaire-recycle-grs-kai\/","name":"Sac shopping circulaire recycl\u00e9 GRS Kai - PERLE IN","isPartOf":{"@id":"https:\/\/perle-in.com\/#website"},"primaryImageOfPage":{"@id":"https:\/\/perle-in.com\/produit\/sac-shopping-circulaire-recycle-grs-kai\/#primaryimage"},"image":{"@id":"https:\/\/perle-in.com\/produit\/sac-shopping-circulaire-recycle-grs-kai\/#primaryimage"},"thumbnailUrl":"https:\/\/perle-in.com\/wp-content\/uploads\/2025\/10\/12071355-1.jpg","datePublished":"2025-10-15T01:09:24+00:00","dateModified":"2025-10-19T03:47:50+00:00","breadcrumb":{"@id":"https:\/\/perle-in.com\/produit\/sac-shopping-circulaire-recycle-grs-kai\/#breadcrumb"},"inLanguage":"en-CA","potentialAction":[{"@type":"ReadAction","target":["https:\/\/perle-in.com\/produit\/sac-shopping-circulaire-recycle-grs-kai\/"]}]},{"@type":"ImageObject","inLanguage":"en-CA","@id":"https:\/\/perle-in.com\/produit\/sac-shopping-circulaire-recycle-grs-kai\/#primaryimage","url":"https:\/\/perle-in.com\/wp-content\/uploads\/2025\/10\/12071355-1.jpg","contentUrl":"https:\/\/perle-in.com\/wp-content\/uploads\/2025\/10\/12071355-1.jpg","width":1600,"height":1600},{"@type":"BreadcrumbList","@id":"https:\/\/perle-in.com\/produit\/sac-shopping-circulaire-recycle-grs-kai\/#breadcrumb","itemListElement":[{"@type":"ListItem","position":1,"name":"Accueil","item":"https:\/\/perle-in.com\/"},{"@type":"ListItem","position":2,"name":"Boutique","item":"https:\/\/perle-in.com\/boutique\/"},{"@type":"ListItem","position":3,"name":"Sac shopping circulaire recycl\u00e9 GRS Kai"}]},{"@type":"WebSite","@id":"https:\/\/perle-in.com\/#website","url":"https:\/\/perle-in.com\/","name":"PERLE IN","description":"","publisher":{"@id":"https:\/\/perle-in.com\/#organization"},"potentialAction":[{"@type":"SearchAction","target":{"@type":"EntryPoint","urlTemplate":"https:\/\/perle-in.com\/?s={search_term_string}"},"query-input":{"@type":"PropertyValueSpecification","valueRequired":true,"valueName":"search_term_string"}}],"inLanguage":"en-CA"},{"@type":"Organization","@id":"https:\/\/perle-in.com\/#organization","name":"PERLE IN","url":"https:\/\/perle-in.com\/","logo":{"@type":"ImageObject","inLanguage":"en-CA","@id":"https:\/\/perle-in.com\/#\/schema\/logo\/image\/","url":"https:\/\/perle-in.com\/wp-content\/uploads\/2022\/12\/LOGO-PERLE-IN-COULEUR@3x.webp","contentUrl":"https:\/\/perle-in.com\/wp-content\/uploads\/2022\/12\/LOGO-PERLE-IN-COULEUR@3x.webp","width":1600,"height":490,"caption":"PERLE IN"},"image":{"@id":"https:\/\/perle-in.com\/#\/schema\/logo\/image\/"}}]}},"jetpack_sharing_enabled":true,"_links":{"self":[{"href":"https:\/\/perle-in.com\/en\/wp-json\/wp\/v2\/product\/542346","targetHints":{"allow":["GET"]}}],"collection":[{"href":"https:\/\/perle-in.com\/en\/wp-json\/wp\/v2\/product"}],"about":[{"href":"https:\/\/perle-in.com\/en\/wp-json\/wp\/v2\/types\/product"}],"version-history":[{"count":0,"href":"https:\/\/perle-in.com\/en\/wp-json\/wp\/v2\/product\/542346\/revisions"}],"wp:featuredmedia":[{"embeddable":true,"href":"https:\/\/perle-in.com\/en\/wp-json\/wp\/v2\/media\/542310"}],"wp:attachment":[{"href":"https:\/\/perle-in.com\/en\/wp-json\/wp\/v2\/media?parent=542346"}],"wp:term":[{"taxonomy":"product_brand","embeddable":true,"href":"https:\/\/perle-in.com\/en\/wp-json\/wp\/v2\/product_brand?post=542346"},{"taxonomy":"product_cat","embeddable":true,"href":"https:\/\/perle-in.com\/en\/wp-json\/wp\/v2\/product_cat?post=542346"},{"taxonomy":"product_tag","embeddable":true,"href":"https:\/\/perle-in.com\/en\/wp-json\/wp\/v2\/product_tag?post=542346"}],"curies":[{"name":"wp","href":"https:\/\/api.w.org\/{rel}","templated":true}]}}