{"id":542194,"date":"2025-10-15T03:07:23","date_gmt":"2025-10-15T01:07:23","guid":{"rendered":"https:\/\/perle-in.com\/produit\/sac-shopping-odessa-recycle-grs-de-220-gr-m%c2%b2-capacite-13-litres\/"},"modified":"2025-10-19T05:47:37","modified_gmt":"2025-10-19T03:47:37","slug":"sac-shopping-odessa-recycle-grs-de-220-gr-m%c2%b2-capacite-13-litres","status":"publish","type":"product","link":"https:\/\/perle-in.com\/en\/product\/sac-shopping-odessa-recycle-grs-de-220-gr-m%c2%b2-capacite-13-litres\/","title":{"rendered":"Sac shopping Odessa recycl\u00e9 GRS de 220\u00a0gr\/m\u00b2 capacit\u00e9 13 litres"},"content":{"rendered":"","protected":false},"excerpt":{"rendered":"<p>Le sac shopping Odessa en coton 100\u00a0% recycl\u00e9 certifi\u00e9 GRS est con\u00e7u pour \u00eatre port\u00e9 confortablement gr\u00e2ce \u00e0 ses poign\u00e9es de 30\u00a0cm de long et \u00e0 son grand compartiment principal \u00e0 soufflet. Qu&#8217;il s&#8217;agisse de transporter des livres lourds ou des courses, ce sac est con\u00e7u pour r\u00e9pondre \u00e0 tous les besoins. Les m\u00e9thodes d&#8217;impression disponibles pour ce sac shopping sont \u00e9galement certifi\u00e9es GRS, ce qui garantit que l&#8217;ensemble de la cha\u00eene d&#8217;approvisionnement est transparente et certifi\u00e9e. Le m\u00e9lange coton recycl\u00e9\/polyester de 220\u00a0g\/m\u00b2 assure durabilit\u00e9 et fiabilit\u00e9, donnant au sac une r\u00e9sistance allant jusqu&#8217;\u00e0 10\u00a0kg. Fabriqu\u00e9 en Inde. Capacit\u00e9 : 13 litres<\/p>","protected":false},"featured_media":542147,"template":"","meta":{"_eb_attr":""},"product_brand":[],"product_cat":[159,959],"product_tag":[837,2654,836,282,962,904],"class_list":{"0":"post-542194","1":"product","2":"type-product","3":"status-publish","4":"has-post-thumbnail","6":"product_cat-sacs","7":"product_cat-sacs-de-shopping","8":"product_tag-durable","9":"product_tag-grs","10":"product_tag-recycle","11":"product_tag-sac","12":"product_tag-sac-de-courses","13":"product_tag-shopping","14":"pa_couleurs-blanc","15":"pa_couleurs-marine","16":"pa_couleurs-naturel","17":"pa_couleurs-noir","18":"pa_couleurs-rouge","19":"pa_green-points-2652","20":"pa_matiere-coton-recycle-220-g-m2","21":"pa_pays-d-origine-inde","23":"first","24":"instock","25":"shipping-taxable","26":"purchasable","27":"product-type-variable"},"yoast_head":"<!-- This site is optimized with the Yoast SEO plugin v27.4 - https:\/\/yoast.com\/product\/yoast-seo-wordpress\/ -->\n<title>Sac shopping Odessa recycl\u00e9 GRS de 220\u00a0gr\/m\u00b2 capacit\u00e9 13 litres - PERLE IN<\/title>\n<meta name=\"robots\" content=\"noindex, follow, max-snippet:-1, max-image-preview:large, max-video-preview:-1\" \/>\n<meta property=\"og:locale\" content=\"en_US\" \/>\n<meta property=\"og:type\" content=\"article\" \/>\n<meta property=\"og:title\" content=\"Sac shopping Odessa recycl\u00e9 GRS de 220\u00a0gr\/m\u00b2 capacit\u00e9 13 litres - PERLE IN\" \/>\n<meta property=\"og:description\" content=\"Le sac shopping Odessa en coton 100\u00a0% recycl\u00e9 certifi\u00e9 GRS est con\u00e7u pour \u00eatre port\u00e9 confortablement gr\u00e2ce \u00e0 ses poign\u00e9es de 30\u00a0cm de long et \u00e0 son grand compartiment principal \u00e0 soufflet. Qu&#039;il s&#039;agisse de transporter des livres lourds ou des courses, ce sac est con\u00e7u pour r\u00e9pondre \u00e0 tous les besoins. Les m\u00e9thodes d&#039;impression disponibles pour ce sac shopping sont \u00e9galement certifi\u00e9es GRS, ce qui garantit que l&#039;ensemble de la cha\u00eene d&#039;approvisionnement est transparente et certifi\u00e9e. Le m\u00e9lange coton recycl\u00e9\/polyester de 220\u00a0g\/m\u00b2 assure durabilit\u00e9 et fiabilit\u00e9, donnant au sac une r\u00e9sistance allant jusqu&#039;\u00e0 10\u00a0kg. Fabriqu\u00e9 en Inde. Capacit\u00e9 : 13 litres\" \/>\n<meta property=\"og:url\" content=\"https:\/\/perle-in.com\/en\/product\/sac-shopping-odessa-recycle-grs-de-220-gr-m\u00b2-capacite-13-litres\/\" \/>\n<meta property=\"og:site_name\" content=\"PERLE IN\" \/>\n<meta property=\"article:modified_time\" content=\"2025-10-19T03:47:37+00:00\" \/>\n<meta property=\"og:image\" content=\"https:\/\/perle-in.com\/wp-content\/uploads\/2025\/10\/12071001-1.jpg\" \/>\n\t<meta property=\"og:image:width\" content=\"1600\" \/>\n\t<meta property=\"og:image:height\" content=\"1600\" \/>\n\t<meta property=\"og:image:type\" content=\"image\/jpeg\" \/>\n<meta name=\"twitter:card\" content=\"summary_large_image\" \/>\n<script type=\"application\/ld+json\" class=\"yoast-schema-graph\">{\"@context\":\"https:\\\/\\\/schema.org\",\"@graph\":[{\"@type\":\"WebPage\",\"@id\":\"https:\\\/\\\/perle-in.com\\\/produit\\\/sac-shopping-odessa-recycle-grs-de-220-gr-m%c2%b2-capacite-13-litres\\\/\",\"url\":\"https:\\\/\\\/perle-in.com\\\/produit\\\/sac-shopping-odessa-recycle-grs-de-220-gr-m%c2%b2-capacite-13-litres\\\/\",\"name\":\"Sac shopping Odessa recycl\u00e9 GRS de 220\u00a0gr\\\/m\u00b2 capacit\u00e9 13 litres - PERLE IN\",\"isPartOf\":{\"@id\":\"https:\\\/\\\/perle-in.com\\\/#website\"},\"primaryImageOfPage\":{\"@id\":\"https:\\\/\\\/perle-in.com\\\/produit\\\/sac-shopping-odessa-recycle-grs-de-220-gr-m%c2%b2-capacite-13-litres\\\/#primaryimage\"},\"image\":{\"@id\":\"https:\\\/\\\/perle-in.com\\\/produit\\\/sac-shopping-odessa-recycle-grs-de-220-gr-m%c2%b2-capacite-13-litres\\\/#primaryimage\"},\"thumbnailUrl\":\"https:\\\/\\\/perle-in.com\\\/wp-content\\\/uploads\\\/2025\\\/10\\\/12071001-1.jpg\",\"datePublished\":\"2025-10-15T01:07:23+00:00\",\"dateModified\":\"2025-10-19T03:47:37+00:00\",\"breadcrumb\":{\"@id\":\"https:\\\/\\\/perle-in.com\\\/produit\\\/sac-shopping-odessa-recycle-grs-de-220-gr-m%c2%b2-capacite-13-litres\\\/#breadcrumb\"},\"inLanguage\":\"en-CA\",\"potentialAction\":[{\"@type\":\"ReadAction\",\"target\":[\"https:\\\/\\\/perle-in.com\\\/produit\\\/sac-shopping-odessa-recycle-grs-de-220-gr-m%c2%b2-capacite-13-litres\\\/\"]}]},{\"@type\":\"ImageObject\",\"inLanguage\":\"en-CA\",\"@id\":\"https:\\\/\\\/perle-in.com\\\/produit\\\/sac-shopping-odessa-recycle-grs-de-220-gr-m%c2%b2-capacite-13-litres\\\/#primaryimage\",\"url\":\"https:\\\/\\\/perle-in.com\\\/wp-content\\\/uploads\\\/2025\\\/10\\\/12071001-1.jpg\",\"contentUrl\":\"https:\\\/\\\/perle-in.com\\\/wp-content\\\/uploads\\\/2025\\\/10\\\/12071001-1.jpg\",\"width\":1600,\"height\":1600},{\"@type\":\"BreadcrumbList\",\"@id\":\"https:\\\/\\\/perle-in.com\\\/produit\\\/sac-shopping-odessa-recycle-grs-de-220-gr-m%c2%b2-capacite-13-litres\\\/#breadcrumb\",\"itemListElement\":[{\"@type\":\"ListItem\",\"position\":1,\"name\":\"Accueil\",\"item\":\"https:\\\/\\\/perle-in.com\\\/\"},{\"@type\":\"ListItem\",\"position\":2,\"name\":\"Boutique\",\"item\":\"https:\\\/\\\/perle-in.com\\\/boutique\\\/\"},{\"@type\":\"ListItem\",\"position\":3,\"name\":\"Sac shopping Odessa recycl\u00e9 GRS de 220\u00a0gr\\\/m\u00b2 capacit\u00e9 13 litres\"}]},{\"@type\":\"WebSite\",\"@id\":\"https:\\\/\\\/perle-in.com\\\/#website\",\"url\":\"https:\\\/\\\/perle-in.com\\\/\",\"name\":\"PERLE IN\",\"description\":\"\",\"publisher\":{\"@id\":\"https:\\\/\\\/perle-in.com\\\/#organization\"},\"potentialAction\":[{\"@type\":\"SearchAction\",\"target\":{\"@type\":\"EntryPoint\",\"urlTemplate\":\"https:\\\/\\\/perle-in.com\\\/?s={search_term_string}\"},\"query-input\":{\"@type\":\"PropertyValueSpecification\",\"valueRequired\":true,\"valueName\":\"search_term_string\"}}],\"inLanguage\":\"en-CA\"},{\"@type\":\"Organization\",\"@id\":\"https:\\\/\\\/perle-in.com\\\/#organization\",\"name\":\"PERLE IN\",\"url\":\"https:\\\/\\\/perle-in.com\\\/\",\"logo\":{\"@type\":\"ImageObject\",\"inLanguage\":\"en-CA\",\"@id\":\"https:\\\/\\\/perle-in.com\\\/#\\\/schema\\\/logo\\\/image\\\/\",\"url\":\"https:\\\/\\\/perle-in.com\\\/wp-content\\\/uploads\\\/2022\\\/12\\\/LOGO-PERLE-IN-COULEUR@3x.webp\",\"contentUrl\":\"https:\\\/\\\/perle-in.com\\\/wp-content\\\/uploads\\\/2022\\\/12\\\/LOGO-PERLE-IN-COULEUR@3x.webp\",\"width\":1600,\"height\":490,\"caption\":\"PERLE IN\"},\"image\":{\"@id\":\"https:\\\/\\\/perle-in.com\\\/#\\\/schema\\\/logo\\\/image\\\/\"}}]}<\/script>\n<!-- \/ Yoast SEO plugin. -->","yoast_head_json":{"title":"Sac shopping Odessa recycl\u00e9 GRS de 220\u00a0gr\/m\u00b2 capacit\u00e9 13 litres - PERLE IN","robots":{"index":"noindex","follow":"follow","max-snippet":"max-snippet:-1","max-image-preview":"max-image-preview:large","max-video-preview":"max-video-preview:-1"},"og_locale":"en_US","og_type":"article","og_title":"Sac shopping Odessa recycl\u00e9 GRS de 220\u00a0gr\/m\u00b2 capacit\u00e9 13 litres - PERLE IN","og_description":"Le sac shopping Odessa en coton 100\u00a0% recycl\u00e9 certifi\u00e9 GRS est con\u00e7u pour \u00eatre port\u00e9 confortablement gr\u00e2ce \u00e0 ses poign\u00e9es de 30\u00a0cm de long et \u00e0 son grand compartiment principal \u00e0 soufflet. Qu'il s'agisse de transporter des livres lourds ou des courses, ce sac est con\u00e7u pour r\u00e9pondre \u00e0 tous les besoins. Les m\u00e9thodes d'impression disponibles pour ce sac shopping sont \u00e9galement certifi\u00e9es GRS, ce qui garantit que l'ensemble de la cha\u00eene d'approvisionnement est transparente et certifi\u00e9e. Le m\u00e9lange coton recycl\u00e9\/polyester de 220\u00a0g\/m\u00b2 assure durabilit\u00e9 et fiabilit\u00e9, donnant au sac une r\u00e9sistance allant jusqu'\u00e0 10\u00a0kg. Fabriqu\u00e9 en Inde. Capacit\u00e9 : 13 litres","og_url":"https:\/\/perle-in.com\/en\/product\/sac-shopping-odessa-recycle-grs-de-220-gr-m\u00b2-capacite-13-litres\/","og_site_name":"PERLE IN","article_modified_time":"2025-10-19T03:47:37+00:00","og_image":[{"width":1600,"height":1600,"url":"https:\/\/perle-in.com\/wp-content\/uploads\/2025\/10\/12071001-1.jpg","type":"image\/jpeg"}],"twitter_card":"summary_large_image","schema":{"@context":"https:\/\/schema.org","@graph":[{"@type":"WebPage","@id":"https:\/\/perle-in.com\/produit\/sac-shopping-odessa-recycle-grs-de-220-gr-m%c2%b2-capacite-13-litres\/","url":"https:\/\/perle-in.com\/produit\/sac-shopping-odessa-recycle-grs-de-220-gr-m%c2%b2-capacite-13-litres\/","name":"Sac shopping Odessa recycl\u00e9 GRS de 220\u00a0gr\/m\u00b2 capacit\u00e9 13 litres - PERLE IN","isPartOf":{"@id":"https:\/\/perle-in.com\/#website"},"primaryImageOfPage":{"@id":"https:\/\/perle-in.com\/produit\/sac-shopping-odessa-recycle-grs-de-220-gr-m%c2%b2-capacite-13-litres\/#primaryimage"},"image":{"@id":"https:\/\/perle-in.com\/produit\/sac-shopping-odessa-recycle-grs-de-220-gr-m%c2%b2-capacite-13-litres\/#primaryimage"},"thumbnailUrl":"https:\/\/perle-in.com\/wp-content\/uploads\/2025\/10\/12071001-1.jpg","datePublished":"2025-10-15T01:07:23+00:00","dateModified":"2025-10-19T03:47:37+00:00","breadcrumb":{"@id":"https:\/\/perle-in.com\/produit\/sac-shopping-odessa-recycle-grs-de-220-gr-m%c2%b2-capacite-13-litres\/#breadcrumb"},"inLanguage":"en-CA","potentialAction":[{"@type":"ReadAction","target":["https:\/\/perle-in.com\/produit\/sac-shopping-odessa-recycle-grs-de-220-gr-m%c2%b2-capacite-13-litres\/"]}]},{"@type":"ImageObject","inLanguage":"en-CA","@id":"https:\/\/perle-in.com\/produit\/sac-shopping-odessa-recycle-grs-de-220-gr-m%c2%b2-capacite-13-litres\/#primaryimage","url":"https:\/\/perle-in.com\/wp-content\/uploads\/2025\/10\/12071001-1.jpg","contentUrl":"https:\/\/perle-in.com\/wp-content\/uploads\/2025\/10\/12071001-1.jpg","width":1600,"height":1600},{"@type":"BreadcrumbList","@id":"https:\/\/perle-in.com\/produit\/sac-shopping-odessa-recycle-grs-de-220-gr-m%c2%b2-capacite-13-litres\/#breadcrumb","itemListElement":[{"@type":"ListItem","position":1,"name":"Accueil","item":"https:\/\/perle-in.com\/"},{"@type":"ListItem","position":2,"name":"Boutique","item":"https:\/\/perle-in.com\/boutique\/"},{"@type":"ListItem","position":3,"name":"Sac shopping Odessa recycl\u00e9 GRS de 220\u00a0gr\/m\u00b2 capacit\u00e9 13 litres"}]},{"@type":"WebSite","@id":"https:\/\/perle-in.com\/#website","url":"https:\/\/perle-in.com\/","name":"PERLE IN","description":"","publisher":{"@id":"https:\/\/perle-in.com\/#organization"},"potentialAction":[{"@type":"SearchAction","target":{"@type":"EntryPoint","urlTemplate":"https:\/\/perle-in.com\/?s={search_term_string}"},"query-input":{"@type":"PropertyValueSpecification","valueRequired":true,"valueName":"search_term_string"}}],"inLanguage":"en-CA"},{"@type":"Organization","@id":"https:\/\/perle-in.com\/#organization","name":"PERLE IN","url":"https:\/\/perle-in.com\/","logo":{"@type":"ImageObject","inLanguage":"en-CA","@id":"https:\/\/perle-in.com\/#\/schema\/logo\/image\/","url":"https:\/\/perle-in.com\/wp-content\/uploads\/2022\/12\/LOGO-PERLE-IN-COULEUR@3x.webp","contentUrl":"https:\/\/perle-in.com\/wp-content\/uploads\/2022\/12\/LOGO-PERLE-IN-COULEUR@3x.webp","width":1600,"height":490,"caption":"PERLE IN"},"image":{"@id":"https:\/\/perle-in.com\/#\/schema\/logo\/image\/"}}]}},"jetpack_sharing_enabled":true,"_links":{"self":[{"href":"https:\/\/perle-in.com\/en\/wp-json\/wp\/v2\/product\/542194","targetHints":{"allow":["GET"]}}],"collection":[{"href":"https:\/\/perle-in.com\/en\/wp-json\/wp\/v2\/product"}],"about":[{"href":"https:\/\/perle-in.com\/en\/wp-json\/wp\/v2\/types\/product"}],"version-history":[{"count":0,"href":"https:\/\/perle-in.com\/en\/wp-json\/wp\/v2\/product\/542194\/revisions"}],"wp:featuredmedia":[{"embeddable":true,"href":"https:\/\/perle-in.com\/en\/wp-json\/wp\/v2\/media\/542147"}],"wp:attachment":[{"href":"https:\/\/perle-in.com\/en\/wp-json\/wp\/v2\/media?parent=542194"}],"wp:term":[{"taxonomy":"product_brand","embeddable":true,"href":"https:\/\/perle-in.com\/en\/wp-json\/wp\/v2\/product_brand?post=542194"},{"taxonomy":"product_cat","embeddable":true,"href":"https:\/\/perle-in.com\/en\/wp-json\/wp\/v2\/product_cat?post=542194"},{"taxonomy":"product_tag","embeddable":true,"href":"https:\/\/perle-in.com\/en\/wp-json\/wp\/v2\/product_tag?post=542194"}],"curies":[{"name":"wp","href":"https:\/\/api.w.org\/{rel}","templated":true}]}}