{"id":542112,"date":"2025-10-15T03:06:22","date_gmt":"2025-10-15T01:06:22","guid":{"rendered":"https:\/\/perle-in.com\/produit\/pochette-organiseur-turner-recyclee-grs\/"},"modified":"2025-10-19T05:47:36","modified_gmt":"2025-10-19T03:47:36","slug":"pochette-organiseur-turner-recyclee-grs","status":"publish","type":"product","link":"https:\/\/perle-in.com\/en\/product\/pochette-organiseur-turner-recyclee-grs\/","title":{"rendered":"Pochette organiseur Turner recycl\u00e9e GRS"},"content":{"rendered":"","protected":false},"excerpt":{"rendered":"<p>La pochette Turner est con\u00e7ue \u00e0 partir de mat\u00e9riaux durables. L&#8217;ext\u00e9rieur est compos\u00e9 de 51\u00a0% de plastique PU recycl\u00e9 GRS et la doublure est compos\u00e9e de 100\u00a0% de RPET recycl\u00e9 GRS. Cette pochette d&#8217;organisation fait exactement ce que son nom promet\u00a0: il y a un compartiment pour chaque besoin. Qu&#8217;il s&#8217;agisse de c\u00e2bles, d&#8217;\u00e9couteurs, de cartes, de cl\u00e9s, tout a sa place\u00a0! Avec une ouverture zipp\u00e9e des deux c\u00f4t\u00e9s de la pochette, il est facile d&#8217;acc\u00e9der \u00e0 tous les objets rang\u00e9s \u00e0 l&#8217;int\u00e9rieur. Cette pochette d&#8217;organisation est faite pour durer, et avec son design classique et ses mat\u00e9riaux robustes, elle deviendra un favori.<\/p>","protected":false},"featured_media":542101,"template":"","meta":{"_eb_attr":""},"product_brand":[],"product_cat":[1241,426,129],"product_tag":[2751,837,2654,2016,1675,432,836,282],"class_list":{"0":"post-542112","1":"product","2":"type-product","3":"status-publish","4":"has-post-thumbnail","6":"product_cat-accessoires-de-voyage-sport-et-loisirs","7":"product_cat-accessoires-de-voyage","8":"product_cat-sport-et-loisirs","9":"product_tag-accessoires","10":"product_tag-durable","11":"product_tag-grs","12":"product_tag-organisateur","13":"product_tag-pochette","14":"product_tag-rangement","15":"product_tag-recycle","16":"product_tag-sac","17":"pa_couleurs-noir","18":"pa_green-points-2652","19":"pa_matiere-pu-pu-recycle-grs","21":"first","22":"instock","23":"shipping-taxable","24":"purchasable","25":"product-type-variable"},"yoast_head":"<!-- This site is optimized with the Yoast SEO plugin v27.4 - https:\/\/yoast.com\/product\/yoast-seo-wordpress\/ -->\n<title>Pochette organiseur Turner recycl\u00e9e GRS - PERLE IN<\/title>\n<meta name=\"robots\" content=\"noindex, follow, max-snippet:-1, max-image-preview:large, max-video-preview:-1\" \/>\n<meta property=\"og:locale\" content=\"en_US\" \/>\n<meta property=\"og:type\" content=\"article\" \/>\n<meta property=\"og:title\" content=\"Pochette organiseur Turner recycl\u00e9e GRS - PERLE IN\" \/>\n<meta property=\"og:description\" content=\"La pochette Turner est con\u00e7ue \u00e0 partir de mat\u00e9riaux durables. L&#039;ext\u00e9rieur est compos\u00e9 de 51\u00a0% de plastique PU recycl\u00e9 GRS et la doublure est compos\u00e9e de 100\u00a0% de RPET recycl\u00e9 GRS. Cette pochette d&#039;organisation fait exactement ce que son nom promet\u00a0: il y a un compartiment pour chaque besoin. Qu&#039;il s&#039;agisse de c\u00e2bles, d&#039;\u00e9couteurs, de cartes, de cl\u00e9s, tout a sa place\u00a0! Avec une ouverture zipp\u00e9e des deux c\u00f4t\u00e9s de la pochette, il est facile d&#039;acc\u00e9der \u00e0 tous les objets rang\u00e9s \u00e0 l&#039;int\u00e9rieur. Cette pochette d&#039;organisation est faite pour durer, et avec son design classique et ses mat\u00e9riaux robustes, elle deviendra un favori.\" \/>\n<meta property=\"og:url\" content=\"https:\/\/perle-in.com\/en\/product\/pochette-organiseur-turner-recyclee-grs\/\" \/>\n<meta property=\"og:site_name\" content=\"PERLE IN\" \/>\n<meta property=\"article:modified_time\" content=\"2025-10-19T03:47:36+00:00\" \/>\n<meta property=\"og:image\" content=\"https:\/\/perle-in.com\/wp-content\/uploads\/2025\/10\/12070890-1.jpg\" \/>\n\t<meta property=\"og:image:width\" content=\"1600\" \/>\n\t<meta property=\"og:image:height\" content=\"1600\" \/>\n\t<meta property=\"og:image:type\" content=\"image\/jpeg\" \/>\n<meta name=\"twitter:card\" content=\"summary_large_image\" \/>\n<script type=\"application\/ld+json\" class=\"yoast-schema-graph\">{\"@context\":\"https:\\\/\\\/schema.org\",\"@graph\":[{\"@type\":\"WebPage\",\"@id\":\"https:\\\/\\\/perle-in.com\\\/produit\\\/pochette-organiseur-turner-recyclee-grs\\\/\",\"url\":\"https:\\\/\\\/perle-in.com\\\/produit\\\/pochette-organiseur-turner-recyclee-grs\\\/\",\"name\":\"Pochette organiseur Turner recycl\u00e9e GRS - PERLE IN\",\"isPartOf\":{\"@id\":\"https:\\\/\\\/perle-in.com\\\/#website\"},\"primaryImageOfPage\":{\"@id\":\"https:\\\/\\\/perle-in.com\\\/produit\\\/pochette-organiseur-turner-recyclee-grs\\\/#primaryimage\"},\"image\":{\"@id\":\"https:\\\/\\\/perle-in.com\\\/produit\\\/pochette-organiseur-turner-recyclee-grs\\\/#primaryimage\"},\"thumbnailUrl\":\"https:\\\/\\\/perle-in.com\\\/wp-content\\\/uploads\\\/2025\\\/10\\\/12070890-1.jpg\",\"datePublished\":\"2025-10-15T01:06:22+00:00\",\"dateModified\":\"2025-10-19T03:47:36+00:00\",\"breadcrumb\":{\"@id\":\"https:\\\/\\\/perle-in.com\\\/produit\\\/pochette-organiseur-turner-recyclee-grs\\\/#breadcrumb\"},\"inLanguage\":\"en-CA\",\"potentialAction\":[{\"@type\":\"ReadAction\",\"target\":[\"https:\\\/\\\/perle-in.com\\\/produit\\\/pochette-organiseur-turner-recyclee-grs\\\/\"]}]},{\"@type\":\"ImageObject\",\"inLanguage\":\"en-CA\",\"@id\":\"https:\\\/\\\/perle-in.com\\\/produit\\\/pochette-organiseur-turner-recyclee-grs\\\/#primaryimage\",\"url\":\"https:\\\/\\\/perle-in.com\\\/wp-content\\\/uploads\\\/2025\\\/10\\\/12070890-1.jpg\",\"contentUrl\":\"https:\\\/\\\/perle-in.com\\\/wp-content\\\/uploads\\\/2025\\\/10\\\/12070890-1.jpg\",\"width\":1600,\"height\":1600},{\"@type\":\"BreadcrumbList\",\"@id\":\"https:\\\/\\\/perle-in.com\\\/produit\\\/pochette-organiseur-turner-recyclee-grs\\\/#breadcrumb\",\"itemListElement\":[{\"@type\":\"ListItem\",\"position\":1,\"name\":\"Accueil\",\"item\":\"https:\\\/\\\/perle-in.com\\\/\"},{\"@type\":\"ListItem\",\"position\":2,\"name\":\"Boutique\",\"item\":\"https:\\\/\\\/perle-in.com\\\/boutique\\\/\"},{\"@type\":\"ListItem\",\"position\":3,\"name\":\"Pochette organiseur Turner recycl\u00e9e GRS\"}]},{\"@type\":\"WebSite\",\"@id\":\"https:\\\/\\\/perle-in.com\\\/#website\",\"url\":\"https:\\\/\\\/perle-in.com\\\/\",\"name\":\"PERLE IN\",\"description\":\"\",\"publisher\":{\"@id\":\"https:\\\/\\\/perle-in.com\\\/#organization\"},\"potentialAction\":[{\"@type\":\"SearchAction\",\"target\":{\"@type\":\"EntryPoint\",\"urlTemplate\":\"https:\\\/\\\/perle-in.com\\\/?s={search_term_string}\"},\"query-input\":{\"@type\":\"PropertyValueSpecification\",\"valueRequired\":true,\"valueName\":\"search_term_string\"}}],\"inLanguage\":\"en-CA\"},{\"@type\":\"Organization\",\"@id\":\"https:\\\/\\\/perle-in.com\\\/#organization\",\"name\":\"PERLE IN\",\"url\":\"https:\\\/\\\/perle-in.com\\\/\",\"logo\":{\"@type\":\"ImageObject\",\"inLanguage\":\"en-CA\",\"@id\":\"https:\\\/\\\/perle-in.com\\\/#\\\/schema\\\/logo\\\/image\\\/\",\"url\":\"https:\\\/\\\/perle-in.com\\\/wp-content\\\/uploads\\\/2022\\\/12\\\/LOGO-PERLE-IN-COULEUR@3x.webp\",\"contentUrl\":\"https:\\\/\\\/perle-in.com\\\/wp-content\\\/uploads\\\/2022\\\/12\\\/LOGO-PERLE-IN-COULEUR@3x.webp\",\"width\":1600,\"height\":490,\"caption\":\"PERLE IN\"},\"image\":{\"@id\":\"https:\\\/\\\/perle-in.com\\\/#\\\/schema\\\/logo\\\/image\\\/\"}}]}<\/script>\n<!-- \/ Yoast SEO plugin. -->","yoast_head_json":{"title":"Pochette organiseur Turner recycl\u00e9e GRS - PERLE IN","robots":{"index":"noindex","follow":"follow","max-snippet":"max-snippet:-1","max-image-preview":"max-image-preview:large","max-video-preview":"max-video-preview:-1"},"og_locale":"en_US","og_type":"article","og_title":"Pochette organiseur Turner recycl\u00e9e GRS - PERLE IN","og_description":"La pochette Turner est con\u00e7ue \u00e0 partir de mat\u00e9riaux durables. L'ext\u00e9rieur est compos\u00e9 de 51\u00a0% de plastique PU recycl\u00e9 GRS et la doublure est compos\u00e9e de 100\u00a0% de RPET recycl\u00e9 GRS. Cette pochette d'organisation fait exactement ce que son nom promet\u00a0: il y a un compartiment pour chaque besoin. Qu'il s'agisse de c\u00e2bles, d'\u00e9couteurs, de cartes, de cl\u00e9s, tout a sa place\u00a0! Avec une ouverture zipp\u00e9e des deux c\u00f4t\u00e9s de la pochette, il est facile d'acc\u00e9der \u00e0 tous les objets rang\u00e9s \u00e0 l'int\u00e9rieur. Cette pochette d'organisation est faite pour durer, et avec son design classique et ses mat\u00e9riaux robustes, elle deviendra un favori.","og_url":"https:\/\/perle-in.com\/en\/product\/pochette-organiseur-turner-recyclee-grs\/","og_site_name":"PERLE IN","article_modified_time":"2025-10-19T03:47:36+00:00","og_image":[{"width":1600,"height":1600,"url":"https:\/\/perle-in.com\/wp-content\/uploads\/2025\/10\/12070890-1.jpg","type":"image\/jpeg"}],"twitter_card":"summary_large_image","schema":{"@context":"https:\/\/schema.org","@graph":[{"@type":"WebPage","@id":"https:\/\/perle-in.com\/produit\/pochette-organiseur-turner-recyclee-grs\/","url":"https:\/\/perle-in.com\/produit\/pochette-organiseur-turner-recyclee-grs\/","name":"Pochette organiseur Turner recycl\u00e9e GRS - PERLE IN","isPartOf":{"@id":"https:\/\/perle-in.com\/#website"},"primaryImageOfPage":{"@id":"https:\/\/perle-in.com\/produit\/pochette-organiseur-turner-recyclee-grs\/#primaryimage"},"image":{"@id":"https:\/\/perle-in.com\/produit\/pochette-organiseur-turner-recyclee-grs\/#primaryimage"},"thumbnailUrl":"https:\/\/perle-in.com\/wp-content\/uploads\/2025\/10\/12070890-1.jpg","datePublished":"2025-10-15T01:06:22+00:00","dateModified":"2025-10-19T03:47:36+00:00","breadcrumb":{"@id":"https:\/\/perle-in.com\/produit\/pochette-organiseur-turner-recyclee-grs\/#breadcrumb"},"inLanguage":"en-CA","potentialAction":[{"@type":"ReadAction","target":["https:\/\/perle-in.com\/produit\/pochette-organiseur-turner-recyclee-grs\/"]}]},{"@type":"ImageObject","inLanguage":"en-CA","@id":"https:\/\/perle-in.com\/produit\/pochette-organiseur-turner-recyclee-grs\/#primaryimage","url":"https:\/\/perle-in.com\/wp-content\/uploads\/2025\/10\/12070890-1.jpg","contentUrl":"https:\/\/perle-in.com\/wp-content\/uploads\/2025\/10\/12070890-1.jpg","width":1600,"height":1600},{"@type":"BreadcrumbList","@id":"https:\/\/perle-in.com\/produit\/pochette-organiseur-turner-recyclee-grs\/#breadcrumb","itemListElement":[{"@type":"ListItem","position":1,"name":"Accueil","item":"https:\/\/perle-in.com\/"},{"@type":"ListItem","position":2,"name":"Boutique","item":"https:\/\/perle-in.com\/boutique\/"},{"@type":"ListItem","position":3,"name":"Pochette organiseur Turner recycl\u00e9e GRS"}]},{"@type":"WebSite","@id":"https:\/\/perle-in.com\/#website","url":"https:\/\/perle-in.com\/","name":"PERLE IN","description":"","publisher":{"@id":"https:\/\/perle-in.com\/#organization"},"potentialAction":[{"@type":"SearchAction","target":{"@type":"EntryPoint","urlTemplate":"https:\/\/perle-in.com\/?s={search_term_string}"},"query-input":{"@type":"PropertyValueSpecification","valueRequired":true,"valueName":"search_term_string"}}],"inLanguage":"en-CA"},{"@type":"Organization","@id":"https:\/\/perle-in.com\/#organization","name":"PERLE IN","url":"https:\/\/perle-in.com\/","logo":{"@type":"ImageObject","inLanguage":"en-CA","@id":"https:\/\/perle-in.com\/#\/schema\/logo\/image\/","url":"https:\/\/perle-in.com\/wp-content\/uploads\/2022\/12\/LOGO-PERLE-IN-COULEUR@3x.webp","contentUrl":"https:\/\/perle-in.com\/wp-content\/uploads\/2022\/12\/LOGO-PERLE-IN-COULEUR@3x.webp","width":1600,"height":490,"caption":"PERLE IN"},"image":{"@id":"https:\/\/perle-in.com\/#\/schema\/logo\/image\/"}}]}},"jetpack_sharing_enabled":true,"_links":{"self":[{"href":"https:\/\/perle-in.com\/en\/wp-json\/wp\/v2\/product\/542112","targetHints":{"allow":["GET"]}}],"collection":[{"href":"https:\/\/perle-in.com\/en\/wp-json\/wp\/v2\/product"}],"about":[{"href":"https:\/\/perle-in.com\/en\/wp-json\/wp\/v2\/types\/product"}],"version-history":[{"count":0,"href":"https:\/\/perle-in.com\/en\/wp-json\/wp\/v2\/product\/542112\/revisions"}],"wp:featuredmedia":[{"embeddable":true,"href":"https:\/\/perle-in.com\/en\/wp-json\/wp\/v2\/media\/542101"}],"wp:attachment":[{"href":"https:\/\/perle-in.com\/en\/wp-json\/wp\/v2\/media?parent=542112"}],"wp:term":[{"taxonomy":"product_brand","embeddable":true,"href":"https:\/\/perle-in.com\/en\/wp-json\/wp\/v2\/product_brand?post=542112"},{"taxonomy":"product_cat","embeddable":true,"href":"https:\/\/perle-in.com\/en\/wp-json\/wp\/v2\/product_cat?post=542112"},{"taxonomy":"product_tag","embeddable":true,"href":"https:\/\/perle-in.com\/en\/wp-json\/wp\/v2\/product_tag?post=542112"}],"curies":[{"name":"wp","href":"https:\/\/api.w.org\/{rel}","templated":true}]}}