{"id":542059,"date":"2025-10-15T03:05:10","date_gmt":"2025-10-15T01:05:10","guid":{"rendered":"https:\/\/perle-in.com\/produit\/sac-banane-turner-recycle-grs\/"},"modified":"2025-10-19T05:47:36","modified_gmt":"2025-10-19T03:47:36","slug":"sac-banane-turner-recycle-grs","status":"publish","type":"product","link":"https:\/\/perle-in.com\/en\/product\/sac-banane-turner-recycle-grs\/","title":{"rendered":"Sac banane Turner recycl\u00e9 GRS"},"content":{"rendered":"","protected":false},"excerpt":{"rendered":"<p>Le sac banane Turner est con\u00e7u \u00e0 partir de mat\u00e9riaux durables. L&#8217;ext\u00e9rieur est compos\u00e9 de 51\u00a0% de plastique PU recycl\u00e9 GRS et la doublure est compos\u00e9e de 100\u00a0% de RPET recycl\u00e9 GRS. Le sac banane comporte un grand compartiment zipp\u00e9 et, \u00e0 l&#8217;int\u00e9rieur, une petite poche zipp\u00e9e pour garder les objets bien rang\u00e9s. La sangle est r\u00e9glable et se d\u00e9tache rapidement \u00e0 l&#8217;aide du fermoir. Ce sac banane est fait pour durer et, gr\u00e2ce \u00e0 son design classique et \u00e0 ses mat\u00e9riaux robustes, il deviendra un favori.<\/p>","protected":false},"featured_media":542052,"template":"","meta":{"_eb_attr":""},"product_brand":[],"product_cat":[1241,426,129],"product_tag":[3153,3385,1798,291],"class_list":{"0":"post-542059","1":"product","2":"type-product","3":"status-publish","4":"has-post-thumbnail","6":"product_cat-accessoires-de-voyage-sport-et-loisirs","7":"product_cat-accessoires-de-voyage","8":"product_cat-sport-et-loisirs","9":"product_tag-sac-banane","10":"product_tag-sac-de-taille","11":"product_tag-sacoche","12":"product_tag-voyage","13":"pa_couleurs-noir","14":"pa_green-points-2652","15":"pa_matiere-pu-pu-recycle-grs","17":"first","18":"instock","19":"shipping-taxable","20":"purchasable","21":"product-type-variable"},"yoast_head":"<!-- This site is optimized with the Yoast SEO plugin v27.4 - https:\/\/yoast.com\/product\/yoast-seo-wordpress\/ -->\n<title>Sac banane Turner recycl\u00e9 GRS - PERLE IN<\/title>\n<meta name=\"robots\" content=\"noindex, follow, max-snippet:-1, max-image-preview:large, max-video-preview:-1\" \/>\n<meta property=\"og:locale\" content=\"en_US\" \/>\n<meta property=\"og:type\" content=\"article\" \/>\n<meta property=\"og:title\" content=\"Sac banane Turner recycl\u00e9 GRS - PERLE IN\" \/>\n<meta property=\"og:description\" content=\"Le sac banane Turner est con\u00e7u \u00e0 partir de mat\u00e9riaux durables. L&#039;ext\u00e9rieur est compos\u00e9 de 51\u00a0% de plastique PU recycl\u00e9 GRS et la doublure est compos\u00e9e de 100\u00a0% de RPET recycl\u00e9 GRS. Le sac banane comporte un grand compartiment zipp\u00e9 et, \u00e0 l&#039;int\u00e9rieur, une petite poche zipp\u00e9e pour garder les objets bien rang\u00e9s. La sangle est r\u00e9glable et se d\u00e9tache rapidement \u00e0 l&#039;aide du fermoir. Ce sac banane est fait pour durer et, gr\u00e2ce \u00e0 son design classique et \u00e0 ses mat\u00e9riaux robustes, il deviendra un favori.\" \/>\n<meta property=\"og:url\" content=\"https:\/\/perle-in.com\/en\/product\/sac-banane-turner-recycle-grs\/\" \/>\n<meta property=\"og:site_name\" content=\"PERLE IN\" \/>\n<meta property=\"article:modified_time\" content=\"2025-10-19T03:47:36+00:00\" \/>\n<meta property=\"og:image\" content=\"https:\/\/perle-in.com\/wp-content\/uploads\/2025\/10\/12070790-1.jpg\" \/>\n\t<meta property=\"og:image:width\" content=\"1600\" \/>\n\t<meta property=\"og:image:height\" content=\"1600\" \/>\n\t<meta property=\"og:image:type\" content=\"image\/jpeg\" \/>\n<meta name=\"twitter:card\" content=\"summary_large_image\" \/>\n<script type=\"application\/ld+json\" class=\"yoast-schema-graph\">{\"@context\":\"https:\\\/\\\/schema.org\",\"@graph\":[{\"@type\":\"WebPage\",\"@id\":\"https:\\\/\\\/perle-in.com\\\/produit\\\/sac-banane-turner-recycle-grs\\\/\",\"url\":\"https:\\\/\\\/perle-in.com\\\/produit\\\/sac-banane-turner-recycle-grs\\\/\",\"name\":\"Sac banane Turner recycl\u00e9 GRS - PERLE IN\",\"isPartOf\":{\"@id\":\"https:\\\/\\\/perle-in.com\\\/#website\"},\"primaryImageOfPage\":{\"@id\":\"https:\\\/\\\/perle-in.com\\\/produit\\\/sac-banane-turner-recycle-grs\\\/#primaryimage\"},\"image\":{\"@id\":\"https:\\\/\\\/perle-in.com\\\/produit\\\/sac-banane-turner-recycle-grs\\\/#primaryimage\"},\"thumbnailUrl\":\"https:\\\/\\\/perle-in.com\\\/wp-content\\\/uploads\\\/2025\\\/10\\\/12070790-1.jpg\",\"datePublished\":\"2025-10-15T01:05:10+00:00\",\"dateModified\":\"2025-10-19T03:47:36+00:00\",\"breadcrumb\":{\"@id\":\"https:\\\/\\\/perle-in.com\\\/produit\\\/sac-banane-turner-recycle-grs\\\/#breadcrumb\"},\"inLanguage\":\"en-CA\",\"potentialAction\":[{\"@type\":\"ReadAction\",\"target\":[\"https:\\\/\\\/perle-in.com\\\/produit\\\/sac-banane-turner-recycle-grs\\\/\"]}]},{\"@type\":\"ImageObject\",\"inLanguage\":\"en-CA\",\"@id\":\"https:\\\/\\\/perle-in.com\\\/produit\\\/sac-banane-turner-recycle-grs\\\/#primaryimage\",\"url\":\"https:\\\/\\\/perle-in.com\\\/wp-content\\\/uploads\\\/2025\\\/10\\\/12070790-1.jpg\",\"contentUrl\":\"https:\\\/\\\/perle-in.com\\\/wp-content\\\/uploads\\\/2025\\\/10\\\/12070790-1.jpg\",\"width\":1600,\"height\":1600},{\"@type\":\"BreadcrumbList\",\"@id\":\"https:\\\/\\\/perle-in.com\\\/produit\\\/sac-banane-turner-recycle-grs\\\/#breadcrumb\",\"itemListElement\":[{\"@type\":\"ListItem\",\"position\":1,\"name\":\"Accueil\",\"item\":\"https:\\\/\\\/perle-in.com\\\/\"},{\"@type\":\"ListItem\",\"position\":2,\"name\":\"Boutique\",\"item\":\"https:\\\/\\\/perle-in.com\\\/boutique\\\/\"},{\"@type\":\"ListItem\",\"position\":3,\"name\":\"Sac banane Turner recycl\u00e9 GRS\"}]},{\"@type\":\"WebSite\",\"@id\":\"https:\\\/\\\/perle-in.com\\\/#website\",\"url\":\"https:\\\/\\\/perle-in.com\\\/\",\"name\":\"PERLE IN\",\"description\":\"\",\"publisher\":{\"@id\":\"https:\\\/\\\/perle-in.com\\\/#organization\"},\"potentialAction\":[{\"@type\":\"SearchAction\",\"target\":{\"@type\":\"EntryPoint\",\"urlTemplate\":\"https:\\\/\\\/perle-in.com\\\/?s={search_term_string}\"},\"query-input\":{\"@type\":\"PropertyValueSpecification\",\"valueRequired\":true,\"valueName\":\"search_term_string\"}}],\"inLanguage\":\"en-CA\"},{\"@type\":\"Organization\",\"@id\":\"https:\\\/\\\/perle-in.com\\\/#organization\",\"name\":\"PERLE IN\",\"url\":\"https:\\\/\\\/perle-in.com\\\/\",\"logo\":{\"@type\":\"ImageObject\",\"inLanguage\":\"en-CA\",\"@id\":\"https:\\\/\\\/perle-in.com\\\/#\\\/schema\\\/logo\\\/image\\\/\",\"url\":\"https:\\\/\\\/perle-in.com\\\/wp-content\\\/uploads\\\/2022\\\/12\\\/LOGO-PERLE-IN-COULEUR@3x.webp\",\"contentUrl\":\"https:\\\/\\\/perle-in.com\\\/wp-content\\\/uploads\\\/2022\\\/12\\\/LOGO-PERLE-IN-COULEUR@3x.webp\",\"width\":1600,\"height\":490,\"caption\":\"PERLE IN\"},\"image\":{\"@id\":\"https:\\\/\\\/perle-in.com\\\/#\\\/schema\\\/logo\\\/image\\\/\"}}]}<\/script>\n<!-- \/ Yoast SEO plugin. -->","yoast_head_json":{"title":"Sac banane Turner recycl\u00e9 GRS - PERLE IN","robots":{"index":"noindex","follow":"follow","max-snippet":"max-snippet:-1","max-image-preview":"max-image-preview:large","max-video-preview":"max-video-preview:-1"},"og_locale":"en_US","og_type":"article","og_title":"Sac banane Turner recycl\u00e9 GRS - PERLE IN","og_description":"Le sac banane Turner est con\u00e7u \u00e0 partir de mat\u00e9riaux durables. L'ext\u00e9rieur est compos\u00e9 de 51\u00a0% de plastique PU recycl\u00e9 GRS et la doublure est compos\u00e9e de 100\u00a0% de RPET recycl\u00e9 GRS. Le sac banane comporte un grand compartiment zipp\u00e9 et, \u00e0 l'int\u00e9rieur, une petite poche zipp\u00e9e pour garder les objets bien rang\u00e9s. La sangle est r\u00e9glable et se d\u00e9tache rapidement \u00e0 l'aide du fermoir. Ce sac banane est fait pour durer et, gr\u00e2ce \u00e0 son design classique et \u00e0 ses mat\u00e9riaux robustes, il deviendra un favori.","og_url":"https:\/\/perle-in.com\/en\/product\/sac-banane-turner-recycle-grs\/","og_site_name":"PERLE IN","article_modified_time":"2025-10-19T03:47:36+00:00","og_image":[{"width":1600,"height":1600,"url":"https:\/\/perle-in.com\/wp-content\/uploads\/2025\/10\/12070790-1.jpg","type":"image\/jpeg"}],"twitter_card":"summary_large_image","schema":{"@context":"https:\/\/schema.org","@graph":[{"@type":"WebPage","@id":"https:\/\/perle-in.com\/produit\/sac-banane-turner-recycle-grs\/","url":"https:\/\/perle-in.com\/produit\/sac-banane-turner-recycle-grs\/","name":"Sac banane Turner recycl\u00e9 GRS - PERLE IN","isPartOf":{"@id":"https:\/\/perle-in.com\/#website"},"primaryImageOfPage":{"@id":"https:\/\/perle-in.com\/produit\/sac-banane-turner-recycle-grs\/#primaryimage"},"image":{"@id":"https:\/\/perle-in.com\/produit\/sac-banane-turner-recycle-grs\/#primaryimage"},"thumbnailUrl":"https:\/\/perle-in.com\/wp-content\/uploads\/2025\/10\/12070790-1.jpg","datePublished":"2025-10-15T01:05:10+00:00","dateModified":"2025-10-19T03:47:36+00:00","breadcrumb":{"@id":"https:\/\/perle-in.com\/produit\/sac-banane-turner-recycle-grs\/#breadcrumb"},"inLanguage":"en-CA","potentialAction":[{"@type":"ReadAction","target":["https:\/\/perle-in.com\/produit\/sac-banane-turner-recycle-grs\/"]}]},{"@type":"ImageObject","inLanguage":"en-CA","@id":"https:\/\/perle-in.com\/produit\/sac-banane-turner-recycle-grs\/#primaryimage","url":"https:\/\/perle-in.com\/wp-content\/uploads\/2025\/10\/12070790-1.jpg","contentUrl":"https:\/\/perle-in.com\/wp-content\/uploads\/2025\/10\/12070790-1.jpg","width":1600,"height":1600},{"@type":"BreadcrumbList","@id":"https:\/\/perle-in.com\/produit\/sac-banane-turner-recycle-grs\/#breadcrumb","itemListElement":[{"@type":"ListItem","position":1,"name":"Accueil","item":"https:\/\/perle-in.com\/"},{"@type":"ListItem","position":2,"name":"Boutique","item":"https:\/\/perle-in.com\/boutique\/"},{"@type":"ListItem","position":3,"name":"Sac banane Turner recycl\u00e9 GRS"}]},{"@type":"WebSite","@id":"https:\/\/perle-in.com\/#website","url":"https:\/\/perle-in.com\/","name":"PERLE IN","description":"","publisher":{"@id":"https:\/\/perle-in.com\/#organization"},"potentialAction":[{"@type":"SearchAction","target":{"@type":"EntryPoint","urlTemplate":"https:\/\/perle-in.com\/?s={search_term_string}"},"query-input":{"@type":"PropertyValueSpecification","valueRequired":true,"valueName":"search_term_string"}}],"inLanguage":"en-CA"},{"@type":"Organization","@id":"https:\/\/perle-in.com\/#organization","name":"PERLE IN","url":"https:\/\/perle-in.com\/","logo":{"@type":"ImageObject","inLanguage":"en-CA","@id":"https:\/\/perle-in.com\/#\/schema\/logo\/image\/","url":"https:\/\/perle-in.com\/wp-content\/uploads\/2022\/12\/LOGO-PERLE-IN-COULEUR@3x.webp","contentUrl":"https:\/\/perle-in.com\/wp-content\/uploads\/2022\/12\/LOGO-PERLE-IN-COULEUR@3x.webp","width":1600,"height":490,"caption":"PERLE IN"},"image":{"@id":"https:\/\/perle-in.com\/#\/schema\/logo\/image\/"}}]}},"jetpack_sharing_enabled":true,"_links":{"self":[{"href":"https:\/\/perle-in.com\/en\/wp-json\/wp\/v2\/product\/542059","targetHints":{"allow":["GET"]}}],"collection":[{"href":"https:\/\/perle-in.com\/en\/wp-json\/wp\/v2\/product"}],"about":[{"href":"https:\/\/perle-in.com\/en\/wp-json\/wp\/v2\/types\/product"}],"version-history":[{"count":0,"href":"https:\/\/perle-in.com\/en\/wp-json\/wp\/v2\/product\/542059\/revisions"}],"wp:featuredmedia":[{"embeddable":true,"href":"https:\/\/perle-in.com\/en\/wp-json\/wp\/v2\/media\/542052"}],"wp:attachment":[{"href":"https:\/\/perle-in.com\/en\/wp-json\/wp\/v2\/media?parent=542059"}],"wp:term":[{"taxonomy":"product_brand","embeddable":true,"href":"https:\/\/perle-in.com\/en\/wp-json\/wp\/v2\/product_brand?post=542059"},{"taxonomy":"product_cat","embeddable":true,"href":"https:\/\/perle-in.com\/en\/wp-json\/wp\/v2\/product_cat?post=542059"},{"taxonomy":"product_tag","embeddable":true,"href":"https:\/\/perle-in.com\/en\/wp-json\/wp\/v2\/product_tag?post=542059"}],"curies":[{"name":"wp","href":"https:\/\/api.w.org\/{rel}","templated":true}]}}