{"id":541928,"date":"2025-10-15T03:02:37","date_gmt":"2025-10-15T01:02:37","guid":{"rendered":"https:\/\/perle-in.com\/produit\/casquette-recyclee-onyx-aware-5-panneaux\/"},"modified":"2025-10-19T05:47:36","modified_gmt":"2025-10-19T03:47:36","slug":"casquette-recyclee-onyx-aware-5-panneaux","status":"publish","type":"product","link":"https:\/\/perle-in.com\/en\/product\/casquette-recyclee-onyx-aware-5-panneaux\/","title":{"rendered":"Casquette recycl\u00e9e Onyx Aware\u2122 5\u00a0panneaux"},"content":{"rendered":"","protected":false},"excerpt":{"rendered":"<p>La casquette Onyx 5 panneaux est fabriqu\u00e9e \u00e0 partir de 70\u00a0% de coton recycl\u00e9 et de 30\u00a0% de polyester recycl\u00e9. Elle est con\u00e7ue pour s&#8217;adapter confortablement \u00e0 un tour de t\u00eate de 58 cm, et la fermeture \u00e0 boucle m\u00e9tallique permet des ajustements faciles et s\u00fbrs. La casquette incorpore la technologie Cyclo\u00ae qui utilise des d\u00e9chets pr\u00e9-tri\u00e9s qui d\u00e9terminent la couleur du fil. Ces fibres ne se contentent pas de r\u00e9duire la demande en ressources vierges, elles t\u00e9moignent \u00e9galement d&#8217;un engagement en faveur d&#8217;une vie circulaire, incarnant l&#8217;essence m\u00eame de la r\u00e9duction des d\u00e9chets et de la promotion d&#8217;un syst\u00e8me en boucle ferm\u00e9e. Chaque casquette est \u00e9galement accompagn\u00e9e d&#8217;un traceur Aware\u2122. Cette fonction innovante permet aux utilisateurs de retracer l&#8217;origine et le parcours de leur article au moyen d&#8217;un code QR, ce qui accro\u00eet la transparence de la cha\u00eene d&#8217;approvisionnement et favorise un lien plus \u00e9troit entre le produit et son processus de production.<\/p>","protected":false},"featured_media":541887,"template":"","meta":{"_eb_attr":""},"product_brand":[],"product_cat":[1259,1024],"product_tag":[1699,1700,3389,837,836],"class_list":{"0":"post-541928","1":"product","2":"type-product","3":"status-publish","4":"has-post-thumbnail","6":"product_cat-casquettes-et-chapeaux","7":"product_cat-vetements","8":"product_tag-casquette","9":"product_tag-casquettes","10":"product_tag-cyclo","11":"product_tag-durable","12":"product_tag-recycle","13":"pa_couleurs-blanc","14":"pa_couleurs-flocons-davoine","15":"pa_couleurs-marine","16":"pa_couleurs-noir","17":"pa_couleurs-vert","18":"pa_genre-unisex","19":"pa_green-points-2139","20":"pa_marque-elevate-nxt","21":"pa_matiere-coton-twill-lourd-brosse-70-coton-recycle-et-30-polyester-recycle-240-g-m2","22":"pa_pays-d-origine-bengladesh","24":"first","25":"instock","26":"shipping-taxable","27":"purchasable","28":"product-type-variable"},"yoast_head":"<!-- This site is optimized with the Yoast SEO plugin v27.4 - https:\/\/yoast.com\/product\/yoast-seo-wordpress\/ -->\n<title>Casquette recycl\u00e9e Onyx Aware\u2122 5\u00a0panneaux - PERLE IN<\/title>\n<meta name=\"robots\" content=\"noindex, follow, max-snippet:-1, max-image-preview:large, max-video-preview:-1\" \/>\n<meta property=\"og:locale\" content=\"en_US\" \/>\n<meta property=\"og:type\" content=\"article\" \/>\n<meta property=\"og:title\" content=\"Casquette recycl\u00e9e Onyx Aware\u2122 5\u00a0panneaux - PERLE IN\" \/>\n<meta property=\"og:description\" content=\"La casquette Onyx 5 panneaux est fabriqu\u00e9e \u00e0 partir de 70\u00a0% de coton recycl\u00e9 et de 30\u00a0% de polyester recycl\u00e9. Elle est con\u00e7ue pour s&#039;adapter confortablement \u00e0 un tour de t\u00eate de 58 cm, et la fermeture \u00e0 boucle m\u00e9tallique permet des ajustements faciles et s\u00fbrs. La casquette incorpore la technologie Cyclo\u00ae qui utilise des d\u00e9chets pr\u00e9-tri\u00e9s qui d\u00e9terminent la couleur du fil. Ces fibres ne se contentent pas de r\u00e9duire la demande en ressources vierges, elles t\u00e9moignent \u00e9galement d&#039;un engagement en faveur d&#039;une vie circulaire, incarnant l&#039;essence m\u00eame de la r\u00e9duction des d\u00e9chets et de la promotion d&#039;un syst\u00e8me en boucle ferm\u00e9e. Chaque casquette est \u00e9galement accompagn\u00e9e d&#039;un traceur Aware\u2122. Cette fonction innovante permet aux utilisateurs de retracer l&#039;origine et le parcours de leur article au moyen d&#039;un code QR, ce qui accro\u00eet la transparence de la cha\u00eene d&#039;approvisionnement et favorise un lien plus \u00e9troit entre le produit et son processus de production.\" \/>\n<meta property=\"og:url\" content=\"https:\/\/perle-in.com\/en\/product\/casquette-recyclee-onyx-aware-5-panneaux\/\" \/>\n<meta property=\"og:site_name\" content=\"PERLE IN\" \/>\n<meta property=\"article:modified_time\" content=\"2025-10-19T03:47:36+00:00\" \/>\n<meta property=\"og:image\" content=\"https:\/\/perle-in.com\/wp-content\/uploads\/2025\/10\/3754101-1.jpg\" \/>\n\t<meta property=\"og:image:width\" content=\"1600\" \/>\n\t<meta property=\"og:image:height\" content=\"1600\" \/>\n\t<meta property=\"og:image:type\" content=\"image\/jpeg\" \/>\n<meta name=\"twitter:card\" content=\"summary_large_image\" \/>\n<script type=\"application\/ld+json\" class=\"yoast-schema-graph\">{\"@context\":\"https:\\\/\\\/schema.org\",\"@graph\":[{\"@type\":\"WebPage\",\"@id\":\"https:\\\/\\\/perle-in.com\\\/produit\\\/casquette-recyclee-onyx-aware-5-panneaux\\\/\",\"url\":\"https:\\\/\\\/perle-in.com\\\/produit\\\/casquette-recyclee-onyx-aware-5-panneaux\\\/\",\"name\":\"Casquette recycl\u00e9e Onyx Aware\u2122 5\u00a0panneaux - PERLE IN\",\"isPartOf\":{\"@id\":\"https:\\\/\\\/perle-in.com\\\/#website\"},\"primaryImageOfPage\":{\"@id\":\"https:\\\/\\\/perle-in.com\\\/produit\\\/casquette-recyclee-onyx-aware-5-panneaux\\\/#primaryimage\"},\"image\":{\"@id\":\"https:\\\/\\\/perle-in.com\\\/produit\\\/casquette-recyclee-onyx-aware-5-panneaux\\\/#primaryimage\"},\"thumbnailUrl\":\"https:\\\/\\\/perle-in.com\\\/wp-content\\\/uploads\\\/2025\\\/10\\\/3754101-1.jpg\",\"datePublished\":\"2025-10-15T01:02:37+00:00\",\"dateModified\":\"2025-10-19T03:47:36+00:00\",\"breadcrumb\":{\"@id\":\"https:\\\/\\\/perle-in.com\\\/produit\\\/casquette-recyclee-onyx-aware-5-panneaux\\\/#breadcrumb\"},\"inLanguage\":\"en-CA\",\"potentialAction\":[{\"@type\":\"ReadAction\",\"target\":[\"https:\\\/\\\/perle-in.com\\\/produit\\\/casquette-recyclee-onyx-aware-5-panneaux\\\/\"]}]},{\"@type\":\"ImageObject\",\"inLanguage\":\"en-CA\",\"@id\":\"https:\\\/\\\/perle-in.com\\\/produit\\\/casquette-recyclee-onyx-aware-5-panneaux\\\/#primaryimage\",\"url\":\"https:\\\/\\\/perle-in.com\\\/wp-content\\\/uploads\\\/2025\\\/10\\\/3754101-1.jpg\",\"contentUrl\":\"https:\\\/\\\/perle-in.com\\\/wp-content\\\/uploads\\\/2025\\\/10\\\/3754101-1.jpg\",\"width\":1600,\"height\":1600},{\"@type\":\"BreadcrumbList\",\"@id\":\"https:\\\/\\\/perle-in.com\\\/produit\\\/casquette-recyclee-onyx-aware-5-panneaux\\\/#breadcrumb\",\"itemListElement\":[{\"@type\":\"ListItem\",\"position\":1,\"name\":\"Accueil\",\"item\":\"https:\\\/\\\/perle-in.com\\\/\"},{\"@type\":\"ListItem\",\"position\":2,\"name\":\"Boutique\",\"item\":\"https:\\\/\\\/perle-in.com\\\/boutique\\\/\"},{\"@type\":\"ListItem\",\"position\":3,\"name\":\"Casquette recycl\u00e9e Onyx Aware\u2122 5\u00a0panneaux\"}]},{\"@type\":\"WebSite\",\"@id\":\"https:\\\/\\\/perle-in.com\\\/#website\",\"url\":\"https:\\\/\\\/perle-in.com\\\/\",\"name\":\"PERLE IN\",\"description\":\"\",\"publisher\":{\"@id\":\"https:\\\/\\\/perle-in.com\\\/#organization\"},\"potentialAction\":[{\"@type\":\"SearchAction\",\"target\":{\"@type\":\"EntryPoint\",\"urlTemplate\":\"https:\\\/\\\/perle-in.com\\\/?s={search_term_string}\"},\"query-input\":{\"@type\":\"PropertyValueSpecification\",\"valueRequired\":true,\"valueName\":\"search_term_string\"}}],\"inLanguage\":\"en-CA\"},{\"@type\":\"Organization\",\"@id\":\"https:\\\/\\\/perle-in.com\\\/#organization\",\"name\":\"PERLE IN\",\"url\":\"https:\\\/\\\/perle-in.com\\\/\",\"logo\":{\"@type\":\"ImageObject\",\"inLanguage\":\"en-CA\",\"@id\":\"https:\\\/\\\/perle-in.com\\\/#\\\/schema\\\/logo\\\/image\\\/\",\"url\":\"https:\\\/\\\/perle-in.com\\\/wp-content\\\/uploads\\\/2022\\\/12\\\/LOGO-PERLE-IN-COULEUR@3x.webp\",\"contentUrl\":\"https:\\\/\\\/perle-in.com\\\/wp-content\\\/uploads\\\/2022\\\/12\\\/LOGO-PERLE-IN-COULEUR@3x.webp\",\"width\":1600,\"height\":490,\"caption\":\"PERLE IN\"},\"image\":{\"@id\":\"https:\\\/\\\/perle-in.com\\\/#\\\/schema\\\/logo\\\/image\\\/\"}}]}<\/script>\n<!-- \/ Yoast SEO plugin. -->","yoast_head_json":{"title":"Casquette recycl\u00e9e Onyx Aware\u2122 5\u00a0panneaux - PERLE IN","robots":{"index":"noindex","follow":"follow","max-snippet":"max-snippet:-1","max-image-preview":"max-image-preview:large","max-video-preview":"max-video-preview:-1"},"og_locale":"en_US","og_type":"article","og_title":"Casquette recycl\u00e9e Onyx Aware\u2122 5\u00a0panneaux - PERLE IN","og_description":"La casquette Onyx 5 panneaux est fabriqu\u00e9e \u00e0 partir de 70\u00a0% de coton recycl\u00e9 et de 30\u00a0% de polyester recycl\u00e9. Elle est con\u00e7ue pour s'adapter confortablement \u00e0 un tour de t\u00eate de 58 cm, et la fermeture \u00e0 boucle m\u00e9tallique permet des ajustements faciles et s\u00fbrs. La casquette incorpore la technologie Cyclo\u00ae qui utilise des d\u00e9chets pr\u00e9-tri\u00e9s qui d\u00e9terminent la couleur du fil. Ces fibres ne se contentent pas de r\u00e9duire la demande en ressources vierges, elles t\u00e9moignent \u00e9galement d'un engagement en faveur d'une vie circulaire, incarnant l'essence m\u00eame de la r\u00e9duction des d\u00e9chets et de la promotion d'un syst\u00e8me en boucle ferm\u00e9e. Chaque casquette est \u00e9galement accompagn\u00e9e d'un traceur Aware\u2122. Cette fonction innovante permet aux utilisateurs de retracer l'origine et le parcours de leur article au moyen d'un code QR, ce qui accro\u00eet la transparence de la cha\u00eene d'approvisionnement et favorise un lien plus \u00e9troit entre le produit et son processus de production.","og_url":"https:\/\/perle-in.com\/en\/product\/casquette-recyclee-onyx-aware-5-panneaux\/","og_site_name":"PERLE IN","article_modified_time":"2025-10-19T03:47:36+00:00","og_image":[{"width":1600,"height":1600,"url":"https:\/\/perle-in.com\/wp-content\/uploads\/2025\/10\/3754101-1.jpg","type":"image\/jpeg"}],"twitter_card":"summary_large_image","schema":{"@context":"https:\/\/schema.org","@graph":[{"@type":"WebPage","@id":"https:\/\/perle-in.com\/produit\/casquette-recyclee-onyx-aware-5-panneaux\/","url":"https:\/\/perle-in.com\/produit\/casquette-recyclee-onyx-aware-5-panneaux\/","name":"Casquette recycl\u00e9e Onyx Aware\u2122 5\u00a0panneaux - PERLE IN","isPartOf":{"@id":"https:\/\/perle-in.com\/#website"},"primaryImageOfPage":{"@id":"https:\/\/perle-in.com\/produit\/casquette-recyclee-onyx-aware-5-panneaux\/#primaryimage"},"image":{"@id":"https:\/\/perle-in.com\/produit\/casquette-recyclee-onyx-aware-5-panneaux\/#primaryimage"},"thumbnailUrl":"https:\/\/perle-in.com\/wp-content\/uploads\/2025\/10\/3754101-1.jpg","datePublished":"2025-10-15T01:02:37+00:00","dateModified":"2025-10-19T03:47:36+00:00","breadcrumb":{"@id":"https:\/\/perle-in.com\/produit\/casquette-recyclee-onyx-aware-5-panneaux\/#breadcrumb"},"inLanguage":"en-CA","potentialAction":[{"@type":"ReadAction","target":["https:\/\/perle-in.com\/produit\/casquette-recyclee-onyx-aware-5-panneaux\/"]}]},{"@type":"ImageObject","inLanguage":"en-CA","@id":"https:\/\/perle-in.com\/produit\/casquette-recyclee-onyx-aware-5-panneaux\/#primaryimage","url":"https:\/\/perle-in.com\/wp-content\/uploads\/2025\/10\/3754101-1.jpg","contentUrl":"https:\/\/perle-in.com\/wp-content\/uploads\/2025\/10\/3754101-1.jpg","width":1600,"height":1600},{"@type":"BreadcrumbList","@id":"https:\/\/perle-in.com\/produit\/casquette-recyclee-onyx-aware-5-panneaux\/#breadcrumb","itemListElement":[{"@type":"ListItem","position":1,"name":"Accueil","item":"https:\/\/perle-in.com\/"},{"@type":"ListItem","position":2,"name":"Boutique","item":"https:\/\/perle-in.com\/boutique\/"},{"@type":"ListItem","position":3,"name":"Casquette recycl\u00e9e Onyx Aware\u2122 5\u00a0panneaux"}]},{"@type":"WebSite","@id":"https:\/\/perle-in.com\/#website","url":"https:\/\/perle-in.com\/","name":"PERLE IN","description":"","publisher":{"@id":"https:\/\/perle-in.com\/#organization"},"potentialAction":[{"@type":"SearchAction","target":{"@type":"EntryPoint","urlTemplate":"https:\/\/perle-in.com\/?s={search_term_string}"},"query-input":{"@type":"PropertyValueSpecification","valueRequired":true,"valueName":"search_term_string"}}],"inLanguage":"en-CA"},{"@type":"Organization","@id":"https:\/\/perle-in.com\/#organization","name":"PERLE IN","url":"https:\/\/perle-in.com\/","logo":{"@type":"ImageObject","inLanguage":"en-CA","@id":"https:\/\/perle-in.com\/#\/schema\/logo\/image\/","url":"https:\/\/perle-in.com\/wp-content\/uploads\/2022\/12\/LOGO-PERLE-IN-COULEUR@3x.webp","contentUrl":"https:\/\/perle-in.com\/wp-content\/uploads\/2022\/12\/LOGO-PERLE-IN-COULEUR@3x.webp","width":1600,"height":490,"caption":"PERLE IN"},"image":{"@id":"https:\/\/perle-in.com\/#\/schema\/logo\/image\/"}}]}},"jetpack_sharing_enabled":true,"_links":{"self":[{"href":"https:\/\/perle-in.com\/en\/wp-json\/wp\/v2\/product\/541928","targetHints":{"allow":["GET"]}}],"collection":[{"href":"https:\/\/perle-in.com\/en\/wp-json\/wp\/v2\/product"}],"about":[{"href":"https:\/\/perle-in.com\/en\/wp-json\/wp\/v2\/types\/product"}],"version-history":[{"count":0,"href":"https:\/\/perle-in.com\/en\/wp-json\/wp\/v2\/product\/541928\/revisions"}],"wp:featuredmedia":[{"embeddable":true,"href":"https:\/\/perle-in.com\/en\/wp-json\/wp\/v2\/media\/541887"}],"wp:attachment":[{"href":"https:\/\/perle-in.com\/en\/wp-json\/wp\/v2\/media?parent=541928"}],"wp:term":[{"taxonomy":"product_brand","embeddable":true,"href":"https:\/\/perle-in.com\/en\/wp-json\/wp\/v2\/product_brand?post=541928"},{"taxonomy":"product_cat","embeddable":true,"href":"https:\/\/perle-in.com\/en\/wp-json\/wp\/v2\/product_cat?post=541928"},{"taxonomy":"product_tag","embeddable":true,"href":"https:\/\/perle-in.com\/en\/wp-json\/wp\/v2\/product_tag?post=541928"}],"curies":[{"name":"wp","href":"https:\/\/api.w.org\/{rel}","templated":true}]}}