{"id":541197,"date":"2025-10-15T02:49:50","date_gmt":"2025-10-15T00:49:50","guid":{"rendered":"https:\/\/perle-in.com\/produit\/sac-shopping-panama-de-20-l-avec-fermeture-eclair-recycle-certifie-grs\/"},"modified":"2025-10-19T05:47:34","modified_gmt":"2025-10-19T03:47:34","slug":"sac-shopping-panama-de-20-l-avec-fermeture-eclair-recycle-certifie-grs","status":"publish","type":"product","link":"https:\/\/perle-in.com\/en\/product\/sac-shopping-panama-de-20-l-avec-fermeture-eclair-recycle-certifie-grs\/","title":{"rendered":"Sac shopping Panama de 20\u00a0L avec fermeture \u00e9clair recycl\u00e9 certifi\u00e9 GRS"},"content":{"rendered":"","protected":false},"excerpt":{"rendered":"<p>Fabriqu\u00e9 en RPET 600D d\u00e9perlant, le sac shopping Panama \u00e0 fermeture \u00e9clair recycl\u00e9 certifi\u00e9 GRS est un sac polyvalent parfait et durable pour aller \u00e0 un \u00e9v\u00e9nement, \u00e0 la plage ou pour faire ses courses. Il est dot\u00e9 d&#8217;un compartiment principal \u00e0 fermeture \u00e9clair et d&#8217;une poche int\u00e9rieure \u00e0 fermeture \u00e9clair suffisamment grande pour contenir votre t\u00e9l\u00e9phone et d&#8217;autres objets de valeur. Les poign\u00e9es mesurent 34\u00a0cm de long, ce qui permet de porter le sac shopping \u00e0 l&#8217;\u00e9paule. Capacit\u00e9 de charge maximale de 10 kg. Sans PVC.<\/p>","protected":false},"featured_media":541183,"template":"","meta":{"_eb_attr":""},"product_brand":[],"product_cat":[159,959],"product_tag":[837,2654,836,282,962,904],"class_list":{"0":"post-541197","1":"product","2":"type-product","3":"status-publish","4":"has-post-thumbnail","6":"product_cat-sacs","7":"product_cat-sacs-de-shopping","8":"product_tag-durable","9":"product_tag-grs","10":"product_tag-recycle","11":"product_tag-sac","12":"product_tag-sac-de-courses","13":"product_tag-shopping","14":"pa_couleurs-blanc","15":"pa_couleurs-bleu-royal","16":"pa_couleurs-gris","17":"pa_couleurs-marine","18":"pa_couleurs-noir","19":"pa_couleurs-olive","20":"pa_green-points-2652","21":"pa_matiere-600d-polyester-recycle-certifie-grs","23":"first","24":"instock","25":"shipping-taxable","26":"purchasable","27":"product-type-variable"},"yoast_head":"<!-- This site is optimized with the Yoast SEO plugin v27.4 - https:\/\/yoast.com\/product\/yoast-seo-wordpress\/ -->\n<title>Sac shopping Panama de 20\u00a0L avec fermeture \u00e9clair recycl\u00e9 certifi\u00e9 GRS - PERLE IN<\/title>\n<meta name=\"robots\" content=\"noindex, follow, max-snippet:-1, max-image-preview:large, max-video-preview:-1\" \/>\n<meta property=\"og:locale\" content=\"en_US\" \/>\n<meta property=\"og:type\" content=\"article\" \/>\n<meta property=\"og:title\" content=\"Sac shopping Panama de 20\u00a0L avec fermeture \u00e9clair recycl\u00e9 certifi\u00e9 GRS - PERLE IN\" \/>\n<meta property=\"og:description\" content=\"Fabriqu\u00e9 en RPET 600D d\u00e9perlant, le sac shopping Panama \u00e0 fermeture \u00e9clair recycl\u00e9 certifi\u00e9 GRS est un sac polyvalent parfait et durable pour aller \u00e0 un \u00e9v\u00e9nement, \u00e0 la plage ou pour faire ses courses. Il est dot\u00e9 d&#039;un compartiment principal \u00e0 fermeture \u00e9clair et d&#039;une poche int\u00e9rieure \u00e0 fermeture \u00e9clair suffisamment grande pour contenir votre t\u00e9l\u00e9phone et d&#039;autres objets de valeur. Les poign\u00e9es mesurent 34\u00a0cm de long, ce qui permet de porter le sac shopping \u00e0 l&#039;\u00e9paule. Capacit\u00e9 de charge maximale de 10 kg. Sans PVC.\" \/>\n<meta property=\"og:url\" content=\"https:\/\/perle-in.com\/en\/product\/sac-shopping-panama-de-20-l-avec-fermeture-eclair-recycle-certifie-grs\/\" \/>\n<meta property=\"og:site_name\" content=\"PERLE IN\" \/>\n<meta property=\"article:modified_time\" content=\"2025-10-19T03:47:34+00:00\" \/>\n<meta property=\"og:image\" content=\"https:\/\/perle-in.com\/wp-content\/uploads\/2025\/10\/13005201-1.jpg\" \/>\n\t<meta property=\"og:image:width\" content=\"1600\" \/>\n\t<meta property=\"og:image:height\" content=\"1600\" \/>\n\t<meta property=\"og:image:type\" content=\"image\/jpeg\" \/>\n<meta name=\"twitter:card\" content=\"summary_large_image\" \/>\n<script type=\"application\/ld+json\" class=\"yoast-schema-graph\">{\"@context\":\"https:\\\/\\\/schema.org\",\"@graph\":[{\"@type\":\"WebPage\",\"@id\":\"https:\\\/\\\/perle-in.com\\\/produit\\\/sac-shopping-panama-de-20-l-avec-fermeture-eclair-recycle-certifie-grs\\\/\",\"url\":\"https:\\\/\\\/perle-in.com\\\/produit\\\/sac-shopping-panama-de-20-l-avec-fermeture-eclair-recycle-certifie-grs\\\/\",\"name\":\"Sac shopping Panama de 20\u00a0L avec fermeture \u00e9clair recycl\u00e9 certifi\u00e9 GRS - PERLE IN\",\"isPartOf\":{\"@id\":\"https:\\\/\\\/perle-in.com\\\/#website\"},\"primaryImageOfPage\":{\"@id\":\"https:\\\/\\\/perle-in.com\\\/produit\\\/sac-shopping-panama-de-20-l-avec-fermeture-eclair-recycle-certifie-grs\\\/#primaryimage\"},\"image\":{\"@id\":\"https:\\\/\\\/perle-in.com\\\/produit\\\/sac-shopping-panama-de-20-l-avec-fermeture-eclair-recycle-certifie-grs\\\/#primaryimage\"},\"thumbnailUrl\":\"https:\\\/\\\/perle-in.com\\\/wp-content\\\/uploads\\\/2025\\\/10\\\/13005201-1.jpg\",\"datePublished\":\"2025-10-15T00:49:50+00:00\",\"dateModified\":\"2025-10-19T03:47:34+00:00\",\"breadcrumb\":{\"@id\":\"https:\\\/\\\/perle-in.com\\\/produit\\\/sac-shopping-panama-de-20-l-avec-fermeture-eclair-recycle-certifie-grs\\\/#breadcrumb\"},\"inLanguage\":\"en-CA\",\"potentialAction\":[{\"@type\":\"ReadAction\",\"target\":[\"https:\\\/\\\/perle-in.com\\\/produit\\\/sac-shopping-panama-de-20-l-avec-fermeture-eclair-recycle-certifie-grs\\\/\"]}]},{\"@type\":\"ImageObject\",\"inLanguage\":\"en-CA\",\"@id\":\"https:\\\/\\\/perle-in.com\\\/produit\\\/sac-shopping-panama-de-20-l-avec-fermeture-eclair-recycle-certifie-grs\\\/#primaryimage\",\"url\":\"https:\\\/\\\/perle-in.com\\\/wp-content\\\/uploads\\\/2025\\\/10\\\/13005201-1.jpg\",\"contentUrl\":\"https:\\\/\\\/perle-in.com\\\/wp-content\\\/uploads\\\/2025\\\/10\\\/13005201-1.jpg\",\"width\":1600,\"height\":1600},{\"@type\":\"BreadcrumbList\",\"@id\":\"https:\\\/\\\/perle-in.com\\\/produit\\\/sac-shopping-panama-de-20-l-avec-fermeture-eclair-recycle-certifie-grs\\\/#breadcrumb\",\"itemListElement\":[{\"@type\":\"ListItem\",\"position\":1,\"name\":\"Accueil\",\"item\":\"https:\\\/\\\/perle-in.com\\\/\"},{\"@type\":\"ListItem\",\"position\":2,\"name\":\"Boutique\",\"item\":\"https:\\\/\\\/perle-in.com\\\/boutique\\\/\"},{\"@type\":\"ListItem\",\"position\":3,\"name\":\"Sac shopping Panama de 20\u00a0L avec fermeture \u00e9clair recycl\u00e9 certifi\u00e9 GRS\"}]},{\"@type\":\"WebSite\",\"@id\":\"https:\\\/\\\/perle-in.com\\\/#website\",\"url\":\"https:\\\/\\\/perle-in.com\\\/\",\"name\":\"PERLE IN\",\"description\":\"\",\"publisher\":{\"@id\":\"https:\\\/\\\/perle-in.com\\\/#organization\"},\"potentialAction\":[{\"@type\":\"SearchAction\",\"target\":{\"@type\":\"EntryPoint\",\"urlTemplate\":\"https:\\\/\\\/perle-in.com\\\/?s={search_term_string}\"},\"query-input\":{\"@type\":\"PropertyValueSpecification\",\"valueRequired\":true,\"valueName\":\"search_term_string\"}}],\"inLanguage\":\"en-CA\"},{\"@type\":\"Organization\",\"@id\":\"https:\\\/\\\/perle-in.com\\\/#organization\",\"name\":\"PERLE IN\",\"url\":\"https:\\\/\\\/perle-in.com\\\/\",\"logo\":{\"@type\":\"ImageObject\",\"inLanguage\":\"en-CA\",\"@id\":\"https:\\\/\\\/perle-in.com\\\/#\\\/schema\\\/logo\\\/image\\\/\",\"url\":\"https:\\\/\\\/perle-in.com\\\/wp-content\\\/uploads\\\/2022\\\/12\\\/LOGO-PERLE-IN-COULEUR@3x.webp\",\"contentUrl\":\"https:\\\/\\\/perle-in.com\\\/wp-content\\\/uploads\\\/2022\\\/12\\\/LOGO-PERLE-IN-COULEUR@3x.webp\",\"width\":1600,\"height\":490,\"caption\":\"PERLE IN\"},\"image\":{\"@id\":\"https:\\\/\\\/perle-in.com\\\/#\\\/schema\\\/logo\\\/image\\\/\"}}]}<\/script>\n<!-- \/ Yoast SEO plugin. -->","yoast_head_json":{"title":"Sac shopping Panama de 20\u00a0L avec fermeture \u00e9clair recycl\u00e9 certifi\u00e9 GRS - PERLE IN","robots":{"index":"noindex","follow":"follow","max-snippet":"max-snippet:-1","max-image-preview":"max-image-preview:large","max-video-preview":"max-video-preview:-1"},"og_locale":"en_US","og_type":"article","og_title":"Sac shopping Panama de 20\u00a0L avec fermeture \u00e9clair recycl\u00e9 certifi\u00e9 GRS - PERLE IN","og_description":"Fabriqu\u00e9 en RPET 600D d\u00e9perlant, le sac shopping Panama \u00e0 fermeture \u00e9clair recycl\u00e9 certifi\u00e9 GRS est un sac polyvalent parfait et durable pour aller \u00e0 un \u00e9v\u00e9nement, \u00e0 la plage ou pour faire ses courses. Il est dot\u00e9 d'un compartiment principal \u00e0 fermeture \u00e9clair et d'une poche int\u00e9rieure \u00e0 fermeture \u00e9clair suffisamment grande pour contenir votre t\u00e9l\u00e9phone et d'autres objets de valeur. Les poign\u00e9es mesurent 34\u00a0cm de long, ce qui permet de porter le sac shopping \u00e0 l'\u00e9paule. Capacit\u00e9 de charge maximale de 10 kg. Sans PVC.","og_url":"https:\/\/perle-in.com\/en\/product\/sac-shopping-panama-de-20-l-avec-fermeture-eclair-recycle-certifie-grs\/","og_site_name":"PERLE IN","article_modified_time":"2025-10-19T03:47:34+00:00","og_image":[{"width":1600,"height":1600,"url":"https:\/\/perle-in.com\/wp-content\/uploads\/2025\/10\/13005201-1.jpg","type":"image\/jpeg"}],"twitter_card":"summary_large_image","schema":{"@context":"https:\/\/schema.org","@graph":[{"@type":"WebPage","@id":"https:\/\/perle-in.com\/produit\/sac-shopping-panama-de-20-l-avec-fermeture-eclair-recycle-certifie-grs\/","url":"https:\/\/perle-in.com\/produit\/sac-shopping-panama-de-20-l-avec-fermeture-eclair-recycle-certifie-grs\/","name":"Sac shopping Panama de 20\u00a0L avec fermeture \u00e9clair recycl\u00e9 certifi\u00e9 GRS - PERLE IN","isPartOf":{"@id":"https:\/\/perle-in.com\/#website"},"primaryImageOfPage":{"@id":"https:\/\/perle-in.com\/produit\/sac-shopping-panama-de-20-l-avec-fermeture-eclair-recycle-certifie-grs\/#primaryimage"},"image":{"@id":"https:\/\/perle-in.com\/produit\/sac-shopping-panama-de-20-l-avec-fermeture-eclair-recycle-certifie-grs\/#primaryimage"},"thumbnailUrl":"https:\/\/perle-in.com\/wp-content\/uploads\/2025\/10\/13005201-1.jpg","datePublished":"2025-10-15T00:49:50+00:00","dateModified":"2025-10-19T03:47:34+00:00","breadcrumb":{"@id":"https:\/\/perle-in.com\/produit\/sac-shopping-panama-de-20-l-avec-fermeture-eclair-recycle-certifie-grs\/#breadcrumb"},"inLanguage":"en-CA","potentialAction":[{"@type":"ReadAction","target":["https:\/\/perle-in.com\/produit\/sac-shopping-panama-de-20-l-avec-fermeture-eclair-recycle-certifie-grs\/"]}]},{"@type":"ImageObject","inLanguage":"en-CA","@id":"https:\/\/perle-in.com\/produit\/sac-shopping-panama-de-20-l-avec-fermeture-eclair-recycle-certifie-grs\/#primaryimage","url":"https:\/\/perle-in.com\/wp-content\/uploads\/2025\/10\/13005201-1.jpg","contentUrl":"https:\/\/perle-in.com\/wp-content\/uploads\/2025\/10\/13005201-1.jpg","width":1600,"height":1600},{"@type":"BreadcrumbList","@id":"https:\/\/perle-in.com\/produit\/sac-shopping-panama-de-20-l-avec-fermeture-eclair-recycle-certifie-grs\/#breadcrumb","itemListElement":[{"@type":"ListItem","position":1,"name":"Accueil","item":"https:\/\/perle-in.com\/"},{"@type":"ListItem","position":2,"name":"Boutique","item":"https:\/\/perle-in.com\/boutique\/"},{"@type":"ListItem","position":3,"name":"Sac shopping Panama de 20\u00a0L avec fermeture \u00e9clair recycl\u00e9 certifi\u00e9 GRS"}]},{"@type":"WebSite","@id":"https:\/\/perle-in.com\/#website","url":"https:\/\/perle-in.com\/","name":"PERLE IN","description":"","publisher":{"@id":"https:\/\/perle-in.com\/#organization"},"potentialAction":[{"@type":"SearchAction","target":{"@type":"EntryPoint","urlTemplate":"https:\/\/perle-in.com\/?s={search_term_string}"},"query-input":{"@type":"PropertyValueSpecification","valueRequired":true,"valueName":"search_term_string"}}],"inLanguage":"en-CA"},{"@type":"Organization","@id":"https:\/\/perle-in.com\/#organization","name":"PERLE IN","url":"https:\/\/perle-in.com\/","logo":{"@type":"ImageObject","inLanguage":"en-CA","@id":"https:\/\/perle-in.com\/#\/schema\/logo\/image\/","url":"https:\/\/perle-in.com\/wp-content\/uploads\/2022\/12\/LOGO-PERLE-IN-COULEUR@3x.webp","contentUrl":"https:\/\/perle-in.com\/wp-content\/uploads\/2022\/12\/LOGO-PERLE-IN-COULEUR@3x.webp","width":1600,"height":490,"caption":"PERLE IN"},"image":{"@id":"https:\/\/perle-in.com\/#\/schema\/logo\/image\/"}}]}},"jetpack_sharing_enabled":true,"_links":{"self":[{"href":"https:\/\/perle-in.com\/en\/wp-json\/wp\/v2\/product\/541197","targetHints":{"allow":["GET"]}}],"collection":[{"href":"https:\/\/perle-in.com\/en\/wp-json\/wp\/v2\/product"}],"about":[{"href":"https:\/\/perle-in.com\/en\/wp-json\/wp\/v2\/types\/product"}],"version-history":[{"count":0,"href":"https:\/\/perle-in.com\/en\/wp-json\/wp\/v2\/product\/541197\/revisions"}],"wp:featuredmedia":[{"embeddable":true,"href":"https:\/\/perle-in.com\/en\/wp-json\/wp\/v2\/media\/541183"}],"wp:attachment":[{"href":"https:\/\/perle-in.com\/en\/wp-json\/wp\/v2\/media?parent=541197"}],"wp:term":[{"taxonomy":"product_brand","embeddable":true,"href":"https:\/\/perle-in.com\/en\/wp-json\/wp\/v2\/product_brand?post=541197"},{"taxonomy":"product_cat","embeddable":true,"href":"https:\/\/perle-in.com\/en\/wp-json\/wp\/v2\/product_cat?post=541197"},{"taxonomy":"product_tag","embeddable":true,"href":"https:\/\/perle-in.com\/en\/wp-json\/wp\/v2\/product_tag?post=541197"}],"curies":[{"name":"wp","href":"https:\/\/api.w.org\/{rel}","templated":true}]}}