{"id":541102,"date":"2025-10-15T02:46:43","date_gmt":"2025-10-15T00:46:43","guid":{"rendered":"https:\/\/perle-in.com\/produit\/sacoche-de-velo-aqua-de-20-l-avec-dessus-enroulable-15-recyclee-certifiee-grs-resistante-a-leau\/"},"modified":"2025-10-19T05:47:33","modified_gmt":"2025-10-19T03:47:33","slug":"sacoche-de-velo-aqua-de-20-l-avec-dessus-enroulable-15-recyclee-certifiee-grs-resistante-a-leau","status":"publish","type":"product","link":"https:\/\/perle-in.com\/en\/product\/sacoche-de-velo-aqua-de-20-l-avec-dessus-enroulable-15-recyclee-certifiee-grs-resistante-a-leau\/","title":{"rendered":"Sacoche de v\u00e9lo Aqua de 20\u00a0L avec dessus enroulable 15&#8243; recycl\u00e9e certifi\u00e9e GRS r\u00e9sistante \u00e0 l&#8217;eau"},"content":{"rendered":"","protected":false},"excerpt":{"rendered":"<p>Sacoche de v\u00e9lo \u00e0 roulettes r\u00e9sistante \u00e0 l&#8217;eau, fabriqu\u00e9e \u00e0 partir de mat\u00e9riaux recycl\u00e9s certifi\u00e9s GRS. Elle comporte un compartiment matelass\u00e9 pour ordinateur portable de 15\u00a0pouces, de multiples poches de rangement, une fermeture r\u00e9glable par crochets et boucles pour faciliter l&#8217;installation sur divers v\u00e9los, et des bandes r\u00e9fl\u00e9chissantes pour une meilleure visibilit\u00e9. Les mat\u00e9riaux recycl\u00e9s GRS comprennent le tissu principal, la doublure, la sangle et les fermetures \u00e9clair. Capacit\u00e9\u00a0: 20\u00a0litres. Sans PVC.<\/p>","protected":false},"featured_media":541069,"template":"","meta":{"_eb_attr":""},"product_brand":[],"product_cat":[159],"product_tag":[837,1374,2654,784,3380,2754,3381,1798,758],"class_list":{"0":"post-541102","1":"product","2":"type-product","3":"status-publish","4":"has-post-thumbnail","6":"product_cat-sacs","7":"product_tag-durable","8":"product_tag-etanche","9":"product_tag-grs","10":"product_tag-ordinateur-portable","11":"product_tag-partie-superieure-enroulable","12":"product_tag-recyclee","13":"product_tag-resistante","14":"product_tag-sacoche","15":"product_tag-velo","16":"pa_couleurs-noir","17":"pa_green-points-2652","18":"pa_matiere-polyester-recycle-certifie-grs","20":"first","21":"instock","22":"shipping-taxable","23":"purchasable","24":"product-type-variable"},"yoast_head":"<!-- This site is optimized with the Yoast SEO plugin v27.4 - https:\/\/yoast.com\/product\/yoast-seo-wordpress\/ -->\n<title>Sacoche de v\u00e9lo Aqua de 20\u00a0L avec dessus enroulable 15&quot; recycl\u00e9e certifi\u00e9e GRS r\u00e9sistante \u00e0 l&#039;eau - PERLE IN<\/title>\n<meta name=\"robots\" content=\"noindex, follow, max-snippet:-1, max-image-preview:large, max-video-preview:-1\" \/>\n<meta property=\"og:locale\" content=\"en_US\" \/>\n<meta property=\"og:type\" content=\"article\" \/>\n<meta property=\"og:title\" content=\"Sacoche de v\u00e9lo Aqua de 20\u00a0L avec dessus enroulable 15&quot; recycl\u00e9e certifi\u00e9e GRS r\u00e9sistante \u00e0 l&#039;eau - PERLE IN\" \/>\n<meta property=\"og:description\" content=\"Sacoche de v\u00e9lo \u00e0 roulettes r\u00e9sistante \u00e0 l&#039;eau, fabriqu\u00e9e \u00e0 partir de mat\u00e9riaux recycl\u00e9s certifi\u00e9s GRS. Elle comporte un compartiment matelass\u00e9 pour ordinateur portable de 15\u00a0pouces, de multiples poches de rangement, une fermeture r\u00e9glable par crochets et boucles pour faciliter l&#039;installation sur divers v\u00e9los, et des bandes r\u00e9fl\u00e9chissantes pour une meilleure visibilit\u00e9. Les mat\u00e9riaux recycl\u00e9s GRS comprennent le tissu principal, la doublure, la sangle et les fermetures \u00e9clair. Capacit\u00e9\u00a0: 20\u00a0litres. Sans PVC.\" \/>\n<meta property=\"og:url\" content=\"https:\/\/perle-in.com\/en\/product\/sacoche-de-velo-aqua-de-20-l-avec-dessus-enroulable-15-recyclee-certifiee-grs-resistante-a-leau\/\" \/>\n<meta property=\"og:site_name\" content=\"PERLE IN\" \/>\n<meta property=\"article:modified_time\" content=\"2025-10-19T03:47:33+00:00\" \/>\n<meta property=\"og:image\" content=\"https:\/\/perle-in.com\/wp-content\/uploads\/2025\/10\/13005090-1.jpg\" \/>\n\t<meta property=\"og:image:width\" content=\"1600\" \/>\n\t<meta property=\"og:image:height\" content=\"1600\" \/>\n\t<meta property=\"og:image:type\" content=\"image\/jpeg\" \/>\n<meta name=\"twitter:card\" content=\"summary_large_image\" \/>\n<script type=\"application\/ld+json\" class=\"yoast-schema-graph\">{\"@context\":\"https:\\\/\\\/schema.org\",\"@graph\":[{\"@type\":\"WebPage\",\"@id\":\"https:\\\/\\\/perle-in.com\\\/produit\\\/sacoche-de-velo-aqua-de-20-l-avec-dessus-enroulable-15-recyclee-certifiee-grs-resistante-a-leau\\\/\",\"url\":\"https:\\\/\\\/perle-in.com\\\/produit\\\/sacoche-de-velo-aqua-de-20-l-avec-dessus-enroulable-15-recyclee-certifiee-grs-resistante-a-leau\\\/\",\"name\":\"Sacoche de v\u00e9lo Aqua de 20\u00a0L avec dessus enroulable 15\\\" recycl\u00e9e certifi\u00e9e GRS r\u00e9sistante \u00e0 l'eau - PERLE IN\",\"isPartOf\":{\"@id\":\"https:\\\/\\\/perle-in.com\\\/#website\"},\"primaryImageOfPage\":{\"@id\":\"https:\\\/\\\/perle-in.com\\\/produit\\\/sacoche-de-velo-aqua-de-20-l-avec-dessus-enroulable-15-recyclee-certifiee-grs-resistante-a-leau\\\/#primaryimage\"},\"image\":{\"@id\":\"https:\\\/\\\/perle-in.com\\\/produit\\\/sacoche-de-velo-aqua-de-20-l-avec-dessus-enroulable-15-recyclee-certifiee-grs-resistante-a-leau\\\/#primaryimage\"},\"thumbnailUrl\":\"https:\\\/\\\/perle-in.com\\\/wp-content\\\/uploads\\\/2025\\\/10\\\/13005090-1.jpg\",\"datePublished\":\"2025-10-15T00:46:43+00:00\",\"dateModified\":\"2025-10-19T03:47:33+00:00\",\"breadcrumb\":{\"@id\":\"https:\\\/\\\/perle-in.com\\\/produit\\\/sacoche-de-velo-aqua-de-20-l-avec-dessus-enroulable-15-recyclee-certifiee-grs-resistante-a-leau\\\/#breadcrumb\"},\"inLanguage\":\"en-CA\",\"potentialAction\":[{\"@type\":\"ReadAction\",\"target\":[\"https:\\\/\\\/perle-in.com\\\/produit\\\/sacoche-de-velo-aqua-de-20-l-avec-dessus-enroulable-15-recyclee-certifiee-grs-resistante-a-leau\\\/\"]}]},{\"@type\":\"ImageObject\",\"inLanguage\":\"en-CA\",\"@id\":\"https:\\\/\\\/perle-in.com\\\/produit\\\/sacoche-de-velo-aqua-de-20-l-avec-dessus-enroulable-15-recyclee-certifiee-grs-resistante-a-leau\\\/#primaryimage\",\"url\":\"https:\\\/\\\/perle-in.com\\\/wp-content\\\/uploads\\\/2025\\\/10\\\/13005090-1.jpg\",\"contentUrl\":\"https:\\\/\\\/perle-in.com\\\/wp-content\\\/uploads\\\/2025\\\/10\\\/13005090-1.jpg\",\"width\":1600,\"height\":1600},{\"@type\":\"BreadcrumbList\",\"@id\":\"https:\\\/\\\/perle-in.com\\\/produit\\\/sacoche-de-velo-aqua-de-20-l-avec-dessus-enroulable-15-recyclee-certifiee-grs-resistante-a-leau\\\/#breadcrumb\",\"itemListElement\":[{\"@type\":\"ListItem\",\"position\":1,\"name\":\"Accueil\",\"item\":\"https:\\\/\\\/perle-in.com\\\/\"},{\"@type\":\"ListItem\",\"position\":2,\"name\":\"Boutique\",\"item\":\"https:\\\/\\\/perle-in.com\\\/boutique\\\/\"},{\"@type\":\"ListItem\",\"position\":3,\"name\":\"Sacoche de v\u00e9lo Aqua de 20\u00a0L avec dessus enroulable 15&#8243; recycl\u00e9e certifi\u00e9e GRS r\u00e9sistante \u00e0 l&#8217;eau\"}]},{\"@type\":\"WebSite\",\"@id\":\"https:\\\/\\\/perle-in.com\\\/#website\",\"url\":\"https:\\\/\\\/perle-in.com\\\/\",\"name\":\"PERLE IN\",\"description\":\"\",\"publisher\":{\"@id\":\"https:\\\/\\\/perle-in.com\\\/#organization\"},\"potentialAction\":[{\"@type\":\"SearchAction\",\"target\":{\"@type\":\"EntryPoint\",\"urlTemplate\":\"https:\\\/\\\/perle-in.com\\\/?s={search_term_string}\"},\"query-input\":{\"@type\":\"PropertyValueSpecification\",\"valueRequired\":true,\"valueName\":\"search_term_string\"}}],\"inLanguage\":\"en-CA\"},{\"@type\":\"Organization\",\"@id\":\"https:\\\/\\\/perle-in.com\\\/#organization\",\"name\":\"PERLE IN\",\"url\":\"https:\\\/\\\/perle-in.com\\\/\",\"logo\":{\"@type\":\"ImageObject\",\"inLanguage\":\"en-CA\",\"@id\":\"https:\\\/\\\/perle-in.com\\\/#\\\/schema\\\/logo\\\/image\\\/\",\"url\":\"https:\\\/\\\/perle-in.com\\\/wp-content\\\/uploads\\\/2022\\\/12\\\/LOGO-PERLE-IN-COULEUR@3x.webp\",\"contentUrl\":\"https:\\\/\\\/perle-in.com\\\/wp-content\\\/uploads\\\/2022\\\/12\\\/LOGO-PERLE-IN-COULEUR@3x.webp\",\"width\":1600,\"height\":490,\"caption\":\"PERLE IN\"},\"image\":{\"@id\":\"https:\\\/\\\/perle-in.com\\\/#\\\/schema\\\/logo\\\/image\\\/\"}}]}<\/script>\n<!-- \/ Yoast SEO plugin. -->","yoast_head_json":{"title":"Sacoche de v\u00e9lo Aqua de 20\u00a0L avec dessus enroulable 15\" recycl\u00e9e certifi\u00e9e GRS r\u00e9sistante \u00e0 l'eau - PERLE IN","robots":{"index":"noindex","follow":"follow","max-snippet":"max-snippet:-1","max-image-preview":"max-image-preview:large","max-video-preview":"max-video-preview:-1"},"og_locale":"en_US","og_type":"article","og_title":"Sacoche de v\u00e9lo Aqua de 20\u00a0L avec dessus enroulable 15\" recycl\u00e9e certifi\u00e9e GRS r\u00e9sistante \u00e0 l'eau - PERLE IN","og_description":"Sacoche de v\u00e9lo \u00e0 roulettes r\u00e9sistante \u00e0 l'eau, fabriqu\u00e9e \u00e0 partir de mat\u00e9riaux recycl\u00e9s certifi\u00e9s GRS. Elle comporte un compartiment matelass\u00e9 pour ordinateur portable de 15\u00a0pouces, de multiples poches de rangement, une fermeture r\u00e9glable par crochets et boucles pour faciliter l'installation sur divers v\u00e9los, et des bandes r\u00e9fl\u00e9chissantes pour une meilleure visibilit\u00e9. Les mat\u00e9riaux recycl\u00e9s GRS comprennent le tissu principal, la doublure, la sangle et les fermetures \u00e9clair. Capacit\u00e9\u00a0: 20\u00a0litres. Sans PVC.","og_url":"https:\/\/perle-in.com\/en\/product\/sacoche-de-velo-aqua-de-20-l-avec-dessus-enroulable-15-recyclee-certifiee-grs-resistante-a-leau\/","og_site_name":"PERLE IN","article_modified_time":"2025-10-19T03:47:33+00:00","og_image":[{"width":1600,"height":1600,"url":"https:\/\/perle-in.com\/wp-content\/uploads\/2025\/10\/13005090-1.jpg","type":"image\/jpeg"}],"twitter_card":"summary_large_image","schema":{"@context":"https:\/\/schema.org","@graph":[{"@type":"WebPage","@id":"https:\/\/perle-in.com\/produit\/sacoche-de-velo-aqua-de-20-l-avec-dessus-enroulable-15-recyclee-certifiee-grs-resistante-a-leau\/","url":"https:\/\/perle-in.com\/produit\/sacoche-de-velo-aqua-de-20-l-avec-dessus-enroulable-15-recyclee-certifiee-grs-resistante-a-leau\/","name":"Sacoche de v\u00e9lo Aqua de 20\u00a0L avec dessus enroulable 15\" recycl\u00e9e certifi\u00e9e GRS r\u00e9sistante \u00e0 l'eau - PERLE IN","isPartOf":{"@id":"https:\/\/perle-in.com\/#website"},"primaryImageOfPage":{"@id":"https:\/\/perle-in.com\/produit\/sacoche-de-velo-aqua-de-20-l-avec-dessus-enroulable-15-recyclee-certifiee-grs-resistante-a-leau\/#primaryimage"},"image":{"@id":"https:\/\/perle-in.com\/produit\/sacoche-de-velo-aqua-de-20-l-avec-dessus-enroulable-15-recyclee-certifiee-grs-resistante-a-leau\/#primaryimage"},"thumbnailUrl":"https:\/\/perle-in.com\/wp-content\/uploads\/2025\/10\/13005090-1.jpg","datePublished":"2025-10-15T00:46:43+00:00","dateModified":"2025-10-19T03:47:33+00:00","breadcrumb":{"@id":"https:\/\/perle-in.com\/produit\/sacoche-de-velo-aqua-de-20-l-avec-dessus-enroulable-15-recyclee-certifiee-grs-resistante-a-leau\/#breadcrumb"},"inLanguage":"en-CA","potentialAction":[{"@type":"ReadAction","target":["https:\/\/perle-in.com\/produit\/sacoche-de-velo-aqua-de-20-l-avec-dessus-enroulable-15-recyclee-certifiee-grs-resistante-a-leau\/"]}]},{"@type":"ImageObject","inLanguage":"en-CA","@id":"https:\/\/perle-in.com\/produit\/sacoche-de-velo-aqua-de-20-l-avec-dessus-enroulable-15-recyclee-certifiee-grs-resistante-a-leau\/#primaryimage","url":"https:\/\/perle-in.com\/wp-content\/uploads\/2025\/10\/13005090-1.jpg","contentUrl":"https:\/\/perle-in.com\/wp-content\/uploads\/2025\/10\/13005090-1.jpg","width":1600,"height":1600},{"@type":"BreadcrumbList","@id":"https:\/\/perle-in.com\/produit\/sacoche-de-velo-aqua-de-20-l-avec-dessus-enroulable-15-recyclee-certifiee-grs-resistante-a-leau\/#breadcrumb","itemListElement":[{"@type":"ListItem","position":1,"name":"Accueil","item":"https:\/\/perle-in.com\/"},{"@type":"ListItem","position":2,"name":"Boutique","item":"https:\/\/perle-in.com\/boutique\/"},{"@type":"ListItem","position":3,"name":"Sacoche de v\u00e9lo Aqua de 20\u00a0L avec dessus enroulable 15&#8243; recycl\u00e9e certifi\u00e9e GRS r\u00e9sistante \u00e0 l&#8217;eau"}]},{"@type":"WebSite","@id":"https:\/\/perle-in.com\/#website","url":"https:\/\/perle-in.com\/","name":"PERLE IN","description":"","publisher":{"@id":"https:\/\/perle-in.com\/#organization"},"potentialAction":[{"@type":"SearchAction","target":{"@type":"EntryPoint","urlTemplate":"https:\/\/perle-in.com\/?s={search_term_string}"},"query-input":{"@type":"PropertyValueSpecification","valueRequired":true,"valueName":"search_term_string"}}],"inLanguage":"en-CA"},{"@type":"Organization","@id":"https:\/\/perle-in.com\/#organization","name":"PERLE IN","url":"https:\/\/perle-in.com\/","logo":{"@type":"ImageObject","inLanguage":"en-CA","@id":"https:\/\/perle-in.com\/#\/schema\/logo\/image\/","url":"https:\/\/perle-in.com\/wp-content\/uploads\/2022\/12\/LOGO-PERLE-IN-COULEUR@3x.webp","contentUrl":"https:\/\/perle-in.com\/wp-content\/uploads\/2022\/12\/LOGO-PERLE-IN-COULEUR@3x.webp","width":1600,"height":490,"caption":"PERLE IN"},"image":{"@id":"https:\/\/perle-in.com\/#\/schema\/logo\/image\/"}}]}},"jetpack_sharing_enabled":true,"_links":{"self":[{"href":"https:\/\/perle-in.com\/en\/wp-json\/wp\/v2\/product\/541102","targetHints":{"allow":["GET"]}}],"collection":[{"href":"https:\/\/perle-in.com\/en\/wp-json\/wp\/v2\/product"}],"about":[{"href":"https:\/\/perle-in.com\/en\/wp-json\/wp\/v2\/types\/product"}],"version-history":[{"count":0,"href":"https:\/\/perle-in.com\/en\/wp-json\/wp\/v2\/product\/541102\/revisions"}],"wp:featuredmedia":[{"embeddable":true,"href":"https:\/\/perle-in.com\/en\/wp-json\/wp\/v2\/media\/541069"}],"wp:attachment":[{"href":"https:\/\/perle-in.com\/en\/wp-json\/wp\/v2\/media?parent=541102"}],"wp:term":[{"taxonomy":"product_brand","embeddable":true,"href":"https:\/\/perle-in.com\/en\/wp-json\/wp\/v2\/product_brand?post=541102"},{"taxonomy":"product_cat","embeddable":true,"href":"https:\/\/perle-in.com\/en\/wp-json\/wp\/v2\/product_cat?post=541102"},{"taxonomy":"product_tag","embeddable":true,"href":"https:\/\/perle-in.com\/en\/wp-json\/wp\/v2\/product_tag?post=541102"}],"curies":[{"name":"wp","href":"https:\/\/api.w.org\/{rel}","templated":true}]}}