{"id":541021,"date":"2025-10-15T02:45:39","date_gmt":"2025-10-15T00:45:39","guid":{"rendered":"https:\/\/perle-in.com\/produit\/sac-a-dos-pheebs-avec-cordon-150-g-m%c2%b2-aware\/"},"modified":"2025-10-19T05:47:33","modified_gmt":"2025-10-19T03:47:33","slug":"sac-a-dos-pheebs-avec-cordon-150-g-m%c2%b2-aware","status":"publish","type":"product","link":"https:\/\/perle-in.com\/en\/product\/sac-a-dos-pheebs-avec-cordon-150-g-m%c2%b2-aware\/","title":{"rendered":"Sac \u00e0 dos Pheebs avec cordon 150 g\/m\u00b2 Aware\u2122"},"content":{"rendered":"","protected":false},"excerpt":{"rendered":"<p>Sac \u00e0 dos avec cordon de serrage en m\u00e9lange coton polyester recycl\u00e9 de 150\u00a0g\/m\u00b2. Grand compartiment principal avec fermeture \u00e0 cordon de serrage en coton de couleur naturelle. Le coton recycl\u00e9 est fabriqu\u00e9 \u00e0 partir de d\u00e9chets de pr\u00e9-consommation g\u00e9n\u00e9r\u00e9s par les usines textiles pendant le processus de coupe. Des couleurs similaires sont m\u00e9lang\u00e9es entre elles, ce qui signifie qu&#8217;aucune teinture suppl\u00e9mentaire n&#8217;est n\u00e9cessaire. En raison de la nature du coton recycl\u00e9, il peut y avoir une tr\u00e8s l\u00e9g\u00e8re variation de couleur. Cette caract\u00e9ristique contribue incontestablement \u00e0 une apparence plus authentique. Chaque sac \u00e0 dos est \u00e9galement accompagn\u00e9 d&#8217;un traceur Aware\u2122. Cette fonction innovante permet aux utilisateurs de retracer l&#8217;origine et le parcours de leur article au moyen d&#8217;un code QR, ce qui accro\u00eet la transparence de la cha\u00eene d&#8217;approvisionnement et favorise un lien plus \u00e9troit entre le produit et son processus de production. Capacit\u00e9 de charge maximale de 5 kg. Longueur de la poign\u00e9e\u00a0: 14 cm.<\/p>","protected":false},"featured_media":540987,"template":"","meta":{"_eb_attr":""},"product_brand":[],"product_cat":[159,956],"product_tag":[1111,837,1991,836,1347,237],"class_list":{"0":"post-541021","1":"product","2":"type-product","3":"status-publish","4":"has-post-thumbnail","6":"product_cat-sacs","7":"product_cat-sacs-a-dos-ficelle","8":"product_tag-cordon-de-serrage","9":"product_tag-durable","10":"product_tag-gymnastique","11":"product_tag-recycle","12":"product_tag-sac-a-dos","13":"product_tag-sports","14":"pa_couleurs-bleu-bruyere","15":"pa_couleurs-naturel","16":"pa_couleurs-noir-chine","17":"pa_green-points-2830","18":"pa_matiere-coton-recycle-polyester-recycle-150-g-m2","19":"pa_pays-d-origine-inde","21":"first","22":"instock","23":"shipping-taxable","24":"purchasable","25":"product-type-variable"},"yoast_head":"<!-- This site is optimized with the Yoast SEO plugin v27.4 - https:\/\/yoast.com\/product\/yoast-seo-wordpress\/ -->\n<title>Sac \u00e0 dos Pheebs avec cordon 150 g\/m\u00b2 Aware\u2122 - PERLE IN<\/title>\n<meta name=\"robots\" content=\"noindex, follow, max-snippet:-1, max-image-preview:large, max-video-preview:-1\" \/>\n<meta property=\"og:locale\" content=\"en_US\" \/>\n<meta property=\"og:type\" content=\"article\" \/>\n<meta property=\"og:title\" content=\"Sac \u00e0 dos Pheebs avec cordon 150 g\/m\u00b2 Aware\u2122 - PERLE IN\" \/>\n<meta property=\"og:description\" content=\"Sac \u00e0 dos avec cordon de serrage en m\u00e9lange coton polyester recycl\u00e9 de 150\u00a0g\/m\u00b2. Grand compartiment principal avec fermeture \u00e0 cordon de serrage en coton de couleur naturelle. Le coton recycl\u00e9 est fabriqu\u00e9 \u00e0 partir de d\u00e9chets de pr\u00e9-consommation g\u00e9n\u00e9r\u00e9s par les usines textiles pendant le processus de coupe. Des couleurs similaires sont m\u00e9lang\u00e9es entre elles, ce qui signifie qu&#039;aucune teinture suppl\u00e9mentaire n&#039;est n\u00e9cessaire. En raison de la nature du coton recycl\u00e9, il peut y avoir une tr\u00e8s l\u00e9g\u00e8re variation de couleur. Cette caract\u00e9ristique contribue incontestablement \u00e0 une apparence plus authentique. Chaque sac \u00e0 dos est \u00e9galement accompagn\u00e9 d&#039;un traceur Aware\u2122. Cette fonction innovante permet aux utilisateurs de retracer l&#039;origine et le parcours de leur article au moyen d&#039;un code QR, ce qui accro\u00eet la transparence de la cha\u00eene d&#039;approvisionnement et favorise un lien plus \u00e9troit entre le produit et son processus de production. Capacit\u00e9 de charge maximale de 5 kg. Longueur de la poign\u00e9e\u00a0: 14 cm.\" \/>\n<meta property=\"og:url\" content=\"https:\/\/perle-in.com\/en\/product\/sac-a-dos-pheebs-avec-cordon-150-g-m\u00b2-aware\/\" \/>\n<meta property=\"og:site_name\" content=\"PERLE IN\" \/>\n<meta property=\"article:modified_time\" content=\"2025-10-19T03:47:33+00:00\" \/>\n<meta property=\"og:image\" content=\"https:\/\/perle-in.com\/wp-content\/uploads\/2025\/10\/12070406-1.jpg\" \/>\n\t<meta property=\"og:image:width\" content=\"1600\" \/>\n\t<meta property=\"og:image:height\" content=\"1600\" \/>\n\t<meta property=\"og:image:type\" content=\"image\/jpeg\" \/>\n<meta name=\"twitter:card\" content=\"summary_large_image\" \/>\n<script type=\"application\/ld+json\" class=\"yoast-schema-graph\">{\"@context\":\"https:\\\/\\\/schema.org\",\"@graph\":[{\"@type\":\"WebPage\",\"@id\":\"https:\\\/\\\/perle-in.com\\\/produit\\\/sac-a-dos-pheebs-avec-cordon-150-g-m%c2%b2-aware\\\/\",\"url\":\"https:\\\/\\\/perle-in.com\\\/produit\\\/sac-a-dos-pheebs-avec-cordon-150-g-m%c2%b2-aware\\\/\",\"name\":\"Sac \u00e0 dos Pheebs avec cordon 150 g\\\/m\u00b2 Aware\u2122 - PERLE IN\",\"isPartOf\":{\"@id\":\"https:\\\/\\\/perle-in.com\\\/#website\"},\"primaryImageOfPage\":{\"@id\":\"https:\\\/\\\/perle-in.com\\\/produit\\\/sac-a-dos-pheebs-avec-cordon-150-g-m%c2%b2-aware\\\/#primaryimage\"},\"image\":{\"@id\":\"https:\\\/\\\/perle-in.com\\\/produit\\\/sac-a-dos-pheebs-avec-cordon-150-g-m%c2%b2-aware\\\/#primaryimage\"},\"thumbnailUrl\":\"https:\\\/\\\/perle-in.com\\\/wp-content\\\/uploads\\\/2025\\\/10\\\/12070406-1.jpg\",\"datePublished\":\"2025-10-15T00:45:39+00:00\",\"dateModified\":\"2025-10-19T03:47:33+00:00\",\"breadcrumb\":{\"@id\":\"https:\\\/\\\/perle-in.com\\\/produit\\\/sac-a-dos-pheebs-avec-cordon-150-g-m%c2%b2-aware\\\/#breadcrumb\"},\"inLanguage\":\"en-CA\",\"potentialAction\":[{\"@type\":\"ReadAction\",\"target\":[\"https:\\\/\\\/perle-in.com\\\/produit\\\/sac-a-dos-pheebs-avec-cordon-150-g-m%c2%b2-aware\\\/\"]}]},{\"@type\":\"ImageObject\",\"inLanguage\":\"en-CA\",\"@id\":\"https:\\\/\\\/perle-in.com\\\/produit\\\/sac-a-dos-pheebs-avec-cordon-150-g-m%c2%b2-aware\\\/#primaryimage\",\"url\":\"https:\\\/\\\/perle-in.com\\\/wp-content\\\/uploads\\\/2025\\\/10\\\/12070406-1.jpg\",\"contentUrl\":\"https:\\\/\\\/perle-in.com\\\/wp-content\\\/uploads\\\/2025\\\/10\\\/12070406-1.jpg\",\"width\":1600,\"height\":1600},{\"@type\":\"BreadcrumbList\",\"@id\":\"https:\\\/\\\/perle-in.com\\\/produit\\\/sac-a-dos-pheebs-avec-cordon-150-g-m%c2%b2-aware\\\/#breadcrumb\",\"itemListElement\":[{\"@type\":\"ListItem\",\"position\":1,\"name\":\"Accueil\",\"item\":\"https:\\\/\\\/perle-in.com\\\/\"},{\"@type\":\"ListItem\",\"position\":2,\"name\":\"Boutique\",\"item\":\"https:\\\/\\\/perle-in.com\\\/boutique\\\/\"},{\"@type\":\"ListItem\",\"position\":3,\"name\":\"Sac \u00e0 dos Pheebs avec cordon 150 g\\\/m\u00b2 Aware\u2122\"}]},{\"@type\":\"WebSite\",\"@id\":\"https:\\\/\\\/perle-in.com\\\/#website\",\"url\":\"https:\\\/\\\/perle-in.com\\\/\",\"name\":\"PERLE IN\",\"description\":\"\",\"publisher\":{\"@id\":\"https:\\\/\\\/perle-in.com\\\/#organization\"},\"potentialAction\":[{\"@type\":\"SearchAction\",\"target\":{\"@type\":\"EntryPoint\",\"urlTemplate\":\"https:\\\/\\\/perle-in.com\\\/?s={search_term_string}\"},\"query-input\":{\"@type\":\"PropertyValueSpecification\",\"valueRequired\":true,\"valueName\":\"search_term_string\"}}],\"inLanguage\":\"en-CA\"},{\"@type\":\"Organization\",\"@id\":\"https:\\\/\\\/perle-in.com\\\/#organization\",\"name\":\"PERLE IN\",\"url\":\"https:\\\/\\\/perle-in.com\\\/\",\"logo\":{\"@type\":\"ImageObject\",\"inLanguage\":\"en-CA\",\"@id\":\"https:\\\/\\\/perle-in.com\\\/#\\\/schema\\\/logo\\\/image\\\/\",\"url\":\"https:\\\/\\\/perle-in.com\\\/wp-content\\\/uploads\\\/2022\\\/12\\\/LOGO-PERLE-IN-COULEUR@3x.webp\",\"contentUrl\":\"https:\\\/\\\/perle-in.com\\\/wp-content\\\/uploads\\\/2022\\\/12\\\/LOGO-PERLE-IN-COULEUR@3x.webp\",\"width\":1600,\"height\":490,\"caption\":\"PERLE IN\"},\"image\":{\"@id\":\"https:\\\/\\\/perle-in.com\\\/#\\\/schema\\\/logo\\\/image\\\/\"}}]}<\/script>\n<!-- \/ Yoast SEO plugin. -->","yoast_head_json":{"title":"Sac \u00e0 dos Pheebs avec cordon 150 g\/m\u00b2 Aware\u2122 - PERLE IN","robots":{"index":"noindex","follow":"follow","max-snippet":"max-snippet:-1","max-image-preview":"max-image-preview:large","max-video-preview":"max-video-preview:-1"},"og_locale":"en_US","og_type":"article","og_title":"Sac \u00e0 dos Pheebs avec cordon 150 g\/m\u00b2 Aware\u2122 - PERLE IN","og_description":"Sac \u00e0 dos avec cordon de serrage en m\u00e9lange coton polyester recycl\u00e9 de 150\u00a0g\/m\u00b2. Grand compartiment principal avec fermeture \u00e0 cordon de serrage en coton de couleur naturelle. Le coton recycl\u00e9 est fabriqu\u00e9 \u00e0 partir de d\u00e9chets de pr\u00e9-consommation g\u00e9n\u00e9r\u00e9s par les usines textiles pendant le processus de coupe. Des couleurs similaires sont m\u00e9lang\u00e9es entre elles, ce qui signifie qu'aucune teinture suppl\u00e9mentaire n'est n\u00e9cessaire. En raison de la nature du coton recycl\u00e9, il peut y avoir une tr\u00e8s l\u00e9g\u00e8re variation de couleur. Cette caract\u00e9ristique contribue incontestablement \u00e0 une apparence plus authentique. Chaque sac \u00e0 dos est \u00e9galement accompagn\u00e9 d'un traceur Aware\u2122. Cette fonction innovante permet aux utilisateurs de retracer l'origine et le parcours de leur article au moyen d'un code QR, ce qui accro\u00eet la transparence de la cha\u00eene d'approvisionnement et favorise un lien plus \u00e9troit entre le produit et son processus de production. Capacit\u00e9 de charge maximale de 5 kg. Longueur de la poign\u00e9e\u00a0: 14 cm.","og_url":"https:\/\/perle-in.com\/en\/product\/sac-a-dos-pheebs-avec-cordon-150-g-m\u00b2-aware\/","og_site_name":"PERLE IN","article_modified_time":"2025-10-19T03:47:33+00:00","og_image":[{"width":1600,"height":1600,"url":"https:\/\/perle-in.com\/wp-content\/uploads\/2025\/10\/12070406-1.jpg","type":"image\/jpeg"}],"twitter_card":"summary_large_image","schema":{"@context":"https:\/\/schema.org","@graph":[{"@type":"WebPage","@id":"https:\/\/perle-in.com\/produit\/sac-a-dos-pheebs-avec-cordon-150-g-m%c2%b2-aware\/","url":"https:\/\/perle-in.com\/produit\/sac-a-dos-pheebs-avec-cordon-150-g-m%c2%b2-aware\/","name":"Sac \u00e0 dos Pheebs avec cordon 150 g\/m\u00b2 Aware\u2122 - PERLE IN","isPartOf":{"@id":"https:\/\/perle-in.com\/#website"},"primaryImageOfPage":{"@id":"https:\/\/perle-in.com\/produit\/sac-a-dos-pheebs-avec-cordon-150-g-m%c2%b2-aware\/#primaryimage"},"image":{"@id":"https:\/\/perle-in.com\/produit\/sac-a-dos-pheebs-avec-cordon-150-g-m%c2%b2-aware\/#primaryimage"},"thumbnailUrl":"https:\/\/perle-in.com\/wp-content\/uploads\/2025\/10\/12070406-1.jpg","datePublished":"2025-10-15T00:45:39+00:00","dateModified":"2025-10-19T03:47:33+00:00","breadcrumb":{"@id":"https:\/\/perle-in.com\/produit\/sac-a-dos-pheebs-avec-cordon-150-g-m%c2%b2-aware\/#breadcrumb"},"inLanguage":"en-CA","potentialAction":[{"@type":"ReadAction","target":["https:\/\/perle-in.com\/produit\/sac-a-dos-pheebs-avec-cordon-150-g-m%c2%b2-aware\/"]}]},{"@type":"ImageObject","inLanguage":"en-CA","@id":"https:\/\/perle-in.com\/produit\/sac-a-dos-pheebs-avec-cordon-150-g-m%c2%b2-aware\/#primaryimage","url":"https:\/\/perle-in.com\/wp-content\/uploads\/2025\/10\/12070406-1.jpg","contentUrl":"https:\/\/perle-in.com\/wp-content\/uploads\/2025\/10\/12070406-1.jpg","width":1600,"height":1600},{"@type":"BreadcrumbList","@id":"https:\/\/perle-in.com\/produit\/sac-a-dos-pheebs-avec-cordon-150-g-m%c2%b2-aware\/#breadcrumb","itemListElement":[{"@type":"ListItem","position":1,"name":"Accueil","item":"https:\/\/perle-in.com\/"},{"@type":"ListItem","position":2,"name":"Boutique","item":"https:\/\/perle-in.com\/boutique\/"},{"@type":"ListItem","position":3,"name":"Sac \u00e0 dos Pheebs avec cordon 150 g\/m\u00b2 Aware\u2122"}]},{"@type":"WebSite","@id":"https:\/\/perle-in.com\/#website","url":"https:\/\/perle-in.com\/","name":"PERLE IN","description":"","publisher":{"@id":"https:\/\/perle-in.com\/#organization"},"potentialAction":[{"@type":"SearchAction","target":{"@type":"EntryPoint","urlTemplate":"https:\/\/perle-in.com\/?s={search_term_string}"},"query-input":{"@type":"PropertyValueSpecification","valueRequired":true,"valueName":"search_term_string"}}],"inLanguage":"en-CA"},{"@type":"Organization","@id":"https:\/\/perle-in.com\/#organization","name":"PERLE IN","url":"https:\/\/perle-in.com\/","logo":{"@type":"ImageObject","inLanguage":"en-CA","@id":"https:\/\/perle-in.com\/#\/schema\/logo\/image\/","url":"https:\/\/perle-in.com\/wp-content\/uploads\/2022\/12\/LOGO-PERLE-IN-COULEUR@3x.webp","contentUrl":"https:\/\/perle-in.com\/wp-content\/uploads\/2022\/12\/LOGO-PERLE-IN-COULEUR@3x.webp","width":1600,"height":490,"caption":"PERLE IN"},"image":{"@id":"https:\/\/perle-in.com\/#\/schema\/logo\/image\/"}}]}},"jetpack_sharing_enabled":true,"_links":{"self":[{"href":"https:\/\/perle-in.com\/en\/wp-json\/wp\/v2\/product\/541021","targetHints":{"allow":["GET"]}}],"collection":[{"href":"https:\/\/perle-in.com\/en\/wp-json\/wp\/v2\/product"}],"about":[{"href":"https:\/\/perle-in.com\/en\/wp-json\/wp\/v2\/types\/product"}],"version-history":[{"count":0,"href":"https:\/\/perle-in.com\/en\/wp-json\/wp\/v2\/product\/541021\/revisions"}],"wp:featuredmedia":[{"embeddable":true,"href":"https:\/\/perle-in.com\/en\/wp-json\/wp\/v2\/media\/540987"}],"wp:attachment":[{"href":"https:\/\/perle-in.com\/en\/wp-json\/wp\/v2\/media?parent=541021"}],"wp:term":[{"taxonomy":"product_brand","embeddable":true,"href":"https:\/\/perle-in.com\/en\/wp-json\/wp\/v2\/product_brand?post=541021"},{"taxonomy":"product_cat","embeddable":true,"href":"https:\/\/perle-in.com\/en\/wp-json\/wp\/v2\/product_cat?post=541021"},{"taxonomy":"product_tag","embeddable":true,"href":"https:\/\/perle-in.com\/en\/wp-json\/wp\/v2\/product_tag?post=541021"}],"curies":[{"name":"wp","href":"https:\/\/api.w.org\/{rel}","templated":true}]}}